{"id":978006,"date":"2024-01-29T09:35:29","date_gmt":"2024-01-29T08:35:29","guid":{"rendered":"https:\/\/hubsch-interior.com\/product\/product\/"},"modified":"2026-05-02T05:06:37","modified_gmt":"2026-05-02T03:06:37","slug":"solid-gulvlampe-sand","status":"publish","type":"product","link":"https:\/\/hubsch-interior.com\/da\/vare\/solid-gulvlampe-sand\/","title":{"rendered":"Solid Gulvlampe Sand"},"content":{"rendered":"<p>Solid Gulvlampen er en elegant tilf\u00f8jelse til dit hjem, som vil tilf\u00f8re en unik stemning til ethvert rum. Den sandfarvede lampesk\u00e6rm er lavet af akryl, som giver et bl\u00f8dt og behageligt lys, mens den robuste jernbase sikrer stabilitet. Som en del af Solid-serien kan den let kombineres med Solid Pendellampen og passer godt sammen med en r\u00e6kke andre materialer og produkter. Den minimalistiske og stilfulde udformning g\u00f8r det nemt at style og vil tilf\u00f8je et strejf af elegance til enhver indretning. Oplev den enest\u00e5ende kombination af funktionalitet og \u00e6stetik med Solid Gulvlampen.<\/p>\n","protected":false},"excerpt":{"rendered":"<p>Solid Gulvlampen er en elegant tilf\u00f8jelse til dit hjem, som vil tilf\u00f8re en unik stemning til ethvert rum. Den sandfarvede lampesk\u00e6rm er lavet af akryl, som giver et bl\u00f8dt og behageligt lys, mens den robuste jernbase sikrer stabilitet. Som en del af Solid-serien kan den let kombineres med Solid Pendellampen og passer godt sammen med [&hellip;]<\/p>\n","protected":false},"featured_media":1107122,"template":"","meta":{"_acf_changed":false,"inline_featured_image":false},"product_brand":[],"product_cat":[6880,6899,3808,3495,5025,5029],"product_tag":[],"class_list":{"0":"post-978006","1":"product","2":"type-product","3":"status-publish","4":"has-post-thumbnail","6":"product_cat-elevating-nostalgia-da","7":"product_cat-funktionel-belysning-da","8":"product_cat-belysning","9":"product_cat-gulvlamper-da","10":"product_cat-bestsellers-da","11":"product_cat-tilbage-paa-lager-da","12":"product_shipping_class-p05","14":"pa_color-sand-da","15":"pa_material-glas-da","16":"pa_material-jern-da","18":"first","19":"instock","20":"featured","21":"taxable","22":"shipping-taxable","23":"purchasable","24":"product-type-simple"},"exclude_global_add_ons":[],"addons":[],"acf":[],"yoast_head":"<!-- This site is optimized with the Yoast SEO plugin v26.4 - https:\/\/yoast.com\/wordpress\/plugins\/seo\/ -->\n<title>Solid Gulvlampe Sand - H\u00fcbsch<\/title>\n<meta name=\"description\" content=\"Solid Gulvlampen er en elegant tilf\u00f8jelse til dit hjem, som vil tilf\u00f8re en unik stemning til ethvert rum. Den sandfarvede lampesk\u00e6rm er lavet af akryl,\" \/>\n<meta name=\"robots\" content=\"index, follow, max-snippet:-1, max-image-preview:large, max-video-preview:-1\" \/>\n<link rel=\"canonical\" href=\"https:\/\/hubsch-interior.com\/da\/wp-json\/wp\/v2\/product\/978006\" \/>\n<meta property=\"og:locale\" content=\"da_DK\" \/>\n<meta property=\"og:type\" content=\"article\" \/>\n<meta property=\"og:title\" content=\"Solid Gulvlampe Sand - H\u00fcbsch\" \/>\n<meta property=\"og:description\" content=\"Solid Gulvlampen er en elegant tilf\u00f8jelse til dit hjem, som vil tilf\u00f8re en unik stemning til ethvert rum. Den sandfarvede lampesk\u00e6rm er lavet af akryl,\" \/>\n<meta property=\"og:url\" content=\"https:\/\/hubsch-interior.com\/da\/vare\/solid-gulvlampe-sand\/\" \/>\n<meta property=\"og:site_name\" content=\"H\u00fcbsch\" \/>\n<meta property=\"article:modified_time\" content=\"2026-05-02T03:06:37+00:00\" \/>\n<meta property=\"og:image\" content=\"https:\/\/hubsch-interior.com\/wp-content\/uploads\/2026\/02\/solid-floor-lamp-sand-47a2372f37a762135c5a21feaf8c3994.jpg\" \/>\n\t<meta property=\"og:image:width\" content=\"1024\" \/>\n\t<meta property=\"og:image:height\" content=\"1024\" \/>\n\t<meta property=\"og:image:type\" content=\"image\/jpeg\" \/>\n<meta name=\"twitter:card\" content=\"summary_large_image\" \/>\n<meta name=\"twitter:label1\" content=\"Estimeret l\u00e6setid\" \/>\n\t<meta name=\"twitter:data1\" content=\"1 minut\" \/>\n<script type=\"application\/ld+json\" class=\"yoast-schema-graph\">{\"@context\":\"https:\/\/schema.org\",\"@graph\":[{\"@type\":\"WebPage\",\"@id\":\"https:\/\/hubsch-interior.com\/da\/vare\/solid-gulvlampe-sand\/\",\"url\":\"https:\/\/hubsch-interior.com\/da\/vare\/solid-gulvlampe-sand\/\",\"name\":\"Solid Gulvlampe Sand - H\u00fcbsch\",\"isPartOf\":{\"@id\":\"https:\/\/hubsch-interior.com\/da\/#website\"},\"primaryImageOfPage\":{\"@id\":\"https:\/\/hubsch-interior.com\/da\/vare\/solid-gulvlampe-sand\/#primaryimage\"},\"image\":{\"@id\":\"https:\/\/hubsch-interior.com\/da\/vare\/solid-gulvlampe-sand\/#primaryimage\"},\"thumbnailUrl\":\"https:\/\/hubsch-interior.com\/wp-content\/uploads\/2026\/02\/solid-floor-lamp-sand-47a2372f37a762135c5a21feaf8c3994.jpg\",\"datePublished\":\"2024-01-29T08:35:29+00:00\",\"dateModified\":\"2026-05-02T03:06:37+00:00\",\"description\":\"Solid Gulvlampen er en elegant tilf\u00f8jelse til dit hjem, som vil tilf\u00f8re en unik stemning til ethvert rum. Den sandfarvede lampesk\u00e6rm er lavet af akryl,\",\"breadcrumb\":{\"@id\":\"https:\/\/hubsch-interior.com\/da\/vare\/solid-gulvlampe-sand\/#breadcrumb\"},\"inLanguage\":\"da-DK\",\"potentialAction\":[{\"@type\":\"ReadAction\",\"target\":[\"https:\/\/hubsch-interior.com\/da\/vare\/solid-gulvlampe-sand\/\"]}]},{\"@type\":\"ImageObject\",\"inLanguage\":\"da-DK\",\"@id\":\"https:\/\/hubsch-interior.com\/da\/vare\/solid-gulvlampe-sand\/#primaryimage\",\"url\":\"https:\/\/hubsch-interior.com\/wp-content\/uploads\/2026\/02\/solid-floor-lamp-sand-47a2372f37a762135c5a21feaf8c3994.jpg\",\"contentUrl\":\"https:\/\/hubsch-interior.com\/wp-content\/uploads\/2026\/02\/solid-floor-lamp-sand-47a2372f37a762135c5a21feaf8c3994.jpg\",\"width\":1024,\"height\":1024},{\"@type\":\"BreadcrumbList\",\"@id\":\"https:\/\/hubsch-interior.com\/da\/vare\/solid-gulvlampe-sand\/#breadcrumb\",\"itemListElement\":[{\"@type\":\"ListItem\",\"position\":1,\"name\":\"Forside\",\"item\":\"https:\/\/hubsch-interior.com\/da\/\"},{\"@type\":\"ListItem\",\"position\":2,\"name\":\"Produkter\",\"item\":\"https:\/\/hubsch-interior.com\/da\/produkter\/\"},{\"@type\":\"ListItem\",\"position\":3,\"name\":\"Belysning\",\"item\":\"https:\/\/hubsch-interior.com\/da\/vare-kategori\/belysning\/\"},{\"@type\":\"ListItem\",\"position\":4,\"name\":\"Gulvlamper\",\"item\":\"https:\/\/hubsch-interior.com\/da\/vare-kategori\/belysning\/gulvlamper-da\/\"},{\"@type\":\"ListItem\",\"position\":5,\"name\":\"Solid Gulvlampe Sand\"}]},{\"@type\":\"WebSite\",\"@id\":\"https:\/\/hubsch-interior.com\/da\/#website\",\"url\":\"https:\/\/hubsch-interior.com\/da\/\",\"name\":\"H\u00fcbsch\",\"description\":\"Danish Home Interior and Design\",\"publisher\":{\"@id\":\"https:\/\/hubsch-interior.com\/da\/#organization\"},\"potentialAction\":[{\"@type\":\"SearchAction\",\"target\":{\"@type\":\"EntryPoint\",\"urlTemplate\":\"https:\/\/hubsch-interior.com\/da\/?s={search_term_string}\"},\"query-input\":{\"@type\":\"PropertyValueSpecification\",\"valueRequired\":true,\"valueName\":\"search_term_string\"}}],\"inLanguage\":\"da-DK\"},{\"@type\":\"Organization\",\"@id\":\"https:\/\/hubsch-interior.com\/da\/#organization\",\"name\":\"H\u00fcbsch\",\"url\":\"https:\/\/hubsch-interior.com\/da\/\",\"logo\":{\"@type\":\"ImageObject\",\"inLanguage\":\"da-DK\",\"@id\":\"https:\/\/hubsch-interior.com\/da\/#\/schema\/logo\/image\/\",\"url\":\"https:\/\/hubsch-interior.com\/wp-content\/uploads\/2022\/12\/Hubsch_logo_black_one_line.svg\",\"contentUrl\":\"https:\/\/hubsch-interior.com\/wp-content\/uploads\/2022\/12\/Hubsch_logo_black_one_line.svg\",\"caption\":\"H\u00fcbsch\"},\"image\":{\"@id\":\"https:\/\/hubsch-interior.com\/da\/#\/schema\/logo\/image\/\"}}]}<\/script>\n<!-- \/ Yoast SEO plugin. -->","yoast_head_json":{"title":"Solid Gulvlampe Sand - H\u00fcbsch","description":"Solid Gulvlampen er en elegant tilf\u00f8jelse til dit hjem, som vil tilf\u00f8re en unik stemning til ethvert rum. Den sandfarvede lampesk\u00e6rm er lavet af akryl,","robots":{"index":"index","follow":"follow","max-snippet":"max-snippet:-1","max-image-preview":"max-image-preview:large","max-video-preview":"max-video-preview:-1"},"canonical":"https:\/\/hubsch-interior.com\/da\/wp-json\/wp\/v2\/product\/978006","og_locale":"da_DK","og_type":"article","og_title":"Solid Gulvlampe Sand - H\u00fcbsch","og_description":"Solid Gulvlampen er en elegant tilf\u00f8jelse til dit hjem, som vil tilf\u00f8re en unik stemning til ethvert rum. Den sandfarvede lampesk\u00e6rm er lavet af akryl,","og_url":"https:\/\/hubsch-interior.com\/da\/vare\/solid-gulvlampe-sand\/","og_site_name":"H\u00fcbsch","article_modified_time":"2026-05-02T03:06:37+00:00","og_image":[{"width":1024,"height":1024,"url":"https:\/\/hubsch-interior.com\/wp-content\/uploads\/2026\/02\/solid-floor-lamp-sand-47a2372f37a762135c5a21feaf8c3994.jpg","type":"image\/jpeg"}],"twitter_card":"summary_large_image","twitter_misc":{"Estimeret l\u00e6setid":"1 minut"},"schema":{"@context":"https:\/\/schema.org","@graph":[{"@type":"WebPage","@id":"https:\/\/hubsch-interior.com\/da\/vare\/solid-gulvlampe-sand\/","url":"https:\/\/hubsch-interior.com\/da\/vare\/solid-gulvlampe-sand\/","name":"Solid Gulvlampe Sand - H\u00fcbsch","isPartOf":{"@id":"https:\/\/hubsch-interior.com\/da\/#website"},"primaryImageOfPage":{"@id":"https:\/\/hubsch-interior.com\/da\/vare\/solid-gulvlampe-sand\/#primaryimage"},"image":{"@id":"https:\/\/hubsch-interior.com\/da\/vare\/solid-gulvlampe-sand\/#primaryimage"},"thumbnailUrl":"https:\/\/hubsch-interior.com\/wp-content\/uploads\/2026\/02\/solid-floor-lamp-sand-47a2372f37a762135c5a21feaf8c3994.jpg","datePublished":"2024-01-29T08:35:29+00:00","dateModified":"2026-05-02T03:06:37+00:00","description":"Solid Gulvlampen er en elegant tilf\u00f8jelse til dit hjem, som vil tilf\u00f8re en unik stemning til ethvert rum. Den sandfarvede lampesk\u00e6rm er lavet af akryl,","breadcrumb":{"@id":"https:\/\/hubsch-interior.com\/da\/vare\/solid-gulvlampe-sand\/#breadcrumb"},"inLanguage":"da-DK","potentialAction":[{"@type":"ReadAction","target":["https:\/\/hubsch-interior.com\/da\/vare\/solid-gulvlampe-sand\/"]}]},{"@type":"ImageObject","inLanguage":"da-DK","@id":"https:\/\/hubsch-interior.com\/da\/vare\/solid-gulvlampe-sand\/#primaryimage","url":"https:\/\/hubsch-interior.com\/wp-content\/uploads\/2026\/02\/solid-floor-lamp-sand-47a2372f37a762135c5a21feaf8c3994.jpg","contentUrl":"https:\/\/hubsch-interior.com\/wp-content\/uploads\/2026\/02\/solid-floor-lamp-sand-47a2372f37a762135c5a21feaf8c3994.jpg","width":1024,"height":1024},{"@type":"BreadcrumbList","@id":"https:\/\/hubsch-interior.com\/da\/vare\/solid-gulvlampe-sand\/#breadcrumb","itemListElement":[{"@type":"ListItem","position":1,"name":"Forside","item":"https:\/\/hubsch-interior.com\/da\/"},{"@type":"ListItem","position":2,"name":"Produkter","item":"https:\/\/hubsch-interior.com\/da\/produkter\/"},{"@type":"ListItem","position":3,"name":"Belysning","item":"https:\/\/hubsch-interior.com\/da\/vare-kategori\/belysning\/"},{"@type":"ListItem","position":4,"name":"Gulvlamper","item":"https:\/\/hubsch-interior.com\/da\/vare-kategori\/belysning\/gulvlamper-da\/"},{"@type":"ListItem","position":5,"name":"Solid Gulvlampe Sand"}]},{"@type":"WebSite","@id":"https:\/\/hubsch-interior.com\/da\/#website","url":"https:\/\/hubsch-interior.com\/da\/","name":"H\u00fcbsch","description":"Danish Home Interior and Design","publisher":{"@id":"https:\/\/hubsch-interior.com\/da\/#organization"},"potentialAction":[{"@type":"SearchAction","target":{"@type":"EntryPoint","urlTemplate":"https:\/\/hubsch-interior.com\/da\/?s={search_term_string}"},"query-input":{"@type":"PropertyValueSpecification","valueRequired":true,"valueName":"search_term_string"}}],"inLanguage":"da-DK"},{"@type":"Organization","@id":"https:\/\/hubsch-interior.com\/da\/#organization","name":"H\u00fcbsch","url":"https:\/\/hubsch-interior.com\/da\/","logo":{"@type":"ImageObject","inLanguage":"da-DK","@id":"https:\/\/hubsch-interior.com\/da\/#\/schema\/logo\/image\/","url":"https:\/\/hubsch-interior.com\/wp-content\/uploads\/2022\/12\/Hubsch_logo_black_one_line.svg","contentUrl":"https:\/\/hubsch-interior.com\/wp-content\/uploads\/2022\/12\/Hubsch_logo_black_one_line.svg","caption":"H\u00fcbsch"},"image":{"@id":"https:\/\/hubsch-interior.com\/da\/#\/schema\/logo\/image\/"}}]}},"_links":{"self":[{"href":"https:\/\/hubsch-interior.com\/da\/wp-json\/wp\/v2\/product\/978006","targetHints":{"allow":["GET"]}}],"collection":[{"href":"https:\/\/hubsch-interior.com\/da\/wp-json\/wp\/v2\/product"}],"about":[{"href":"https:\/\/hubsch-interior.com\/da\/wp-json\/wp\/v2\/types\/product"}],"wp:featuredmedia":[{"embeddable":true,"href":"https:\/\/hubsch-interior.com\/da\/wp-json\/wp\/v2\/media\/1107122"}],"wp:attachment":[{"href":"https:\/\/hubsch-interior.com\/da\/wp-json\/wp\/v2\/media?parent=978006"}],"wp:term":[{"taxonomy":"product_brand","embeddable":true,"href":"https:\/\/hubsch-interior.com\/da\/wp-json\/wp\/v2\/product_brand?post=978006"},{"taxonomy":"product_cat","embeddable":true,"href":"https:\/\/hubsch-interior.com\/da\/wp-json\/wp\/v2\/product_cat?post=978006"},{"taxonomy":"product_tag","embeddable":true,"href":"https:\/\/hubsch-interior.com\/da\/wp-json\/wp\/v2\/product_tag?post=978006"}],"curies":[{"name":"wp","href":"https:\/\/api.w.org\/{rel}","templated":true}]}}