{"id":978062,"date":"2024-01-29T09:36:08","date_gmt":"2024-01-29T08:36:08","guid":{"rendered":"https:\/\/hubsch-interior.com\/product\/product\/"},"modified":"2026-04-10T05:19:06","modified_gmt":"2026-04-10T03:19:06","slug":"file-skrivebordsordner-gra","status":"publish","type":"product","link":"https:\/\/hubsch-interior.com\/da\/vare\/file-skrivebordsordner-gra\/","title":{"rendered":"File Skrivebordsordner Gr\u00e5"},"content":{"rendered":"<p>Organisering bliver nemmere og mere stilet med vores File Skrivebordsordner i gr\u00e5t jern. Denne alsidige l\u00f8sning til opbevaring kan ogs\u00e5 fungere som bogholder, s\u00e5 du kan have alle dine vigtige dokumenter og b\u00f8ger lige ved h\u00e5nden. Det st\u00e5linspirerede look tilf\u00f8jer et moderne touch til dit skrivebord og hj\u00e6lper dig med at holde orden p\u00e5 dine arbejdsopgaver. G\u00f8r dit kontor mere effektivt og elegant med vores File Skrivebordsordner.<\/p>\n","protected":false},"excerpt":{"rendered":"<p>Organisering bliver nemmere og mere stilet med vores File Skrivebordsordner i gr\u00e5t jern. Denne alsidige l\u00f8sning til opbevaring kan ogs\u00e5 fungere som bogholder, s\u00e5 du kan have alle dine vigtige dokumenter og b\u00f8ger lige ved h\u00e5nden. Det st\u00e5linspirerede look tilf\u00f8jer et moderne touch til dit skrivebord og hj\u00e6lper dig med at holde orden p\u00e5 dine [&hellip;]<\/p>\n","protected":false},"featured_media":1113536,"template":"","meta":{"_acf_changed":false,"inline_featured_image":false},"product_brand":[],"product_cat":[6880,4151,4158,5025],"product_tag":[],"class_list":{"0":"post-978062","1":"product","2":"type-product","3":"status-publish","4":"has-post-thumbnail","6":"product_cat-elevating-nostalgia-da","7":"product_cat-kontor-da","8":"product_cat-brevpresser-da","9":"product_cat-bestsellers-da","10":"product_shipping_class-pk","12":"pa_color-gr","13":"pa_material-jern-da","15":"first","16":"instock","17":"featured","18":"taxable","19":"shipping-taxable","20":"purchasable","21":"product-type-simple"},"exclude_global_add_ons":[],"addons":[],"acf":[],"yoast_head":"<!-- This site is optimized with the Yoast SEO plugin v26.4 - https:\/\/yoast.com\/wordpress\/plugins\/seo\/ -->\n<title>File Skrivebordsordner Gr\u00e5 - H\u00fcbsch<\/title>\n<meta name=\"description\" content=\"Organisering bliver nemmere og mere stilet med vores File Skrivebordsordner i gr\u00e5t jern. Denne alsidige l\u00f8sning til opbevaring kan ogs\u00e5 fungere som\" \/>\n<meta name=\"robots\" content=\"index, follow, max-snippet:-1, max-image-preview:large, max-video-preview:-1\" \/>\n<link rel=\"canonical\" href=\"https:\/\/hubsch-interior.com\/da\/wp-json\/wp\/v2\/product\/978062\" \/>\n<meta property=\"og:locale\" content=\"da_DK\" \/>\n<meta property=\"og:type\" content=\"article\" \/>\n<meta property=\"og:title\" content=\"File Skrivebordsordner Gr\u00e5 - H\u00fcbsch\" \/>\n<meta property=\"og:description\" content=\"Organisering bliver nemmere og mere stilet med vores File Skrivebordsordner i gr\u00e5t jern. Denne alsidige l\u00f8sning til opbevaring kan ogs\u00e5 fungere som\" \/>\n<meta property=\"og:url\" content=\"https:\/\/hubsch-interior.com\/da\/vare\/file-skrivebordsordner-gra\/\" \/>\n<meta property=\"og:site_name\" content=\"H\u00fcbsch\" \/>\n<meta property=\"article:modified_time\" content=\"2026-04-10T03:19:06+00:00\" \/>\n<meta property=\"og:image\" content=\"https:\/\/hubsch-interior.com\/wp-content\/uploads\/2024\/11\/file-desk-organiser-grey-16c6b1940c83f415ed7b17cebc534512.jpg\" \/>\n\t<meta property=\"og:image:width\" content=\"1200\" \/>\n\t<meta property=\"og:image:height\" content=\"1200\" \/>\n\t<meta property=\"og:image:type\" content=\"image\/jpeg\" \/>\n<meta name=\"twitter:card\" content=\"summary_large_image\" \/>\n<script type=\"application\/ld+json\" class=\"yoast-schema-graph\">{\"@context\":\"https:\/\/schema.org\",\"@graph\":[{\"@type\":\"WebPage\",\"@id\":\"https:\/\/hubsch-interior.com\/da\/vare\/file-skrivebordsordner-gra\/\",\"url\":\"https:\/\/hubsch-interior.com\/da\/vare\/file-skrivebordsordner-gra\/\",\"name\":\"File Skrivebordsordner Gr\u00e5 - H\u00fcbsch\",\"isPartOf\":{\"@id\":\"https:\/\/hubsch-interior.com\/da\/#website\"},\"primaryImageOfPage\":{\"@id\":\"https:\/\/hubsch-interior.com\/da\/vare\/file-skrivebordsordner-gra\/#primaryimage\"},\"image\":{\"@id\":\"https:\/\/hubsch-interior.com\/da\/vare\/file-skrivebordsordner-gra\/#primaryimage\"},\"thumbnailUrl\":\"https:\/\/hubsch-interior.com\/wp-content\/uploads\/2026\/02\/file-desk-organiser-grey-0484ef76eaaaffe3ece868f2694f73e7.jpg\",\"datePublished\":\"2024-01-29T08:36:08+00:00\",\"dateModified\":\"2026-04-10T03:19:06+00:00\",\"description\":\"Organisering bliver nemmere og mere stilet med vores File Skrivebordsordner i gr\u00e5t jern. Denne alsidige l\u00f8sning til opbevaring kan ogs\u00e5 fungere som\",\"breadcrumb\":{\"@id\":\"https:\/\/hubsch-interior.com\/da\/vare\/file-skrivebordsordner-gra\/#breadcrumb\"},\"inLanguage\":\"da-DK\",\"potentialAction\":[{\"@type\":\"ReadAction\",\"target\":[\"https:\/\/hubsch-interior.com\/da\/vare\/file-skrivebordsordner-gra\/\"]}]},{\"@type\":\"ImageObject\",\"inLanguage\":\"da-DK\",\"@id\":\"https:\/\/hubsch-interior.com\/da\/vare\/file-skrivebordsordner-gra\/#primaryimage\",\"url\":\"https:\/\/hubsch-interior.com\/wp-content\/uploads\/2026\/02\/file-desk-organiser-grey-0484ef76eaaaffe3ece868f2694f73e7.jpg\",\"contentUrl\":\"https:\/\/hubsch-interior.com\/wp-content\/uploads\/2026\/02\/file-desk-organiser-grey-0484ef76eaaaffe3ece868f2694f73e7.jpg\",\"width\":1024,\"height\":1024},{\"@type\":\"BreadcrumbList\",\"@id\":\"https:\/\/hubsch-interior.com\/da\/vare\/file-skrivebordsordner-gra\/#breadcrumb\",\"itemListElement\":[{\"@type\":\"ListItem\",\"position\":1,\"name\":\"Forside\",\"item\":\"https:\/\/hubsch-interior.com\/da\/\"},{\"@type\":\"ListItem\",\"position\":2,\"name\":\"Produkter\",\"item\":\"https:\/\/hubsch-interior.com\/da\/produkter\/\"},{\"@type\":\"ListItem\",\"position\":3,\"name\":\"Boligtilbeh\u00f8r\",\"item\":\"https:\/\/hubsch-interior.com\/da\/vare-kategori\/boligtilbehor\/\"},{\"@type\":\"ListItem\",\"position\":4,\"name\":\"Kontor\",\"item\":\"https:\/\/hubsch-interior.com\/da\/vare-kategori\/boligtilbehor\/kontor-da\/\"},{\"@type\":\"ListItem\",\"position\":5,\"name\":\"Brevpresser\",\"item\":\"https:\/\/hubsch-interior.com\/da\/vare-kategori\/boligtilbehor\/kontor-da\/brevpresser-da\/\"},{\"@type\":\"ListItem\",\"position\":6,\"name\":\"File Skrivebordsordner Gr\u00e5\"}]},{\"@type\":\"WebSite\",\"@id\":\"https:\/\/hubsch-interior.com\/da\/#website\",\"url\":\"https:\/\/hubsch-interior.com\/da\/\",\"name\":\"H\u00fcbsch\",\"description\":\"Danish Home Interior and Design\",\"publisher\":{\"@id\":\"https:\/\/hubsch-interior.com\/da\/#organization\"},\"potentialAction\":[{\"@type\":\"SearchAction\",\"target\":{\"@type\":\"EntryPoint\",\"urlTemplate\":\"https:\/\/hubsch-interior.com\/da\/?s={search_term_string}\"},\"query-input\":{\"@type\":\"PropertyValueSpecification\",\"valueRequired\":true,\"valueName\":\"search_term_string\"}}],\"inLanguage\":\"da-DK\"},{\"@type\":\"Organization\",\"@id\":\"https:\/\/hubsch-interior.com\/da\/#organization\",\"name\":\"H\u00fcbsch\",\"url\":\"https:\/\/hubsch-interior.com\/da\/\",\"logo\":{\"@type\":\"ImageObject\",\"inLanguage\":\"da-DK\",\"@id\":\"https:\/\/hubsch-interior.com\/da\/#\/schema\/logo\/image\/\",\"url\":\"https:\/\/hubsch-interior.com\/wp-content\/uploads\/2022\/12\/Hubsch_logo_black_one_line.svg\",\"contentUrl\":\"https:\/\/hubsch-interior.com\/wp-content\/uploads\/2022\/12\/Hubsch_logo_black_one_line.svg\",\"caption\":\"H\u00fcbsch\"},\"image\":{\"@id\":\"https:\/\/hubsch-interior.com\/da\/#\/schema\/logo\/image\/\"}}]}<\/script>\n<!-- \/ Yoast SEO plugin. -->","yoast_head_json":{"title":"File Skrivebordsordner Gr\u00e5 - H\u00fcbsch","description":"Organisering bliver nemmere og mere stilet med vores File Skrivebordsordner i gr\u00e5t jern. Denne alsidige l\u00f8sning til opbevaring kan ogs\u00e5 fungere som","robots":{"index":"index","follow":"follow","max-snippet":"max-snippet:-1","max-image-preview":"max-image-preview:large","max-video-preview":"max-video-preview:-1"},"canonical":"https:\/\/hubsch-interior.com\/da\/wp-json\/wp\/v2\/product\/978062","og_locale":"da_DK","og_type":"article","og_title":"File Skrivebordsordner Gr\u00e5 - H\u00fcbsch","og_description":"Organisering bliver nemmere og mere stilet med vores File Skrivebordsordner i gr\u00e5t jern. Denne alsidige l\u00f8sning til opbevaring kan ogs\u00e5 fungere som","og_url":"https:\/\/hubsch-interior.com\/da\/vare\/file-skrivebordsordner-gra\/","og_site_name":"H\u00fcbsch","article_modified_time":"2026-04-10T03:19:06+00:00","og_image":[{"width":1200,"height":1200,"url":"https:\/\/hubsch-interior.com\/wp-content\/uploads\/2024\/11\/file-desk-organiser-grey-16c6b1940c83f415ed7b17cebc534512.jpg","type":"image\/jpeg"}],"twitter_card":"summary_large_image","schema":{"@context":"https:\/\/schema.org","@graph":[{"@type":"WebPage","@id":"https:\/\/hubsch-interior.com\/da\/vare\/file-skrivebordsordner-gra\/","url":"https:\/\/hubsch-interior.com\/da\/vare\/file-skrivebordsordner-gra\/","name":"File Skrivebordsordner Gr\u00e5 - H\u00fcbsch","isPartOf":{"@id":"https:\/\/hubsch-interior.com\/da\/#website"},"primaryImageOfPage":{"@id":"https:\/\/hubsch-interior.com\/da\/vare\/file-skrivebordsordner-gra\/#primaryimage"},"image":{"@id":"https:\/\/hubsch-interior.com\/da\/vare\/file-skrivebordsordner-gra\/#primaryimage"},"thumbnailUrl":"https:\/\/hubsch-interior.com\/wp-content\/uploads\/2026\/02\/file-desk-organiser-grey-0484ef76eaaaffe3ece868f2694f73e7.jpg","datePublished":"2024-01-29T08:36:08+00:00","dateModified":"2026-04-10T03:19:06+00:00","description":"Organisering bliver nemmere og mere stilet med vores File Skrivebordsordner i gr\u00e5t jern. Denne alsidige l\u00f8sning til opbevaring kan ogs\u00e5 fungere som","breadcrumb":{"@id":"https:\/\/hubsch-interior.com\/da\/vare\/file-skrivebordsordner-gra\/#breadcrumb"},"inLanguage":"da-DK","potentialAction":[{"@type":"ReadAction","target":["https:\/\/hubsch-interior.com\/da\/vare\/file-skrivebordsordner-gra\/"]}]},{"@type":"ImageObject","inLanguage":"da-DK","@id":"https:\/\/hubsch-interior.com\/da\/vare\/file-skrivebordsordner-gra\/#primaryimage","url":"https:\/\/hubsch-interior.com\/wp-content\/uploads\/2026\/02\/file-desk-organiser-grey-0484ef76eaaaffe3ece868f2694f73e7.jpg","contentUrl":"https:\/\/hubsch-interior.com\/wp-content\/uploads\/2026\/02\/file-desk-organiser-grey-0484ef76eaaaffe3ece868f2694f73e7.jpg","width":1024,"height":1024},{"@type":"BreadcrumbList","@id":"https:\/\/hubsch-interior.com\/da\/vare\/file-skrivebordsordner-gra\/#breadcrumb","itemListElement":[{"@type":"ListItem","position":1,"name":"Forside","item":"https:\/\/hubsch-interior.com\/da\/"},{"@type":"ListItem","position":2,"name":"Produkter","item":"https:\/\/hubsch-interior.com\/da\/produkter\/"},{"@type":"ListItem","position":3,"name":"Boligtilbeh\u00f8r","item":"https:\/\/hubsch-interior.com\/da\/vare-kategori\/boligtilbehor\/"},{"@type":"ListItem","position":4,"name":"Kontor","item":"https:\/\/hubsch-interior.com\/da\/vare-kategori\/boligtilbehor\/kontor-da\/"},{"@type":"ListItem","position":5,"name":"Brevpresser","item":"https:\/\/hubsch-interior.com\/da\/vare-kategori\/boligtilbehor\/kontor-da\/brevpresser-da\/"},{"@type":"ListItem","position":6,"name":"File Skrivebordsordner Gr\u00e5"}]},{"@type":"WebSite","@id":"https:\/\/hubsch-interior.com\/da\/#website","url":"https:\/\/hubsch-interior.com\/da\/","name":"H\u00fcbsch","description":"Danish Home Interior and Design","publisher":{"@id":"https:\/\/hubsch-interior.com\/da\/#organization"},"potentialAction":[{"@type":"SearchAction","target":{"@type":"EntryPoint","urlTemplate":"https:\/\/hubsch-interior.com\/da\/?s={search_term_string}"},"query-input":{"@type":"PropertyValueSpecification","valueRequired":true,"valueName":"search_term_string"}}],"inLanguage":"da-DK"},{"@type":"Organization","@id":"https:\/\/hubsch-interior.com\/da\/#organization","name":"H\u00fcbsch","url":"https:\/\/hubsch-interior.com\/da\/","logo":{"@type":"ImageObject","inLanguage":"da-DK","@id":"https:\/\/hubsch-interior.com\/da\/#\/schema\/logo\/image\/","url":"https:\/\/hubsch-interior.com\/wp-content\/uploads\/2022\/12\/Hubsch_logo_black_one_line.svg","contentUrl":"https:\/\/hubsch-interior.com\/wp-content\/uploads\/2022\/12\/Hubsch_logo_black_one_line.svg","caption":"H\u00fcbsch"},"image":{"@id":"https:\/\/hubsch-interior.com\/da\/#\/schema\/logo\/image\/"}}]}},"_links":{"self":[{"href":"https:\/\/hubsch-interior.com\/da\/wp-json\/wp\/v2\/product\/978062","targetHints":{"allow":["GET"]}}],"collection":[{"href":"https:\/\/hubsch-interior.com\/da\/wp-json\/wp\/v2\/product"}],"about":[{"href":"https:\/\/hubsch-interior.com\/da\/wp-json\/wp\/v2\/types\/product"}],"wp:featuredmedia":[{"embeddable":true,"href":"https:\/\/hubsch-interior.com\/da\/wp-json\/wp\/v2\/media\/1113536"}],"wp:attachment":[{"href":"https:\/\/hubsch-interior.com\/da\/wp-json\/wp\/v2\/media?parent=978062"}],"wp:term":[{"taxonomy":"product_brand","embeddable":true,"href":"https:\/\/hubsch-interior.com\/da\/wp-json\/wp\/v2\/product_brand?post=978062"},{"taxonomy":"product_cat","embeddable":true,"href":"https:\/\/hubsch-interior.com\/da\/wp-json\/wp\/v2\/product_cat?post=978062"},{"taxonomy":"product_tag","embeddable":true,"href":"https:\/\/hubsch-interior.com\/da\/wp-json\/wp\/v2\/product_tag?post=978062"}],"curies":[{"name":"wp","href":"https:\/\/api.w.org\/{rel}","templated":true}]}}