{"id":978094,"date":"2024-01-29T09:36:32","date_gmt":"2024-01-29T08:36:32","guid":{"rendered":"https:\/\/hubsch-interior.com\/product\/product\/"},"modified":"2026-04-09T05:18:35","modified_gmt":"2026-04-09T03:18:35","slug":"hour-ur-metallisk-gra","status":"publish","type":"product","link":"https:\/\/hubsch-interior.com\/da\/vare\/hour-ur-metallisk-gra\/","title":{"rendered":"Hour Ur Metallisk gr\u00e5"},"content":{"rendered":"<p>Giv dit hjem et kreativt touch med Hour Ur i metallisk gr\u00e5. Dette ur er lavet af jern og findes i 2 forskellige varianter. Den metalliske gr\u00e5 farve tilf\u00f8jer et moderne og skarpt udtryk til ethvert rum. Placer det p\u00e5 en hylde eller h\u00e6ng det p\u00e5 v\u00e6ggen for at skabe en kontrastfuld og legesyg indretning. Blandingen af farver g\u00f8r det til et unikt tilbeh\u00f8r til dit indretning.<\/p>\n","protected":false},"excerpt":{"rendered":"<p>Giv dit hjem et kreativt touch med Hour Ur i metallisk gr\u00e5. Dette ur er lavet af jern og findes i 2 forskellige varianter. Den metalliske gr\u00e5 farve tilf\u00f8jer et moderne og skarpt udtryk til ethvert rum. Placer det p\u00e5 en hylde eller h\u00e6ng det p\u00e5 v\u00e6ggen for at skabe en kontrastfuld og legesyg indretning. [&hellip;]<\/p>\n","protected":false},"featured_media":1113560,"template":"","meta":{"_acf_changed":false,"inline_featured_image":false},"product_brand":[],"product_cat":[6880,3114,3129,5025],"product_tag":[],"class_list":{"0":"post-978094","1":"product","2":"type-product","3":"status-publish","4":"has-post-thumbnail","6":"product_cat-elevating-nostalgia-da","7":"product_cat-vaegdekoration-da","8":"product_cat-ure-da","9":"product_cat-bestsellers-da","10":"product_shipping_class-pk","12":"pa_color-metallisk-gr","13":"pa_material-jern-da","15":"first","16":"instock","17":"featured","18":"taxable","19":"shipping-taxable","20":"purchasable","21":"product-type-simple"},"exclude_global_add_ons":[],"addons":[],"acf":[],"yoast_head":"<!-- This site is optimized with the Yoast SEO plugin v26.4 - https:\/\/yoast.com\/wordpress\/plugins\/seo\/ -->\n<title>Hour Ur Metallisk gr\u00e5 - H\u00fcbsch<\/title>\n<meta name=\"description\" content=\"Giv dit hjem et kreativt touch med Hour Ur i metallisk gr\u00e5. Dette ur er lavet af jern og findes i 2 forskellige varianter. Den metalliske gr\u00e5 farve\" \/>\n<meta name=\"robots\" content=\"index, follow, max-snippet:-1, max-image-preview:large, max-video-preview:-1\" \/>\n<link rel=\"canonical\" href=\"https:\/\/hubsch-interior.com\/da\/wp-json\/wp\/v2\/product\/978094\" \/>\n<meta property=\"og:locale\" content=\"da_DK\" \/>\n<meta property=\"og:type\" content=\"article\" \/>\n<meta property=\"og:title\" content=\"Hour Ur Metallisk gr\u00e5 - H\u00fcbsch\" \/>\n<meta property=\"og:description\" content=\"Giv dit hjem et kreativt touch med Hour Ur i metallisk gr\u00e5. Dette ur er lavet af jern og findes i 2 forskellige varianter. Den metalliske gr\u00e5 farve\" \/>\n<meta property=\"og:url\" content=\"https:\/\/hubsch-interior.com\/da\/vare\/hour-ur-metallisk-gra\/\" \/>\n<meta property=\"og:site_name\" content=\"H\u00fcbsch\" \/>\n<meta property=\"article:modified_time\" content=\"2026-04-09T03:18:35+00:00\" \/>\n<meta property=\"og:image\" content=\"https:\/\/hubsch-interior.com\/wp-content\/uploads\/2024\/01\/hour-clock-metallic-grey-0d7158a0c8fe2777a5775cb2f3ef1460.jpg\" \/>\n\t<meta property=\"og:image:width\" content=\"1200\" \/>\n\t<meta property=\"og:image:height\" content=\"1200\" \/>\n\t<meta property=\"og:image:type\" content=\"image\/jpeg\" \/>\n<meta name=\"twitter:card\" content=\"summary_large_image\" \/>\n<script type=\"application\/ld+json\" class=\"yoast-schema-graph\">{\"@context\":\"https:\/\/schema.org\",\"@graph\":[{\"@type\":\"WebPage\",\"@id\":\"https:\/\/hubsch-interior.com\/da\/vare\/hour-ur-metallisk-gra\/\",\"url\":\"https:\/\/hubsch-interior.com\/da\/vare\/hour-ur-metallisk-gra\/\",\"name\":\"Hour Ur Metallisk gr\u00e5 - H\u00fcbsch\",\"isPartOf\":{\"@id\":\"https:\/\/hubsch-interior.com\/da\/#website\"},\"primaryImageOfPage\":{\"@id\":\"https:\/\/hubsch-interior.com\/da\/vare\/hour-ur-metallisk-gra\/#primaryimage\"},\"image\":{\"@id\":\"https:\/\/hubsch-interior.com\/da\/vare\/hour-ur-metallisk-gra\/#primaryimage\"},\"thumbnailUrl\":\"https:\/\/hubsch-interior.com\/wp-content\/uploads\/2026\/02\/hour-clock-metallic-grey-ccfb1da5538328f485556ad9256b153a.jpg\",\"datePublished\":\"2024-01-29T08:36:32+00:00\",\"dateModified\":\"2026-04-09T03:18:35+00:00\",\"description\":\"Giv dit hjem et kreativt touch med Hour Ur i metallisk gr\u00e5. Dette ur er lavet af jern og findes i 2 forskellige varianter. Den metalliske gr\u00e5 farve\",\"breadcrumb\":{\"@id\":\"https:\/\/hubsch-interior.com\/da\/vare\/hour-ur-metallisk-gra\/#breadcrumb\"},\"inLanguage\":\"da-DK\",\"potentialAction\":[{\"@type\":\"ReadAction\",\"target\":[\"https:\/\/hubsch-interior.com\/da\/vare\/hour-ur-metallisk-gra\/\"]}]},{\"@type\":\"ImageObject\",\"inLanguage\":\"da-DK\",\"@id\":\"https:\/\/hubsch-interior.com\/da\/vare\/hour-ur-metallisk-gra\/#primaryimage\",\"url\":\"https:\/\/hubsch-interior.com\/wp-content\/uploads\/2026\/02\/hour-clock-metallic-grey-ccfb1da5538328f485556ad9256b153a.jpg\",\"contentUrl\":\"https:\/\/hubsch-interior.com\/wp-content\/uploads\/2026\/02\/hour-clock-metallic-grey-ccfb1da5538328f485556ad9256b153a.jpg\",\"width\":1024,\"height\":1024},{\"@type\":\"BreadcrumbList\",\"@id\":\"https:\/\/hubsch-interior.com\/da\/vare\/hour-ur-metallisk-gra\/#breadcrumb\",\"itemListElement\":[{\"@type\":\"ListItem\",\"position\":1,\"name\":\"Forside\",\"item\":\"https:\/\/hubsch-interior.com\/da\/\"},{\"@type\":\"ListItem\",\"position\":2,\"name\":\"Produkter\",\"item\":\"https:\/\/hubsch-interior.com\/da\/produkter\/\"},{\"@type\":\"ListItem\",\"position\":3,\"name\":\"Boligtilbeh\u00f8r\",\"item\":\"https:\/\/hubsch-interior.com\/da\/vare-kategori\/boligtilbehor\/\"},{\"@type\":\"ListItem\",\"position\":4,\"name\":\"V&aelig;gdekoration\",\"item\":\"https:\/\/hubsch-interior.com\/da\/vare-kategori\/boligtilbehor\/vaegdekoration-da\/\"},{\"@type\":\"ListItem\",\"position\":5,\"name\":\"Ure\",\"item\":\"https:\/\/hubsch-interior.com\/da\/vare-kategori\/boligtilbehor\/vaegdekoration-da\/ure-da\/\"},{\"@type\":\"ListItem\",\"position\":6,\"name\":\"Hour Ur Metallisk gr\u00e5\"}]},{\"@type\":\"WebSite\",\"@id\":\"https:\/\/hubsch-interior.com\/da\/#website\",\"url\":\"https:\/\/hubsch-interior.com\/da\/\",\"name\":\"H\u00fcbsch\",\"description\":\"Danish Home Interior and Design\",\"publisher\":{\"@id\":\"https:\/\/hubsch-interior.com\/da\/#organization\"},\"potentialAction\":[{\"@type\":\"SearchAction\",\"target\":{\"@type\":\"EntryPoint\",\"urlTemplate\":\"https:\/\/hubsch-interior.com\/da\/?s={search_term_string}\"},\"query-input\":{\"@type\":\"PropertyValueSpecification\",\"valueRequired\":true,\"valueName\":\"search_term_string\"}}],\"inLanguage\":\"da-DK\"},{\"@type\":\"Organization\",\"@id\":\"https:\/\/hubsch-interior.com\/da\/#organization\",\"name\":\"H\u00fcbsch\",\"url\":\"https:\/\/hubsch-interior.com\/da\/\",\"logo\":{\"@type\":\"ImageObject\",\"inLanguage\":\"da-DK\",\"@id\":\"https:\/\/hubsch-interior.com\/da\/#\/schema\/logo\/image\/\",\"url\":\"https:\/\/hubsch-interior.com\/wp-content\/uploads\/2022\/12\/Hubsch_logo_black_one_line.svg\",\"contentUrl\":\"https:\/\/hubsch-interior.com\/wp-content\/uploads\/2022\/12\/Hubsch_logo_black_one_line.svg\",\"caption\":\"H\u00fcbsch\"},\"image\":{\"@id\":\"https:\/\/hubsch-interior.com\/da\/#\/schema\/logo\/image\/\"}}]}<\/script>\n<!-- \/ Yoast SEO plugin. -->","yoast_head_json":{"title":"Hour Ur Metallisk gr\u00e5 - H\u00fcbsch","description":"Giv dit hjem et kreativt touch med Hour Ur i metallisk gr\u00e5. Dette ur er lavet af jern og findes i 2 forskellige varianter. Den metalliske gr\u00e5 farve","robots":{"index":"index","follow":"follow","max-snippet":"max-snippet:-1","max-image-preview":"max-image-preview:large","max-video-preview":"max-video-preview:-1"},"canonical":"https:\/\/hubsch-interior.com\/da\/wp-json\/wp\/v2\/product\/978094","og_locale":"da_DK","og_type":"article","og_title":"Hour Ur Metallisk gr\u00e5 - H\u00fcbsch","og_description":"Giv dit hjem et kreativt touch med Hour Ur i metallisk gr\u00e5. Dette ur er lavet af jern og findes i 2 forskellige varianter. Den metalliske gr\u00e5 farve","og_url":"https:\/\/hubsch-interior.com\/da\/vare\/hour-ur-metallisk-gra\/","og_site_name":"H\u00fcbsch","article_modified_time":"2026-04-09T03:18:35+00:00","og_image":[{"width":1200,"height":1200,"url":"https:\/\/hubsch-interior.com\/wp-content\/uploads\/2024\/01\/hour-clock-metallic-grey-0d7158a0c8fe2777a5775cb2f3ef1460.jpg","type":"image\/jpeg"}],"twitter_card":"summary_large_image","schema":{"@context":"https:\/\/schema.org","@graph":[{"@type":"WebPage","@id":"https:\/\/hubsch-interior.com\/da\/vare\/hour-ur-metallisk-gra\/","url":"https:\/\/hubsch-interior.com\/da\/vare\/hour-ur-metallisk-gra\/","name":"Hour Ur Metallisk gr\u00e5 - H\u00fcbsch","isPartOf":{"@id":"https:\/\/hubsch-interior.com\/da\/#website"},"primaryImageOfPage":{"@id":"https:\/\/hubsch-interior.com\/da\/vare\/hour-ur-metallisk-gra\/#primaryimage"},"image":{"@id":"https:\/\/hubsch-interior.com\/da\/vare\/hour-ur-metallisk-gra\/#primaryimage"},"thumbnailUrl":"https:\/\/hubsch-interior.com\/wp-content\/uploads\/2026\/02\/hour-clock-metallic-grey-ccfb1da5538328f485556ad9256b153a.jpg","datePublished":"2024-01-29T08:36:32+00:00","dateModified":"2026-04-09T03:18:35+00:00","description":"Giv dit hjem et kreativt touch med Hour Ur i metallisk gr\u00e5. Dette ur er lavet af jern og findes i 2 forskellige varianter. Den metalliske gr\u00e5 farve","breadcrumb":{"@id":"https:\/\/hubsch-interior.com\/da\/vare\/hour-ur-metallisk-gra\/#breadcrumb"},"inLanguage":"da-DK","potentialAction":[{"@type":"ReadAction","target":["https:\/\/hubsch-interior.com\/da\/vare\/hour-ur-metallisk-gra\/"]}]},{"@type":"ImageObject","inLanguage":"da-DK","@id":"https:\/\/hubsch-interior.com\/da\/vare\/hour-ur-metallisk-gra\/#primaryimage","url":"https:\/\/hubsch-interior.com\/wp-content\/uploads\/2026\/02\/hour-clock-metallic-grey-ccfb1da5538328f485556ad9256b153a.jpg","contentUrl":"https:\/\/hubsch-interior.com\/wp-content\/uploads\/2026\/02\/hour-clock-metallic-grey-ccfb1da5538328f485556ad9256b153a.jpg","width":1024,"height":1024},{"@type":"BreadcrumbList","@id":"https:\/\/hubsch-interior.com\/da\/vare\/hour-ur-metallisk-gra\/#breadcrumb","itemListElement":[{"@type":"ListItem","position":1,"name":"Forside","item":"https:\/\/hubsch-interior.com\/da\/"},{"@type":"ListItem","position":2,"name":"Produkter","item":"https:\/\/hubsch-interior.com\/da\/produkter\/"},{"@type":"ListItem","position":3,"name":"Boligtilbeh\u00f8r","item":"https:\/\/hubsch-interior.com\/da\/vare-kategori\/boligtilbehor\/"},{"@type":"ListItem","position":4,"name":"V&aelig;gdekoration","item":"https:\/\/hubsch-interior.com\/da\/vare-kategori\/boligtilbehor\/vaegdekoration-da\/"},{"@type":"ListItem","position":5,"name":"Ure","item":"https:\/\/hubsch-interior.com\/da\/vare-kategori\/boligtilbehor\/vaegdekoration-da\/ure-da\/"},{"@type":"ListItem","position":6,"name":"Hour Ur Metallisk gr\u00e5"}]},{"@type":"WebSite","@id":"https:\/\/hubsch-interior.com\/da\/#website","url":"https:\/\/hubsch-interior.com\/da\/","name":"H\u00fcbsch","description":"Danish Home Interior and Design","publisher":{"@id":"https:\/\/hubsch-interior.com\/da\/#organization"},"potentialAction":[{"@type":"SearchAction","target":{"@type":"EntryPoint","urlTemplate":"https:\/\/hubsch-interior.com\/da\/?s={search_term_string}"},"query-input":{"@type":"PropertyValueSpecification","valueRequired":true,"valueName":"search_term_string"}}],"inLanguage":"da-DK"},{"@type":"Organization","@id":"https:\/\/hubsch-interior.com\/da\/#organization","name":"H\u00fcbsch","url":"https:\/\/hubsch-interior.com\/da\/","logo":{"@type":"ImageObject","inLanguage":"da-DK","@id":"https:\/\/hubsch-interior.com\/da\/#\/schema\/logo\/image\/","url":"https:\/\/hubsch-interior.com\/wp-content\/uploads\/2022\/12\/Hubsch_logo_black_one_line.svg","contentUrl":"https:\/\/hubsch-interior.com\/wp-content\/uploads\/2022\/12\/Hubsch_logo_black_one_line.svg","caption":"H\u00fcbsch"},"image":{"@id":"https:\/\/hubsch-interior.com\/da\/#\/schema\/logo\/image\/"}}]}},"_links":{"self":[{"href":"https:\/\/hubsch-interior.com\/da\/wp-json\/wp\/v2\/product\/978094","targetHints":{"allow":["GET"]}}],"collection":[{"href":"https:\/\/hubsch-interior.com\/da\/wp-json\/wp\/v2\/product"}],"about":[{"href":"https:\/\/hubsch-interior.com\/da\/wp-json\/wp\/v2\/types\/product"}],"wp:featuredmedia":[{"embeddable":true,"href":"https:\/\/hubsch-interior.com\/da\/wp-json\/wp\/v2\/media\/1113560"}],"wp:attachment":[{"href":"https:\/\/hubsch-interior.com\/da\/wp-json\/wp\/v2\/media?parent=978094"}],"wp:term":[{"taxonomy":"product_brand","embeddable":true,"href":"https:\/\/hubsch-interior.com\/da\/wp-json\/wp\/v2\/product_brand?post=978094"},{"taxonomy":"product_cat","embeddable":true,"href":"https:\/\/hubsch-interior.com\/da\/wp-json\/wp\/v2\/product_cat?post=978094"},{"taxonomy":"product_tag","embeddable":true,"href":"https:\/\/hubsch-interior.com\/da\/wp-json\/wp\/v2\/product_tag?post=978094"}],"curies":[{"name":"wp","href":"https:\/\/api.w.org\/{rel}","templated":true}]}}