{"id":978158,"date":"2024-01-29T09:37:10","date_gmt":"2024-01-29T08:37:10","guid":{"rendered":"https:\/\/hubsch-interior.com\/product\/product\/"},"modified":"2026-04-09T05:18:43","modified_gmt":"2026-04-09T03:18:43","slug":"inbetween-magasinholder-sort","status":"publish","type":"product","link":"https:\/\/hubsch-interior.com\/da\/vare\/inbetween-magasinholder-sort\/","title":{"rendered":"InBetween Magasinholder Sort"},"content":{"rendered":"<p>InBetween Magasinholderen er den perfekte tilf\u00f8jelse til dit hjem. Den elegante sorte farve og jernkonstruktionen giver et moderne og holdbart udseende. Brug den til at holde dine yndlingsmagasiner eller aviser lige ved h\u00e5nden, mens du slapper af p\u00e5 sofaen eller nyder en kop kaffe. Dette funktionelle designprodukt er ikke kun praktisk, men tilf\u00f8jer ogs\u00e5 et stilfuldt element til enhver indretning. Opbevar dine l\u00e6sestof p\u00e5 en smart og organiseret m\u00e5de med InBetween Magasinholderen.<\/p>\n","protected":false},"excerpt":{"rendered":"<p>InBetween Magasinholderen er den perfekte tilf\u00f8jelse til dit hjem. Den elegante sorte farve og jernkonstruktionen giver et moderne og holdbart udseende. Brug den til at holde dine yndlingsmagasiner eller aviser lige ved h\u00e5nden, mens du slapper af p\u00e5 sofaen eller nyder en kop kaffe. Dette funktionelle designprodukt er ikke kun praktisk, men tilf\u00f8jer ogs\u00e5 et [&hellip;]<\/p>\n","protected":false},"featured_media":1114047,"template":"","meta":{"_acf_changed":false,"inline_featured_image":false},"product_brand":[],"product_cat":[6880,3109,4018],"product_tag":[],"class_list":{"0":"post-978158","1":"product","2":"type-product","3":"status-publish","4":"has-post-thumbnail","6":"product_cat-elevating-nostalgia-da","7":"product_cat-opbevaring-da","8":"product_cat-magasinholdere-da","9":"product_shipping_class-pk","11":"pa_color-sort","12":"pa_material-jern-da","14":"first","15":"instock","16":"taxable","17":"shipping-taxable","18":"purchasable","19":"product-type-simple"},"exclude_global_add_ons":[],"addons":[],"acf":[],"yoast_head":"<!-- This site is optimized with the Yoast SEO plugin v26.4 - https:\/\/yoast.com\/wordpress\/plugins\/seo\/ -->\n<title>InBetween Magasinholder Sort - H\u00fcbsch<\/title>\n<meta name=\"description\" content=\"InBetween Magasinholderen er den perfekte tilf\u00f8jelse til dit hjem. Den elegante sorte farve og jernkonstruktionen giver et moderne og holdbart udseende.\" \/>\n<meta name=\"robots\" content=\"index, follow, max-snippet:-1, max-image-preview:large, max-video-preview:-1\" \/>\n<link rel=\"canonical\" href=\"https:\/\/hubsch-interior.com\/da\/wp-json\/wp\/v2\/product\/978158\" \/>\n<meta property=\"og:locale\" content=\"da_DK\" \/>\n<meta property=\"og:type\" content=\"article\" \/>\n<meta property=\"og:title\" content=\"InBetween Magasinholder Sort - H\u00fcbsch\" \/>\n<meta property=\"og:description\" content=\"InBetween Magasinholderen er den perfekte tilf\u00f8jelse til dit hjem. Den elegante sorte farve og jernkonstruktionen giver et moderne og holdbart udseende.\" \/>\n<meta property=\"og:url\" content=\"https:\/\/hubsch-interior.com\/da\/vare\/inbetween-magasinholder-sort\/\" \/>\n<meta property=\"og:site_name\" content=\"H\u00fcbsch\" \/>\n<meta property=\"article:modified_time\" content=\"2026-04-09T03:18:43+00:00\" \/>\n<meta property=\"og:image\" content=\"https:\/\/hubsch-interior.com\/wp-content\/uploads\/2024\/01\/inbetween-magazine-holder-black-b134e3349b4903b1d8abcc5a6c613fff.jpg\" \/>\n\t<meta property=\"og:image:width\" content=\"1200\" \/>\n\t<meta property=\"og:image:height\" content=\"1200\" \/>\n\t<meta property=\"og:image:type\" content=\"image\/jpeg\" \/>\n<meta name=\"twitter:card\" content=\"summary_large_image\" \/>\n<script type=\"application\/ld+json\" class=\"yoast-schema-graph\">{\"@context\":\"https:\/\/schema.org\",\"@graph\":[{\"@type\":\"WebPage\",\"@id\":\"https:\/\/hubsch-interior.com\/da\/vare\/inbetween-magasinholder-sort\/\",\"url\":\"https:\/\/hubsch-interior.com\/da\/vare\/inbetween-magasinholder-sort\/\",\"name\":\"InBetween Magasinholder Sort - H\u00fcbsch\",\"isPartOf\":{\"@id\":\"https:\/\/hubsch-interior.com\/da\/#website\"},\"primaryImageOfPage\":{\"@id\":\"https:\/\/hubsch-interior.com\/da\/vare\/inbetween-magasinholder-sort\/#primaryimage\"},\"image\":{\"@id\":\"https:\/\/hubsch-interior.com\/da\/vare\/inbetween-magasinholder-sort\/#primaryimage\"},\"thumbnailUrl\":\"https:\/\/hubsch-interior.com\/wp-content\/uploads\/2026\/02\/inbetween-magazine-holder-black-b14d941f8fcb224cebe69e8c3a4a23b0.jpg\",\"datePublished\":\"2024-01-29T08:37:10+00:00\",\"dateModified\":\"2026-04-09T03:18:43+00:00\",\"description\":\"InBetween Magasinholderen er den perfekte tilf\u00f8jelse til dit hjem. Den elegante sorte farve og jernkonstruktionen giver et moderne og holdbart udseende.\",\"breadcrumb\":{\"@id\":\"https:\/\/hubsch-interior.com\/da\/vare\/inbetween-magasinholder-sort\/#breadcrumb\"},\"inLanguage\":\"da-DK\",\"potentialAction\":[{\"@type\":\"ReadAction\",\"target\":[\"https:\/\/hubsch-interior.com\/da\/vare\/inbetween-magasinholder-sort\/\"]}]},{\"@type\":\"ImageObject\",\"inLanguage\":\"da-DK\",\"@id\":\"https:\/\/hubsch-interior.com\/da\/vare\/inbetween-magasinholder-sort\/#primaryimage\",\"url\":\"https:\/\/hubsch-interior.com\/wp-content\/uploads\/2026\/02\/inbetween-magazine-holder-black-b14d941f8fcb224cebe69e8c3a4a23b0.jpg\",\"contentUrl\":\"https:\/\/hubsch-interior.com\/wp-content\/uploads\/2026\/02\/inbetween-magazine-holder-black-b14d941f8fcb224cebe69e8c3a4a23b0.jpg\",\"width\":1024,\"height\":1024},{\"@type\":\"BreadcrumbList\",\"@id\":\"https:\/\/hubsch-interior.com\/da\/vare\/inbetween-magasinholder-sort\/#breadcrumb\",\"itemListElement\":[{\"@type\":\"ListItem\",\"position\":1,\"name\":\"Forside\",\"item\":\"https:\/\/hubsch-interior.com\/da\/\"},{\"@type\":\"ListItem\",\"position\":2,\"name\":\"Produkter\",\"item\":\"https:\/\/hubsch-interior.com\/da\/produkter\/\"},{\"@type\":\"ListItem\",\"position\":3,\"name\":\"Boligtilbeh\u00f8r\",\"item\":\"https:\/\/hubsch-interior.com\/da\/vare-kategori\/boligtilbehor\/\"},{\"@type\":\"ListItem\",\"position\":4,\"name\":\"Opbevaring\",\"item\":\"https:\/\/hubsch-interior.com\/da\/vare-kategori\/boligtilbehor\/opbevaring-da\/\"},{\"@type\":\"ListItem\",\"position\":5,\"name\":\"Magasinholdere\",\"item\":\"https:\/\/hubsch-interior.com\/da\/vare-kategori\/boligtilbehor\/opbevaring-da\/magasinholdere-da\/\"},{\"@type\":\"ListItem\",\"position\":6,\"name\":\"InBetween Magasinholder Sort\"}]},{\"@type\":\"WebSite\",\"@id\":\"https:\/\/hubsch-interior.com\/da\/#website\",\"url\":\"https:\/\/hubsch-interior.com\/da\/\",\"name\":\"H\u00fcbsch\",\"description\":\"Danish Home Interior and Design\",\"publisher\":{\"@id\":\"https:\/\/hubsch-interior.com\/da\/#organization\"},\"potentialAction\":[{\"@type\":\"SearchAction\",\"target\":{\"@type\":\"EntryPoint\",\"urlTemplate\":\"https:\/\/hubsch-interior.com\/da\/?s={search_term_string}\"},\"query-input\":{\"@type\":\"PropertyValueSpecification\",\"valueRequired\":true,\"valueName\":\"search_term_string\"}}],\"inLanguage\":\"da-DK\"},{\"@type\":\"Organization\",\"@id\":\"https:\/\/hubsch-interior.com\/da\/#organization\",\"name\":\"H\u00fcbsch\",\"url\":\"https:\/\/hubsch-interior.com\/da\/\",\"logo\":{\"@type\":\"ImageObject\",\"inLanguage\":\"da-DK\",\"@id\":\"https:\/\/hubsch-interior.com\/da\/#\/schema\/logo\/image\/\",\"url\":\"https:\/\/hubsch-interior.com\/wp-content\/uploads\/2022\/12\/Hubsch_logo_black_one_line.svg\",\"contentUrl\":\"https:\/\/hubsch-interior.com\/wp-content\/uploads\/2022\/12\/Hubsch_logo_black_one_line.svg\",\"caption\":\"H\u00fcbsch\"},\"image\":{\"@id\":\"https:\/\/hubsch-interior.com\/da\/#\/schema\/logo\/image\/\"}}]}<\/script>\n<!-- \/ Yoast SEO plugin. -->","yoast_head_json":{"title":"InBetween Magasinholder Sort - H\u00fcbsch","description":"InBetween Magasinholderen er den perfekte tilf\u00f8jelse til dit hjem. Den elegante sorte farve og jernkonstruktionen giver et moderne og holdbart udseende.","robots":{"index":"index","follow":"follow","max-snippet":"max-snippet:-1","max-image-preview":"max-image-preview:large","max-video-preview":"max-video-preview:-1"},"canonical":"https:\/\/hubsch-interior.com\/da\/wp-json\/wp\/v2\/product\/978158","og_locale":"da_DK","og_type":"article","og_title":"InBetween Magasinholder Sort - H\u00fcbsch","og_description":"InBetween Magasinholderen er den perfekte tilf\u00f8jelse til dit hjem. Den elegante sorte farve og jernkonstruktionen giver et moderne og holdbart udseende.","og_url":"https:\/\/hubsch-interior.com\/da\/vare\/inbetween-magasinholder-sort\/","og_site_name":"H\u00fcbsch","article_modified_time":"2026-04-09T03:18:43+00:00","og_image":[{"width":1200,"height":1200,"url":"https:\/\/hubsch-interior.com\/wp-content\/uploads\/2024\/01\/inbetween-magazine-holder-black-b134e3349b4903b1d8abcc5a6c613fff.jpg","type":"image\/jpeg"}],"twitter_card":"summary_large_image","schema":{"@context":"https:\/\/schema.org","@graph":[{"@type":"WebPage","@id":"https:\/\/hubsch-interior.com\/da\/vare\/inbetween-magasinholder-sort\/","url":"https:\/\/hubsch-interior.com\/da\/vare\/inbetween-magasinholder-sort\/","name":"InBetween Magasinholder Sort - H\u00fcbsch","isPartOf":{"@id":"https:\/\/hubsch-interior.com\/da\/#website"},"primaryImageOfPage":{"@id":"https:\/\/hubsch-interior.com\/da\/vare\/inbetween-magasinholder-sort\/#primaryimage"},"image":{"@id":"https:\/\/hubsch-interior.com\/da\/vare\/inbetween-magasinholder-sort\/#primaryimage"},"thumbnailUrl":"https:\/\/hubsch-interior.com\/wp-content\/uploads\/2026\/02\/inbetween-magazine-holder-black-b14d941f8fcb224cebe69e8c3a4a23b0.jpg","datePublished":"2024-01-29T08:37:10+00:00","dateModified":"2026-04-09T03:18:43+00:00","description":"InBetween Magasinholderen er den perfekte tilf\u00f8jelse til dit hjem. Den elegante sorte farve og jernkonstruktionen giver et moderne og holdbart udseende.","breadcrumb":{"@id":"https:\/\/hubsch-interior.com\/da\/vare\/inbetween-magasinholder-sort\/#breadcrumb"},"inLanguage":"da-DK","potentialAction":[{"@type":"ReadAction","target":["https:\/\/hubsch-interior.com\/da\/vare\/inbetween-magasinholder-sort\/"]}]},{"@type":"ImageObject","inLanguage":"da-DK","@id":"https:\/\/hubsch-interior.com\/da\/vare\/inbetween-magasinholder-sort\/#primaryimage","url":"https:\/\/hubsch-interior.com\/wp-content\/uploads\/2026\/02\/inbetween-magazine-holder-black-b14d941f8fcb224cebe69e8c3a4a23b0.jpg","contentUrl":"https:\/\/hubsch-interior.com\/wp-content\/uploads\/2026\/02\/inbetween-magazine-holder-black-b14d941f8fcb224cebe69e8c3a4a23b0.jpg","width":1024,"height":1024},{"@type":"BreadcrumbList","@id":"https:\/\/hubsch-interior.com\/da\/vare\/inbetween-magasinholder-sort\/#breadcrumb","itemListElement":[{"@type":"ListItem","position":1,"name":"Forside","item":"https:\/\/hubsch-interior.com\/da\/"},{"@type":"ListItem","position":2,"name":"Produkter","item":"https:\/\/hubsch-interior.com\/da\/produkter\/"},{"@type":"ListItem","position":3,"name":"Boligtilbeh\u00f8r","item":"https:\/\/hubsch-interior.com\/da\/vare-kategori\/boligtilbehor\/"},{"@type":"ListItem","position":4,"name":"Opbevaring","item":"https:\/\/hubsch-interior.com\/da\/vare-kategori\/boligtilbehor\/opbevaring-da\/"},{"@type":"ListItem","position":5,"name":"Magasinholdere","item":"https:\/\/hubsch-interior.com\/da\/vare-kategori\/boligtilbehor\/opbevaring-da\/magasinholdere-da\/"},{"@type":"ListItem","position":6,"name":"InBetween Magasinholder Sort"}]},{"@type":"WebSite","@id":"https:\/\/hubsch-interior.com\/da\/#website","url":"https:\/\/hubsch-interior.com\/da\/","name":"H\u00fcbsch","description":"Danish Home Interior and Design","publisher":{"@id":"https:\/\/hubsch-interior.com\/da\/#organization"},"potentialAction":[{"@type":"SearchAction","target":{"@type":"EntryPoint","urlTemplate":"https:\/\/hubsch-interior.com\/da\/?s={search_term_string}"},"query-input":{"@type":"PropertyValueSpecification","valueRequired":true,"valueName":"search_term_string"}}],"inLanguage":"da-DK"},{"@type":"Organization","@id":"https:\/\/hubsch-interior.com\/da\/#organization","name":"H\u00fcbsch","url":"https:\/\/hubsch-interior.com\/da\/","logo":{"@type":"ImageObject","inLanguage":"da-DK","@id":"https:\/\/hubsch-interior.com\/da\/#\/schema\/logo\/image\/","url":"https:\/\/hubsch-interior.com\/wp-content\/uploads\/2022\/12\/Hubsch_logo_black_one_line.svg","contentUrl":"https:\/\/hubsch-interior.com\/wp-content\/uploads\/2022\/12\/Hubsch_logo_black_one_line.svg","caption":"H\u00fcbsch"},"image":{"@id":"https:\/\/hubsch-interior.com\/da\/#\/schema\/logo\/image\/"}}]}},"_links":{"self":[{"href":"https:\/\/hubsch-interior.com\/da\/wp-json\/wp\/v2\/product\/978158","targetHints":{"allow":["GET"]}}],"collection":[{"href":"https:\/\/hubsch-interior.com\/da\/wp-json\/wp\/v2\/product"}],"about":[{"href":"https:\/\/hubsch-interior.com\/da\/wp-json\/wp\/v2\/types\/product"}],"wp:featuredmedia":[{"embeddable":true,"href":"https:\/\/hubsch-interior.com\/da\/wp-json\/wp\/v2\/media\/1114047"}],"wp:attachment":[{"href":"https:\/\/hubsch-interior.com\/da\/wp-json\/wp\/v2\/media?parent=978158"}],"wp:term":[{"taxonomy":"product_brand","embeddable":true,"href":"https:\/\/hubsch-interior.com\/da\/wp-json\/wp\/v2\/product_brand?post=978158"},{"taxonomy":"product_cat","embeddable":true,"href":"https:\/\/hubsch-interior.com\/da\/wp-json\/wp\/v2\/product_cat?post=978158"},{"taxonomy":"product_tag","embeddable":true,"href":"https:\/\/hubsch-interior.com\/da\/wp-json\/wp\/v2\/product_tag?post=978158"}],"curies":[{"name":"wp","href":"https:\/\/api.w.org\/{rel}","templated":true}]}}