{"id":978206,"date":"2024-01-29T09:37:37","date_gmt":"2024-01-29T08:37:37","guid":{"rendered":"https:\/\/hubsch-interior.com\/product\/product\/"},"modified":"2026-04-09T05:18:50","modified_gmt":"2026-04-09T03:18:50","slug":"silo-organiser-sort","status":"publish","type":"product","link":"https:\/\/hubsch-interior.com\/da\/vare\/silo-organiser-sort\/","title":{"rendered":"Silo Organiser Sort"},"content":{"rendered":"<p>Silo Organiseren er den perfekte l\u00f8sning til at holde dit skrivebord ryddeligt og organiseret. Den v\u00e6gmonterede opbevaringsenhed er lavet af sort jern, hvilket giver et elegant og stilrent udseende til dit skrivebord. Med Silo Organiseren har du det perfekte sted til dine blyanter, penne og andre skriveredskaber, s\u00e5 de altid er lige ved h\u00e5nden og ikke fylder p\u00e5 dit skrivebord. Med denne v\u00e6gmonterede skrivebordsenhed kan du f\u00e5 en ren og ryddelig skrivebordsplads, s\u00e5 du kan fokusere p\u00e5 dit arbejde uden distraktioner.<\/p>\n","protected":false},"excerpt":{"rendered":"<p>Silo Organiseren er den perfekte l\u00f8sning til at holde dit skrivebord ryddeligt og organiseret. Den v\u00e6gmonterede opbevaringsenhed er lavet af sort jern, hvilket giver et elegant og stilrent udseende til dit skrivebord. Med Silo Organiseren har du det perfekte sted til dine blyanter, penne og andre skriveredskaber, s\u00e5 de altid er lige ved h\u00e5nden og [&hellip;]<\/p>\n","protected":false},"featured_media":1114079,"template":"","meta":{"_acf_changed":false,"inline_featured_image":false},"product_brand":[],"product_cat":[6880,4151,4959],"product_tag":[],"class_list":{"0":"post-978206","1":"product","2":"type-product","3":"status-publish","4":"has-post-thumbnail","6":"product_cat-elevating-nostalgia-da","7":"product_cat-kontor-da","8":"product_cat-opbevaringskasser-da","9":"product_shipping_class-pk","11":"pa_color-sort","12":"pa_material-jern-da","14":"first","15":"instock","16":"taxable","17":"shipping-taxable","18":"purchasable","19":"product-type-simple"},"exclude_global_add_ons":[],"addons":[],"acf":[],"yoast_head":"<!-- This site is optimized with the Yoast SEO plugin v26.4 - https:\/\/yoast.com\/wordpress\/plugins\/seo\/ -->\n<title>Silo Organiser Sort - H\u00fcbsch<\/title>\n<meta name=\"description\" content=\"Silo Organiseren er den perfekte l\u00f8sning til at holde dit skrivebord ryddeligt og organiseret. Den v\u00e6gmonterede opbevaringsenhed er lavet af sort jern,\" \/>\n<meta name=\"robots\" content=\"index, follow, max-snippet:-1, max-image-preview:large, max-video-preview:-1\" \/>\n<link rel=\"canonical\" href=\"https:\/\/hubsch-interior.com\/da\/wp-json\/wp\/v2\/product\/978206\" \/>\n<meta property=\"og:locale\" content=\"da_DK\" \/>\n<meta property=\"og:type\" content=\"article\" \/>\n<meta property=\"og:title\" content=\"Silo Organiser Sort - H\u00fcbsch\" \/>\n<meta property=\"og:description\" content=\"Silo Organiseren er den perfekte l\u00f8sning til at holde dit skrivebord ryddeligt og organiseret. Den v\u00e6gmonterede opbevaringsenhed er lavet af sort jern,\" \/>\n<meta property=\"og:url\" content=\"https:\/\/hubsch-interior.com\/da\/vare\/silo-organiser-sort\/\" \/>\n<meta property=\"og:site_name\" content=\"H\u00fcbsch\" \/>\n<meta property=\"article:modified_time\" content=\"2026-04-09T03:18:50+00:00\" \/>\n<meta property=\"og:image\" content=\"https:\/\/hubsch-interior.com\/wp-content\/uploads\/2024\/04\/silo-organiser-black-971ed8162c26a3336958d6d47dbf5837.jpg\" \/>\n\t<meta property=\"og:image:width\" content=\"1200\" \/>\n\t<meta property=\"og:image:height\" content=\"1200\" \/>\n\t<meta property=\"og:image:type\" content=\"image\/jpeg\" \/>\n<meta name=\"twitter:card\" content=\"summary_large_image\" \/>\n<script type=\"application\/ld+json\" class=\"yoast-schema-graph\">{\"@context\":\"https:\/\/schema.org\",\"@graph\":[{\"@type\":\"WebPage\",\"@id\":\"https:\/\/hubsch-interior.com\/da\/vare\/silo-organiser-sort\/\",\"url\":\"https:\/\/hubsch-interior.com\/da\/vare\/silo-organiser-sort\/\",\"name\":\"Silo Organiser Sort - H\u00fcbsch\",\"isPartOf\":{\"@id\":\"https:\/\/hubsch-interior.com\/da\/#website\"},\"primaryImageOfPage\":{\"@id\":\"https:\/\/hubsch-interior.com\/da\/vare\/silo-organiser-sort\/#primaryimage\"},\"image\":{\"@id\":\"https:\/\/hubsch-interior.com\/da\/vare\/silo-organiser-sort\/#primaryimage\"},\"thumbnailUrl\":\"https:\/\/hubsch-interior.com\/wp-content\/uploads\/2026\/02\/silo-organiser-black-e3c2484f271b8928f7b57a22cdf87822.jpg\",\"datePublished\":\"2024-01-29T08:37:37+00:00\",\"dateModified\":\"2026-04-09T03:18:50+00:00\",\"description\":\"Silo Organiseren er den perfekte l\u00f8sning til at holde dit skrivebord ryddeligt og organiseret. Den v\u00e6gmonterede opbevaringsenhed er lavet af sort jern,\",\"breadcrumb\":{\"@id\":\"https:\/\/hubsch-interior.com\/da\/vare\/silo-organiser-sort\/#breadcrumb\"},\"inLanguage\":\"da-DK\",\"potentialAction\":[{\"@type\":\"ReadAction\",\"target\":[\"https:\/\/hubsch-interior.com\/da\/vare\/silo-organiser-sort\/\"]}]},{\"@type\":\"ImageObject\",\"inLanguage\":\"da-DK\",\"@id\":\"https:\/\/hubsch-interior.com\/da\/vare\/silo-organiser-sort\/#primaryimage\",\"url\":\"https:\/\/hubsch-interior.com\/wp-content\/uploads\/2026\/02\/silo-organiser-black-e3c2484f271b8928f7b57a22cdf87822.jpg\",\"contentUrl\":\"https:\/\/hubsch-interior.com\/wp-content\/uploads\/2026\/02\/silo-organiser-black-e3c2484f271b8928f7b57a22cdf87822.jpg\",\"width\":1024,\"height\":1024},{\"@type\":\"BreadcrumbList\",\"@id\":\"https:\/\/hubsch-interior.com\/da\/vare\/silo-organiser-sort\/#breadcrumb\",\"itemListElement\":[{\"@type\":\"ListItem\",\"position\":1,\"name\":\"Forside\",\"item\":\"https:\/\/hubsch-interior.com\/da\/\"},{\"@type\":\"ListItem\",\"position\":2,\"name\":\"Produkter\",\"item\":\"https:\/\/hubsch-interior.com\/da\/produkter\/\"},{\"@type\":\"ListItem\",\"position\":3,\"name\":\"Boligtilbeh\u00f8r\",\"item\":\"https:\/\/hubsch-interior.com\/da\/vare-kategori\/boligtilbehor\/\"},{\"@type\":\"ListItem\",\"position\":4,\"name\":\"Kontor\",\"item\":\"https:\/\/hubsch-interior.com\/da\/vare-kategori\/boligtilbehor\/kontor-da\/\"},{\"@type\":\"ListItem\",\"position\":5,\"name\":\"Opbevaringskasser\",\"item\":\"https:\/\/hubsch-interior.com\/da\/vare-kategori\/boligtilbehor\/kontor-da\/opbevaringskasser-da\/\"},{\"@type\":\"ListItem\",\"position\":6,\"name\":\"Silo Organiser Sort\"}]},{\"@type\":\"WebSite\",\"@id\":\"https:\/\/hubsch-interior.com\/da\/#website\",\"url\":\"https:\/\/hubsch-interior.com\/da\/\",\"name\":\"H\u00fcbsch\",\"description\":\"Danish Home Interior and Design\",\"publisher\":{\"@id\":\"https:\/\/hubsch-interior.com\/da\/#organization\"},\"potentialAction\":[{\"@type\":\"SearchAction\",\"target\":{\"@type\":\"EntryPoint\",\"urlTemplate\":\"https:\/\/hubsch-interior.com\/da\/?s={search_term_string}\"},\"query-input\":{\"@type\":\"PropertyValueSpecification\",\"valueRequired\":true,\"valueName\":\"search_term_string\"}}],\"inLanguage\":\"da-DK\"},{\"@type\":\"Organization\",\"@id\":\"https:\/\/hubsch-interior.com\/da\/#organization\",\"name\":\"H\u00fcbsch\",\"url\":\"https:\/\/hubsch-interior.com\/da\/\",\"logo\":{\"@type\":\"ImageObject\",\"inLanguage\":\"da-DK\",\"@id\":\"https:\/\/hubsch-interior.com\/da\/#\/schema\/logo\/image\/\",\"url\":\"https:\/\/hubsch-interior.com\/wp-content\/uploads\/2022\/12\/Hubsch_logo_black_one_line.svg\",\"contentUrl\":\"https:\/\/hubsch-interior.com\/wp-content\/uploads\/2022\/12\/Hubsch_logo_black_one_line.svg\",\"caption\":\"H\u00fcbsch\"},\"image\":{\"@id\":\"https:\/\/hubsch-interior.com\/da\/#\/schema\/logo\/image\/\"}}]}<\/script>\n<!-- \/ Yoast SEO plugin. -->","yoast_head_json":{"title":"Silo Organiser Sort - H\u00fcbsch","description":"Silo Organiseren er den perfekte l\u00f8sning til at holde dit skrivebord ryddeligt og organiseret. Den v\u00e6gmonterede opbevaringsenhed er lavet af sort jern,","robots":{"index":"index","follow":"follow","max-snippet":"max-snippet:-1","max-image-preview":"max-image-preview:large","max-video-preview":"max-video-preview:-1"},"canonical":"https:\/\/hubsch-interior.com\/da\/wp-json\/wp\/v2\/product\/978206","og_locale":"da_DK","og_type":"article","og_title":"Silo Organiser Sort - H\u00fcbsch","og_description":"Silo Organiseren er den perfekte l\u00f8sning til at holde dit skrivebord ryddeligt og organiseret. Den v\u00e6gmonterede opbevaringsenhed er lavet af sort jern,","og_url":"https:\/\/hubsch-interior.com\/da\/vare\/silo-organiser-sort\/","og_site_name":"H\u00fcbsch","article_modified_time":"2026-04-09T03:18:50+00:00","og_image":[{"width":1200,"height":1200,"url":"https:\/\/hubsch-interior.com\/wp-content\/uploads\/2024\/04\/silo-organiser-black-971ed8162c26a3336958d6d47dbf5837.jpg","type":"image\/jpeg"}],"twitter_card":"summary_large_image","schema":{"@context":"https:\/\/schema.org","@graph":[{"@type":"WebPage","@id":"https:\/\/hubsch-interior.com\/da\/vare\/silo-organiser-sort\/","url":"https:\/\/hubsch-interior.com\/da\/vare\/silo-organiser-sort\/","name":"Silo Organiser Sort - H\u00fcbsch","isPartOf":{"@id":"https:\/\/hubsch-interior.com\/da\/#website"},"primaryImageOfPage":{"@id":"https:\/\/hubsch-interior.com\/da\/vare\/silo-organiser-sort\/#primaryimage"},"image":{"@id":"https:\/\/hubsch-interior.com\/da\/vare\/silo-organiser-sort\/#primaryimage"},"thumbnailUrl":"https:\/\/hubsch-interior.com\/wp-content\/uploads\/2026\/02\/silo-organiser-black-e3c2484f271b8928f7b57a22cdf87822.jpg","datePublished":"2024-01-29T08:37:37+00:00","dateModified":"2026-04-09T03:18:50+00:00","description":"Silo Organiseren er den perfekte l\u00f8sning til at holde dit skrivebord ryddeligt og organiseret. Den v\u00e6gmonterede opbevaringsenhed er lavet af sort jern,","breadcrumb":{"@id":"https:\/\/hubsch-interior.com\/da\/vare\/silo-organiser-sort\/#breadcrumb"},"inLanguage":"da-DK","potentialAction":[{"@type":"ReadAction","target":["https:\/\/hubsch-interior.com\/da\/vare\/silo-organiser-sort\/"]}]},{"@type":"ImageObject","inLanguage":"da-DK","@id":"https:\/\/hubsch-interior.com\/da\/vare\/silo-organiser-sort\/#primaryimage","url":"https:\/\/hubsch-interior.com\/wp-content\/uploads\/2026\/02\/silo-organiser-black-e3c2484f271b8928f7b57a22cdf87822.jpg","contentUrl":"https:\/\/hubsch-interior.com\/wp-content\/uploads\/2026\/02\/silo-organiser-black-e3c2484f271b8928f7b57a22cdf87822.jpg","width":1024,"height":1024},{"@type":"BreadcrumbList","@id":"https:\/\/hubsch-interior.com\/da\/vare\/silo-organiser-sort\/#breadcrumb","itemListElement":[{"@type":"ListItem","position":1,"name":"Forside","item":"https:\/\/hubsch-interior.com\/da\/"},{"@type":"ListItem","position":2,"name":"Produkter","item":"https:\/\/hubsch-interior.com\/da\/produkter\/"},{"@type":"ListItem","position":3,"name":"Boligtilbeh\u00f8r","item":"https:\/\/hubsch-interior.com\/da\/vare-kategori\/boligtilbehor\/"},{"@type":"ListItem","position":4,"name":"Kontor","item":"https:\/\/hubsch-interior.com\/da\/vare-kategori\/boligtilbehor\/kontor-da\/"},{"@type":"ListItem","position":5,"name":"Opbevaringskasser","item":"https:\/\/hubsch-interior.com\/da\/vare-kategori\/boligtilbehor\/kontor-da\/opbevaringskasser-da\/"},{"@type":"ListItem","position":6,"name":"Silo Organiser Sort"}]},{"@type":"WebSite","@id":"https:\/\/hubsch-interior.com\/da\/#website","url":"https:\/\/hubsch-interior.com\/da\/","name":"H\u00fcbsch","description":"Danish Home Interior and Design","publisher":{"@id":"https:\/\/hubsch-interior.com\/da\/#organization"},"potentialAction":[{"@type":"SearchAction","target":{"@type":"EntryPoint","urlTemplate":"https:\/\/hubsch-interior.com\/da\/?s={search_term_string}"},"query-input":{"@type":"PropertyValueSpecification","valueRequired":true,"valueName":"search_term_string"}}],"inLanguage":"da-DK"},{"@type":"Organization","@id":"https:\/\/hubsch-interior.com\/da\/#organization","name":"H\u00fcbsch","url":"https:\/\/hubsch-interior.com\/da\/","logo":{"@type":"ImageObject","inLanguage":"da-DK","@id":"https:\/\/hubsch-interior.com\/da\/#\/schema\/logo\/image\/","url":"https:\/\/hubsch-interior.com\/wp-content\/uploads\/2022\/12\/Hubsch_logo_black_one_line.svg","contentUrl":"https:\/\/hubsch-interior.com\/wp-content\/uploads\/2022\/12\/Hubsch_logo_black_one_line.svg","caption":"H\u00fcbsch"},"image":{"@id":"https:\/\/hubsch-interior.com\/da\/#\/schema\/logo\/image\/"}}]}},"_links":{"self":[{"href":"https:\/\/hubsch-interior.com\/da\/wp-json\/wp\/v2\/product\/978206","targetHints":{"allow":["GET"]}}],"collection":[{"href":"https:\/\/hubsch-interior.com\/da\/wp-json\/wp\/v2\/product"}],"about":[{"href":"https:\/\/hubsch-interior.com\/da\/wp-json\/wp\/v2\/types\/product"}],"wp:featuredmedia":[{"embeddable":true,"href":"https:\/\/hubsch-interior.com\/da\/wp-json\/wp\/v2\/media\/1114079"}],"wp:attachment":[{"href":"https:\/\/hubsch-interior.com\/da\/wp-json\/wp\/v2\/media?parent=978206"}],"wp:term":[{"taxonomy":"product_brand","embeddable":true,"href":"https:\/\/hubsch-interior.com\/da\/wp-json\/wp\/v2\/product_brand?post=978206"},{"taxonomy":"product_cat","embeddable":true,"href":"https:\/\/hubsch-interior.com\/da\/wp-json\/wp\/v2\/product_cat?post=978206"},{"taxonomy":"product_tag","embeddable":true,"href":"https:\/\/hubsch-interior.com\/da\/wp-json\/wp\/v2\/product_tag?post=978206"}],"curies":[{"name":"wp","href":"https:\/\/api.w.org\/{rel}","templated":true}]}}