{"id":978230,"date":"2024-01-29T09:37:53","date_gmt":"2024-01-29T08:37:53","guid":{"rendered":"https:\/\/hubsch-interior.com\/product\/product\/"},"modified":"2026-04-05T05:22:15","modified_gmt":"2026-04-05T03:22:15","slug":"stilt-barstol-sand","status":"publish","type":"product","link":"https:\/\/hubsch-interior.com\/da\/vare\/stilt-barstol-sand\/","title":{"rendered":"Stilt Barstol Sand"},"content":{"rendered":"<p>Gl\u00e6d dig til at sidde h\u00f8jt og elegant p\u00e5 vores Stilt Barstol i en sandfarvet variant. Det FSC-certificerede tr\u00e6 giver en naturlig fornemmelse, mens jernets styrke sikrer en solid konstruktion. Den h\u00f8je, slanke barstol er et perfekt mix af materialer og skaber en unik stil i dit hjem. St\u00e5lbenene fungerer ogs\u00e5 som en behagelig fodst\u00f8tte, der tilf\u00f8jer endnu mere afslapning til din siddeoplevelse. Med et varmt, naturligt tr\u00e6s\u00e6de vil denne barstol v\u00e6re en smuk og funktionel tilf\u00f8jelse til dit k\u00f8kken eller baromr\u00e5de.<\/p>\n","protected":false},"excerpt":{"rendered":"<p>Gl\u00e6d dig til at sidde h\u00f8jt og elegant p\u00e5 vores Stilt Barstol i en sandfarvet variant. Det FSC-certificerede tr\u00e6 giver en naturlig fornemmelse, mens jernets styrke sikrer en solid konstruktion. Den h\u00f8je, slanke barstol er et perfekt mix af materialer og skaber en unik stil i dit hjem. St\u00e5lbenene fungerer ogs\u00e5 som en behagelig fodst\u00f8tte, [&hellip;]<\/p>\n","protected":false},"featured_media":1114095,"template":"","meta":{"_acf_changed":false,"inline_featured_image":false},"product_brand":[],"product_cat":[6880,6321,2841,4194,5025],"product_tag":[],"class_list":{"0":"post-978230","1":"product","2":"type-product","3":"status-publish","4":"has-post-thumbnail","6":"product_cat-elevating-nostalgia-da","7":"product_cat-fsc-da","8":"product_cat-siddemoebler-da","9":"product_cat-barstole-da","10":"product_cat-bestsellers-da","11":"product_shipping_class-pk","13":"pa_color-sand-da","14":"pa_material-egetr","15":"pa_material-jern-da","17":"first","18":"instock","19":"featured","20":"taxable","21":"shipping-taxable","22":"purchasable","23":"product-type-simple"},"exclude_global_add_ons":[],"addons":[],"acf":[],"yoast_head":"<!-- This site is optimized with the Yoast SEO plugin v26.4 - https:\/\/yoast.com\/wordpress\/plugins\/seo\/ -->\n<title>Stilt Barstol Sand - H\u00fcbsch<\/title>\n<meta name=\"description\" content=\"Gl\u00e6d dig til at sidde h\u00f8jt og elegant p\u00e5 vores Stilt Barstol i en sandfarvet variant. Det FSC-certificerede tr\u00e6 giver en naturlig fornemmelse, mens\" \/>\n<meta name=\"robots\" content=\"index, follow, max-snippet:-1, max-image-preview:large, max-video-preview:-1\" \/>\n<link rel=\"canonical\" href=\"https:\/\/hubsch-interior.com\/da\/wp-json\/wp\/v2\/product\/978230\" \/>\n<meta property=\"og:locale\" content=\"da_DK\" \/>\n<meta property=\"og:type\" content=\"article\" \/>\n<meta property=\"og:title\" content=\"Stilt Barstol Sand - H\u00fcbsch\" \/>\n<meta property=\"og:description\" content=\"Gl\u00e6d dig til at sidde h\u00f8jt og elegant p\u00e5 vores Stilt Barstol i en sandfarvet variant. Det FSC-certificerede tr\u00e6 giver en naturlig fornemmelse, mens\" \/>\n<meta property=\"og:url\" content=\"https:\/\/hubsch-interior.com\/da\/vare\/stilt-barstol-sand\/\" \/>\n<meta property=\"og:site_name\" content=\"H\u00fcbsch\" \/>\n<meta property=\"article:modified_time\" content=\"2026-04-05T03:22:15+00:00\" \/>\n<meta property=\"og:image\" content=\"https:\/\/hubsch-interior.com\/wp-content\/uploads\/2024\/01\/stilt-bar-stool-sand-571311f6687c24db04bbc3af390e9a1e.jpg\" \/>\n\t<meta property=\"og:image:width\" content=\"1200\" \/>\n\t<meta property=\"og:image:height\" content=\"1200\" \/>\n\t<meta property=\"og:image:type\" content=\"image\/jpeg\" \/>\n<meta name=\"twitter:card\" content=\"summary_large_image\" \/>\n<script type=\"application\/ld+json\" class=\"yoast-schema-graph\">{\"@context\":\"https:\/\/schema.org\",\"@graph\":[{\"@type\":\"WebPage\",\"@id\":\"https:\/\/hubsch-interior.com\/da\/vare\/stilt-barstol-sand\/\",\"url\":\"https:\/\/hubsch-interior.com\/da\/vare\/stilt-barstol-sand\/\",\"name\":\"Stilt Barstol Sand - H\u00fcbsch\",\"isPartOf\":{\"@id\":\"https:\/\/hubsch-interior.com\/da\/#website\"},\"primaryImageOfPage\":{\"@id\":\"https:\/\/hubsch-interior.com\/da\/vare\/stilt-barstol-sand\/#primaryimage\"},\"image\":{\"@id\":\"https:\/\/hubsch-interior.com\/da\/vare\/stilt-barstol-sand\/#primaryimage\"},\"thumbnailUrl\":\"https:\/\/hubsch-interior.com\/wp-content\/uploads\/2026\/02\/stilt-bar-stool-sand-360739c1a11cae544b817b08c2d9ea6d.jpg\",\"datePublished\":\"2024-01-29T08:37:53+00:00\",\"dateModified\":\"2026-04-05T03:22:15+00:00\",\"description\":\"Gl\u00e6d dig til at sidde h\u00f8jt og elegant p\u00e5 vores Stilt Barstol i en sandfarvet variant. Det FSC-certificerede tr\u00e6 giver en naturlig fornemmelse, mens\",\"breadcrumb\":{\"@id\":\"https:\/\/hubsch-interior.com\/da\/vare\/stilt-barstol-sand\/#breadcrumb\"},\"inLanguage\":\"da-DK\",\"potentialAction\":[{\"@type\":\"ReadAction\",\"target\":[\"https:\/\/hubsch-interior.com\/da\/vare\/stilt-barstol-sand\/\"]}]},{\"@type\":\"ImageObject\",\"inLanguage\":\"da-DK\",\"@id\":\"https:\/\/hubsch-interior.com\/da\/vare\/stilt-barstol-sand\/#primaryimage\",\"url\":\"https:\/\/hubsch-interior.com\/wp-content\/uploads\/2026\/02\/stilt-bar-stool-sand-360739c1a11cae544b817b08c2d9ea6d.jpg\",\"contentUrl\":\"https:\/\/hubsch-interior.com\/wp-content\/uploads\/2026\/02\/stilt-bar-stool-sand-360739c1a11cae544b817b08c2d9ea6d.jpg\",\"width\":1024,\"height\":1024},{\"@type\":\"BreadcrumbList\",\"@id\":\"https:\/\/hubsch-interior.com\/da\/vare\/stilt-barstol-sand\/#breadcrumb\",\"itemListElement\":[{\"@type\":\"ListItem\",\"position\":1,\"name\":\"Forside\",\"item\":\"https:\/\/hubsch-interior.com\/da\/\"},{\"@type\":\"ListItem\",\"position\":2,\"name\":\"Produkter\",\"item\":\"https:\/\/hubsch-interior.com\/da\/produkter\/\"},{\"@type\":\"ListItem\",\"position\":3,\"name\":\"M\u00f8bler\",\"item\":\"https:\/\/hubsch-interior.com\/da\/vare-kategori\/mobler\/\"},{\"@type\":\"ListItem\",\"position\":4,\"name\":\"Siddem&oslash;bler\",\"item\":\"https:\/\/hubsch-interior.com\/da\/vare-kategori\/mobler\/siddemoebler-da\/\"},{\"@type\":\"ListItem\",\"position\":5,\"name\":\"Barstole\",\"item\":\"https:\/\/hubsch-interior.com\/da\/vare-kategori\/mobler\/siddemoebler-da\/barstole-da\/\"},{\"@type\":\"ListItem\",\"position\":6,\"name\":\"Stilt Barstol Sand\"}]},{\"@type\":\"WebSite\",\"@id\":\"https:\/\/hubsch-interior.com\/da\/#website\",\"url\":\"https:\/\/hubsch-interior.com\/da\/\",\"name\":\"H\u00fcbsch\",\"description\":\"Danish Home Interior and Design\",\"publisher\":{\"@id\":\"https:\/\/hubsch-interior.com\/da\/#organization\"},\"potentialAction\":[{\"@type\":\"SearchAction\",\"target\":{\"@type\":\"EntryPoint\",\"urlTemplate\":\"https:\/\/hubsch-interior.com\/da\/?s={search_term_string}\"},\"query-input\":{\"@type\":\"PropertyValueSpecification\",\"valueRequired\":true,\"valueName\":\"search_term_string\"}}],\"inLanguage\":\"da-DK\"},{\"@type\":\"Organization\",\"@id\":\"https:\/\/hubsch-interior.com\/da\/#organization\",\"name\":\"H\u00fcbsch\",\"url\":\"https:\/\/hubsch-interior.com\/da\/\",\"logo\":{\"@type\":\"ImageObject\",\"inLanguage\":\"da-DK\",\"@id\":\"https:\/\/hubsch-interior.com\/da\/#\/schema\/logo\/image\/\",\"url\":\"https:\/\/hubsch-interior.com\/wp-content\/uploads\/2022\/12\/Hubsch_logo_black_one_line.svg\",\"contentUrl\":\"https:\/\/hubsch-interior.com\/wp-content\/uploads\/2022\/12\/Hubsch_logo_black_one_line.svg\",\"caption\":\"H\u00fcbsch\"},\"image\":{\"@id\":\"https:\/\/hubsch-interior.com\/da\/#\/schema\/logo\/image\/\"}}]}<\/script>\n<!-- \/ Yoast SEO plugin. -->","yoast_head_json":{"title":"Stilt Barstol Sand - H\u00fcbsch","description":"Gl\u00e6d dig til at sidde h\u00f8jt og elegant p\u00e5 vores Stilt Barstol i en sandfarvet variant. Det FSC-certificerede tr\u00e6 giver en naturlig fornemmelse, mens","robots":{"index":"index","follow":"follow","max-snippet":"max-snippet:-1","max-image-preview":"max-image-preview:large","max-video-preview":"max-video-preview:-1"},"canonical":"https:\/\/hubsch-interior.com\/da\/wp-json\/wp\/v2\/product\/978230","og_locale":"da_DK","og_type":"article","og_title":"Stilt Barstol Sand - H\u00fcbsch","og_description":"Gl\u00e6d dig til at sidde h\u00f8jt og elegant p\u00e5 vores Stilt Barstol i en sandfarvet variant. Det FSC-certificerede tr\u00e6 giver en naturlig fornemmelse, mens","og_url":"https:\/\/hubsch-interior.com\/da\/vare\/stilt-barstol-sand\/","og_site_name":"H\u00fcbsch","article_modified_time":"2026-04-05T03:22:15+00:00","og_image":[{"width":1200,"height":1200,"url":"https:\/\/hubsch-interior.com\/wp-content\/uploads\/2024\/01\/stilt-bar-stool-sand-571311f6687c24db04bbc3af390e9a1e.jpg","type":"image\/jpeg"}],"twitter_card":"summary_large_image","schema":{"@context":"https:\/\/schema.org","@graph":[{"@type":"WebPage","@id":"https:\/\/hubsch-interior.com\/da\/vare\/stilt-barstol-sand\/","url":"https:\/\/hubsch-interior.com\/da\/vare\/stilt-barstol-sand\/","name":"Stilt Barstol Sand - H\u00fcbsch","isPartOf":{"@id":"https:\/\/hubsch-interior.com\/da\/#website"},"primaryImageOfPage":{"@id":"https:\/\/hubsch-interior.com\/da\/vare\/stilt-barstol-sand\/#primaryimage"},"image":{"@id":"https:\/\/hubsch-interior.com\/da\/vare\/stilt-barstol-sand\/#primaryimage"},"thumbnailUrl":"https:\/\/hubsch-interior.com\/wp-content\/uploads\/2026\/02\/stilt-bar-stool-sand-360739c1a11cae544b817b08c2d9ea6d.jpg","datePublished":"2024-01-29T08:37:53+00:00","dateModified":"2026-04-05T03:22:15+00:00","description":"Gl\u00e6d dig til at sidde h\u00f8jt og elegant p\u00e5 vores Stilt Barstol i en sandfarvet variant. Det FSC-certificerede tr\u00e6 giver en naturlig fornemmelse, mens","breadcrumb":{"@id":"https:\/\/hubsch-interior.com\/da\/vare\/stilt-barstol-sand\/#breadcrumb"},"inLanguage":"da-DK","potentialAction":[{"@type":"ReadAction","target":["https:\/\/hubsch-interior.com\/da\/vare\/stilt-barstol-sand\/"]}]},{"@type":"ImageObject","inLanguage":"da-DK","@id":"https:\/\/hubsch-interior.com\/da\/vare\/stilt-barstol-sand\/#primaryimage","url":"https:\/\/hubsch-interior.com\/wp-content\/uploads\/2026\/02\/stilt-bar-stool-sand-360739c1a11cae544b817b08c2d9ea6d.jpg","contentUrl":"https:\/\/hubsch-interior.com\/wp-content\/uploads\/2026\/02\/stilt-bar-stool-sand-360739c1a11cae544b817b08c2d9ea6d.jpg","width":1024,"height":1024},{"@type":"BreadcrumbList","@id":"https:\/\/hubsch-interior.com\/da\/vare\/stilt-barstol-sand\/#breadcrumb","itemListElement":[{"@type":"ListItem","position":1,"name":"Forside","item":"https:\/\/hubsch-interior.com\/da\/"},{"@type":"ListItem","position":2,"name":"Produkter","item":"https:\/\/hubsch-interior.com\/da\/produkter\/"},{"@type":"ListItem","position":3,"name":"M\u00f8bler","item":"https:\/\/hubsch-interior.com\/da\/vare-kategori\/mobler\/"},{"@type":"ListItem","position":4,"name":"Siddem&oslash;bler","item":"https:\/\/hubsch-interior.com\/da\/vare-kategori\/mobler\/siddemoebler-da\/"},{"@type":"ListItem","position":5,"name":"Barstole","item":"https:\/\/hubsch-interior.com\/da\/vare-kategori\/mobler\/siddemoebler-da\/barstole-da\/"},{"@type":"ListItem","position":6,"name":"Stilt Barstol Sand"}]},{"@type":"WebSite","@id":"https:\/\/hubsch-interior.com\/da\/#website","url":"https:\/\/hubsch-interior.com\/da\/","name":"H\u00fcbsch","description":"Danish Home Interior and Design","publisher":{"@id":"https:\/\/hubsch-interior.com\/da\/#organization"},"potentialAction":[{"@type":"SearchAction","target":{"@type":"EntryPoint","urlTemplate":"https:\/\/hubsch-interior.com\/da\/?s={search_term_string}"},"query-input":{"@type":"PropertyValueSpecification","valueRequired":true,"valueName":"search_term_string"}}],"inLanguage":"da-DK"},{"@type":"Organization","@id":"https:\/\/hubsch-interior.com\/da\/#organization","name":"H\u00fcbsch","url":"https:\/\/hubsch-interior.com\/da\/","logo":{"@type":"ImageObject","inLanguage":"da-DK","@id":"https:\/\/hubsch-interior.com\/da\/#\/schema\/logo\/image\/","url":"https:\/\/hubsch-interior.com\/wp-content\/uploads\/2022\/12\/Hubsch_logo_black_one_line.svg","contentUrl":"https:\/\/hubsch-interior.com\/wp-content\/uploads\/2022\/12\/Hubsch_logo_black_one_line.svg","caption":"H\u00fcbsch"},"image":{"@id":"https:\/\/hubsch-interior.com\/da\/#\/schema\/logo\/image\/"}}]}},"_links":{"self":[{"href":"https:\/\/hubsch-interior.com\/da\/wp-json\/wp\/v2\/product\/978230","targetHints":{"allow":["GET"]}}],"collection":[{"href":"https:\/\/hubsch-interior.com\/da\/wp-json\/wp\/v2\/product"}],"about":[{"href":"https:\/\/hubsch-interior.com\/da\/wp-json\/wp\/v2\/types\/product"}],"wp:featuredmedia":[{"embeddable":true,"href":"https:\/\/hubsch-interior.com\/da\/wp-json\/wp\/v2\/media\/1114095"}],"wp:attachment":[{"href":"https:\/\/hubsch-interior.com\/da\/wp-json\/wp\/v2\/media?parent=978230"}],"wp:term":[{"taxonomy":"product_brand","embeddable":true,"href":"https:\/\/hubsch-interior.com\/da\/wp-json\/wp\/v2\/product_brand?post=978230"},{"taxonomy":"product_cat","embeddable":true,"href":"https:\/\/hubsch-interior.com\/da\/wp-json\/wp\/v2\/product_cat?post=978230"},{"taxonomy":"product_tag","embeddable":true,"href":"https:\/\/hubsch-interior.com\/da\/wp-json\/wp\/v2\/product_tag?post=978230"}],"curies":[{"name":"wp","href":"https:\/\/api.w.org\/{rel}","templated":true}]}}