{"id":978262,"date":"2024-01-29T09:38:17","date_gmt":"2024-01-29T08:38:17","guid":{"rendered":"https:\/\/hubsch-interior.com\/product\/product\/"},"modified":"2026-04-05T05:22:23","modified_gmt":"2026-04-05T03:22:23","slug":"studio-vaeglampe-brun","status":"publish","type":"product","link":"https:\/\/hubsch-interior.com\/da\/vare\/studio-vaeglampe-brun\/","title":{"rendered":"Studio V\u00e6glampe Brun"},"content":{"rendered":"<p>Oplev en dynamisk og stemningsfuld belysning med vores Studio V\u00e6glampe. Lampen kommer i to forskellige varianter, hvor denne variant er i en varm og elegant brun farve. Udformet i jern tilf\u00f8jer denne lampe et industrielt touch til din indretning. Med den m\u00f8rkebl\u00e5 stofledning kan du justere lampen og skabe en unik atmosf\u00e6re. Den skifter udtryk afh\u00e6ngigt af lyset omkring den, s\u00e5 du vil altid have en sp\u00e6ndende belysning i dit rum. Perfekt som stemningsfuld v\u00e6gbelysning.<\/p>\n","protected":false},"excerpt":{"rendered":"<p>Oplev en dynamisk og stemningsfuld belysning med vores Studio V\u00e6glampe. Lampen kommer i to forskellige varianter, hvor denne variant er i en varm og elegant brun farve. Udformet i jern tilf\u00f8jer denne lampe et industrielt touch til din indretning. Med den m\u00f8rkebl\u00e5 stofledning kan du justere lampen og skabe en unik atmosf\u00e6re. Den skifter udtryk [&hellip;]<\/p>\n","protected":false},"featured_media":1113616,"template":"","meta":{"_acf_changed":false,"inline_featured_image":false},"product_brand":[],"product_cat":[6880,6899,3808,3405,5025],"product_tag":[],"class_list":{"0":"post-978262","1":"product","2":"type-product","3":"status-publish","4":"has-post-thumbnail","6":"product_cat-elevating-nostalgia-da","7":"product_cat-funktionel-belysning-da","8":"product_cat-belysning","9":"product_cat-vaeglamper-da","10":"product_cat-bestsellers-da","11":"product_shipping_class-pk","13":"pa_color-brun","14":"pa_material-jern-da","16":"first","17":"instock","18":"featured","19":"taxable","20":"shipping-taxable","21":"purchasable","22":"product-type-simple"},"exclude_global_add_ons":[],"addons":[],"acf":[],"yoast_head":"<!-- This site is optimized with the Yoast SEO plugin v26.4 - https:\/\/yoast.com\/wordpress\/plugins\/seo\/ -->\n<title>Studio V\u00e6glampe Brun - H\u00fcbsch<\/title>\n<meta name=\"description\" content=\"Oplev en dynamisk og stemningsfuld belysning med vores Studio V\u00e6glampe. Lampen kommer i to forskellige varianter, hvor denne variant er i en varm og\" \/>\n<meta name=\"robots\" content=\"index, follow, max-snippet:-1, max-image-preview:large, max-video-preview:-1\" \/>\n<link rel=\"canonical\" href=\"https:\/\/hubsch-interior.com\/da\/wp-json\/wp\/v2\/product\/978262\" \/>\n<meta property=\"og:locale\" content=\"da_DK\" \/>\n<meta property=\"og:type\" content=\"article\" \/>\n<meta property=\"og:title\" content=\"Studio V\u00e6glampe Brun - H\u00fcbsch\" \/>\n<meta property=\"og:description\" content=\"Oplev en dynamisk og stemningsfuld belysning med vores Studio V\u00e6glampe. Lampen kommer i to forskellige varianter, hvor denne variant er i en varm og\" \/>\n<meta property=\"og:url\" content=\"https:\/\/hubsch-interior.com\/da\/vare\/studio-vaeglampe-brun\/\" \/>\n<meta property=\"og:site_name\" content=\"H\u00fcbsch\" \/>\n<meta property=\"article:modified_time\" content=\"2026-04-05T03:22:23+00:00\" \/>\n<meta property=\"og:image\" content=\"https:\/\/hubsch-interior.com\/wp-content\/uploads\/2024\/01\/studio-wall-light-brown-5229ee3e45a998ce94b1079eaeedc78c.jpg\" \/>\n\t<meta property=\"og:image:width\" content=\"1200\" \/>\n\t<meta property=\"og:image:height\" content=\"1200\" \/>\n\t<meta property=\"og:image:type\" content=\"image\/jpeg\" \/>\n<meta name=\"twitter:card\" content=\"summary_large_image\" \/>\n<script type=\"application\/ld+json\" class=\"yoast-schema-graph\">{\"@context\":\"https:\/\/schema.org\",\"@graph\":[{\"@type\":\"WebPage\",\"@id\":\"https:\/\/hubsch-interior.com\/da\/vare\/studio-vaeglampe-brun\/\",\"url\":\"https:\/\/hubsch-interior.com\/da\/vare\/studio-vaeglampe-brun\/\",\"name\":\"Studio V\u00e6glampe Brun - H\u00fcbsch\",\"isPartOf\":{\"@id\":\"https:\/\/hubsch-interior.com\/da\/#website\"},\"primaryImageOfPage\":{\"@id\":\"https:\/\/hubsch-interior.com\/da\/vare\/studio-vaeglampe-brun\/#primaryimage\"},\"image\":{\"@id\":\"https:\/\/hubsch-interior.com\/da\/vare\/studio-vaeglampe-brun\/#primaryimage\"},\"thumbnailUrl\":\"https:\/\/hubsch-interior.com\/wp-content\/uploads\/2026\/02\/studio-wall-light-brown-a0ce7fb36916adaf7a17e7ca32af3140.jpg\",\"datePublished\":\"2024-01-29T08:38:17+00:00\",\"dateModified\":\"2026-04-05T03:22:23+00:00\",\"description\":\"Oplev en dynamisk og stemningsfuld belysning med vores Studio V\u00e6glampe. Lampen kommer i to forskellige varianter, hvor denne variant er i en varm og\",\"breadcrumb\":{\"@id\":\"https:\/\/hubsch-interior.com\/da\/vare\/studio-vaeglampe-brun\/#breadcrumb\"},\"inLanguage\":\"da-DK\",\"potentialAction\":[{\"@type\":\"ReadAction\",\"target\":[\"https:\/\/hubsch-interior.com\/da\/vare\/studio-vaeglampe-brun\/\"]}]},{\"@type\":\"ImageObject\",\"inLanguage\":\"da-DK\",\"@id\":\"https:\/\/hubsch-interior.com\/da\/vare\/studio-vaeglampe-brun\/#primaryimage\",\"url\":\"https:\/\/hubsch-interior.com\/wp-content\/uploads\/2026\/02\/studio-wall-light-brown-a0ce7fb36916adaf7a17e7ca32af3140.jpg\",\"contentUrl\":\"https:\/\/hubsch-interior.com\/wp-content\/uploads\/2026\/02\/studio-wall-light-brown-a0ce7fb36916adaf7a17e7ca32af3140.jpg\",\"width\":1024,\"height\":1024},{\"@type\":\"BreadcrumbList\",\"@id\":\"https:\/\/hubsch-interior.com\/da\/vare\/studio-vaeglampe-brun\/#breadcrumb\",\"itemListElement\":[{\"@type\":\"ListItem\",\"position\":1,\"name\":\"Forside\",\"item\":\"https:\/\/hubsch-interior.com\/da\/\"},{\"@type\":\"ListItem\",\"position\":2,\"name\":\"Produkter\",\"item\":\"https:\/\/hubsch-interior.com\/da\/produkter\/\"},{\"@type\":\"ListItem\",\"position\":3,\"name\":\"Belysning\",\"item\":\"https:\/\/hubsch-interior.com\/da\/vare-kategori\/belysning\/\"},{\"@type\":\"ListItem\",\"position\":4,\"name\":\"V&aelig;glamper\",\"item\":\"https:\/\/hubsch-interior.com\/da\/vare-kategori\/belysning\/vaeglamper-da\/\"},{\"@type\":\"ListItem\",\"position\":5,\"name\":\"Studio V\u00e6glampe Brun\"}]},{\"@type\":\"WebSite\",\"@id\":\"https:\/\/hubsch-interior.com\/da\/#website\",\"url\":\"https:\/\/hubsch-interior.com\/da\/\",\"name\":\"H\u00fcbsch\",\"description\":\"Danish Home Interior and Design\",\"publisher\":{\"@id\":\"https:\/\/hubsch-interior.com\/da\/#organization\"},\"potentialAction\":[{\"@type\":\"SearchAction\",\"target\":{\"@type\":\"EntryPoint\",\"urlTemplate\":\"https:\/\/hubsch-interior.com\/da\/?s={search_term_string}\"},\"query-input\":{\"@type\":\"PropertyValueSpecification\",\"valueRequired\":true,\"valueName\":\"search_term_string\"}}],\"inLanguage\":\"da-DK\"},{\"@type\":\"Organization\",\"@id\":\"https:\/\/hubsch-interior.com\/da\/#organization\",\"name\":\"H\u00fcbsch\",\"url\":\"https:\/\/hubsch-interior.com\/da\/\",\"logo\":{\"@type\":\"ImageObject\",\"inLanguage\":\"da-DK\",\"@id\":\"https:\/\/hubsch-interior.com\/da\/#\/schema\/logo\/image\/\",\"url\":\"https:\/\/hubsch-interior.com\/wp-content\/uploads\/2022\/12\/Hubsch_logo_black_one_line.svg\",\"contentUrl\":\"https:\/\/hubsch-interior.com\/wp-content\/uploads\/2022\/12\/Hubsch_logo_black_one_line.svg\",\"caption\":\"H\u00fcbsch\"},\"image\":{\"@id\":\"https:\/\/hubsch-interior.com\/da\/#\/schema\/logo\/image\/\"}}]}<\/script>\n<!-- \/ Yoast SEO plugin. -->","yoast_head_json":{"title":"Studio V\u00e6glampe Brun - H\u00fcbsch","description":"Oplev en dynamisk og stemningsfuld belysning med vores Studio V\u00e6glampe. Lampen kommer i to forskellige varianter, hvor denne variant er i en varm og","robots":{"index":"index","follow":"follow","max-snippet":"max-snippet:-1","max-image-preview":"max-image-preview:large","max-video-preview":"max-video-preview:-1"},"canonical":"https:\/\/hubsch-interior.com\/da\/wp-json\/wp\/v2\/product\/978262","og_locale":"da_DK","og_type":"article","og_title":"Studio V\u00e6glampe Brun - H\u00fcbsch","og_description":"Oplev en dynamisk og stemningsfuld belysning med vores Studio V\u00e6glampe. Lampen kommer i to forskellige varianter, hvor denne variant er i en varm og","og_url":"https:\/\/hubsch-interior.com\/da\/vare\/studio-vaeglampe-brun\/","og_site_name":"H\u00fcbsch","article_modified_time":"2026-04-05T03:22:23+00:00","og_image":[{"width":1200,"height":1200,"url":"https:\/\/hubsch-interior.com\/wp-content\/uploads\/2024\/01\/studio-wall-light-brown-5229ee3e45a998ce94b1079eaeedc78c.jpg","type":"image\/jpeg"}],"twitter_card":"summary_large_image","schema":{"@context":"https:\/\/schema.org","@graph":[{"@type":"WebPage","@id":"https:\/\/hubsch-interior.com\/da\/vare\/studio-vaeglampe-brun\/","url":"https:\/\/hubsch-interior.com\/da\/vare\/studio-vaeglampe-brun\/","name":"Studio V\u00e6glampe Brun - H\u00fcbsch","isPartOf":{"@id":"https:\/\/hubsch-interior.com\/da\/#website"},"primaryImageOfPage":{"@id":"https:\/\/hubsch-interior.com\/da\/vare\/studio-vaeglampe-brun\/#primaryimage"},"image":{"@id":"https:\/\/hubsch-interior.com\/da\/vare\/studio-vaeglampe-brun\/#primaryimage"},"thumbnailUrl":"https:\/\/hubsch-interior.com\/wp-content\/uploads\/2026\/02\/studio-wall-light-brown-a0ce7fb36916adaf7a17e7ca32af3140.jpg","datePublished":"2024-01-29T08:38:17+00:00","dateModified":"2026-04-05T03:22:23+00:00","description":"Oplev en dynamisk og stemningsfuld belysning med vores Studio V\u00e6glampe. Lampen kommer i to forskellige varianter, hvor denne variant er i en varm og","breadcrumb":{"@id":"https:\/\/hubsch-interior.com\/da\/vare\/studio-vaeglampe-brun\/#breadcrumb"},"inLanguage":"da-DK","potentialAction":[{"@type":"ReadAction","target":["https:\/\/hubsch-interior.com\/da\/vare\/studio-vaeglampe-brun\/"]}]},{"@type":"ImageObject","inLanguage":"da-DK","@id":"https:\/\/hubsch-interior.com\/da\/vare\/studio-vaeglampe-brun\/#primaryimage","url":"https:\/\/hubsch-interior.com\/wp-content\/uploads\/2026\/02\/studio-wall-light-brown-a0ce7fb36916adaf7a17e7ca32af3140.jpg","contentUrl":"https:\/\/hubsch-interior.com\/wp-content\/uploads\/2026\/02\/studio-wall-light-brown-a0ce7fb36916adaf7a17e7ca32af3140.jpg","width":1024,"height":1024},{"@type":"BreadcrumbList","@id":"https:\/\/hubsch-interior.com\/da\/vare\/studio-vaeglampe-brun\/#breadcrumb","itemListElement":[{"@type":"ListItem","position":1,"name":"Forside","item":"https:\/\/hubsch-interior.com\/da\/"},{"@type":"ListItem","position":2,"name":"Produkter","item":"https:\/\/hubsch-interior.com\/da\/produkter\/"},{"@type":"ListItem","position":3,"name":"Belysning","item":"https:\/\/hubsch-interior.com\/da\/vare-kategori\/belysning\/"},{"@type":"ListItem","position":4,"name":"V&aelig;glamper","item":"https:\/\/hubsch-interior.com\/da\/vare-kategori\/belysning\/vaeglamper-da\/"},{"@type":"ListItem","position":5,"name":"Studio V\u00e6glampe Brun"}]},{"@type":"WebSite","@id":"https:\/\/hubsch-interior.com\/da\/#website","url":"https:\/\/hubsch-interior.com\/da\/","name":"H\u00fcbsch","description":"Danish Home Interior and Design","publisher":{"@id":"https:\/\/hubsch-interior.com\/da\/#organization"},"potentialAction":[{"@type":"SearchAction","target":{"@type":"EntryPoint","urlTemplate":"https:\/\/hubsch-interior.com\/da\/?s={search_term_string}"},"query-input":{"@type":"PropertyValueSpecification","valueRequired":true,"valueName":"search_term_string"}}],"inLanguage":"da-DK"},{"@type":"Organization","@id":"https:\/\/hubsch-interior.com\/da\/#organization","name":"H\u00fcbsch","url":"https:\/\/hubsch-interior.com\/da\/","logo":{"@type":"ImageObject","inLanguage":"da-DK","@id":"https:\/\/hubsch-interior.com\/da\/#\/schema\/logo\/image\/","url":"https:\/\/hubsch-interior.com\/wp-content\/uploads\/2022\/12\/Hubsch_logo_black_one_line.svg","contentUrl":"https:\/\/hubsch-interior.com\/wp-content\/uploads\/2022\/12\/Hubsch_logo_black_one_line.svg","caption":"H\u00fcbsch"},"image":{"@id":"https:\/\/hubsch-interior.com\/da\/#\/schema\/logo\/image\/"}}]}},"_links":{"self":[{"href":"https:\/\/hubsch-interior.com\/da\/wp-json\/wp\/v2\/product\/978262","targetHints":{"allow":["GET"]}}],"collection":[{"href":"https:\/\/hubsch-interior.com\/da\/wp-json\/wp\/v2\/product"}],"about":[{"href":"https:\/\/hubsch-interior.com\/da\/wp-json\/wp\/v2\/types\/product"}],"wp:featuredmedia":[{"embeddable":true,"href":"https:\/\/hubsch-interior.com\/da\/wp-json\/wp\/v2\/media\/1113616"}],"wp:attachment":[{"href":"https:\/\/hubsch-interior.com\/da\/wp-json\/wp\/v2\/media?parent=978262"}],"wp:term":[{"taxonomy":"product_brand","embeddable":true,"href":"https:\/\/hubsch-interior.com\/da\/wp-json\/wp\/v2\/product_brand?post=978262"},{"taxonomy":"product_cat","embeddable":true,"href":"https:\/\/hubsch-interior.com\/da\/wp-json\/wp\/v2\/product_cat?post=978262"},{"taxonomy":"product_tag","embeddable":true,"href":"https:\/\/hubsch-interior.com\/da\/wp-json\/wp\/v2\/product_tag?post=978262"}],"curies":[{"name":"wp","href":"https:\/\/api.w.org\/{rel}","templated":true}]}}