{"id":978310,"date":"2024-01-29T09:38:41","date_gmt":"2024-01-29T08:38:41","guid":{"rendered":"https:\/\/hubsch-interior.com\/product\/product\/"},"modified":"2026-04-08T05:18:49","modified_gmt":"2026-04-08T03:18:49","slug":"splint-bakke-rod-natur","status":"publish","type":"product","link":"https:\/\/hubsch-interior.com\/da\/vare\/splint-bakke-rod-natur\/","title":{"rendered":"Splint Bakke R\u00f8d\/Natur"},"content":{"rendered":"<p>Splint Bakken er en unik og funktionel tilf\u00f8jelse til dit hjem. Den er lavet af FSC-certificeret tr\u00e6 og har en smuk r\u00f8d farve, der tilf\u00f8jer varme og charme til ethvert rum. Det s\u00e6rlige ved denne bakke er dens kontrasterende teksturer &#8211; den er lavet af jern og rattan, der er flettet sammen for at skabe et interessant udseende. Det r\u00f8de st\u00e5lramme tilf\u00f8jer et moderne og stilfuldt touch til bakken, mens de flettede rattan-detaljer giver den et naturligt udtryk. Brug Splint Bakken som et dekorativt element p\u00e5 dit sofabord eller til praktisk servering ved middagsbordet. Med dens unikke kombination af materialer og farver, vil denne bakke helt sikkert tilf\u00f8je et interessant og personligt touch til dit hjem.<\/p>\n","protected":false},"excerpt":{"rendered":"<p>Splint Bakken er en unik og funktionel tilf\u00f8jelse til dit hjem. Den er lavet af FSC-certificeret tr\u00e6 og har en smuk r\u00f8d farve, der tilf\u00f8jer varme og charme til ethvert rum. Det s\u00e6rlige ved denne bakke er dens kontrasterende teksturer &#8211; den er lavet af jern og rattan, der er flettet sammen for at skabe [&hellip;]<\/p>\n","protected":false},"featured_media":1113644,"template":"","meta":{"_acf_changed":false,"inline_featured_image":false},"product_brand":[],"product_cat":[7038,7025,6880,6321,6347,4051,4052],"product_tag":[],"class_list":{"0":"post-978310","1":"product","2":"type-product","3":"status-publish","4":"has-post-thumbnail","6":"product_cat-koekken-bakker-da","7":"product_cat-bordservice-da-2","8":"product_cat-elevating-nostalgia-da","9":"product_cat-fsc-da","10":"product_cat-garden-selection-da","11":"product_cat-koekkentilbehoer-da","12":"product_cat-bakker-da","13":"product_shipping_class-pk","14":"pa_color-natur-2","15":"pa_color-rd","16":"pa_material-jern-da","17":"pa_material-rattan-da","19":"first","20":"instock","21":"taxable","22":"shipping-taxable","23":"purchasable","24":"product-type-simple"},"exclude_global_add_ons":[],"addons":[],"acf":[],"yoast_head":"<!-- This site is optimized with the Yoast SEO plugin v26.4 - https:\/\/yoast.com\/wordpress\/plugins\/seo\/ -->\n<title>Splint Bakke R\u00f8d\/Natur - H\u00fcbsch<\/title>\n<meta name=\"description\" content=\"Splint Bakken er en unik og funktionel tilf\u00f8jelse til dit hjem. Den er lavet af FSC-certificeret tr\u00e6 og har en smuk r\u00f8d farve, der tilf\u00f8jer varme og\" \/>\n<meta name=\"robots\" content=\"index, follow, max-snippet:-1, max-image-preview:large, max-video-preview:-1\" \/>\n<link rel=\"canonical\" href=\"https:\/\/hubsch-interior.com\/da\/wp-json\/wp\/v2\/product\/978310\" \/>\n<meta property=\"og:locale\" content=\"da_DK\" \/>\n<meta property=\"og:type\" content=\"article\" \/>\n<meta property=\"og:title\" content=\"Splint Bakke R\u00f8d\/Natur - H\u00fcbsch\" \/>\n<meta property=\"og:description\" content=\"Splint Bakken er en unik og funktionel tilf\u00f8jelse til dit hjem. Den er lavet af FSC-certificeret tr\u00e6 og har en smuk r\u00f8d farve, der tilf\u00f8jer varme og\" \/>\n<meta property=\"og:url\" content=\"https:\/\/hubsch-interior.com\/da\/vare\/splint-bakke-rod-natur\/\" \/>\n<meta property=\"og:site_name\" content=\"H\u00fcbsch\" \/>\n<meta property=\"article:modified_time\" content=\"2026-04-08T03:18:49+00:00\" \/>\n<meta property=\"og:image\" content=\"https:\/\/hubsch-interior.com\/wp-content\/uploads\/2025\/05\/splint-tray-rednatural-b503b821a7ef2595b8525b911e25cd46.jpg\" \/>\n\t<meta property=\"og:image:width\" content=\"1200\" \/>\n\t<meta property=\"og:image:height\" content=\"1200\" \/>\n\t<meta property=\"og:image:type\" content=\"image\/jpeg\" \/>\n<meta name=\"twitter:card\" content=\"summary_large_image\" \/>\n<meta name=\"twitter:label1\" content=\"Estimeret l\u00e6setid\" \/>\n\t<meta name=\"twitter:data1\" content=\"1 minut\" \/>\n<script type=\"application\/ld+json\" class=\"yoast-schema-graph\">{\"@context\":\"https:\/\/schema.org\",\"@graph\":[{\"@type\":\"WebPage\",\"@id\":\"https:\/\/hubsch-interior.com\/da\/vare\/splint-bakke-rod-natur\/\",\"url\":\"https:\/\/hubsch-interior.com\/da\/vare\/splint-bakke-rod-natur\/\",\"name\":\"Splint Bakke R\u00f8d\/Natur - H\u00fcbsch\",\"isPartOf\":{\"@id\":\"https:\/\/hubsch-interior.com\/da\/#website\"},\"primaryImageOfPage\":{\"@id\":\"https:\/\/hubsch-interior.com\/da\/vare\/splint-bakke-rod-natur\/#primaryimage\"},\"image\":{\"@id\":\"https:\/\/hubsch-interior.com\/da\/vare\/splint-bakke-rod-natur\/#primaryimage\"},\"thumbnailUrl\":\"https:\/\/hubsch-interior.com\/wp-content\/uploads\/2026\/02\/splint-tray-rednatural-94c7b4fa63aea6473341d808e9e2e6a5.jpg\",\"datePublished\":\"2024-01-29T08:38:41+00:00\",\"dateModified\":\"2026-04-08T03:18:49+00:00\",\"description\":\"Splint Bakken er en unik og funktionel tilf\u00f8jelse til dit hjem. Den er lavet af FSC-certificeret tr\u00e6 og har en smuk r\u00f8d farve, der tilf\u00f8jer varme og\",\"breadcrumb\":{\"@id\":\"https:\/\/hubsch-interior.com\/da\/vare\/splint-bakke-rod-natur\/#breadcrumb\"},\"inLanguage\":\"da-DK\",\"potentialAction\":[{\"@type\":\"ReadAction\",\"target\":[\"https:\/\/hubsch-interior.com\/da\/vare\/splint-bakke-rod-natur\/\"]}]},{\"@type\":\"ImageObject\",\"inLanguage\":\"da-DK\",\"@id\":\"https:\/\/hubsch-interior.com\/da\/vare\/splint-bakke-rod-natur\/#primaryimage\",\"url\":\"https:\/\/hubsch-interior.com\/wp-content\/uploads\/2026\/02\/splint-tray-rednatural-94c7b4fa63aea6473341d808e9e2e6a5.jpg\",\"contentUrl\":\"https:\/\/hubsch-interior.com\/wp-content\/uploads\/2026\/02\/splint-tray-rednatural-94c7b4fa63aea6473341d808e9e2e6a5.jpg\",\"width\":1024,\"height\":1024},{\"@type\":\"BreadcrumbList\",\"@id\":\"https:\/\/hubsch-interior.com\/da\/vare\/splint-bakke-rod-natur\/#breadcrumb\",\"itemListElement\":[{\"@type\":\"ListItem\",\"position\":1,\"name\":\"Forside\",\"item\":\"https:\/\/hubsch-interior.com\/da\/\"},{\"@type\":\"ListItem\",\"position\":2,\"name\":\"Produkter\",\"item\":\"https:\/\/hubsch-interior.com\/da\/produkter\/\"},{\"@type\":\"ListItem\",\"position\":3,\"name\":\"K\u00f8kken\",\"item\":\"https:\/\/hubsch-interior.com\/da\/vare-kategori\/koekken\/\"},{\"@type\":\"ListItem\",\"position\":4,\"name\":\"Bordservice\",\"item\":\"https:\/\/hubsch-interior.com\/da\/vare-kategori\/koekken\/bordservice-da-2\/\"},{\"@type\":\"ListItem\",\"position\":5,\"name\":\"Bakker\",\"item\":\"https:\/\/hubsch-interior.com\/da\/vare-kategori\/koekken\/bordservice-da-2\/koekken-bakker-da\/\"},{\"@type\":\"ListItem\",\"position\":6,\"name\":\"Splint Bakke R\u00f8d\/Natur\"}]},{\"@type\":\"WebSite\",\"@id\":\"https:\/\/hubsch-interior.com\/da\/#website\",\"url\":\"https:\/\/hubsch-interior.com\/da\/\",\"name\":\"H\u00fcbsch\",\"description\":\"Danish Home Interior and Design\",\"publisher\":{\"@id\":\"https:\/\/hubsch-interior.com\/da\/#organization\"},\"potentialAction\":[{\"@type\":\"SearchAction\",\"target\":{\"@type\":\"EntryPoint\",\"urlTemplate\":\"https:\/\/hubsch-interior.com\/da\/?s={search_term_string}\"},\"query-input\":{\"@type\":\"PropertyValueSpecification\",\"valueRequired\":true,\"valueName\":\"search_term_string\"}}],\"inLanguage\":\"da-DK\"},{\"@type\":\"Organization\",\"@id\":\"https:\/\/hubsch-interior.com\/da\/#organization\",\"name\":\"H\u00fcbsch\",\"url\":\"https:\/\/hubsch-interior.com\/da\/\",\"logo\":{\"@type\":\"ImageObject\",\"inLanguage\":\"da-DK\",\"@id\":\"https:\/\/hubsch-interior.com\/da\/#\/schema\/logo\/image\/\",\"url\":\"https:\/\/hubsch-interior.com\/wp-content\/uploads\/2022\/12\/Hubsch_logo_black_one_line.svg\",\"contentUrl\":\"https:\/\/hubsch-interior.com\/wp-content\/uploads\/2022\/12\/Hubsch_logo_black_one_line.svg\",\"caption\":\"H\u00fcbsch\"},\"image\":{\"@id\":\"https:\/\/hubsch-interior.com\/da\/#\/schema\/logo\/image\/\"}}]}<\/script>\n<!-- \/ Yoast SEO plugin. -->","yoast_head_json":{"title":"Splint Bakke R\u00f8d\/Natur - H\u00fcbsch","description":"Splint Bakken er en unik og funktionel tilf\u00f8jelse til dit hjem. Den er lavet af FSC-certificeret tr\u00e6 og har en smuk r\u00f8d farve, der tilf\u00f8jer varme og","robots":{"index":"index","follow":"follow","max-snippet":"max-snippet:-1","max-image-preview":"max-image-preview:large","max-video-preview":"max-video-preview:-1"},"canonical":"https:\/\/hubsch-interior.com\/da\/wp-json\/wp\/v2\/product\/978310","og_locale":"da_DK","og_type":"article","og_title":"Splint Bakke R\u00f8d\/Natur - H\u00fcbsch","og_description":"Splint Bakken er en unik og funktionel tilf\u00f8jelse til dit hjem. Den er lavet af FSC-certificeret tr\u00e6 og har en smuk r\u00f8d farve, der tilf\u00f8jer varme og","og_url":"https:\/\/hubsch-interior.com\/da\/vare\/splint-bakke-rod-natur\/","og_site_name":"H\u00fcbsch","article_modified_time":"2026-04-08T03:18:49+00:00","og_image":[{"width":1200,"height":1200,"url":"https:\/\/hubsch-interior.com\/wp-content\/uploads\/2025\/05\/splint-tray-rednatural-b503b821a7ef2595b8525b911e25cd46.jpg","type":"image\/jpeg"}],"twitter_card":"summary_large_image","twitter_misc":{"Estimeret l\u00e6setid":"1 minut"},"schema":{"@context":"https:\/\/schema.org","@graph":[{"@type":"WebPage","@id":"https:\/\/hubsch-interior.com\/da\/vare\/splint-bakke-rod-natur\/","url":"https:\/\/hubsch-interior.com\/da\/vare\/splint-bakke-rod-natur\/","name":"Splint Bakke R\u00f8d\/Natur - H\u00fcbsch","isPartOf":{"@id":"https:\/\/hubsch-interior.com\/da\/#website"},"primaryImageOfPage":{"@id":"https:\/\/hubsch-interior.com\/da\/vare\/splint-bakke-rod-natur\/#primaryimage"},"image":{"@id":"https:\/\/hubsch-interior.com\/da\/vare\/splint-bakke-rod-natur\/#primaryimage"},"thumbnailUrl":"https:\/\/hubsch-interior.com\/wp-content\/uploads\/2026\/02\/splint-tray-rednatural-94c7b4fa63aea6473341d808e9e2e6a5.jpg","datePublished":"2024-01-29T08:38:41+00:00","dateModified":"2026-04-08T03:18:49+00:00","description":"Splint Bakken er en unik og funktionel tilf\u00f8jelse til dit hjem. Den er lavet af FSC-certificeret tr\u00e6 og har en smuk r\u00f8d farve, der tilf\u00f8jer varme og","breadcrumb":{"@id":"https:\/\/hubsch-interior.com\/da\/vare\/splint-bakke-rod-natur\/#breadcrumb"},"inLanguage":"da-DK","potentialAction":[{"@type":"ReadAction","target":["https:\/\/hubsch-interior.com\/da\/vare\/splint-bakke-rod-natur\/"]}]},{"@type":"ImageObject","inLanguage":"da-DK","@id":"https:\/\/hubsch-interior.com\/da\/vare\/splint-bakke-rod-natur\/#primaryimage","url":"https:\/\/hubsch-interior.com\/wp-content\/uploads\/2026\/02\/splint-tray-rednatural-94c7b4fa63aea6473341d808e9e2e6a5.jpg","contentUrl":"https:\/\/hubsch-interior.com\/wp-content\/uploads\/2026\/02\/splint-tray-rednatural-94c7b4fa63aea6473341d808e9e2e6a5.jpg","width":1024,"height":1024},{"@type":"BreadcrumbList","@id":"https:\/\/hubsch-interior.com\/da\/vare\/splint-bakke-rod-natur\/#breadcrumb","itemListElement":[{"@type":"ListItem","position":1,"name":"Forside","item":"https:\/\/hubsch-interior.com\/da\/"},{"@type":"ListItem","position":2,"name":"Produkter","item":"https:\/\/hubsch-interior.com\/da\/produkter\/"},{"@type":"ListItem","position":3,"name":"K\u00f8kken","item":"https:\/\/hubsch-interior.com\/da\/vare-kategori\/koekken\/"},{"@type":"ListItem","position":4,"name":"Bordservice","item":"https:\/\/hubsch-interior.com\/da\/vare-kategori\/koekken\/bordservice-da-2\/"},{"@type":"ListItem","position":5,"name":"Bakker","item":"https:\/\/hubsch-interior.com\/da\/vare-kategori\/koekken\/bordservice-da-2\/koekken-bakker-da\/"},{"@type":"ListItem","position":6,"name":"Splint Bakke R\u00f8d\/Natur"}]},{"@type":"WebSite","@id":"https:\/\/hubsch-interior.com\/da\/#website","url":"https:\/\/hubsch-interior.com\/da\/","name":"H\u00fcbsch","description":"Danish Home Interior and Design","publisher":{"@id":"https:\/\/hubsch-interior.com\/da\/#organization"},"potentialAction":[{"@type":"SearchAction","target":{"@type":"EntryPoint","urlTemplate":"https:\/\/hubsch-interior.com\/da\/?s={search_term_string}"},"query-input":{"@type":"PropertyValueSpecification","valueRequired":true,"valueName":"search_term_string"}}],"inLanguage":"da-DK"},{"@type":"Organization","@id":"https:\/\/hubsch-interior.com\/da\/#organization","name":"H\u00fcbsch","url":"https:\/\/hubsch-interior.com\/da\/","logo":{"@type":"ImageObject","inLanguage":"da-DK","@id":"https:\/\/hubsch-interior.com\/da\/#\/schema\/logo\/image\/","url":"https:\/\/hubsch-interior.com\/wp-content\/uploads\/2022\/12\/Hubsch_logo_black_one_line.svg","contentUrl":"https:\/\/hubsch-interior.com\/wp-content\/uploads\/2022\/12\/Hubsch_logo_black_one_line.svg","caption":"H\u00fcbsch"},"image":{"@id":"https:\/\/hubsch-interior.com\/da\/#\/schema\/logo\/image\/"}}]}},"_links":{"self":[{"href":"https:\/\/hubsch-interior.com\/da\/wp-json\/wp\/v2\/product\/978310","targetHints":{"allow":["GET"]}}],"collection":[{"href":"https:\/\/hubsch-interior.com\/da\/wp-json\/wp\/v2\/product"}],"about":[{"href":"https:\/\/hubsch-interior.com\/da\/wp-json\/wp\/v2\/types\/product"}],"wp:featuredmedia":[{"embeddable":true,"href":"https:\/\/hubsch-interior.com\/da\/wp-json\/wp\/v2\/media\/1113644"}],"wp:attachment":[{"href":"https:\/\/hubsch-interior.com\/da\/wp-json\/wp\/v2\/media?parent=978310"}],"wp:term":[{"taxonomy":"product_brand","embeddable":true,"href":"https:\/\/hubsch-interior.com\/da\/wp-json\/wp\/v2\/product_brand?post=978310"},{"taxonomy":"product_cat","embeddable":true,"href":"https:\/\/hubsch-interior.com\/da\/wp-json\/wp\/v2\/product_cat?post=978310"},{"taxonomy":"product_tag","embeddable":true,"href":"https:\/\/hubsch-interior.com\/da\/wp-json\/wp\/v2\/product_tag?post=978310"}],"curies":[{"name":"wp","href":"https:\/\/api.w.org\/{rel}","templated":true}]}}