{"id":978366,"date":"2024-01-29T09:39:20","date_gmt":"2024-01-29T08:39:20","guid":{"rendered":"https:\/\/hubsch-interior.com\/product\/product\/"},"modified":"2026-04-09T05:19:10","modified_gmt":"2026-04-09T03:19:10","slug":"play-kokkenrulleholder-gra-gul","status":"publish","type":"product","link":"https:\/\/hubsch-interior.com\/da\/vare\/play-kokkenrulleholder-gra-gul\/","title":{"rendered":"Play K\u00f8kkenrulleholder Gr\u00e5\/Gul"},"content":{"rendered":"<p>Giv dit k\u00f8kken et strejf af farve med vores Play K\u00f8kkenrulleholder i en gr\u00e5 og gul farvekombination. Lavet af solidt jern tilbyder dette produkt b\u00e5de funktionalitet og stil. Den moderne og elegante finish vil tilf\u00f8je et nyt, sp\u00e6ndende element til dit k\u00f8kkenomr\u00e5de. Hold din k\u00f8kkenrulle inden for r\u00e6kkevidde og tilf\u00f8j et strejf af personlighed til dit k\u00f8kken med denne stilfulde k\u00f8kkenrulleholder.<\/p>\n","protected":false},"excerpt":{"rendered":"<p>Giv dit k\u00f8kken et strejf af farve med vores Play K\u00f8kkenrulleholder i en gr\u00e5 og gul farvekombination. Lavet af solidt jern tilbyder dette produkt b\u00e5de funktionalitet og stil. Den moderne og elegante finish vil tilf\u00f8je et nyt, sp\u00e6ndende element til dit k\u00f8kkenomr\u00e5de. Hold din k\u00f8kkenrulle inden for r\u00e6kkevidde og tilf\u00f8j et strejf af personlighed til [&hellip;]<\/p>\n","protected":false},"featured_media":1113660,"template":"","meta":{"_acf_changed":false,"inline_featured_image":false},"product_brand":[],"product_cat":[7025,6880,7058,6970,4051,4094,5025,6517],"product_tag":[],"class_list":{"0":"post-978366","1":"product","2":"type-product","3":"status-publish","4":"has-post-thumbnail","6":"product_cat-bordservice-da-2","7":"product_cat-elevating-nostalgia-da","8":"product_cat-koekkenrulleholder-da","9":"product_cat-paaskeudsalg","10":"product_cat-koekkentilbehoer-da","11":"product_cat-bordservice-da","12":"product_cat-bestsellers-da","13":"product_cat-outlet-da","14":"product_shipping_class-pk","16":"pa_color-gul","17":"pa_color-gr","18":"pa_material-jern-da","20":"first","21":"instock","22":"sale","23":"featured","24":"taxable","25":"shipping-taxable","26":"purchasable","27":"product-type-simple"},"exclude_global_add_ons":[],"addons":[],"acf":[],"yoast_head":"<!-- This site is optimized with the Yoast SEO plugin v26.4 - https:\/\/yoast.com\/wordpress\/plugins\/seo\/ -->\n<title>Play K\u00f8kkenrulleholder Gr\u00e5\/Gul - H\u00fcbsch<\/title>\n<meta name=\"description\" content=\"Giv dit k\u00f8kken et strejf af farve med vores Play K\u00f8kkenrulleholder i en gr\u00e5 og gul farvekombination. Lavet af solidt jern tilbyder dette produkt b\u00e5de\" \/>\n<meta name=\"robots\" content=\"index, follow, max-snippet:-1, max-image-preview:large, max-video-preview:-1\" \/>\n<link rel=\"canonical\" href=\"https:\/\/hubsch-interior.com\/da\/wp-json\/wp\/v2\/product\/978366\" \/>\n<meta property=\"og:locale\" content=\"da_DK\" \/>\n<meta property=\"og:type\" content=\"article\" \/>\n<meta property=\"og:title\" content=\"Play K\u00f8kkenrulleholder Gr\u00e5\/Gul - H\u00fcbsch\" \/>\n<meta property=\"og:description\" content=\"Giv dit k\u00f8kken et strejf af farve med vores Play K\u00f8kkenrulleholder i en gr\u00e5 og gul farvekombination. Lavet af solidt jern tilbyder dette produkt b\u00e5de\" \/>\n<meta property=\"og:url\" content=\"https:\/\/hubsch-interior.com\/da\/vare\/play-kokkenrulleholder-gra-gul\/\" \/>\n<meta property=\"og:site_name\" content=\"H\u00fcbsch\" \/>\n<meta property=\"article:modified_time\" content=\"2026-04-09T03:19:10+00:00\" \/>\n<meta property=\"og:image\" content=\"https:\/\/hubsch-interior.com\/wp-content\/uploads\/2024\/01\/play-kitchen-roll-holder-greyyellow-c1c93f6cf2a47dc09cb475c250ec7592.jpg\" \/>\n\t<meta property=\"og:image:width\" content=\"1200\" \/>\n\t<meta property=\"og:image:height\" content=\"1200\" \/>\n\t<meta property=\"og:image:type\" content=\"image\/jpeg\" \/>\n<meta name=\"twitter:card\" content=\"summary_large_image\" \/>\n<script type=\"application\/ld+json\" class=\"yoast-schema-graph\">{\"@context\":\"https:\/\/schema.org\",\"@graph\":[{\"@type\":\"WebPage\",\"@id\":\"https:\/\/hubsch-interior.com\/da\/vare\/play-kokkenrulleholder-gra-gul\/\",\"url\":\"https:\/\/hubsch-interior.com\/da\/vare\/play-kokkenrulleholder-gra-gul\/\",\"name\":\"Play K\u00f8kkenrulleholder Gr\u00e5\/Gul - H\u00fcbsch\",\"isPartOf\":{\"@id\":\"https:\/\/hubsch-interior.com\/da\/#website\"},\"primaryImageOfPage\":{\"@id\":\"https:\/\/hubsch-interior.com\/da\/vare\/play-kokkenrulleholder-gra-gul\/#primaryimage\"},\"image\":{\"@id\":\"https:\/\/hubsch-interior.com\/da\/vare\/play-kokkenrulleholder-gra-gul\/#primaryimage\"},\"thumbnailUrl\":\"https:\/\/hubsch-interior.com\/wp-content\/uploads\/2026\/02\/play-kitchen-roll-holder-greyyellow-dbd84d8b0fc5bd6464ca1e820d6edfe4.jpg\",\"datePublished\":\"2024-01-29T08:39:20+00:00\",\"dateModified\":\"2026-04-09T03:19:10+00:00\",\"description\":\"Giv dit k\u00f8kken et strejf af farve med vores Play K\u00f8kkenrulleholder i en gr\u00e5 og gul farvekombination. Lavet af solidt jern tilbyder dette produkt b\u00e5de\",\"breadcrumb\":{\"@id\":\"https:\/\/hubsch-interior.com\/da\/vare\/play-kokkenrulleholder-gra-gul\/#breadcrumb\"},\"inLanguage\":\"da-DK\",\"potentialAction\":[{\"@type\":\"ReadAction\",\"target\":[\"https:\/\/hubsch-interior.com\/da\/vare\/play-kokkenrulleholder-gra-gul\/\"]}]},{\"@type\":\"ImageObject\",\"inLanguage\":\"da-DK\",\"@id\":\"https:\/\/hubsch-interior.com\/da\/vare\/play-kokkenrulleholder-gra-gul\/#primaryimage\",\"url\":\"https:\/\/hubsch-interior.com\/wp-content\/uploads\/2026\/02\/play-kitchen-roll-holder-greyyellow-dbd84d8b0fc5bd6464ca1e820d6edfe4.jpg\",\"contentUrl\":\"https:\/\/hubsch-interior.com\/wp-content\/uploads\/2026\/02\/play-kitchen-roll-holder-greyyellow-dbd84d8b0fc5bd6464ca1e820d6edfe4.jpg\",\"width\":1024,\"height\":1024},{\"@type\":\"BreadcrumbList\",\"@id\":\"https:\/\/hubsch-interior.com\/da\/vare\/play-kokkenrulleholder-gra-gul\/#breadcrumb\",\"itemListElement\":[{\"@type\":\"ListItem\",\"position\":1,\"name\":\"Forside\",\"item\":\"https:\/\/hubsch-interior.com\/da\/\"},{\"@type\":\"ListItem\",\"position\":2,\"name\":\"Produkter\",\"item\":\"https:\/\/hubsch-interior.com\/da\/produkter\/\"},{\"@type\":\"ListItem\",\"position\":3,\"name\":\"K\u00f8kken\",\"item\":\"https:\/\/hubsch-interior.com\/da\/vare-kategori\/koekken\/\"},{\"@type\":\"ListItem\",\"position\":4,\"name\":\"Bordservice\",\"item\":\"https:\/\/hubsch-interior.com\/da\/vare-kategori\/koekken\/bordservice-da-2\/\"},{\"@type\":\"ListItem\",\"position\":5,\"name\":\"K&oslash;kkenrulleholder\",\"item\":\"https:\/\/hubsch-interior.com\/da\/vare-kategori\/koekken\/bordservice-da-2\/koekkenrulleholder-da\/\"},{\"@type\":\"ListItem\",\"position\":6,\"name\":\"Play K\u00f8kkenrulleholder Gr\u00e5\/Gul\"}]},{\"@type\":\"WebSite\",\"@id\":\"https:\/\/hubsch-interior.com\/da\/#website\",\"url\":\"https:\/\/hubsch-interior.com\/da\/\",\"name\":\"H\u00fcbsch\",\"description\":\"Danish Home Interior and Design\",\"publisher\":{\"@id\":\"https:\/\/hubsch-interior.com\/da\/#organization\"},\"potentialAction\":[{\"@type\":\"SearchAction\",\"target\":{\"@type\":\"EntryPoint\",\"urlTemplate\":\"https:\/\/hubsch-interior.com\/da\/?s={search_term_string}\"},\"query-input\":{\"@type\":\"PropertyValueSpecification\",\"valueRequired\":true,\"valueName\":\"search_term_string\"}}],\"inLanguage\":\"da-DK\"},{\"@type\":\"Organization\",\"@id\":\"https:\/\/hubsch-interior.com\/da\/#organization\",\"name\":\"H\u00fcbsch\",\"url\":\"https:\/\/hubsch-interior.com\/da\/\",\"logo\":{\"@type\":\"ImageObject\",\"inLanguage\":\"da-DK\",\"@id\":\"https:\/\/hubsch-interior.com\/da\/#\/schema\/logo\/image\/\",\"url\":\"https:\/\/hubsch-interior.com\/wp-content\/uploads\/2022\/12\/Hubsch_logo_black_one_line.svg\",\"contentUrl\":\"https:\/\/hubsch-interior.com\/wp-content\/uploads\/2022\/12\/Hubsch_logo_black_one_line.svg\",\"caption\":\"H\u00fcbsch\"},\"image\":{\"@id\":\"https:\/\/hubsch-interior.com\/da\/#\/schema\/logo\/image\/\"}}]}<\/script>\n<!-- \/ Yoast SEO plugin. -->","yoast_head_json":{"title":"Play K\u00f8kkenrulleholder Gr\u00e5\/Gul - H\u00fcbsch","description":"Giv dit k\u00f8kken et strejf af farve med vores Play K\u00f8kkenrulleholder i en gr\u00e5 og gul farvekombination. Lavet af solidt jern tilbyder dette produkt b\u00e5de","robots":{"index":"index","follow":"follow","max-snippet":"max-snippet:-1","max-image-preview":"max-image-preview:large","max-video-preview":"max-video-preview:-1"},"canonical":"https:\/\/hubsch-interior.com\/da\/wp-json\/wp\/v2\/product\/978366","og_locale":"da_DK","og_type":"article","og_title":"Play K\u00f8kkenrulleholder Gr\u00e5\/Gul - H\u00fcbsch","og_description":"Giv dit k\u00f8kken et strejf af farve med vores Play K\u00f8kkenrulleholder i en gr\u00e5 og gul farvekombination. Lavet af solidt jern tilbyder dette produkt b\u00e5de","og_url":"https:\/\/hubsch-interior.com\/da\/vare\/play-kokkenrulleholder-gra-gul\/","og_site_name":"H\u00fcbsch","article_modified_time":"2026-04-09T03:19:10+00:00","og_image":[{"width":1200,"height":1200,"url":"https:\/\/hubsch-interior.com\/wp-content\/uploads\/2024\/01\/play-kitchen-roll-holder-greyyellow-c1c93f6cf2a47dc09cb475c250ec7592.jpg","type":"image\/jpeg"}],"twitter_card":"summary_large_image","schema":{"@context":"https:\/\/schema.org","@graph":[{"@type":"WebPage","@id":"https:\/\/hubsch-interior.com\/da\/vare\/play-kokkenrulleholder-gra-gul\/","url":"https:\/\/hubsch-interior.com\/da\/vare\/play-kokkenrulleholder-gra-gul\/","name":"Play K\u00f8kkenrulleholder Gr\u00e5\/Gul - H\u00fcbsch","isPartOf":{"@id":"https:\/\/hubsch-interior.com\/da\/#website"},"primaryImageOfPage":{"@id":"https:\/\/hubsch-interior.com\/da\/vare\/play-kokkenrulleholder-gra-gul\/#primaryimage"},"image":{"@id":"https:\/\/hubsch-interior.com\/da\/vare\/play-kokkenrulleholder-gra-gul\/#primaryimage"},"thumbnailUrl":"https:\/\/hubsch-interior.com\/wp-content\/uploads\/2026\/02\/play-kitchen-roll-holder-greyyellow-dbd84d8b0fc5bd6464ca1e820d6edfe4.jpg","datePublished":"2024-01-29T08:39:20+00:00","dateModified":"2026-04-09T03:19:10+00:00","description":"Giv dit k\u00f8kken et strejf af farve med vores Play K\u00f8kkenrulleholder i en gr\u00e5 og gul farvekombination. Lavet af solidt jern tilbyder dette produkt b\u00e5de","breadcrumb":{"@id":"https:\/\/hubsch-interior.com\/da\/vare\/play-kokkenrulleholder-gra-gul\/#breadcrumb"},"inLanguage":"da-DK","potentialAction":[{"@type":"ReadAction","target":["https:\/\/hubsch-interior.com\/da\/vare\/play-kokkenrulleholder-gra-gul\/"]}]},{"@type":"ImageObject","inLanguage":"da-DK","@id":"https:\/\/hubsch-interior.com\/da\/vare\/play-kokkenrulleholder-gra-gul\/#primaryimage","url":"https:\/\/hubsch-interior.com\/wp-content\/uploads\/2026\/02\/play-kitchen-roll-holder-greyyellow-dbd84d8b0fc5bd6464ca1e820d6edfe4.jpg","contentUrl":"https:\/\/hubsch-interior.com\/wp-content\/uploads\/2026\/02\/play-kitchen-roll-holder-greyyellow-dbd84d8b0fc5bd6464ca1e820d6edfe4.jpg","width":1024,"height":1024},{"@type":"BreadcrumbList","@id":"https:\/\/hubsch-interior.com\/da\/vare\/play-kokkenrulleholder-gra-gul\/#breadcrumb","itemListElement":[{"@type":"ListItem","position":1,"name":"Forside","item":"https:\/\/hubsch-interior.com\/da\/"},{"@type":"ListItem","position":2,"name":"Produkter","item":"https:\/\/hubsch-interior.com\/da\/produkter\/"},{"@type":"ListItem","position":3,"name":"K\u00f8kken","item":"https:\/\/hubsch-interior.com\/da\/vare-kategori\/koekken\/"},{"@type":"ListItem","position":4,"name":"Bordservice","item":"https:\/\/hubsch-interior.com\/da\/vare-kategori\/koekken\/bordservice-da-2\/"},{"@type":"ListItem","position":5,"name":"K&oslash;kkenrulleholder","item":"https:\/\/hubsch-interior.com\/da\/vare-kategori\/koekken\/bordservice-da-2\/koekkenrulleholder-da\/"},{"@type":"ListItem","position":6,"name":"Play K\u00f8kkenrulleholder Gr\u00e5\/Gul"}]},{"@type":"WebSite","@id":"https:\/\/hubsch-interior.com\/da\/#website","url":"https:\/\/hubsch-interior.com\/da\/","name":"H\u00fcbsch","description":"Danish Home Interior and Design","publisher":{"@id":"https:\/\/hubsch-interior.com\/da\/#organization"},"potentialAction":[{"@type":"SearchAction","target":{"@type":"EntryPoint","urlTemplate":"https:\/\/hubsch-interior.com\/da\/?s={search_term_string}"},"query-input":{"@type":"PropertyValueSpecification","valueRequired":true,"valueName":"search_term_string"}}],"inLanguage":"da-DK"},{"@type":"Organization","@id":"https:\/\/hubsch-interior.com\/da\/#organization","name":"H\u00fcbsch","url":"https:\/\/hubsch-interior.com\/da\/","logo":{"@type":"ImageObject","inLanguage":"da-DK","@id":"https:\/\/hubsch-interior.com\/da\/#\/schema\/logo\/image\/","url":"https:\/\/hubsch-interior.com\/wp-content\/uploads\/2022\/12\/Hubsch_logo_black_one_line.svg","contentUrl":"https:\/\/hubsch-interior.com\/wp-content\/uploads\/2022\/12\/Hubsch_logo_black_one_line.svg","caption":"H\u00fcbsch"},"image":{"@id":"https:\/\/hubsch-interior.com\/da\/#\/schema\/logo\/image\/"}}]}},"_links":{"self":[{"href":"https:\/\/hubsch-interior.com\/da\/wp-json\/wp\/v2\/product\/978366","targetHints":{"allow":["GET"]}}],"collection":[{"href":"https:\/\/hubsch-interior.com\/da\/wp-json\/wp\/v2\/product"}],"about":[{"href":"https:\/\/hubsch-interior.com\/da\/wp-json\/wp\/v2\/types\/product"}],"wp:featuredmedia":[{"embeddable":true,"href":"https:\/\/hubsch-interior.com\/da\/wp-json\/wp\/v2\/media\/1113660"}],"wp:attachment":[{"href":"https:\/\/hubsch-interior.com\/da\/wp-json\/wp\/v2\/media?parent=978366"}],"wp:term":[{"taxonomy":"product_brand","embeddable":true,"href":"https:\/\/hubsch-interior.com\/da\/wp-json\/wp\/v2\/product_brand?post=978366"},{"taxonomy":"product_cat","embeddable":true,"href":"https:\/\/hubsch-interior.com\/da\/wp-json\/wp\/v2\/product_cat?post=978366"},{"taxonomy":"product_tag","embeddable":true,"href":"https:\/\/hubsch-interior.com\/da\/wp-json\/wp\/v2\/product_tag?post=978366"}],"curies":[{"name":"wp","href":"https:\/\/api.w.org\/{rel}","templated":true}]}}