{"id":987678,"date":"2024-04-12T15:21:56","date_gmt":"2024-04-12T13:21:56","guid":{"rendered":"https:\/\/hubsch-interior.com\/product\/product\/"},"modified":"2026-04-14T04:54:18","modified_gmt":"2026-04-14T02:54:18","slug":"attract-magnetter-natur-2","status":"publish","type":"product","link":"https:\/\/hubsch-interior.com\/da\/vare\/attract-magnetter-natur-2\/","title":{"rendered":"Attract Magnetter Natur"},"content":{"rendered":"<p>Oplev charmen ved Attract Magnetter, fremstillet af det fineste egetr\u00e6 for et essentielt minimalistisk design. Disse magnetter praler af et st\u00e6rkt greb, der sikrer, at dine k\u00e6re noter og billeder bliver sikkert p\u00e5 plads. Med deres elegante naturlige udseende falder de ubesv\u00e6ret ind i din boligindretning og forbedrer ethvert arbejdsomr\u00e5de eller k\u00f8kken. Omfavn enkelheden og funktionaliteten ved Attract Magnetter, og bring et strejf af naturlig sk\u00f8nhed ind i din hverdag.<\/p>\n","protected":false},"excerpt":{"rendered":"<p>Oplev charmen ved Attract Magnetter, fremstillet af det fineste egetr\u00e6 for et essentielt minimalistisk design. Disse magnetter praler af et st\u00e6rkt greb, der sikrer, at dine k\u00e6re noter og billeder bliver sikkert p\u00e5 plads. Med deres elegante naturlige udseende falder de ubesv\u00e6ret ind i din boligindretning og forbedrer ethvert arbejdsomr\u00e5de eller k\u00f8kken. Omfavn enkelheden og [&hellip;]<\/p>\n","protected":false},"featured_media":1104055,"template":"","meta":{"_acf_changed":false,"inline_featured_image":false},"product_brand":[],"product_cat":[4151,4152,5025],"product_tag":[],"class_list":{"0":"post-987678","1":"product","2":"type-product","3":"status-publish","4":"has-post-thumbnail","6":"product_cat-kontor-da","7":"product_cat-kontorartikler-da","8":"product_cat-bestsellers-da","9":"product_shipping_class-pk","11":"pa_color-natur-2","12":"pa_material-egetr","14":"first","15":"instock","16":"featured","17":"taxable","18":"shipping-taxable","19":"purchasable","20":"product-type-simple"},"exclude_global_add_ons":[],"addons":[],"acf":[],"yoast_head":"<!-- This site is optimized with the Yoast SEO plugin v26.4 - https:\/\/yoast.com\/wordpress\/plugins\/seo\/ -->\n<title>Attract Magnetter Natur - H\u00fcbsch<\/title>\n<meta name=\"description\" content=\"Oplev charmen ved Attract Magnetter, fremstillet af det fineste egetr\u00e6 for et essentielt minimalistisk design. Disse magnetter praler af et st\u00e6rkt greb,\" \/>\n<meta name=\"robots\" content=\"index, follow, max-snippet:-1, max-image-preview:large, max-video-preview:-1\" \/>\n<link rel=\"canonical\" href=\"https:\/\/hubsch-interior.com\/da\/wp-json\/wp\/v2\/product\/987678\" \/>\n<meta property=\"og:locale\" content=\"da_DK\" \/>\n<meta property=\"og:type\" content=\"article\" \/>\n<meta property=\"og:title\" content=\"Attract Magnetter Natur - H\u00fcbsch\" \/>\n<meta property=\"og:description\" content=\"Oplev charmen ved Attract Magnetter, fremstillet af det fineste egetr\u00e6 for et essentielt minimalistisk design. Disse magnetter praler af et st\u00e6rkt greb,\" \/>\n<meta property=\"og:url\" content=\"https:\/\/hubsch-interior.com\/da\/vare\/attract-magnetter-natur-2\/\" \/>\n<meta property=\"og:site_name\" content=\"H\u00fcbsch\" \/>\n<meta property=\"article:modified_time\" content=\"2026-04-14T02:54:18+00:00\" \/>\n<meta property=\"og:image\" content=\"https:\/\/hubsch-interior.com\/wp-content\/uploads\/2026\/02\/attract-magnets-natural-f846072f1c9f85707971a9e48d6ba7fb.jpg\" \/>\n\t<meta property=\"og:image:width\" content=\"1024\" \/>\n\t<meta property=\"og:image:height\" content=\"1024\" \/>\n\t<meta property=\"og:image:type\" content=\"image\/jpeg\" \/>\n<meta name=\"twitter:card\" content=\"summary_large_image\" \/>\n<script type=\"application\/ld+json\" class=\"yoast-schema-graph\">{\"@context\":\"https:\/\/schema.org\",\"@graph\":[{\"@type\":\"WebPage\",\"@id\":\"https:\/\/hubsch-interior.com\/da\/vare\/attract-magnetter-natur-2\/\",\"url\":\"https:\/\/hubsch-interior.com\/da\/vare\/attract-magnetter-natur-2\/\",\"name\":\"Attract Magnetter Natur - H\u00fcbsch\",\"isPartOf\":{\"@id\":\"https:\/\/hubsch-interior.com\/da\/#website\"},\"primaryImageOfPage\":{\"@id\":\"https:\/\/hubsch-interior.com\/da\/vare\/attract-magnetter-natur-2\/#primaryimage\"},\"image\":{\"@id\":\"https:\/\/hubsch-interior.com\/da\/vare\/attract-magnetter-natur-2\/#primaryimage\"},\"thumbnailUrl\":\"https:\/\/hubsch-interior.com\/wp-content\/uploads\/2026\/02\/attract-magnets-natural-f846072f1c9f85707971a9e48d6ba7fb.jpg\",\"datePublished\":\"2024-04-12T13:21:56+00:00\",\"dateModified\":\"2026-04-14T02:54:18+00:00\",\"description\":\"Oplev charmen ved Attract Magnetter, fremstillet af det fineste egetr\u00e6 for et essentielt minimalistisk design. Disse magnetter praler af et st\u00e6rkt greb,\",\"breadcrumb\":{\"@id\":\"https:\/\/hubsch-interior.com\/da\/vare\/attract-magnetter-natur-2\/#breadcrumb\"},\"inLanguage\":\"da-DK\",\"potentialAction\":[{\"@type\":\"ReadAction\",\"target\":[\"https:\/\/hubsch-interior.com\/da\/vare\/attract-magnetter-natur-2\/\"]}]},{\"@type\":\"ImageObject\",\"inLanguage\":\"da-DK\",\"@id\":\"https:\/\/hubsch-interior.com\/da\/vare\/attract-magnetter-natur-2\/#primaryimage\",\"url\":\"https:\/\/hubsch-interior.com\/wp-content\/uploads\/2026\/02\/attract-magnets-natural-f846072f1c9f85707971a9e48d6ba7fb.jpg\",\"contentUrl\":\"https:\/\/hubsch-interior.com\/wp-content\/uploads\/2026\/02\/attract-magnets-natural-f846072f1c9f85707971a9e48d6ba7fb.jpg\",\"width\":1024,\"height\":1024},{\"@type\":\"BreadcrumbList\",\"@id\":\"https:\/\/hubsch-interior.com\/da\/vare\/attract-magnetter-natur-2\/#breadcrumb\",\"itemListElement\":[{\"@type\":\"ListItem\",\"position\":1,\"name\":\"Forside\",\"item\":\"https:\/\/hubsch-interior.com\/da\/\"},{\"@type\":\"ListItem\",\"position\":2,\"name\":\"Produkter\",\"item\":\"https:\/\/hubsch-interior.com\/da\/produkter\/\"},{\"@type\":\"ListItem\",\"position\":3,\"name\":\"Boligtilbeh\u00f8r\",\"item\":\"https:\/\/hubsch-interior.com\/da\/vare-kategori\/boligtilbehor\/\"},{\"@type\":\"ListItem\",\"position\":4,\"name\":\"Kontor\",\"item\":\"https:\/\/hubsch-interior.com\/da\/vare-kategori\/boligtilbehor\/kontor-da\/\"},{\"@type\":\"ListItem\",\"position\":5,\"name\":\"Kontorartikler\",\"item\":\"https:\/\/hubsch-interior.com\/da\/vare-kategori\/boligtilbehor\/kontor-da\/kontorartikler-da\/\"},{\"@type\":\"ListItem\",\"position\":6,\"name\":\"Attract Magnetter Natur\"}]},{\"@type\":\"WebSite\",\"@id\":\"https:\/\/hubsch-interior.com\/da\/#website\",\"url\":\"https:\/\/hubsch-interior.com\/da\/\",\"name\":\"H\u00fcbsch\",\"description\":\"Danish Home Interior and Design\",\"publisher\":{\"@id\":\"https:\/\/hubsch-interior.com\/da\/#organization\"},\"potentialAction\":[{\"@type\":\"SearchAction\",\"target\":{\"@type\":\"EntryPoint\",\"urlTemplate\":\"https:\/\/hubsch-interior.com\/da\/?s={search_term_string}\"},\"query-input\":{\"@type\":\"PropertyValueSpecification\",\"valueRequired\":true,\"valueName\":\"search_term_string\"}}],\"inLanguage\":\"da-DK\"},{\"@type\":\"Organization\",\"@id\":\"https:\/\/hubsch-interior.com\/da\/#organization\",\"name\":\"H\u00fcbsch\",\"url\":\"https:\/\/hubsch-interior.com\/da\/\",\"logo\":{\"@type\":\"ImageObject\",\"inLanguage\":\"da-DK\",\"@id\":\"https:\/\/hubsch-interior.com\/da\/#\/schema\/logo\/image\/\",\"url\":\"https:\/\/hubsch-interior.com\/wp-content\/uploads\/2022\/12\/Hubsch_logo_black_one_line.svg\",\"contentUrl\":\"https:\/\/hubsch-interior.com\/wp-content\/uploads\/2022\/12\/Hubsch_logo_black_one_line.svg\",\"caption\":\"H\u00fcbsch\"},\"image\":{\"@id\":\"https:\/\/hubsch-interior.com\/da\/#\/schema\/logo\/image\/\"}}]}<\/script>\n<!-- \/ Yoast SEO plugin. -->","yoast_head_json":{"title":"Attract Magnetter Natur - H\u00fcbsch","description":"Oplev charmen ved Attract Magnetter, fremstillet af det fineste egetr\u00e6 for et essentielt minimalistisk design. Disse magnetter praler af et st\u00e6rkt greb,","robots":{"index":"index","follow":"follow","max-snippet":"max-snippet:-1","max-image-preview":"max-image-preview:large","max-video-preview":"max-video-preview:-1"},"canonical":"https:\/\/hubsch-interior.com\/da\/wp-json\/wp\/v2\/product\/987678","og_locale":"da_DK","og_type":"article","og_title":"Attract Magnetter Natur - H\u00fcbsch","og_description":"Oplev charmen ved Attract Magnetter, fremstillet af det fineste egetr\u00e6 for et essentielt minimalistisk design. Disse magnetter praler af et st\u00e6rkt greb,","og_url":"https:\/\/hubsch-interior.com\/da\/vare\/attract-magnetter-natur-2\/","og_site_name":"H\u00fcbsch","article_modified_time":"2026-04-14T02:54:18+00:00","og_image":[{"width":1024,"height":1024,"url":"https:\/\/hubsch-interior.com\/wp-content\/uploads\/2026\/02\/attract-magnets-natural-f846072f1c9f85707971a9e48d6ba7fb.jpg","type":"image\/jpeg"}],"twitter_card":"summary_large_image","schema":{"@context":"https:\/\/schema.org","@graph":[{"@type":"WebPage","@id":"https:\/\/hubsch-interior.com\/da\/vare\/attract-magnetter-natur-2\/","url":"https:\/\/hubsch-interior.com\/da\/vare\/attract-magnetter-natur-2\/","name":"Attract Magnetter Natur - H\u00fcbsch","isPartOf":{"@id":"https:\/\/hubsch-interior.com\/da\/#website"},"primaryImageOfPage":{"@id":"https:\/\/hubsch-interior.com\/da\/vare\/attract-magnetter-natur-2\/#primaryimage"},"image":{"@id":"https:\/\/hubsch-interior.com\/da\/vare\/attract-magnetter-natur-2\/#primaryimage"},"thumbnailUrl":"https:\/\/hubsch-interior.com\/wp-content\/uploads\/2026\/02\/attract-magnets-natural-f846072f1c9f85707971a9e48d6ba7fb.jpg","datePublished":"2024-04-12T13:21:56+00:00","dateModified":"2026-04-14T02:54:18+00:00","description":"Oplev charmen ved Attract Magnetter, fremstillet af det fineste egetr\u00e6 for et essentielt minimalistisk design. Disse magnetter praler af et st\u00e6rkt greb,","breadcrumb":{"@id":"https:\/\/hubsch-interior.com\/da\/vare\/attract-magnetter-natur-2\/#breadcrumb"},"inLanguage":"da-DK","potentialAction":[{"@type":"ReadAction","target":["https:\/\/hubsch-interior.com\/da\/vare\/attract-magnetter-natur-2\/"]}]},{"@type":"ImageObject","inLanguage":"da-DK","@id":"https:\/\/hubsch-interior.com\/da\/vare\/attract-magnetter-natur-2\/#primaryimage","url":"https:\/\/hubsch-interior.com\/wp-content\/uploads\/2026\/02\/attract-magnets-natural-f846072f1c9f85707971a9e48d6ba7fb.jpg","contentUrl":"https:\/\/hubsch-interior.com\/wp-content\/uploads\/2026\/02\/attract-magnets-natural-f846072f1c9f85707971a9e48d6ba7fb.jpg","width":1024,"height":1024},{"@type":"BreadcrumbList","@id":"https:\/\/hubsch-interior.com\/da\/vare\/attract-magnetter-natur-2\/#breadcrumb","itemListElement":[{"@type":"ListItem","position":1,"name":"Forside","item":"https:\/\/hubsch-interior.com\/da\/"},{"@type":"ListItem","position":2,"name":"Produkter","item":"https:\/\/hubsch-interior.com\/da\/produkter\/"},{"@type":"ListItem","position":3,"name":"Boligtilbeh\u00f8r","item":"https:\/\/hubsch-interior.com\/da\/vare-kategori\/boligtilbehor\/"},{"@type":"ListItem","position":4,"name":"Kontor","item":"https:\/\/hubsch-interior.com\/da\/vare-kategori\/boligtilbehor\/kontor-da\/"},{"@type":"ListItem","position":5,"name":"Kontorartikler","item":"https:\/\/hubsch-interior.com\/da\/vare-kategori\/boligtilbehor\/kontor-da\/kontorartikler-da\/"},{"@type":"ListItem","position":6,"name":"Attract Magnetter Natur"}]},{"@type":"WebSite","@id":"https:\/\/hubsch-interior.com\/da\/#website","url":"https:\/\/hubsch-interior.com\/da\/","name":"H\u00fcbsch","description":"Danish Home Interior and Design","publisher":{"@id":"https:\/\/hubsch-interior.com\/da\/#organization"},"potentialAction":[{"@type":"SearchAction","target":{"@type":"EntryPoint","urlTemplate":"https:\/\/hubsch-interior.com\/da\/?s={search_term_string}"},"query-input":{"@type":"PropertyValueSpecification","valueRequired":true,"valueName":"search_term_string"}}],"inLanguage":"da-DK"},{"@type":"Organization","@id":"https:\/\/hubsch-interior.com\/da\/#organization","name":"H\u00fcbsch","url":"https:\/\/hubsch-interior.com\/da\/","logo":{"@type":"ImageObject","inLanguage":"da-DK","@id":"https:\/\/hubsch-interior.com\/da\/#\/schema\/logo\/image\/","url":"https:\/\/hubsch-interior.com\/wp-content\/uploads\/2022\/12\/Hubsch_logo_black_one_line.svg","contentUrl":"https:\/\/hubsch-interior.com\/wp-content\/uploads\/2022\/12\/Hubsch_logo_black_one_line.svg","caption":"H\u00fcbsch"},"image":{"@id":"https:\/\/hubsch-interior.com\/da\/#\/schema\/logo\/image\/"}}]}},"_links":{"self":[{"href":"https:\/\/hubsch-interior.com\/da\/wp-json\/wp\/v2\/product\/987678","targetHints":{"allow":["GET"]}}],"collection":[{"href":"https:\/\/hubsch-interior.com\/da\/wp-json\/wp\/v2\/product"}],"about":[{"href":"https:\/\/hubsch-interior.com\/da\/wp-json\/wp\/v2\/types\/product"}],"wp:featuredmedia":[{"embeddable":true,"href":"https:\/\/hubsch-interior.com\/da\/wp-json\/wp\/v2\/media\/1104055"}],"wp:attachment":[{"href":"https:\/\/hubsch-interior.com\/da\/wp-json\/wp\/v2\/media?parent=987678"}],"wp:term":[{"taxonomy":"product_brand","embeddable":true,"href":"https:\/\/hubsch-interior.com\/da\/wp-json\/wp\/v2\/product_brand?post=987678"},{"taxonomy":"product_cat","embeddable":true,"href":"https:\/\/hubsch-interior.com\/da\/wp-json\/wp\/v2\/product_cat?post=987678"},{"taxonomy":"product_tag","embeddable":true,"href":"https:\/\/hubsch-interior.com\/da\/wp-json\/wp\/v2\/product_tag?post=987678"}],"curies":[{"name":"wp","href":"https:\/\/api.w.org\/{rel}","templated":true}]}}