{"id":994290,"date":"2024-07-09T15:02:26","date_gmt":"2024-07-09T13:02:26","guid":{"rendered":"https:\/\/hubsch-interior.com\/product\/product\/"},"modified":"2026-04-10T05:03:57","modified_gmt":"2026-04-10T03:03:57","slug":"magic-bordlampe-lilla-gul","status":"publish","type":"product","link":"https:\/\/hubsch-interior.com\/da\/vare\/magic-bordlampe-lilla-gul\/","title":{"rendered":"Magic Bordlampe Lilla\/Gul"},"content":{"rendered":"<p>Vi introducerer Magic! Her er en lille sk\u00f8n og finurlig bordlampe med touch og de fineste farver. Farverne orange, gul, og lilla er med til at give lampen sit magiske udtryk. Med en integreret lysd\u00e6mpende touch funktion er chancen for at du kommer til at nyde at t\u00e6nde og slukke for denne lampe i timevis ret stor. Bordlampen har bare en stor tiltr\u00e6kningskraft. Den lysegule sofledning er bare prikken over i&#8217;et. Ta-daaa! Selv tak.<\/p>\n","protected":false},"excerpt":{"rendered":"<p>Vi introducerer Magic! Her er en lille sk\u00f8n og finurlig bordlampe med touch og de fineste farver. Farverne orange, gul, og lilla er med til at give lampen sit magiske udtryk. Med en integreret lysd\u00e6mpende touch funktion er chancen for at du kommer til at nyde at t\u00e6nde og slukke for denne lampe i timevis [&hellip;]<\/p>\n","protected":false},"featured_media":1106682,"template":"","meta":{"_acf_changed":false,"inline_featured_image":false},"product_brand":[],"product_cat":[6581,3808,3499],"product_tag":[],"class_list":{"0":"post-994290","1":"product","2":"type-product","3":"status-publish","4":"has-post-thumbnail","6":"product_cat-rekindle-collection-da","7":"product_cat-belysning","8":"product_cat-bordlamper-da","9":"product_shipping_class-pk","11":"pa_color-gul","12":"pa_color-lilla","13":"pa_material-jern-da","14":"pa_material-polycarbonat","16":"first","17":"instock","18":"taxable","19":"shipping-taxable","20":"purchasable","21":"product-type-simple"},"exclude_global_add_ons":[],"addons":[],"acf":[],"yoast_head":"<!-- This site is optimized with the Yoast SEO plugin v26.4 - https:\/\/yoast.com\/wordpress\/plugins\/seo\/ -->\n<title>Magic Bordlampe Lilla\/Gul - H\u00fcbsch<\/title>\n<meta name=\"description\" content=\"Vi introducerer Magic! Her er en lille sk\u00f8n og finurlig bordlampe med touch og de fineste farver. Farverne orange, gul, og lilla er med til at give lampen\" \/>\n<meta name=\"robots\" content=\"index, follow, max-snippet:-1, max-image-preview:large, max-video-preview:-1\" \/>\n<link rel=\"canonical\" href=\"https:\/\/hubsch-interior.com\/da\/wp-json\/wp\/v2\/product\/994290\" \/>\n<meta property=\"og:locale\" content=\"da_DK\" \/>\n<meta property=\"og:type\" content=\"article\" \/>\n<meta property=\"og:title\" content=\"Magic Bordlampe Lilla\/Gul - H\u00fcbsch\" \/>\n<meta property=\"og:description\" content=\"Vi introducerer Magic! Her er en lille sk\u00f8n og finurlig bordlampe med touch og de fineste farver. Farverne orange, gul, og lilla er med til at give lampen\" \/>\n<meta property=\"og:url\" content=\"https:\/\/hubsch-interior.com\/da\/vare\/magic-bordlampe-lilla-gul\/\" \/>\n<meta property=\"og:site_name\" content=\"H\u00fcbsch\" \/>\n<meta property=\"article:modified_time\" content=\"2026-04-10T03:03:57+00:00\" \/>\n<meta property=\"og:image\" content=\"https:\/\/hubsch-interior.com\/wp-content\/uploads\/2024\/07\/magic-table-lamp-purpleyellow-cadfa19e516ccf638da2eb7ae2ff47bf.jpg\" \/>\n\t<meta property=\"og:image:width\" content=\"1200\" \/>\n\t<meta property=\"og:image:height\" content=\"1200\" \/>\n\t<meta property=\"og:image:type\" content=\"image\/jpeg\" \/>\n<meta name=\"twitter:card\" content=\"summary_large_image\" \/>\n<script type=\"application\/ld+json\" class=\"yoast-schema-graph\">{\"@context\":\"https:\/\/schema.org\",\"@graph\":[{\"@type\":\"WebPage\",\"@id\":\"https:\/\/hubsch-interior.com\/da\/vare\/magic-bordlampe-lilla-gul\/\",\"url\":\"https:\/\/hubsch-interior.com\/da\/vare\/magic-bordlampe-lilla-gul\/\",\"name\":\"Magic Bordlampe Lilla\/Gul - H\u00fcbsch\",\"isPartOf\":{\"@id\":\"https:\/\/hubsch-interior.com\/da\/#website\"},\"primaryImageOfPage\":{\"@id\":\"https:\/\/hubsch-interior.com\/da\/vare\/magic-bordlampe-lilla-gul\/#primaryimage\"},\"image\":{\"@id\":\"https:\/\/hubsch-interior.com\/da\/vare\/magic-bordlampe-lilla-gul\/#primaryimage\"},\"thumbnailUrl\":\"https:\/\/hubsch-interior.com\/wp-content\/uploads\/2026\/02\/magic-table-lamp-purpleyellow-ec3797e4d6fcd4886068dfadec513d8f.jpg\",\"datePublished\":\"2024-07-09T13:02:26+00:00\",\"dateModified\":\"2026-04-10T03:03:57+00:00\",\"description\":\"Vi introducerer Magic! Her er en lille sk\u00f8n og finurlig bordlampe med touch og de fineste farver. Farverne orange, gul, og lilla er med til at give lampen\",\"breadcrumb\":{\"@id\":\"https:\/\/hubsch-interior.com\/da\/vare\/magic-bordlampe-lilla-gul\/#breadcrumb\"},\"inLanguage\":\"da-DK\",\"potentialAction\":[{\"@type\":\"ReadAction\",\"target\":[\"https:\/\/hubsch-interior.com\/da\/vare\/magic-bordlampe-lilla-gul\/\"]}]},{\"@type\":\"ImageObject\",\"inLanguage\":\"da-DK\",\"@id\":\"https:\/\/hubsch-interior.com\/da\/vare\/magic-bordlampe-lilla-gul\/#primaryimage\",\"url\":\"https:\/\/hubsch-interior.com\/wp-content\/uploads\/2026\/02\/magic-table-lamp-purpleyellow-ec3797e4d6fcd4886068dfadec513d8f.jpg\",\"contentUrl\":\"https:\/\/hubsch-interior.com\/wp-content\/uploads\/2026\/02\/magic-table-lamp-purpleyellow-ec3797e4d6fcd4886068dfadec513d8f.jpg\",\"width\":1024,\"height\":1024},{\"@type\":\"BreadcrumbList\",\"@id\":\"https:\/\/hubsch-interior.com\/da\/vare\/magic-bordlampe-lilla-gul\/#breadcrumb\",\"itemListElement\":[{\"@type\":\"ListItem\",\"position\":1,\"name\":\"Forside\",\"item\":\"https:\/\/hubsch-interior.com\/da\/\"},{\"@type\":\"ListItem\",\"position\":2,\"name\":\"Produkter\",\"item\":\"https:\/\/hubsch-interior.com\/da\/produkter\/\"},{\"@type\":\"ListItem\",\"position\":3,\"name\":\"Belysning\",\"item\":\"https:\/\/hubsch-interior.com\/da\/vare-kategori\/belysning\/\"},{\"@type\":\"ListItem\",\"position\":4,\"name\":\"Bordlamper\",\"item\":\"https:\/\/hubsch-interior.com\/da\/vare-kategori\/belysning\/bordlamper-da\/\"},{\"@type\":\"ListItem\",\"position\":5,\"name\":\"Magic Bordlampe Lilla\/Gul\"}]},{\"@type\":\"WebSite\",\"@id\":\"https:\/\/hubsch-interior.com\/da\/#website\",\"url\":\"https:\/\/hubsch-interior.com\/da\/\",\"name\":\"H\u00fcbsch\",\"description\":\"Danish Home Interior and Design\",\"publisher\":{\"@id\":\"https:\/\/hubsch-interior.com\/da\/#organization\"},\"potentialAction\":[{\"@type\":\"SearchAction\",\"target\":{\"@type\":\"EntryPoint\",\"urlTemplate\":\"https:\/\/hubsch-interior.com\/da\/?s={search_term_string}\"},\"query-input\":{\"@type\":\"PropertyValueSpecification\",\"valueRequired\":true,\"valueName\":\"search_term_string\"}}],\"inLanguage\":\"da-DK\"},{\"@type\":\"Organization\",\"@id\":\"https:\/\/hubsch-interior.com\/da\/#organization\",\"name\":\"H\u00fcbsch\",\"url\":\"https:\/\/hubsch-interior.com\/da\/\",\"logo\":{\"@type\":\"ImageObject\",\"inLanguage\":\"da-DK\",\"@id\":\"https:\/\/hubsch-interior.com\/da\/#\/schema\/logo\/image\/\",\"url\":\"https:\/\/hubsch-interior.com\/wp-content\/uploads\/2022\/12\/Hubsch_logo_black_one_line.svg\",\"contentUrl\":\"https:\/\/hubsch-interior.com\/wp-content\/uploads\/2022\/12\/Hubsch_logo_black_one_line.svg\",\"caption\":\"H\u00fcbsch\"},\"image\":{\"@id\":\"https:\/\/hubsch-interior.com\/da\/#\/schema\/logo\/image\/\"}}]}<\/script>\n<!-- \/ Yoast SEO plugin. -->","yoast_head_json":{"title":"Magic Bordlampe Lilla\/Gul - H\u00fcbsch","description":"Vi introducerer Magic! Her er en lille sk\u00f8n og finurlig bordlampe med touch og de fineste farver. Farverne orange, gul, og lilla er med til at give lampen","robots":{"index":"index","follow":"follow","max-snippet":"max-snippet:-1","max-image-preview":"max-image-preview:large","max-video-preview":"max-video-preview:-1"},"canonical":"https:\/\/hubsch-interior.com\/da\/wp-json\/wp\/v2\/product\/994290","og_locale":"da_DK","og_type":"article","og_title":"Magic Bordlampe Lilla\/Gul - H\u00fcbsch","og_description":"Vi introducerer Magic! Her er en lille sk\u00f8n og finurlig bordlampe med touch og de fineste farver. Farverne orange, gul, og lilla er med til at give lampen","og_url":"https:\/\/hubsch-interior.com\/da\/vare\/magic-bordlampe-lilla-gul\/","og_site_name":"H\u00fcbsch","article_modified_time":"2026-04-10T03:03:57+00:00","og_image":[{"width":1200,"height":1200,"url":"https:\/\/hubsch-interior.com\/wp-content\/uploads\/2024\/07\/magic-table-lamp-purpleyellow-cadfa19e516ccf638da2eb7ae2ff47bf.jpg","type":"image\/jpeg"}],"twitter_card":"summary_large_image","schema":{"@context":"https:\/\/schema.org","@graph":[{"@type":"WebPage","@id":"https:\/\/hubsch-interior.com\/da\/vare\/magic-bordlampe-lilla-gul\/","url":"https:\/\/hubsch-interior.com\/da\/vare\/magic-bordlampe-lilla-gul\/","name":"Magic Bordlampe Lilla\/Gul - H\u00fcbsch","isPartOf":{"@id":"https:\/\/hubsch-interior.com\/da\/#website"},"primaryImageOfPage":{"@id":"https:\/\/hubsch-interior.com\/da\/vare\/magic-bordlampe-lilla-gul\/#primaryimage"},"image":{"@id":"https:\/\/hubsch-interior.com\/da\/vare\/magic-bordlampe-lilla-gul\/#primaryimage"},"thumbnailUrl":"https:\/\/hubsch-interior.com\/wp-content\/uploads\/2026\/02\/magic-table-lamp-purpleyellow-ec3797e4d6fcd4886068dfadec513d8f.jpg","datePublished":"2024-07-09T13:02:26+00:00","dateModified":"2026-04-10T03:03:57+00:00","description":"Vi introducerer Magic! Her er en lille sk\u00f8n og finurlig bordlampe med touch og de fineste farver. Farverne orange, gul, og lilla er med til at give lampen","breadcrumb":{"@id":"https:\/\/hubsch-interior.com\/da\/vare\/magic-bordlampe-lilla-gul\/#breadcrumb"},"inLanguage":"da-DK","potentialAction":[{"@type":"ReadAction","target":["https:\/\/hubsch-interior.com\/da\/vare\/magic-bordlampe-lilla-gul\/"]}]},{"@type":"ImageObject","inLanguage":"da-DK","@id":"https:\/\/hubsch-interior.com\/da\/vare\/magic-bordlampe-lilla-gul\/#primaryimage","url":"https:\/\/hubsch-interior.com\/wp-content\/uploads\/2026\/02\/magic-table-lamp-purpleyellow-ec3797e4d6fcd4886068dfadec513d8f.jpg","contentUrl":"https:\/\/hubsch-interior.com\/wp-content\/uploads\/2026\/02\/magic-table-lamp-purpleyellow-ec3797e4d6fcd4886068dfadec513d8f.jpg","width":1024,"height":1024},{"@type":"BreadcrumbList","@id":"https:\/\/hubsch-interior.com\/da\/vare\/magic-bordlampe-lilla-gul\/#breadcrumb","itemListElement":[{"@type":"ListItem","position":1,"name":"Forside","item":"https:\/\/hubsch-interior.com\/da\/"},{"@type":"ListItem","position":2,"name":"Produkter","item":"https:\/\/hubsch-interior.com\/da\/produkter\/"},{"@type":"ListItem","position":3,"name":"Belysning","item":"https:\/\/hubsch-interior.com\/da\/vare-kategori\/belysning\/"},{"@type":"ListItem","position":4,"name":"Bordlamper","item":"https:\/\/hubsch-interior.com\/da\/vare-kategori\/belysning\/bordlamper-da\/"},{"@type":"ListItem","position":5,"name":"Magic Bordlampe Lilla\/Gul"}]},{"@type":"WebSite","@id":"https:\/\/hubsch-interior.com\/da\/#website","url":"https:\/\/hubsch-interior.com\/da\/","name":"H\u00fcbsch","description":"Danish Home Interior and Design","publisher":{"@id":"https:\/\/hubsch-interior.com\/da\/#organization"},"potentialAction":[{"@type":"SearchAction","target":{"@type":"EntryPoint","urlTemplate":"https:\/\/hubsch-interior.com\/da\/?s={search_term_string}"},"query-input":{"@type":"PropertyValueSpecification","valueRequired":true,"valueName":"search_term_string"}}],"inLanguage":"da-DK"},{"@type":"Organization","@id":"https:\/\/hubsch-interior.com\/da\/#organization","name":"H\u00fcbsch","url":"https:\/\/hubsch-interior.com\/da\/","logo":{"@type":"ImageObject","inLanguage":"da-DK","@id":"https:\/\/hubsch-interior.com\/da\/#\/schema\/logo\/image\/","url":"https:\/\/hubsch-interior.com\/wp-content\/uploads\/2022\/12\/Hubsch_logo_black_one_line.svg","contentUrl":"https:\/\/hubsch-interior.com\/wp-content\/uploads\/2022\/12\/Hubsch_logo_black_one_line.svg","caption":"H\u00fcbsch"},"image":{"@id":"https:\/\/hubsch-interior.com\/da\/#\/schema\/logo\/image\/"}}]}},"_links":{"self":[{"href":"https:\/\/hubsch-interior.com\/da\/wp-json\/wp\/v2\/product\/994290","targetHints":{"allow":["GET"]}}],"collection":[{"href":"https:\/\/hubsch-interior.com\/da\/wp-json\/wp\/v2\/product"}],"about":[{"href":"https:\/\/hubsch-interior.com\/da\/wp-json\/wp\/v2\/types\/product"}],"wp:featuredmedia":[{"embeddable":true,"href":"https:\/\/hubsch-interior.com\/da\/wp-json\/wp\/v2\/media\/1106682"}],"wp:attachment":[{"href":"https:\/\/hubsch-interior.com\/da\/wp-json\/wp\/v2\/media?parent=994290"}],"wp:term":[{"taxonomy":"product_brand","embeddable":true,"href":"https:\/\/hubsch-interior.com\/da\/wp-json\/wp\/v2\/product_brand?post=994290"},{"taxonomy":"product_cat","embeddable":true,"href":"https:\/\/hubsch-interior.com\/da\/wp-json\/wp\/v2\/product_cat?post=994290"},{"taxonomy":"product_tag","embeddable":true,"href":"https:\/\/hubsch-interior.com\/da\/wp-json\/wp\/v2\/product_tag?post=994290"}],"curies":[{"name":"wp","href":"https:\/\/api.w.org\/{rel}","templated":true}]}}