{"id":995161,"date":"2024-07-31T11:22:24","date_gmt":"2024-07-31T09:22:24","guid":{"rendered":"https:\/\/hubsch-interior.com\/product\/produkt\/"},"modified":"2026-04-09T04:54:11","modified_gmt":"2026-04-09T02:54:11","slug":"heritage-baenk-small-lysegra","status":"publish","type":"product","link":"https:\/\/hubsch-interior.com\/da\/vare\/heritage-baenk-small-lysegra\/","title":{"rendered":"Heritage B\u00e6nk Small Lysegr\u00e5"},"content":{"rendered":"<p>Med sin minimalistiske elegance, der afspejler skandinavisk design, har Heritage B\u00e6nken etableret sig som en tidl\u00f8s klassiker. Nu tilg\u00e6ngelig i tre fantastiske nye farver &#8211; der v\u00e6kker begejstring for dette elskede egetr\u00e6sm\u00f8bel, som ubesv\u00e6ret skaber en mere legende og moderne stil i rummet. Uanset om du v\u00e6lger det naturlige egetr\u00e6 eller en af de nye nuancer, er du garanteret et m\u00f8bel, der tilf\u00f8jer karakter og elegance til ethvert rum. Perfekt til entr\u00e9en, for enden af din seng eller p\u00e5 kontoret, forts\u00e6tter Heritage B\u00e6nken i sine nye farver med at v\u00e6re et uundv\u00e6rligt, tidl\u00f8st m\u00f8bel.<\/p>\n","protected":false},"excerpt":{"rendered":"<p>Med sin minimalistiske elegance, der afspejler skandinavisk design, har Heritage B\u00e6nken etableret sig som en tidl\u00f8s klassiker. Nu tilg\u00e6ngelig i tre fantastiske nye farver &#8211; der v\u00e6kker begejstring for dette elskede egetr\u00e6sm\u00f8bel, som ubesv\u00e6ret skaber en mere legende og moderne stil i rummet. Uanset om du v\u00e6lger det naturlige egetr\u00e6 eller en af de nye [&hellip;]<\/p>\n","protected":false},"featured_media":1104331,"template":"","meta":{"_acf_changed":false,"inline_featured_image":false},"product_brand":[],"product_cat":[6880,6321,2841,2876,5025],"product_tag":[],"class_list":{"0":"post-995161","1":"product","2":"type-product","3":"status-publish","4":"has-post-thumbnail","6":"product_cat-elevating-nostalgia-da","7":"product_cat-fsc-da","8":"product_cat-siddemoebler-da","9":"product_cat-baenke-da","10":"product_cat-bestsellers-da","11":"product_shipping_class-pk","13":"pa_color-lysegr","14":"pa_material-egetr","15":"pa_material-paper-string","17":"first","18":"instock","19":"featured","20":"taxable","21":"shipping-taxable","22":"purchasable","23":"product-type-simple"},"exclude_global_add_ons":[],"addons":[],"acf":[],"yoast_head":"<!-- This site is optimized with the Yoast SEO plugin v26.4 - https:\/\/yoast.com\/wordpress\/plugins\/seo\/ -->\n<title>Heritage B\u00e6nk Small Lysegr\u00e5 - H\u00fcbsch<\/title>\n<meta name=\"description\" content=\"Med sin minimalistiske elegance, der afspejler skandinavisk design, har Heritage B\u00e6nken etableret sig som en tidl\u00f8s klassiker. Nu tilg\u00e6ngelig i tre\" \/>\n<meta name=\"robots\" content=\"index, follow, max-snippet:-1, max-image-preview:large, max-video-preview:-1\" \/>\n<link rel=\"canonical\" href=\"https:\/\/hubsch-interior.com\/da\/wp-json\/wp\/v2\/product\/995161\" \/>\n<meta property=\"og:locale\" content=\"da_DK\" \/>\n<meta property=\"og:type\" content=\"article\" \/>\n<meta property=\"og:title\" content=\"Heritage B\u00e6nk Small Lysegr\u00e5 - H\u00fcbsch\" \/>\n<meta property=\"og:description\" content=\"Med sin minimalistiske elegance, der afspejler skandinavisk design, har Heritage B\u00e6nken etableret sig som en tidl\u00f8s klassiker. Nu tilg\u00e6ngelig i tre\" \/>\n<meta property=\"og:url\" content=\"https:\/\/hubsch-interior.com\/da\/vare\/heritage-baenk-small-lysegra\/\" \/>\n<meta property=\"og:site_name\" content=\"H\u00fcbsch\" \/>\n<meta property=\"article:modified_time\" content=\"2026-04-09T02:54:11+00:00\" \/>\n<meta property=\"og:image\" content=\"https:\/\/hubsch-interior.com\/wp-content\/uploads\/2026\/02\/heritage-bench-small-light-grey-545deb26b3fbe35f03320aa35b868297.jpg\" \/>\n\t<meta property=\"og:image:width\" content=\"1024\" \/>\n\t<meta property=\"og:image:height\" content=\"1024\" \/>\n\t<meta property=\"og:image:type\" content=\"image\/jpeg\" \/>\n<meta name=\"twitter:card\" content=\"summary_large_image\" \/>\n<meta name=\"twitter:label1\" content=\"Estimeret l\u00e6setid\" \/>\n\t<meta name=\"twitter:data1\" content=\"1 minut\" \/>\n<script type=\"application\/ld+json\" class=\"yoast-schema-graph\">{\"@context\":\"https:\/\/schema.org\",\"@graph\":[{\"@type\":\"WebPage\",\"@id\":\"https:\/\/hubsch-interior.com\/da\/vare\/heritage-baenk-small-lysegra\/\",\"url\":\"https:\/\/hubsch-interior.com\/da\/vare\/heritage-baenk-small-lysegra\/\",\"name\":\"Heritage B\u00e6nk Small Lysegr\u00e5 - H\u00fcbsch\",\"isPartOf\":{\"@id\":\"https:\/\/hubsch-interior.com\/da\/#website\"},\"primaryImageOfPage\":{\"@id\":\"https:\/\/hubsch-interior.com\/da\/vare\/heritage-baenk-small-lysegra\/#primaryimage\"},\"image\":{\"@id\":\"https:\/\/hubsch-interior.com\/da\/vare\/heritage-baenk-small-lysegra\/#primaryimage\"},\"thumbnailUrl\":\"https:\/\/hubsch-interior.com\/wp-content\/uploads\/2026\/02\/heritage-bench-small-light-grey-545deb26b3fbe35f03320aa35b868297.jpg\",\"datePublished\":\"2024-07-31T09:22:24+00:00\",\"dateModified\":\"2026-04-09T02:54:11+00:00\",\"description\":\"Med sin minimalistiske elegance, der afspejler skandinavisk design, har Heritage B\u00e6nken etableret sig som en tidl\u00f8s klassiker. Nu tilg\u00e6ngelig i tre\",\"breadcrumb\":{\"@id\":\"https:\/\/hubsch-interior.com\/da\/vare\/heritage-baenk-small-lysegra\/#breadcrumb\"},\"inLanguage\":\"da-DK\",\"potentialAction\":[{\"@type\":\"ReadAction\",\"target\":[\"https:\/\/hubsch-interior.com\/da\/vare\/heritage-baenk-small-lysegra\/\"]}]},{\"@type\":\"ImageObject\",\"inLanguage\":\"da-DK\",\"@id\":\"https:\/\/hubsch-interior.com\/da\/vare\/heritage-baenk-small-lysegra\/#primaryimage\",\"url\":\"https:\/\/hubsch-interior.com\/wp-content\/uploads\/2026\/02\/heritage-bench-small-light-grey-545deb26b3fbe35f03320aa35b868297.jpg\",\"contentUrl\":\"https:\/\/hubsch-interior.com\/wp-content\/uploads\/2026\/02\/heritage-bench-small-light-grey-545deb26b3fbe35f03320aa35b868297.jpg\",\"width\":1024,\"height\":1024},{\"@type\":\"BreadcrumbList\",\"@id\":\"https:\/\/hubsch-interior.com\/da\/vare\/heritage-baenk-small-lysegra\/#breadcrumb\",\"itemListElement\":[{\"@type\":\"ListItem\",\"position\":1,\"name\":\"Forside\",\"item\":\"https:\/\/hubsch-interior.com\/da\/\"},{\"@type\":\"ListItem\",\"position\":2,\"name\":\"Produkter\",\"item\":\"https:\/\/hubsch-interior.com\/da\/produkter\/\"},{\"@type\":\"ListItem\",\"position\":3,\"name\":\"M\u00f8bler\",\"item\":\"https:\/\/hubsch-interior.com\/da\/vare-kategori\/mobler\/\"},{\"@type\":\"ListItem\",\"position\":4,\"name\":\"Siddem&oslash;bler\",\"item\":\"https:\/\/hubsch-interior.com\/da\/vare-kategori\/mobler\/siddemoebler-da\/\"},{\"@type\":\"ListItem\",\"position\":5,\"name\":\"B&aelig;nke\",\"item\":\"https:\/\/hubsch-interior.com\/da\/vare-kategori\/mobler\/siddemoebler-da\/baenke-da\/\"},{\"@type\":\"ListItem\",\"position\":6,\"name\":\"Heritage B\u00e6nk Small Lysegr\u00e5\"}]},{\"@type\":\"WebSite\",\"@id\":\"https:\/\/hubsch-interior.com\/da\/#website\",\"url\":\"https:\/\/hubsch-interior.com\/da\/\",\"name\":\"H\u00fcbsch\",\"description\":\"Danish Home Interior and Design\",\"publisher\":{\"@id\":\"https:\/\/hubsch-interior.com\/da\/#organization\"},\"potentialAction\":[{\"@type\":\"SearchAction\",\"target\":{\"@type\":\"EntryPoint\",\"urlTemplate\":\"https:\/\/hubsch-interior.com\/da\/?s={search_term_string}\"},\"query-input\":{\"@type\":\"PropertyValueSpecification\",\"valueRequired\":true,\"valueName\":\"search_term_string\"}}],\"inLanguage\":\"da-DK\"},{\"@type\":\"Organization\",\"@id\":\"https:\/\/hubsch-interior.com\/da\/#organization\",\"name\":\"H\u00fcbsch\",\"url\":\"https:\/\/hubsch-interior.com\/da\/\",\"logo\":{\"@type\":\"ImageObject\",\"inLanguage\":\"da-DK\",\"@id\":\"https:\/\/hubsch-interior.com\/da\/#\/schema\/logo\/image\/\",\"url\":\"https:\/\/hubsch-interior.com\/wp-content\/uploads\/2022\/12\/Hubsch_logo_black_one_line.svg\",\"contentUrl\":\"https:\/\/hubsch-interior.com\/wp-content\/uploads\/2022\/12\/Hubsch_logo_black_one_line.svg\",\"caption\":\"H\u00fcbsch\"},\"image\":{\"@id\":\"https:\/\/hubsch-interior.com\/da\/#\/schema\/logo\/image\/\"}}]}<\/script>\n<!-- \/ Yoast SEO plugin. -->","yoast_head_json":{"title":"Heritage B\u00e6nk Small Lysegr\u00e5 - H\u00fcbsch","description":"Med sin minimalistiske elegance, der afspejler skandinavisk design, har Heritage B\u00e6nken etableret sig som en tidl\u00f8s klassiker. Nu tilg\u00e6ngelig i tre","robots":{"index":"index","follow":"follow","max-snippet":"max-snippet:-1","max-image-preview":"max-image-preview:large","max-video-preview":"max-video-preview:-1"},"canonical":"https:\/\/hubsch-interior.com\/da\/wp-json\/wp\/v2\/product\/995161","og_locale":"da_DK","og_type":"article","og_title":"Heritage B\u00e6nk Small Lysegr\u00e5 - H\u00fcbsch","og_description":"Med sin minimalistiske elegance, der afspejler skandinavisk design, har Heritage B\u00e6nken etableret sig som en tidl\u00f8s klassiker. Nu tilg\u00e6ngelig i tre","og_url":"https:\/\/hubsch-interior.com\/da\/vare\/heritage-baenk-small-lysegra\/","og_site_name":"H\u00fcbsch","article_modified_time":"2026-04-09T02:54:11+00:00","og_image":[{"width":1024,"height":1024,"url":"https:\/\/hubsch-interior.com\/wp-content\/uploads\/2026\/02\/heritage-bench-small-light-grey-545deb26b3fbe35f03320aa35b868297.jpg","type":"image\/jpeg"}],"twitter_card":"summary_large_image","twitter_misc":{"Estimeret l\u00e6setid":"1 minut"},"schema":{"@context":"https:\/\/schema.org","@graph":[{"@type":"WebPage","@id":"https:\/\/hubsch-interior.com\/da\/vare\/heritage-baenk-small-lysegra\/","url":"https:\/\/hubsch-interior.com\/da\/vare\/heritage-baenk-small-lysegra\/","name":"Heritage B\u00e6nk Small Lysegr\u00e5 - H\u00fcbsch","isPartOf":{"@id":"https:\/\/hubsch-interior.com\/da\/#website"},"primaryImageOfPage":{"@id":"https:\/\/hubsch-interior.com\/da\/vare\/heritage-baenk-small-lysegra\/#primaryimage"},"image":{"@id":"https:\/\/hubsch-interior.com\/da\/vare\/heritage-baenk-small-lysegra\/#primaryimage"},"thumbnailUrl":"https:\/\/hubsch-interior.com\/wp-content\/uploads\/2026\/02\/heritage-bench-small-light-grey-545deb26b3fbe35f03320aa35b868297.jpg","datePublished":"2024-07-31T09:22:24+00:00","dateModified":"2026-04-09T02:54:11+00:00","description":"Med sin minimalistiske elegance, der afspejler skandinavisk design, har Heritage B\u00e6nken etableret sig som en tidl\u00f8s klassiker. Nu tilg\u00e6ngelig i tre","breadcrumb":{"@id":"https:\/\/hubsch-interior.com\/da\/vare\/heritage-baenk-small-lysegra\/#breadcrumb"},"inLanguage":"da-DK","potentialAction":[{"@type":"ReadAction","target":["https:\/\/hubsch-interior.com\/da\/vare\/heritage-baenk-small-lysegra\/"]}]},{"@type":"ImageObject","inLanguage":"da-DK","@id":"https:\/\/hubsch-interior.com\/da\/vare\/heritage-baenk-small-lysegra\/#primaryimage","url":"https:\/\/hubsch-interior.com\/wp-content\/uploads\/2026\/02\/heritage-bench-small-light-grey-545deb26b3fbe35f03320aa35b868297.jpg","contentUrl":"https:\/\/hubsch-interior.com\/wp-content\/uploads\/2026\/02\/heritage-bench-small-light-grey-545deb26b3fbe35f03320aa35b868297.jpg","width":1024,"height":1024},{"@type":"BreadcrumbList","@id":"https:\/\/hubsch-interior.com\/da\/vare\/heritage-baenk-small-lysegra\/#breadcrumb","itemListElement":[{"@type":"ListItem","position":1,"name":"Forside","item":"https:\/\/hubsch-interior.com\/da\/"},{"@type":"ListItem","position":2,"name":"Produkter","item":"https:\/\/hubsch-interior.com\/da\/produkter\/"},{"@type":"ListItem","position":3,"name":"M\u00f8bler","item":"https:\/\/hubsch-interior.com\/da\/vare-kategori\/mobler\/"},{"@type":"ListItem","position":4,"name":"Siddem&oslash;bler","item":"https:\/\/hubsch-interior.com\/da\/vare-kategori\/mobler\/siddemoebler-da\/"},{"@type":"ListItem","position":5,"name":"B&aelig;nke","item":"https:\/\/hubsch-interior.com\/da\/vare-kategori\/mobler\/siddemoebler-da\/baenke-da\/"},{"@type":"ListItem","position":6,"name":"Heritage B\u00e6nk Small Lysegr\u00e5"}]},{"@type":"WebSite","@id":"https:\/\/hubsch-interior.com\/da\/#website","url":"https:\/\/hubsch-interior.com\/da\/","name":"H\u00fcbsch","description":"Danish Home Interior and Design","publisher":{"@id":"https:\/\/hubsch-interior.com\/da\/#organization"},"potentialAction":[{"@type":"SearchAction","target":{"@type":"EntryPoint","urlTemplate":"https:\/\/hubsch-interior.com\/da\/?s={search_term_string}"},"query-input":{"@type":"PropertyValueSpecification","valueRequired":true,"valueName":"search_term_string"}}],"inLanguage":"da-DK"},{"@type":"Organization","@id":"https:\/\/hubsch-interior.com\/da\/#organization","name":"H\u00fcbsch","url":"https:\/\/hubsch-interior.com\/da\/","logo":{"@type":"ImageObject","inLanguage":"da-DK","@id":"https:\/\/hubsch-interior.com\/da\/#\/schema\/logo\/image\/","url":"https:\/\/hubsch-interior.com\/wp-content\/uploads\/2022\/12\/Hubsch_logo_black_one_line.svg","contentUrl":"https:\/\/hubsch-interior.com\/wp-content\/uploads\/2022\/12\/Hubsch_logo_black_one_line.svg","caption":"H\u00fcbsch"},"image":{"@id":"https:\/\/hubsch-interior.com\/da\/#\/schema\/logo\/image\/"}}]}},"_links":{"self":[{"href":"https:\/\/hubsch-interior.com\/da\/wp-json\/wp\/v2\/product\/995161","targetHints":{"allow":["GET"]}}],"collection":[{"href":"https:\/\/hubsch-interior.com\/da\/wp-json\/wp\/v2\/product"}],"about":[{"href":"https:\/\/hubsch-interior.com\/da\/wp-json\/wp\/v2\/types\/product"}],"wp:featuredmedia":[{"embeddable":true,"href":"https:\/\/hubsch-interior.com\/da\/wp-json\/wp\/v2\/media\/1104331"}],"wp:attachment":[{"href":"https:\/\/hubsch-interior.com\/da\/wp-json\/wp\/v2\/media?parent=995161"}],"wp:term":[{"taxonomy":"product_brand","embeddable":true,"href":"https:\/\/hubsch-interior.com\/da\/wp-json\/wp\/v2\/product_brand?post=995161"},{"taxonomy":"product_cat","embeddable":true,"href":"https:\/\/hubsch-interior.com\/da\/wp-json\/wp\/v2\/product_cat?post=995161"},{"taxonomy":"product_tag","embeddable":true,"href":"https:\/\/hubsch-interior.com\/da\/wp-json\/wp\/v2\/product_tag?post=995161"}],"curies":[{"name":"wp","href":"https:\/\/api.w.org\/{rel}","templated":true}]}}