{"id":995501,"date":"2024-08-05T10:19:27","date_gmt":"2024-08-05T08:19:27","guid":{"rendered":"https:\/\/hubsch-interior.com\/product\/product\/"},"modified":"2026-04-04T04:54:35","modified_gmt":"2026-04-04T02:54:35","slug":"studio-ramme-297x42-natur","status":"publish","type":"product","link":"https:\/\/hubsch-interior.com\/da\/vare\/studio-ramme-297x42-natur\/","title":{"rendered":"Studio Ramme 29,7&#215;42 Natur"},"content":{"rendered":"<p>Studio Ramme er den perfekte m\u00e5de at fremh\u00e6ve dine yndlingsbilleder og kunstv\u00e6rker p\u00e5. Vores ramme f\u00e5s i fem forskellige varianter, og denne variant er lavet af FSC-certificeret egetr\u00e6sfiner, hvilket sikrer en b\u00e6redygtig produktion. Den inkluderer et delikat og minimalistisk kunsttryk, og kan fremvises b\u00e5de lodret og vandret. Bland den med andre st\u00f8rrelser og farver for at skabe et unikt udtryk i dit hjem. <\/p>\n","protected":false},"excerpt":{"rendered":"<p>Studio Ramme er den perfekte m\u00e5de at fremh\u00e6ve dine yndlingsbilleder og kunstv\u00e6rker p\u00e5. Vores ramme f\u00e5s i fem forskellige varianter, og denne variant er lavet af FSC-certificeret egetr\u00e6sfiner, hvilket sikrer en b\u00e6redygtig produktion. Den inkluderer et delikat og minimalistisk kunsttryk, og kan fremvises b\u00e5de lodret og vandret. Bland den med andre st\u00f8rrelser og farver for [&hellip;]<\/p>\n","protected":false},"featured_media":1114744,"template":"","meta":{"_acf_changed":false,"inline_featured_image":false},"product_brand":[],"product_cat":[6880,6321,3114,4935,5025],"product_tag":[],"class_list":{"0":"post-995501","1":"product","2":"type-product","3":"status-publish","4":"has-post-thumbnail","6":"product_cat-elevating-nostalgia-da","7":"product_cat-fsc-da","8":"product_cat-vaegdekoration-da","9":"product_cat-rammer-da","10":"product_cat-bestsellers-da","11":"product_shipping_class-pk","12":"pa_color-natur-2","13":"pa_material-mdf-da","14":"pa_material-plexiglas","15":"pa_material-egetrsfiner","17":"first","18":"instock","19":"featured","20":"taxable","21":"shipping-taxable","22":"purchasable","23":"product-type-simple"},"exclude_global_add_ons":[],"addons":[],"acf":[],"yoast_head":"<!-- This site is optimized with the Yoast SEO plugin v26.4 - https:\/\/yoast.com\/wordpress\/plugins\/seo\/ -->\n<title>Studio Ramme 29,7x42 Natur - H\u00fcbsch<\/title>\n<meta name=\"description\" content=\"Studio Ramme er den perfekte m\u00e5de at fremh\u00e6ve dine yndlingsbilleder og kunstv\u00e6rker p\u00e5. Vores ramme f\u00e5s i fem forskellige varianter, og denne variant er\" \/>\n<meta name=\"robots\" content=\"index, follow, max-snippet:-1, max-image-preview:large, max-video-preview:-1\" \/>\n<link rel=\"canonical\" href=\"https:\/\/hubsch-interior.com\/da\/wp-json\/wp\/v2\/product\/995501\" \/>\n<meta property=\"og:locale\" content=\"da_DK\" \/>\n<meta property=\"og:type\" content=\"article\" \/>\n<meta property=\"og:title\" content=\"Studio Ramme 29,7x42 Natur - H\u00fcbsch\" \/>\n<meta property=\"og:description\" content=\"Studio Ramme er den perfekte m\u00e5de at fremh\u00e6ve dine yndlingsbilleder og kunstv\u00e6rker p\u00e5. Vores ramme f\u00e5s i fem forskellige varianter, og denne variant er\" \/>\n<meta property=\"og:url\" content=\"https:\/\/hubsch-interior.com\/da\/vare\/studio-ramme-297x42-natur\/\" \/>\n<meta property=\"og:site_name\" content=\"H\u00fcbsch\" \/>\n<meta property=\"article:modified_time\" content=\"2026-04-04T02:54:35+00:00\" \/>\n<meta property=\"og:image\" content=\"https:\/\/hubsch-interior.com\/wp-content\/uploads\/2024\/08\/studio-frame-297x42-natural-426f4448f689cdc4cd6cb28745dd6c85.jpg\" \/>\n\t<meta property=\"og:image:width\" content=\"1200\" \/>\n\t<meta property=\"og:image:height\" content=\"1200\" \/>\n\t<meta property=\"og:image:type\" content=\"image\/jpeg\" \/>\n<meta name=\"twitter:card\" content=\"summary_large_image\" \/>\n<script type=\"application\/ld+json\" class=\"yoast-schema-graph\">{\"@context\":\"https:\/\/schema.org\",\"@graph\":[{\"@type\":\"WebPage\",\"@id\":\"https:\/\/hubsch-interior.com\/da\/vare\/studio-ramme-297x42-natur\/\",\"url\":\"https:\/\/hubsch-interior.com\/da\/vare\/studio-ramme-297x42-natur\/\",\"name\":\"Studio Ramme 29,7x42 Natur - H\u00fcbsch\",\"isPartOf\":{\"@id\":\"https:\/\/hubsch-interior.com\/da\/#website\"},\"primaryImageOfPage\":{\"@id\":\"https:\/\/hubsch-interior.com\/da\/vare\/studio-ramme-297x42-natur\/#primaryimage\"},\"image\":{\"@id\":\"https:\/\/hubsch-interior.com\/da\/vare\/studio-ramme-297x42-natur\/#primaryimage\"},\"thumbnailUrl\":\"https:\/\/hubsch-interior.com\/wp-content\/uploads\/2026\/02\/studio-frame-297x42-natural-662247d109946726637c0e2f2fc09a2f.jpg\",\"datePublished\":\"2024-08-05T08:19:27+00:00\",\"dateModified\":\"2026-04-04T02:54:35+00:00\",\"description\":\"Studio Ramme er den perfekte m\u00e5de at fremh\u00e6ve dine yndlingsbilleder og kunstv\u00e6rker p\u00e5. Vores ramme f\u00e5s i fem forskellige varianter, og denne variant er\",\"breadcrumb\":{\"@id\":\"https:\/\/hubsch-interior.com\/da\/vare\/studio-ramme-297x42-natur\/#breadcrumb\"},\"inLanguage\":\"da-DK\",\"potentialAction\":[{\"@type\":\"ReadAction\",\"target\":[\"https:\/\/hubsch-interior.com\/da\/vare\/studio-ramme-297x42-natur\/\"]}]},{\"@type\":\"ImageObject\",\"inLanguage\":\"da-DK\",\"@id\":\"https:\/\/hubsch-interior.com\/da\/vare\/studio-ramme-297x42-natur\/#primaryimage\",\"url\":\"https:\/\/hubsch-interior.com\/wp-content\/uploads\/2026\/02\/studio-frame-297x42-natural-662247d109946726637c0e2f2fc09a2f.jpg\",\"contentUrl\":\"https:\/\/hubsch-interior.com\/wp-content\/uploads\/2026\/02\/studio-frame-297x42-natural-662247d109946726637c0e2f2fc09a2f.jpg\",\"width\":1024,\"height\":1024},{\"@type\":\"BreadcrumbList\",\"@id\":\"https:\/\/hubsch-interior.com\/da\/vare\/studio-ramme-297x42-natur\/#breadcrumb\",\"itemListElement\":[{\"@type\":\"ListItem\",\"position\":1,\"name\":\"Forside\",\"item\":\"https:\/\/hubsch-interior.com\/da\/\"},{\"@type\":\"ListItem\",\"position\":2,\"name\":\"Produkter\",\"item\":\"https:\/\/hubsch-interior.com\/da\/produkter\/\"},{\"@type\":\"ListItem\",\"position\":3,\"name\":\"Boligtilbeh\u00f8r\",\"item\":\"https:\/\/hubsch-interior.com\/da\/vare-kategori\/boligtilbehor\/\"},{\"@type\":\"ListItem\",\"position\":4,\"name\":\"V&aelig;gdekoration\",\"item\":\"https:\/\/hubsch-interior.com\/da\/vare-kategori\/boligtilbehor\/vaegdekoration-da\/\"},{\"@type\":\"ListItem\",\"position\":5,\"name\":\"Rammer\",\"item\":\"https:\/\/hubsch-interior.com\/da\/vare-kategori\/boligtilbehor\/vaegdekoration-da\/rammer-da\/\"},{\"@type\":\"ListItem\",\"position\":6,\"name\":\"Studio Ramme 29,7&#215;42 Natur\"}]},{\"@type\":\"WebSite\",\"@id\":\"https:\/\/hubsch-interior.com\/da\/#website\",\"url\":\"https:\/\/hubsch-interior.com\/da\/\",\"name\":\"H\u00fcbsch\",\"description\":\"Danish Home Interior and Design\",\"publisher\":{\"@id\":\"https:\/\/hubsch-interior.com\/da\/#organization\"},\"potentialAction\":[{\"@type\":\"SearchAction\",\"target\":{\"@type\":\"EntryPoint\",\"urlTemplate\":\"https:\/\/hubsch-interior.com\/da\/?s={search_term_string}\"},\"query-input\":{\"@type\":\"PropertyValueSpecification\",\"valueRequired\":true,\"valueName\":\"search_term_string\"}}],\"inLanguage\":\"da-DK\"},{\"@type\":\"Organization\",\"@id\":\"https:\/\/hubsch-interior.com\/da\/#organization\",\"name\":\"H\u00fcbsch\",\"url\":\"https:\/\/hubsch-interior.com\/da\/\",\"logo\":{\"@type\":\"ImageObject\",\"inLanguage\":\"da-DK\",\"@id\":\"https:\/\/hubsch-interior.com\/da\/#\/schema\/logo\/image\/\",\"url\":\"https:\/\/hubsch-interior.com\/wp-content\/uploads\/2022\/12\/Hubsch_logo_black_one_line.svg\",\"contentUrl\":\"https:\/\/hubsch-interior.com\/wp-content\/uploads\/2022\/12\/Hubsch_logo_black_one_line.svg\",\"caption\":\"H\u00fcbsch\"},\"image\":{\"@id\":\"https:\/\/hubsch-interior.com\/da\/#\/schema\/logo\/image\/\"}}]}<\/script>\n<!-- \/ Yoast SEO plugin. -->","yoast_head_json":{"title":"Studio Ramme 29,7x42 Natur - H\u00fcbsch","description":"Studio Ramme er den perfekte m\u00e5de at fremh\u00e6ve dine yndlingsbilleder og kunstv\u00e6rker p\u00e5. Vores ramme f\u00e5s i fem forskellige varianter, og denne variant er","robots":{"index":"index","follow":"follow","max-snippet":"max-snippet:-1","max-image-preview":"max-image-preview:large","max-video-preview":"max-video-preview:-1"},"canonical":"https:\/\/hubsch-interior.com\/da\/wp-json\/wp\/v2\/product\/995501","og_locale":"da_DK","og_type":"article","og_title":"Studio Ramme 29,7x42 Natur - H\u00fcbsch","og_description":"Studio Ramme er den perfekte m\u00e5de at fremh\u00e6ve dine yndlingsbilleder og kunstv\u00e6rker p\u00e5. Vores ramme f\u00e5s i fem forskellige varianter, og denne variant er","og_url":"https:\/\/hubsch-interior.com\/da\/vare\/studio-ramme-297x42-natur\/","og_site_name":"H\u00fcbsch","article_modified_time":"2026-04-04T02:54:35+00:00","og_image":[{"width":1200,"height":1200,"url":"https:\/\/hubsch-interior.com\/wp-content\/uploads\/2024\/08\/studio-frame-297x42-natural-426f4448f689cdc4cd6cb28745dd6c85.jpg","type":"image\/jpeg"}],"twitter_card":"summary_large_image","schema":{"@context":"https:\/\/schema.org","@graph":[{"@type":"WebPage","@id":"https:\/\/hubsch-interior.com\/da\/vare\/studio-ramme-297x42-natur\/","url":"https:\/\/hubsch-interior.com\/da\/vare\/studio-ramme-297x42-natur\/","name":"Studio Ramme 29,7x42 Natur - H\u00fcbsch","isPartOf":{"@id":"https:\/\/hubsch-interior.com\/da\/#website"},"primaryImageOfPage":{"@id":"https:\/\/hubsch-interior.com\/da\/vare\/studio-ramme-297x42-natur\/#primaryimage"},"image":{"@id":"https:\/\/hubsch-interior.com\/da\/vare\/studio-ramme-297x42-natur\/#primaryimage"},"thumbnailUrl":"https:\/\/hubsch-interior.com\/wp-content\/uploads\/2026\/02\/studio-frame-297x42-natural-662247d109946726637c0e2f2fc09a2f.jpg","datePublished":"2024-08-05T08:19:27+00:00","dateModified":"2026-04-04T02:54:35+00:00","description":"Studio Ramme er den perfekte m\u00e5de at fremh\u00e6ve dine yndlingsbilleder og kunstv\u00e6rker p\u00e5. Vores ramme f\u00e5s i fem forskellige varianter, og denne variant er","breadcrumb":{"@id":"https:\/\/hubsch-interior.com\/da\/vare\/studio-ramme-297x42-natur\/#breadcrumb"},"inLanguage":"da-DK","potentialAction":[{"@type":"ReadAction","target":["https:\/\/hubsch-interior.com\/da\/vare\/studio-ramme-297x42-natur\/"]}]},{"@type":"ImageObject","inLanguage":"da-DK","@id":"https:\/\/hubsch-interior.com\/da\/vare\/studio-ramme-297x42-natur\/#primaryimage","url":"https:\/\/hubsch-interior.com\/wp-content\/uploads\/2026\/02\/studio-frame-297x42-natural-662247d109946726637c0e2f2fc09a2f.jpg","contentUrl":"https:\/\/hubsch-interior.com\/wp-content\/uploads\/2026\/02\/studio-frame-297x42-natural-662247d109946726637c0e2f2fc09a2f.jpg","width":1024,"height":1024},{"@type":"BreadcrumbList","@id":"https:\/\/hubsch-interior.com\/da\/vare\/studio-ramme-297x42-natur\/#breadcrumb","itemListElement":[{"@type":"ListItem","position":1,"name":"Forside","item":"https:\/\/hubsch-interior.com\/da\/"},{"@type":"ListItem","position":2,"name":"Produkter","item":"https:\/\/hubsch-interior.com\/da\/produkter\/"},{"@type":"ListItem","position":3,"name":"Boligtilbeh\u00f8r","item":"https:\/\/hubsch-interior.com\/da\/vare-kategori\/boligtilbehor\/"},{"@type":"ListItem","position":4,"name":"V&aelig;gdekoration","item":"https:\/\/hubsch-interior.com\/da\/vare-kategori\/boligtilbehor\/vaegdekoration-da\/"},{"@type":"ListItem","position":5,"name":"Rammer","item":"https:\/\/hubsch-interior.com\/da\/vare-kategori\/boligtilbehor\/vaegdekoration-da\/rammer-da\/"},{"@type":"ListItem","position":6,"name":"Studio Ramme 29,7&#215;42 Natur"}]},{"@type":"WebSite","@id":"https:\/\/hubsch-interior.com\/da\/#website","url":"https:\/\/hubsch-interior.com\/da\/","name":"H\u00fcbsch","description":"Danish Home Interior and Design","publisher":{"@id":"https:\/\/hubsch-interior.com\/da\/#organization"},"potentialAction":[{"@type":"SearchAction","target":{"@type":"EntryPoint","urlTemplate":"https:\/\/hubsch-interior.com\/da\/?s={search_term_string}"},"query-input":{"@type":"PropertyValueSpecification","valueRequired":true,"valueName":"search_term_string"}}],"inLanguage":"da-DK"},{"@type":"Organization","@id":"https:\/\/hubsch-interior.com\/da\/#organization","name":"H\u00fcbsch","url":"https:\/\/hubsch-interior.com\/da\/","logo":{"@type":"ImageObject","inLanguage":"da-DK","@id":"https:\/\/hubsch-interior.com\/da\/#\/schema\/logo\/image\/","url":"https:\/\/hubsch-interior.com\/wp-content\/uploads\/2022\/12\/Hubsch_logo_black_one_line.svg","contentUrl":"https:\/\/hubsch-interior.com\/wp-content\/uploads\/2022\/12\/Hubsch_logo_black_one_line.svg","caption":"H\u00fcbsch"},"image":{"@id":"https:\/\/hubsch-interior.com\/da\/#\/schema\/logo\/image\/"}}]}},"_links":{"self":[{"href":"https:\/\/hubsch-interior.com\/da\/wp-json\/wp\/v2\/product\/995501","targetHints":{"allow":["GET"]}}],"collection":[{"href":"https:\/\/hubsch-interior.com\/da\/wp-json\/wp\/v2\/product"}],"about":[{"href":"https:\/\/hubsch-interior.com\/da\/wp-json\/wp\/v2\/types\/product"}],"wp:featuredmedia":[{"embeddable":true,"href":"https:\/\/hubsch-interior.com\/da\/wp-json\/wp\/v2\/media\/1114744"}],"wp:attachment":[{"href":"https:\/\/hubsch-interior.com\/da\/wp-json\/wp\/v2\/media?parent=995501"}],"wp:term":[{"taxonomy":"product_brand","embeddable":true,"href":"https:\/\/hubsch-interior.com\/da\/wp-json\/wp\/v2\/product_brand?post=995501"},{"taxonomy":"product_cat","embeddable":true,"href":"https:\/\/hubsch-interior.com\/da\/wp-json\/wp\/v2\/product_cat?post=995501"},{"taxonomy":"product_tag","embeddable":true,"href":"https:\/\/hubsch-interior.com\/da\/wp-json\/wp\/v2\/product_tag?post=995501"}],"curies":[{"name":"wp","href":"https:\/\/api.w.org\/{rel}","templated":true}]}}