{"id":998849,"date":"2024-10-08T09:21:30","date_gmt":"2024-10-08T07:21:30","guid":{"rendered":"https:\/\/hubsch-interior.com\/product\/product\/"},"modified":"2026-04-05T04:33:55","modified_gmt":"2026-04-05T02:33:55","slug":"oblique-spisestol-saede-natur-2","status":"publish","type":"product","link":"https:\/\/hubsch-interior.com\/da\/vare\/oblique-spisestol-saede-natur-2\/","title":{"rendered":"Oblique Spisestol S\u00e6de Natur"},"content":{"rendered":"<p>Vi er forelskede! Intet mindre. Denne smukke spisestol tapper ind i skandinavisk designtradition, der er kendetegnet af rene linjer og smuk enkelhed. Stolens materiale er med til at give varme til den enkle form, hvor stolens flydende overgang fra ben til ryg skaber stolenes signatur, en klart defineret kursiv, heraf navnet Oblique. Som et kontrasterende element harmonerer stolenes runde ryg med de karakteristiske skr\u00e5 linjer og byder et behageligt velkommen til ryggen. Det er et st\u00f8ttende element, som g\u00f8r stolene rare at sidde i \u2013 ogs\u00e5 i mange timer ad gangen.<br \/>\nStolen er knock down og er skabt af det fineste FSC\u00ae-certificeret lyst egetr\u00e6 med en flot mat lakering. Oblique spisestolen har et udtryk, der vil blive elsket og sat pris p\u00e5 generation efter generation.<\/p>\n<p>*Denne stol er ikke egnet til at stable, da det efterlader m\u00e6rker i l\u00e6deret.<\/p>\n","protected":false},"excerpt":{"rendered":"<p>Vi er forelskede! Intet mindre. Denne smukke spisestol tapper ind i skandinavisk designtradition, der er kendetegnet af rene linjer og smuk enkelhed. Stolens materiale er med til at give varme til den enkle form, hvor stolens flydende overgang fra ben til ryg skaber stolenes signatur, en klart defineret kursiv, heraf navnet Oblique. Som et kontrasterende [&hellip;]<\/p>\n","protected":false},"featured_media":1098025,"template":"","meta":{"_acf_changed":false,"inline_featured_image":false},"product_brand":[],"product_cat":[6321,2841,3040],"product_tag":[],"class_list":{"0":"post-998849","1":"product","2":"type-product","3":"status-publish","4":"has-post-thumbnail","6":"product_cat-fsc-da","7":"product_cat-siddemoebler-da","8":"product_cat-skamler-da","9":"product_shipping_class-pk","11":"pa_color-natur-2","12":"pa_material-egetr","13":"pa_material-egetrsfiner","14":"pa_material-lder","16":"first","17":"instock","18":"taxable","19":"shipping-taxable","20":"purchasable","21":"product-type-simple"},"exclude_global_add_ons":[],"addons":[],"acf":[],"yoast_head":"<!-- This site is optimized with the Yoast SEO plugin v26.4 - https:\/\/yoast.com\/wordpress\/plugins\/seo\/ -->\n<title>Oblique Spisestol S\u00e6de Natur - H\u00fcbsch<\/title>\n<meta name=\"description\" content=\"Vi er forelskede! Intet mindre. Denne smukke spisestol tapper ind i skandinavisk designtradition, der er kendetegnet af rene linjer og smuk enkelhed.\" \/>\n<meta name=\"robots\" content=\"index, follow, max-snippet:-1, max-image-preview:large, max-video-preview:-1\" \/>\n<link rel=\"canonical\" href=\"https:\/\/hubsch-interior.com\/da\/wp-json\/wp\/v2\/product\/998849\" \/>\n<meta property=\"og:locale\" content=\"da_DK\" \/>\n<meta property=\"og:type\" content=\"article\" \/>\n<meta property=\"og:title\" content=\"Oblique Spisestol S\u00e6de Natur - H\u00fcbsch\" \/>\n<meta property=\"og:description\" content=\"Vi er forelskede! Intet mindre. Denne smukke spisestol tapper ind i skandinavisk designtradition, der er kendetegnet af rene linjer og smuk enkelhed.\" \/>\n<meta property=\"og:url\" content=\"https:\/\/hubsch-interior.com\/da\/vare\/oblique-spisestol-saede-natur-2\/\" \/>\n<meta property=\"og:site_name\" content=\"H\u00fcbsch\" \/>\n<meta property=\"article:modified_time\" content=\"2026-04-05T02:33:55+00:00\" \/>\n<meta property=\"og:image\" content=\"https:\/\/hubsch-interior.com\/wp-content\/uploads\/2026\/02\/oblique-dining-chair-seat-natural-a83bb60836be012ab77412deb30ff7fb.jpg\" \/>\n\t<meta property=\"og:image:width\" content=\"1024\" \/>\n\t<meta property=\"og:image:height\" content=\"1024\" \/>\n\t<meta property=\"og:image:type\" content=\"image\/jpeg\" \/>\n<meta name=\"twitter:card\" content=\"summary_large_image\" \/>\n<meta name=\"twitter:label1\" content=\"Estimeret l\u00e6setid\" \/>\n\t<meta name=\"twitter:data1\" content=\"1 minut\" \/>\n<script type=\"application\/ld+json\" class=\"yoast-schema-graph\">{\"@context\":\"https:\/\/schema.org\",\"@graph\":[{\"@type\":\"WebPage\",\"@id\":\"https:\/\/hubsch-interior.com\/da\/vare\/oblique-spisestol-saede-natur-2\/\",\"url\":\"https:\/\/hubsch-interior.com\/da\/vare\/oblique-spisestol-saede-natur-2\/\",\"name\":\"Oblique Spisestol S\u00e6de Natur - H\u00fcbsch\",\"isPartOf\":{\"@id\":\"https:\/\/hubsch-interior.com\/da\/#website\"},\"primaryImageOfPage\":{\"@id\":\"https:\/\/hubsch-interior.com\/da\/vare\/oblique-spisestol-saede-natur-2\/#primaryimage\"},\"image\":{\"@id\":\"https:\/\/hubsch-interior.com\/da\/vare\/oblique-spisestol-saede-natur-2\/#primaryimage\"},\"thumbnailUrl\":\"https:\/\/hubsch-interior.com\/wp-content\/uploads\/2026\/02\/oblique-dining-chair-seat-natural-a83bb60836be012ab77412deb30ff7fb.jpg\",\"datePublished\":\"2024-10-08T07:21:30+00:00\",\"dateModified\":\"2026-04-05T02:33:55+00:00\",\"description\":\"Vi er forelskede! Intet mindre. Denne smukke spisestol tapper ind i skandinavisk designtradition, der er kendetegnet af rene linjer og smuk enkelhed.\",\"breadcrumb\":{\"@id\":\"https:\/\/hubsch-interior.com\/da\/vare\/oblique-spisestol-saede-natur-2\/#breadcrumb\"},\"inLanguage\":\"da-DK\",\"potentialAction\":[{\"@type\":\"ReadAction\",\"target\":[\"https:\/\/hubsch-interior.com\/da\/vare\/oblique-spisestol-saede-natur-2\/\"]}]},{\"@type\":\"ImageObject\",\"inLanguage\":\"da-DK\",\"@id\":\"https:\/\/hubsch-interior.com\/da\/vare\/oblique-spisestol-saede-natur-2\/#primaryimage\",\"url\":\"https:\/\/hubsch-interior.com\/wp-content\/uploads\/2026\/02\/oblique-dining-chair-seat-natural-a83bb60836be012ab77412deb30ff7fb.jpg\",\"contentUrl\":\"https:\/\/hubsch-interior.com\/wp-content\/uploads\/2026\/02\/oblique-dining-chair-seat-natural-a83bb60836be012ab77412deb30ff7fb.jpg\",\"width\":1024,\"height\":1024},{\"@type\":\"BreadcrumbList\",\"@id\":\"https:\/\/hubsch-interior.com\/da\/vare\/oblique-spisestol-saede-natur-2\/#breadcrumb\",\"itemListElement\":[{\"@type\":\"ListItem\",\"position\":1,\"name\":\"Forside\",\"item\":\"https:\/\/hubsch-interior.com\/da\/\"},{\"@type\":\"ListItem\",\"position\":2,\"name\":\"Produkter\",\"item\":\"https:\/\/hubsch-interior.com\/da\/produkter\/\"},{\"@type\":\"ListItem\",\"position\":3,\"name\":\"M\u00f8bler\",\"item\":\"https:\/\/hubsch-interior.com\/da\/vare-kategori\/mobler\/\"},{\"@type\":\"ListItem\",\"position\":4,\"name\":\"Siddem&oslash;bler\",\"item\":\"https:\/\/hubsch-interior.com\/da\/vare-kategori\/mobler\/siddemoebler-da\/\"},{\"@type\":\"ListItem\",\"position\":5,\"name\":\"Skamler\",\"item\":\"https:\/\/hubsch-interior.com\/da\/vare-kategori\/mobler\/siddemoebler-da\/skamler-da\/\"},{\"@type\":\"ListItem\",\"position\":6,\"name\":\"Oblique Spisestol S\u00e6de Natur\"}]},{\"@type\":\"WebSite\",\"@id\":\"https:\/\/hubsch-interior.com\/da\/#website\",\"url\":\"https:\/\/hubsch-interior.com\/da\/\",\"name\":\"H\u00fcbsch\",\"description\":\"Danish Home Interior and Design\",\"publisher\":{\"@id\":\"https:\/\/hubsch-interior.com\/da\/#organization\"},\"potentialAction\":[{\"@type\":\"SearchAction\",\"target\":{\"@type\":\"EntryPoint\",\"urlTemplate\":\"https:\/\/hubsch-interior.com\/da\/?s={search_term_string}\"},\"query-input\":{\"@type\":\"PropertyValueSpecification\",\"valueRequired\":true,\"valueName\":\"search_term_string\"}}],\"inLanguage\":\"da-DK\"},{\"@type\":\"Organization\",\"@id\":\"https:\/\/hubsch-interior.com\/da\/#organization\",\"name\":\"H\u00fcbsch\",\"url\":\"https:\/\/hubsch-interior.com\/da\/\",\"logo\":{\"@type\":\"ImageObject\",\"inLanguage\":\"da-DK\",\"@id\":\"https:\/\/hubsch-interior.com\/da\/#\/schema\/logo\/image\/\",\"url\":\"https:\/\/hubsch-interior.com\/wp-content\/uploads\/2022\/12\/Hubsch_logo_black_one_line.svg\",\"contentUrl\":\"https:\/\/hubsch-interior.com\/wp-content\/uploads\/2022\/12\/Hubsch_logo_black_one_line.svg\",\"caption\":\"H\u00fcbsch\"},\"image\":{\"@id\":\"https:\/\/hubsch-interior.com\/da\/#\/schema\/logo\/image\/\"}}]}<\/script>\n<!-- \/ Yoast SEO plugin. -->","yoast_head_json":{"title":"Oblique Spisestol S\u00e6de Natur - H\u00fcbsch","description":"Vi er forelskede! Intet mindre. Denne smukke spisestol tapper ind i skandinavisk designtradition, der er kendetegnet af rene linjer og smuk enkelhed.","robots":{"index":"index","follow":"follow","max-snippet":"max-snippet:-1","max-image-preview":"max-image-preview:large","max-video-preview":"max-video-preview:-1"},"canonical":"https:\/\/hubsch-interior.com\/da\/wp-json\/wp\/v2\/product\/998849","og_locale":"da_DK","og_type":"article","og_title":"Oblique Spisestol S\u00e6de Natur - H\u00fcbsch","og_description":"Vi er forelskede! Intet mindre. Denne smukke spisestol tapper ind i skandinavisk designtradition, der er kendetegnet af rene linjer og smuk enkelhed.","og_url":"https:\/\/hubsch-interior.com\/da\/vare\/oblique-spisestol-saede-natur-2\/","og_site_name":"H\u00fcbsch","article_modified_time":"2026-04-05T02:33:55+00:00","og_image":[{"width":1024,"height":1024,"url":"https:\/\/hubsch-interior.com\/wp-content\/uploads\/2026\/02\/oblique-dining-chair-seat-natural-a83bb60836be012ab77412deb30ff7fb.jpg","type":"image\/jpeg"}],"twitter_card":"summary_large_image","twitter_misc":{"Estimeret l\u00e6setid":"1 minut"},"schema":{"@context":"https:\/\/schema.org","@graph":[{"@type":"WebPage","@id":"https:\/\/hubsch-interior.com\/da\/vare\/oblique-spisestol-saede-natur-2\/","url":"https:\/\/hubsch-interior.com\/da\/vare\/oblique-spisestol-saede-natur-2\/","name":"Oblique Spisestol S\u00e6de Natur - H\u00fcbsch","isPartOf":{"@id":"https:\/\/hubsch-interior.com\/da\/#website"},"primaryImageOfPage":{"@id":"https:\/\/hubsch-interior.com\/da\/vare\/oblique-spisestol-saede-natur-2\/#primaryimage"},"image":{"@id":"https:\/\/hubsch-interior.com\/da\/vare\/oblique-spisestol-saede-natur-2\/#primaryimage"},"thumbnailUrl":"https:\/\/hubsch-interior.com\/wp-content\/uploads\/2026\/02\/oblique-dining-chair-seat-natural-a83bb60836be012ab77412deb30ff7fb.jpg","datePublished":"2024-10-08T07:21:30+00:00","dateModified":"2026-04-05T02:33:55+00:00","description":"Vi er forelskede! Intet mindre. Denne smukke spisestol tapper ind i skandinavisk designtradition, der er kendetegnet af rene linjer og smuk enkelhed.","breadcrumb":{"@id":"https:\/\/hubsch-interior.com\/da\/vare\/oblique-spisestol-saede-natur-2\/#breadcrumb"},"inLanguage":"da-DK","potentialAction":[{"@type":"ReadAction","target":["https:\/\/hubsch-interior.com\/da\/vare\/oblique-spisestol-saede-natur-2\/"]}]},{"@type":"ImageObject","inLanguage":"da-DK","@id":"https:\/\/hubsch-interior.com\/da\/vare\/oblique-spisestol-saede-natur-2\/#primaryimage","url":"https:\/\/hubsch-interior.com\/wp-content\/uploads\/2026\/02\/oblique-dining-chair-seat-natural-a83bb60836be012ab77412deb30ff7fb.jpg","contentUrl":"https:\/\/hubsch-interior.com\/wp-content\/uploads\/2026\/02\/oblique-dining-chair-seat-natural-a83bb60836be012ab77412deb30ff7fb.jpg","width":1024,"height":1024},{"@type":"BreadcrumbList","@id":"https:\/\/hubsch-interior.com\/da\/vare\/oblique-spisestol-saede-natur-2\/#breadcrumb","itemListElement":[{"@type":"ListItem","position":1,"name":"Forside","item":"https:\/\/hubsch-interior.com\/da\/"},{"@type":"ListItem","position":2,"name":"Produkter","item":"https:\/\/hubsch-interior.com\/da\/produkter\/"},{"@type":"ListItem","position":3,"name":"M\u00f8bler","item":"https:\/\/hubsch-interior.com\/da\/vare-kategori\/mobler\/"},{"@type":"ListItem","position":4,"name":"Siddem&oslash;bler","item":"https:\/\/hubsch-interior.com\/da\/vare-kategori\/mobler\/siddemoebler-da\/"},{"@type":"ListItem","position":5,"name":"Skamler","item":"https:\/\/hubsch-interior.com\/da\/vare-kategori\/mobler\/siddemoebler-da\/skamler-da\/"},{"@type":"ListItem","position":6,"name":"Oblique Spisestol S\u00e6de Natur"}]},{"@type":"WebSite","@id":"https:\/\/hubsch-interior.com\/da\/#website","url":"https:\/\/hubsch-interior.com\/da\/","name":"H\u00fcbsch","description":"Danish Home Interior and Design","publisher":{"@id":"https:\/\/hubsch-interior.com\/da\/#organization"},"potentialAction":[{"@type":"SearchAction","target":{"@type":"EntryPoint","urlTemplate":"https:\/\/hubsch-interior.com\/da\/?s={search_term_string}"},"query-input":{"@type":"PropertyValueSpecification","valueRequired":true,"valueName":"search_term_string"}}],"inLanguage":"da-DK"},{"@type":"Organization","@id":"https:\/\/hubsch-interior.com\/da\/#organization","name":"H\u00fcbsch","url":"https:\/\/hubsch-interior.com\/da\/","logo":{"@type":"ImageObject","inLanguage":"da-DK","@id":"https:\/\/hubsch-interior.com\/da\/#\/schema\/logo\/image\/","url":"https:\/\/hubsch-interior.com\/wp-content\/uploads\/2022\/12\/Hubsch_logo_black_one_line.svg","contentUrl":"https:\/\/hubsch-interior.com\/wp-content\/uploads\/2022\/12\/Hubsch_logo_black_one_line.svg","caption":"H\u00fcbsch"},"image":{"@id":"https:\/\/hubsch-interior.com\/da\/#\/schema\/logo\/image\/"}}]}},"_links":{"self":[{"href":"https:\/\/hubsch-interior.com\/da\/wp-json\/wp\/v2\/product\/998849","targetHints":{"allow":["GET"]}}],"collection":[{"href":"https:\/\/hubsch-interior.com\/da\/wp-json\/wp\/v2\/product"}],"about":[{"href":"https:\/\/hubsch-interior.com\/da\/wp-json\/wp\/v2\/types\/product"}],"wp:featuredmedia":[{"embeddable":true,"href":"https:\/\/hubsch-interior.com\/da\/wp-json\/wp\/v2\/media\/1098025"}],"wp:attachment":[{"href":"https:\/\/hubsch-interior.com\/da\/wp-json\/wp\/v2\/media?parent=998849"}],"wp:term":[{"taxonomy":"product_brand","embeddable":true,"href":"https:\/\/hubsch-interior.com\/da\/wp-json\/wp\/v2\/product_brand?post=998849"},{"taxonomy":"product_cat","embeddable":true,"href":"https:\/\/hubsch-interior.com\/da\/wp-json\/wp\/v2\/product_cat?post=998849"},{"taxonomy":"product_tag","embeddable":true,"href":"https:\/\/hubsch-interior.com\/da\/wp-json\/wp\/v2\/product_tag?post=998849"}],"curies":[{"name":"wp","href":"https:\/\/api.w.org\/{rel}","templated":true}]}}