{"id":999090,"date":"2024-10-08T11:24:09","date_gmt":"2024-10-08T09:24:09","guid":{"rendered":"https:\/\/hubsch-interior.com\/product\/product\/"},"modified":"2026-04-11T05:02:56","modified_gmt":"2026-04-11T03:02:56","slug":"mush-transportabel-lampe-messingfarve","status":"publish","type":"product","link":"https:\/\/hubsch-interior.com\/da\/vare\/mush-transportabel-lampe-messingfarve\/","title":{"rendered":"Mush Transportabel Lampe Messingfarve"},"content":{"rendered":"<p>Pr\u00e6senterer Mush Portable Lamp, et frisk pust til et ikonisk design, nu tr\u00e5dl\u00f8st for ultimativ bekvemmelighed. Lampen afspejler den minimalistiske elegance fra skandinavisk design og f\u00e5s i seks smukke farver \u2013 tre elskede klassikere og tre nye.<\/p>\n<p>Uanset om det er til en hyggelig l\u00e6sekrog, et natbord eller en udend\u00f8rs sammenkomst, er Mush Portable Lamp den perfekte ledsager. Den tilpasser sig dine behov og tilf\u00f8jer charme til ethvert rum. Dens b\u00e6rbarhed sikrer, at dit yndlingslys altid er inden for r\u00e6kkevidde, og forvandler ethvert rum med sit varme, indbydende sk\u00e6r. V\u00e6lg din farve og nyd den perfekte kombination af ikonisk design og moderne funktionalitet.<\/p>\n","protected":false},"excerpt":{"rendered":"<p>Pr\u00e6senterer Mush Portable Lamp, et frisk pust til et ikonisk design, nu tr\u00e5dl\u00f8st for ultimativ bekvemmelighed. Lampen afspejler den minimalistiske elegance fra skandinavisk design og f\u00e5s i seks smukke farver \u2013 tre elskede klassikere og tre nye. Uanset om det er til en hyggelig l\u00e6sekrog, et natbord eller en udend\u00f8rs sammenkomst, er Mush Portable Lamp [&hellip;]<\/p>\n","protected":false},"featured_media":1107722,"template":"","meta":{"_acf_changed":false,"inline_featured_image":false},"product_brand":[],"product_cat":[6942,6961,3808,3499,5025],"product_tag":[],"class_list":{"0":"post-999090","1":"product","2":"type-product","3":"status-publish","4":"has-post-thumbnail","6":"product_cat-bestseller-2025-da","7":"product_cat-transportable-lamper-da","8":"product_cat-belysning","9":"product_cat-bordlamper-da","10":"product_cat-bestsellers-da","11":"product_shipping_class-pk","13":"pa_color-messingfarve","14":"pa_material-jern-da","15":"pa_material-polycarbonat","17":"first","18":"instock","19":"featured","20":"taxable","21":"shipping-taxable","22":"purchasable","23":"product-type-simple"},"exclude_global_add_ons":[],"addons":[],"acf":[],"yoast_head":"<!-- This site is optimized with the Yoast SEO plugin v26.4 - https:\/\/yoast.com\/wordpress\/plugins\/seo\/ -->\n<title>Mush Transportabel Lampe Messingfarve - H\u00fcbsch<\/title>\n<meta name=\"description\" content=\"Pr\u00e6senterer Mush Portable Lamp, et frisk pust til et ikonisk design, nu tr\u00e5dl\u00f8st for ultimativ bekvemmelighed. Lampen afspejler den minimalistiske\" \/>\n<meta name=\"robots\" content=\"index, follow, max-snippet:-1, max-image-preview:large, max-video-preview:-1\" \/>\n<link rel=\"canonical\" href=\"https:\/\/hubsch-interior.com\/da\/wp-json\/wp\/v2\/product\/999090\" \/>\n<meta property=\"og:locale\" content=\"da_DK\" \/>\n<meta property=\"og:type\" content=\"article\" \/>\n<meta property=\"og:title\" content=\"Mush Transportabel Lampe Messingfarve - H\u00fcbsch\" \/>\n<meta property=\"og:description\" content=\"Pr\u00e6senterer Mush Portable Lamp, et frisk pust til et ikonisk design, nu tr\u00e5dl\u00f8st for ultimativ bekvemmelighed. Lampen afspejler den minimalistiske\" \/>\n<meta property=\"og:url\" content=\"https:\/\/hubsch-interior.com\/da\/vare\/mush-transportabel-lampe-messingfarve\/\" \/>\n<meta property=\"og:site_name\" content=\"H\u00fcbsch\" \/>\n<meta property=\"article:modified_time\" content=\"2026-04-11T03:02:56+00:00\" \/>\n<meta property=\"og:image\" content=\"https:\/\/hubsch-interior.com\/wp-content\/uploads\/2024\/10\/mush-portable-lamp-brass-cf38aebd181516e53b58d449a861951b.jpg\" \/>\n\t<meta property=\"og:image:width\" content=\"1200\" \/>\n\t<meta property=\"og:image:height\" content=\"1200\" \/>\n\t<meta property=\"og:image:type\" content=\"image\/jpeg\" \/>\n<meta name=\"twitter:card\" content=\"summary_large_image\" \/>\n<meta name=\"twitter:label1\" content=\"Estimeret l\u00e6setid\" \/>\n\t<meta name=\"twitter:data1\" content=\"1 minut\" \/>\n<script type=\"application\/ld+json\" class=\"yoast-schema-graph\">{\"@context\":\"https:\/\/schema.org\",\"@graph\":[{\"@type\":\"WebPage\",\"@id\":\"https:\/\/hubsch-interior.com\/da\/vare\/mush-transportabel-lampe-messingfarve\/\",\"url\":\"https:\/\/hubsch-interior.com\/da\/vare\/mush-transportabel-lampe-messingfarve\/\",\"name\":\"Mush Transportabel Lampe Messingfarve - H\u00fcbsch\",\"isPartOf\":{\"@id\":\"https:\/\/hubsch-interior.com\/da\/#website\"},\"primaryImageOfPage\":{\"@id\":\"https:\/\/hubsch-interior.com\/da\/vare\/mush-transportabel-lampe-messingfarve\/#primaryimage\"},\"image\":{\"@id\":\"https:\/\/hubsch-interior.com\/da\/vare\/mush-transportabel-lampe-messingfarve\/#primaryimage\"},\"thumbnailUrl\":\"https:\/\/hubsch-interior.com\/wp-content\/uploads\/2026\/02\/mush-portable-lamp-brass-1ac37789e23ad73b285eb9542590864c.jpg\",\"datePublished\":\"2024-10-08T09:24:09+00:00\",\"dateModified\":\"2026-04-11T03:02:56+00:00\",\"description\":\"Pr\u00e6senterer Mush Portable Lamp, et frisk pust til et ikonisk design, nu tr\u00e5dl\u00f8st for ultimativ bekvemmelighed. Lampen afspejler den minimalistiske\",\"breadcrumb\":{\"@id\":\"https:\/\/hubsch-interior.com\/da\/vare\/mush-transportabel-lampe-messingfarve\/#breadcrumb\"},\"inLanguage\":\"da-DK\",\"potentialAction\":[{\"@type\":\"ReadAction\",\"target\":[\"https:\/\/hubsch-interior.com\/da\/vare\/mush-transportabel-lampe-messingfarve\/\"]}]},{\"@type\":\"ImageObject\",\"inLanguage\":\"da-DK\",\"@id\":\"https:\/\/hubsch-interior.com\/da\/vare\/mush-transportabel-lampe-messingfarve\/#primaryimage\",\"url\":\"https:\/\/hubsch-interior.com\/wp-content\/uploads\/2026\/02\/mush-portable-lamp-brass-1ac37789e23ad73b285eb9542590864c.jpg\",\"contentUrl\":\"https:\/\/hubsch-interior.com\/wp-content\/uploads\/2026\/02\/mush-portable-lamp-brass-1ac37789e23ad73b285eb9542590864c.jpg\",\"width\":1024,\"height\":1024},{\"@type\":\"BreadcrumbList\",\"@id\":\"https:\/\/hubsch-interior.com\/da\/vare\/mush-transportabel-lampe-messingfarve\/#breadcrumb\",\"itemListElement\":[{\"@type\":\"ListItem\",\"position\":1,\"name\":\"Forside\",\"item\":\"https:\/\/hubsch-interior.com\/da\/\"},{\"@type\":\"ListItem\",\"position\":2,\"name\":\"Produkter\",\"item\":\"https:\/\/hubsch-interior.com\/da\/produkter\/\"},{\"@type\":\"ListItem\",\"position\":3,\"name\":\"Belysning\",\"item\":\"https:\/\/hubsch-interior.com\/da\/vare-kategori\/belysning\/\"},{\"@type\":\"ListItem\",\"position\":4,\"name\":\"Transportable Lamper\",\"item\":\"https:\/\/hubsch-interior.com\/da\/vare-kategori\/belysning\/transportable-lamper-da\/\"},{\"@type\":\"ListItem\",\"position\":5,\"name\":\"Mush Transportabel Lampe Messingfarve\"}]},{\"@type\":\"WebSite\",\"@id\":\"https:\/\/hubsch-interior.com\/da\/#website\",\"url\":\"https:\/\/hubsch-interior.com\/da\/\",\"name\":\"H\u00fcbsch\",\"description\":\"Danish Home Interior and Design\",\"publisher\":{\"@id\":\"https:\/\/hubsch-interior.com\/da\/#organization\"},\"potentialAction\":[{\"@type\":\"SearchAction\",\"target\":{\"@type\":\"EntryPoint\",\"urlTemplate\":\"https:\/\/hubsch-interior.com\/da\/?s={search_term_string}\"},\"query-input\":{\"@type\":\"PropertyValueSpecification\",\"valueRequired\":true,\"valueName\":\"search_term_string\"}}],\"inLanguage\":\"da-DK\"},{\"@type\":\"Organization\",\"@id\":\"https:\/\/hubsch-interior.com\/da\/#organization\",\"name\":\"H\u00fcbsch\",\"url\":\"https:\/\/hubsch-interior.com\/da\/\",\"logo\":{\"@type\":\"ImageObject\",\"inLanguage\":\"da-DK\",\"@id\":\"https:\/\/hubsch-interior.com\/da\/#\/schema\/logo\/image\/\",\"url\":\"https:\/\/hubsch-interior.com\/wp-content\/uploads\/2022\/12\/Hubsch_logo_black_one_line.svg\",\"contentUrl\":\"https:\/\/hubsch-interior.com\/wp-content\/uploads\/2022\/12\/Hubsch_logo_black_one_line.svg\",\"caption\":\"H\u00fcbsch\"},\"image\":{\"@id\":\"https:\/\/hubsch-interior.com\/da\/#\/schema\/logo\/image\/\"}}]}<\/script>\n<!-- \/ Yoast SEO plugin. -->","yoast_head_json":{"title":"Mush Transportabel Lampe Messingfarve - H\u00fcbsch","description":"Pr\u00e6senterer Mush Portable Lamp, et frisk pust til et ikonisk design, nu tr\u00e5dl\u00f8st for ultimativ bekvemmelighed. Lampen afspejler den minimalistiske","robots":{"index":"index","follow":"follow","max-snippet":"max-snippet:-1","max-image-preview":"max-image-preview:large","max-video-preview":"max-video-preview:-1"},"canonical":"https:\/\/hubsch-interior.com\/da\/wp-json\/wp\/v2\/product\/999090","og_locale":"da_DK","og_type":"article","og_title":"Mush Transportabel Lampe Messingfarve - H\u00fcbsch","og_description":"Pr\u00e6senterer Mush Portable Lamp, et frisk pust til et ikonisk design, nu tr\u00e5dl\u00f8st for ultimativ bekvemmelighed. Lampen afspejler den minimalistiske","og_url":"https:\/\/hubsch-interior.com\/da\/vare\/mush-transportabel-lampe-messingfarve\/","og_site_name":"H\u00fcbsch","article_modified_time":"2026-04-11T03:02:56+00:00","og_image":[{"width":1200,"height":1200,"url":"https:\/\/hubsch-interior.com\/wp-content\/uploads\/2024\/10\/mush-portable-lamp-brass-cf38aebd181516e53b58d449a861951b.jpg","type":"image\/jpeg"}],"twitter_card":"summary_large_image","twitter_misc":{"Estimeret l\u00e6setid":"1 minut"},"schema":{"@context":"https:\/\/schema.org","@graph":[{"@type":"WebPage","@id":"https:\/\/hubsch-interior.com\/da\/vare\/mush-transportabel-lampe-messingfarve\/","url":"https:\/\/hubsch-interior.com\/da\/vare\/mush-transportabel-lampe-messingfarve\/","name":"Mush Transportabel Lampe Messingfarve - H\u00fcbsch","isPartOf":{"@id":"https:\/\/hubsch-interior.com\/da\/#website"},"primaryImageOfPage":{"@id":"https:\/\/hubsch-interior.com\/da\/vare\/mush-transportabel-lampe-messingfarve\/#primaryimage"},"image":{"@id":"https:\/\/hubsch-interior.com\/da\/vare\/mush-transportabel-lampe-messingfarve\/#primaryimage"},"thumbnailUrl":"https:\/\/hubsch-interior.com\/wp-content\/uploads\/2026\/02\/mush-portable-lamp-brass-1ac37789e23ad73b285eb9542590864c.jpg","datePublished":"2024-10-08T09:24:09+00:00","dateModified":"2026-04-11T03:02:56+00:00","description":"Pr\u00e6senterer Mush Portable Lamp, et frisk pust til et ikonisk design, nu tr\u00e5dl\u00f8st for ultimativ bekvemmelighed. Lampen afspejler den minimalistiske","breadcrumb":{"@id":"https:\/\/hubsch-interior.com\/da\/vare\/mush-transportabel-lampe-messingfarve\/#breadcrumb"},"inLanguage":"da-DK","potentialAction":[{"@type":"ReadAction","target":["https:\/\/hubsch-interior.com\/da\/vare\/mush-transportabel-lampe-messingfarve\/"]}]},{"@type":"ImageObject","inLanguage":"da-DK","@id":"https:\/\/hubsch-interior.com\/da\/vare\/mush-transportabel-lampe-messingfarve\/#primaryimage","url":"https:\/\/hubsch-interior.com\/wp-content\/uploads\/2026\/02\/mush-portable-lamp-brass-1ac37789e23ad73b285eb9542590864c.jpg","contentUrl":"https:\/\/hubsch-interior.com\/wp-content\/uploads\/2026\/02\/mush-portable-lamp-brass-1ac37789e23ad73b285eb9542590864c.jpg","width":1024,"height":1024},{"@type":"BreadcrumbList","@id":"https:\/\/hubsch-interior.com\/da\/vare\/mush-transportabel-lampe-messingfarve\/#breadcrumb","itemListElement":[{"@type":"ListItem","position":1,"name":"Forside","item":"https:\/\/hubsch-interior.com\/da\/"},{"@type":"ListItem","position":2,"name":"Produkter","item":"https:\/\/hubsch-interior.com\/da\/produkter\/"},{"@type":"ListItem","position":3,"name":"Belysning","item":"https:\/\/hubsch-interior.com\/da\/vare-kategori\/belysning\/"},{"@type":"ListItem","position":4,"name":"Transportable Lamper","item":"https:\/\/hubsch-interior.com\/da\/vare-kategori\/belysning\/transportable-lamper-da\/"},{"@type":"ListItem","position":5,"name":"Mush Transportabel Lampe Messingfarve"}]},{"@type":"WebSite","@id":"https:\/\/hubsch-interior.com\/da\/#website","url":"https:\/\/hubsch-interior.com\/da\/","name":"H\u00fcbsch","description":"Danish Home Interior and Design","publisher":{"@id":"https:\/\/hubsch-interior.com\/da\/#organization"},"potentialAction":[{"@type":"SearchAction","target":{"@type":"EntryPoint","urlTemplate":"https:\/\/hubsch-interior.com\/da\/?s={search_term_string}"},"query-input":{"@type":"PropertyValueSpecification","valueRequired":true,"valueName":"search_term_string"}}],"inLanguage":"da-DK"},{"@type":"Organization","@id":"https:\/\/hubsch-interior.com\/da\/#organization","name":"H\u00fcbsch","url":"https:\/\/hubsch-interior.com\/da\/","logo":{"@type":"ImageObject","inLanguage":"da-DK","@id":"https:\/\/hubsch-interior.com\/da\/#\/schema\/logo\/image\/","url":"https:\/\/hubsch-interior.com\/wp-content\/uploads\/2022\/12\/Hubsch_logo_black_one_line.svg","contentUrl":"https:\/\/hubsch-interior.com\/wp-content\/uploads\/2022\/12\/Hubsch_logo_black_one_line.svg","caption":"H\u00fcbsch"},"image":{"@id":"https:\/\/hubsch-interior.com\/da\/#\/schema\/logo\/image\/"}}]}},"_links":{"self":[{"href":"https:\/\/hubsch-interior.com\/da\/wp-json\/wp\/v2\/product\/999090","targetHints":{"allow":["GET"]}}],"collection":[{"href":"https:\/\/hubsch-interior.com\/da\/wp-json\/wp\/v2\/product"}],"about":[{"href":"https:\/\/hubsch-interior.com\/da\/wp-json\/wp\/v2\/types\/product"}],"wp:featuredmedia":[{"embeddable":true,"href":"https:\/\/hubsch-interior.com\/da\/wp-json\/wp\/v2\/media\/1107722"}],"wp:attachment":[{"href":"https:\/\/hubsch-interior.com\/da\/wp-json\/wp\/v2\/media?parent=999090"}],"wp:term":[{"taxonomy":"product_brand","embeddable":true,"href":"https:\/\/hubsch-interior.com\/da\/wp-json\/wp\/v2\/product_brand?post=999090"},{"taxonomy":"product_cat","embeddable":true,"href":"https:\/\/hubsch-interior.com\/da\/wp-json\/wp\/v2\/product_cat?post=999090"},{"taxonomy":"product_tag","embeddable":true,"href":"https:\/\/hubsch-interior.com\/da\/wp-json\/wp\/v2\/product_tag?post=999090"}],"curies":[{"name":"wp","href":"https:\/\/api.w.org\/{rel}","templated":true}]}}