{"id":383309,"date":"2021-05-11T14:17:21","date_gmt":"2021-05-11T12:17:21","guid":{"rendered":"https:\/\/hubsch-interior.com\/shop-b2c\/virtueller-showroom\/"},"modified":"2022-01-24T14:24:17","modified_gmt":"2022-01-24T13:24:17","slug":"virtueller-showroom","status":"publish","type":"page","link":"https:\/\/hubsch-interior.com\/de\/virtueller-showroom\/","title":{"rendered":"Virtueller Showroom"},"content":{"rendered":"\t\t<div data-elementor-type=\"wp-page\" data-elementor-id=\"383309\" class=\"elementor elementor-383309 elementor-93976\" data-elementor-post-type=\"page\">\n\t\t\t\t\t\t<section class=\"elementor-section elementor-top-section elementor-element elementor-element-a2f203d elementor-section-full_width elementor-section-height-default elementor-section-height-default\" data-id=\"a2f203d\" data-element_type=\"section\" data-e-type=\"section\">\n\t\t\t\t\t\t<div class=\"elementor-container elementor-column-gap-default\">\n\t\t\t\t\t<div class=\"elementor-column elementor-col-100 elementor-top-column elementor-element elementor-element-b1f5b04\" data-id=\"b1f5b04\" data-element_type=\"column\" data-e-type=\"column\">\n\t\t\t<div class=\"elementor-widget-wrap elementor-element-populated\">\n\t\t\t\t\t\t<div class=\"elementor-element elementor-element-35ad864 elementor-align-center elementor-widget elementor-widget-global elementor-global-719647 elementor-widget-breadcrumbs\" data-id=\"35ad864\" data-element_type=\"widget\" data-e-type=\"widget\" data-widget_type=\"breadcrumbs.default\">\n\t\t\t\t<div class=\"elementor-widget-container\">\n\t\t\t\t\t<p id=\"breadcrumbs\"><span><span><a href=\"https:\/\/hubsch-interior.com\/de\/\">Startseite<\/a><\/span><\/span><\/p>\t\t\t\t<\/div>\n\t\t\t\t<\/div>\n\t\t\t\t\t<\/div>\n\t\t<\/div>\n\t\t\t\t\t<\/div>\n\t\t<\/section>\n\t\t\t\t<section class=\"elementor-section elementor-top-section elementor-element elementor-element-63db6ad elementor-section-boxed elementor-section-height-default elementor-section-height-default\" data-id=\"63db6ad\" data-element_type=\"section\" data-e-type=\"section\">\n\t\t\t\t\t\t<div class=\"elementor-container elementor-column-gap-default\">\n\t\t\t\t\t<div class=\"elementor-column elementor-col-50 elementor-top-column elementor-element elementor-element-a2ead9f\" data-id=\"a2ead9f\" data-element_type=\"column\" data-e-type=\"column\">\n\t\t\t<div class=\"elementor-widget-wrap elementor-element-populated\">\n\t\t\t\t\t\t<div class=\"elementor-element elementor-element-dc6ce91 elementor-widget elementor-widget-heading\" data-id=\"dc6ce91\" data-element_type=\"widget\" data-e-type=\"widget\" data-widget_type=\"heading.default\">\n\t\t\t\t<div class=\"elementor-widget-container\">\n\t\t\t\t\t<h1 class=\"elementor-heading-title elementor-size-default\">Machen Sie eine virtuelle Showroom-Tour<\/h1>\t\t\t\t<\/div>\n\t\t\t\t<\/div>\n\t\t\t\t<div class=\"elementor-element elementor-element-5244507 elementor-widget elementor-widget-text-editor\" data-id=\"5244507\" data-element_type=\"widget\" data-e-type=\"widget\" data-widget_type=\"text-editor.default\">\n\t\t\t\t<div class=\"elementor-widget-container\">\n\t\t\t\t\t\t\t\t\t<p>In unserem neu errichteten Hauptsitz in Herning, D\u00e4nemark, finden Sie unseren pr\u00e4chtigen Flaggschiff-Showroom. Es ist ein beeindruckender 450 Quadratmeter gro\u00dfer Showroom, in dem Sie unsere Produkte sehen, ber\u00fchren und das Wissen dar\u00fcber vertiefen k\u00f6nnen. Hier haben Sie die M\u00f6glichkeit unser gesamtes Markenuniversum zu erleben und unsere klassischen Designikonen neben unseren neueren modernen Designs zu erleben. Machen Sie einen virtuellen Spaziergang, werfen Sie einen Blick darauf und klicken Sie auf die Produkte, um den Preis und die technischen Daten zu sehen. Wir hoffen, es wird Ihnen gefallen.<\/p>\n\t\t\t\t\t\t\t\t<\/div>\n\t\t\t\t<\/div>\n\t\t\t\t\t<\/div>\n\t\t<\/div>\n\t\t\t\t<div class=\"elementor-column elementor-col-50 elementor-top-column elementor-element elementor-element-0a40d55 elementor-hidden-tablet elementor-hidden-mobile\" data-id=\"0a40d55\" data-element_type=\"column\" data-e-type=\"column\">\n\t\t\t<div class=\"elementor-widget-wrap\">\n\t\t\t\t\t\t\t<\/div>\n\t\t<\/div>\n\t\t\t\t\t<\/div>\n\t\t<\/section>\n\t\t\t\t<section class=\"elementor-section elementor-top-section elementor-element elementor-element-e0e3581 elementor-section-boxed elementor-section-height-default elementor-section-height-default\" data-id=\"e0e3581\" data-element_type=\"section\" data-e-type=\"section\">\n\t\t\t\t\t\t<div class=\"elementor-container elementor-column-gap-default\">\n\t\t\t\t\t<div class=\"elementor-column elementor-col-100 elementor-top-column elementor-element elementor-element-b5bc6c2\" data-id=\"b5bc6c2\" data-element_type=\"column\" data-e-type=\"column\">\n\t\t\t<div class=\"elementor-widget-wrap elementor-element-populated\">\n\t\t\t\t\t\t<div class=\"elementor-element elementor-element-15e9ee8 elementor-widget__width-auto elementor-hidden-desktop elementor-hidden-tablet elementor-hidden-mobile elementor-widget elementor-widget-heading\" data-id=\"15e9ee8\" data-element_type=\"widget\" data-e-type=\"widget\" data-widget_type=\"heading.default\">\n\t\t\t\t<div class=\"elementor-widget-container\">\n\t\t\t\t\t<span class=\"elementor-heading-title elementor-size-default\">R\u00e4ume:<\/span>\t\t\t\t<\/div>\n\t\t\t\t<\/div>\n\t\t\t\t<div class=\"elementor-element elementor-element-deb610f elementor-nav-menu--dropdown-none style-menu elementor-widget__width-auto elementor-widget elementor-widget-global elementor-global-383131 elementor-global-94013 elementor-widget-nav-menu\" data-id=\"deb610f\" data-element_type=\"widget\" data-e-type=\"widget\" data-settings=\"{&quot;submenu_icon&quot;:{&quot;value&quot;:&quot;&quot;,&quot;library&quot;:&quot;&quot;},&quot;layout&quot;:&quot;horizontal&quot;}\" data-widget_type=\"nav-menu.default\">\n\t\t\t\t<div class=\"elementor-widget-container\">\n\t\t\t\t\t\t\t\t<nav aria-label=\"Men\u00fc\" class=\"elementor-nav-menu--main elementor-nav-menu__container elementor-nav-menu--layout-horizontal e--pointer-background e--animation-fade\">\n\t\t\t\t<ul id=\"menu-1-32a28d7\" class=\"elementor-nav-menu\"><li class=\"menu-item menu-item-type-post_type menu-item-object-page menu-item-984209\"><a href=\"https:\/\/hubsch-interior.com\/b2b-terms-conditions\/\" class=\"elementor-item\">B2B-Verkaufs und Lieferbedingungen<\/a><\/li>\n<li class=\"menu-item menu-item-type-post_type menu-item-object-page menu-item-984214\"><a href=\"https:\/\/hubsch-interior.com\/b2b-terms-conditions\/b2b-delivery-an-returns\/\" class=\"elementor-item\">B2B-Lieferung und R\u00fcckgabe<\/a><\/li>\n<li class=\"menu-item menu-item-type-post_type menu-item-object-page menu-item-1065951\"><a href=\"https:\/\/hubsch-interior.com\/b2b-terms-claims-guidelines\/\" class=\"elementor-item\">B2B-Terms-Claims Guidelines<\/a><\/li>\n<li class=\"menu-item menu-item-type-post_type menu-item-object-page menu-item-984213\"><a href=\"https:\/\/hubsch-interior.com\/b2b-terms-conditions\/b2b-privacy-policy\/\" class=\"elementor-item\">B2B-Datenschutz-Bestimmungen<\/a><\/li>\n<li class=\"menu-item menu-item-type-post_type menu-item-object-page menu-item-984212\"><a href=\"https:\/\/hubsch-interior.com\/b2b-terms-conditions\/b2b-cookie-policy\/\" class=\"elementor-item\">B2B-Cookie-Politik<\/a><\/li>\n<li class=\"menu-item menu-item-type-post_type menu-item-object-page menu-item-984210\"><a href=\"https:\/\/hubsch-interior.com\/b2b-terms-conditions\/b2b-faq\/\" class=\"elementor-item\">B2B-FAQ<\/a><\/li>\n<li class=\"menu-item menu-item-type-post_type menu-item-object-page menu-item-984211\"><a href=\"https:\/\/hubsch-interior.com\/b2b-terms-conditions\/b2b-impressum\/\" class=\"elementor-item\">B2B-Impressum<\/a><\/li>\n<\/ul>\t\t\t<\/nav>\n\t\t\t\t\t\t<nav class=\"elementor-nav-menu--dropdown elementor-nav-menu__container\" aria-hidden=\"true\">\n\t\t\t\t<ul id=\"menu-1-32a28d7\" class=\"elementor-nav-menu\"><li class=\"menu-item menu-item-type-post_type menu-item-object-page menu-item-984209\"><a href=\"https:\/\/hubsch-interior.com\/b2b-terms-conditions\/\" class=\"elementor-item\">B2B-Verkaufs und Lieferbedingungen<\/a><\/li>\n<li class=\"menu-item menu-item-type-post_type menu-item-object-page menu-item-984214\"><a href=\"https:\/\/hubsch-interior.com\/b2b-terms-conditions\/b2b-delivery-an-returns\/\" class=\"elementor-item\">B2B-Lieferung und R\u00fcckgabe<\/a><\/li>\n<li class=\"menu-item menu-item-type-post_type menu-item-object-page menu-item-1065951\"><a href=\"https:\/\/hubsch-interior.com\/b2b-terms-claims-guidelines\/\" class=\"elementor-item\">B2B-Terms-Claims Guidelines<\/a><\/li>\n<li class=\"menu-item menu-item-type-post_type menu-item-object-page menu-item-984213\"><a href=\"https:\/\/hubsch-interior.com\/b2b-terms-conditions\/b2b-privacy-policy\/\" class=\"elementor-item\">B2B-Datenschutz-Bestimmungen<\/a><\/li>\n<li class=\"menu-item menu-item-type-post_type menu-item-object-page menu-item-984212\"><a href=\"https:\/\/hubsch-interior.com\/b2b-terms-conditions\/b2b-cookie-policy\/\" class=\"elementor-item\">B2B-Cookie-Politik<\/a><\/li>\n<li class=\"menu-item menu-item-type-post_type menu-item-object-page menu-item-984210\"><a href=\"https:\/\/hubsch-interior.com\/b2b-terms-conditions\/b2b-faq\/\" class=\"elementor-item\">B2B-FAQ<\/a><\/li>\n<li class=\"menu-item menu-item-type-post_type menu-item-object-page menu-item-984211\"><a href=\"https:\/\/hubsch-interior.com\/b2b-terms-conditions\/b2b-impressum\/\" class=\"elementor-item\">B2B-Impressum<\/a><\/li>\n<\/ul>\t\t\t<\/nav>\n\t\t\t\t\t\t<\/div>\n\t\t\t\t<\/div>\n\t\t\t\t\t<\/div>\n\t\t<\/div>\n\t\t\t\t\t<\/div>\n\t\t<\/section>\n\t\t\t\t<section class=\"elementor-section elementor-top-section elementor-element elementor-element-7b147c8 elementor-section-content-middle elementor-section-boxed elementor-section-height-default elementor-section-height-default\" data-id=\"7b147c8\" data-element_type=\"section\" data-e-type=\"section\">\n\t\t\t\t\t\t<div class=\"elementor-container elementor-column-gap-default\">\n\t\t\t\t\t<div class=\"elementor-column elementor-col-100 elementor-top-column elementor-element elementor-element-cf9ed44\" data-id=\"cf9ed44\" data-element_type=\"column\" data-e-type=\"column\">\n\t\t\t<div class=\"elementor-widget-wrap elementor-element-populated\">\n\t\t\t\t\t\t<section class=\"elementor-section elementor-inner-section elementor-element elementor-element-32d0ef0 elementor-section-height-min-height elementor-section-content-middle elementor-hidden-tablet elementor-hidden-phone elementor-section-boxed elementor-section-height-default\" data-id=\"32d0ef0\" data-element_type=\"section\" data-e-type=\"section\" data-settings=\"{&quot;background_background&quot;:&quot;classic&quot;}\">\n\t\t\t\t\t\t<div class=\"elementor-container elementor-column-gap-default\">\n\t\t\t\t\t<div class=\"elementor-column elementor-col-100 elementor-inner-column elementor-element elementor-element-dcaba38\" data-id=\"dcaba38\" data-element_type=\"column\" data-e-type=\"column\" data-settings=\"{&quot;background_background&quot;:&quot;classic&quot;}\">\n\t\t\t<div class=\"elementor-widget-wrap elementor-element-populated\">\n\t\t\t\t\t\t<div class=\"elementor-element elementor-element-6cd4bf0 elementor-invisible elementor-widget elementor-widget-text-editor\" data-id=\"6cd4bf0\" data-element_type=\"widget\" data-e-type=\"widget\" data-settings=\"{&quot;_animation&quot;:&quot;fadeIn&quot;}\" data-widget_type=\"text-editor.default\">\n\t\t\t\t<div class=\"elementor-widget-container\">\n\t\t\t\t\t\t\t\t\t<p><iframe src=\"https:\/\/my.matterport.com\/show\/?m=nD1we1gbDGe\" width=\"100%\" height=\"880\" frameborder=\"0\" allowfullscreen=\"allowfullscreen\"><\/iframe><\/p>\n\t\t\t\t\t\t\t\t<\/div>\n\t\t\t\t<\/div>\n\t\t\t\t\t<\/div>\n\t\t<\/div>\n\t\t\t\t\t<\/div>\n\t\t<\/section>\n\t\t\t\t<section class=\"elementor-section elementor-inner-section elementor-element elementor-element-5bbd614 elementor-section-height-min-height elementor-section-content-middle elementor-hidden-desktop elementor-hidden-phone elementor-section-boxed elementor-section-height-default\" data-id=\"5bbd614\" data-element_type=\"section\" data-e-type=\"section\">\n\t\t\t\t\t\t<div class=\"elementor-container elementor-column-gap-default\">\n\t\t\t\t\t<div class=\"elementor-column elementor-col-100 elementor-inner-column elementor-element elementor-element-0ad43ee\" data-id=\"0ad43ee\" data-element_type=\"column\" data-e-type=\"column\">\n\t\t\t<div class=\"elementor-widget-wrap elementor-element-populated\">\n\t\t\t\t\t\t<div class=\"elementor-element elementor-element-a29689e elementor-widget elementor-widget-text-editor\" data-id=\"a29689e\" data-element_type=\"widget\" data-e-type=\"widget\" data-widget_type=\"text-editor.default\">\n\t\t\t\t<div class=\"elementor-widget-container\">\n\t\t\t\t\t\t\t\t\t<p><iframe src=\"https:\/\/my.matterport.com\/show\/?m=nD1we1gbDGe\" width=\"100%\" height=\"400\" frameborder=\"0\" allowfullscreen=\"allowfullscreen\"><\/iframe><\/p>\n\t\t\t\t\t\t\t\t<\/div>\n\t\t\t\t<\/div>\n\t\t\t\t\t<\/div>\n\t\t<\/div>\n\t\t\t\t\t<\/div>\n\t\t<\/section>\n\t\t\t\t<section class=\"elementor-section elementor-inner-section elementor-element elementor-element-dfc8e70 elementor-section-height-min-height elementor-section-content-middle elementor-hidden-desktop elementor-hidden-tablet elementor-section-boxed elementor-section-height-default\" data-id=\"dfc8e70\" data-element_type=\"section\" data-e-type=\"section\">\n\t\t\t\t\t\t<div class=\"elementor-container elementor-column-gap-default\">\n\t\t\t\t\t<div class=\"elementor-column elementor-col-100 elementor-inner-column elementor-element elementor-element-d2cc334\" data-id=\"d2cc334\" data-element_type=\"column\" data-e-type=\"column\">\n\t\t\t<div class=\"elementor-widget-wrap elementor-element-populated\">\n\t\t\t\t\t\t<div class=\"elementor-element elementor-element-d28999b elementor-widget elementor-widget-text-editor\" data-id=\"d28999b\" data-element_type=\"widget\" data-e-type=\"widget\" data-widget_type=\"text-editor.default\">\n\t\t\t\t<div class=\"elementor-widget-container\">\n\t\t\t\t\t\t\t\t\t<p><iframe src=\"https:\/\/my.matterport.com\/show\/?m=nD1we1gbDGe\" width=\"100%\" height=\"220\" frameborder=\"0\" allowfullscreen=\"allowfullscreen\"><\/iframe><\/p>\n\t\t\t\t\t\t\t\t<\/div>\n\t\t\t\t<\/div>\n\t\t\t\t\t<\/div>\n\t\t<\/div>\n\t\t\t\t\t<\/div>\n\t\t<\/section>\n\t\t\t\t\t<\/div>\n\t\t<\/div>\n\t\t\t\t\t<\/div>\n\t\t<\/section>\n\t\t\t\t<\/div>\n\t\t","protected":false},"excerpt":{"rendered":"<p>Machen Sie eine virtuelle Showroom-Tour In unserem neu errichteten Hauptsitz in Herning, D\u00e4nemark, finden Sie unseren pr\u00e4chtigen Flaggschiff-Showroom. Es ist ein beeindruckender 450 Quadratmeter gro\u00dfer Showroom, in dem Sie unsere Produkte sehen, ber\u00fchren und das Wissen dar\u00fcber vertiefen k\u00f6nnen. Hier haben Sie die M\u00f6glichkeit unser gesamtes Markenuniversum zu erleben und unsere klassischen Designikonen neben unseren [&hellip;]<\/p>\n","protected":false},"author":2,"featured_media":0,"parent":0,"menu_order":0,"comment_status":"closed","ping_status":"closed","template":"","meta":{"_acf_changed":false,"inline_featured_image":false,"footnotes":""},"class_list":["post-383309","page","type-page","status-publish","hentry"],"acf":[],"yoast_head":"<!-- This site is optimized with the Yoast SEO plugin v26.4 - https:\/\/yoast.com\/wordpress\/plugins\/seo\/ -->\n<title>Virtueller Showroom - Online-Tour durch unsere neueste Kollektion | H\u00fcbsch Interior<\/title>\n<meta name=\"description\" content=\"Virtueller Showroom f\u00fcr H\u00fcbsch Interior Design Kollektionen. Holen Sie sich eine kostenlose virtuelle Tour und entdecken Sie die neuesten Produkte aus unserer letzten Kollektion.\" \/>\n<meta name=\"robots\" content=\"index, follow, max-snippet:-1, max-image-preview:large, max-video-preview:-1\" \/>\n<link rel=\"canonical\" href=\"https:\/\/hubsch-interior.com\/de\/wp-json\/wp\/v2\/pages\/383309\" \/>\n<meta property=\"og:locale\" content=\"de_DE\" \/>\n<meta property=\"og:type\" content=\"article\" \/>\n<meta property=\"og:title\" content=\"Virtueller Showroom - Online-Tour durch unsere neueste Kollektion | H\u00fcbsch Interior\" \/>\n<meta property=\"og:description\" content=\"Virtueller Showroom f\u00fcr H\u00fcbsch Interior Design Kollektionen. Holen Sie sich eine kostenlose virtuelle Tour und entdecken Sie die neuesten Produkte aus unserer letzten Kollektion.\" \/>\n<meta property=\"og:url\" content=\"https:\/\/hubsch-interior.com\/de\/virtueller-showroom\/\" \/>\n<meta property=\"og:site_name\" content=\"H\u00fcbsch\" \/>\n<meta property=\"article:modified_time\" content=\"2022-01-24T13:24:17+00:00\" \/>\n<meta name=\"twitter:card\" content=\"summary_large_image\" \/>\n<script type=\"application\/ld+json\" class=\"yoast-schema-graph\">{\"@context\":\"https:\/\/schema.org\",\"@graph\":[{\"@type\":\"WebPage\",\"@id\":\"https:\/\/hubsch-interior.com\/de\/virtueller-showroom\/\",\"url\":\"https:\/\/hubsch-interior.com\/de\/virtueller-showroom\/\",\"name\":\"Virtueller Showroom - Online-Tour durch unsere neueste Kollektion | H\u00fcbsch Interior\",\"isPartOf\":{\"@id\":\"https:\/\/hubsch-interior.com\/de\/#website\"},\"datePublished\":\"2021-05-11T12:17:21+00:00\",\"dateModified\":\"2022-01-24T13:24:17+00:00\",\"description\":\"Virtueller Showroom f\u00fcr H\u00fcbsch Interior Design Kollektionen. Holen Sie sich eine kostenlose virtuelle Tour und entdecken Sie die neuesten Produkte aus unserer letzten Kollektion.\",\"breadcrumb\":{\"@id\":\"https:\/\/hubsch-interior.com\/de\/virtueller-showroom\/#breadcrumb\"},\"inLanguage\":\"de\",\"potentialAction\":[{\"@type\":\"ReadAction\",\"target\":[\"https:\/\/hubsch-interior.com\/de\/virtueller-showroom\/\"]}]},{\"@type\":\"BreadcrumbList\",\"@id\":\"https:\/\/hubsch-interior.com\/de\/virtueller-showroom\/#breadcrumb\",\"itemListElement\":[{\"@type\":\"ListItem\",\"position\":1,\"name\":\"Startseite\",\"item\":\"https:\/\/hubsch-interior.com\/de\/\"},{\"@type\":\"ListItem\",\"position\":2,\"name\":\"Virtueller Showroom\"}]},{\"@type\":\"WebSite\",\"@id\":\"https:\/\/hubsch-interior.com\/de\/#website\",\"url\":\"https:\/\/hubsch-interior.com\/de\/\",\"name\":\"H\u00fcbsch\",\"description\":\"Danish Home Interior and Design\",\"publisher\":{\"@id\":\"https:\/\/hubsch-interior.com\/de\/#organization\"},\"potentialAction\":[{\"@type\":\"SearchAction\",\"target\":{\"@type\":\"EntryPoint\",\"urlTemplate\":\"https:\/\/hubsch-interior.com\/de\/?s={search_term_string}\"},\"query-input\":{\"@type\":\"PropertyValueSpecification\",\"valueRequired\":true,\"valueName\":\"search_term_string\"}}],\"inLanguage\":\"de\"},{\"@type\":\"Organization\",\"@id\":\"https:\/\/hubsch-interior.com\/de\/#organization\",\"name\":\"H\u00fcbsch\",\"url\":\"https:\/\/hubsch-interior.com\/de\/\",\"logo\":{\"@type\":\"ImageObject\",\"inLanguage\":\"de\",\"@id\":\"https:\/\/hubsch-interior.com\/de\/#\/schema\/logo\/image\/\",\"url\":\"https:\/\/hubsch-interior.com\/wp-content\/uploads\/2022\/12\/Hubsch_logo_black_one_line.svg\",\"contentUrl\":\"https:\/\/hubsch-interior.com\/wp-content\/uploads\/2022\/12\/Hubsch_logo_black_one_line.svg\",\"caption\":\"H\u00fcbsch\"},\"image\":{\"@id\":\"https:\/\/hubsch-interior.com\/de\/#\/schema\/logo\/image\/\"}}]}<\/script>\n<!-- \/ Yoast SEO plugin. -->","yoast_head_json":{"title":"Virtueller Showroom - Online-Tour durch unsere neueste Kollektion | H\u00fcbsch Interior","description":"Virtueller Showroom f\u00fcr H\u00fcbsch Interior Design Kollektionen. Holen Sie sich eine kostenlose virtuelle Tour und entdecken Sie die neuesten Produkte aus unserer letzten Kollektion.","robots":{"index":"index","follow":"follow","max-snippet":"max-snippet:-1","max-image-preview":"max-image-preview:large","max-video-preview":"max-video-preview:-1"},"canonical":"https:\/\/hubsch-interior.com\/de\/wp-json\/wp\/v2\/pages\/383309","og_locale":"de_DE","og_type":"article","og_title":"Virtueller Showroom - Online-Tour durch unsere neueste Kollektion | H\u00fcbsch Interior","og_description":"Virtueller Showroom f\u00fcr H\u00fcbsch Interior Design Kollektionen. Holen Sie sich eine kostenlose virtuelle Tour und entdecken Sie die neuesten Produkte aus unserer letzten Kollektion.","og_url":"https:\/\/hubsch-interior.com\/de\/virtueller-showroom\/","og_site_name":"H\u00fcbsch","article_modified_time":"2022-01-24T13:24:17+00:00","twitter_card":"summary_large_image","schema":{"@context":"https:\/\/schema.org","@graph":[{"@type":"WebPage","@id":"https:\/\/hubsch-interior.com\/de\/virtueller-showroom\/","url":"https:\/\/hubsch-interior.com\/de\/virtueller-showroom\/","name":"Virtueller Showroom - Online-Tour durch unsere neueste Kollektion | H\u00fcbsch Interior","isPartOf":{"@id":"https:\/\/hubsch-interior.com\/de\/#website"},"datePublished":"2021-05-11T12:17:21+00:00","dateModified":"2022-01-24T13:24:17+00:00","description":"Virtueller Showroom f\u00fcr H\u00fcbsch Interior Design Kollektionen. Holen Sie sich eine kostenlose virtuelle Tour und entdecken Sie die neuesten Produkte aus unserer letzten Kollektion.","breadcrumb":{"@id":"https:\/\/hubsch-interior.com\/de\/virtueller-showroom\/#breadcrumb"},"inLanguage":"de","potentialAction":[{"@type":"ReadAction","target":["https:\/\/hubsch-interior.com\/de\/virtueller-showroom\/"]}]},{"@type":"BreadcrumbList","@id":"https:\/\/hubsch-interior.com\/de\/virtueller-showroom\/#breadcrumb","itemListElement":[{"@type":"ListItem","position":1,"name":"Startseite","item":"https:\/\/hubsch-interior.com\/de\/"},{"@type":"ListItem","position":2,"name":"Virtueller Showroom"}]},{"@type":"WebSite","@id":"https:\/\/hubsch-interior.com\/de\/#website","url":"https:\/\/hubsch-interior.com\/de\/","name":"H\u00fcbsch","description":"Danish Home Interior and Design","publisher":{"@id":"https:\/\/hubsch-interior.com\/de\/#organization"},"potentialAction":[{"@type":"SearchAction","target":{"@type":"EntryPoint","urlTemplate":"https:\/\/hubsch-interior.com\/de\/?s={search_term_string}"},"query-input":{"@type":"PropertyValueSpecification","valueRequired":true,"valueName":"search_term_string"}}],"inLanguage":"de"},{"@type":"Organization","@id":"https:\/\/hubsch-interior.com\/de\/#organization","name":"H\u00fcbsch","url":"https:\/\/hubsch-interior.com\/de\/","logo":{"@type":"ImageObject","inLanguage":"de","@id":"https:\/\/hubsch-interior.com\/de\/#\/schema\/logo\/image\/","url":"https:\/\/hubsch-interior.com\/wp-content\/uploads\/2022\/12\/Hubsch_logo_black_one_line.svg","contentUrl":"https:\/\/hubsch-interior.com\/wp-content\/uploads\/2022\/12\/Hubsch_logo_black_one_line.svg","caption":"H\u00fcbsch"},"image":{"@id":"https:\/\/hubsch-interior.com\/de\/#\/schema\/logo\/image\/"}}]}},"_links":{"self":[{"href":"https:\/\/hubsch-interior.com\/de\/wp-json\/wp\/v2\/pages\/383309","targetHints":{"allow":["GET"]}}],"collection":[{"href":"https:\/\/hubsch-interior.com\/de\/wp-json\/wp\/v2\/pages"}],"about":[{"href":"https:\/\/hubsch-interior.com\/de\/wp-json\/wp\/v2\/types\/page"}],"author":[{"embeddable":true,"href":"https:\/\/hubsch-interior.com\/de\/wp-json\/wp\/v2\/users\/2"}],"replies":[{"embeddable":true,"href":"https:\/\/hubsch-interior.com\/de\/wp-json\/wp\/v2\/comments?post=383309"}],"version-history":[{"count":0,"href":"https:\/\/hubsch-interior.com\/de\/wp-json\/wp\/v2\/pages\/383309\/revisions"}],"wp:attachment":[{"href":"https:\/\/hubsch-interior.com\/de\/wp-json\/wp\/v2\/media?parent=383309"}],"curies":[{"name":"wp","href":"https:\/\/api.w.org\/{rel}","templated":true}]}}