{"id":67358,"date":"2021-01-08T09:16:43","date_gmt":"2021-01-08T08:16:43","guid":{"rendered":"https:\/\/hubsch-interior.com\/ueber-huebsch\/ecocert\/"},"modified":"2024-02-29T08:00:37","modified_gmt":"2024-02-29T07:00:37","slug":"ecocert","status":"publish","type":"page","link":"https:\/\/hubsch-interior.com\/de\/ueber-uns\/ecocert\/","title":{"rendered":"ECOCERT"},"content":{"rendered":"\t\t<div data-elementor-type=\"wp-page\" data-elementor-id=\"67358\" class=\"elementor elementor-67358 elementor-62903\" data-elementor-post-type=\"page\">\n\t\t\t\t\t\t<section class=\"elementor-section elementor-top-section elementor-element elementor-element-a901636 elementor-section-full_width elementor-section-height-default elementor-section-height-default\" data-id=\"a901636\" data-element_type=\"section\" data-e-type=\"section\">\n\t\t\t\t\t\t<div class=\"elementor-container elementor-column-gap-default\">\n\t\t\t\t\t<div class=\"elementor-column elementor-col-100 elementor-top-column elementor-element elementor-element-f23654b\" data-id=\"f23654b\" data-element_type=\"column\" data-e-type=\"column\">\n\t\t\t<div class=\"elementor-widget-wrap elementor-element-populated\">\n\t\t\t\t\t\t<div class=\"elementor-element elementor-element-ea8fa57 elementor-align-center elementor-widget elementor-widget-global elementor-global-719647 elementor-widget-breadcrumbs\" data-id=\"ea8fa57\" data-element_type=\"widget\" data-e-type=\"widget\" data-widget_type=\"breadcrumbs.default\">\n\t\t\t\t<div class=\"elementor-widget-container\">\n\t\t\t\t\t<p id=\"breadcrumbs\"><span><span><a href=\"https:\/\/hubsch-interior.com\/de\/\">Startseite<\/a><\/span><\/span><\/p>\t\t\t\t<\/div>\n\t\t\t\t<\/div>\n\t\t\t\t\t<\/div>\n\t\t<\/div>\n\t\t\t\t\t<\/div>\n\t\t<\/section>\n\t\t\t\t<section class=\"elementor-section elementor-top-section elementor-element elementor-element-9eed6d3 elementor-section-boxed elementor-section-height-default elementor-section-height-default\" data-id=\"9eed6d3\" data-element_type=\"section\" data-e-type=\"section\">\n\t\t\t\t\t\t<div class=\"elementor-container elementor-column-gap-default\">\n\t\t\t\t\t<div class=\"elementor-column elementor-col-100 elementor-top-column elementor-element elementor-element-8ee4e10\" data-id=\"8ee4e10\" data-element_type=\"column\" data-e-type=\"column\">\n\t\t\t<div class=\"elementor-widget-wrap elementor-element-populated\">\n\t\t\t\t\t\t<div class=\"elementor-element elementor-element-9a20c91 elementor-widget-tablet__width-initial elementor-widget elementor-widget-heading\" data-id=\"9a20c91\" data-element_type=\"widget\" data-e-type=\"widget\" data-widget_type=\"heading.default\">\n\t\t\t\t<div class=\"elementor-widget-container\">\n\t\t\t\t\t<h2 class=\"elementor-heading-title elementor-size-default\">ECOCERT\u00ae<\/h2>\t\t\t\t<\/div>\n\t\t\t\t<\/div>\n\t\t\t\t\t<\/div>\n\t\t<\/div>\n\t\t\t\t\t<\/div>\n\t\t<\/section>\n\t\t\t\t<section class=\"elementor-section elementor-top-section elementor-element elementor-element-fa91845 elementor-section-boxed elementor-section-height-default elementor-section-height-default\" data-id=\"fa91845\" data-element_type=\"section\" data-e-type=\"section\">\n\t\t\t\t\t\t<div class=\"elementor-container elementor-column-gap-default\">\n\t\t\t\t\t<div class=\"elementor-column elementor-col-50 elementor-top-column elementor-element elementor-element-c01d043\" data-id=\"c01d043\" data-element_type=\"column\" data-e-type=\"column\">\n\t\t\t<div class=\"elementor-widget-wrap elementor-element-populated\">\n\t\t\t\t\t\t<div class=\"elementor-element elementor-element-d6394bd elementor-widget elementor-widget-image\" data-id=\"d6394bd\" data-element_type=\"widget\" data-e-type=\"widget\" data-widget_type=\"image.default\">\n\t\t\t\t<div class=\"elementor-widget-container\">\n\t\t\t\t\t\t\t\t\t\t\t\t\t\t\t<img fetchpriority=\"high\" decoding=\"async\" width=\"805\" height=\"600\" src=\"https:\/\/hubsch-interior.com\/wp-content\/uploads\/2023\/02\/Hubsch_ecocert_6.jpg\" class=\"attachment-large size-large wp-image-887729\" alt=\"\" \/>\t\t\t\t\t\t\t\t\t\t\t\t\t\t\t<\/div>\n\t\t\t\t<\/div>\n\t\t\t\t\t<\/div>\n\t\t<\/div>\n\t\t\t\t<div class=\"elementor-column elementor-col-50 elementor-top-column elementor-element elementor-element-acb2ef7\" data-id=\"acb2ef7\" data-element_type=\"column\" data-e-type=\"column\">\n\t\t\t<div class=\"elementor-widget-wrap elementor-element-populated\">\n\t\t\t\t\t\t<div class=\"elementor-element elementor-element-800f09f elementor-widget__width-initial elementor-widget-tablet__width-initial elementor-widget elementor-widget-heading\" data-id=\"800f09f\" data-element_type=\"widget\" data-e-type=\"widget\" data-widget_type=\"heading.default\">\n\t\t\t\t<div class=\"elementor-widget-container\">\n\t\t\t\t\t<h2 class=\"elementor-heading-title elementor-size-default\">Dies ist unsere ECOCERT\u00ae-Geschichte<\/h2>\t\t\t\t<\/div>\n\t\t\t\t<\/div>\n\t\t\t\t<div class=\"elementor-element elementor-element-d380d5f elementor-widget__width-initial elementor-widget-tablet__width-initial elementor-widget elementor-widget-text-editor\" data-id=\"d380d5f\" data-element_type=\"widget\" data-e-type=\"widget\" data-widget_type=\"text-editor.default\">\n\t\t\t\t<div class=\"elementor-widget-container\">\n\t\t\t\t\t\t\t\t\t<p>Die H\u00fcbsch Lifestyle-Serie wurde 2019 eingef\u00fchrt. Sie besteht aus Handcreme, Waschmittel und Handseife und wird in D\u00e4nemark hergestellt.<\/p>\n<p>Die Produkte sind durch ECOCERT\u00ae zertifiziert und v\u00f6llig frei von Parabenen und synthetischen Farbstoffen. Mindestens 95% der pflanzlichen Inhaltsstoffe sind biologisch und die Verpackung der Produkte ist zu 100% recycelbar.<\/p>\n<p>ECOCERT\u00ae ist eine der gr\u00f6\u00dften Bio-Zertifizierungsorganisationen und Testinstitute der Welt und eines der bekanntesten Siegel f\u00fcr die Standardisierung von Naturkosmetik.<\/p>\n<p>Unsere Produkte sind nach dem COSMetic Organic and Natural Standard (COSMOS) zertifiziert. Alle mit dem ECOCERT\u00ae-Logo gekennzeichneten Produkte wurden verifiziert: von der Zusammensetzung \u00fcber die Verarbeitung bis zur Verpackung. Die Verbraucher*innen erhalten somit eine transparente Angabe auf den Produktverpackungen zu den jeweils enthaltenen nat\u00fcrlichen und biologischen Inhaltsstoffen.<\/p>\n\t\t\t\t\t\t\t\t<\/div>\n\t\t\t\t<\/div>\n\t\t\t\t\t<\/div>\n\t\t<\/div>\n\t\t\t\t\t<\/div>\n\t\t<\/section>\n\t\t\t\t<section class=\"elementor-section elementor-top-section elementor-element elementor-element-956534b elementor-section-boxed elementor-section-height-default elementor-section-height-default\" data-id=\"956534b\" data-element_type=\"section\" data-e-type=\"section\">\n\t\t\t\t\t\t<div class=\"elementor-container elementor-column-gap-default\">\n\t\t\t\t\t<div class=\"elementor-column elementor-col-50 elementor-top-column elementor-element elementor-element-e5a7a0a\" data-id=\"e5a7a0a\" data-element_type=\"column\" data-e-type=\"column\">\n\t\t\t<div class=\"elementor-widget-wrap elementor-element-populated\">\n\t\t\t\t\t\t<div class=\"elementor-element elementor-element-ee47433 elementor-widget elementor-widget-image\" data-id=\"ee47433\" data-element_type=\"widget\" data-e-type=\"widget\" data-widget_type=\"image.default\">\n\t\t\t\t<div class=\"elementor-widget-container\">\n\t\t\t\t\t\t\t\t\t\t\t\t\t\t\t\t<a href=\"https:\/\/hubsch-interior.com\/product\/oblique-dining-chair-seat-natural\/\">\n\t\t\t\t\t\t\t<img decoding=\"async\" width=\"800\" height=\"900\" src=\"https:\/\/hubsch-interior.com\/wp-content\/uploads\/2023\/02\/Hubsch_ecocert_4.jpg\" class=\"attachment-full size-full wp-image-887733\" alt=\"\" \/>\t\t\t\t\t\t\t\t<\/a>\n\t\t\t\t\t\t\t\t\t\t\t\t\t\t\t<\/div>\n\t\t\t\t<\/div>\n\t\t\t\t<div class=\"elementor-element elementor-element-5bbc86a elementor-widget elementor-widget-spacer\" data-id=\"5bbc86a\" data-element_type=\"widget\" data-e-type=\"widget\" data-widget_type=\"spacer.default\">\n\t\t\t\t<div class=\"elementor-widget-container\">\n\t\t\t\t\t\t\t<div class=\"elementor-spacer\">\n\t\t\t<div class=\"elementor-spacer-inner\"><\/div>\n\t\t<\/div>\n\t\t\t\t\t\t<\/div>\n\t\t\t\t<\/div>\n\t\t\t\t<div class=\"elementor-element elementor-element-7b8976a elementor-widget__width-initial elementor-widget-tablet__width-initial elementor-widget elementor-widget-text-editor\" data-id=\"7b8976a\" data-element_type=\"widget\" data-e-type=\"widget\" data-widget_type=\"text-editor.default\">\n\t\t\t\t<div class=\"elementor-widget-container\">\n\t\t\t\t\t\t\t\t\t<p>Alle Inhaltsstoffe sind nat\u00fcrlichen Ursprungs, mit Ausnahme einer limitierten Liste genehmigter Inhaltsstoffe (einschlie\u00dflich Konservierungsstoffe), die in geringer Menge zugelassen sind. Im Durchschnitt enthalten ECOCERT\u00ae-zertifizierte Produkte 99% Inhaltsstoffe nat\u00fcrlichen Ursprungs.<\/p>\n<p>Ein Pflegeprodukt wird nur dann COSMOS-zertifiziert, wenn mindestens 95% der darin enthaltenen pflanzlichen Inhaltsstoffe und mindestens 20% der Inhaltsstoffe der Gesamtformulierung biologisch sind. Dar\u00fcber hinaus muss die Verpackung recycelbar sein.<\/p>\n<p>Weitere Informationen zu ECOCERT\u00ae finden Sie unter\u00a0<strong><a href=\"https:\/\/www.ecocert.com\/en\/home\" target=\"_blank\" rel=\"noopener\">www.ecocert.com\/en\/home<\/a><\/strong><\/p>\n\t\t\t\t\t\t\t\t<\/div>\n\t\t\t\t<\/div>\n\t\t\t\t\t<\/div>\n\t\t<\/div>\n\t\t\t\t<div class=\"elementor-column elementor-col-50 elementor-top-column elementor-element elementor-element-ba4a656\" data-id=\"ba4a656\" data-element_type=\"column\" data-e-type=\"column\">\n\t\t\t<div class=\"elementor-widget-wrap elementor-element-populated\">\n\t\t\t\t\t\t<div class=\"elementor-element elementor-element-67cd0f4 elementor-widget elementor-widget-image\" data-id=\"67cd0f4\" data-element_type=\"widget\" data-e-type=\"widget\" data-widget_type=\"image.default\">\n\t\t\t\t<div class=\"elementor-widget-container\">\n\t\t\t\t\t\t\t\t\t\t\t\t\t\t\t\t<a href=\"https:\/\/hubsch-interior.com\/product\/oblique-dining-chair-black\/\">\n\t\t\t\t\t\t\t<img decoding=\"async\" width=\"800\" height=\"900\" src=\"https:\/\/hubsch-interior.com\/wp-content\/uploads\/2023\/02\/Hubsch_ecocert_5.jpg\" class=\"attachment-full size-full wp-image-887737\" alt=\"\" \/>\t\t\t\t\t\t\t\t<\/a>\n\t\t\t\t\t\t\t\t\t\t\t\t\t\t\t<\/div>\n\t\t\t\t<\/div>\n\t\t\t\t\t<\/div>\n\t\t<\/div>\n\t\t\t\t\t<\/div>\n\t\t<\/section>\n\t\t\t\t<section class=\"elementor-section elementor-top-section elementor-element elementor-element-5ecd62b elementor-section-height-min-height elementor-section-full_width elementor-section-height-default elementor-section-items-middle\" data-id=\"5ecd62b\" data-element_type=\"section\" data-e-type=\"section\" data-settings=\"{&quot;background_background&quot;:&quot;classic&quot;}\">\n\t\t\t\t\t\t<div class=\"elementor-container elementor-column-gap-default\">\n\t\t\t\t\t<div class=\"elementor-column elementor-col-25 elementor-top-column elementor-element elementor-element-5f15bea\" data-id=\"5f15bea\" data-element_type=\"column\" data-e-type=\"column\">\n\t\t\t<div class=\"elementor-widget-wrap elementor-element-populated\">\n\t\t\t\t\t\t<div class=\"elementor-element elementor-element-9c3fed3 elementor-cta--skin-cover elementor-cta--valign-bottom elementor-animated-content elementor-widget elementor-widget-call-to-action\" data-id=\"9c3fed3\" data-element_type=\"widget\" data-e-type=\"widget\" data-widget_type=\"call-to-action.default\">\n\t\t\t\t<div class=\"elementor-widget-container\">\n\t\t\t\t\t\t\t<a class=\"elementor-cta\" href=\"https:\/\/hubsch-interior.com\/de\/ueber-uns\/fsc\/\">\n\t\t\t\t\t<div class=\"elementor-cta__bg-wrapper\">\n\t\t\t\t<div class=\"elementor-cta__bg elementor-bg\" style=\"background-image: url(https:\/\/hubsch-interior.com\/wp-content\/uploads\/2022\/01\/hubsch-fsc-thumb.jpg);\" role=\"img\" aria-label=\"hubsch-fsc-thumb\"><\/div>\n\t\t\t\t<div class=\"elementor-cta__bg-overlay\"><\/div>\n\t\t\t<\/div>\n\t\t\t\t\t\t\t<div class=\"elementor-cta__content\">\n\t\t\t\t\n\t\t\t\t\t\t\t\t\t<h1 class=\"elementor-cta__title elementor-cta__content-item elementor-content-item elementor-animated-item--move-up\">\n\t\t\t\t\t\tFSC\u00ae\t\t\t\t\t<\/h1>\n\t\t\t\t\n\t\t\t\t\n\t\t\t\t\t\t\t<\/div>\n\t\t\t\t\t\t<\/a>\n\t\t\t\t\t\t<\/div>\n\t\t\t\t<\/div>\n\t\t\t\t\t<\/div>\n\t\t<\/div>\n\t\t\t\t<div class=\"elementor-column elementor-col-25 elementor-top-column elementor-element elementor-element-bb693ef\" data-id=\"bb693ef\" data-element_type=\"column\" data-e-type=\"column\">\n\t\t\t<div class=\"elementor-widget-wrap elementor-element-populated\">\n\t\t\t\t\t\t<div class=\"elementor-element elementor-element-b677c92 elementor-cta--skin-cover elementor-cta--valign-bottom elementor-animated-content elementor-widget elementor-widget-call-to-action\" data-id=\"b677c92\" data-element_type=\"widget\" data-e-type=\"widget\" data-widget_type=\"call-to-action.default\">\n\t\t\t\t<div class=\"elementor-widget-container\">\n\t\t\t\t\t\t\t<a class=\"elementor-cta\" href=\"https:\/\/hubsch-interior.com\/de\/ueber-uns\/\">\n\t\t\t\t\t<div class=\"elementor-cta__bg-wrapper\">\n\t\t\t\t<div class=\"elementor-cta__bg elementor-bg\" style=\"background-image: url(https:\/\/hubsch-interior.com\/wp-content\/uploads\/2022\/09\/Hubsch_Story_To-experiment3.jpg);\" role=\"img\" aria-label=\"H\u00fcbsch_Story_To experiment3\"><\/div>\n\t\t\t\t<div class=\"elementor-cta__bg-overlay\"><\/div>\n\t\t\t<\/div>\n\t\t\t\t\t\t\t<div class=\"elementor-cta__content\">\n\t\t\t\t\n\t\t\t\t\t\t\t\t\t<h1 class=\"elementor-cta__title elementor-cta__content-item elementor-content-item elementor-animated-item--move-up\">\n\t\t\t\t\t\t\u00dcber H\u00fcbsch\t\t\t\t\t<\/h1>\n\t\t\t\t\n\t\t\t\t\n\t\t\t\t\t\t\t<\/div>\n\t\t\t\t\t\t<\/a>\n\t\t\t\t\t\t<\/div>\n\t\t\t\t<\/div>\n\t\t\t\t\t<\/div>\n\t\t<\/div>\n\t\t\t\t<div class=\"elementor-column elementor-col-25 elementor-top-column elementor-element elementor-element-fa6451e\" data-id=\"fa6451e\" data-element_type=\"column\" data-e-type=\"column\">\n\t\t\t<div class=\"elementor-widget-wrap elementor-element-populated\">\n\t\t\t\t\t\t<div class=\"elementor-element elementor-element-a81123c elementor-cta--skin-cover elementor-cta--valign-bottom elementor-animated-content elementor-widget elementor-widget-call-to-action\" data-id=\"a81123c\" data-element_type=\"widget\" data-e-type=\"widget\" data-widget_type=\"call-to-action.default\">\n\t\t\t\t<div class=\"elementor-widget-container\">\n\t\t\t\t\t\t\t<a class=\"elementor-cta\" href=\"https:\/\/hubsch-interior.com\/de\/ueber-uns\/oeko-tex\/\">\n\t\t\t\t\t<div class=\"elementor-cta__bg-wrapper\">\n\t\t\t\t<div class=\"elementor-cta__bg elementor-bg\" style=\"background-image: url(https:\/\/hubsch-interior.com\/wp-content\/uploads\/2023\/02\/Hubsch_care-3.jpg);\" role=\"img\" aria-label=\"Hubsch_care-3\"><\/div>\n\t\t\t\t<div class=\"elementor-cta__bg-overlay\"><\/div>\n\t\t\t<\/div>\n\t\t\t\t\t\t\t<div class=\"elementor-cta__content\">\n\t\t\t\t\n\t\t\t\t\t\t\t\t\t<h1 class=\"elementor-cta__title elementor-cta__content-item elementor-content-item elementor-animated-item--move-up\">\n\t\t\t\t\t\tStandard 100 By OEKO-TEX\u00ae\t\t\t\t\t<\/h1>\n\t\t\t\t\n\t\t\t\t\n\t\t\t\t\t\t\t<\/div>\n\t\t\t\t\t\t<\/a>\n\t\t\t\t\t\t<\/div>\n\t\t\t\t<\/div>\n\t\t\t\t\t<\/div>\n\t\t<\/div>\n\t\t\t\t<div class=\"elementor-column elementor-col-25 elementor-top-column elementor-element elementor-element-e87ccf7\" data-id=\"e87ccf7\" data-element_type=\"column\" data-e-type=\"column\">\n\t\t\t<div class=\"elementor-widget-wrap elementor-element-populated\">\n\t\t\t\t\t\t<div class=\"elementor-element elementor-element-4a6b301 elementor-cta--skin-cover elementor-cta--valign-bottom elementor-animated-content elementor-widget elementor-widget-call-to-action\" data-id=\"4a6b301\" data-element_type=\"widget\" data-e-type=\"widget\" data-widget_type=\"call-to-action.default\">\n\t\t\t\t<div class=\"elementor-widget-container\">\n\t\t\t\t\t\t\t<a class=\"elementor-cta\" href=\"https:\/\/hubsch-interior.com\/de\/care\/\">\n\t\t\t\t\t<div class=\"elementor-cta__bg-wrapper\">\n\t\t\t\t<div class=\"elementor-cta__bg elementor-bg\" style=\"background-image: url(https:\/\/hubsch-interior.com\/wp-content\/uploads\/2023\/02\/Hubsch_care_7.jpg);\" role=\"img\" aria-label=\"Hubsch_care_7\"><\/div>\n\t\t\t\t<div class=\"elementor-cta__bg-overlay\"><\/div>\n\t\t\t<\/div>\n\t\t\t\t\t\t\t<div class=\"elementor-cta__content\">\n\t\t\t\t\n\t\t\t\t\t\t\t\t\t<h1 class=\"elementor-cta__title elementor-cta__content-item elementor-content-item elementor-animated-item--move-up\">\n\t\t\t\t\t\tH\u00fcbsch Care\t\t\t\t\t<\/h1>\n\t\t\t\t\n\t\t\t\t\n\t\t\t\t\t\t\t<\/div>\n\t\t\t\t\t\t<\/a>\n\t\t\t\t\t\t<\/div>\n\t\t\t\t<\/div>\n\t\t\t\t\t<\/div>\n\t\t<\/div>\n\t\t\t\t\t<\/div>\n\t\t<\/section>\n\t\t\t\t<\/div>\n\t\t","protected":false},"excerpt":{"rendered":"<p>ECOCERT\u00ae Dies ist unsere ECOCERT\u00ae-Geschichte Die H\u00fcbsch Lifestyle-Serie wurde 2019 eingef\u00fchrt. Sie besteht aus Handcreme, Waschmittel und Handseife und wird in D\u00e4nemark hergestellt. Die Produkte sind durch ECOCERT\u00ae zertifiziert und v\u00f6llig frei von Parabenen und synthetischen Farbstoffen. Mindestens 95% der pflanzlichen Inhaltsstoffe sind biologisch und die Verpackung der Produkte ist zu 100% recycelbar. ECOCERT\u00ae ist [&hellip;]<\/p>\n","protected":false},"author":2,"featured_media":0,"parent":720057,"menu_order":0,"comment_status":"closed","ping_status":"closed","template":"","meta":{"_acf_changed":false,"inline_featured_image":false,"footnotes":""},"class_list":["post-67358","page","type-page","status-publish","hentry"],"acf":[],"yoast_head":"<!-- This site is optimized with the Yoast SEO plugin v26.4 - https:\/\/yoast.com\/wordpress\/plugins\/seo\/ -->\n<title>Ecocert zertifizierter Partner | Weil es uns wichtig ist - H\u00fcbsch Interieur<\/title>\n<meta name=\"description\" content=\"H\u00fcbsch ist Ecocert-zertifiziert, weil wir gute \u00f6kologische und gesellschaftliche Praktiken in unserer Produktion f\u00f6rdern wollen. Wir nennen es H\u00fcbsch Pflege.\" \/>\n<meta name=\"robots\" content=\"index, follow, max-snippet:-1, max-image-preview:large, max-video-preview:-1\" \/>\n<link rel=\"canonical\" href=\"https:\/\/hubsch-interior.com\/de\/wp-json\/wp\/v2\/pages\/67358\" \/>\n<meta property=\"og:locale\" content=\"de_DE\" \/>\n<meta property=\"og:type\" content=\"article\" \/>\n<meta property=\"og:title\" content=\"Ecocert zertifizierter Partner | Weil es uns wichtig ist - H\u00fcbsch Interieur\" \/>\n<meta property=\"og:description\" content=\"H\u00fcbsch ist Ecocert-zertifiziert, weil wir gute \u00f6kologische und gesellschaftliche Praktiken in unserer Produktion f\u00f6rdern wollen. Wir nennen es H\u00fcbsch Pflege.\" \/>\n<meta property=\"og:url\" content=\"https:\/\/hubsch-interior.com\/de\/ueber-uns\/ecocert\/\" \/>\n<meta property=\"og:site_name\" content=\"H\u00fcbsch\" \/>\n<meta property=\"article:modified_time\" content=\"2024-02-29T07:00:37+00:00\" \/>\n<meta property=\"og:image\" content=\"https:\/\/hubsch-interior.com\/wp-content\/uploads\/2023\/02\/Hubsch_ecocert_6.jpg\" \/>\n<meta name=\"twitter:card\" content=\"summary_large_image\" \/>\n<meta name=\"twitter:label1\" content=\"Gesch\u00e4tzte Lesezeit\" \/>\n\t<meta name=\"twitter:data1\" content=\"1\u00a0Minute\" \/>\n<script type=\"application\/ld+json\" class=\"yoast-schema-graph\">{\"@context\":\"https:\/\/schema.org\",\"@graph\":[{\"@type\":\"WebPage\",\"@id\":\"https:\/\/hubsch-interior.com\/de\/ueber-uns\/ecocert\/\",\"url\":\"https:\/\/hubsch-interior.com\/de\/ueber-uns\/ecocert\/\",\"name\":\"Ecocert zertifizierter Partner | Weil es uns wichtig ist - H\u00fcbsch Interieur\",\"isPartOf\":{\"@id\":\"https:\/\/hubsch-interior.com\/de\/#website\"},\"primaryImageOfPage\":{\"@id\":\"https:\/\/hubsch-interior.com\/de\/ueber-uns\/ecocert\/#primaryimage\"},\"image\":{\"@id\":\"https:\/\/hubsch-interior.com\/de\/ueber-uns\/ecocert\/#primaryimage\"},\"thumbnailUrl\":\"https:\/\/hubsch-interior.com\/wp-content\/uploads\/2023\/02\/Hubsch_ecocert_6.jpg\",\"datePublished\":\"2021-01-08T08:16:43+00:00\",\"dateModified\":\"2024-02-29T07:00:37+00:00\",\"description\":\"H\u00fcbsch ist Ecocert-zertifiziert, weil wir gute \u00f6kologische und gesellschaftliche Praktiken in unserer Produktion f\u00f6rdern wollen. Wir nennen es H\u00fcbsch Pflege.\",\"breadcrumb\":{\"@id\":\"https:\/\/hubsch-interior.com\/de\/ueber-uns\/ecocert\/#breadcrumb\"},\"inLanguage\":\"de\",\"potentialAction\":[{\"@type\":\"ReadAction\",\"target\":[\"https:\/\/hubsch-interior.com\/de\/ueber-uns\/ecocert\/\"]}]},{\"@type\":\"ImageObject\",\"inLanguage\":\"de\",\"@id\":\"https:\/\/hubsch-interior.com\/de\/ueber-uns\/ecocert\/#primaryimage\",\"url\":\"https:\/\/hubsch-interior.com\/wp-content\/uploads\/2023\/02\/Hubsch_ecocert_6.jpg\",\"contentUrl\":\"https:\/\/hubsch-interior.com\/wp-content\/uploads\/2023\/02\/Hubsch_ecocert_6.jpg\"},{\"@type\":\"BreadcrumbList\",\"@id\":\"https:\/\/hubsch-interior.com\/de\/ueber-uns\/ecocert\/#breadcrumb\",\"itemListElement\":[{\"@type\":\"ListItem\",\"position\":1,\"name\":\"Startseite\",\"item\":\"https:\/\/hubsch-interior.com\/de\/\"},{\"@type\":\"ListItem\",\"position\":2,\"name\":\"\u00dcber uns\",\"item\":\"https:\/\/hubsch-interior.com\/de\/about-hubsch\/\"},{\"@type\":\"ListItem\",\"position\":3,\"name\":\"ECOCERT\"}]},{\"@type\":\"WebSite\",\"@id\":\"https:\/\/hubsch-interior.com\/de\/#website\",\"url\":\"https:\/\/hubsch-interior.com\/de\/\",\"name\":\"H\u00fcbsch\",\"description\":\"Danish Home Interior and Design\",\"publisher\":{\"@id\":\"https:\/\/hubsch-interior.com\/de\/#organization\"},\"potentialAction\":[{\"@type\":\"SearchAction\",\"target\":{\"@type\":\"EntryPoint\",\"urlTemplate\":\"https:\/\/hubsch-interior.com\/de\/?s={search_term_string}\"},\"query-input\":{\"@type\":\"PropertyValueSpecification\",\"valueRequired\":true,\"valueName\":\"search_term_string\"}}],\"inLanguage\":\"de\"},{\"@type\":\"Organization\",\"@id\":\"https:\/\/hubsch-interior.com\/de\/#organization\",\"name\":\"H\u00fcbsch\",\"url\":\"https:\/\/hubsch-interior.com\/de\/\",\"logo\":{\"@type\":\"ImageObject\",\"inLanguage\":\"de\",\"@id\":\"https:\/\/hubsch-interior.com\/de\/#\/schema\/logo\/image\/\",\"url\":\"https:\/\/hubsch-interior.com\/wp-content\/uploads\/2022\/12\/Hubsch_logo_black_one_line.svg\",\"contentUrl\":\"https:\/\/hubsch-interior.com\/wp-content\/uploads\/2022\/12\/Hubsch_logo_black_one_line.svg\",\"caption\":\"H\u00fcbsch\"},\"image\":{\"@id\":\"https:\/\/hubsch-interior.com\/de\/#\/schema\/logo\/image\/\"}}]}<\/script>\n<!-- \/ Yoast SEO plugin. -->","yoast_head_json":{"title":"Ecocert zertifizierter Partner | Weil es uns wichtig ist - H\u00fcbsch Interieur","description":"H\u00fcbsch ist Ecocert-zertifiziert, weil wir gute \u00f6kologische und gesellschaftliche Praktiken in unserer Produktion f\u00f6rdern wollen. Wir nennen es H\u00fcbsch Pflege.","robots":{"index":"index","follow":"follow","max-snippet":"max-snippet:-1","max-image-preview":"max-image-preview:large","max-video-preview":"max-video-preview:-1"},"canonical":"https:\/\/hubsch-interior.com\/de\/wp-json\/wp\/v2\/pages\/67358","og_locale":"de_DE","og_type":"article","og_title":"Ecocert zertifizierter Partner | Weil es uns wichtig ist - H\u00fcbsch Interieur","og_description":"H\u00fcbsch ist Ecocert-zertifiziert, weil wir gute \u00f6kologische und gesellschaftliche Praktiken in unserer Produktion f\u00f6rdern wollen. Wir nennen es H\u00fcbsch Pflege.","og_url":"https:\/\/hubsch-interior.com\/de\/ueber-uns\/ecocert\/","og_site_name":"H\u00fcbsch","article_modified_time":"2024-02-29T07:00:37+00:00","og_image":[{"url":"https:\/\/hubsch-interior.com\/wp-content\/uploads\/2023\/02\/Hubsch_ecocert_6.jpg","type":"","width":"","height":""}],"twitter_card":"summary_large_image","twitter_misc":{"Gesch\u00e4tzte Lesezeit":"1\u00a0Minute"},"schema":{"@context":"https:\/\/schema.org","@graph":[{"@type":"WebPage","@id":"https:\/\/hubsch-interior.com\/de\/ueber-uns\/ecocert\/","url":"https:\/\/hubsch-interior.com\/de\/ueber-uns\/ecocert\/","name":"Ecocert zertifizierter Partner | Weil es uns wichtig ist - H\u00fcbsch Interieur","isPartOf":{"@id":"https:\/\/hubsch-interior.com\/de\/#website"},"primaryImageOfPage":{"@id":"https:\/\/hubsch-interior.com\/de\/ueber-uns\/ecocert\/#primaryimage"},"image":{"@id":"https:\/\/hubsch-interior.com\/de\/ueber-uns\/ecocert\/#primaryimage"},"thumbnailUrl":"https:\/\/hubsch-interior.com\/wp-content\/uploads\/2023\/02\/Hubsch_ecocert_6.jpg","datePublished":"2021-01-08T08:16:43+00:00","dateModified":"2024-02-29T07:00:37+00:00","description":"H\u00fcbsch ist Ecocert-zertifiziert, weil wir gute \u00f6kologische und gesellschaftliche Praktiken in unserer Produktion f\u00f6rdern wollen. Wir nennen es H\u00fcbsch Pflege.","breadcrumb":{"@id":"https:\/\/hubsch-interior.com\/de\/ueber-uns\/ecocert\/#breadcrumb"},"inLanguage":"de","potentialAction":[{"@type":"ReadAction","target":["https:\/\/hubsch-interior.com\/de\/ueber-uns\/ecocert\/"]}]},{"@type":"ImageObject","inLanguage":"de","@id":"https:\/\/hubsch-interior.com\/de\/ueber-uns\/ecocert\/#primaryimage","url":"https:\/\/hubsch-interior.com\/wp-content\/uploads\/2023\/02\/Hubsch_ecocert_6.jpg","contentUrl":"https:\/\/hubsch-interior.com\/wp-content\/uploads\/2023\/02\/Hubsch_ecocert_6.jpg"},{"@type":"BreadcrumbList","@id":"https:\/\/hubsch-interior.com\/de\/ueber-uns\/ecocert\/#breadcrumb","itemListElement":[{"@type":"ListItem","position":1,"name":"Startseite","item":"https:\/\/hubsch-interior.com\/de\/"},{"@type":"ListItem","position":2,"name":"\u00dcber uns","item":"https:\/\/hubsch-interior.com\/de\/about-hubsch\/"},{"@type":"ListItem","position":3,"name":"ECOCERT"}]},{"@type":"WebSite","@id":"https:\/\/hubsch-interior.com\/de\/#website","url":"https:\/\/hubsch-interior.com\/de\/","name":"H\u00fcbsch","description":"Danish Home Interior and Design","publisher":{"@id":"https:\/\/hubsch-interior.com\/de\/#organization"},"potentialAction":[{"@type":"SearchAction","target":{"@type":"EntryPoint","urlTemplate":"https:\/\/hubsch-interior.com\/de\/?s={search_term_string}"},"query-input":{"@type":"PropertyValueSpecification","valueRequired":true,"valueName":"search_term_string"}}],"inLanguage":"de"},{"@type":"Organization","@id":"https:\/\/hubsch-interior.com\/de\/#organization","name":"H\u00fcbsch","url":"https:\/\/hubsch-interior.com\/de\/","logo":{"@type":"ImageObject","inLanguage":"de","@id":"https:\/\/hubsch-interior.com\/de\/#\/schema\/logo\/image\/","url":"https:\/\/hubsch-interior.com\/wp-content\/uploads\/2022\/12\/Hubsch_logo_black_one_line.svg","contentUrl":"https:\/\/hubsch-interior.com\/wp-content\/uploads\/2022\/12\/Hubsch_logo_black_one_line.svg","caption":"H\u00fcbsch"},"image":{"@id":"https:\/\/hubsch-interior.com\/de\/#\/schema\/logo\/image\/"}}]}},"_links":{"self":[{"href":"https:\/\/hubsch-interior.com\/de\/wp-json\/wp\/v2\/pages\/67358","targetHints":{"allow":["GET"]}}],"collection":[{"href":"https:\/\/hubsch-interior.com\/de\/wp-json\/wp\/v2\/pages"}],"about":[{"href":"https:\/\/hubsch-interior.com\/de\/wp-json\/wp\/v2\/types\/page"}],"author":[{"embeddable":true,"href":"https:\/\/hubsch-interior.com\/de\/wp-json\/wp\/v2\/users\/2"}],"replies":[{"embeddable":true,"href":"https:\/\/hubsch-interior.com\/de\/wp-json\/wp\/v2\/comments?post=67358"}],"version-history":[{"count":6,"href":"https:\/\/hubsch-interior.com\/de\/wp-json\/wp\/v2\/pages\/67358\/revisions"}],"predecessor-version":[{"id":984228,"href":"https:\/\/hubsch-interior.com\/de\/wp-json\/wp\/v2\/pages\/67358\/revisions\/984228"}],"up":[{"embeddable":true,"href":"https:\/\/hubsch-interior.com\/de\/wp-json\/wp\/v2\/pages\/720057"}],"wp:attachment":[{"href":"https:\/\/hubsch-interior.com\/de\/wp-json\/wp\/v2\/media?parent=67358"}],"curies":[{"name":"wp","href":"https:\/\/api.w.org\/{rel}","templated":true}]}}