{"id":67372,"date":"2021-01-08T09:50:53","date_gmt":"2021-01-08T08:50:53","guid":{"rendered":"https:\/\/hubsch-interior.com\/lieferung-und-rueckgabe\/"},"modified":"2023-03-22T14:13:45","modified_gmt":"2023-03-22T13:13:45","slug":"lieferung-und-rueckgabe","status":"publish","type":"page","link":"https:\/\/hubsch-interior.com\/de\/lieferung-und-rueckgabe\/","title":{"rendered":"Lieferung und R\u00fcckgabe"},"content":{"rendered":"\t\t<div data-elementor-type=\"wp-page\" data-elementor-id=\"67372\" class=\"elementor elementor-67372 elementor-32840\" data-elementor-post-type=\"page\">\n\t\t\t\t\t\t<section class=\"elementor-section elementor-top-section elementor-element elementor-element-f85260f elementor-section-full_width elementor-section-height-default elementor-section-height-default\" data-id=\"f85260f\" data-element_type=\"section\" data-e-type=\"section\">\n\t\t\t\t\t\t<div class=\"elementor-container elementor-column-gap-default\">\n\t\t\t\t\t<div class=\"elementor-column elementor-col-100 elementor-top-column elementor-element elementor-element-b59a426\" data-id=\"b59a426\" data-element_type=\"column\" data-e-type=\"column\">\n\t\t\t<div class=\"elementor-widget-wrap elementor-element-populated\">\n\t\t\t\t\t\t<div class=\"elementor-element elementor-element-fe3fab6 elementor-align-center elementor-widget elementor-widget-global elementor-global-719647 elementor-widget-breadcrumbs\" data-id=\"fe3fab6\" data-element_type=\"widget\" data-e-type=\"widget\" data-widget_type=\"breadcrumbs.default\">\n\t\t\t\t<div class=\"elementor-widget-container\">\n\t\t\t\t\t<p id=\"breadcrumbs\"><span><span><a href=\"https:\/\/hubsch-interior.com\/de\/\">Startseite<\/a><\/span><\/span><\/p>\t\t\t\t<\/div>\n\t\t\t\t<\/div>\n\t\t\t\t\t<\/div>\n\t\t<\/div>\n\t\t\t\t\t<\/div>\n\t\t<\/section>\n\t\t\t\t<section class=\"elementor-section elementor-top-section elementor-element elementor-element-60cbd02 elementor-section-boxed elementor-section-height-default elementor-section-height-default\" data-id=\"60cbd02\" data-element_type=\"section\" data-e-type=\"section\">\n\t\t\t\t\t\t<div class=\"elementor-container elementor-column-gap-default\">\n\t\t\t\t\t<div class=\"elementor-column elementor-col-100 elementor-top-column elementor-element elementor-element-799c0f0\" data-id=\"799c0f0\" data-element_type=\"column\" data-e-type=\"column\">\n\t\t\t<div class=\"elementor-widget-wrap elementor-element-populated\">\n\t\t\t\t\t\t<div class=\"elementor-element elementor-element-609d052 elementor-widget elementor-widget-heading\" data-id=\"609d052\" data-element_type=\"widget\" data-e-type=\"widget\" data-widget_type=\"heading.default\">\n\t\t\t\t<div class=\"elementor-widget-container\">\n\t\t\t\t\t<h1 class=\"elementor-heading-title elementor-size-default\">Lieferung und R\u00fcckgabe<\/h1>\t\t\t\t<\/div>\n\t\t\t\t<\/div>\n\t\t\t\t<div class=\"elementor-element elementor-element-2a54977 elementor-widget elementor-widget-text-editor\" data-id=\"2a54977\" data-element_type=\"widget\" data-e-type=\"widget\" data-widget_type=\"text-editor.default\">\n\t\t\t\t<div class=\"elementor-widget-container\">\n\t\t\t\t\t\t\t\t\t<p>Lieferoptionen und Lieferpreise k\u00f6nnen je nach Lieferadresse, Kaufzeitpunkt und Verf\u00fcgbarkeit der Waren variieren. Der Versand wird immer zum Preis des Artikels hinzugef\u00fcgt. Wir zeigen Ihnen die verf\u00fcgbaren Versandmethoden, den Preis und das Lieferdatum f\u00fcr Ihre Bestellung, wenn Ihr Kauf erneut bearbeitet wird. Wir liefern Waren an Adressen in Deutschland, D\u00e4nemark, Polen, Frankreich, \u00d6sterreich, Belgien, Finland, Niederlande, Spanien und Schweden . Die Ware wird innerhalb von 1-4 Werktagen gem\u00e4\u00df Ihrer Bestellung geliefert. Lieferoptionen und Lieferpreise k\u00f6nnen je nach Lieferadresse, Kaufzeitpunkt und Verf\u00fcgbarkeit der Waren variieren. Der Versand wird immer zum Preis des Artikels hinzugef\u00fcgt. F\u00fcr Eink\u00e4ufe \u00fcber 79 EUR* bieten wir eine kostenlose Lieferung an, gilt nur f\u00fcr UPS Shop-Lieferung* Die gelieferte Ware bleibt bis zur vollst\u00e4ndigen Bezahlung des Kaufpreises unser Eigentum. Wir bieten folgende Versandarten an:<\/p>\n<ul>\n<li>UPS \u2013 Paketshop<\/li>\n<li>UPS \u2013 Lieferung nach Hause<\/li>\n<li>UPS \u2013 Lieferung an eine Firmenadresse<\/li>\n<li>UPS \u2013 Express Paketshop<\/li>\n<\/ul>\n<p>*Lieferungen von M\u00f6beln und gr\u00f6\u00dferen Gegenst\u00e4nden sind nicht enthalten. Die Lieferung bis zur Bordsteinkante erfolgt durch eine Spedition (Dachser). \u00a0<\/p>\n\t\t\t\t\t\t\t\t<\/div>\n\t\t\t\t<\/div>\n\t\t\t\t<div class=\"elementor-element elementor-element-a1962f0 elementor-widget elementor-widget-heading\" data-id=\"a1962f0\" data-element_type=\"widget\" data-e-type=\"widget\" data-widget_type=\"heading.default\">\n\t\t\t\t<div class=\"elementor-widget-container\">\n\t\t\t\t\t<h3 class=\"elementor-heading-title elementor-size-default\">Widerrufsrecht<\/h3>\t\t\t\t<\/div>\n\t\t\t\t<\/div>\n\t\t\t\t<div class=\"elementor-element elementor-element-02d1204 elementor-widget elementor-widget-text-editor\" data-id=\"02d1204\" data-element_type=\"widget\" data-e-type=\"widget\" data-widget_type=\"text-editor.default\">\n\t\t\t\t<div class=\"elementor-widget-container\">\n\t\t\t\t\t\t\t\t\t<p>Sie k\u00f6nnen Ihren Kauf ohne Begr\u00fcndung innerhalb von 30 Tagen widerrufen. Wenn Sie mehrere Artikel in einer Bestellung gekauft haben, k\u00f6nnen Sie den Kauf einiger oder aller Artikel widerrufen. Siehe zur Erstattung von Versandkosten bei teilweiser Stornierung im Abschnitt \u201cR\u00fcckerstattung des Geldes bei Widerruf\u201d.<\/p>\n<p>Die Widerrufsfrist endet 30 Tage nach dem Tag, an dem Sie oder eine andere Person Ihrer Wahl (jedoch nicht der Spediteur) die Ware in physischem Besitz genommen haben. Wenn Sie mehrere Artikel in einer Bestellung bestellt haben und wir die Artikel nicht gleichzeitig liefern k\u00f6nnen, l\u00e4uft die Stornierungsfrist ab da, wo sie die letzte Ware in Besitz genommen haben.<\/p>\n<p>Wenn die Frist an einem Feiertag, Samstag, Sonntag, Heiligabend oder Silvester abl\u00e4uft, wird die Frist auf den folgenden Arbeitstag verl\u00e4ngert.<\/p>\n<p>&nbsp;<\/p>\n\t\t\t\t\t\t\t\t<\/div>\n\t\t\t\t<\/div>\n\t\t\t\t<div class=\"elementor-element elementor-element-6a0b1c0 elementor-widget elementor-widget-heading\" data-id=\"6a0b1c0\" data-element_type=\"widget\" data-e-type=\"widget\" data-widget_type=\"heading.default\">\n\t\t\t\t<div class=\"elementor-widget-container\">\n\t\t\t\t\t<h3 class=\"elementor-heading-title elementor-size-default\">Ausnahmen vom Widerrufsrecht<\/h3>\t\t\t\t<\/div>\n\t\t\t\t<\/div>\n\t\t\t\t<div class=\"elementor-element elementor-element-1429fbe elementor-widget elementor-widget-text-editor\" data-id=\"1429fbe\" data-element_type=\"widget\" data-e-type=\"widget\" data-widget_type=\"text-editor.default\">\n\t\t\t\t<div class=\"elementor-widget-container\">\n\t\t\t\t\t\t\t\t\t<p>Sie k\u00f6nnen Ihr Widerrufsrecht verlieren, wenn Sie das Siegel oder die Verpackung von Handcreme, Handseife und Sp\u00fclmittel brechen.<\/p>\n\t\t\t\t\t\t\t\t<\/div>\n\t\t\t\t<\/div>\n\t\t\t\t<div class=\"elementor-element elementor-element-7347ef2 elementor-widget elementor-widget-heading\" data-id=\"7347ef2\" data-element_type=\"widget\" data-e-type=\"widget\" data-widget_type=\"heading.default\">\n\t\t\t\t<div class=\"elementor-widget-container\">\n\t\t\t\t\t<h3 class=\"elementor-heading-title elementor-size-default\">So widerrufen Sie<\/h3>\t\t\t\t<\/div>\n\t\t\t\t<\/div>\n\t\t\t\t<div class=\"elementor-element elementor-element-a0a6888 elementor-widget elementor-widget-text-editor\" data-id=\"a0a6888\" data-element_type=\"widget\" data-e-type=\"widget\" data-widget_type=\"text-editor.default\">\n\t\t\t\t<div class=\"elementor-widget-container\">\n\t\t\t\t\t\t\t\t\t<p>Sie widerrufen, indem Sie uns mittels einer eindeutigen Erkl\u00e4rung mitteilen, dass Sie Ihren Einkauf widerrufen m\u00f6chten.<\/p>\n<p>Bitte senden Sie uns eine E-Mail mit der Bestellnummer an <a href=\"mailto:shop@hubsch-interior.com\"><span style=\"text-decoration: underline;\">shop@hubsch-interior.com.<\/span><\/a> Es ist nicht m\u00f6glich zu widerrufen, indem Sie die Annahme der Ware verweigern oder das Paket nicht abholen, ohne uns gleichzeitig mitzuteilen, dass Sie widerrufen m\u00f6chten. Die Widerrufsfrist ist eingehalten, wenn Sie vor Ablauf der Widerrufsfrist Ihre Benachrichtigung senden, dass Sie den Kauf stornieren m\u00f6chten.<\/p>\n<p>&nbsp;<\/p>\n\t\t\t\t\t\t\t\t<\/div>\n\t\t\t\t<\/div>\n\t\t\t\t<div class=\"elementor-element elementor-element-fa0f369 elementor-widget elementor-widget-heading\" data-id=\"fa0f369\" data-element_type=\"widget\" data-e-type=\"widget\" data-widget_type=\"heading.default\">\n\t\t\t\t<div class=\"elementor-widget-container\">\n\t\t\t\t\t<h3 class=\"elementor-heading-title elementor-size-default\">Wie retourniere ich die Ware?<\/h3>\t\t\t\t<\/div>\n\t\t\t\t<\/div>\n\t\t\t\t<div class=\"elementor-element elementor-element-37169f7 elementor-widget elementor-widget-text-editor\" data-id=\"37169f7\" data-element_type=\"widget\" data-e-type=\"widget\" data-widget_type=\"text-editor.default\">\n\t\t\t\t<div class=\"elementor-widget-container\">\n\t\t\t\t\t\t\t\t\t<p>Sie m\u00fcssen die Ware unverz\u00fcglich und sp\u00e4testens 30 Tage, nachdem Sie die Ware erhalten, haben an folgende Adresse senden oder pers\u00f6nlich abgeben:<\/p>\n<p>H\u00fcbsch<\/p>\n<p>Jupitervej 7<\/p>\n<p>(Zugang \u00fcber Orionvej 32)<\/p>\n<p>7430 Ikast<\/p>\n<p>D\u00e4nemark<\/p>\n<p>Die Ware kann nicht per Nachnahme gesendet werden. Sie k\u00f6nnen daf\u00fcr das beigef\u00fcgte Muster-Widerrufsformular verwenden. Artikel, die auf Paletten mit einem Spediteur an Sie geliefert werden, oder einzelne Artikel mit einem Gewicht von mehr als 20 kg k\u00f6nnen nicht per Post zur\u00fcckgesandt werden. Die Kosten f\u00fcr die R\u00fccksendung mit dem Spediteur h\u00e4ngen von Ihrem Wohnort und dem gekauften Artikel ab.\u00a0<\/p>\n<p>Waren, die bei einem unserer H\u00e4ndler gekauft wurden, m\u00fcssen an den jeweiligen H\u00e4ndler zur\u00fcckgegeben werden.<\/p>\n<p>&nbsp;<\/p>\n\t\t\t\t\t\t\t\t<\/div>\n\t\t\t\t<\/div>\n\t\t\t\t<div class=\"elementor-element elementor-element-1b421ff elementor-widget elementor-widget-heading\" data-id=\"1b421ff\" data-element_type=\"widget\" data-e-type=\"widget\" data-widget_type=\"heading.default\">\n\t\t\t\t<div class=\"elementor-widget-container\">\n\t\t\t\t\t<h3 class=\"elementor-heading-title elementor-size-default\">R\u00fcckerstattung des Geldes im Falle eines Widerrufs<\/h3>\t\t\t\t<\/div>\n\t\t\t\t<\/div>\n\t\t\t\t<div class=\"elementor-element elementor-element-8f125cb elementor-widget elementor-widget-text-editor\" data-id=\"8f125cb\" data-element_type=\"widget\" data-e-type=\"widget\" data-widget_type=\"text-editor.default\">\n\t\t\t\t<div class=\"elementor-widget-container\">\n\t\t\t\t\t\t\t\t\t<p>Wenn Sie widerrufen, erstatten wir alle von Ihnen erhaltenen Zahlungen, einschlie\u00dflich etwaiger Versandkosten. Dies gilt jedoch nicht f\u00fcr zus\u00e4tzliche Kosten, wenn Sie eine Versandart gew\u00e4hlt haben, die teurer ist als die g\u00fcnstigste von uns angebotene Standardlieferart.<\/p>\n<p><p>Wenn Sie mehrere Artikel in einer Bestellung gekauft haben und nur einen Teil Ihres Kaufs widerrufen, erstatten wir die Versandkosten nicht. Wir erstatten den Betrag unverz\u00fcglich und in jedem Fall innerhalb von 10 Tagen ab dem Datum, an dem wir Ihre Widerrufserkl\u00e4rung erhalten haben. Wir k\u00f6nnen den Betrag jedoch einbehalten, bis wir die zur\u00fcckgesandte Ware erhalten haben oder bis Sie Unterlagen eingereicht haben, dass die Ware zur\u00fcckgesandt wurde.<\/p>\n<p><p>Wir werden eine solche R\u00fcckerstattung mit demselben Zahlungsmittel vornehmen, das Sie f\u00fcr die urspr\u00fcngliche Transaktion verwendet haben, sofern Sie nicht ausdr\u00fccklich etwas anderes vereinbart haben. In jedem Fall werden Ihnen aufgrund der R\u00fcckerstattung keine Geb\u00fchren berechnet<\/p>\n<p>\n\t\t\t\t\t\t\t\t<\/div>\n\t\t\t\t<\/div>\n\t\t\t\t<div class=\"elementor-element elementor-element-e9a8960 elementor-widget elementor-widget-heading\" data-id=\"e9a8960\" data-element_type=\"widget\" data-e-type=\"widget\" data-widget_type=\"heading.default\">\n\t\t\t\t<div class=\"elementor-widget-container\">\n\t\t\t\t\t<h3 class=\"elementor-heading-title elementor-size-default\">Zustand der Ware bei R\u00fccksendung und Verpackung<\/h3>\t\t\t\t<\/div>\n\t\t\t\t<\/div>\n\t\t\t\t<div class=\"elementor-element elementor-element-4d66342 elementor-widget elementor-widget-text-editor\" data-id=\"4d66342\" data-element_type=\"widget\" data-e-type=\"widget\" data-widget_type=\"text-editor.default\">\n\t\t\t\t<div class=\"elementor-widget-container\">\n\t\t\t\t\t\t\t\t\t<p>Sie haften nur f\u00fcr eine m\u00f6gliche Wertminderung einer Ware aufgrund des Umgangs mit der Ware, der nicht zur Bestimmung der Art der Ware, ihrer Eigenschaften und ihrer Funktionsweise erforderlich ist.<\/p>\n<p><p>Sie m\u00fcssen den Artikel in der Originalverpackung zur\u00fccksenden. Die Verpackung darf ge\u00f6ffnet, aber nicht besch\u00e4digt werden. Wenn die Verpackung fehlt oder besch\u00e4digt ist, kann dies eine Beeintr\u00e4chtigung darstellen, f\u00fcr die Sie haften.<\/p>\n<p><p>Sie sollten auch sicherstellen, dass die Ware bei der R\u00fccksendung sicher verpackt ist. Sie tragen das Risiko f\u00fcr das Paket \/ die Ware, bis wir sie erhalten. Bewahren Sie daher den Postbeleg mit der Sendenummer auf.<\/p>\n<p>\n\t\t\t\t\t\t\t\t<\/div>\n\t\t\t\t<\/div>\n\t\t\t\t<div class=\"elementor-element elementor-element-a067006 elementor-widget elementor-widget-heading\" data-id=\"a067006\" data-element_type=\"widget\" data-e-type=\"widget\" data-widget_type=\"heading.default\">\n\t\t\t\t<div class=\"elementor-widget-container\">\n\t\t\t\t\t<h3 class=\"elementor-heading-title elementor-size-default\">Reklamation \u2013 wenn etwas mit der Ware nicht stimmt<\/h3>\t\t\t\t<\/div>\n\t\t\t\t<\/div>\n\t\t\t\t<div class=\"elementor-element elementor-element-c5c30eb elementor-widget elementor-widget-text-editor\" data-id=\"c5c30eb\" data-element_type=\"widget\" data-e-type=\"widget\" data-widget_type=\"text-editor.default\">\n\t\t\t\t<div class=\"elementor-widget-container\">\n\t\t\t\t\t\t\t\t\t<p>Beim Kauf von Waren gelten die Regeln des Einkaufsgesetzes.<br \/>\nWenn Sie einen besch\u00e4digten Artikel erhalten, haben Sie nat\u00fcrlich ein 24-monatiges Reklamationsrecht, sofern Sie einen Kaufnachweis vorlegen k\u00f6nnen. Wenn Sie eine Reklamation einreichen m\u00f6chten, m\u00fcssen Sie das Reklamationsformular unter Ihrem Profil ausf\u00fcllen.<\/p>\n\t\t\t\t\t\t\t\t<\/div>\n\t\t\t\t<\/div>\n\t\t\t\t<div class=\"elementor-element elementor-element-7eaf4c9 elementor-widget elementor-widget-heading\" data-id=\"7eaf4c9\" data-element_type=\"widget\" data-e-type=\"widget\" data-widget_type=\"heading.default\">\n\t\t\t\t<div class=\"elementor-widget-container\">\n\t\t\t\t\t<h3 class=\"elementor-heading-title elementor-size-default\">Berufungsm\u00f6glichkeiten<\/h3>\t\t\t\t<\/div>\n\t\t\t\t<\/div>\n\t\t\t\t<div class=\"elementor-element elementor-element-22b9eb0 elementor-widget elementor-widget-text-editor\" data-id=\"22b9eb0\" data-element_type=\"widget\" data-e-type=\"widget\" data-widget_type=\"text-editor.default\">\n\t\t\t\t<div class=\"elementor-widget-container\">\n\t\t\t\t\t\t\t\t\t<p>Wenn wir uns nicht darauf einigen k\u00f6nnen, worauf Sie Anspruch haben, haben Sie folgende Rechtsmittelm\u00f6glichkeiten:<\/p>\n<p><p>\nEine Beschwerde \u00fcber ein Produkt oder eine Dienstleistung kann beim Center for Complaint Resolution, House of Boards, Toldboden 2, 8800 Viborg, eingereicht werden. Sie k\u00f6nnen sich \u00fcber das Beschwerdeportal des Kuratoriums beim Center for Complaint Resolution beschweren:<span style=\"text-decoration: underline;\"><strong><a href=\"https:\/\/kpo.naevneneshus.dk\">https:\/\/kpo.naevneneshus.dk<\/a><\/strong>.<\/span><\/p>\n<p>\u00dcber das Online-Beschwerdeportal der Europ\u00e4ischen Kommission kann auch eine Beschwerde eingereicht werden. Es ist besonders relevant f\u00fcr Verbraucher mit Wohnsitz in einem anderen EU-Land. Beschwerden k\u00f6nnen hier eingereicht werden \u2013  <span style=\"text-decoration: underline;\"><strong><a href=\"http:\/\/ec.europa.eu\/odr\">http:\/\/ec.europa.eu\/odr<\/a><\/strong>.<\/span>. Wenn Sie eine Beschwerde einreichen, geben Sie bitte unsere E-Mail-Adresse an: <span style=\"text-decoration: underline;\"><strong><a href=\"mailto:shop@hubsch-interior.com\">shop@hubsch-interior.com<\/a><\/strong>.<\/span><\/p>\n\t\t\t\t\t\t\t\t<\/div>\n\t\t\t\t<\/div>\n\t\t\t\t\t<\/div>\n\t\t<\/div>\n\t\t\t\t\t<\/div>\n\t\t<\/section>\n\t\t\t\t<\/div>\n\t\t","protected":false},"excerpt":{"rendered":"<p>Lieferung und R\u00fcckgabe Lieferoptionen und Lieferpreise k\u00f6nnen je nach Lieferadresse, Kaufzeitpunkt und Verf\u00fcgbarkeit der Waren variieren. Der Versand wird immer zum Preis des Artikels hinzugef\u00fcgt. Wir zeigen Ihnen die verf\u00fcgbaren Versandmethoden, den Preis und das Lieferdatum f\u00fcr Ihre Bestellung, wenn Ihr Kauf erneut bearbeitet wird. Wir liefern Waren an Adressen in Deutschland, D\u00e4nemark, Polen, Frankreich, [&hellip;]<\/p>\n","protected":false},"author":2,"featured_media":0,"parent":0,"menu_order":0,"comment_status":"closed","ping_status":"closed","template":"","meta":{"_acf_changed":false,"inline_featured_image":false,"footnotes":""},"class_list":["post-67372","page","type-page","status-publish","hentry"],"acf":[],"yoast_head":"<!-- This site is optimized with the Yoast SEO plugin v26.4 - https:\/\/yoast.com\/wordpress\/plugins\/seo\/ -->\n<title>Lieferung und R\u00fcckgabe Bestellinformationen - H\u00fcbsch Interior<\/title>\n<meta name=\"description\" content=\"Info bei Lieferung und R\u00fccksendung f\u00fcr H\u00fcbsch Interior. Finden Sie die wichtigen Richtlinien f\u00fcr Ihre gekauften Produkte. Wir versenden innerhalb von 2 Tagen.\" \/>\n<meta name=\"robots\" content=\"index, follow, max-snippet:-1, max-image-preview:large, max-video-preview:-1\" \/>\n<link rel=\"canonical\" href=\"https:\/\/hubsch-interior.com\/de\/wp-json\/wp\/v2\/pages\/67372\" \/>\n<meta property=\"og:locale\" content=\"de_DE\" \/>\n<meta property=\"og:type\" content=\"article\" \/>\n<meta property=\"og:title\" content=\"Lieferung und R\u00fcckgabe Bestellinformationen - H\u00fcbsch Interior\" \/>\n<meta property=\"og:description\" content=\"Info bei Lieferung und R\u00fccksendung f\u00fcr H\u00fcbsch Interior. Finden Sie die wichtigen Richtlinien f\u00fcr Ihre gekauften Produkte. Wir versenden innerhalb von 2 Tagen.\" \/>\n<meta property=\"og:url\" content=\"https:\/\/hubsch-interior.com\/de\/lieferung-und-rueckgabe\/\" \/>\n<meta property=\"og:site_name\" content=\"H\u00fcbsch\" \/>\n<meta property=\"article:modified_time\" content=\"2023-03-22T13:13:45+00:00\" \/>\n<meta name=\"twitter:card\" content=\"summary_large_image\" \/>\n<meta name=\"twitter:label1\" content=\"Gesch\u00e4tzte Lesezeit\" \/>\n\t<meta name=\"twitter:data1\" content=\"3\u00a0Minuten\" \/>\n<script type=\"application\/ld+json\" class=\"yoast-schema-graph\">{\"@context\":\"https:\/\/schema.org\",\"@graph\":[{\"@type\":\"WebPage\",\"@id\":\"https:\/\/hubsch-interior.com\/de\/lieferung-und-rueckgabe\/\",\"url\":\"https:\/\/hubsch-interior.com\/de\/lieferung-und-rueckgabe\/\",\"name\":\"Lieferung und R\u00fcckgabe Bestellinformationen - H\u00fcbsch Interior\",\"isPartOf\":{\"@id\":\"https:\/\/hubsch-interior.com\/de\/#website\"},\"datePublished\":\"2021-01-08T08:50:53+00:00\",\"dateModified\":\"2023-03-22T13:13:45+00:00\",\"description\":\"Info bei Lieferung und R\u00fccksendung f\u00fcr H\u00fcbsch Interior. Finden Sie die wichtigen Richtlinien f\u00fcr Ihre gekauften Produkte. Wir versenden innerhalb von 2 Tagen.\",\"breadcrumb\":{\"@id\":\"https:\/\/hubsch-interior.com\/de\/lieferung-und-rueckgabe\/#breadcrumb\"},\"inLanguage\":\"de\",\"potentialAction\":[{\"@type\":\"ReadAction\",\"target\":[\"https:\/\/hubsch-interior.com\/de\/lieferung-und-rueckgabe\/\"]}]},{\"@type\":\"BreadcrumbList\",\"@id\":\"https:\/\/hubsch-interior.com\/de\/lieferung-und-rueckgabe\/#breadcrumb\",\"itemListElement\":[{\"@type\":\"ListItem\",\"position\":1,\"name\":\"Startseite\",\"item\":\"https:\/\/hubsch-interior.com\/de\/\"},{\"@type\":\"ListItem\",\"position\":2,\"name\":\"Lieferung und R\u00fcckgabe\"}]},{\"@type\":\"WebSite\",\"@id\":\"https:\/\/hubsch-interior.com\/de\/#website\",\"url\":\"https:\/\/hubsch-interior.com\/de\/\",\"name\":\"H\u00fcbsch\",\"description\":\"Danish Home Interior and Design\",\"publisher\":{\"@id\":\"https:\/\/hubsch-interior.com\/de\/#organization\"},\"potentialAction\":[{\"@type\":\"SearchAction\",\"target\":{\"@type\":\"EntryPoint\",\"urlTemplate\":\"https:\/\/hubsch-interior.com\/de\/?s={search_term_string}\"},\"query-input\":{\"@type\":\"PropertyValueSpecification\",\"valueRequired\":true,\"valueName\":\"search_term_string\"}}],\"inLanguage\":\"de\"},{\"@type\":\"Organization\",\"@id\":\"https:\/\/hubsch-interior.com\/de\/#organization\",\"name\":\"H\u00fcbsch\",\"url\":\"https:\/\/hubsch-interior.com\/de\/\",\"logo\":{\"@type\":\"ImageObject\",\"inLanguage\":\"de\",\"@id\":\"https:\/\/hubsch-interior.com\/de\/#\/schema\/logo\/image\/\",\"url\":\"https:\/\/hubsch-interior.com\/wp-content\/uploads\/2022\/12\/Hubsch_logo_black_one_line.svg\",\"contentUrl\":\"https:\/\/hubsch-interior.com\/wp-content\/uploads\/2022\/12\/Hubsch_logo_black_one_line.svg\",\"caption\":\"H\u00fcbsch\"},\"image\":{\"@id\":\"https:\/\/hubsch-interior.com\/de\/#\/schema\/logo\/image\/\"}}]}<\/script>\n<!-- \/ Yoast SEO plugin. -->","yoast_head_json":{"title":"Lieferung und R\u00fcckgabe Bestellinformationen - H\u00fcbsch Interior","description":"Info bei Lieferung und R\u00fccksendung f\u00fcr H\u00fcbsch Interior. Finden Sie die wichtigen Richtlinien f\u00fcr Ihre gekauften Produkte. Wir versenden innerhalb von 2 Tagen.","robots":{"index":"index","follow":"follow","max-snippet":"max-snippet:-1","max-image-preview":"max-image-preview:large","max-video-preview":"max-video-preview:-1"},"canonical":"https:\/\/hubsch-interior.com\/de\/wp-json\/wp\/v2\/pages\/67372","og_locale":"de_DE","og_type":"article","og_title":"Lieferung und R\u00fcckgabe Bestellinformationen - H\u00fcbsch Interior","og_description":"Info bei Lieferung und R\u00fccksendung f\u00fcr H\u00fcbsch Interior. Finden Sie die wichtigen Richtlinien f\u00fcr Ihre gekauften Produkte. Wir versenden innerhalb von 2 Tagen.","og_url":"https:\/\/hubsch-interior.com\/de\/lieferung-und-rueckgabe\/","og_site_name":"H\u00fcbsch","article_modified_time":"2023-03-22T13:13:45+00:00","twitter_card":"summary_large_image","twitter_misc":{"Gesch\u00e4tzte Lesezeit":"3\u00a0Minuten"},"schema":{"@context":"https:\/\/schema.org","@graph":[{"@type":"WebPage","@id":"https:\/\/hubsch-interior.com\/de\/lieferung-und-rueckgabe\/","url":"https:\/\/hubsch-interior.com\/de\/lieferung-und-rueckgabe\/","name":"Lieferung und R\u00fcckgabe Bestellinformationen - H\u00fcbsch Interior","isPartOf":{"@id":"https:\/\/hubsch-interior.com\/de\/#website"},"datePublished":"2021-01-08T08:50:53+00:00","dateModified":"2023-03-22T13:13:45+00:00","description":"Info bei Lieferung und R\u00fccksendung f\u00fcr H\u00fcbsch Interior. Finden Sie die wichtigen Richtlinien f\u00fcr Ihre gekauften Produkte. Wir versenden innerhalb von 2 Tagen.","breadcrumb":{"@id":"https:\/\/hubsch-interior.com\/de\/lieferung-und-rueckgabe\/#breadcrumb"},"inLanguage":"de","potentialAction":[{"@type":"ReadAction","target":["https:\/\/hubsch-interior.com\/de\/lieferung-und-rueckgabe\/"]}]},{"@type":"BreadcrumbList","@id":"https:\/\/hubsch-interior.com\/de\/lieferung-und-rueckgabe\/#breadcrumb","itemListElement":[{"@type":"ListItem","position":1,"name":"Startseite","item":"https:\/\/hubsch-interior.com\/de\/"},{"@type":"ListItem","position":2,"name":"Lieferung und R\u00fcckgabe"}]},{"@type":"WebSite","@id":"https:\/\/hubsch-interior.com\/de\/#website","url":"https:\/\/hubsch-interior.com\/de\/","name":"H\u00fcbsch","description":"Danish Home Interior and Design","publisher":{"@id":"https:\/\/hubsch-interior.com\/de\/#organization"},"potentialAction":[{"@type":"SearchAction","target":{"@type":"EntryPoint","urlTemplate":"https:\/\/hubsch-interior.com\/de\/?s={search_term_string}"},"query-input":{"@type":"PropertyValueSpecification","valueRequired":true,"valueName":"search_term_string"}}],"inLanguage":"de"},{"@type":"Organization","@id":"https:\/\/hubsch-interior.com\/de\/#organization","name":"H\u00fcbsch","url":"https:\/\/hubsch-interior.com\/de\/","logo":{"@type":"ImageObject","inLanguage":"de","@id":"https:\/\/hubsch-interior.com\/de\/#\/schema\/logo\/image\/","url":"https:\/\/hubsch-interior.com\/wp-content\/uploads\/2022\/12\/Hubsch_logo_black_one_line.svg","contentUrl":"https:\/\/hubsch-interior.com\/wp-content\/uploads\/2022\/12\/Hubsch_logo_black_one_line.svg","caption":"H\u00fcbsch"},"image":{"@id":"https:\/\/hubsch-interior.com\/de\/#\/schema\/logo\/image\/"}}]}},"_links":{"self":[{"href":"https:\/\/hubsch-interior.com\/de\/wp-json\/wp\/v2\/pages\/67372","targetHints":{"allow":["GET"]}}],"collection":[{"href":"https:\/\/hubsch-interior.com\/de\/wp-json\/wp\/v2\/pages"}],"about":[{"href":"https:\/\/hubsch-interior.com\/de\/wp-json\/wp\/v2\/types\/page"}],"author":[{"embeddable":true,"href":"https:\/\/hubsch-interior.com\/de\/wp-json\/wp\/v2\/users\/2"}],"replies":[{"embeddable":true,"href":"https:\/\/hubsch-interior.com\/de\/wp-json\/wp\/v2\/comments?post=67372"}],"version-history":[{"count":15,"href":"https:\/\/hubsch-interior.com\/de\/wp-json\/wp\/v2\/pages\/67372\/revisions"}],"predecessor-version":[{"id":891823,"href":"https:\/\/hubsch-interior.com\/de\/wp-json\/wp\/v2\/pages\/67372\/revisions\/891823"}],"wp:attachment":[{"href":"https:\/\/hubsch-interior.com\/de\/wp-json\/wp\/v2\/media?parent=67372"}],"curies":[{"name":"wp","href":"https:\/\/api.w.org\/{rel}","templated":true}]}}