{"id":67379,"date":"2021-01-08T09:55:55","date_gmt":"2021-01-08T08:55:55","guid":{"rendered":"https:\/\/hubsch-interior.com\/meine-seite\/"},"modified":"2021-06-15T10:33:57","modified_gmt":"2021-06-15T08:33:57","slug":"meine-seite","status":"publish","type":"page","link":"https:\/\/hubsch-interior.com\/de\/meine-seite\/","title":{"rendered":"MEINE SEITE"},"content":{"rendered":"<div class=\"woocommerce\"><\/div>\n","protected":false},"excerpt":{"rendered":"","protected":false},"author":1,"featured_media":0,"parent":0,"menu_order":0,"comment_status":"closed","ping_status":"closed","template":"","meta":{"_acf_changed":false,"inline_featured_image":false,"footnotes":""},"class_list":["post-67379","page","type-page","status-publish","hentry"],"acf":[],"yoast_head":"<!-- This site is optimized with the Yoast SEO plugin v26.4 - https:\/\/yoast.com\/wordpress\/plugins\/seo\/ -->\n<title>MEINE SEITE | Anmeldeseite in Ihrem Konto - H\u00fcbsch<\/title>\n<meta name=\"description\" content=\"Hier k\u00f6nnen Sie sich in Ihrem Kundenkonto anmelden und Ihre letzten Bestellungen ansehen und vieles mehr. Dies ist Ihr pers\u00f6nliches Konto mit all Ihren Kundeninformationen.\" \/>\n<meta name=\"robots\" content=\"index, follow, max-snippet:-1, max-image-preview:large, max-video-preview:-1\" \/>\n<link rel=\"canonical\" href=\"https:\/\/hubsch-interior.com\/de\/wp-json\/wp\/v2\/pages\/67379\" \/>\n<meta property=\"og:locale\" content=\"de_DE\" \/>\n<meta property=\"og:type\" content=\"article\" \/>\n<meta property=\"og:title\" content=\"MEINE SEITE | Anmeldeseite in Ihrem Konto - H\u00fcbsch\" \/>\n<meta property=\"og:description\" content=\"Hier k\u00f6nnen Sie sich in Ihrem Kundenkonto anmelden und Ihre letzten Bestellungen ansehen und vieles mehr. Dies ist Ihr pers\u00f6nliches Konto mit all Ihren Kundeninformationen.\" \/>\n<meta property=\"og:url\" content=\"https:\/\/hubsch-interior.com\/de\/meine-seite\/\" \/>\n<meta property=\"og:site_name\" content=\"H\u00fcbsch\" \/>\n<meta property=\"article:modified_time\" content=\"2021-06-15T08:33:57+00:00\" \/>\n<meta name=\"twitter:card\" content=\"summary_large_image\" \/>\n<script type=\"application\/ld+json\" class=\"yoast-schema-graph\">{\"@context\":\"https:\/\/schema.org\",\"@graph\":[{\"@type\":\"WebPage\",\"@id\":\"https:\/\/hubsch-interior.com\/de\/meine-seite\/\",\"url\":\"https:\/\/hubsch-interior.com\/de\/meine-seite\/\",\"name\":\"MEINE SEITE | Anmeldeseite in Ihrem Konto - H\u00fcbsch\",\"isPartOf\":{\"@id\":\"https:\/\/hubsch-interior.com\/de\/#website\"},\"datePublished\":\"2021-01-08T08:55:55+00:00\",\"dateModified\":\"2021-06-15T08:33:57+00:00\",\"description\":\"Hier k\u00f6nnen Sie sich in Ihrem Kundenkonto anmelden und Ihre letzten Bestellungen ansehen und vieles mehr. Dies ist Ihr pers\u00f6nliches Konto mit all Ihren Kundeninformationen.\",\"breadcrumb\":{\"@id\":\"https:\/\/hubsch-interior.com\/de\/meine-seite\/#breadcrumb\"},\"inLanguage\":\"de\",\"potentialAction\":[{\"@type\":\"ReadAction\",\"target\":[\"https:\/\/hubsch-interior.com\/de\/meine-seite\/\"]}]},{\"@type\":\"BreadcrumbList\",\"@id\":\"https:\/\/hubsch-interior.com\/de\/meine-seite\/#breadcrumb\",\"itemListElement\":[{\"@type\":\"ListItem\",\"position\":1,\"name\":\"Startseite\",\"item\":\"https:\/\/hubsch-interior.com\/de\/\"},{\"@type\":\"ListItem\",\"position\":2,\"name\":\"MEINE SEITE\"}]},{\"@type\":\"WebSite\",\"@id\":\"https:\/\/hubsch-interior.com\/de\/#website\",\"url\":\"https:\/\/hubsch-interior.com\/de\/\",\"name\":\"H\u00fcbsch\",\"description\":\"Danish Home Interior and Design\",\"publisher\":{\"@id\":\"https:\/\/hubsch-interior.com\/de\/#organization\"},\"potentialAction\":[{\"@type\":\"SearchAction\",\"target\":{\"@type\":\"EntryPoint\",\"urlTemplate\":\"https:\/\/hubsch-interior.com\/de\/?s={search_term_string}\"},\"query-input\":{\"@type\":\"PropertyValueSpecification\",\"valueRequired\":true,\"valueName\":\"search_term_string\"}}],\"inLanguage\":\"de\"},{\"@type\":\"Organization\",\"@id\":\"https:\/\/hubsch-interior.com\/de\/#organization\",\"name\":\"H\u00fcbsch\",\"url\":\"https:\/\/hubsch-interior.com\/de\/\",\"logo\":{\"@type\":\"ImageObject\",\"inLanguage\":\"de\",\"@id\":\"https:\/\/hubsch-interior.com\/de\/#\/schema\/logo\/image\/\",\"url\":\"https:\/\/hubsch-interior.com\/wp-content\/uploads\/2022\/12\/Hubsch_logo_black_one_line.svg\",\"contentUrl\":\"https:\/\/hubsch-interior.com\/wp-content\/uploads\/2022\/12\/Hubsch_logo_black_one_line.svg\",\"caption\":\"H\u00fcbsch\"},\"image\":{\"@id\":\"https:\/\/hubsch-interior.com\/de\/#\/schema\/logo\/image\/\"}}]}<\/script>\n<!-- \/ Yoast SEO plugin. -->","yoast_head_json":{"title":"MEINE SEITE | Anmeldeseite in Ihrem Konto - H\u00fcbsch","description":"Hier k\u00f6nnen Sie sich in Ihrem Kundenkonto anmelden und Ihre letzten Bestellungen ansehen und vieles mehr. Dies ist Ihr pers\u00f6nliches Konto mit all Ihren Kundeninformationen.","robots":{"index":"index","follow":"follow","max-snippet":"max-snippet:-1","max-image-preview":"max-image-preview:large","max-video-preview":"max-video-preview:-1"},"canonical":"https:\/\/hubsch-interior.com\/de\/wp-json\/wp\/v2\/pages\/67379","og_locale":"de_DE","og_type":"article","og_title":"MEINE SEITE | Anmeldeseite in Ihrem Konto - H\u00fcbsch","og_description":"Hier k\u00f6nnen Sie sich in Ihrem Kundenkonto anmelden und Ihre letzten Bestellungen ansehen und vieles mehr. Dies ist Ihr pers\u00f6nliches Konto mit all Ihren Kundeninformationen.","og_url":"https:\/\/hubsch-interior.com\/de\/meine-seite\/","og_site_name":"H\u00fcbsch","article_modified_time":"2021-06-15T08:33:57+00:00","twitter_card":"summary_large_image","schema":{"@context":"https:\/\/schema.org","@graph":[{"@type":"WebPage","@id":"https:\/\/hubsch-interior.com\/de\/meine-seite\/","url":"https:\/\/hubsch-interior.com\/de\/meine-seite\/","name":"MEINE SEITE | Anmeldeseite in Ihrem Konto - H\u00fcbsch","isPartOf":{"@id":"https:\/\/hubsch-interior.com\/de\/#website"},"datePublished":"2021-01-08T08:55:55+00:00","dateModified":"2021-06-15T08:33:57+00:00","description":"Hier k\u00f6nnen Sie sich in Ihrem Kundenkonto anmelden und Ihre letzten Bestellungen ansehen und vieles mehr. Dies ist Ihr pers\u00f6nliches Konto mit all Ihren Kundeninformationen.","breadcrumb":{"@id":"https:\/\/hubsch-interior.com\/de\/meine-seite\/#breadcrumb"},"inLanguage":"de","potentialAction":[{"@type":"ReadAction","target":["https:\/\/hubsch-interior.com\/de\/meine-seite\/"]}]},{"@type":"BreadcrumbList","@id":"https:\/\/hubsch-interior.com\/de\/meine-seite\/#breadcrumb","itemListElement":[{"@type":"ListItem","position":1,"name":"Startseite","item":"https:\/\/hubsch-interior.com\/de\/"},{"@type":"ListItem","position":2,"name":"MEINE SEITE"}]},{"@type":"WebSite","@id":"https:\/\/hubsch-interior.com\/de\/#website","url":"https:\/\/hubsch-interior.com\/de\/","name":"H\u00fcbsch","description":"Danish Home Interior and Design","publisher":{"@id":"https:\/\/hubsch-interior.com\/de\/#organization"},"potentialAction":[{"@type":"SearchAction","target":{"@type":"EntryPoint","urlTemplate":"https:\/\/hubsch-interior.com\/de\/?s={search_term_string}"},"query-input":{"@type":"PropertyValueSpecification","valueRequired":true,"valueName":"search_term_string"}}],"inLanguage":"de"},{"@type":"Organization","@id":"https:\/\/hubsch-interior.com\/de\/#organization","name":"H\u00fcbsch","url":"https:\/\/hubsch-interior.com\/de\/","logo":{"@type":"ImageObject","inLanguage":"de","@id":"https:\/\/hubsch-interior.com\/de\/#\/schema\/logo\/image\/","url":"https:\/\/hubsch-interior.com\/wp-content\/uploads\/2022\/12\/Hubsch_logo_black_one_line.svg","contentUrl":"https:\/\/hubsch-interior.com\/wp-content\/uploads\/2022\/12\/Hubsch_logo_black_one_line.svg","caption":"H\u00fcbsch"},"image":{"@id":"https:\/\/hubsch-interior.com\/de\/#\/schema\/logo\/image\/"}}]}},"_links":{"self":[{"href":"https:\/\/hubsch-interior.com\/de\/wp-json\/wp\/v2\/pages\/67379","targetHints":{"allow":["GET"]}}],"collection":[{"href":"https:\/\/hubsch-interior.com\/de\/wp-json\/wp\/v2\/pages"}],"about":[{"href":"https:\/\/hubsch-interior.com\/de\/wp-json\/wp\/v2\/types\/page"}],"author":[{"embeddable":true,"href":"https:\/\/hubsch-interior.com\/de\/wp-json\/wp\/v2\/users\/1"}],"replies":[{"embeddable":true,"href":"https:\/\/hubsch-interior.com\/de\/wp-json\/wp\/v2\/comments?post=67379"}],"version-history":[{"count":0,"href":"https:\/\/hubsch-interior.com\/de\/wp-json\/wp\/v2\/pages\/67379\/revisions"}],"wp:attachment":[{"href":"https:\/\/hubsch-interior.com\/de\/wp-json\/wp\/v2\/media?parent=67379"}],"curies":[{"name":"wp","href":"https:\/\/api.w.org\/{rel}","templated":true}]}}