{"id":73584,"date":"2021-01-20T10:45:58","date_gmt":"2021-01-20T09:45:58","guid":{"rendered":"https:\/\/hubsch-interior.com\/cookie-politik\/"},"modified":"2023-02-21T15:36:53","modified_gmt":"2023-02-21T14:36:53","slug":"cookie-politik","status":"publish","type":"page","link":"https:\/\/hubsch-interior.com\/de\/cookie-politik\/","title":{"rendered":"Cookie-Politik"},"content":{"rendered":"\t\t<div data-elementor-type=\"wp-page\" data-elementor-id=\"73584\" class=\"elementor elementor-73584 elementor-73405\" data-elementor-post-type=\"page\">\n\t\t\t\t\t\t<section class=\"elementor-section elementor-top-section elementor-element elementor-element-4e9bf5f elementor-section-full_width elementor-section-height-default elementor-section-height-default\" data-id=\"4e9bf5f\" data-element_type=\"section\" data-e-type=\"section\">\n\t\t\t\t\t\t<div class=\"elementor-container elementor-column-gap-default\">\n\t\t\t\t\t<div class=\"elementor-column elementor-col-100 elementor-top-column elementor-element elementor-element-ce6a0e2\" data-id=\"ce6a0e2\" data-element_type=\"column\" data-e-type=\"column\">\n\t\t\t<div class=\"elementor-widget-wrap elementor-element-populated\">\n\t\t\t\t\t\t<div class=\"elementor-element elementor-element-f7d5bee elementor-align-center elementor-widget elementor-widget-global elementor-global-719647 elementor-widget-breadcrumbs\" data-id=\"f7d5bee\" data-element_type=\"widget\" data-e-type=\"widget\" data-widget_type=\"breadcrumbs.default\">\n\t\t\t\t<div class=\"elementor-widget-container\">\n\t\t\t\t\t<p id=\"breadcrumbs\"><span><span><a href=\"https:\/\/hubsch-interior.com\/de\/\">Startseite<\/a><\/span><\/span><\/p>\t\t\t\t<\/div>\n\t\t\t\t<\/div>\n\t\t\t\t\t<\/div>\n\t\t<\/div>\n\t\t\t\t\t<\/div>\n\t\t<\/section>\n\t\t\t\t<section class=\"elementor-section elementor-top-section elementor-element elementor-element-8cad501 elementor-section-boxed elementor-section-height-default elementor-section-height-default\" data-id=\"8cad501\" data-element_type=\"section\" data-e-type=\"section\">\n\t\t\t\t\t\t<div class=\"elementor-container elementor-column-gap-default\">\n\t\t\t\t\t<div class=\"elementor-column elementor-col-100 elementor-top-column elementor-element elementor-element-34b75b8\" data-id=\"34b75b8\" data-element_type=\"column\" data-e-type=\"column\">\n\t\t\t<div class=\"elementor-widget-wrap elementor-element-populated\">\n\t\t\t\t\t\t<div class=\"elementor-element elementor-element-834b427 elementor-widget elementor-widget-heading\" data-id=\"834b427\" data-element_type=\"widget\" data-e-type=\"widget\" data-widget_type=\"heading.default\">\n\t\t\t\t<div class=\"elementor-widget-container\">\n\t\t\t\t\t<h1 class=\"elementor-heading-title elementor-size-default\">Cookie-Politik <\/h1>\t\t\t\t<\/div>\n\t\t\t\t<\/div>\n\t\t\t\t<div class=\"elementor-element elementor-element-2586131 elementor-widget elementor-widget-heading\" data-id=\"2586131\" data-element_type=\"widget\" data-e-type=\"widget\" data-widget_type=\"heading.default\">\n\t\t\t\t<div class=\"elementor-widget-container\">\n\t\t\t\t\t<h2 class=\"elementor-heading-title elementor-size-default\">Allgemeine<\/h2>\t\t\t\t<\/div>\n\t\t\t\t<\/div>\n\t\t\t\t<div class=\"elementor-element elementor-element-f2d864b elementor-widget elementor-widget-text-editor\" data-id=\"f2d864b\" data-element_type=\"widget\" data-e-type=\"widget\" data-widget_type=\"text-editor.default\">\n\t\t\t\t<div class=\"elementor-widget-container\">\n\t\t\t\t\t\t\t\t\t<p>Diese Website wird betrieben und geh\u00f6rt:<br \/>\nH\u00fcbsch Retail ApS CVR: 41732350<br \/>\nE-mail: shop@hubsch-interior.com<br \/>\nTelefon: +45 44226888<\/p>\n\t\t\t\t\t\t\t\t<\/div>\n\t\t\t\t<\/div>\n\t\t\t\t<div class=\"elementor-element elementor-element-6dc41b7 elementor-widget elementor-widget-heading\" data-id=\"6dc41b7\" data-element_type=\"widget\" data-e-type=\"widget\" data-widget_type=\"heading.default\">\n\t\t\t\t<div class=\"elementor-widget-container\">\n\t\t\t\t\t<h2 class=\"elementor-heading-title elementor-size-default\"> Was sind Cookies?<\/h2>\t\t\t\t<\/div>\n\t\t\t\t<\/div>\n\t\t\t\t<div class=\"elementor-element elementor-element-b1d14e5 elementor-widget elementor-widget-text-editor\" data-id=\"b1d14e5\" data-element_type=\"widget\" data-e-type=\"widget\" data-widget_type=\"text-editor.default\">\n\t\t\t\t<div class=\"elementor-widget-container\">\n\t\t\t\t\t\t\t\t\t<p>Cookies sind kleine Text-Dateien, die auf Ihrem Computer, Smartphone oder einem anderen elektronischen Ger\u00e4t gespeichert werden. Cookies enthalten Statistiken und erm\u00f6glichen es uns Ihnen einen besseren Service zu bieten. Cookies sind komplett harmlos und enthalten keinerlei pers\u00f6nliche Daten.<\/p>\n\t\t\t\t\t\t\t\t<\/div>\n\t\t\t\t<\/div>\n\t\t\t\t<div class=\"elementor-element elementor-element-d069e81 elementor-widget elementor-widget-heading\" data-id=\"d069e81\" data-element_type=\"widget\" data-e-type=\"widget\" data-widget_type=\"heading.default\">\n\t\t\t\t<div class=\"elementor-widget-container\">\n\t\t\t\t\t<h3 class=\"elementor-heading-title elementor-size-default\">Akzeptierung der Cookies<\/h3>\t\t\t\t<\/div>\n\t\t\t\t<\/div>\n\t\t\t\t<div class=\"elementor-element elementor-element-9b55adf elementor-widget elementor-widget-text-editor\" data-id=\"9b55adf\" data-element_type=\"widget\" data-e-type=\"widget\" data-widget_type=\"text-editor.default\">\n\t\t\t\t<div class=\"elementor-widget-container\">\n\t\t\t\t\t\t\t\t\t<p>Wenn Sie im Cookie-Banner auf &#8220;Alle akzeptieren&#8221; klicken, stimmen Sie zu, dass Cookies auf die im Banner angegebenen Formen gesetzt werden. Wenn Sie nur einigen Cookies zustimmen m\u00f6chten, k\u00f6nnen Sie die gew\u00fcnschten Cookies ein- und ausschalten und dann auf &#8220;Ausgew\u00e4hlte akzeptieren&#8221; klicken. Wenn Sie andererseits einigen Cookies nicht zustimmen m\u00f6chten, m\u00fcssen Sie alle ausw\u00e4hlen, indem Sie auf &#8220;Alle ablehnen&#8221; klicken. Im Cookie-Banner k\u00f6nnen Sie auch eine Einwilligung mit zuk\u00fcnftiger Wirkung widerrufen. Beachten Sie jedoch, dass Sie &#8220;notwendige Cookies&#8221; nicht entfernen k\u00f6nnen, da diese eine Voraussetzung f\u00fcr das Funktionieren der Website sind.<\/p>\n\t\t\t\t\t\t\t\t<\/div>\n\t\t\t\t<\/div>\n\t\t\t\t<div class=\"elementor-element elementor-element-217be8d elementor-widget elementor-widget-heading\" data-id=\"217be8d\" data-element_type=\"widget\" data-e-type=\"widget\" data-widget_type=\"heading.default\">\n\t\t\t\t<div class=\"elementor-widget-container\">\n\t\t\t\t\t<h3 class=\"elementor-heading-title elementor-size-default\">Welche Cookies werden gesetzt?<\/h3>\t\t\t\t<\/div>\n\t\t\t\t<\/div>\n\t\t\t\t<div class=\"elementor-element elementor-element-0445997 elementor-widget elementor-widget-text-editor\" data-id=\"0445997\" data-element_type=\"widget\" data-e-type=\"widget\" data-widget_type=\"text-editor.default\">\n\t\t\t\t<div class=\"elementor-widget-container\">\n\t\t\t\t\t\t\t\t\t<p>H\u00fcbsch verwendet Cookies von Drittanbietern. Ein Cookie eines Drittanbieters ist ein Cookie, das von anderen als H\u00fcbsch platziert wird, beispielsweise von anderen Websites, die Inhalte auf unserer Website anbieten, von Wiederverk\u00e4ufern einiger Funktionen unserer Website oder von Analyseprogrammen. Cookies von Drittanbietern helfen uns, Ihre Erfahrung auf unserer Website zu verbessern.<\/p>\n\t\t\t\t\t\t\t\t<\/div>\n\t\t\t\t<\/div>\n\t\t\t\t<div class=\"elementor-element elementor-element-071e144 elementor-widget elementor-widget-heading\" data-id=\"071e144\" data-element_type=\"widget\" data-e-type=\"widget\" data-widget_type=\"heading.default\">\n\t\t\t\t<div class=\"elementor-widget-container\">\n\t\t\t\t\t<h3 class=\"elementor-heading-title elementor-size-default\">Warum verwendet H\u00fcbsch Cookies?<\/h3>\t\t\t\t<\/div>\n\t\t\t\t<\/div>\n\t\t\t\t<div class=\"elementor-element elementor-element-87e49d0 elementor-widget elementor-widget-text-editor\" data-id=\"87e49d0\" data-element_type=\"widget\" data-e-type=\"widget\" data-widget_type=\"text-editor.default\">\n\t\t\t\t<div class=\"elementor-widget-container\">\n\t\t\t\t\t\t\t\t\t<p>Bei H\u00fcbsch verwenden wir Cookies, um Ihre Erfahrung auf unserer Website zu verbessern und die bestm\u00f6glichen Inhalte f\u00fcr Sie zu erstellen. Dar\u00fcber hinaus erm\u00f6glichen uns Cookies, die Entscheidungen zu speichern, die Sie bei der Nutzung unserer Website treffen &#8211; z.B. Ihre Wahl des Landes und der Sprache. Wir verwenden Cookies auch, um unser Marketing auf Ihre Bed\u00fcrfnisse und Anforderungen auszurichten.<\/p>\n\t\t\t\t\t\t\t\t<\/div>\n\t\t\t\t<\/div>\n\t\t\t\t<div class=\"elementor-element elementor-element-9b38f83 elementor-widget elementor-widget-heading\" data-id=\"9b38f83\" data-element_type=\"widget\" data-e-type=\"widget\" data-widget_type=\"heading.default\">\n\t\t\t\t<div class=\"elementor-widget-container\">\n\t\t\t\t\t<h3 class=\"elementor-heading-title elementor-size-default\">So k\u00f6nnen Sie Cookies ablehnen, l\u00f6schen oder die Einwilligung widerrufen<\/h3>\t\t\t\t<\/div>\n\t\t\t\t<\/div>\n\t\t\t\t<div class=\"elementor-element elementor-element-b97bc94 elementor-widget elementor-widget-text-editor\" data-id=\"b97bc94\" data-element_type=\"widget\" data-e-type=\"widget\" data-widget_type=\"text-editor.default\">\n\t\t\t\t<div class=\"elementor-widget-container\">\n\t\t\t\t\t\t\t\t\t<p>Sie k\u00f6nnen Ihre Zustimmung zu Cookies f\u00fcr die Zukunft jederzeit widerrufen, indem Sie auf das Symbol &#8220;Footprint&#8221; in der unteren linken Ecke des Bildschirms klicken. Dadurch wird das Banner erneut ge\u00f6ffnet und ist auf allen Seiten der Website sichtbar. Am unteren Rand des Banners k\u00f6nnen Sie alle Cookies deaktivieren, die nicht erforderlich sind, damit die Seite funktioniert. Wenn Sie nur einige ausw\u00e4hlen, klicken Sie &#8220;Ausgew\u00e4hlte akzeptieren&#8221;, wenn Sie alle Cookies ausgew\u00e4hlt haben, klicken Sie &#8220;Alle ablehnen&#8221;. Ihre Zustimmung wird dann aktualisiert.<\/p>\n<p>Sie k\u00f6nnen auch bereits gesetzte Cookies l\u00f6schen und Ihre Einwilligung widerrufen:<br \/>\nWenn Sie einen PC mit einem neueren Browser verwenden, k\u00f6nnen Sie Ihre Cookies mit den Tastenkombinationen l\u00f6schen: STRG + UMSCHALTTASTE + L\u00d6SCHEN<br \/>\nWenn die Tastenkombinationen nicht funktionieren und \/ oder Sie einen MAC verwenden, m\u00fcssen Sie zuerst herausfinden, welchen Browser Sie verwenden und dann auf den entsprechenden Link klicken:<br \/>\nInternet Explorer<br \/>\nMozilla Firefox<br \/>\nGoogle Chrome<br \/>\nOpera<br \/>\nSafari<br \/>\nFlash-Cookies (alle Browser)<br \/>\niPhone, iPad und mehr von Apple<br \/>\nTelefone mit Android-Betriebssystem<br \/>\nTelefone mit Windows 7<\/p>\n<p>Sie k\u00f6nnen Cookies auf Ihrem Computer auch jederzeit ablehnen, indem Sie die Einstellungen in Ihrem Browser \u00e4ndern. Wo Sie die Einstellungen finden, h\u00e4ngt davon ab, welchen Browser Sie verwenden. Sie sollten sich jedoch bewusst sein, dass Sie in diesem Fall viele Funktionen und Dienste nicht nutzen k\u00f6nnen, da diese voraussetzen, dass sich die Website an die von Ihnen getroffenen Entscheidungen erinnern kann.<\/p>\n\t\t\t\t\t\t\t\t<\/div>\n\t\t\t\t<\/div>\n\t\t\t\t<div class=\"elementor-element elementor-element-627c568 elementor-widget elementor-widget-heading\" data-id=\"627c568\" data-element_type=\"widget\" data-e-type=\"widget\" data-widget_type=\"heading.default\">\n\t\t\t\t<div class=\"elementor-widget-container\">\n\t\t\t\t\t<h3 class=\"elementor-heading-title elementor-size-default\">Fragen und Beschwerdef\u00fchrer<\/h3>\t\t\t\t<\/div>\n\t\t\t\t<\/div>\n\t\t\t\t<div class=\"elementor-element elementor-element-f6c3b85 elementor-widget elementor-widget-text-editor\" data-id=\"f6c3b85\" data-element_type=\"widget\" data-e-type=\"widget\" data-widget_type=\"text-editor.default\">\n\t\t\t\t<div class=\"elementor-widget-container\">\n\t\t\t\t\t\t\t\t\t<p>Wenn Sie Fragen zu unseren Informationen oder zur Verarbeitung personenbezogener Daten haben, k\u00f6nnen Sie uns jederzeit unter shop@hubsch-interior.com kontaktieren.<\/p>\n<p>Wenn Sie nicht der Meinung sind, dass die Website den Cookie-Regeln entspricht, k\u00f6nnen Sie sich unter shop@hubsch-interior.com an H\u00fcbsch Retail ApS wenden.<br \/>\nDie Anfrage muss enthalten:<br \/>\nDein Name<br \/>\nDeine Adresse<br \/>\nDeine E-Mail<br \/>\nDeine Telefonnummer<br \/>\nWebsite: <a href=\"https:\/\/hubsch-interior.com\/shop\/\">www.hubsch-interior.com\/shop<\/a><br \/>\nDetaillierte Beschreibung des Inhalts der Beschwerde<\/p>\n<p>Wir bei H\u00fcbsch werden Ihre Anfrage dann innerhalb einer angemessenen Frist bearbeiten.<\/p>\n\t\t\t\t\t\t\t\t<\/div>\n\t\t\t\t<\/div>\n\t\t\t\t\t<\/div>\n\t\t<\/div>\n\t\t\t\t\t<\/div>\n\t\t<\/section>\n\t\t\t\t<\/div>\n\t\t","protected":false},"excerpt":{"rendered":"<p>Cookie-Politik Allgemeine Diese Website wird betrieben und geh\u00f6rt: H\u00fcbsch Retail ApS CVR: 41732350 E-mail: shop@hubsch-interior.com Telefon: +45 44226888 Was sind Cookies? Cookies sind kleine Text-Dateien, die auf Ihrem Computer, Smartphone oder einem anderen elektronischen Ger\u00e4t gespeichert werden. Cookies enthalten Statistiken und erm\u00f6glichen es uns Ihnen einen besseren Service zu bieten. Cookies sind komplett harmlos und [&hellip;]<\/p>\n","protected":false},"author":2,"featured_media":0,"parent":0,"menu_order":0,"comment_status":"closed","ping_status":"closed","template":"","meta":{"_acf_changed":false,"inline_featured_image":false,"footnotes":""},"class_list":["post-73584","page","type-page","status-publish","hentry"],"acf":[],"yoast_head":"<!-- This site is optimized with the Yoast SEO plugin v26.4 - https:\/\/yoast.com\/wordpress\/plugins\/seo\/ -->\n<title>Cookie-Politik - H\u00fcbsch<\/title>\n<meta name=\"robots\" content=\"index, follow, max-snippet:-1, max-image-preview:large, max-video-preview:-1\" \/>\n<link rel=\"canonical\" href=\"https:\/\/hubsch-interior.com\/de\/wp-json\/wp\/v2\/pages\/73584\" \/>\n<meta property=\"og:locale\" content=\"de_DE\" \/>\n<meta property=\"og:type\" content=\"article\" \/>\n<meta property=\"og:title\" content=\"Cookie-Politik - H\u00fcbsch\" \/>\n<meta property=\"og:description\" content=\"Cookie-Politik Allgemeine Diese Website wird betrieben und geh\u00f6rt: H\u00fcbsch Retail ApS CVR: 41732350 E-mail: shop@hubsch-interior.com Telefon: +45 44226888 Was sind Cookies? Cookies sind kleine Text-Dateien, die auf Ihrem Computer, Smartphone oder einem anderen elektronischen Ger\u00e4t gespeichert werden. Cookies enthalten Statistiken und erm\u00f6glichen es uns Ihnen einen besseren Service zu bieten. Cookies sind komplett harmlos und [&hellip;]\" \/>\n<meta property=\"og:url\" content=\"https:\/\/hubsch-interior.com\/de\/cookie-politik\/\" \/>\n<meta property=\"og:site_name\" content=\"H\u00fcbsch\" \/>\n<meta property=\"article:modified_time\" content=\"2023-02-21T14:36:53+00:00\" \/>\n<meta name=\"twitter:card\" content=\"summary_large_image\" \/>\n<meta name=\"twitter:label1\" content=\"Gesch\u00e4tzte Lesezeit\" \/>\n\t<meta name=\"twitter:data1\" content=\"3\u00a0Minuten\" \/>\n<script type=\"application\/ld+json\" class=\"yoast-schema-graph\">{\"@context\":\"https:\/\/schema.org\",\"@graph\":[{\"@type\":\"WebPage\",\"@id\":\"https:\/\/hubsch-interior.com\/de\/cookie-politik\/\",\"url\":\"https:\/\/hubsch-interior.com\/de\/cookie-politik\/\",\"name\":\"Cookie-Politik - H\u00fcbsch\",\"isPartOf\":{\"@id\":\"https:\/\/hubsch-interior.com\/de\/#website\"},\"datePublished\":\"2021-01-20T09:45:58+00:00\",\"dateModified\":\"2023-02-21T14:36:53+00:00\",\"breadcrumb\":{\"@id\":\"https:\/\/hubsch-interior.com\/de\/cookie-politik\/#breadcrumb\"},\"inLanguage\":\"de\",\"potentialAction\":[{\"@type\":\"ReadAction\",\"target\":[\"https:\/\/hubsch-interior.com\/de\/cookie-politik\/\"]}]},{\"@type\":\"BreadcrumbList\",\"@id\":\"https:\/\/hubsch-interior.com\/de\/cookie-politik\/#breadcrumb\",\"itemListElement\":[{\"@type\":\"ListItem\",\"position\":1,\"name\":\"Startseite\",\"item\":\"https:\/\/hubsch-interior.com\/de\/\"},{\"@type\":\"ListItem\",\"position\":2,\"name\":\"Cookie-Politik\"}]},{\"@type\":\"WebSite\",\"@id\":\"https:\/\/hubsch-interior.com\/de\/#website\",\"url\":\"https:\/\/hubsch-interior.com\/de\/\",\"name\":\"H\u00fcbsch\",\"description\":\"Danish Home Interior and Design\",\"publisher\":{\"@id\":\"https:\/\/hubsch-interior.com\/de\/#organization\"},\"potentialAction\":[{\"@type\":\"SearchAction\",\"target\":{\"@type\":\"EntryPoint\",\"urlTemplate\":\"https:\/\/hubsch-interior.com\/de\/?s={search_term_string}\"},\"query-input\":{\"@type\":\"PropertyValueSpecification\",\"valueRequired\":true,\"valueName\":\"search_term_string\"}}],\"inLanguage\":\"de\"},{\"@type\":\"Organization\",\"@id\":\"https:\/\/hubsch-interior.com\/de\/#organization\",\"name\":\"H\u00fcbsch\",\"url\":\"https:\/\/hubsch-interior.com\/de\/\",\"logo\":{\"@type\":\"ImageObject\",\"inLanguage\":\"de\",\"@id\":\"https:\/\/hubsch-interior.com\/de\/#\/schema\/logo\/image\/\",\"url\":\"https:\/\/hubsch-interior.com\/wp-content\/uploads\/2022\/12\/Hubsch_logo_black_one_line.svg\",\"contentUrl\":\"https:\/\/hubsch-interior.com\/wp-content\/uploads\/2022\/12\/Hubsch_logo_black_one_line.svg\",\"caption\":\"H\u00fcbsch\"},\"image\":{\"@id\":\"https:\/\/hubsch-interior.com\/de\/#\/schema\/logo\/image\/\"}}]}<\/script>\n<!-- \/ Yoast SEO plugin. -->","yoast_head_json":{"title":"Cookie-Politik - H\u00fcbsch","robots":{"index":"index","follow":"follow","max-snippet":"max-snippet:-1","max-image-preview":"max-image-preview:large","max-video-preview":"max-video-preview:-1"},"canonical":"https:\/\/hubsch-interior.com\/de\/wp-json\/wp\/v2\/pages\/73584","og_locale":"de_DE","og_type":"article","og_title":"Cookie-Politik - H\u00fcbsch","og_description":"Cookie-Politik Allgemeine Diese Website wird betrieben und geh\u00f6rt: H\u00fcbsch Retail ApS CVR: 41732350 E-mail: shop@hubsch-interior.com Telefon: +45 44226888 Was sind Cookies? Cookies sind kleine Text-Dateien, die auf Ihrem Computer, Smartphone oder einem anderen elektronischen Ger\u00e4t gespeichert werden. Cookies enthalten Statistiken und erm\u00f6glichen es uns Ihnen einen besseren Service zu bieten. Cookies sind komplett harmlos und [&hellip;]","og_url":"https:\/\/hubsch-interior.com\/de\/cookie-politik\/","og_site_name":"H\u00fcbsch","article_modified_time":"2023-02-21T14:36:53+00:00","twitter_card":"summary_large_image","twitter_misc":{"Gesch\u00e4tzte Lesezeit":"3\u00a0Minuten"},"schema":{"@context":"https:\/\/schema.org","@graph":[{"@type":"WebPage","@id":"https:\/\/hubsch-interior.com\/de\/cookie-politik\/","url":"https:\/\/hubsch-interior.com\/de\/cookie-politik\/","name":"Cookie-Politik - H\u00fcbsch","isPartOf":{"@id":"https:\/\/hubsch-interior.com\/de\/#website"},"datePublished":"2021-01-20T09:45:58+00:00","dateModified":"2023-02-21T14:36:53+00:00","breadcrumb":{"@id":"https:\/\/hubsch-interior.com\/de\/cookie-politik\/#breadcrumb"},"inLanguage":"de","potentialAction":[{"@type":"ReadAction","target":["https:\/\/hubsch-interior.com\/de\/cookie-politik\/"]}]},{"@type":"BreadcrumbList","@id":"https:\/\/hubsch-interior.com\/de\/cookie-politik\/#breadcrumb","itemListElement":[{"@type":"ListItem","position":1,"name":"Startseite","item":"https:\/\/hubsch-interior.com\/de\/"},{"@type":"ListItem","position":2,"name":"Cookie-Politik"}]},{"@type":"WebSite","@id":"https:\/\/hubsch-interior.com\/de\/#website","url":"https:\/\/hubsch-interior.com\/de\/","name":"H\u00fcbsch","description":"Danish Home Interior and Design","publisher":{"@id":"https:\/\/hubsch-interior.com\/de\/#organization"},"potentialAction":[{"@type":"SearchAction","target":{"@type":"EntryPoint","urlTemplate":"https:\/\/hubsch-interior.com\/de\/?s={search_term_string}"},"query-input":{"@type":"PropertyValueSpecification","valueRequired":true,"valueName":"search_term_string"}}],"inLanguage":"de"},{"@type":"Organization","@id":"https:\/\/hubsch-interior.com\/de\/#organization","name":"H\u00fcbsch","url":"https:\/\/hubsch-interior.com\/de\/","logo":{"@type":"ImageObject","inLanguage":"de","@id":"https:\/\/hubsch-interior.com\/de\/#\/schema\/logo\/image\/","url":"https:\/\/hubsch-interior.com\/wp-content\/uploads\/2022\/12\/Hubsch_logo_black_one_line.svg","contentUrl":"https:\/\/hubsch-interior.com\/wp-content\/uploads\/2022\/12\/Hubsch_logo_black_one_line.svg","caption":"H\u00fcbsch"},"image":{"@id":"https:\/\/hubsch-interior.com\/de\/#\/schema\/logo\/image\/"}}]}},"_links":{"self":[{"href":"https:\/\/hubsch-interior.com\/de\/wp-json\/wp\/v2\/pages\/73584","targetHints":{"allow":["GET"]}}],"collection":[{"href":"https:\/\/hubsch-interior.com\/de\/wp-json\/wp\/v2\/pages"}],"about":[{"href":"https:\/\/hubsch-interior.com\/de\/wp-json\/wp\/v2\/types\/page"}],"author":[{"embeddable":true,"href":"https:\/\/hubsch-interior.com\/de\/wp-json\/wp\/v2\/users\/2"}],"replies":[{"embeddable":true,"href":"https:\/\/hubsch-interior.com\/de\/wp-json\/wp\/v2\/comments?post=73584"}],"version-history":[{"count":1,"href":"https:\/\/hubsch-interior.com\/de\/wp-json\/wp\/v2\/pages\/73584\/revisions"}],"predecessor-version":[{"id":887492,"href":"https:\/\/hubsch-interior.com\/de\/wp-json\/wp\/v2\/pages\/73584\/revisions\/887492"}],"wp:attachment":[{"href":"https:\/\/hubsch-interior.com\/de\/wp-json\/wp\/v2\/media?parent=73584"}],"curies":[{"name":"wp","href":"https:\/\/api.w.org\/{rel}","templated":true}]}}