{"id":1000171,"date":"2024-10-23T13:22:28","date_gmt":"2024-10-23T11:22:28","guid":{"rendered":"https:\/\/hubsch-interior.com\/product\/product\/"},"modified":"2026-04-09T05:04:41","modified_gmt":"2026-04-09T03:04:41","slug":"reflect-hangelampe-ellipse-grau-2","status":"publish","type":"product","link":"https:\/\/hubsch-interior.com\/de\/produkt\/reflect-hangelampe-ellipse-grau-2\/","title":{"rendered":"Reflect H\u00e4ngelampe Ellipse Grau"},"content":{"rendered":"<p>Mit der Reflect H\u00e4ngelampe Ellipse in Grau\/Messing bringen Sie ein echtes Highlight in Ihr Zuhause. Die Kombination aus Metall und Glas verleiht der Lampe eine moderne Eleganz, die sofort jeden Raum aufwertet. Ob \u00fcber dem Esstisch, im Wohnzimmer oder im Flur \u2013 dieses Designst\u00fcck schafft eine stilvolle Atmosph\u00e4re und angenehme Beleuchtung.<\/p>\n<p>Diese Artikelnummer ist identisch mit 990822<\/p>\n","protected":false},"excerpt":{"rendered":"<p>Mit der Reflect H\u00e4ngelampe Ellipse in Grau\/Messing bringen Sie ein echtes Highlight in Ihr Zuhause. Die Kombination aus Metall und Glas verleiht der Lampe eine moderne Eleganz, die sofort jeden Raum aufwertet. Ob \u00fcber dem Esstisch, im Wohnzimmer oder im Flur \u2013 dieses Designst\u00fcck schafft eine stilvolle Atmosph\u00e4re und angenehme Beleuchtung. Diese Artikelnummer ist identisch [&hellip;]<\/p>\n","protected":false},"featured_media":1107280,"template":"","meta":{"_acf_changed":false,"inline_featured_image":false},"product_brand":[],"product_cat":[3809,4148,5027],"product_tag":[],"class_list":{"0":"post-1000171","1":"product","2":"type-product","3":"status-publish","4":"has-post-thumbnail","6":"product_cat-beleuchtung","7":"product_cat-haengelampen-de","8":"product_cat-bestsellers-de","9":"product_shipping_class-pk","11":"pa_color-grau-2","12":"pa_material-eisen-de","13":"pa_material-glas-de","15":"first","16":"instock","17":"featured","18":"taxable","19":"shipping-taxable","20":"purchasable","21":"product-type-simple"},"exclude_global_add_ons":[],"addons":[],"acf":[],"yoast_head":"<!-- This site is optimized with the Yoast SEO plugin v26.4 - https:\/\/yoast.com\/wordpress\/plugins\/seo\/ -->\n<title>Reflect H\u00e4ngelampe Ellipse Grau - H\u00fcbsch<\/title>\n<meta name=\"description\" content=\"Mit der Reflect H\u00e4ngelampe Ellipse in Grau\/Messing bringen Sie ein echtes Highlight in Ihr Zuhause. Die Kombination aus Metall und Glas verleiht der Lampe\" \/>\n<meta name=\"robots\" content=\"index, follow, max-snippet:-1, max-image-preview:large, max-video-preview:-1\" \/>\n<link rel=\"canonical\" href=\"https:\/\/hubsch-interior.com\/de\/wp-json\/wp\/v2\/product\/1000171\" \/>\n<meta property=\"og:locale\" content=\"de_DE\" \/>\n<meta property=\"og:type\" content=\"article\" \/>\n<meta property=\"og:title\" content=\"Reflect H\u00e4ngelampe Ellipse Grau - H\u00fcbsch\" \/>\n<meta property=\"og:description\" content=\"Mit der Reflect H\u00e4ngelampe Ellipse in Grau\/Messing bringen Sie ein echtes Highlight in Ihr Zuhause. Die Kombination aus Metall und Glas verleiht der Lampe\" \/>\n<meta property=\"og:url\" content=\"https:\/\/hubsch-interior.com\/de\/produkt\/reflect-hangelampe-ellipse-grau-2\/\" \/>\n<meta property=\"og:site_name\" content=\"H\u00fcbsch\" \/>\n<meta property=\"article:modified_time\" content=\"2026-04-09T03:04:41+00:00\" \/>\n<meta property=\"og:image\" content=\"https:\/\/hubsch-interior.com\/wp-content\/uploads\/2026\/02\/reflect-pendant-ellipse-grey-e89369f399e85bc6f2f57c9adcbce585.jpg\" \/>\n\t<meta property=\"og:image:width\" content=\"1024\" \/>\n\t<meta property=\"og:image:height\" content=\"1024\" \/>\n\t<meta property=\"og:image:type\" content=\"image\/jpeg\" \/>\n<meta name=\"twitter:card\" content=\"summary_large_image\" \/>\n<script type=\"application\/ld+json\" class=\"yoast-schema-graph\">{\"@context\":\"https:\/\/schema.org\",\"@graph\":[{\"@type\":\"WebPage\",\"@id\":\"https:\/\/hubsch-interior.com\/de\/produkt\/reflect-hangelampe-ellipse-grau-2\/\",\"url\":\"https:\/\/hubsch-interior.com\/de\/produkt\/reflect-hangelampe-ellipse-grau-2\/\",\"name\":\"Reflect H\u00e4ngelampe Ellipse Grau - H\u00fcbsch\",\"isPartOf\":{\"@id\":\"https:\/\/hubsch-interior.com\/de\/#website\"},\"primaryImageOfPage\":{\"@id\":\"https:\/\/hubsch-interior.com\/de\/produkt\/reflect-hangelampe-ellipse-grau-2\/#primaryimage\"},\"image\":{\"@id\":\"https:\/\/hubsch-interior.com\/de\/produkt\/reflect-hangelampe-ellipse-grau-2\/#primaryimage\"},\"thumbnailUrl\":\"https:\/\/hubsch-interior.com\/wp-content\/uploads\/2026\/02\/reflect-pendant-ellipse-grey-e89369f399e85bc6f2f57c9adcbce585.jpg\",\"datePublished\":\"2024-10-23T11:22:28+00:00\",\"dateModified\":\"2026-04-09T03:04:41+00:00\",\"description\":\"Mit der Reflect H\u00e4ngelampe Ellipse in Grau\/Messing bringen Sie ein echtes Highlight in Ihr Zuhause. Die Kombination aus Metall und Glas verleiht der Lampe\",\"breadcrumb\":{\"@id\":\"https:\/\/hubsch-interior.com\/de\/produkt\/reflect-hangelampe-ellipse-grau-2\/#breadcrumb\"},\"inLanguage\":\"de\",\"potentialAction\":[{\"@type\":\"ReadAction\",\"target\":[\"https:\/\/hubsch-interior.com\/de\/produkt\/reflect-hangelampe-ellipse-grau-2\/\"]}]},{\"@type\":\"ImageObject\",\"inLanguage\":\"de\",\"@id\":\"https:\/\/hubsch-interior.com\/de\/produkt\/reflect-hangelampe-ellipse-grau-2\/#primaryimage\",\"url\":\"https:\/\/hubsch-interior.com\/wp-content\/uploads\/2026\/02\/reflect-pendant-ellipse-grey-e89369f399e85bc6f2f57c9adcbce585.jpg\",\"contentUrl\":\"https:\/\/hubsch-interior.com\/wp-content\/uploads\/2026\/02\/reflect-pendant-ellipse-grey-e89369f399e85bc6f2f57c9adcbce585.jpg\",\"width\":1024,\"height\":1024},{\"@type\":\"BreadcrumbList\",\"@id\":\"https:\/\/hubsch-interior.com\/de\/produkt\/reflect-hangelampe-ellipse-grau-2\/#breadcrumb\",\"itemListElement\":[{\"@type\":\"ListItem\",\"position\":1,\"name\":\"Startseite\",\"item\":\"https:\/\/hubsch-interior.com\/de\/\"},{\"@type\":\"ListItem\",\"position\":2,\"name\":\"Produkte\",\"item\":\"https:\/\/hubsch-interior.com\/de\/shop-2\/\"},{\"@type\":\"ListItem\",\"position\":3,\"name\":\"Beleuchtung\",\"item\":\"https:\/\/hubsch-interior.com\/de\/produkt-kategorie\/beleuchtung\/\"},{\"@type\":\"ListItem\",\"position\":4,\"name\":\"H&auml;ngelampen\",\"item\":\"https:\/\/hubsch-interior.com\/de\/produkt-kategorie\/beleuchtung\/haengelampen-de\/\"},{\"@type\":\"ListItem\",\"position\":5,\"name\":\"Reflect H\u00e4ngelampe Ellipse Grau\"}]},{\"@type\":\"WebSite\",\"@id\":\"https:\/\/hubsch-interior.com\/de\/#website\",\"url\":\"https:\/\/hubsch-interior.com\/de\/\",\"name\":\"H\u00fcbsch\",\"description\":\"Danish Home Interior and Design\",\"publisher\":{\"@id\":\"https:\/\/hubsch-interior.com\/de\/#organization\"},\"potentialAction\":[{\"@type\":\"SearchAction\",\"target\":{\"@type\":\"EntryPoint\",\"urlTemplate\":\"https:\/\/hubsch-interior.com\/de\/?s={search_term_string}\"},\"query-input\":{\"@type\":\"PropertyValueSpecification\",\"valueRequired\":true,\"valueName\":\"search_term_string\"}}],\"inLanguage\":\"de\"},{\"@type\":\"Organization\",\"@id\":\"https:\/\/hubsch-interior.com\/de\/#organization\",\"name\":\"H\u00fcbsch\",\"url\":\"https:\/\/hubsch-interior.com\/de\/\",\"logo\":{\"@type\":\"ImageObject\",\"inLanguage\":\"de\",\"@id\":\"https:\/\/hubsch-interior.com\/de\/#\/schema\/logo\/image\/\",\"url\":\"https:\/\/hubsch-interior.com\/wp-content\/uploads\/2022\/12\/Hubsch_logo_black_one_line.svg\",\"contentUrl\":\"https:\/\/hubsch-interior.com\/wp-content\/uploads\/2022\/12\/Hubsch_logo_black_one_line.svg\",\"caption\":\"H\u00fcbsch\"},\"image\":{\"@id\":\"https:\/\/hubsch-interior.com\/de\/#\/schema\/logo\/image\/\"}}]}<\/script>\n<!-- \/ Yoast SEO plugin. -->","yoast_head_json":{"title":"Reflect H\u00e4ngelampe Ellipse Grau - H\u00fcbsch","description":"Mit der Reflect H\u00e4ngelampe Ellipse in Grau\/Messing bringen Sie ein echtes Highlight in Ihr Zuhause. Die Kombination aus Metall und Glas verleiht der Lampe","robots":{"index":"index","follow":"follow","max-snippet":"max-snippet:-1","max-image-preview":"max-image-preview:large","max-video-preview":"max-video-preview:-1"},"canonical":"https:\/\/hubsch-interior.com\/de\/wp-json\/wp\/v2\/product\/1000171","og_locale":"de_DE","og_type":"article","og_title":"Reflect H\u00e4ngelampe Ellipse Grau - H\u00fcbsch","og_description":"Mit der Reflect H\u00e4ngelampe Ellipse in Grau\/Messing bringen Sie ein echtes Highlight in Ihr Zuhause. Die Kombination aus Metall und Glas verleiht der Lampe","og_url":"https:\/\/hubsch-interior.com\/de\/produkt\/reflect-hangelampe-ellipse-grau-2\/","og_site_name":"H\u00fcbsch","article_modified_time":"2026-04-09T03:04:41+00:00","og_image":[{"width":1024,"height":1024,"url":"https:\/\/hubsch-interior.com\/wp-content\/uploads\/2026\/02\/reflect-pendant-ellipse-grey-e89369f399e85bc6f2f57c9adcbce585.jpg","type":"image\/jpeg"}],"twitter_card":"summary_large_image","schema":{"@context":"https:\/\/schema.org","@graph":[{"@type":"WebPage","@id":"https:\/\/hubsch-interior.com\/de\/produkt\/reflect-hangelampe-ellipse-grau-2\/","url":"https:\/\/hubsch-interior.com\/de\/produkt\/reflect-hangelampe-ellipse-grau-2\/","name":"Reflect H\u00e4ngelampe Ellipse Grau - H\u00fcbsch","isPartOf":{"@id":"https:\/\/hubsch-interior.com\/de\/#website"},"primaryImageOfPage":{"@id":"https:\/\/hubsch-interior.com\/de\/produkt\/reflect-hangelampe-ellipse-grau-2\/#primaryimage"},"image":{"@id":"https:\/\/hubsch-interior.com\/de\/produkt\/reflect-hangelampe-ellipse-grau-2\/#primaryimage"},"thumbnailUrl":"https:\/\/hubsch-interior.com\/wp-content\/uploads\/2026\/02\/reflect-pendant-ellipse-grey-e89369f399e85bc6f2f57c9adcbce585.jpg","datePublished":"2024-10-23T11:22:28+00:00","dateModified":"2026-04-09T03:04:41+00:00","description":"Mit der Reflect H\u00e4ngelampe Ellipse in Grau\/Messing bringen Sie ein echtes Highlight in Ihr Zuhause. Die Kombination aus Metall und Glas verleiht der Lampe","breadcrumb":{"@id":"https:\/\/hubsch-interior.com\/de\/produkt\/reflect-hangelampe-ellipse-grau-2\/#breadcrumb"},"inLanguage":"de","potentialAction":[{"@type":"ReadAction","target":["https:\/\/hubsch-interior.com\/de\/produkt\/reflect-hangelampe-ellipse-grau-2\/"]}]},{"@type":"ImageObject","inLanguage":"de","@id":"https:\/\/hubsch-interior.com\/de\/produkt\/reflect-hangelampe-ellipse-grau-2\/#primaryimage","url":"https:\/\/hubsch-interior.com\/wp-content\/uploads\/2026\/02\/reflect-pendant-ellipse-grey-e89369f399e85bc6f2f57c9adcbce585.jpg","contentUrl":"https:\/\/hubsch-interior.com\/wp-content\/uploads\/2026\/02\/reflect-pendant-ellipse-grey-e89369f399e85bc6f2f57c9adcbce585.jpg","width":1024,"height":1024},{"@type":"BreadcrumbList","@id":"https:\/\/hubsch-interior.com\/de\/produkt\/reflect-hangelampe-ellipse-grau-2\/#breadcrumb","itemListElement":[{"@type":"ListItem","position":1,"name":"Startseite","item":"https:\/\/hubsch-interior.com\/de\/"},{"@type":"ListItem","position":2,"name":"Produkte","item":"https:\/\/hubsch-interior.com\/de\/shop-2\/"},{"@type":"ListItem","position":3,"name":"Beleuchtung","item":"https:\/\/hubsch-interior.com\/de\/produkt-kategorie\/beleuchtung\/"},{"@type":"ListItem","position":4,"name":"H&auml;ngelampen","item":"https:\/\/hubsch-interior.com\/de\/produkt-kategorie\/beleuchtung\/haengelampen-de\/"},{"@type":"ListItem","position":5,"name":"Reflect H\u00e4ngelampe Ellipse Grau"}]},{"@type":"WebSite","@id":"https:\/\/hubsch-interior.com\/de\/#website","url":"https:\/\/hubsch-interior.com\/de\/","name":"H\u00fcbsch","description":"Danish Home Interior and Design","publisher":{"@id":"https:\/\/hubsch-interior.com\/de\/#organization"},"potentialAction":[{"@type":"SearchAction","target":{"@type":"EntryPoint","urlTemplate":"https:\/\/hubsch-interior.com\/de\/?s={search_term_string}"},"query-input":{"@type":"PropertyValueSpecification","valueRequired":true,"valueName":"search_term_string"}}],"inLanguage":"de"},{"@type":"Organization","@id":"https:\/\/hubsch-interior.com\/de\/#organization","name":"H\u00fcbsch","url":"https:\/\/hubsch-interior.com\/de\/","logo":{"@type":"ImageObject","inLanguage":"de","@id":"https:\/\/hubsch-interior.com\/de\/#\/schema\/logo\/image\/","url":"https:\/\/hubsch-interior.com\/wp-content\/uploads\/2022\/12\/Hubsch_logo_black_one_line.svg","contentUrl":"https:\/\/hubsch-interior.com\/wp-content\/uploads\/2022\/12\/Hubsch_logo_black_one_line.svg","caption":"H\u00fcbsch"},"image":{"@id":"https:\/\/hubsch-interior.com\/de\/#\/schema\/logo\/image\/"}}]}},"_links":{"self":[{"href":"https:\/\/hubsch-interior.com\/de\/wp-json\/wp\/v2\/product\/1000171","targetHints":{"allow":["GET"]}}],"collection":[{"href":"https:\/\/hubsch-interior.com\/de\/wp-json\/wp\/v2\/product"}],"about":[{"href":"https:\/\/hubsch-interior.com\/de\/wp-json\/wp\/v2\/types\/product"}],"wp:featuredmedia":[{"embeddable":true,"href":"https:\/\/hubsch-interior.com\/de\/wp-json\/wp\/v2\/media\/1107280"}],"wp:attachment":[{"href":"https:\/\/hubsch-interior.com\/de\/wp-json\/wp\/v2\/media?parent=1000171"}],"wp:term":[{"taxonomy":"product_brand","embeddable":true,"href":"https:\/\/hubsch-interior.com\/de\/wp-json\/wp\/v2\/product_brand?post=1000171"},{"taxonomy":"product_cat","embeddable":true,"href":"https:\/\/hubsch-interior.com\/de\/wp-json\/wp\/v2\/product_cat?post=1000171"},{"taxonomy":"product_tag","embeddable":true,"href":"https:\/\/hubsch-interior.com\/de\/wp-json\/wp\/v2\/product_tag?post=1000171"}],"curies":[{"name":"wp","href":"https:\/\/api.w.org\/{rel}","templated":true}]}}