{"id":1003326,"date":"2024-12-02T16:33:54","date_gmt":"2024-12-02T15:33:54","guid":{"rendered":"https:\/\/hubsch-interior.com\/product\/product\/"},"modified":"2026-04-11T05:02:21","modified_gmt":"2026-04-11T03:02:21","slug":"soothe-tischlampe-turquiose","status":"publish","type":"product","link":"https:\/\/hubsch-interior.com\/de\/produkt\/soothe-tischlampe-turquiose\/","title":{"rendered":"Soothe Tischlampe Turquiose"},"content":{"rendered":"<p>Wir pr\u00e4sentieren die Soothe Tischlampe, eine verspielte Bereicherung f\u00fcr Ihre gem\u00fctliche Ecke. Diese grafische Tischlampe, gefertigt aus Metall und Polycarbonat, erstrahlt in einem lebendigen T\u00fcrkiston und weckt die fr\u00f6hliche Stimmung von Kinderspielen. Ihre cartoon\u00e4hnliche Form f\u00fcgt ein skulpturales Element hinzu und verwandelt Licht in eine Kunstform. Perfekt, um die richtige Atmosph\u00e4re zu schaffen, erm\u00f6glicht die dimmbare Funktion eine Anpassung der Helligkeit nach Ihrem Geschmack, sodass jede Ecke zu einem R\u00fcckzugsort nostalgischer Freude wird.<\/p>\n","protected":false},"excerpt":{"rendered":"<p>Wir pr\u00e4sentieren die Soothe Tischlampe, eine verspielte Bereicherung f\u00fcr Ihre gem\u00fctliche Ecke. Diese grafische Tischlampe, gefertigt aus Metall und Polycarbonat, erstrahlt in einem lebendigen T\u00fcrkiston und weckt die fr\u00f6hliche Stimmung von Kinderspielen. Ihre cartoon\u00e4hnliche Form f\u00fcgt ein skulpturales Element hinzu und verwandelt Licht in eine Kunstform. Perfekt, um die richtige Atmosph\u00e4re zu schaffen, erm\u00f6glicht die [&hellip;]<\/p>\n","protected":false},"featured_media":1107568,"template":"","meta":{"_acf_changed":false,"inline_featured_image":false},"product_brand":[],"product_cat":[6998,3809,3501,5027],"product_tag":[],"class_list":{"0":"post-1003326","1":"product","2":"type-product","3":"status-publish","4":"has-post-thumbnail","6":"product_cat-the-buzz-de","7":"product_cat-beleuchtung","8":"product_cat-tischlampen-de","9":"product_cat-bestsellers-de","10":"product_shipping_class-pk","12":"pa_material-eisen-de","13":"pa_material-polycarbonat-2","15":"first","16":"instock","17":"featured","18":"taxable","19":"shipping-taxable","20":"purchasable","21":"product-type-simple"},"exclude_global_add_ons":[],"addons":[],"acf":[],"yoast_head":"<!-- This site is optimized with the Yoast SEO plugin v26.4 - https:\/\/yoast.com\/wordpress\/plugins\/seo\/ -->\n<title>Soothe Tischlampe Turquiose - H\u00fcbsch<\/title>\n<meta name=\"description\" content=\"Wir pr\u00e4sentieren die Soothe Tischlampe, eine verspielte Bereicherung f\u00fcr Ihre gem\u00fctliche Ecke. Diese grafische Tischlampe, gefertigt aus Metall und\" \/>\n<meta name=\"robots\" content=\"index, follow, max-snippet:-1, max-image-preview:large, max-video-preview:-1\" \/>\n<link rel=\"canonical\" href=\"https:\/\/hubsch-interior.com\/de\/wp-json\/wp\/v2\/product\/1003326\" \/>\n<meta property=\"og:locale\" content=\"de_DE\" \/>\n<meta property=\"og:type\" content=\"article\" \/>\n<meta property=\"og:title\" content=\"Soothe Tischlampe Turquiose - H\u00fcbsch\" \/>\n<meta property=\"og:description\" content=\"Wir pr\u00e4sentieren die Soothe Tischlampe, eine verspielte Bereicherung f\u00fcr Ihre gem\u00fctliche Ecke. Diese grafische Tischlampe, gefertigt aus Metall und\" \/>\n<meta property=\"og:url\" content=\"https:\/\/hubsch-interior.com\/de\/produkt\/soothe-tischlampe-turquiose\/\" \/>\n<meta property=\"og:site_name\" content=\"H\u00fcbsch\" \/>\n<meta property=\"article:modified_time\" content=\"2026-04-11T03:02:21+00:00\" \/>\n<meta property=\"og:image\" content=\"https:\/\/hubsch-interior.com\/wp-content\/uploads\/2024\/12\/soothe-table-lamp-turquiose-3859fe6ed6e82f9f7bbc1af7673cdc3d.jpg\" \/>\n\t<meta property=\"og:image:width\" content=\"1200\" \/>\n\t<meta property=\"og:image:height\" content=\"1200\" \/>\n\t<meta property=\"og:image:type\" content=\"image\/jpeg\" \/>\n<meta name=\"twitter:card\" content=\"summary_large_image\" \/>\n<script type=\"application\/ld+json\" class=\"yoast-schema-graph\">{\"@context\":\"https:\/\/schema.org\",\"@graph\":[{\"@type\":\"WebPage\",\"@id\":\"https:\/\/hubsch-interior.com\/de\/produkt\/soothe-tischlampe-turquiose\/\",\"url\":\"https:\/\/hubsch-interior.com\/de\/produkt\/soothe-tischlampe-turquiose\/\",\"name\":\"Soothe Tischlampe Turquiose - H\u00fcbsch\",\"isPartOf\":{\"@id\":\"https:\/\/hubsch-interior.com\/de\/#website\"},\"primaryImageOfPage\":{\"@id\":\"https:\/\/hubsch-interior.com\/de\/produkt\/soothe-tischlampe-turquiose\/#primaryimage\"},\"image\":{\"@id\":\"https:\/\/hubsch-interior.com\/de\/produkt\/soothe-tischlampe-turquiose\/#primaryimage\"},\"thumbnailUrl\":\"https:\/\/hubsch-interior.com\/wp-content\/uploads\/2026\/02\/soothe-table-lamp-turquiose-6f2ddfad068943c07d3f0323b67a5514.jpg\",\"datePublished\":\"2024-12-02T15:33:54+00:00\",\"dateModified\":\"2026-04-11T03:02:21+00:00\",\"description\":\"Wir pr\u00e4sentieren die Soothe Tischlampe, eine verspielte Bereicherung f\u00fcr Ihre gem\u00fctliche Ecke. Diese grafische Tischlampe, gefertigt aus Metall und\",\"breadcrumb\":{\"@id\":\"https:\/\/hubsch-interior.com\/de\/produkt\/soothe-tischlampe-turquiose\/#breadcrumb\"},\"inLanguage\":\"de\",\"potentialAction\":[{\"@type\":\"ReadAction\",\"target\":[\"https:\/\/hubsch-interior.com\/de\/produkt\/soothe-tischlampe-turquiose\/\"]}]},{\"@type\":\"ImageObject\",\"inLanguage\":\"de\",\"@id\":\"https:\/\/hubsch-interior.com\/de\/produkt\/soothe-tischlampe-turquiose\/#primaryimage\",\"url\":\"https:\/\/hubsch-interior.com\/wp-content\/uploads\/2026\/02\/soothe-table-lamp-turquiose-6f2ddfad068943c07d3f0323b67a5514.jpg\",\"contentUrl\":\"https:\/\/hubsch-interior.com\/wp-content\/uploads\/2026\/02\/soothe-table-lamp-turquiose-6f2ddfad068943c07d3f0323b67a5514.jpg\",\"width\":1024,\"height\":1024},{\"@type\":\"BreadcrumbList\",\"@id\":\"https:\/\/hubsch-interior.com\/de\/produkt\/soothe-tischlampe-turquiose\/#breadcrumb\",\"itemListElement\":[{\"@type\":\"ListItem\",\"position\":1,\"name\":\"Startseite\",\"item\":\"https:\/\/hubsch-interior.com\/de\/\"},{\"@type\":\"ListItem\",\"position\":2,\"name\":\"Produkte\",\"item\":\"https:\/\/hubsch-interior.com\/de\/shop-2\/\"},{\"@type\":\"ListItem\",\"position\":3,\"name\":\"Beleuchtung\",\"item\":\"https:\/\/hubsch-interior.com\/de\/produkt-kategorie\/beleuchtung\/\"},{\"@type\":\"ListItem\",\"position\":4,\"name\":\"Tischlampen\",\"item\":\"https:\/\/hubsch-interior.com\/de\/produkt-kategorie\/beleuchtung\/tischlampen-de\/\"},{\"@type\":\"ListItem\",\"position\":5,\"name\":\"Soothe Tischlampe Turquiose\"}]},{\"@type\":\"WebSite\",\"@id\":\"https:\/\/hubsch-interior.com\/de\/#website\",\"url\":\"https:\/\/hubsch-interior.com\/de\/\",\"name\":\"H\u00fcbsch\",\"description\":\"Danish Home Interior and Design\",\"publisher\":{\"@id\":\"https:\/\/hubsch-interior.com\/de\/#organization\"},\"potentialAction\":[{\"@type\":\"SearchAction\",\"target\":{\"@type\":\"EntryPoint\",\"urlTemplate\":\"https:\/\/hubsch-interior.com\/de\/?s={search_term_string}\"},\"query-input\":{\"@type\":\"PropertyValueSpecification\",\"valueRequired\":true,\"valueName\":\"search_term_string\"}}],\"inLanguage\":\"de\"},{\"@type\":\"Organization\",\"@id\":\"https:\/\/hubsch-interior.com\/de\/#organization\",\"name\":\"H\u00fcbsch\",\"url\":\"https:\/\/hubsch-interior.com\/de\/\",\"logo\":{\"@type\":\"ImageObject\",\"inLanguage\":\"de\",\"@id\":\"https:\/\/hubsch-interior.com\/de\/#\/schema\/logo\/image\/\",\"url\":\"https:\/\/hubsch-interior.com\/wp-content\/uploads\/2022\/12\/Hubsch_logo_black_one_line.svg\",\"contentUrl\":\"https:\/\/hubsch-interior.com\/wp-content\/uploads\/2022\/12\/Hubsch_logo_black_one_line.svg\",\"caption\":\"H\u00fcbsch\"},\"image\":{\"@id\":\"https:\/\/hubsch-interior.com\/de\/#\/schema\/logo\/image\/\"}}]}<\/script>\n<!-- \/ Yoast SEO plugin. -->","yoast_head_json":{"title":"Soothe Tischlampe Turquiose - H\u00fcbsch","description":"Wir pr\u00e4sentieren die Soothe Tischlampe, eine verspielte Bereicherung f\u00fcr Ihre gem\u00fctliche Ecke. Diese grafische Tischlampe, gefertigt aus Metall und","robots":{"index":"index","follow":"follow","max-snippet":"max-snippet:-1","max-image-preview":"max-image-preview:large","max-video-preview":"max-video-preview:-1"},"canonical":"https:\/\/hubsch-interior.com\/de\/wp-json\/wp\/v2\/product\/1003326","og_locale":"de_DE","og_type":"article","og_title":"Soothe Tischlampe Turquiose - H\u00fcbsch","og_description":"Wir pr\u00e4sentieren die Soothe Tischlampe, eine verspielte Bereicherung f\u00fcr Ihre gem\u00fctliche Ecke. Diese grafische Tischlampe, gefertigt aus Metall und","og_url":"https:\/\/hubsch-interior.com\/de\/produkt\/soothe-tischlampe-turquiose\/","og_site_name":"H\u00fcbsch","article_modified_time":"2026-04-11T03:02:21+00:00","og_image":[{"width":1200,"height":1200,"url":"https:\/\/hubsch-interior.com\/wp-content\/uploads\/2024\/12\/soothe-table-lamp-turquiose-3859fe6ed6e82f9f7bbc1af7673cdc3d.jpg","type":"image\/jpeg"}],"twitter_card":"summary_large_image","schema":{"@context":"https:\/\/schema.org","@graph":[{"@type":"WebPage","@id":"https:\/\/hubsch-interior.com\/de\/produkt\/soothe-tischlampe-turquiose\/","url":"https:\/\/hubsch-interior.com\/de\/produkt\/soothe-tischlampe-turquiose\/","name":"Soothe Tischlampe Turquiose - H\u00fcbsch","isPartOf":{"@id":"https:\/\/hubsch-interior.com\/de\/#website"},"primaryImageOfPage":{"@id":"https:\/\/hubsch-interior.com\/de\/produkt\/soothe-tischlampe-turquiose\/#primaryimage"},"image":{"@id":"https:\/\/hubsch-interior.com\/de\/produkt\/soothe-tischlampe-turquiose\/#primaryimage"},"thumbnailUrl":"https:\/\/hubsch-interior.com\/wp-content\/uploads\/2026\/02\/soothe-table-lamp-turquiose-6f2ddfad068943c07d3f0323b67a5514.jpg","datePublished":"2024-12-02T15:33:54+00:00","dateModified":"2026-04-11T03:02:21+00:00","description":"Wir pr\u00e4sentieren die Soothe Tischlampe, eine verspielte Bereicherung f\u00fcr Ihre gem\u00fctliche Ecke. Diese grafische Tischlampe, gefertigt aus Metall und","breadcrumb":{"@id":"https:\/\/hubsch-interior.com\/de\/produkt\/soothe-tischlampe-turquiose\/#breadcrumb"},"inLanguage":"de","potentialAction":[{"@type":"ReadAction","target":["https:\/\/hubsch-interior.com\/de\/produkt\/soothe-tischlampe-turquiose\/"]}]},{"@type":"ImageObject","inLanguage":"de","@id":"https:\/\/hubsch-interior.com\/de\/produkt\/soothe-tischlampe-turquiose\/#primaryimage","url":"https:\/\/hubsch-interior.com\/wp-content\/uploads\/2026\/02\/soothe-table-lamp-turquiose-6f2ddfad068943c07d3f0323b67a5514.jpg","contentUrl":"https:\/\/hubsch-interior.com\/wp-content\/uploads\/2026\/02\/soothe-table-lamp-turquiose-6f2ddfad068943c07d3f0323b67a5514.jpg","width":1024,"height":1024},{"@type":"BreadcrumbList","@id":"https:\/\/hubsch-interior.com\/de\/produkt\/soothe-tischlampe-turquiose\/#breadcrumb","itemListElement":[{"@type":"ListItem","position":1,"name":"Startseite","item":"https:\/\/hubsch-interior.com\/de\/"},{"@type":"ListItem","position":2,"name":"Produkte","item":"https:\/\/hubsch-interior.com\/de\/shop-2\/"},{"@type":"ListItem","position":3,"name":"Beleuchtung","item":"https:\/\/hubsch-interior.com\/de\/produkt-kategorie\/beleuchtung\/"},{"@type":"ListItem","position":4,"name":"Tischlampen","item":"https:\/\/hubsch-interior.com\/de\/produkt-kategorie\/beleuchtung\/tischlampen-de\/"},{"@type":"ListItem","position":5,"name":"Soothe Tischlampe Turquiose"}]},{"@type":"WebSite","@id":"https:\/\/hubsch-interior.com\/de\/#website","url":"https:\/\/hubsch-interior.com\/de\/","name":"H\u00fcbsch","description":"Danish Home Interior and Design","publisher":{"@id":"https:\/\/hubsch-interior.com\/de\/#organization"},"potentialAction":[{"@type":"SearchAction","target":{"@type":"EntryPoint","urlTemplate":"https:\/\/hubsch-interior.com\/de\/?s={search_term_string}"},"query-input":{"@type":"PropertyValueSpecification","valueRequired":true,"valueName":"search_term_string"}}],"inLanguage":"de"},{"@type":"Organization","@id":"https:\/\/hubsch-interior.com\/de\/#organization","name":"H\u00fcbsch","url":"https:\/\/hubsch-interior.com\/de\/","logo":{"@type":"ImageObject","inLanguage":"de","@id":"https:\/\/hubsch-interior.com\/de\/#\/schema\/logo\/image\/","url":"https:\/\/hubsch-interior.com\/wp-content\/uploads\/2022\/12\/Hubsch_logo_black_one_line.svg","contentUrl":"https:\/\/hubsch-interior.com\/wp-content\/uploads\/2022\/12\/Hubsch_logo_black_one_line.svg","caption":"H\u00fcbsch"},"image":{"@id":"https:\/\/hubsch-interior.com\/de\/#\/schema\/logo\/image\/"}}]}},"_links":{"self":[{"href":"https:\/\/hubsch-interior.com\/de\/wp-json\/wp\/v2\/product\/1003326","targetHints":{"allow":["GET"]}}],"collection":[{"href":"https:\/\/hubsch-interior.com\/de\/wp-json\/wp\/v2\/product"}],"about":[{"href":"https:\/\/hubsch-interior.com\/de\/wp-json\/wp\/v2\/types\/product"}],"wp:featuredmedia":[{"embeddable":true,"href":"https:\/\/hubsch-interior.com\/de\/wp-json\/wp\/v2\/media\/1107568"}],"wp:attachment":[{"href":"https:\/\/hubsch-interior.com\/de\/wp-json\/wp\/v2\/media?parent=1003326"}],"wp:term":[{"taxonomy":"product_brand","embeddable":true,"href":"https:\/\/hubsch-interior.com\/de\/wp-json\/wp\/v2\/product_brand?post=1003326"},{"taxonomy":"product_cat","embeddable":true,"href":"https:\/\/hubsch-interior.com\/de\/wp-json\/wp\/v2\/product_cat?post=1003326"},{"taxonomy":"product_tag","embeddable":true,"href":"https:\/\/hubsch-interior.com\/de\/wp-json\/wp\/v2\/product_tag?post=1003326"}],"curies":[{"name":"wp","href":"https:\/\/api.w.org\/{rel}","templated":true}]}}