{"id":1003445,"date":"2024-12-03T14:25:28","date_gmt":"2024-12-03T13:25:28","guid":{"rendered":"https:\/\/hubsch-interior.com\/product\/product\/"},"modified":"2026-04-11T05:01:35","modified_gmt":"2026-04-11T03:01:35","slug":"luminary-hangelampe-blau-hellgrun","status":"publish","type":"product","link":"https:\/\/hubsch-interior.com\/de\/produkt\/luminary-hangelampe-blau-hellgrun\/","title":{"rendered":"Luminary H\u00e4ngelampe Blau\/Hellgr\u00fcn"},"content":{"rendered":"<p>Luminary H\u00e4ngelampe, eine charmante Verschmelzung aus Retro- und modernem Design, die sowohl \u00c4sthetik als auch Funktionalit\u00e4t in den Vordergrund stellt. Geh\u00fcllt in ein fesselndes Blau und helles Gr\u00fcn, passt sich dieses Metallwunder nahtlos jedem Raum an und verstr\u00f6mt ein warmes, einladendes Leuchten. Entscheiden Sie sich daf\u00fcr, sie alleine aufzuh\u00e4ngen, um ein dezentes Statement zu setzen, oder gruppieren Sie mehrere Lampen, um eine eindrucksvolle visuelle Symphonie zu erschaffen. Die sch\u00f6ne Farbkombination sorgt daf\u00fcr, dass sie harmonisch Ihre bestehende Einrichtung erg\u00e4nzt und f\u00fcgt Ihrem pers\u00f6nlichen Raum einen einzigartigen Hauch von Charme und Charakter hinzu.<\/p>\n","protected":false},"excerpt":{"rendered":"<p>Luminary H\u00e4ngelampe, eine charmante Verschmelzung aus Retro- und modernem Design, die sowohl \u00c4sthetik als auch Funktionalit\u00e4t in den Vordergrund stellt. Geh\u00fcllt in ein fesselndes Blau und helles Gr\u00fcn, passt sich dieses Metallwunder nahtlos jedem Raum an und verstr\u00f6mt ein warmes, einladendes Leuchten. Entscheiden Sie sich daf\u00fcr, sie alleine aufzuh\u00e4ngen, um ein dezentes Statement zu setzen, [&hellip;]<\/p>\n","protected":false},"featured_media":1107336,"template":"","meta":{"_acf_changed":false,"inline_featured_image":false},"product_brand":[],"product_cat":[6998,3809,4148,5027],"product_tag":[],"class_list":{"0":"post-1003445","1":"product","2":"type-product","3":"status-publish","4":"has-post-thumbnail","6":"product_cat-the-buzz-de","7":"product_cat-beleuchtung","8":"product_cat-haengelampen-de","9":"product_cat-bestsellers-de","10":"product_shipping_class-pk","12":"pa_color-blau-2","13":"pa_color-hellgrn-2","14":"pa_material-eisen-de","16":"first","17":"instock","18":"featured","19":"taxable","20":"shipping-taxable","21":"purchasable","22":"product-type-simple"},"exclude_global_add_ons":[],"addons":[],"acf":[],"yoast_head":"<!-- This site is optimized with the Yoast SEO plugin v26.4 - https:\/\/yoast.com\/wordpress\/plugins\/seo\/ -->\n<title>Luminary H\u00e4ngelampe Blau\/Hellgr\u00fcn - H\u00fcbsch<\/title>\n<meta name=\"description\" content=\"Luminary H\u00e4ngelampe, eine charmante Verschmelzung aus Retro- und modernem Design, die sowohl \u00c4sthetik als auch Funktionalit\u00e4t in den Vordergrund stellt.\" \/>\n<meta name=\"robots\" content=\"index, follow, max-snippet:-1, max-image-preview:large, max-video-preview:-1\" \/>\n<link rel=\"canonical\" href=\"https:\/\/hubsch-interior.com\/de\/wp-json\/wp\/v2\/product\/1003445\" \/>\n<meta property=\"og:locale\" content=\"de_DE\" \/>\n<meta property=\"og:type\" content=\"article\" \/>\n<meta property=\"og:title\" content=\"Luminary H\u00e4ngelampe Blau\/Hellgr\u00fcn - H\u00fcbsch\" \/>\n<meta property=\"og:description\" content=\"Luminary H\u00e4ngelampe, eine charmante Verschmelzung aus Retro- und modernem Design, die sowohl \u00c4sthetik als auch Funktionalit\u00e4t in den Vordergrund stellt.\" \/>\n<meta property=\"og:url\" content=\"https:\/\/hubsch-interior.com\/de\/produkt\/luminary-hangelampe-blau-hellgrun\/\" \/>\n<meta property=\"og:site_name\" content=\"H\u00fcbsch\" \/>\n<meta property=\"article:modified_time\" content=\"2026-04-11T03:01:35+00:00\" \/>\n<meta property=\"og:image\" content=\"https:\/\/hubsch-interior.com\/wp-content\/uploads\/2025\/04\/luminary-pendant-bluelight-green-9887febd2c0d6d4dad60063745d73074.jpg\" \/>\n\t<meta property=\"og:image:width\" content=\"1200\" \/>\n\t<meta property=\"og:image:height\" content=\"1200\" \/>\n\t<meta property=\"og:image:type\" content=\"image\/jpeg\" \/>\n<meta name=\"twitter:card\" content=\"summary_large_image\" \/>\n<meta name=\"twitter:label1\" content=\"Gesch\u00e4tzte Lesezeit\" \/>\n\t<meta name=\"twitter:data1\" content=\"1\u00a0Minute\" \/>\n<script type=\"application\/ld+json\" class=\"yoast-schema-graph\">{\"@context\":\"https:\/\/schema.org\",\"@graph\":[{\"@type\":\"WebPage\",\"@id\":\"https:\/\/hubsch-interior.com\/de\/produkt\/luminary-hangelampe-blau-hellgrun\/\",\"url\":\"https:\/\/hubsch-interior.com\/de\/produkt\/luminary-hangelampe-blau-hellgrun\/\",\"name\":\"Luminary H\u00e4ngelampe Blau\/Hellgr\u00fcn - H\u00fcbsch\",\"isPartOf\":{\"@id\":\"https:\/\/hubsch-interior.com\/de\/#website\"},\"primaryImageOfPage\":{\"@id\":\"https:\/\/hubsch-interior.com\/de\/produkt\/luminary-hangelampe-blau-hellgrun\/#primaryimage\"},\"image\":{\"@id\":\"https:\/\/hubsch-interior.com\/de\/produkt\/luminary-hangelampe-blau-hellgrun\/#primaryimage\"},\"thumbnailUrl\":\"https:\/\/hubsch-interior.com\/wp-content\/uploads\/2026\/02\/luminary-pendant-bluelight-green-ed77dc0ac3285d28122470a101c776a8.jpg\",\"datePublished\":\"2024-12-03T13:25:28+00:00\",\"dateModified\":\"2026-04-11T03:01:35+00:00\",\"description\":\"Luminary H\u00e4ngelampe, eine charmante Verschmelzung aus Retro- und modernem Design, die sowohl \u00c4sthetik als auch Funktionalit\u00e4t in den Vordergrund stellt.\",\"breadcrumb\":{\"@id\":\"https:\/\/hubsch-interior.com\/de\/produkt\/luminary-hangelampe-blau-hellgrun\/#breadcrumb\"},\"inLanguage\":\"de\",\"potentialAction\":[{\"@type\":\"ReadAction\",\"target\":[\"https:\/\/hubsch-interior.com\/de\/produkt\/luminary-hangelampe-blau-hellgrun\/\"]}]},{\"@type\":\"ImageObject\",\"inLanguage\":\"de\",\"@id\":\"https:\/\/hubsch-interior.com\/de\/produkt\/luminary-hangelampe-blau-hellgrun\/#primaryimage\",\"url\":\"https:\/\/hubsch-interior.com\/wp-content\/uploads\/2026\/02\/luminary-pendant-bluelight-green-ed77dc0ac3285d28122470a101c776a8.jpg\",\"contentUrl\":\"https:\/\/hubsch-interior.com\/wp-content\/uploads\/2026\/02\/luminary-pendant-bluelight-green-ed77dc0ac3285d28122470a101c776a8.jpg\",\"width\":1024,\"height\":1024},{\"@type\":\"BreadcrumbList\",\"@id\":\"https:\/\/hubsch-interior.com\/de\/produkt\/luminary-hangelampe-blau-hellgrun\/#breadcrumb\",\"itemListElement\":[{\"@type\":\"ListItem\",\"position\":1,\"name\":\"Startseite\",\"item\":\"https:\/\/hubsch-interior.com\/de\/\"},{\"@type\":\"ListItem\",\"position\":2,\"name\":\"Produkte\",\"item\":\"https:\/\/hubsch-interior.com\/de\/shop-2\/\"},{\"@type\":\"ListItem\",\"position\":3,\"name\":\"Beleuchtung\",\"item\":\"https:\/\/hubsch-interior.com\/de\/produkt-kategorie\/beleuchtung\/\"},{\"@type\":\"ListItem\",\"position\":4,\"name\":\"H&auml;ngelampen\",\"item\":\"https:\/\/hubsch-interior.com\/de\/produkt-kategorie\/beleuchtung\/haengelampen-de\/\"},{\"@type\":\"ListItem\",\"position\":5,\"name\":\"Luminary H\u00e4ngelampe Blau\/Hellgr\u00fcn\"}]},{\"@type\":\"WebSite\",\"@id\":\"https:\/\/hubsch-interior.com\/de\/#website\",\"url\":\"https:\/\/hubsch-interior.com\/de\/\",\"name\":\"H\u00fcbsch\",\"description\":\"Danish Home Interior and Design\",\"publisher\":{\"@id\":\"https:\/\/hubsch-interior.com\/de\/#organization\"},\"potentialAction\":[{\"@type\":\"SearchAction\",\"target\":{\"@type\":\"EntryPoint\",\"urlTemplate\":\"https:\/\/hubsch-interior.com\/de\/?s={search_term_string}\"},\"query-input\":{\"@type\":\"PropertyValueSpecification\",\"valueRequired\":true,\"valueName\":\"search_term_string\"}}],\"inLanguage\":\"de\"},{\"@type\":\"Organization\",\"@id\":\"https:\/\/hubsch-interior.com\/de\/#organization\",\"name\":\"H\u00fcbsch\",\"url\":\"https:\/\/hubsch-interior.com\/de\/\",\"logo\":{\"@type\":\"ImageObject\",\"inLanguage\":\"de\",\"@id\":\"https:\/\/hubsch-interior.com\/de\/#\/schema\/logo\/image\/\",\"url\":\"https:\/\/hubsch-interior.com\/wp-content\/uploads\/2022\/12\/Hubsch_logo_black_one_line.svg\",\"contentUrl\":\"https:\/\/hubsch-interior.com\/wp-content\/uploads\/2022\/12\/Hubsch_logo_black_one_line.svg\",\"caption\":\"H\u00fcbsch\"},\"image\":{\"@id\":\"https:\/\/hubsch-interior.com\/de\/#\/schema\/logo\/image\/\"}}]}<\/script>\n<!-- \/ Yoast SEO plugin. -->","yoast_head_json":{"title":"Luminary H\u00e4ngelampe Blau\/Hellgr\u00fcn - H\u00fcbsch","description":"Luminary H\u00e4ngelampe, eine charmante Verschmelzung aus Retro- und modernem Design, die sowohl \u00c4sthetik als auch Funktionalit\u00e4t in den Vordergrund stellt.","robots":{"index":"index","follow":"follow","max-snippet":"max-snippet:-1","max-image-preview":"max-image-preview:large","max-video-preview":"max-video-preview:-1"},"canonical":"https:\/\/hubsch-interior.com\/de\/wp-json\/wp\/v2\/product\/1003445","og_locale":"de_DE","og_type":"article","og_title":"Luminary H\u00e4ngelampe Blau\/Hellgr\u00fcn - H\u00fcbsch","og_description":"Luminary H\u00e4ngelampe, eine charmante Verschmelzung aus Retro- und modernem Design, die sowohl \u00c4sthetik als auch Funktionalit\u00e4t in den Vordergrund stellt.","og_url":"https:\/\/hubsch-interior.com\/de\/produkt\/luminary-hangelampe-blau-hellgrun\/","og_site_name":"H\u00fcbsch","article_modified_time":"2026-04-11T03:01:35+00:00","og_image":[{"width":1200,"height":1200,"url":"https:\/\/hubsch-interior.com\/wp-content\/uploads\/2025\/04\/luminary-pendant-bluelight-green-9887febd2c0d6d4dad60063745d73074.jpg","type":"image\/jpeg"}],"twitter_card":"summary_large_image","twitter_misc":{"Gesch\u00e4tzte Lesezeit":"1\u00a0Minute"},"schema":{"@context":"https:\/\/schema.org","@graph":[{"@type":"WebPage","@id":"https:\/\/hubsch-interior.com\/de\/produkt\/luminary-hangelampe-blau-hellgrun\/","url":"https:\/\/hubsch-interior.com\/de\/produkt\/luminary-hangelampe-blau-hellgrun\/","name":"Luminary H\u00e4ngelampe Blau\/Hellgr\u00fcn - H\u00fcbsch","isPartOf":{"@id":"https:\/\/hubsch-interior.com\/de\/#website"},"primaryImageOfPage":{"@id":"https:\/\/hubsch-interior.com\/de\/produkt\/luminary-hangelampe-blau-hellgrun\/#primaryimage"},"image":{"@id":"https:\/\/hubsch-interior.com\/de\/produkt\/luminary-hangelampe-blau-hellgrun\/#primaryimage"},"thumbnailUrl":"https:\/\/hubsch-interior.com\/wp-content\/uploads\/2026\/02\/luminary-pendant-bluelight-green-ed77dc0ac3285d28122470a101c776a8.jpg","datePublished":"2024-12-03T13:25:28+00:00","dateModified":"2026-04-11T03:01:35+00:00","description":"Luminary H\u00e4ngelampe, eine charmante Verschmelzung aus Retro- und modernem Design, die sowohl \u00c4sthetik als auch Funktionalit\u00e4t in den Vordergrund stellt.","breadcrumb":{"@id":"https:\/\/hubsch-interior.com\/de\/produkt\/luminary-hangelampe-blau-hellgrun\/#breadcrumb"},"inLanguage":"de","potentialAction":[{"@type":"ReadAction","target":["https:\/\/hubsch-interior.com\/de\/produkt\/luminary-hangelampe-blau-hellgrun\/"]}]},{"@type":"ImageObject","inLanguage":"de","@id":"https:\/\/hubsch-interior.com\/de\/produkt\/luminary-hangelampe-blau-hellgrun\/#primaryimage","url":"https:\/\/hubsch-interior.com\/wp-content\/uploads\/2026\/02\/luminary-pendant-bluelight-green-ed77dc0ac3285d28122470a101c776a8.jpg","contentUrl":"https:\/\/hubsch-interior.com\/wp-content\/uploads\/2026\/02\/luminary-pendant-bluelight-green-ed77dc0ac3285d28122470a101c776a8.jpg","width":1024,"height":1024},{"@type":"BreadcrumbList","@id":"https:\/\/hubsch-interior.com\/de\/produkt\/luminary-hangelampe-blau-hellgrun\/#breadcrumb","itemListElement":[{"@type":"ListItem","position":1,"name":"Startseite","item":"https:\/\/hubsch-interior.com\/de\/"},{"@type":"ListItem","position":2,"name":"Produkte","item":"https:\/\/hubsch-interior.com\/de\/shop-2\/"},{"@type":"ListItem","position":3,"name":"Beleuchtung","item":"https:\/\/hubsch-interior.com\/de\/produkt-kategorie\/beleuchtung\/"},{"@type":"ListItem","position":4,"name":"H&auml;ngelampen","item":"https:\/\/hubsch-interior.com\/de\/produkt-kategorie\/beleuchtung\/haengelampen-de\/"},{"@type":"ListItem","position":5,"name":"Luminary H\u00e4ngelampe Blau\/Hellgr\u00fcn"}]},{"@type":"WebSite","@id":"https:\/\/hubsch-interior.com\/de\/#website","url":"https:\/\/hubsch-interior.com\/de\/","name":"H\u00fcbsch","description":"Danish Home Interior and Design","publisher":{"@id":"https:\/\/hubsch-interior.com\/de\/#organization"},"potentialAction":[{"@type":"SearchAction","target":{"@type":"EntryPoint","urlTemplate":"https:\/\/hubsch-interior.com\/de\/?s={search_term_string}"},"query-input":{"@type":"PropertyValueSpecification","valueRequired":true,"valueName":"search_term_string"}}],"inLanguage":"de"},{"@type":"Organization","@id":"https:\/\/hubsch-interior.com\/de\/#organization","name":"H\u00fcbsch","url":"https:\/\/hubsch-interior.com\/de\/","logo":{"@type":"ImageObject","inLanguage":"de","@id":"https:\/\/hubsch-interior.com\/de\/#\/schema\/logo\/image\/","url":"https:\/\/hubsch-interior.com\/wp-content\/uploads\/2022\/12\/Hubsch_logo_black_one_line.svg","contentUrl":"https:\/\/hubsch-interior.com\/wp-content\/uploads\/2022\/12\/Hubsch_logo_black_one_line.svg","caption":"H\u00fcbsch"},"image":{"@id":"https:\/\/hubsch-interior.com\/de\/#\/schema\/logo\/image\/"}}]}},"_links":{"self":[{"href":"https:\/\/hubsch-interior.com\/de\/wp-json\/wp\/v2\/product\/1003445","targetHints":{"allow":["GET"]}}],"collection":[{"href":"https:\/\/hubsch-interior.com\/de\/wp-json\/wp\/v2\/product"}],"about":[{"href":"https:\/\/hubsch-interior.com\/de\/wp-json\/wp\/v2\/types\/product"}],"wp:featuredmedia":[{"embeddable":true,"href":"https:\/\/hubsch-interior.com\/de\/wp-json\/wp\/v2\/media\/1107336"}],"wp:attachment":[{"href":"https:\/\/hubsch-interior.com\/de\/wp-json\/wp\/v2\/media?parent=1003445"}],"wp:term":[{"taxonomy":"product_brand","embeddable":true,"href":"https:\/\/hubsch-interior.com\/de\/wp-json\/wp\/v2\/product_brand?post=1003445"},{"taxonomy":"product_cat","embeddable":true,"href":"https:\/\/hubsch-interior.com\/de\/wp-json\/wp\/v2\/product_cat?post=1003445"},{"taxonomy":"product_tag","embeddable":true,"href":"https:\/\/hubsch-interior.com\/de\/wp-json\/wp\/v2\/product_tag?post=1003445"}],"curies":[{"name":"wp","href":"https:\/\/api.w.org\/{rel}","templated":true}]}}