{"id":1003461,"date":"2024-12-03T14:26:04","date_gmt":"2024-12-03T13:26:04","guid":{"rendered":"https:\/\/hubsch-interior.com\/product\/product\/"},"modified":"2026-04-11T05:01:38","modified_gmt":"2026-04-11T03:01:38","slug":"luminary-hangelampe-burgundy-blau","status":"publish","type":"product","link":"https:\/\/hubsch-interior.com\/de\/produkt\/luminary-hangelampe-burgundy-blau\/","title":{"rendered":"Luminary H\u00e4ngelampe Burgundy\/Blau"},"content":{"rendered":"<p>Erleben Sie einen Hauch von Eleganz mit der Luminary H\u00e4ngelampe, einer reizvollen Fusion aus Retro- und modernem Stil. Aus feinem Metall gefertigt und in einer farbenfrohen Kombination aus Burgunderrot und Blau geschm\u00fcckt, ist diese schicke H\u00e4ngelampe perfekt dazu geeignet, Ihre Lieblingsecke zu personalisieren. Ob allein aufgeh\u00e4ngt f\u00fcr eine dezente Aussage oder in Gruppen arrangiert f\u00fcr eine fesselnde Darstellung \u2013 die Luminary H\u00e4ngelampe verwandelt jeden Raum in eine bezaubernde Oase der Entspannung und des Genusses.<\/p>\n","protected":false},"excerpt":{"rendered":"<p>Erleben Sie einen Hauch von Eleganz mit der Luminary H\u00e4ngelampe, einer reizvollen Fusion aus Retro- und modernem Stil. Aus feinem Metall gefertigt und in einer farbenfrohen Kombination aus Burgunderrot und Blau geschm\u00fcckt, ist diese schicke H\u00e4ngelampe perfekt dazu geeignet, Ihre Lieblingsecke zu personalisieren. Ob allein aufgeh\u00e4ngt f\u00fcr eine dezente Aussage oder in Gruppen arrangiert f\u00fcr [&hellip;]<\/p>\n","protected":false},"featured_media":1107352,"template":"","meta":{"_acf_changed":false,"inline_featured_image":false},"product_brand":[],"product_cat":[6998,3809,4148,5027],"product_tag":[],"class_list":{"0":"post-1003461","1":"product","2":"type-product","3":"status-publish","4":"has-post-thumbnail","6":"product_cat-the-buzz-de","7":"product_cat-beleuchtung","8":"product_cat-haengelampen-de","9":"product_cat-bestsellers-de","10":"product_shipping_class-pk","12":"pa_color-burgundy-de","13":"pa_color-blau-2","14":"pa_material-eisen-de","16":"first","17":"instock","18":"featured","19":"taxable","20":"shipping-taxable","21":"purchasable","22":"product-type-simple"},"exclude_global_add_ons":[],"addons":[],"acf":[],"yoast_head":"<!-- This site is optimized with the Yoast SEO plugin v26.4 - https:\/\/yoast.com\/wordpress\/plugins\/seo\/ -->\n<title>Luminary H\u00e4ngelampe Burgundy\/Blau - H\u00fcbsch<\/title>\n<meta name=\"description\" content=\"Erleben Sie einen Hauch von Eleganz mit der Luminary H\u00e4ngelampe, einer reizvollen Fusion aus Retro- und modernem Stil. Aus feinem Metall gefertigt und in\" \/>\n<meta name=\"robots\" content=\"index, follow, max-snippet:-1, max-image-preview:large, max-video-preview:-1\" \/>\n<link rel=\"canonical\" href=\"https:\/\/hubsch-interior.com\/de\/wp-json\/wp\/v2\/product\/1003461\" \/>\n<meta property=\"og:locale\" content=\"de_DE\" \/>\n<meta property=\"og:type\" content=\"article\" \/>\n<meta property=\"og:title\" content=\"Luminary H\u00e4ngelampe Burgundy\/Blau - H\u00fcbsch\" \/>\n<meta property=\"og:description\" content=\"Erleben Sie einen Hauch von Eleganz mit der Luminary H\u00e4ngelampe, einer reizvollen Fusion aus Retro- und modernem Stil. Aus feinem Metall gefertigt und in\" \/>\n<meta property=\"og:url\" content=\"https:\/\/hubsch-interior.com\/de\/produkt\/luminary-hangelampe-burgundy-blau\/\" \/>\n<meta property=\"og:site_name\" content=\"H\u00fcbsch\" \/>\n<meta property=\"article:modified_time\" content=\"2026-04-11T03:01:38+00:00\" \/>\n<meta property=\"og:image\" content=\"https:\/\/hubsch-interior.com\/wp-content\/uploads\/2025\/04\/luminary-pendant-burgundyblue-0f10ca08e94c336f539934bf2ade4b72.jpg\" \/>\n\t<meta property=\"og:image:width\" content=\"1200\" \/>\n\t<meta property=\"og:image:height\" content=\"1200\" \/>\n\t<meta property=\"og:image:type\" content=\"image\/jpeg\" \/>\n<meta name=\"twitter:card\" content=\"summary_large_image\" \/>\n<script type=\"application\/ld+json\" class=\"yoast-schema-graph\">{\"@context\":\"https:\/\/schema.org\",\"@graph\":[{\"@type\":\"WebPage\",\"@id\":\"https:\/\/hubsch-interior.com\/de\/produkt\/luminary-hangelampe-burgundy-blau\/\",\"url\":\"https:\/\/hubsch-interior.com\/de\/produkt\/luminary-hangelampe-burgundy-blau\/\",\"name\":\"Luminary H\u00e4ngelampe Burgundy\/Blau - H\u00fcbsch\",\"isPartOf\":{\"@id\":\"https:\/\/hubsch-interior.com\/de\/#website\"},\"primaryImageOfPage\":{\"@id\":\"https:\/\/hubsch-interior.com\/de\/produkt\/luminary-hangelampe-burgundy-blau\/#primaryimage\"},\"image\":{\"@id\":\"https:\/\/hubsch-interior.com\/de\/produkt\/luminary-hangelampe-burgundy-blau\/#primaryimage\"},\"thumbnailUrl\":\"https:\/\/hubsch-interior.com\/wp-content\/uploads\/2026\/02\/luminary-pendant-burgundyblue-b5cdef5151d11b47162370ce763ee096.jpg\",\"datePublished\":\"2024-12-03T13:26:04+00:00\",\"dateModified\":\"2026-04-11T03:01:38+00:00\",\"description\":\"Erleben Sie einen Hauch von Eleganz mit der Luminary H\u00e4ngelampe, einer reizvollen Fusion aus Retro- und modernem Stil. Aus feinem Metall gefertigt und in\",\"breadcrumb\":{\"@id\":\"https:\/\/hubsch-interior.com\/de\/produkt\/luminary-hangelampe-burgundy-blau\/#breadcrumb\"},\"inLanguage\":\"de\",\"potentialAction\":[{\"@type\":\"ReadAction\",\"target\":[\"https:\/\/hubsch-interior.com\/de\/produkt\/luminary-hangelampe-burgundy-blau\/\"]}]},{\"@type\":\"ImageObject\",\"inLanguage\":\"de\",\"@id\":\"https:\/\/hubsch-interior.com\/de\/produkt\/luminary-hangelampe-burgundy-blau\/#primaryimage\",\"url\":\"https:\/\/hubsch-interior.com\/wp-content\/uploads\/2026\/02\/luminary-pendant-burgundyblue-b5cdef5151d11b47162370ce763ee096.jpg\",\"contentUrl\":\"https:\/\/hubsch-interior.com\/wp-content\/uploads\/2026\/02\/luminary-pendant-burgundyblue-b5cdef5151d11b47162370ce763ee096.jpg\",\"width\":1024,\"height\":1024},{\"@type\":\"BreadcrumbList\",\"@id\":\"https:\/\/hubsch-interior.com\/de\/produkt\/luminary-hangelampe-burgundy-blau\/#breadcrumb\",\"itemListElement\":[{\"@type\":\"ListItem\",\"position\":1,\"name\":\"Startseite\",\"item\":\"https:\/\/hubsch-interior.com\/de\/\"},{\"@type\":\"ListItem\",\"position\":2,\"name\":\"Produkte\",\"item\":\"https:\/\/hubsch-interior.com\/de\/shop-2\/\"},{\"@type\":\"ListItem\",\"position\":3,\"name\":\"Beleuchtung\",\"item\":\"https:\/\/hubsch-interior.com\/de\/produkt-kategorie\/beleuchtung\/\"},{\"@type\":\"ListItem\",\"position\":4,\"name\":\"H&auml;ngelampen\",\"item\":\"https:\/\/hubsch-interior.com\/de\/produkt-kategorie\/beleuchtung\/haengelampen-de\/\"},{\"@type\":\"ListItem\",\"position\":5,\"name\":\"Luminary H\u00e4ngelampe Burgundy\/Blau\"}]},{\"@type\":\"WebSite\",\"@id\":\"https:\/\/hubsch-interior.com\/de\/#website\",\"url\":\"https:\/\/hubsch-interior.com\/de\/\",\"name\":\"H\u00fcbsch\",\"description\":\"Danish Home Interior and Design\",\"publisher\":{\"@id\":\"https:\/\/hubsch-interior.com\/de\/#organization\"},\"potentialAction\":[{\"@type\":\"SearchAction\",\"target\":{\"@type\":\"EntryPoint\",\"urlTemplate\":\"https:\/\/hubsch-interior.com\/de\/?s={search_term_string}\"},\"query-input\":{\"@type\":\"PropertyValueSpecification\",\"valueRequired\":true,\"valueName\":\"search_term_string\"}}],\"inLanguage\":\"de\"},{\"@type\":\"Organization\",\"@id\":\"https:\/\/hubsch-interior.com\/de\/#organization\",\"name\":\"H\u00fcbsch\",\"url\":\"https:\/\/hubsch-interior.com\/de\/\",\"logo\":{\"@type\":\"ImageObject\",\"inLanguage\":\"de\",\"@id\":\"https:\/\/hubsch-interior.com\/de\/#\/schema\/logo\/image\/\",\"url\":\"https:\/\/hubsch-interior.com\/wp-content\/uploads\/2022\/12\/Hubsch_logo_black_one_line.svg\",\"contentUrl\":\"https:\/\/hubsch-interior.com\/wp-content\/uploads\/2022\/12\/Hubsch_logo_black_one_line.svg\",\"caption\":\"H\u00fcbsch\"},\"image\":{\"@id\":\"https:\/\/hubsch-interior.com\/de\/#\/schema\/logo\/image\/\"}}]}<\/script>\n<!-- \/ Yoast SEO plugin. -->","yoast_head_json":{"title":"Luminary H\u00e4ngelampe Burgundy\/Blau - H\u00fcbsch","description":"Erleben Sie einen Hauch von Eleganz mit der Luminary H\u00e4ngelampe, einer reizvollen Fusion aus Retro- und modernem Stil. Aus feinem Metall gefertigt und in","robots":{"index":"index","follow":"follow","max-snippet":"max-snippet:-1","max-image-preview":"max-image-preview:large","max-video-preview":"max-video-preview:-1"},"canonical":"https:\/\/hubsch-interior.com\/de\/wp-json\/wp\/v2\/product\/1003461","og_locale":"de_DE","og_type":"article","og_title":"Luminary H\u00e4ngelampe Burgundy\/Blau - H\u00fcbsch","og_description":"Erleben Sie einen Hauch von Eleganz mit der Luminary H\u00e4ngelampe, einer reizvollen Fusion aus Retro- und modernem Stil. Aus feinem Metall gefertigt und in","og_url":"https:\/\/hubsch-interior.com\/de\/produkt\/luminary-hangelampe-burgundy-blau\/","og_site_name":"H\u00fcbsch","article_modified_time":"2026-04-11T03:01:38+00:00","og_image":[{"width":1200,"height":1200,"url":"https:\/\/hubsch-interior.com\/wp-content\/uploads\/2025\/04\/luminary-pendant-burgundyblue-0f10ca08e94c336f539934bf2ade4b72.jpg","type":"image\/jpeg"}],"twitter_card":"summary_large_image","schema":{"@context":"https:\/\/schema.org","@graph":[{"@type":"WebPage","@id":"https:\/\/hubsch-interior.com\/de\/produkt\/luminary-hangelampe-burgundy-blau\/","url":"https:\/\/hubsch-interior.com\/de\/produkt\/luminary-hangelampe-burgundy-blau\/","name":"Luminary H\u00e4ngelampe Burgundy\/Blau - H\u00fcbsch","isPartOf":{"@id":"https:\/\/hubsch-interior.com\/de\/#website"},"primaryImageOfPage":{"@id":"https:\/\/hubsch-interior.com\/de\/produkt\/luminary-hangelampe-burgundy-blau\/#primaryimage"},"image":{"@id":"https:\/\/hubsch-interior.com\/de\/produkt\/luminary-hangelampe-burgundy-blau\/#primaryimage"},"thumbnailUrl":"https:\/\/hubsch-interior.com\/wp-content\/uploads\/2026\/02\/luminary-pendant-burgundyblue-b5cdef5151d11b47162370ce763ee096.jpg","datePublished":"2024-12-03T13:26:04+00:00","dateModified":"2026-04-11T03:01:38+00:00","description":"Erleben Sie einen Hauch von Eleganz mit der Luminary H\u00e4ngelampe, einer reizvollen Fusion aus Retro- und modernem Stil. Aus feinem Metall gefertigt und in","breadcrumb":{"@id":"https:\/\/hubsch-interior.com\/de\/produkt\/luminary-hangelampe-burgundy-blau\/#breadcrumb"},"inLanguage":"de","potentialAction":[{"@type":"ReadAction","target":["https:\/\/hubsch-interior.com\/de\/produkt\/luminary-hangelampe-burgundy-blau\/"]}]},{"@type":"ImageObject","inLanguage":"de","@id":"https:\/\/hubsch-interior.com\/de\/produkt\/luminary-hangelampe-burgundy-blau\/#primaryimage","url":"https:\/\/hubsch-interior.com\/wp-content\/uploads\/2026\/02\/luminary-pendant-burgundyblue-b5cdef5151d11b47162370ce763ee096.jpg","contentUrl":"https:\/\/hubsch-interior.com\/wp-content\/uploads\/2026\/02\/luminary-pendant-burgundyblue-b5cdef5151d11b47162370ce763ee096.jpg","width":1024,"height":1024},{"@type":"BreadcrumbList","@id":"https:\/\/hubsch-interior.com\/de\/produkt\/luminary-hangelampe-burgundy-blau\/#breadcrumb","itemListElement":[{"@type":"ListItem","position":1,"name":"Startseite","item":"https:\/\/hubsch-interior.com\/de\/"},{"@type":"ListItem","position":2,"name":"Produkte","item":"https:\/\/hubsch-interior.com\/de\/shop-2\/"},{"@type":"ListItem","position":3,"name":"Beleuchtung","item":"https:\/\/hubsch-interior.com\/de\/produkt-kategorie\/beleuchtung\/"},{"@type":"ListItem","position":4,"name":"H&auml;ngelampen","item":"https:\/\/hubsch-interior.com\/de\/produkt-kategorie\/beleuchtung\/haengelampen-de\/"},{"@type":"ListItem","position":5,"name":"Luminary H\u00e4ngelampe Burgundy\/Blau"}]},{"@type":"WebSite","@id":"https:\/\/hubsch-interior.com\/de\/#website","url":"https:\/\/hubsch-interior.com\/de\/","name":"H\u00fcbsch","description":"Danish Home Interior and Design","publisher":{"@id":"https:\/\/hubsch-interior.com\/de\/#organization"},"potentialAction":[{"@type":"SearchAction","target":{"@type":"EntryPoint","urlTemplate":"https:\/\/hubsch-interior.com\/de\/?s={search_term_string}"},"query-input":{"@type":"PropertyValueSpecification","valueRequired":true,"valueName":"search_term_string"}}],"inLanguage":"de"},{"@type":"Organization","@id":"https:\/\/hubsch-interior.com\/de\/#organization","name":"H\u00fcbsch","url":"https:\/\/hubsch-interior.com\/de\/","logo":{"@type":"ImageObject","inLanguage":"de","@id":"https:\/\/hubsch-interior.com\/de\/#\/schema\/logo\/image\/","url":"https:\/\/hubsch-interior.com\/wp-content\/uploads\/2022\/12\/Hubsch_logo_black_one_line.svg","contentUrl":"https:\/\/hubsch-interior.com\/wp-content\/uploads\/2022\/12\/Hubsch_logo_black_one_line.svg","caption":"H\u00fcbsch"},"image":{"@id":"https:\/\/hubsch-interior.com\/de\/#\/schema\/logo\/image\/"}}]}},"_links":{"self":[{"href":"https:\/\/hubsch-interior.com\/de\/wp-json\/wp\/v2\/product\/1003461","targetHints":{"allow":["GET"]}}],"collection":[{"href":"https:\/\/hubsch-interior.com\/de\/wp-json\/wp\/v2\/product"}],"about":[{"href":"https:\/\/hubsch-interior.com\/de\/wp-json\/wp\/v2\/types\/product"}],"wp:featuredmedia":[{"embeddable":true,"href":"https:\/\/hubsch-interior.com\/de\/wp-json\/wp\/v2\/media\/1107352"}],"wp:attachment":[{"href":"https:\/\/hubsch-interior.com\/de\/wp-json\/wp\/v2\/media?parent=1003461"}],"wp:term":[{"taxonomy":"product_brand","embeddable":true,"href":"https:\/\/hubsch-interior.com\/de\/wp-json\/wp\/v2\/product_brand?post=1003461"},{"taxonomy":"product_cat","embeddable":true,"href":"https:\/\/hubsch-interior.com\/de\/wp-json\/wp\/v2\/product_cat?post=1003461"},{"taxonomy":"product_tag","embeddable":true,"href":"https:\/\/hubsch-interior.com\/de\/wp-json\/wp\/v2\/product_tag?post=1003461"}],"curies":[{"name":"wp","href":"https:\/\/api.w.org\/{rel}","templated":true}]}}