{"id":1003502,"date":"2024-12-03T14:27:14","date_gmt":"2024-12-03T13:27:14","guid":{"rendered":"https:\/\/hubsch-interior.com\/product\/product\/"},"modified":"2026-04-05T05:08:46","modified_gmt":"2026-04-05T03:08:46","slug":"serene-hangelampe-ellipse-weis","status":"publish","type":"product","link":"https:\/\/hubsch-interior.com\/de\/produkt\/serene-hangelampe-ellipse-weis\/","title":{"rendered":"Serene H\u00e4ngelampe Ellipse Wei\u00df"},"content":{"rendered":"<p>Wir pr\u00e4sentieren die neueste Erg\u00e4nzung unserer renommierten Kollektion, die Serene H\u00e4ngelampe. Diese neue Variante, ein zeitloser Klassiker und Ikone, zeichnet sich durch eine exquisite Kuppel aus wei\u00dfem Opalglas aus, die ein weiches, beruhigendes Licht ausstrahlt. Veredelt mit raffinierten Messingdetails, vereint dieses St\u00fcck die Eleganz von Metall und Glas in einer harmonischen Darstellung. Perfekt, um die Atmosph\u00e4re jedes Raumes zu verbessern, ist die Serene H\u00e4ngelampe in zwei verschiedenen Varianten erh\u00e4ltlich, die jeweils darauf ausgelegt sind, Ihren Wohnraum mit einem Hauch von Raffinesse zu bereichern.<\/p>\n","protected":false},"excerpt":{"rendered":"<p>Wir pr\u00e4sentieren die neueste Erg\u00e4nzung unserer renommierten Kollektion, die Serene H\u00e4ngelampe. Diese neue Variante, ein zeitloser Klassiker und Ikone, zeichnet sich durch eine exquisite Kuppel aus wei\u00dfem Opalglas aus, die ein weiches, beruhigendes Licht ausstrahlt. Veredelt mit raffinierten Messingdetails, vereint dieses St\u00fcck die Eleganz von Metall und Glas in einer harmonischen Darstellung. Perfekt, um die [&hellip;]<\/p>\n","protected":false},"featured_media":1107416,"template":"","meta":{"_acf_changed":false,"inline_featured_image":false},"product_brand":[],"product_cat":[6944,6998,3809,4148,5027],"product_tag":[],"class_list":{"0":"post-1003502","1":"product","2":"type-product","3":"status-publish","4":"has-post-thumbnail","6":"product_cat-bestseller-2025-de","7":"product_cat-the-buzz-de","8":"product_cat-beleuchtung","9":"product_cat-haengelampen-de","10":"product_cat-bestsellers-de","11":"product_shipping_class-pk","12":"pa_color-wei","13":"pa_material-eisen-de","14":"pa_material-glas-de","16":"first","17":"outofstock","18":"featured","19":"taxable","20":"shipping-taxable","21":"purchasable","22":"product-type-simple"},"exclude_global_add_ons":[],"addons":[],"acf":[],"yoast_head":"<!-- This site is optimized with the Yoast SEO plugin v26.4 - https:\/\/yoast.com\/wordpress\/plugins\/seo\/ -->\n<title>Serene H\u00e4ngelampe Ellipse Wei\u00df - H\u00fcbsch<\/title>\n<meta name=\"description\" content=\"Wir pr\u00e4sentieren die neueste Erg\u00e4nzung unserer renommierten Kollektion, die Serene H\u00e4ngelampe. Diese neue Variante, ein zeitloser Klassiker und Ikone,\" \/>\n<meta name=\"robots\" content=\"index, follow, max-snippet:-1, max-image-preview:large, max-video-preview:-1\" \/>\n<link rel=\"canonical\" href=\"https:\/\/hubsch-interior.com\/de\/wp-json\/wp\/v2\/product\/1003502\" \/>\n<meta property=\"og:locale\" content=\"de_DE\" \/>\n<meta property=\"og:type\" content=\"article\" \/>\n<meta property=\"og:title\" content=\"Serene H\u00e4ngelampe Ellipse Wei\u00df - H\u00fcbsch\" \/>\n<meta property=\"og:description\" content=\"Wir pr\u00e4sentieren die neueste Erg\u00e4nzung unserer renommierten Kollektion, die Serene H\u00e4ngelampe. Diese neue Variante, ein zeitloser Klassiker und Ikone,\" \/>\n<meta property=\"og:url\" content=\"https:\/\/hubsch-interior.com\/de\/produkt\/serene-hangelampe-ellipse-weis\/\" \/>\n<meta property=\"og:site_name\" content=\"H\u00fcbsch\" \/>\n<meta property=\"article:modified_time\" content=\"2026-04-05T03:08:46+00:00\" \/>\n<meta property=\"og:image\" content=\"https:\/\/hubsch-interior.com\/wp-content\/uploads\/2025\/04\/serene-pendant-ellipse-white-e766cf053d427de9705bbb5d74bd0e8e.jpg\" \/>\n\t<meta property=\"og:image:width\" content=\"1200\" \/>\n\t<meta property=\"og:image:height\" content=\"1200\" \/>\n\t<meta property=\"og:image:type\" content=\"image\/jpeg\" \/>\n<meta name=\"twitter:card\" content=\"summary_large_image\" \/>\n<script type=\"application\/ld+json\" class=\"yoast-schema-graph\">{\"@context\":\"https:\/\/schema.org\",\"@graph\":[{\"@type\":\"WebPage\",\"@id\":\"https:\/\/hubsch-interior.com\/de\/produkt\/serene-hangelampe-ellipse-weis\/\",\"url\":\"https:\/\/hubsch-interior.com\/de\/produkt\/serene-hangelampe-ellipse-weis\/\",\"name\":\"Serene H\u00e4ngelampe Ellipse Wei\u00df - H\u00fcbsch\",\"isPartOf\":{\"@id\":\"https:\/\/hubsch-interior.com\/de\/#website\"},\"primaryImageOfPage\":{\"@id\":\"https:\/\/hubsch-interior.com\/de\/produkt\/serene-hangelampe-ellipse-weis\/#primaryimage\"},\"image\":{\"@id\":\"https:\/\/hubsch-interior.com\/de\/produkt\/serene-hangelampe-ellipse-weis\/#primaryimage\"},\"thumbnailUrl\":\"https:\/\/hubsch-interior.com\/wp-content\/uploads\/2026\/02\/serene-pendant-ellipse-white-7232f99aec3660b3eacfcfb15283e2cf.jpg\",\"datePublished\":\"2024-12-03T13:27:14+00:00\",\"dateModified\":\"2026-04-05T03:08:46+00:00\",\"description\":\"Wir pr\u00e4sentieren die neueste Erg\u00e4nzung unserer renommierten Kollektion, die Serene H\u00e4ngelampe. Diese neue Variante, ein zeitloser Klassiker und Ikone,\",\"breadcrumb\":{\"@id\":\"https:\/\/hubsch-interior.com\/de\/produkt\/serene-hangelampe-ellipse-weis\/#breadcrumb\"},\"inLanguage\":\"de\",\"potentialAction\":[{\"@type\":\"ReadAction\",\"target\":[\"https:\/\/hubsch-interior.com\/de\/produkt\/serene-hangelampe-ellipse-weis\/\"]}]},{\"@type\":\"ImageObject\",\"inLanguage\":\"de\",\"@id\":\"https:\/\/hubsch-interior.com\/de\/produkt\/serene-hangelampe-ellipse-weis\/#primaryimage\",\"url\":\"https:\/\/hubsch-interior.com\/wp-content\/uploads\/2026\/02\/serene-pendant-ellipse-white-7232f99aec3660b3eacfcfb15283e2cf.jpg\",\"contentUrl\":\"https:\/\/hubsch-interior.com\/wp-content\/uploads\/2026\/02\/serene-pendant-ellipse-white-7232f99aec3660b3eacfcfb15283e2cf.jpg\",\"width\":1024,\"height\":1024},{\"@type\":\"BreadcrumbList\",\"@id\":\"https:\/\/hubsch-interior.com\/de\/produkt\/serene-hangelampe-ellipse-weis\/#breadcrumb\",\"itemListElement\":[{\"@type\":\"ListItem\",\"position\":1,\"name\":\"Startseite\",\"item\":\"https:\/\/hubsch-interior.com\/de\/\"},{\"@type\":\"ListItem\",\"position\":2,\"name\":\"Produkte\",\"item\":\"https:\/\/hubsch-interior.com\/de\/shop-2\/\"},{\"@type\":\"ListItem\",\"position\":3,\"name\":\"Beleuchtung\",\"item\":\"https:\/\/hubsch-interior.com\/de\/produkt-kategorie\/beleuchtung\/\"},{\"@type\":\"ListItem\",\"position\":4,\"name\":\"H&auml;ngelampen\",\"item\":\"https:\/\/hubsch-interior.com\/de\/produkt-kategorie\/beleuchtung\/haengelampen-de\/\"},{\"@type\":\"ListItem\",\"position\":5,\"name\":\"Serene H\u00e4ngelampe Ellipse Wei\u00df\"}]},{\"@type\":\"WebSite\",\"@id\":\"https:\/\/hubsch-interior.com\/de\/#website\",\"url\":\"https:\/\/hubsch-interior.com\/de\/\",\"name\":\"H\u00fcbsch\",\"description\":\"Danish Home Interior and Design\",\"publisher\":{\"@id\":\"https:\/\/hubsch-interior.com\/de\/#organization\"},\"potentialAction\":[{\"@type\":\"SearchAction\",\"target\":{\"@type\":\"EntryPoint\",\"urlTemplate\":\"https:\/\/hubsch-interior.com\/de\/?s={search_term_string}\"},\"query-input\":{\"@type\":\"PropertyValueSpecification\",\"valueRequired\":true,\"valueName\":\"search_term_string\"}}],\"inLanguage\":\"de\"},{\"@type\":\"Organization\",\"@id\":\"https:\/\/hubsch-interior.com\/de\/#organization\",\"name\":\"H\u00fcbsch\",\"url\":\"https:\/\/hubsch-interior.com\/de\/\",\"logo\":{\"@type\":\"ImageObject\",\"inLanguage\":\"de\",\"@id\":\"https:\/\/hubsch-interior.com\/de\/#\/schema\/logo\/image\/\",\"url\":\"https:\/\/hubsch-interior.com\/wp-content\/uploads\/2022\/12\/Hubsch_logo_black_one_line.svg\",\"contentUrl\":\"https:\/\/hubsch-interior.com\/wp-content\/uploads\/2022\/12\/Hubsch_logo_black_one_line.svg\",\"caption\":\"H\u00fcbsch\"},\"image\":{\"@id\":\"https:\/\/hubsch-interior.com\/de\/#\/schema\/logo\/image\/\"}}]}<\/script>\n<!-- \/ Yoast SEO plugin. -->","yoast_head_json":{"title":"Serene H\u00e4ngelampe Ellipse Wei\u00df - H\u00fcbsch","description":"Wir pr\u00e4sentieren die neueste Erg\u00e4nzung unserer renommierten Kollektion, die Serene H\u00e4ngelampe. Diese neue Variante, ein zeitloser Klassiker und Ikone,","robots":{"index":"index","follow":"follow","max-snippet":"max-snippet:-1","max-image-preview":"max-image-preview:large","max-video-preview":"max-video-preview:-1"},"canonical":"https:\/\/hubsch-interior.com\/de\/wp-json\/wp\/v2\/product\/1003502","og_locale":"de_DE","og_type":"article","og_title":"Serene H\u00e4ngelampe Ellipse Wei\u00df - H\u00fcbsch","og_description":"Wir pr\u00e4sentieren die neueste Erg\u00e4nzung unserer renommierten Kollektion, die Serene H\u00e4ngelampe. Diese neue Variante, ein zeitloser Klassiker und Ikone,","og_url":"https:\/\/hubsch-interior.com\/de\/produkt\/serene-hangelampe-ellipse-weis\/","og_site_name":"H\u00fcbsch","article_modified_time":"2026-04-05T03:08:46+00:00","og_image":[{"width":1200,"height":1200,"url":"https:\/\/hubsch-interior.com\/wp-content\/uploads\/2025\/04\/serene-pendant-ellipse-white-e766cf053d427de9705bbb5d74bd0e8e.jpg","type":"image\/jpeg"}],"twitter_card":"summary_large_image","schema":{"@context":"https:\/\/schema.org","@graph":[{"@type":"WebPage","@id":"https:\/\/hubsch-interior.com\/de\/produkt\/serene-hangelampe-ellipse-weis\/","url":"https:\/\/hubsch-interior.com\/de\/produkt\/serene-hangelampe-ellipse-weis\/","name":"Serene H\u00e4ngelampe Ellipse Wei\u00df - H\u00fcbsch","isPartOf":{"@id":"https:\/\/hubsch-interior.com\/de\/#website"},"primaryImageOfPage":{"@id":"https:\/\/hubsch-interior.com\/de\/produkt\/serene-hangelampe-ellipse-weis\/#primaryimage"},"image":{"@id":"https:\/\/hubsch-interior.com\/de\/produkt\/serene-hangelampe-ellipse-weis\/#primaryimage"},"thumbnailUrl":"https:\/\/hubsch-interior.com\/wp-content\/uploads\/2026\/02\/serene-pendant-ellipse-white-7232f99aec3660b3eacfcfb15283e2cf.jpg","datePublished":"2024-12-03T13:27:14+00:00","dateModified":"2026-04-05T03:08:46+00:00","description":"Wir pr\u00e4sentieren die neueste Erg\u00e4nzung unserer renommierten Kollektion, die Serene H\u00e4ngelampe. Diese neue Variante, ein zeitloser Klassiker und Ikone,","breadcrumb":{"@id":"https:\/\/hubsch-interior.com\/de\/produkt\/serene-hangelampe-ellipse-weis\/#breadcrumb"},"inLanguage":"de","potentialAction":[{"@type":"ReadAction","target":["https:\/\/hubsch-interior.com\/de\/produkt\/serene-hangelampe-ellipse-weis\/"]}]},{"@type":"ImageObject","inLanguage":"de","@id":"https:\/\/hubsch-interior.com\/de\/produkt\/serene-hangelampe-ellipse-weis\/#primaryimage","url":"https:\/\/hubsch-interior.com\/wp-content\/uploads\/2026\/02\/serene-pendant-ellipse-white-7232f99aec3660b3eacfcfb15283e2cf.jpg","contentUrl":"https:\/\/hubsch-interior.com\/wp-content\/uploads\/2026\/02\/serene-pendant-ellipse-white-7232f99aec3660b3eacfcfb15283e2cf.jpg","width":1024,"height":1024},{"@type":"BreadcrumbList","@id":"https:\/\/hubsch-interior.com\/de\/produkt\/serene-hangelampe-ellipse-weis\/#breadcrumb","itemListElement":[{"@type":"ListItem","position":1,"name":"Startseite","item":"https:\/\/hubsch-interior.com\/de\/"},{"@type":"ListItem","position":2,"name":"Produkte","item":"https:\/\/hubsch-interior.com\/de\/shop-2\/"},{"@type":"ListItem","position":3,"name":"Beleuchtung","item":"https:\/\/hubsch-interior.com\/de\/produkt-kategorie\/beleuchtung\/"},{"@type":"ListItem","position":4,"name":"H&auml;ngelampen","item":"https:\/\/hubsch-interior.com\/de\/produkt-kategorie\/beleuchtung\/haengelampen-de\/"},{"@type":"ListItem","position":5,"name":"Serene H\u00e4ngelampe Ellipse Wei\u00df"}]},{"@type":"WebSite","@id":"https:\/\/hubsch-interior.com\/de\/#website","url":"https:\/\/hubsch-interior.com\/de\/","name":"H\u00fcbsch","description":"Danish Home Interior and Design","publisher":{"@id":"https:\/\/hubsch-interior.com\/de\/#organization"},"potentialAction":[{"@type":"SearchAction","target":{"@type":"EntryPoint","urlTemplate":"https:\/\/hubsch-interior.com\/de\/?s={search_term_string}"},"query-input":{"@type":"PropertyValueSpecification","valueRequired":true,"valueName":"search_term_string"}}],"inLanguage":"de"},{"@type":"Organization","@id":"https:\/\/hubsch-interior.com\/de\/#organization","name":"H\u00fcbsch","url":"https:\/\/hubsch-interior.com\/de\/","logo":{"@type":"ImageObject","inLanguage":"de","@id":"https:\/\/hubsch-interior.com\/de\/#\/schema\/logo\/image\/","url":"https:\/\/hubsch-interior.com\/wp-content\/uploads\/2022\/12\/Hubsch_logo_black_one_line.svg","contentUrl":"https:\/\/hubsch-interior.com\/wp-content\/uploads\/2022\/12\/Hubsch_logo_black_one_line.svg","caption":"H\u00fcbsch"},"image":{"@id":"https:\/\/hubsch-interior.com\/de\/#\/schema\/logo\/image\/"}}]}},"_links":{"self":[{"href":"https:\/\/hubsch-interior.com\/de\/wp-json\/wp\/v2\/product\/1003502","targetHints":{"allow":["GET"]}}],"collection":[{"href":"https:\/\/hubsch-interior.com\/de\/wp-json\/wp\/v2\/product"}],"about":[{"href":"https:\/\/hubsch-interior.com\/de\/wp-json\/wp\/v2\/types\/product"}],"wp:featuredmedia":[{"embeddable":true,"href":"https:\/\/hubsch-interior.com\/de\/wp-json\/wp\/v2\/media\/1107416"}],"wp:attachment":[{"href":"https:\/\/hubsch-interior.com\/de\/wp-json\/wp\/v2\/media?parent=1003502"}],"wp:term":[{"taxonomy":"product_brand","embeddable":true,"href":"https:\/\/hubsch-interior.com\/de\/wp-json\/wp\/v2\/product_brand?post=1003502"},{"taxonomy":"product_cat","embeddable":true,"href":"https:\/\/hubsch-interior.com\/de\/wp-json\/wp\/v2\/product_cat?post=1003502"},{"taxonomy":"product_tag","embeddable":true,"href":"https:\/\/hubsch-interior.com\/de\/wp-json\/wp\/v2\/product_tag?post=1003502"}],"curies":[{"name":"wp","href":"https:\/\/api.w.org\/{rel}","templated":true}]}}