{"id":1003526,"date":"2024-12-03T14:27:49","date_gmt":"2024-12-03T13:27:49","guid":{"rendered":"https:\/\/hubsch-interior.com\/product\/product\/"},"modified":"2026-04-14T05:07:07","modified_gmt":"2026-04-14T03:07:07","slug":"orbit-tischlampe-metallic-silver","status":"publish","type":"product","link":"https:\/\/hubsch-interior.com\/de\/produkt\/orbit-tischlampe-metallic-silver\/","title":{"rendered":"Orbit Tischlampe Metallic silver"},"content":{"rendered":"<p>Wir pr\u00e4sentieren die Orbit Tischlampe, jetzt erh\u00e4ltlich in einer faszinierenden neuen Farbvariante: metallisches Silber. Dieses Modell kombiniert einen Opalschirm mit einem metallisch silbernen Fu\u00df und strahlt eine zeitlose Eleganz aus, die jeden Raum bereichert. Aus feinstem Glas und Metall gefertigt, wirft ihre elegante Form ein warmes, einladendes Licht, ideal, um eine beruhigende Atmosph\u00e4re in Ihrem pers\u00f6nlichen Bereich zu schaffen. Perfekt f\u00fcr Leseecken oder als Nachtischlampe, ist die Orbit Tischlampe ein Zeugnis f\u00fcr erlesenen Geschmack und anspruchsvolles Design.<br \/>\nF\u00fcr diese Lampe verwenden Sie bitte eine dimmbare LED-Gl\u00fchbirne.<\/p>\n","protected":false},"excerpt":{"rendered":"<p>Wir pr\u00e4sentieren die Orbit Tischlampe, jetzt erh\u00e4ltlich in einer faszinierenden neuen Farbvariante: metallisches Silber. Dieses Modell kombiniert einen Opalschirm mit einem metallisch silbernen Fu\u00df und strahlt eine zeitlose Eleganz aus, die jeden Raum bereichert. Aus feinstem Glas und Metall gefertigt, wirft ihre elegante Form ein warmes, einladendes Licht, ideal, um eine beruhigende Atmosph\u00e4re in Ihrem [&hellip;]<\/p>\n","protected":false},"featured_media":1107648,"template":"","meta":{"_acf_changed":false,"inline_featured_image":false},"product_brand":[],"product_cat":[6998,3809,3501],"product_tag":[],"class_list":{"0":"post-1003526","1":"product","2":"type-product","3":"status-publish","4":"has-post-thumbnail","6":"product_cat-the-buzz-de","7":"product_cat-beleuchtung","8":"product_cat-tischlampen-de","9":"product_shipping_class-pk","11":"pa_material-eisen-de","12":"pa_material-glas-de","14":"first","15":"instock","16":"taxable","17":"shipping-taxable","18":"purchasable","19":"product-type-simple"},"exclude_global_add_ons":[],"addons":[],"acf":[],"yoast_head":"<!-- This site is optimized with the Yoast SEO plugin v26.4 - https:\/\/yoast.com\/wordpress\/plugins\/seo\/ -->\n<title>Orbit Tischlampe Metallic silver - H\u00fcbsch<\/title>\n<meta name=\"description\" content=\"Wir pr\u00e4sentieren die Orbit Tischlampe, jetzt erh\u00e4ltlich in einer faszinierenden neuen Farbvariante: metallisches Silber. Dieses Modell kombiniert einen\" \/>\n<meta name=\"robots\" content=\"index, follow, max-snippet:-1, max-image-preview:large, max-video-preview:-1\" \/>\n<link rel=\"canonical\" href=\"https:\/\/hubsch-interior.com\/de\/wp-json\/wp\/v2\/product\/1003526\" \/>\n<meta property=\"og:locale\" content=\"de_DE\" \/>\n<meta property=\"og:type\" content=\"article\" \/>\n<meta property=\"og:title\" content=\"Orbit Tischlampe Metallic silver - H\u00fcbsch\" \/>\n<meta property=\"og:description\" content=\"Wir pr\u00e4sentieren die Orbit Tischlampe, jetzt erh\u00e4ltlich in einer faszinierenden neuen Farbvariante: metallisches Silber. Dieses Modell kombiniert einen\" \/>\n<meta property=\"og:url\" content=\"https:\/\/hubsch-interior.com\/de\/produkt\/orbit-tischlampe-metallic-silver\/\" \/>\n<meta property=\"og:site_name\" content=\"H\u00fcbsch\" \/>\n<meta property=\"article:modified_time\" content=\"2026-04-14T03:07:07+00:00\" \/>\n<meta property=\"og:image\" content=\"https:\/\/hubsch-interior.com\/wp-content\/uploads\/2026\/02\/orbit-table-lamp-metallic-silver-c985a1717ec1a79ec41867d397311262.jpg\" \/>\n\t<meta property=\"og:image:width\" content=\"1024\" \/>\n\t<meta property=\"og:image:height\" content=\"1024\" \/>\n\t<meta property=\"og:image:type\" content=\"image\/jpeg\" \/>\n<meta name=\"twitter:card\" content=\"summary_large_image\" \/>\n<script type=\"application\/ld+json\" class=\"yoast-schema-graph\">{\"@context\":\"https:\/\/schema.org\",\"@graph\":[{\"@type\":\"WebPage\",\"@id\":\"https:\/\/hubsch-interior.com\/de\/produkt\/orbit-tischlampe-metallic-silver\/\",\"url\":\"https:\/\/hubsch-interior.com\/de\/produkt\/orbit-tischlampe-metallic-silver\/\",\"name\":\"Orbit Tischlampe Metallic silver - H\u00fcbsch\",\"isPartOf\":{\"@id\":\"https:\/\/hubsch-interior.com\/de\/#website\"},\"primaryImageOfPage\":{\"@id\":\"https:\/\/hubsch-interior.com\/de\/produkt\/orbit-tischlampe-metallic-silver\/#primaryimage\"},\"image\":{\"@id\":\"https:\/\/hubsch-interior.com\/de\/produkt\/orbit-tischlampe-metallic-silver\/#primaryimage\"},\"thumbnailUrl\":\"https:\/\/hubsch-interior.com\/wp-content\/uploads\/2026\/02\/orbit-table-lamp-metallic-silver-c985a1717ec1a79ec41867d397311262.jpg\",\"datePublished\":\"2024-12-03T13:27:49+00:00\",\"dateModified\":\"2026-04-14T03:07:07+00:00\",\"description\":\"Wir pr\u00e4sentieren die Orbit Tischlampe, jetzt erh\u00e4ltlich in einer faszinierenden neuen Farbvariante: metallisches Silber. Dieses Modell kombiniert einen\",\"breadcrumb\":{\"@id\":\"https:\/\/hubsch-interior.com\/de\/produkt\/orbit-tischlampe-metallic-silver\/#breadcrumb\"},\"inLanguage\":\"de\",\"potentialAction\":[{\"@type\":\"ReadAction\",\"target\":[\"https:\/\/hubsch-interior.com\/de\/produkt\/orbit-tischlampe-metallic-silver\/\"]}]},{\"@type\":\"ImageObject\",\"inLanguage\":\"de\",\"@id\":\"https:\/\/hubsch-interior.com\/de\/produkt\/orbit-tischlampe-metallic-silver\/#primaryimage\",\"url\":\"https:\/\/hubsch-interior.com\/wp-content\/uploads\/2026\/02\/orbit-table-lamp-metallic-silver-c985a1717ec1a79ec41867d397311262.jpg\",\"contentUrl\":\"https:\/\/hubsch-interior.com\/wp-content\/uploads\/2026\/02\/orbit-table-lamp-metallic-silver-c985a1717ec1a79ec41867d397311262.jpg\",\"width\":1024,\"height\":1024},{\"@type\":\"BreadcrumbList\",\"@id\":\"https:\/\/hubsch-interior.com\/de\/produkt\/orbit-tischlampe-metallic-silver\/#breadcrumb\",\"itemListElement\":[{\"@type\":\"ListItem\",\"position\":1,\"name\":\"Startseite\",\"item\":\"https:\/\/hubsch-interior.com\/de\/\"},{\"@type\":\"ListItem\",\"position\":2,\"name\":\"Produkte\",\"item\":\"https:\/\/hubsch-interior.com\/de\/shop-2\/\"},{\"@type\":\"ListItem\",\"position\":3,\"name\":\"Beleuchtung\",\"item\":\"https:\/\/hubsch-interior.com\/de\/produkt-kategorie\/beleuchtung\/\"},{\"@type\":\"ListItem\",\"position\":4,\"name\":\"Tischlampen\",\"item\":\"https:\/\/hubsch-interior.com\/de\/produkt-kategorie\/beleuchtung\/tischlampen-de\/\"},{\"@type\":\"ListItem\",\"position\":5,\"name\":\"Orbit Tischlampe Metallic silver\"}]},{\"@type\":\"WebSite\",\"@id\":\"https:\/\/hubsch-interior.com\/de\/#website\",\"url\":\"https:\/\/hubsch-interior.com\/de\/\",\"name\":\"H\u00fcbsch\",\"description\":\"Danish Home Interior and Design\",\"publisher\":{\"@id\":\"https:\/\/hubsch-interior.com\/de\/#organization\"},\"potentialAction\":[{\"@type\":\"SearchAction\",\"target\":{\"@type\":\"EntryPoint\",\"urlTemplate\":\"https:\/\/hubsch-interior.com\/de\/?s={search_term_string}\"},\"query-input\":{\"@type\":\"PropertyValueSpecification\",\"valueRequired\":true,\"valueName\":\"search_term_string\"}}],\"inLanguage\":\"de\"},{\"@type\":\"Organization\",\"@id\":\"https:\/\/hubsch-interior.com\/de\/#organization\",\"name\":\"H\u00fcbsch\",\"url\":\"https:\/\/hubsch-interior.com\/de\/\",\"logo\":{\"@type\":\"ImageObject\",\"inLanguage\":\"de\",\"@id\":\"https:\/\/hubsch-interior.com\/de\/#\/schema\/logo\/image\/\",\"url\":\"https:\/\/hubsch-interior.com\/wp-content\/uploads\/2022\/12\/Hubsch_logo_black_one_line.svg\",\"contentUrl\":\"https:\/\/hubsch-interior.com\/wp-content\/uploads\/2022\/12\/Hubsch_logo_black_one_line.svg\",\"caption\":\"H\u00fcbsch\"},\"image\":{\"@id\":\"https:\/\/hubsch-interior.com\/de\/#\/schema\/logo\/image\/\"}}]}<\/script>\n<!-- \/ Yoast SEO plugin. -->","yoast_head_json":{"title":"Orbit Tischlampe Metallic silver - H\u00fcbsch","description":"Wir pr\u00e4sentieren die Orbit Tischlampe, jetzt erh\u00e4ltlich in einer faszinierenden neuen Farbvariante: metallisches Silber. Dieses Modell kombiniert einen","robots":{"index":"index","follow":"follow","max-snippet":"max-snippet:-1","max-image-preview":"max-image-preview:large","max-video-preview":"max-video-preview:-1"},"canonical":"https:\/\/hubsch-interior.com\/de\/wp-json\/wp\/v2\/product\/1003526","og_locale":"de_DE","og_type":"article","og_title":"Orbit Tischlampe Metallic silver - H\u00fcbsch","og_description":"Wir pr\u00e4sentieren die Orbit Tischlampe, jetzt erh\u00e4ltlich in einer faszinierenden neuen Farbvariante: metallisches Silber. Dieses Modell kombiniert einen","og_url":"https:\/\/hubsch-interior.com\/de\/produkt\/orbit-tischlampe-metallic-silver\/","og_site_name":"H\u00fcbsch","article_modified_time":"2026-04-14T03:07:07+00:00","og_image":[{"width":1024,"height":1024,"url":"https:\/\/hubsch-interior.com\/wp-content\/uploads\/2026\/02\/orbit-table-lamp-metallic-silver-c985a1717ec1a79ec41867d397311262.jpg","type":"image\/jpeg"}],"twitter_card":"summary_large_image","schema":{"@context":"https:\/\/schema.org","@graph":[{"@type":"WebPage","@id":"https:\/\/hubsch-interior.com\/de\/produkt\/orbit-tischlampe-metallic-silver\/","url":"https:\/\/hubsch-interior.com\/de\/produkt\/orbit-tischlampe-metallic-silver\/","name":"Orbit Tischlampe Metallic silver - H\u00fcbsch","isPartOf":{"@id":"https:\/\/hubsch-interior.com\/de\/#website"},"primaryImageOfPage":{"@id":"https:\/\/hubsch-interior.com\/de\/produkt\/orbit-tischlampe-metallic-silver\/#primaryimage"},"image":{"@id":"https:\/\/hubsch-interior.com\/de\/produkt\/orbit-tischlampe-metallic-silver\/#primaryimage"},"thumbnailUrl":"https:\/\/hubsch-interior.com\/wp-content\/uploads\/2026\/02\/orbit-table-lamp-metallic-silver-c985a1717ec1a79ec41867d397311262.jpg","datePublished":"2024-12-03T13:27:49+00:00","dateModified":"2026-04-14T03:07:07+00:00","description":"Wir pr\u00e4sentieren die Orbit Tischlampe, jetzt erh\u00e4ltlich in einer faszinierenden neuen Farbvariante: metallisches Silber. Dieses Modell kombiniert einen","breadcrumb":{"@id":"https:\/\/hubsch-interior.com\/de\/produkt\/orbit-tischlampe-metallic-silver\/#breadcrumb"},"inLanguage":"de","potentialAction":[{"@type":"ReadAction","target":["https:\/\/hubsch-interior.com\/de\/produkt\/orbit-tischlampe-metallic-silver\/"]}]},{"@type":"ImageObject","inLanguage":"de","@id":"https:\/\/hubsch-interior.com\/de\/produkt\/orbit-tischlampe-metallic-silver\/#primaryimage","url":"https:\/\/hubsch-interior.com\/wp-content\/uploads\/2026\/02\/orbit-table-lamp-metallic-silver-c985a1717ec1a79ec41867d397311262.jpg","contentUrl":"https:\/\/hubsch-interior.com\/wp-content\/uploads\/2026\/02\/orbit-table-lamp-metallic-silver-c985a1717ec1a79ec41867d397311262.jpg","width":1024,"height":1024},{"@type":"BreadcrumbList","@id":"https:\/\/hubsch-interior.com\/de\/produkt\/orbit-tischlampe-metallic-silver\/#breadcrumb","itemListElement":[{"@type":"ListItem","position":1,"name":"Startseite","item":"https:\/\/hubsch-interior.com\/de\/"},{"@type":"ListItem","position":2,"name":"Produkte","item":"https:\/\/hubsch-interior.com\/de\/shop-2\/"},{"@type":"ListItem","position":3,"name":"Beleuchtung","item":"https:\/\/hubsch-interior.com\/de\/produkt-kategorie\/beleuchtung\/"},{"@type":"ListItem","position":4,"name":"Tischlampen","item":"https:\/\/hubsch-interior.com\/de\/produkt-kategorie\/beleuchtung\/tischlampen-de\/"},{"@type":"ListItem","position":5,"name":"Orbit Tischlampe Metallic silver"}]},{"@type":"WebSite","@id":"https:\/\/hubsch-interior.com\/de\/#website","url":"https:\/\/hubsch-interior.com\/de\/","name":"H\u00fcbsch","description":"Danish Home Interior and Design","publisher":{"@id":"https:\/\/hubsch-interior.com\/de\/#organization"},"potentialAction":[{"@type":"SearchAction","target":{"@type":"EntryPoint","urlTemplate":"https:\/\/hubsch-interior.com\/de\/?s={search_term_string}"},"query-input":{"@type":"PropertyValueSpecification","valueRequired":true,"valueName":"search_term_string"}}],"inLanguage":"de"},{"@type":"Organization","@id":"https:\/\/hubsch-interior.com\/de\/#organization","name":"H\u00fcbsch","url":"https:\/\/hubsch-interior.com\/de\/","logo":{"@type":"ImageObject","inLanguage":"de","@id":"https:\/\/hubsch-interior.com\/de\/#\/schema\/logo\/image\/","url":"https:\/\/hubsch-interior.com\/wp-content\/uploads\/2022\/12\/Hubsch_logo_black_one_line.svg","contentUrl":"https:\/\/hubsch-interior.com\/wp-content\/uploads\/2022\/12\/Hubsch_logo_black_one_line.svg","caption":"H\u00fcbsch"},"image":{"@id":"https:\/\/hubsch-interior.com\/de\/#\/schema\/logo\/image\/"}}]}},"_links":{"self":[{"href":"https:\/\/hubsch-interior.com\/de\/wp-json\/wp\/v2\/product\/1003526","targetHints":{"allow":["GET"]}}],"collection":[{"href":"https:\/\/hubsch-interior.com\/de\/wp-json\/wp\/v2\/product"}],"about":[{"href":"https:\/\/hubsch-interior.com\/de\/wp-json\/wp\/v2\/types\/product"}],"wp:featuredmedia":[{"embeddable":true,"href":"https:\/\/hubsch-interior.com\/de\/wp-json\/wp\/v2\/media\/1107648"}],"wp:attachment":[{"href":"https:\/\/hubsch-interior.com\/de\/wp-json\/wp\/v2\/media?parent=1003526"}],"wp:term":[{"taxonomy":"product_brand","embeddable":true,"href":"https:\/\/hubsch-interior.com\/de\/wp-json\/wp\/v2\/product_brand?post=1003526"},{"taxonomy":"product_cat","embeddable":true,"href":"https:\/\/hubsch-interior.com\/de\/wp-json\/wp\/v2\/product_cat?post=1003526"},{"taxonomy":"product_tag","embeddable":true,"href":"https:\/\/hubsch-interior.com\/de\/wp-json\/wp\/v2\/product_tag?post=1003526"}],"curies":[{"name":"wp","href":"https:\/\/api.w.org\/{rel}","templated":true}]}}