{"id":1004642,"date":"2024-12-16T16:29:35","date_gmt":"2024-12-16T15:29:35","guid":{"rendered":"https:\/\/hubsch-interior.com\/product\/product\/"},"modified":"2026-04-09T04:33:40","modified_gmt":"2026-04-09T02:33:40","slug":"koi-esszimmerstuhl-blau-braun-schwarz-2","status":"publish","type":"product","link":"https:\/\/hubsch-interior.com\/de\/produkt\/koi-esszimmerstuhl-blau-braun-schwarz-2\/","title":{"rendered":"Koi Esszimmerstuhl Blau\/Braun\/Schwarz"},"content":{"rendered":"<p>Erh\u00f6hen Sie Ihr Esserlebnis mit dem Koi Esszimmerstuhl. Hergestellt aus FSC-zertifiziertem Holz, besticht dieser Stuhl durch eine einzigartige Kombination aus Eschenfurnier, Metall und Sperrholz f\u00fcr ein modernes und nachhaltiges Design. Erh\u00e4ltlich in Blau, Braun und Schwarz verleiht jede Variante Ihrem Essbereich einen Hauch von Farbe. Die Mischung der Farben sorgt nicht nur f\u00fcr eine verspielte Note, sondern erm\u00f6glicht auch einen einfachen und vielseitigen Stil. F\u00fcgen Sie eine Note von Eleganz zu Ihrem Esszimmer hinzu mit dem Koi Esszimmerstuhl, die perfekte Kombination aus gehobener Ess-\u00c4sthetik und modernem Design.<\/p>\n","protected":false},"excerpt":{"rendered":"<p>Erh\u00f6hen Sie Ihr Esserlebnis mit dem Koi Esszimmerstuhl. Hergestellt aus FSC-zertifiziertem Holz, besticht dieser Stuhl durch eine einzigartige Kombination aus Eschenfurnier, Metall und Sperrholz f\u00fcr ein modernes und nachhaltiges Design. Erh\u00e4ltlich in Blau, Braun und Schwarz verleiht jede Variante Ihrem Essbereich einen Hauch von Farbe. Die Mischung der Farben sorgt nicht nur f\u00fcr eine verspielte [&hellip;]<\/p>\n","protected":false},"featured_media":1097807,"template":"","meta":{"_acf_changed":false,"inline_featured_image":false},"product_brand":[],"product_cat":[6323,2845,3042,2846],"product_tag":[],"class_list":{"0":"post-1004642","1":"product","2":"type-product","3":"status-publish","4":"has-post-thumbnail","6":"product_cat-fsc-de","7":"product_cat-sitzmoebel-de","8":"product_cat-hocker-de","9":"product_cat-esszimmerstuehle-de","10":"product_shipping_class-pk","12":"pa_color-braun","13":"pa_color-schwarz","14":"pa_color-blau-2","15":"pa_material-eisen-de","16":"pa_material-eschefurnier","17":"pa_material-sperrholz","19":"first","20":"instock","21":"taxable","22":"shipping-taxable","23":"purchasable","24":"product-type-simple"},"exclude_global_add_ons":[],"addons":[],"acf":[],"yoast_head":"<!-- This site is optimized with the Yoast SEO plugin v26.4 - https:\/\/yoast.com\/wordpress\/plugins\/seo\/ -->\n<title>Koi Esszimmerstuhl Blau\/Braun\/Schwarz - H\u00fcbsch<\/title>\n<meta name=\"description\" content=\"Erh\u00f6hen Sie Ihr Esserlebnis mit dem Koi Esszimmerstuhl. Hergestellt aus FSC-zertifiziertem Holz, besticht dieser Stuhl durch eine einzigartige Kombination\" \/>\n<meta name=\"robots\" content=\"index, follow, max-snippet:-1, max-image-preview:large, max-video-preview:-1\" \/>\n<link rel=\"canonical\" href=\"https:\/\/hubsch-interior.com\/de\/wp-json\/wp\/v2\/product\/1004642\" \/>\n<meta property=\"og:locale\" content=\"de_DE\" \/>\n<meta property=\"og:type\" content=\"article\" \/>\n<meta property=\"og:title\" content=\"Koi Esszimmerstuhl Blau\/Braun\/Schwarz - H\u00fcbsch\" \/>\n<meta property=\"og:description\" content=\"Erh\u00f6hen Sie Ihr Esserlebnis mit dem Koi Esszimmerstuhl. Hergestellt aus FSC-zertifiziertem Holz, besticht dieser Stuhl durch eine einzigartige Kombination\" \/>\n<meta property=\"og:url\" content=\"https:\/\/hubsch-interior.com\/de\/produkt\/koi-esszimmerstuhl-blau-braun-schwarz-2\/\" \/>\n<meta property=\"og:site_name\" content=\"H\u00fcbsch\" \/>\n<meta property=\"article:modified_time\" content=\"2026-04-09T02:33:40+00:00\" \/>\n<meta property=\"og:image\" content=\"https:\/\/hubsch-interior.com\/wp-content\/uploads\/2026\/02\/koi-dining-chair-bluebrownblack-848ef2faef7fa0b150638fe7e5e163df.jpg\" \/>\n\t<meta property=\"og:image:width\" content=\"1024\" \/>\n\t<meta property=\"og:image:height\" content=\"1024\" \/>\n\t<meta property=\"og:image:type\" content=\"image\/jpeg\" \/>\n<meta name=\"twitter:card\" content=\"summary_large_image\" \/>\n<script type=\"application\/ld+json\" class=\"yoast-schema-graph\">{\"@context\":\"https:\/\/schema.org\",\"@graph\":[{\"@type\":\"WebPage\",\"@id\":\"https:\/\/hubsch-interior.com\/de\/produkt\/koi-esszimmerstuhl-blau-braun-schwarz-2\/\",\"url\":\"https:\/\/hubsch-interior.com\/de\/produkt\/koi-esszimmerstuhl-blau-braun-schwarz-2\/\",\"name\":\"Koi Esszimmerstuhl Blau\/Braun\/Schwarz - H\u00fcbsch\",\"isPartOf\":{\"@id\":\"https:\/\/hubsch-interior.com\/de\/#website\"},\"primaryImageOfPage\":{\"@id\":\"https:\/\/hubsch-interior.com\/de\/produkt\/koi-esszimmerstuhl-blau-braun-schwarz-2\/#primaryimage\"},\"image\":{\"@id\":\"https:\/\/hubsch-interior.com\/de\/produkt\/koi-esszimmerstuhl-blau-braun-schwarz-2\/#primaryimage\"},\"thumbnailUrl\":\"https:\/\/hubsch-interior.com\/wp-content\/uploads\/2026\/02\/koi-dining-chair-bluebrownblack-848ef2faef7fa0b150638fe7e5e163df.jpg\",\"datePublished\":\"2024-12-16T15:29:35+00:00\",\"dateModified\":\"2026-04-09T02:33:40+00:00\",\"description\":\"Erh\u00f6hen Sie Ihr Esserlebnis mit dem Koi Esszimmerstuhl. Hergestellt aus FSC-zertifiziertem Holz, besticht dieser Stuhl durch eine einzigartige Kombination\",\"breadcrumb\":{\"@id\":\"https:\/\/hubsch-interior.com\/de\/produkt\/koi-esszimmerstuhl-blau-braun-schwarz-2\/#breadcrumb\"},\"inLanguage\":\"de\",\"potentialAction\":[{\"@type\":\"ReadAction\",\"target\":[\"https:\/\/hubsch-interior.com\/de\/produkt\/koi-esszimmerstuhl-blau-braun-schwarz-2\/\"]}]},{\"@type\":\"ImageObject\",\"inLanguage\":\"de\",\"@id\":\"https:\/\/hubsch-interior.com\/de\/produkt\/koi-esszimmerstuhl-blau-braun-schwarz-2\/#primaryimage\",\"url\":\"https:\/\/hubsch-interior.com\/wp-content\/uploads\/2026\/02\/koi-dining-chair-bluebrownblack-848ef2faef7fa0b150638fe7e5e163df.jpg\",\"contentUrl\":\"https:\/\/hubsch-interior.com\/wp-content\/uploads\/2026\/02\/koi-dining-chair-bluebrownblack-848ef2faef7fa0b150638fe7e5e163df.jpg\",\"width\":1024,\"height\":1024},{\"@type\":\"BreadcrumbList\",\"@id\":\"https:\/\/hubsch-interior.com\/de\/produkt\/koi-esszimmerstuhl-blau-braun-schwarz-2\/#breadcrumb\",\"itemListElement\":[{\"@type\":\"ListItem\",\"position\":1,\"name\":\"Startseite\",\"item\":\"https:\/\/hubsch-interior.com\/de\/\"},{\"@type\":\"ListItem\",\"position\":2,\"name\":\"Produkte\",\"item\":\"https:\/\/hubsch-interior.com\/de\/shop-2\/\"},{\"@type\":\"ListItem\",\"position\":3,\"name\":\"M\u00f6bel\",\"item\":\"https:\/\/hubsch-interior.com\/de\/produkt-kategorie\/moebel\/\"},{\"@type\":\"ListItem\",\"position\":4,\"name\":\"Sitzm&ouml;bel\",\"item\":\"https:\/\/hubsch-interior.com\/de\/produkt-kategorie\/moebel\/sitzmoebel-de\/\"},{\"@type\":\"ListItem\",\"position\":5,\"name\":\"Hocker\",\"item\":\"https:\/\/hubsch-interior.com\/de\/produkt-kategorie\/moebel\/sitzmoebel-de\/hocker-de\/\"},{\"@type\":\"ListItem\",\"position\":6,\"name\":\"Koi Esszimmerstuhl Blau\/Braun\/Schwarz\"}]},{\"@type\":\"WebSite\",\"@id\":\"https:\/\/hubsch-interior.com\/de\/#website\",\"url\":\"https:\/\/hubsch-interior.com\/de\/\",\"name\":\"H\u00fcbsch\",\"description\":\"Danish Home Interior and Design\",\"publisher\":{\"@id\":\"https:\/\/hubsch-interior.com\/de\/#organization\"},\"potentialAction\":[{\"@type\":\"SearchAction\",\"target\":{\"@type\":\"EntryPoint\",\"urlTemplate\":\"https:\/\/hubsch-interior.com\/de\/?s={search_term_string}\"},\"query-input\":{\"@type\":\"PropertyValueSpecification\",\"valueRequired\":true,\"valueName\":\"search_term_string\"}}],\"inLanguage\":\"de\"},{\"@type\":\"Organization\",\"@id\":\"https:\/\/hubsch-interior.com\/de\/#organization\",\"name\":\"H\u00fcbsch\",\"url\":\"https:\/\/hubsch-interior.com\/de\/\",\"logo\":{\"@type\":\"ImageObject\",\"inLanguage\":\"de\",\"@id\":\"https:\/\/hubsch-interior.com\/de\/#\/schema\/logo\/image\/\",\"url\":\"https:\/\/hubsch-interior.com\/wp-content\/uploads\/2022\/12\/Hubsch_logo_black_one_line.svg\",\"contentUrl\":\"https:\/\/hubsch-interior.com\/wp-content\/uploads\/2022\/12\/Hubsch_logo_black_one_line.svg\",\"caption\":\"H\u00fcbsch\"},\"image\":{\"@id\":\"https:\/\/hubsch-interior.com\/de\/#\/schema\/logo\/image\/\"}}]}<\/script>\n<!-- \/ Yoast SEO plugin. -->","yoast_head_json":{"title":"Koi Esszimmerstuhl Blau\/Braun\/Schwarz - H\u00fcbsch","description":"Erh\u00f6hen Sie Ihr Esserlebnis mit dem Koi Esszimmerstuhl. Hergestellt aus FSC-zertifiziertem Holz, besticht dieser Stuhl durch eine einzigartige Kombination","robots":{"index":"index","follow":"follow","max-snippet":"max-snippet:-1","max-image-preview":"max-image-preview:large","max-video-preview":"max-video-preview:-1"},"canonical":"https:\/\/hubsch-interior.com\/de\/wp-json\/wp\/v2\/product\/1004642","og_locale":"de_DE","og_type":"article","og_title":"Koi Esszimmerstuhl Blau\/Braun\/Schwarz - H\u00fcbsch","og_description":"Erh\u00f6hen Sie Ihr Esserlebnis mit dem Koi Esszimmerstuhl. Hergestellt aus FSC-zertifiziertem Holz, besticht dieser Stuhl durch eine einzigartige Kombination","og_url":"https:\/\/hubsch-interior.com\/de\/produkt\/koi-esszimmerstuhl-blau-braun-schwarz-2\/","og_site_name":"H\u00fcbsch","article_modified_time":"2026-04-09T02:33:40+00:00","og_image":[{"width":1024,"height":1024,"url":"https:\/\/hubsch-interior.com\/wp-content\/uploads\/2026\/02\/koi-dining-chair-bluebrownblack-848ef2faef7fa0b150638fe7e5e163df.jpg","type":"image\/jpeg"}],"twitter_card":"summary_large_image","schema":{"@context":"https:\/\/schema.org","@graph":[{"@type":"WebPage","@id":"https:\/\/hubsch-interior.com\/de\/produkt\/koi-esszimmerstuhl-blau-braun-schwarz-2\/","url":"https:\/\/hubsch-interior.com\/de\/produkt\/koi-esszimmerstuhl-blau-braun-schwarz-2\/","name":"Koi Esszimmerstuhl Blau\/Braun\/Schwarz - H\u00fcbsch","isPartOf":{"@id":"https:\/\/hubsch-interior.com\/de\/#website"},"primaryImageOfPage":{"@id":"https:\/\/hubsch-interior.com\/de\/produkt\/koi-esszimmerstuhl-blau-braun-schwarz-2\/#primaryimage"},"image":{"@id":"https:\/\/hubsch-interior.com\/de\/produkt\/koi-esszimmerstuhl-blau-braun-schwarz-2\/#primaryimage"},"thumbnailUrl":"https:\/\/hubsch-interior.com\/wp-content\/uploads\/2026\/02\/koi-dining-chair-bluebrownblack-848ef2faef7fa0b150638fe7e5e163df.jpg","datePublished":"2024-12-16T15:29:35+00:00","dateModified":"2026-04-09T02:33:40+00:00","description":"Erh\u00f6hen Sie Ihr Esserlebnis mit dem Koi Esszimmerstuhl. Hergestellt aus FSC-zertifiziertem Holz, besticht dieser Stuhl durch eine einzigartige Kombination","breadcrumb":{"@id":"https:\/\/hubsch-interior.com\/de\/produkt\/koi-esszimmerstuhl-blau-braun-schwarz-2\/#breadcrumb"},"inLanguage":"de","potentialAction":[{"@type":"ReadAction","target":["https:\/\/hubsch-interior.com\/de\/produkt\/koi-esszimmerstuhl-blau-braun-schwarz-2\/"]}]},{"@type":"ImageObject","inLanguage":"de","@id":"https:\/\/hubsch-interior.com\/de\/produkt\/koi-esszimmerstuhl-blau-braun-schwarz-2\/#primaryimage","url":"https:\/\/hubsch-interior.com\/wp-content\/uploads\/2026\/02\/koi-dining-chair-bluebrownblack-848ef2faef7fa0b150638fe7e5e163df.jpg","contentUrl":"https:\/\/hubsch-interior.com\/wp-content\/uploads\/2026\/02\/koi-dining-chair-bluebrownblack-848ef2faef7fa0b150638fe7e5e163df.jpg","width":1024,"height":1024},{"@type":"BreadcrumbList","@id":"https:\/\/hubsch-interior.com\/de\/produkt\/koi-esszimmerstuhl-blau-braun-schwarz-2\/#breadcrumb","itemListElement":[{"@type":"ListItem","position":1,"name":"Startseite","item":"https:\/\/hubsch-interior.com\/de\/"},{"@type":"ListItem","position":2,"name":"Produkte","item":"https:\/\/hubsch-interior.com\/de\/shop-2\/"},{"@type":"ListItem","position":3,"name":"M\u00f6bel","item":"https:\/\/hubsch-interior.com\/de\/produkt-kategorie\/moebel\/"},{"@type":"ListItem","position":4,"name":"Sitzm&ouml;bel","item":"https:\/\/hubsch-interior.com\/de\/produkt-kategorie\/moebel\/sitzmoebel-de\/"},{"@type":"ListItem","position":5,"name":"Hocker","item":"https:\/\/hubsch-interior.com\/de\/produkt-kategorie\/moebel\/sitzmoebel-de\/hocker-de\/"},{"@type":"ListItem","position":6,"name":"Koi Esszimmerstuhl Blau\/Braun\/Schwarz"}]},{"@type":"WebSite","@id":"https:\/\/hubsch-interior.com\/de\/#website","url":"https:\/\/hubsch-interior.com\/de\/","name":"H\u00fcbsch","description":"Danish Home Interior and Design","publisher":{"@id":"https:\/\/hubsch-interior.com\/de\/#organization"},"potentialAction":[{"@type":"SearchAction","target":{"@type":"EntryPoint","urlTemplate":"https:\/\/hubsch-interior.com\/de\/?s={search_term_string}"},"query-input":{"@type":"PropertyValueSpecification","valueRequired":true,"valueName":"search_term_string"}}],"inLanguage":"de"},{"@type":"Organization","@id":"https:\/\/hubsch-interior.com\/de\/#organization","name":"H\u00fcbsch","url":"https:\/\/hubsch-interior.com\/de\/","logo":{"@type":"ImageObject","inLanguage":"de","@id":"https:\/\/hubsch-interior.com\/de\/#\/schema\/logo\/image\/","url":"https:\/\/hubsch-interior.com\/wp-content\/uploads\/2022\/12\/Hubsch_logo_black_one_line.svg","contentUrl":"https:\/\/hubsch-interior.com\/wp-content\/uploads\/2022\/12\/Hubsch_logo_black_one_line.svg","caption":"H\u00fcbsch"},"image":{"@id":"https:\/\/hubsch-interior.com\/de\/#\/schema\/logo\/image\/"}}]}},"_links":{"self":[{"href":"https:\/\/hubsch-interior.com\/de\/wp-json\/wp\/v2\/product\/1004642","targetHints":{"allow":["GET"]}}],"collection":[{"href":"https:\/\/hubsch-interior.com\/de\/wp-json\/wp\/v2\/product"}],"about":[{"href":"https:\/\/hubsch-interior.com\/de\/wp-json\/wp\/v2\/types\/product"}],"wp:featuredmedia":[{"embeddable":true,"href":"https:\/\/hubsch-interior.com\/de\/wp-json\/wp\/v2\/media\/1097807"}],"wp:attachment":[{"href":"https:\/\/hubsch-interior.com\/de\/wp-json\/wp\/v2\/media?parent=1004642"}],"wp:term":[{"taxonomy":"product_brand","embeddable":true,"href":"https:\/\/hubsch-interior.com\/de\/wp-json\/wp\/v2\/product_brand?post=1004642"},{"taxonomy":"product_cat","embeddable":true,"href":"https:\/\/hubsch-interior.com\/de\/wp-json\/wp\/v2\/product_cat?post=1004642"},{"taxonomy":"product_tag","embeddable":true,"href":"https:\/\/hubsch-interior.com\/de\/wp-json\/wp\/v2\/product_tag?post=1004642"}],"curies":[{"name":"wp","href":"https:\/\/api.w.org\/{rel}","templated":true}]}}