{"id":1006423,"date":"2025-01-14T12:12:13","date_gmt":"2025-01-14T11:12:13","guid":{"rendered":"https:\/\/hubsch-interior.com\/product\/product\/"},"modified":"2026-04-09T05:05:47","modified_gmt":"2026-04-09T03:05:47","slug":"lure-wandleuchte-metallic-silver","status":"publish","type":"product","link":"https:\/\/hubsch-interior.com\/de\/produkt\/lure-wandleuchte-metallic-silver\/","title":{"rendered":"Lure Wandleuchte Metallic silver"},"content":{"rendered":"<p>Entdecken Sie den Charme unserer Lure Wandlampe, ein Highlight in metallischem Silber mit einem Opalschirm, der jedem Raum Eleganz verleiht. Diese Variante aus hochwertigem Glas und Metall bietet Flexibilit\u00e4t und Stil. Einfach dort zu platzieren, wo Sie Licht ben\u00f6tigen, l\u00e4sst sie sich m\u00fchelos an jeder Ecke, jedem Regal oder Tisch befestigen, ideal um in Ihren gem\u00fctlichen Ecken wechselnde Szenarien zu schaffen. W\u00e4hlen Sie aus drei eleganten Varianten, um Ihren pers\u00f6nlichen Geschmack zu treffen und verwandeln Sie Ihre Raumstimmung mit einem Hauch von Farbe.<\/p>\n","protected":false},"excerpt":{"rendered":"<p>Entdecken Sie den Charme unserer Lure Wandlampe, ein Highlight in metallischem Silber mit einem Opalschirm, der jedem Raum Eleganz verleiht. Diese Variante aus hochwertigem Glas und Metall bietet Flexibilit\u00e4t und Stil. Einfach dort zu platzieren, wo Sie Licht ben\u00f6tigen, l\u00e4sst sie sich m\u00fchelos an jeder Ecke, jedem Regal oder Tisch befestigen, ideal um in Ihren [&hellip;]<\/p>\n","protected":false},"featured_media":1107604,"template":"","meta":{"_acf_changed":false,"inline_featured_image":false},"product_brand":[],"product_cat":[6998,3809,3409],"product_tag":[],"class_list":{"0":"post-1006423","1":"product","2":"type-product","3":"status-publish","4":"has-post-thumbnail","6":"product_cat-the-buzz-de","7":"product_cat-beleuchtung","8":"product_cat-wandlampen-de","9":"product_shipping_class-pk","11":"pa_material-eisen-de","12":"pa_material-glas-de","14":"first","15":"instock","16":"taxable","17":"shipping-taxable","18":"purchasable","19":"product-type-simple"},"exclude_global_add_ons":[],"addons":[],"acf":[],"yoast_head":"<!-- This site is optimized with the Yoast SEO plugin v26.4 - https:\/\/yoast.com\/wordpress\/plugins\/seo\/ -->\n<title>Lure Wandleuchte Metallic silver - H\u00fcbsch<\/title>\n<meta name=\"description\" content=\"Entdecken Sie den Charme unserer Lure Wandlampe, ein Highlight in metallischem Silber mit einem Opalschirm, der jedem Raum Eleganz verleiht. Diese\" \/>\n<meta name=\"robots\" content=\"index, follow, max-snippet:-1, max-image-preview:large, max-video-preview:-1\" \/>\n<link rel=\"canonical\" href=\"https:\/\/hubsch-interior.com\/de\/wp-json\/wp\/v2\/product\/1006423\" \/>\n<meta property=\"og:locale\" content=\"de_DE\" \/>\n<meta property=\"og:type\" content=\"article\" \/>\n<meta property=\"og:title\" content=\"Lure Wandleuchte Metallic silver - H\u00fcbsch\" \/>\n<meta property=\"og:description\" content=\"Entdecken Sie den Charme unserer Lure Wandlampe, ein Highlight in metallischem Silber mit einem Opalschirm, der jedem Raum Eleganz verleiht. Diese\" \/>\n<meta property=\"og:url\" content=\"https:\/\/hubsch-interior.com\/de\/produkt\/lure-wandleuchte-metallic-silver\/\" \/>\n<meta property=\"og:site_name\" content=\"H\u00fcbsch\" \/>\n<meta property=\"article:modified_time\" content=\"2026-04-09T03:05:47+00:00\" \/>\n<meta property=\"og:image\" content=\"https:\/\/hubsch-interior.com\/wp-content\/uploads\/2025\/01\/lure-wall-light-metallic-silver-ce457a571005a479a54f573fa4408798.jpg\" \/>\n\t<meta property=\"og:image:width\" content=\"1200\" \/>\n\t<meta property=\"og:image:height\" content=\"1200\" \/>\n\t<meta property=\"og:image:type\" content=\"image\/jpeg\" \/>\n<meta name=\"twitter:card\" content=\"summary_large_image\" \/>\n<script type=\"application\/ld+json\" class=\"yoast-schema-graph\">{\"@context\":\"https:\/\/schema.org\",\"@graph\":[{\"@type\":\"WebPage\",\"@id\":\"https:\/\/hubsch-interior.com\/de\/produkt\/lure-wandleuchte-metallic-silver\/\",\"url\":\"https:\/\/hubsch-interior.com\/de\/produkt\/lure-wandleuchte-metallic-silver\/\",\"name\":\"Lure Wandleuchte Metallic silver - H\u00fcbsch\",\"isPartOf\":{\"@id\":\"https:\/\/hubsch-interior.com\/de\/#website\"},\"primaryImageOfPage\":{\"@id\":\"https:\/\/hubsch-interior.com\/de\/produkt\/lure-wandleuchte-metallic-silver\/#primaryimage\"},\"image\":{\"@id\":\"https:\/\/hubsch-interior.com\/de\/produkt\/lure-wandleuchte-metallic-silver\/#primaryimage\"},\"thumbnailUrl\":\"https:\/\/hubsch-interior.com\/wp-content\/uploads\/2026\/02\/lure-wall-light-metallic-silver-e3807908a6cf4620717a01825584d422.jpg\",\"datePublished\":\"2025-01-14T11:12:13+00:00\",\"dateModified\":\"2026-04-09T03:05:47+00:00\",\"description\":\"Entdecken Sie den Charme unserer Lure Wandlampe, ein Highlight in metallischem Silber mit einem Opalschirm, der jedem Raum Eleganz verleiht. Diese\",\"breadcrumb\":{\"@id\":\"https:\/\/hubsch-interior.com\/de\/produkt\/lure-wandleuchte-metallic-silver\/#breadcrumb\"},\"inLanguage\":\"de\",\"potentialAction\":[{\"@type\":\"ReadAction\",\"target\":[\"https:\/\/hubsch-interior.com\/de\/produkt\/lure-wandleuchte-metallic-silver\/\"]}]},{\"@type\":\"ImageObject\",\"inLanguage\":\"de\",\"@id\":\"https:\/\/hubsch-interior.com\/de\/produkt\/lure-wandleuchte-metallic-silver\/#primaryimage\",\"url\":\"https:\/\/hubsch-interior.com\/wp-content\/uploads\/2026\/02\/lure-wall-light-metallic-silver-e3807908a6cf4620717a01825584d422.jpg\",\"contentUrl\":\"https:\/\/hubsch-interior.com\/wp-content\/uploads\/2026\/02\/lure-wall-light-metallic-silver-e3807908a6cf4620717a01825584d422.jpg\",\"width\":1024,\"height\":1024},{\"@type\":\"BreadcrumbList\",\"@id\":\"https:\/\/hubsch-interior.com\/de\/produkt\/lure-wandleuchte-metallic-silver\/#breadcrumb\",\"itemListElement\":[{\"@type\":\"ListItem\",\"position\":1,\"name\":\"Startseite\",\"item\":\"https:\/\/hubsch-interior.com\/de\/\"},{\"@type\":\"ListItem\",\"position\":2,\"name\":\"Produkte\",\"item\":\"https:\/\/hubsch-interior.com\/de\/shop-2\/\"},{\"@type\":\"ListItem\",\"position\":3,\"name\":\"Beleuchtung\",\"item\":\"https:\/\/hubsch-interior.com\/de\/produkt-kategorie\/beleuchtung\/\"},{\"@type\":\"ListItem\",\"position\":4,\"name\":\"Wandlampen\",\"item\":\"https:\/\/hubsch-interior.com\/de\/produkt-kategorie\/beleuchtung\/wandlampen-de\/\"},{\"@type\":\"ListItem\",\"position\":5,\"name\":\"Lure Wandleuchte Metallic silver\"}]},{\"@type\":\"WebSite\",\"@id\":\"https:\/\/hubsch-interior.com\/de\/#website\",\"url\":\"https:\/\/hubsch-interior.com\/de\/\",\"name\":\"H\u00fcbsch\",\"description\":\"Danish Home Interior and Design\",\"publisher\":{\"@id\":\"https:\/\/hubsch-interior.com\/de\/#organization\"},\"potentialAction\":[{\"@type\":\"SearchAction\",\"target\":{\"@type\":\"EntryPoint\",\"urlTemplate\":\"https:\/\/hubsch-interior.com\/de\/?s={search_term_string}\"},\"query-input\":{\"@type\":\"PropertyValueSpecification\",\"valueRequired\":true,\"valueName\":\"search_term_string\"}}],\"inLanguage\":\"de\"},{\"@type\":\"Organization\",\"@id\":\"https:\/\/hubsch-interior.com\/de\/#organization\",\"name\":\"H\u00fcbsch\",\"url\":\"https:\/\/hubsch-interior.com\/de\/\",\"logo\":{\"@type\":\"ImageObject\",\"inLanguage\":\"de\",\"@id\":\"https:\/\/hubsch-interior.com\/de\/#\/schema\/logo\/image\/\",\"url\":\"https:\/\/hubsch-interior.com\/wp-content\/uploads\/2022\/12\/Hubsch_logo_black_one_line.svg\",\"contentUrl\":\"https:\/\/hubsch-interior.com\/wp-content\/uploads\/2022\/12\/Hubsch_logo_black_one_line.svg\",\"caption\":\"H\u00fcbsch\"},\"image\":{\"@id\":\"https:\/\/hubsch-interior.com\/de\/#\/schema\/logo\/image\/\"}}]}<\/script>\n<!-- \/ Yoast SEO plugin. -->","yoast_head_json":{"title":"Lure Wandleuchte Metallic silver - H\u00fcbsch","description":"Entdecken Sie den Charme unserer Lure Wandlampe, ein Highlight in metallischem Silber mit einem Opalschirm, der jedem Raum Eleganz verleiht. Diese","robots":{"index":"index","follow":"follow","max-snippet":"max-snippet:-1","max-image-preview":"max-image-preview:large","max-video-preview":"max-video-preview:-1"},"canonical":"https:\/\/hubsch-interior.com\/de\/wp-json\/wp\/v2\/product\/1006423","og_locale":"de_DE","og_type":"article","og_title":"Lure Wandleuchte Metallic silver - H\u00fcbsch","og_description":"Entdecken Sie den Charme unserer Lure Wandlampe, ein Highlight in metallischem Silber mit einem Opalschirm, der jedem Raum Eleganz verleiht. Diese","og_url":"https:\/\/hubsch-interior.com\/de\/produkt\/lure-wandleuchte-metallic-silver\/","og_site_name":"H\u00fcbsch","article_modified_time":"2026-04-09T03:05:47+00:00","og_image":[{"width":1200,"height":1200,"url":"https:\/\/hubsch-interior.com\/wp-content\/uploads\/2025\/01\/lure-wall-light-metallic-silver-ce457a571005a479a54f573fa4408798.jpg","type":"image\/jpeg"}],"twitter_card":"summary_large_image","schema":{"@context":"https:\/\/schema.org","@graph":[{"@type":"WebPage","@id":"https:\/\/hubsch-interior.com\/de\/produkt\/lure-wandleuchte-metallic-silver\/","url":"https:\/\/hubsch-interior.com\/de\/produkt\/lure-wandleuchte-metallic-silver\/","name":"Lure Wandleuchte Metallic silver - H\u00fcbsch","isPartOf":{"@id":"https:\/\/hubsch-interior.com\/de\/#website"},"primaryImageOfPage":{"@id":"https:\/\/hubsch-interior.com\/de\/produkt\/lure-wandleuchte-metallic-silver\/#primaryimage"},"image":{"@id":"https:\/\/hubsch-interior.com\/de\/produkt\/lure-wandleuchte-metallic-silver\/#primaryimage"},"thumbnailUrl":"https:\/\/hubsch-interior.com\/wp-content\/uploads\/2026\/02\/lure-wall-light-metallic-silver-e3807908a6cf4620717a01825584d422.jpg","datePublished":"2025-01-14T11:12:13+00:00","dateModified":"2026-04-09T03:05:47+00:00","description":"Entdecken Sie den Charme unserer Lure Wandlampe, ein Highlight in metallischem Silber mit einem Opalschirm, der jedem Raum Eleganz verleiht. Diese","breadcrumb":{"@id":"https:\/\/hubsch-interior.com\/de\/produkt\/lure-wandleuchte-metallic-silver\/#breadcrumb"},"inLanguage":"de","potentialAction":[{"@type":"ReadAction","target":["https:\/\/hubsch-interior.com\/de\/produkt\/lure-wandleuchte-metallic-silver\/"]}]},{"@type":"ImageObject","inLanguage":"de","@id":"https:\/\/hubsch-interior.com\/de\/produkt\/lure-wandleuchte-metallic-silver\/#primaryimage","url":"https:\/\/hubsch-interior.com\/wp-content\/uploads\/2026\/02\/lure-wall-light-metallic-silver-e3807908a6cf4620717a01825584d422.jpg","contentUrl":"https:\/\/hubsch-interior.com\/wp-content\/uploads\/2026\/02\/lure-wall-light-metallic-silver-e3807908a6cf4620717a01825584d422.jpg","width":1024,"height":1024},{"@type":"BreadcrumbList","@id":"https:\/\/hubsch-interior.com\/de\/produkt\/lure-wandleuchte-metallic-silver\/#breadcrumb","itemListElement":[{"@type":"ListItem","position":1,"name":"Startseite","item":"https:\/\/hubsch-interior.com\/de\/"},{"@type":"ListItem","position":2,"name":"Produkte","item":"https:\/\/hubsch-interior.com\/de\/shop-2\/"},{"@type":"ListItem","position":3,"name":"Beleuchtung","item":"https:\/\/hubsch-interior.com\/de\/produkt-kategorie\/beleuchtung\/"},{"@type":"ListItem","position":4,"name":"Wandlampen","item":"https:\/\/hubsch-interior.com\/de\/produkt-kategorie\/beleuchtung\/wandlampen-de\/"},{"@type":"ListItem","position":5,"name":"Lure Wandleuchte Metallic silver"}]},{"@type":"WebSite","@id":"https:\/\/hubsch-interior.com\/de\/#website","url":"https:\/\/hubsch-interior.com\/de\/","name":"H\u00fcbsch","description":"Danish Home Interior and Design","publisher":{"@id":"https:\/\/hubsch-interior.com\/de\/#organization"},"potentialAction":[{"@type":"SearchAction","target":{"@type":"EntryPoint","urlTemplate":"https:\/\/hubsch-interior.com\/de\/?s={search_term_string}"},"query-input":{"@type":"PropertyValueSpecification","valueRequired":true,"valueName":"search_term_string"}}],"inLanguage":"de"},{"@type":"Organization","@id":"https:\/\/hubsch-interior.com\/de\/#organization","name":"H\u00fcbsch","url":"https:\/\/hubsch-interior.com\/de\/","logo":{"@type":"ImageObject","inLanguage":"de","@id":"https:\/\/hubsch-interior.com\/de\/#\/schema\/logo\/image\/","url":"https:\/\/hubsch-interior.com\/wp-content\/uploads\/2022\/12\/Hubsch_logo_black_one_line.svg","contentUrl":"https:\/\/hubsch-interior.com\/wp-content\/uploads\/2022\/12\/Hubsch_logo_black_one_line.svg","caption":"H\u00fcbsch"},"image":{"@id":"https:\/\/hubsch-interior.com\/de\/#\/schema\/logo\/image\/"}}]}},"_links":{"self":[{"href":"https:\/\/hubsch-interior.com\/de\/wp-json\/wp\/v2\/product\/1006423","targetHints":{"allow":["GET"]}}],"collection":[{"href":"https:\/\/hubsch-interior.com\/de\/wp-json\/wp\/v2\/product"}],"about":[{"href":"https:\/\/hubsch-interior.com\/de\/wp-json\/wp\/v2\/types\/product"}],"wp:featuredmedia":[{"embeddable":true,"href":"https:\/\/hubsch-interior.com\/de\/wp-json\/wp\/v2\/media\/1107604"}],"wp:attachment":[{"href":"https:\/\/hubsch-interior.com\/de\/wp-json\/wp\/v2\/media?parent=1006423"}],"wp:term":[{"taxonomy":"product_brand","embeddable":true,"href":"https:\/\/hubsch-interior.com\/de\/wp-json\/wp\/v2\/product_brand?post=1006423"},{"taxonomy":"product_cat","embeddable":true,"href":"https:\/\/hubsch-interior.com\/de\/wp-json\/wp\/v2\/product_cat?post=1006423"},{"taxonomy":"product_tag","embeddable":true,"href":"https:\/\/hubsch-interior.com\/de\/wp-json\/wp\/v2\/product_tag?post=1006423"}],"curies":[{"name":"wp","href":"https:\/\/api.w.org\/{rel}","templated":true}]}}