{"id":1006459,"date":"2025-01-14T12:13:58","date_gmt":"2025-01-14T11:13:58","guid":{"rendered":"https:\/\/hubsch-interior.com\/product\/product\/"},"modified":"2026-04-06T05:03:11","modified_gmt":"2026-04-06T03:03:11","slug":"interplay-hangelampe-braun-blau-orange-2","status":"publish","type":"product","link":"https:\/\/hubsch-interior.com\/de\/produkt\/interplay-hangelampe-braun-blau-orange-2\/","title":{"rendered":"Interplay H\u00e4ngelampe  Braun\/Blau\/Orange"},"content":{"rendered":"<p>Entdecken Sie den Charme der Interplay H\u00e4ngelampe, wo Retro auf Moderne in einer auff\u00e4lligen Farbkombination aus Braun, Blau und Orange trifft. Aus feinem Aluminium und Glas gefertigt, strahlt diese H\u00e4ngelampe ein warmes, einladendes Licht aus, ideal f\u00fcr \u00fcber Ihrem Esstisch oder Arbeitsplatz. Dank der Dimmfunktion k\u00f6nnen Sie die Stimmung m\u00fchelos anpassen, egal ob Sie eine Dinnerparty ausrichten oder sich auf Ihr neuestes Projekt konzentrieren. Erhellen Sie Ihre Innenr\u00e4ume mit einem Hauch von k\u00fcnstlerischem Flair und gro\u00dfartigem Licht.<\/p>\n","protected":false},"excerpt":{"rendered":"<p>Entdecken Sie den Charme der Interplay H\u00e4ngelampe, wo Retro auf Moderne in einer auff\u00e4lligen Farbkombination aus Braun, Blau und Orange trifft. Aus feinem Aluminium und Glas gefertigt, strahlt diese H\u00e4ngelampe ein warmes, einladendes Licht aus, ideal f\u00fcr \u00fcber Ihrem Esstisch oder Arbeitsplatz. Dank der Dimmfunktion k\u00f6nnen Sie die Stimmung m\u00fchelos anpassen, egal ob Sie eine [&hellip;]<\/p>\n","protected":false},"featured_media":1107672,"template":"","meta":{"_acf_changed":false,"inline_featured_image":false},"product_brand":[],"product_cat":[6998,3809,4148,5027,5031],"product_tag":[],"class_list":{"0":"post-1006459","1":"product","2":"type-product","3":"status-publish","4":"has-post-thumbnail","6":"product_cat-the-buzz-de","7":"product_cat-beleuchtung","8":"product_cat-haengelampen-de","9":"product_cat-bestsellers-de","10":"product_cat-wieder-auf-lager-de","11":"product_shipping_class-pk","13":"pa_color-braun","14":"pa_color-orange-de","15":"pa_color-blau-2","16":"pa_material-aluminium-de","17":"pa_material-glas-de","19":"first","20":"instock","21":"featured","22":"taxable","23":"shipping-taxable","24":"purchasable","25":"product-type-simple"},"exclude_global_add_ons":[],"addons":[],"acf":[],"yoast_head":"<!-- This site is optimized with the Yoast SEO plugin v26.4 - https:\/\/yoast.com\/wordpress\/plugins\/seo\/ -->\n<title>Interplay H\u00e4ngelampe Braun\/Blau\/Orange - H\u00fcbsch<\/title>\n<meta name=\"description\" content=\"Entdecken Sie den Charme der Interplay H\u00e4ngelampe, wo Retro auf Moderne in einer auff\u00e4lligen Farbkombination aus Braun, Blau und Orange trifft. Aus feinem\" \/>\n<meta name=\"robots\" content=\"index, follow, max-snippet:-1, max-image-preview:large, max-video-preview:-1\" \/>\n<link rel=\"canonical\" href=\"https:\/\/hubsch-interior.com\/de\/wp-json\/wp\/v2\/product\/1006459\" \/>\n<meta property=\"og:locale\" content=\"de_DE\" \/>\n<meta property=\"og:type\" content=\"article\" \/>\n<meta property=\"og:title\" content=\"Interplay H\u00e4ngelampe Braun\/Blau\/Orange - H\u00fcbsch\" \/>\n<meta property=\"og:description\" content=\"Entdecken Sie den Charme der Interplay H\u00e4ngelampe, wo Retro auf Moderne in einer auff\u00e4lligen Farbkombination aus Braun, Blau und Orange trifft. Aus feinem\" \/>\n<meta property=\"og:url\" content=\"https:\/\/hubsch-interior.com\/de\/produkt\/interplay-hangelampe-braun-blau-orange-2\/\" \/>\n<meta property=\"og:site_name\" content=\"H\u00fcbsch\" \/>\n<meta property=\"article:modified_time\" content=\"2026-04-06T03:03:11+00:00\" \/>\n<meta property=\"og:image\" content=\"https:\/\/hubsch-interior.com\/wp-content\/uploads\/2026\/02\/interplay-pendant-l-85cm-brownblueorange-46aa093d2bb3c65523eadb8095ba1bfc.jpg\" \/>\n\t<meta property=\"og:image:width\" content=\"1024\" \/>\n\t<meta property=\"og:image:height\" content=\"1024\" \/>\n\t<meta property=\"og:image:type\" content=\"image\/jpeg\" \/>\n<meta name=\"twitter:card\" content=\"summary_large_image\" \/>\n<script type=\"application\/ld+json\" class=\"yoast-schema-graph\">{\"@context\":\"https:\/\/schema.org\",\"@graph\":[{\"@type\":\"WebPage\",\"@id\":\"https:\/\/hubsch-interior.com\/de\/produkt\/interplay-hangelampe-braun-blau-orange-2\/\",\"url\":\"https:\/\/hubsch-interior.com\/de\/produkt\/interplay-hangelampe-braun-blau-orange-2\/\",\"name\":\"Interplay H\u00e4ngelampe Braun\/Blau\/Orange - H\u00fcbsch\",\"isPartOf\":{\"@id\":\"https:\/\/hubsch-interior.com\/de\/#website\"},\"primaryImageOfPage\":{\"@id\":\"https:\/\/hubsch-interior.com\/de\/produkt\/interplay-hangelampe-braun-blau-orange-2\/#primaryimage\"},\"image\":{\"@id\":\"https:\/\/hubsch-interior.com\/de\/produkt\/interplay-hangelampe-braun-blau-orange-2\/#primaryimage\"},\"thumbnailUrl\":\"https:\/\/hubsch-interior.com\/wp-content\/uploads\/2026\/02\/interplay-pendant-l-85cm-brownblueorange-46aa093d2bb3c65523eadb8095ba1bfc.jpg\",\"datePublished\":\"2025-01-14T11:13:58+00:00\",\"dateModified\":\"2026-04-06T03:03:11+00:00\",\"description\":\"Entdecken Sie den Charme der Interplay H\u00e4ngelampe, wo Retro auf Moderne in einer auff\u00e4lligen Farbkombination aus Braun, Blau und Orange trifft. Aus feinem\",\"breadcrumb\":{\"@id\":\"https:\/\/hubsch-interior.com\/de\/produkt\/interplay-hangelampe-braun-blau-orange-2\/#breadcrumb\"},\"inLanguage\":\"de\",\"potentialAction\":[{\"@type\":\"ReadAction\",\"target\":[\"https:\/\/hubsch-interior.com\/de\/produkt\/interplay-hangelampe-braun-blau-orange-2\/\"]}]},{\"@type\":\"ImageObject\",\"inLanguage\":\"de\",\"@id\":\"https:\/\/hubsch-interior.com\/de\/produkt\/interplay-hangelampe-braun-blau-orange-2\/#primaryimage\",\"url\":\"https:\/\/hubsch-interior.com\/wp-content\/uploads\/2026\/02\/interplay-pendant-l-85cm-brownblueorange-46aa093d2bb3c65523eadb8095ba1bfc.jpg\",\"contentUrl\":\"https:\/\/hubsch-interior.com\/wp-content\/uploads\/2026\/02\/interplay-pendant-l-85cm-brownblueorange-46aa093d2bb3c65523eadb8095ba1bfc.jpg\",\"width\":1024,\"height\":1024},{\"@type\":\"BreadcrumbList\",\"@id\":\"https:\/\/hubsch-interior.com\/de\/produkt\/interplay-hangelampe-braun-blau-orange-2\/#breadcrumb\",\"itemListElement\":[{\"@type\":\"ListItem\",\"position\":1,\"name\":\"Startseite\",\"item\":\"https:\/\/hubsch-interior.com\/de\/\"},{\"@type\":\"ListItem\",\"position\":2,\"name\":\"Produkte\",\"item\":\"https:\/\/hubsch-interior.com\/de\/shop-2\/\"},{\"@type\":\"ListItem\",\"position\":3,\"name\":\"Beleuchtung\",\"item\":\"https:\/\/hubsch-interior.com\/de\/produkt-kategorie\/beleuchtung\/\"},{\"@type\":\"ListItem\",\"position\":4,\"name\":\"H&auml;ngelampen\",\"item\":\"https:\/\/hubsch-interior.com\/de\/produkt-kategorie\/beleuchtung\/haengelampen-de\/\"},{\"@type\":\"ListItem\",\"position\":5,\"name\":\"Interplay H\u00e4ngelampe Braun\/Blau\/Orange\"}]},{\"@type\":\"WebSite\",\"@id\":\"https:\/\/hubsch-interior.com\/de\/#website\",\"url\":\"https:\/\/hubsch-interior.com\/de\/\",\"name\":\"H\u00fcbsch\",\"description\":\"Danish Home Interior and Design\",\"publisher\":{\"@id\":\"https:\/\/hubsch-interior.com\/de\/#organization\"},\"potentialAction\":[{\"@type\":\"SearchAction\",\"target\":{\"@type\":\"EntryPoint\",\"urlTemplate\":\"https:\/\/hubsch-interior.com\/de\/?s={search_term_string}\"},\"query-input\":{\"@type\":\"PropertyValueSpecification\",\"valueRequired\":true,\"valueName\":\"search_term_string\"}}],\"inLanguage\":\"de\"},{\"@type\":\"Organization\",\"@id\":\"https:\/\/hubsch-interior.com\/de\/#organization\",\"name\":\"H\u00fcbsch\",\"url\":\"https:\/\/hubsch-interior.com\/de\/\",\"logo\":{\"@type\":\"ImageObject\",\"inLanguage\":\"de\",\"@id\":\"https:\/\/hubsch-interior.com\/de\/#\/schema\/logo\/image\/\",\"url\":\"https:\/\/hubsch-interior.com\/wp-content\/uploads\/2022\/12\/Hubsch_logo_black_one_line.svg\",\"contentUrl\":\"https:\/\/hubsch-interior.com\/wp-content\/uploads\/2022\/12\/Hubsch_logo_black_one_line.svg\",\"caption\":\"H\u00fcbsch\"},\"image\":{\"@id\":\"https:\/\/hubsch-interior.com\/de\/#\/schema\/logo\/image\/\"}}]}<\/script>\n<!-- \/ Yoast SEO plugin. -->","yoast_head_json":{"title":"Interplay H\u00e4ngelampe Braun\/Blau\/Orange - H\u00fcbsch","description":"Entdecken Sie den Charme der Interplay H\u00e4ngelampe, wo Retro auf Moderne in einer auff\u00e4lligen Farbkombination aus Braun, Blau und Orange trifft. Aus feinem","robots":{"index":"index","follow":"follow","max-snippet":"max-snippet:-1","max-image-preview":"max-image-preview:large","max-video-preview":"max-video-preview:-1"},"canonical":"https:\/\/hubsch-interior.com\/de\/wp-json\/wp\/v2\/product\/1006459","og_locale":"de_DE","og_type":"article","og_title":"Interplay H\u00e4ngelampe Braun\/Blau\/Orange - H\u00fcbsch","og_description":"Entdecken Sie den Charme der Interplay H\u00e4ngelampe, wo Retro auf Moderne in einer auff\u00e4lligen Farbkombination aus Braun, Blau und Orange trifft. Aus feinem","og_url":"https:\/\/hubsch-interior.com\/de\/produkt\/interplay-hangelampe-braun-blau-orange-2\/","og_site_name":"H\u00fcbsch","article_modified_time":"2026-04-06T03:03:11+00:00","og_image":[{"width":1024,"height":1024,"url":"https:\/\/hubsch-interior.com\/wp-content\/uploads\/2026\/02\/interplay-pendant-l-85cm-brownblueorange-46aa093d2bb3c65523eadb8095ba1bfc.jpg","type":"image\/jpeg"}],"twitter_card":"summary_large_image","schema":{"@context":"https:\/\/schema.org","@graph":[{"@type":"WebPage","@id":"https:\/\/hubsch-interior.com\/de\/produkt\/interplay-hangelampe-braun-blau-orange-2\/","url":"https:\/\/hubsch-interior.com\/de\/produkt\/interplay-hangelampe-braun-blau-orange-2\/","name":"Interplay H\u00e4ngelampe Braun\/Blau\/Orange - H\u00fcbsch","isPartOf":{"@id":"https:\/\/hubsch-interior.com\/de\/#website"},"primaryImageOfPage":{"@id":"https:\/\/hubsch-interior.com\/de\/produkt\/interplay-hangelampe-braun-blau-orange-2\/#primaryimage"},"image":{"@id":"https:\/\/hubsch-interior.com\/de\/produkt\/interplay-hangelampe-braun-blau-orange-2\/#primaryimage"},"thumbnailUrl":"https:\/\/hubsch-interior.com\/wp-content\/uploads\/2026\/02\/interplay-pendant-l-85cm-brownblueorange-46aa093d2bb3c65523eadb8095ba1bfc.jpg","datePublished":"2025-01-14T11:13:58+00:00","dateModified":"2026-04-06T03:03:11+00:00","description":"Entdecken Sie den Charme der Interplay H\u00e4ngelampe, wo Retro auf Moderne in einer auff\u00e4lligen Farbkombination aus Braun, Blau und Orange trifft. Aus feinem","breadcrumb":{"@id":"https:\/\/hubsch-interior.com\/de\/produkt\/interplay-hangelampe-braun-blau-orange-2\/#breadcrumb"},"inLanguage":"de","potentialAction":[{"@type":"ReadAction","target":["https:\/\/hubsch-interior.com\/de\/produkt\/interplay-hangelampe-braun-blau-orange-2\/"]}]},{"@type":"ImageObject","inLanguage":"de","@id":"https:\/\/hubsch-interior.com\/de\/produkt\/interplay-hangelampe-braun-blau-orange-2\/#primaryimage","url":"https:\/\/hubsch-interior.com\/wp-content\/uploads\/2026\/02\/interplay-pendant-l-85cm-brownblueorange-46aa093d2bb3c65523eadb8095ba1bfc.jpg","contentUrl":"https:\/\/hubsch-interior.com\/wp-content\/uploads\/2026\/02\/interplay-pendant-l-85cm-brownblueorange-46aa093d2bb3c65523eadb8095ba1bfc.jpg","width":1024,"height":1024},{"@type":"BreadcrumbList","@id":"https:\/\/hubsch-interior.com\/de\/produkt\/interplay-hangelampe-braun-blau-orange-2\/#breadcrumb","itemListElement":[{"@type":"ListItem","position":1,"name":"Startseite","item":"https:\/\/hubsch-interior.com\/de\/"},{"@type":"ListItem","position":2,"name":"Produkte","item":"https:\/\/hubsch-interior.com\/de\/shop-2\/"},{"@type":"ListItem","position":3,"name":"Beleuchtung","item":"https:\/\/hubsch-interior.com\/de\/produkt-kategorie\/beleuchtung\/"},{"@type":"ListItem","position":4,"name":"H&auml;ngelampen","item":"https:\/\/hubsch-interior.com\/de\/produkt-kategorie\/beleuchtung\/haengelampen-de\/"},{"@type":"ListItem","position":5,"name":"Interplay H\u00e4ngelampe Braun\/Blau\/Orange"}]},{"@type":"WebSite","@id":"https:\/\/hubsch-interior.com\/de\/#website","url":"https:\/\/hubsch-interior.com\/de\/","name":"H\u00fcbsch","description":"Danish Home Interior and Design","publisher":{"@id":"https:\/\/hubsch-interior.com\/de\/#organization"},"potentialAction":[{"@type":"SearchAction","target":{"@type":"EntryPoint","urlTemplate":"https:\/\/hubsch-interior.com\/de\/?s={search_term_string}"},"query-input":{"@type":"PropertyValueSpecification","valueRequired":true,"valueName":"search_term_string"}}],"inLanguage":"de"},{"@type":"Organization","@id":"https:\/\/hubsch-interior.com\/de\/#organization","name":"H\u00fcbsch","url":"https:\/\/hubsch-interior.com\/de\/","logo":{"@type":"ImageObject","inLanguage":"de","@id":"https:\/\/hubsch-interior.com\/de\/#\/schema\/logo\/image\/","url":"https:\/\/hubsch-interior.com\/wp-content\/uploads\/2022\/12\/Hubsch_logo_black_one_line.svg","contentUrl":"https:\/\/hubsch-interior.com\/wp-content\/uploads\/2022\/12\/Hubsch_logo_black_one_line.svg","caption":"H\u00fcbsch"},"image":{"@id":"https:\/\/hubsch-interior.com\/de\/#\/schema\/logo\/image\/"}}]}},"_links":{"self":[{"href":"https:\/\/hubsch-interior.com\/de\/wp-json\/wp\/v2\/product\/1006459","targetHints":{"allow":["GET"]}}],"collection":[{"href":"https:\/\/hubsch-interior.com\/de\/wp-json\/wp\/v2\/product"}],"about":[{"href":"https:\/\/hubsch-interior.com\/de\/wp-json\/wp\/v2\/types\/product"}],"wp:featuredmedia":[{"embeddable":true,"href":"https:\/\/hubsch-interior.com\/de\/wp-json\/wp\/v2\/media\/1107672"}],"wp:attachment":[{"href":"https:\/\/hubsch-interior.com\/de\/wp-json\/wp\/v2\/media?parent=1006459"}],"wp:term":[{"taxonomy":"product_brand","embeddable":true,"href":"https:\/\/hubsch-interior.com\/de\/wp-json\/wp\/v2\/product_brand?post=1006459"},{"taxonomy":"product_cat","embeddable":true,"href":"https:\/\/hubsch-interior.com\/de\/wp-json\/wp\/v2\/product_cat?post=1006459"},{"taxonomy":"product_tag","embeddable":true,"href":"https:\/\/hubsch-interior.com\/de\/wp-json\/wp\/v2\/product_tag?post=1006459"}],"curies":[{"name":"wp","href":"https:\/\/api.w.org\/{rel}","templated":true}]}}