{"id":1006524,"date":"2025-01-14T12:57:41","date_gmt":"2025-01-14T11:57:41","guid":{"rendered":"https:\/\/hubsch-interior.com\/product\/product\/"},"modified":"2026-04-03T05:27:17","modified_gmt":"2026-04-03T03:27:17","slug":"kindred-kerzenhalter-hellgrau-2er-set","status":"publish","type":"product","link":"https:\/\/hubsch-interior.com\/de\/produkt\/kindred-kerzenhalter-hellgrau-2er-set\/","title":{"rendered":"Kindred Kerzenhalter Hellgrau (2er Set)"},"content":{"rendered":"<p>Entdecken Sie den Charme unseres Kindred Kerzenhalters, ein klassisches Set in beruhigendem Hellgrau. Diese Variante, mit Eleganz aus Metall gefertigt, besticht durch ihr minimalistisches und doch retrohaftes Aussehen. Perfekt f\u00fcr gem\u00fctliche Abende, z\u00fcnden Sie eine Kerze an und genie\u00dfen Sie einen h\u00fcbschen Moment. In drei verschiedenen Varianten erh\u00e4ltlich, l\u00e4sst er sich leicht mit anderen Kerzenhaltern zu Hause kombinieren, um in jedem Raum eine harmonische Mischung aus sanftem Licht und Stil zu schaffen.<\/p>\n","protected":false},"excerpt":{"rendered":"<p>Entdecken Sie den Charme unseres Kindred Kerzenhalters, ein klassisches Set in beruhigendem Hellgrau. Diese Variante, mit Eleganz aus Metall gefertigt, besticht durch ihr minimalistisches und doch retrohaftes Aussehen. Perfekt f\u00fcr gem\u00fctliche Abende, z\u00fcnden Sie eine Kerze an und genie\u00dfen Sie einen h\u00fcbschen Moment. In drei verschiedenen Varianten erh\u00e4ltlich, l\u00e4sst er sich leicht mit anderen Kerzenhaltern [&hellip;]<\/p>\n","protected":false},"featured_media":1111177,"template":"","meta":{"_acf_changed":false,"inline_featured_image":false},"product_brand":[],"product_cat":[6972,6998,4067,4068,6519],"product_tag":[],"class_list":{"0":"post-1006524","1":"product","2":"type-product","3":"status-publish","4":"has-post-thumbnail","6":"product_cat-oster-sale","7":"product_cat-the-buzz-de","8":"product_cat-kerzenstaender-laternen-de","9":"product_cat-kerzenstaender-de","10":"product_cat-outlet-de","11":"product_shipping_class-pk","13":"pa_color-hellgrau-2","14":"pa_material-eisen-de","16":"first","17":"instock","18":"sale","19":"taxable","20":"shipping-taxable","21":"purchasable","22":"product-type-simple"},"exclude_global_add_ons":[],"addons":[],"acf":[],"yoast_head":"<!-- This site is optimized with the Yoast SEO plugin v26.4 - https:\/\/yoast.com\/wordpress\/plugins\/seo\/ -->\n<title>Kindred Kerzenhalter Hellgrau (2er Set) - H\u00fcbsch<\/title>\n<meta name=\"description\" content=\"Entdecken Sie den Charme unseres Kindred Kerzenhalters, ein klassisches Set in beruhigendem Hellgrau. Diese Variante, mit Eleganz aus Metall gefertigt,\" \/>\n<meta name=\"robots\" content=\"index, follow, max-snippet:-1, max-image-preview:large, max-video-preview:-1\" \/>\n<link rel=\"canonical\" href=\"https:\/\/hubsch-interior.com\/de\/wp-json\/wp\/v2\/product\/1006524\" \/>\n<meta property=\"og:locale\" content=\"de_DE\" \/>\n<meta property=\"og:type\" content=\"article\" \/>\n<meta property=\"og:title\" content=\"Kindred Kerzenhalter Hellgrau (2er Set) - H\u00fcbsch\" \/>\n<meta property=\"og:description\" content=\"Entdecken Sie den Charme unseres Kindred Kerzenhalters, ein klassisches Set in beruhigendem Hellgrau. Diese Variante, mit Eleganz aus Metall gefertigt,\" \/>\n<meta property=\"og:url\" content=\"https:\/\/hubsch-interior.com\/de\/produkt\/kindred-kerzenhalter-hellgrau-2er-set\/\" \/>\n<meta property=\"og:site_name\" content=\"H\u00fcbsch\" \/>\n<meta property=\"article:modified_time\" content=\"2026-04-03T03:27:17+00:00\" \/>\n<meta property=\"og:image\" content=\"https:\/\/hubsch-interior.com\/wp-content\/uploads\/2025\/01\/kindred-candleholder-light-grey-set-of-2-de816e8ef0a2fd202b9166ad3e3beaba.jpg\" \/>\n\t<meta property=\"og:image:width\" content=\"1200\" \/>\n\t<meta property=\"og:image:height\" content=\"1200\" \/>\n\t<meta property=\"og:image:type\" content=\"image\/jpeg\" \/>\n<meta name=\"twitter:card\" content=\"summary_large_image\" \/>\n<script type=\"application\/ld+json\" class=\"yoast-schema-graph\">{\"@context\":\"https:\/\/schema.org\",\"@graph\":[{\"@type\":\"WebPage\",\"@id\":\"https:\/\/hubsch-interior.com\/de\/produkt\/kindred-kerzenhalter-hellgrau-2er-set\/\",\"url\":\"https:\/\/hubsch-interior.com\/de\/produkt\/kindred-kerzenhalter-hellgrau-2er-set\/\",\"name\":\"Kindred Kerzenhalter Hellgrau (2er Set) - H\u00fcbsch\",\"isPartOf\":{\"@id\":\"https:\/\/hubsch-interior.com\/de\/#website\"},\"primaryImageOfPage\":{\"@id\":\"https:\/\/hubsch-interior.com\/de\/produkt\/kindred-kerzenhalter-hellgrau-2er-set\/#primaryimage\"},\"image\":{\"@id\":\"https:\/\/hubsch-interior.com\/de\/produkt\/kindred-kerzenhalter-hellgrau-2er-set\/#primaryimage\"},\"thumbnailUrl\":\"https:\/\/hubsch-interior.com\/wp-content\/uploads\/2026\/02\/kindred-candleholder-light-grey-set-of-2-2c6fdbfcab0144b597dc2da2ef9e9c68.jpg\",\"datePublished\":\"2025-01-14T11:57:41+00:00\",\"dateModified\":\"2026-04-03T03:27:17+00:00\",\"description\":\"Entdecken Sie den Charme unseres Kindred Kerzenhalters, ein klassisches Set in beruhigendem Hellgrau. Diese Variante, mit Eleganz aus Metall gefertigt,\",\"breadcrumb\":{\"@id\":\"https:\/\/hubsch-interior.com\/de\/produkt\/kindred-kerzenhalter-hellgrau-2er-set\/#breadcrumb\"},\"inLanguage\":\"de\",\"potentialAction\":[{\"@type\":\"ReadAction\",\"target\":[\"https:\/\/hubsch-interior.com\/de\/produkt\/kindred-kerzenhalter-hellgrau-2er-set\/\"]}]},{\"@type\":\"ImageObject\",\"inLanguage\":\"de\",\"@id\":\"https:\/\/hubsch-interior.com\/de\/produkt\/kindred-kerzenhalter-hellgrau-2er-set\/#primaryimage\",\"url\":\"https:\/\/hubsch-interior.com\/wp-content\/uploads\/2026\/02\/kindred-candleholder-light-grey-set-of-2-2c6fdbfcab0144b597dc2da2ef9e9c68.jpg\",\"contentUrl\":\"https:\/\/hubsch-interior.com\/wp-content\/uploads\/2026\/02\/kindred-candleholder-light-grey-set-of-2-2c6fdbfcab0144b597dc2da2ef9e9c68.jpg\",\"width\":1024,\"height\":1024},{\"@type\":\"BreadcrumbList\",\"@id\":\"https:\/\/hubsch-interior.com\/de\/produkt\/kindred-kerzenhalter-hellgrau-2er-set\/#breadcrumb\",\"itemListElement\":[{\"@type\":\"ListItem\",\"position\":1,\"name\":\"Startseite\",\"item\":\"https:\/\/hubsch-interior.com\/de\/\"},{\"@type\":\"ListItem\",\"position\":2,\"name\":\"Produkte\",\"item\":\"https:\/\/hubsch-interior.com\/de\/shop-2\/\"},{\"@type\":\"ListItem\",\"position\":3,\"name\":\"Wohnaccessoires\",\"item\":\"https:\/\/hubsch-interior.com\/de\/produkt-kategorie\/wohnaccessoires\/\"},{\"@type\":\"ListItem\",\"position\":4,\"name\":\"Kerzenst&auml;nder &amp; Laternen\",\"item\":\"https:\/\/hubsch-interior.com\/de\/produkt-kategorie\/wohnaccessoires\/kerzenstaender-laternen-de\/\"},{\"@type\":\"ListItem\",\"position\":5,\"name\":\"Kerzenst&auml;nder\",\"item\":\"https:\/\/hubsch-interior.com\/de\/produkt-kategorie\/wohnaccessoires\/kerzenstaender-laternen-de\/kerzenstaender-de\/\"},{\"@type\":\"ListItem\",\"position\":6,\"name\":\"Kindred Kerzenhalter Hellgrau (2er Set)\"}]},{\"@type\":\"WebSite\",\"@id\":\"https:\/\/hubsch-interior.com\/de\/#website\",\"url\":\"https:\/\/hubsch-interior.com\/de\/\",\"name\":\"H\u00fcbsch\",\"description\":\"Danish Home Interior and Design\",\"publisher\":{\"@id\":\"https:\/\/hubsch-interior.com\/de\/#organization\"},\"potentialAction\":[{\"@type\":\"SearchAction\",\"target\":{\"@type\":\"EntryPoint\",\"urlTemplate\":\"https:\/\/hubsch-interior.com\/de\/?s={search_term_string}\"},\"query-input\":{\"@type\":\"PropertyValueSpecification\",\"valueRequired\":true,\"valueName\":\"search_term_string\"}}],\"inLanguage\":\"de\"},{\"@type\":\"Organization\",\"@id\":\"https:\/\/hubsch-interior.com\/de\/#organization\",\"name\":\"H\u00fcbsch\",\"url\":\"https:\/\/hubsch-interior.com\/de\/\",\"logo\":{\"@type\":\"ImageObject\",\"inLanguage\":\"de\",\"@id\":\"https:\/\/hubsch-interior.com\/de\/#\/schema\/logo\/image\/\",\"url\":\"https:\/\/hubsch-interior.com\/wp-content\/uploads\/2022\/12\/Hubsch_logo_black_one_line.svg\",\"contentUrl\":\"https:\/\/hubsch-interior.com\/wp-content\/uploads\/2022\/12\/Hubsch_logo_black_one_line.svg\",\"caption\":\"H\u00fcbsch\"},\"image\":{\"@id\":\"https:\/\/hubsch-interior.com\/de\/#\/schema\/logo\/image\/\"}}]}<\/script>\n<!-- \/ Yoast SEO plugin. -->","yoast_head_json":{"title":"Kindred Kerzenhalter Hellgrau (2er Set) - H\u00fcbsch","description":"Entdecken Sie den Charme unseres Kindred Kerzenhalters, ein klassisches Set in beruhigendem Hellgrau. Diese Variante, mit Eleganz aus Metall gefertigt,","robots":{"index":"index","follow":"follow","max-snippet":"max-snippet:-1","max-image-preview":"max-image-preview:large","max-video-preview":"max-video-preview:-1"},"canonical":"https:\/\/hubsch-interior.com\/de\/wp-json\/wp\/v2\/product\/1006524","og_locale":"de_DE","og_type":"article","og_title":"Kindred Kerzenhalter Hellgrau (2er Set) - H\u00fcbsch","og_description":"Entdecken Sie den Charme unseres Kindred Kerzenhalters, ein klassisches Set in beruhigendem Hellgrau. Diese Variante, mit Eleganz aus Metall gefertigt,","og_url":"https:\/\/hubsch-interior.com\/de\/produkt\/kindred-kerzenhalter-hellgrau-2er-set\/","og_site_name":"H\u00fcbsch","article_modified_time":"2026-04-03T03:27:17+00:00","og_image":[{"width":1200,"height":1200,"url":"https:\/\/hubsch-interior.com\/wp-content\/uploads\/2025\/01\/kindred-candleholder-light-grey-set-of-2-de816e8ef0a2fd202b9166ad3e3beaba.jpg","type":"image\/jpeg"}],"twitter_card":"summary_large_image","schema":{"@context":"https:\/\/schema.org","@graph":[{"@type":"WebPage","@id":"https:\/\/hubsch-interior.com\/de\/produkt\/kindred-kerzenhalter-hellgrau-2er-set\/","url":"https:\/\/hubsch-interior.com\/de\/produkt\/kindred-kerzenhalter-hellgrau-2er-set\/","name":"Kindred Kerzenhalter Hellgrau (2er Set) - H\u00fcbsch","isPartOf":{"@id":"https:\/\/hubsch-interior.com\/de\/#website"},"primaryImageOfPage":{"@id":"https:\/\/hubsch-interior.com\/de\/produkt\/kindred-kerzenhalter-hellgrau-2er-set\/#primaryimage"},"image":{"@id":"https:\/\/hubsch-interior.com\/de\/produkt\/kindred-kerzenhalter-hellgrau-2er-set\/#primaryimage"},"thumbnailUrl":"https:\/\/hubsch-interior.com\/wp-content\/uploads\/2026\/02\/kindred-candleholder-light-grey-set-of-2-2c6fdbfcab0144b597dc2da2ef9e9c68.jpg","datePublished":"2025-01-14T11:57:41+00:00","dateModified":"2026-04-03T03:27:17+00:00","description":"Entdecken Sie den Charme unseres Kindred Kerzenhalters, ein klassisches Set in beruhigendem Hellgrau. Diese Variante, mit Eleganz aus Metall gefertigt,","breadcrumb":{"@id":"https:\/\/hubsch-interior.com\/de\/produkt\/kindred-kerzenhalter-hellgrau-2er-set\/#breadcrumb"},"inLanguage":"de","potentialAction":[{"@type":"ReadAction","target":["https:\/\/hubsch-interior.com\/de\/produkt\/kindred-kerzenhalter-hellgrau-2er-set\/"]}]},{"@type":"ImageObject","inLanguage":"de","@id":"https:\/\/hubsch-interior.com\/de\/produkt\/kindred-kerzenhalter-hellgrau-2er-set\/#primaryimage","url":"https:\/\/hubsch-interior.com\/wp-content\/uploads\/2026\/02\/kindred-candleholder-light-grey-set-of-2-2c6fdbfcab0144b597dc2da2ef9e9c68.jpg","contentUrl":"https:\/\/hubsch-interior.com\/wp-content\/uploads\/2026\/02\/kindred-candleholder-light-grey-set-of-2-2c6fdbfcab0144b597dc2da2ef9e9c68.jpg","width":1024,"height":1024},{"@type":"BreadcrumbList","@id":"https:\/\/hubsch-interior.com\/de\/produkt\/kindred-kerzenhalter-hellgrau-2er-set\/#breadcrumb","itemListElement":[{"@type":"ListItem","position":1,"name":"Startseite","item":"https:\/\/hubsch-interior.com\/de\/"},{"@type":"ListItem","position":2,"name":"Produkte","item":"https:\/\/hubsch-interior.com\/de\/shop-2\/"},{"@type":"ListItem","position":3,"name":"Wohnaccessoires","item":"https:\/\/hubsch-interior.com\/de\/produkt-kategorie\/wohnaccessoires\/"},{"@type":"ListItem","position":4,"name":"Kerzenst&auml;nder &amp; Laternen","item":"https:\/\/hubsch-interior.com\/de\/produkt-kategorie\/wohnaccessoires\/kerzenstaender-laternen-de\/"},{"@type":"ListItem","position":5,"name":"Kerzenst&auml;nder","item":"https:\/\/hubsch-interior.com\/de\/produkt-kategorie\/wohnaccessoires\/kerzenstaender-laternen-de\/kerzenstaender-de\/"},{"@type":"ListItem","position":6,"name":"Kindred Kerzenhalter Hellgrau (2er Set)"}]},{"@type":"WebSite","@id":"https:\/\/hubsch-interior.com\/de\/#website","url":"https:\/\/hubsch-interior.com\/de\/","name":"H\u00fcbsch","description":"Danish Home Interior and Design","publisher":{"@id":"https:\/\/hubsch-interior.com\/de\/#organization"},"potentialAction":[{"@type":"SearchAction","target":{"@type":"EntryPoint","urlTemplate":"https:\/\/hubsch-interior.com\/de\/?s={search_term_string}"},"query-input":{"@type":"PropertyValueSpecification","valueRequired":true,"valueName":"search_term_string"}}],"inLanguage":"de"},{"@type":"Organization","@id":"https:\/\/hubsch-interior.com\/de\/#organization","name":"H\u00fcbsch","url":"https:\/\/hubsch-interior.com\/de\/","logo":{"@type":"ImageObject","inLanguage":"de","@id":"https:\/\/hubsch-interior.com\/de\/#\/schema\/logo\/image\/","url":"https:\/\/hubsch-interior.com\/wp-content\/uploads\/2022\/12\/Hubsch_logo_black_one_line.svg","contentUrl":"https:\/\/hubsch-interior.com\/wp-content\/uploads\/2022\/12\/Hubsch_logo_black_one_line.svg","caption":"H\u00fcbsch"},"image":{"@id":"https:\/\/hubsch-interior.com\/de\/#\/schema\/logo\/image\/"}}]}},"_links":{"self":[{"href":"https:\/\/hubsch-interior.com\/de\/wp-json\/wp\/v2\/product\/1006524","targetHints":{"allow":["GET"]}}],"collection":[{"href":"https:\/\/hubsch-interior.com\/de\/wp-json\/wp\/v2\/product"}],"about":[{"href":"https:\/\/hubsch-interior.com\/de\/wp-json\/wp\/v2\/types\/product"}],"wp:featuredmedia":[{"embeddable":true,"href":"https:\/\/hubsch-interior.com\/de\/wp-json\/wp\/v2\/media\/1111177"}],"wp:attachment":[{"href":"https:\/\/hubsch-interior.com\/de\/wp-json\/wp\/v2\/media?parent=1006524"}],"wp:term":[{"taxonomy":"product_brand","embeddable":true,"href":"https:\/\/hubsch-interior.com\/de\/wp-json\/wp\/v2\/product_brand?post=1006524"},{"taxonomy":"product_cat","embeddable":true,"href":"https:\/\/hubsch-interior.com\/de\/wp-json\/wp\/v2\/product_cat?post=1006524"},{"taxonomy":"product_tag","embeddable":true,"href":"https:\/\/hubsch-interior.com\/de\/wp-json\/wp\/v2\/product_tag?post=1006524"}],"curies":[{"name":"wp","href":"https:\/\/api.w.org\/{rel}","templated":true}]}}