{"id":1006552,"date":"2025-01-14T12:57:49","date_gmt":"2025-01-14T11:57:49","guid":{"rendered":"https:\/\/hubsch-interior.com\/product\/product\/"},"modified":"2026-04-09T05:19:35","modified_gmt":"2026-04-09T03:19:35","slug":"fold-beistelltisch-petrol","status":"publish","type":"product","link":"https:\/\/hubsch-interior.com\/de\/produkt\/fold-beistelltisch-petrol\/","title":{"rendered":"Fold Beistelltisch Petrol"},"content":{"rendered":"<p>Wir pr\u00e4sentieren den Fold Beistelltisch, ein charmantes Objekt f\u00fcr Ihren Wohnbereich, das geschickt einem gefalteten Papier \u00e4hnelt. Hergestellt aus pulverbeschichtetem Stahl in einem Petrolton, garantiert dieser Tisch Langlebigkeit in einem faszinierenden Design. Erh\u00e4ltlich in zwei verschiedenen Varianten, erinnert jedes St\u00fcck fast nostalgisch an die Bastelarbeiten aus der Schulzeit. Seine robuste, sehr schwere Bauweise macht ihn zu einem zuverl\u00e4ssigen Begleiter neben Ihrem Lieblingssessel, auf dem Ihr abendlicher Tee und Ihr neuestes Buch Platz finden.<\/p>\n","protected":false},"excerpt":{"rendered":"<p>Wir pr\u00e4sentieren den Fold Beistelltisch, ein charmantes Objekt f\u00fcr Ihren Wohnbereich, das geschickt einem gefalteten Papier \u00e4hnelt. Hergestellt aus pulverbeschichtetem Stahl in einem Petrolton, garantiert dieser Tisch Langlebigkeit in einem faszinierenden Design. Erh\u00e4ltlich in zwei verschiedenen Varianten, erinnert jedes St\u00fcck fast nostalgisch an die Bastelarbeiten aus der Schulzeit. Seine robuste, sehr schwere Bauweise macht ihn [&hellip;]<\/p>\n","protected":false},"featured_media":1113686,"template":"","meta":{"_acf_changed":false,"inline_featured_image":false},"product_brand":[],"product_cat":[6998,2861,4028],"product_tag":[],"class_list":{"0":"post-1006552","1":"product","2":"type-product","3":"status-publish","4":"has-post-thumbnail","6":"product_cat-the-buzz-de","7":"product_cat-tische-de","8":"product_cat-beistelltische-de","9":"product_shipping_class-pk","11":"pa_color-petrol-3","12":"pa_material-eisen-de","14":"first","15":"instock","16":"taxable","17":"shipping-taxable","18":"purchasable","19":"product-type-simple"},"exclude_global_add_ons":[],"addons":[],"acf":[],"yoast_head":"<!-- This site is optimized with the Yoast SEO plugin v26.4 - https:\/\/yoast.com\/wordpress\/plugins\/seo\/ -->\n<title>Fold Beistelltisch Petrol - H\u00fcbsch<\/title>\n<meta name=\"description\" content=\"Wir pr\u00e4sentieren den Fold Beistelltisch, ein charmantes Objekt f\u00fcr Ihren Wohnbereich, das geschickt einem gefalteten Papier \u00e4hnelt. Hergestellt aus\" \/>\n<meta name=\"robots\" content=\"index, follow, max-snippet:-1, max-image-preview:large, max-video-preview:-1\" \/>\n<link rel=\"canonical\" href=\"https:\/\/hubsch-interior.com\/de\/wp-json\/wp\/v2\/product\/1006552\" \/>\n<meta property=\"og:locale\" content=\"de_DE\" \/>\n<meta property=\"og:type\" content=\"article\" \/>\n<meta property=\"og:title\" content=\"Fold Beistelltisch Petrol - H\u00fcbsch\" \/>\n<meta property=\"og:description\" content=\"Wir pr\u00e4sentieren den Fold Beistelltisch, ein charmantes Objekt f\u00fcr Ihren Wohnbereich, das geschickt einem gefalteten Papier \u00e4hnelt. Hergestellt aus\" \/>\n<meta property=\"og:url\" content=\"https:\/\/hubsch-interior.com\/de\/produkt\/fold-beistelltisch-petrol\/\" \/>\n<meta property=\"og:site_name\" content=\"H\u00fcbsch\" \/>\n<meta property=\"article:modified_time\" content=\"2026-04-09T03:19:35+00:00\" \/>\n<meta property=\"og:image\" content=\"https:\/\/hubsch-interior.com\/wp-content\/uploads\/2025\/01\/fold-side-table-petrol-53ed471938aff81844cafc4497c49ecb.jpg\" \/>\n\t<meta property=\"og:image:width\" content=\"1200\" \/>\n\t<meta property=\"og:image:height\" content=\"1200\" \/>\n\t<meta property=\"og:image:type\" content=\"image\/jpeg\" \/>\n<meta name=\"twitter:card\" content=\"summary_large_image\" \/>\n<script type=\"application\/ld+json\" class=\"yoast-schema-graph\">{\"@context\":\"https:\/\/schema.org\",\"@graph\":[{\"@type\":\"WebPage\",\"@id\":\"https:\/\/hubsch-interior.com\/de\/produkt\/fold-beistelltisch-petrol\/\",\"url\":\"https:\/\/hubsch-interior.com\/de\/produkt\/fold-beistelltisch-petrol\/\",\"name\":\"Fold Beistelltisch Petrol - H\u00fcbsch\",\"isPartOf\":{\"@id\":\"https:\/\/hubsch-interior.com\/de\/#website\"},\"primaryImageOfPage\":{\"@id\":\"https:\/\/hubsch-interior.com\/de\/produkt\/fold-beistelltisch-petrol\/#primaryimage\"},\"image\":{\"@id\":\"https:\/\/hubsch-interior.com\/de\/produkt\/fold-beistelltisch-petrol\/#primaryimage\"},\"thumbnailUrl\":\"https:\/\/hubsch-interior.com\/wp-content\/uploads\/2026\/02\/fold-side-table-petrol-18e566d5e7dccd882f3e7f069be59ba6.jpg\",\"datePublished\":\"2025-01-14T11:57:49+00:00\",\"dateModified\":\"2026-04-09T03:19:35+00:00\",\"description\":\"Wir pr\u00e4sentieren den Fold Beistelltisch, ein charmantes Objekt f\u00fcr Ihren Wohnbereich, das geschickt einem gefalteten Papier \u00e4hnelt. Hergestellt aus\",\"breadcrumb\":{\"@id\":\"https:\/\/hubsch-interior.com\/de\/produkt\/fold-beistelltisch-petrol\/#breadcrumb\"},\"inLanguage\":\"de\",\"potentialAction\":[{\"@type\":\"ReadAction\",\"target\":[\"https:\/\/hubsch-interior.com\/de\/produkt\/fold-beistelltisch-petrol\/\"]}]},{\"@type\":\"ImageObject\",\"inLanguage\":\"de\",\"@id\":\"https:\/\/hubsch-interior.com\/de\/produkt\/fold-beistelltisch-petrol\/#primaryimage\",\"url\":\"https:\/\/hubsch-interior.com\/wp-content\/uploads\/2026\/02\/fold-side-table-petrol-18e566d5e7dccd882f3e7f069be59ba6.jpg\",\"contentUrl\":\"https:\/\/hubsch-interior.com\/wp-content\/uploads\/2026\/02\/fold-side-table-petrol-18e566d5e7dccd882f3e7f069be59ba6.jpg\",\"width\":1024,\"height\":1024},{\"@type\":\"BreadcrumbList\",\"@id\":\"https:\/\/hubsch-interior.com\/de\/produkt\/fold-beistelltisch-petrol\/#breadcrumb\",\"itemListElement\":[{\"@type\":\"ListItem\",\"position\":1,\"name\":\"Startseite\",\"item\":\"https:\/\/hubsch-interior.com\/de\/\"},{\"@type\":\"ListItem\",\"position\":2,\"name\":\"Produkte\",\"item\":\"https:\/\/hubsch-interior.com\/de\/shop-2\/\"},{\"@type\":\"ListItem\",\"position\":3,\"name\":\"M\u00f6bel\",\"item\":\"https:\/\/hubsch-interior.com\/de\/produkt-kategorie\/moebel\/\"},{\"@type\":\"ListItem\",\"position\":4,\"name\":\"Tische\",\"item\":\"https:\/\/hubsch-interior.com\/de\/produkt-kategorie\/moebel\/tische-de\/\"},{\"@type\":\"ListItem\",\"position\":5,\"name\":\"Beistelltische\",\"item\":\"https:\/\/hubsch-interior.com\/de\/produkt-kategorie\/moebel\/tische-de\/beistelltische-de\/\"},{\"@type\":\"ListItem\",\"position\":6,\"name\":\"Fold Beistelltisch Petrol\"}]},{\"@type\":\"WebSite\",\"@id\":\"https:\/\/hubsch-interior.com\/de\/#website\",\"url\":\"https:\/\/hubsch-interior.com\/de\/\",\"name\":\"H\u00fcbsch\",\"description\":\"Danish Home Interior and Design\",\"publisher\":{\"@id\":\"https:\/\/hubsch-interior.com\/de\/#organization\"},\"potentialAction\":[{\"@type\":\"SearchAction\",\"target\":{\"@type\":\"EntryPoint\",\"urlTemplate\":\"https:\/\/hubsch-interior.com\/de\/?s={search_term_string}\"},\"query-input\":{\"@type\":\"PropertyValueSpecification\",\"valueRequired\":true,\"valueName\":\"search_term_string\"}}],\"inLanguage\":\"de\"},{\"@type\":\"Organization\",\"@id\":\"https:\/\/hubsch-interior.com\/de\/#organization\",\"name\":\"H\u00fcbsch\",\"url\":\"https:\/\/hubsch-interior.com\/de\/\",\"logo\":{\"@type\":\"ImageObject\",\"inLanguage\":\"de\",\"@id\":\"https:\/\/hubsch-interior.com\/de\/#\/schema\/logo\/image\/\",\"url\":\"https:\/\/hubsch-interior.com\/wp-content\/uploads\/2022\/12\/Hubsch_logo_black_one_line.svg\",\"contentUrl\":\"https:\/\/hubsch-interior.com\/wp-content\/uploads\/2022\/12\/Hubsch_logo_black_one_line.svg\",\"caption\":\"H\u00fcbsch\"},\"image\":{\"@id\":\"https:\/\/hubsch-interior.com\/de\/#\/schema\/logo\/image\/\"}}]}<\/script>\n<!-- \/ Yoast SEO plugin. -->","yoast_head_json":{"title":"Fold Beistelltisch Petrol - H\u00fcbsch","description":"Wir pr\u00e4sentieren den Fold Beistelltisch, ein charmantes Objekt f\u00fcr Ihren Wohnbereich, das geschickt einem gefalteten Papier \u00e4hnelt. Hergestellt aus","robots":{"index":"index","follow":"follow","max-snippet":"max-snippet:-1","max-image-preview":"max-image-preview:large","max-video-preview":"max-video-preview:-1"},"canonical":"https:\/\/hubsch-interior.com\/de\/wp-json\/wp\/v2\/product\/1006552","og_locale":"de_DE","og_type":"article","og_title":"Fold Beistelltisch Petrol - H\u00fcbsch","og_description":"Wir pr\u00e4sentieren den Fold Beistelltisch, ein charmantes Objekt f\u00fcr Ihren Wohnbereich, das geschickt einem gefalteten Papier \u00e4hnelt. Hergestellt aus","og_url":"https:\/\/hubsch-interior.com\/de\/produkt\/fold-beistelltisch-petrol\/","og_site_name":"H\u00fcbsch","article_modified_time":"2026-04-09T03:19:35+00:00","og_image":[{"width":1200,"height":1200,"url":"https:\/\/hubsch-interior.com\/wp-content\/uploads\/2025\/01\/fold-side-table-petrol-53ed471938aff81844cafc4497c49ecb.jpg","type":"image\/jpeg"}],"twitter_card":"summary_large_image","schema":{"@context":"https:\/\/schema.org","@graph":[{"@type":"WebPage","@id":"https:\/\/hubsch-interior.com\/de\/produkt\/fold-beistelltisch-petrol\/","url":"https:\/\/hubsch-interior.com\/de\/produkt\/fold-beistelltisch-petrol\/","name":"Fold Beistelltisch Petrol - H\u00fcbsch","isPartOf":{"@id":"https:\/\/hubsch-interior.com\/de\/#website"},"primaryImageOfPage":{"@id":"https:\/\/hubsch-interior.com\/de\/produkt\/fold-beistelltisch-petrol\/#primaryimage"},"image":{"@id":"https:\/\/hubsch-interior.com\/de\/produkt\/fold-beistelltisch-petrol\/#primaryimage"},"thumbnailUrl":"https:\/\/hubsch-interior.com\/wp-content\/uploads\/2026\/02\/fold-side-table-petrol-18e566d5e7dccd882f3e7f069be59ba6.jpg","datePublished":"2025-01-14T11:57:49+00:00","dateModified":"2026-04-09T03:19:35+00:00","description":"Wir pr\u00e4sentieren den Fold Beistelltisch, ein charmantes Objekt f\u00fcr Ihren Wohnbereich, das geschickt einem gefalteten Papier \u00e4hnelt. Hergestellt aus","breadcrumb":{"@id":"https:\/\/hubsch-interior.com\/de\/produkt\/fold-beistelltisch-petrol\/#breadcrumb"},"inLanguage":"de","potentialAction":[{"@type":"ReadAction","target":["https:\/\/hubsch-interior.com\/de\/produkt\/fold-beistelltisch-petrol\/"]}]},{"@type":"ImageObject","inLanguage":"de","@id":"https:\/\/hubsch-interior.com\/de\/produkt\/fold-beistelltisch-petrol\/#primaryimage","url":"https:\/\/hubsch-interior.com\/wp-content\/uploads\/2026\/02\/fold-side-table-petrol-18e566d5e7dccd882f3e7f069be59ba6.jpg","contentUrl":"https:\/\/hubsch-interior.com\/wp-content\/uploads\/2026\/02\/fold-side-table-petrol-18e566d5e7dccd882f3e7f069be59ba6.jpg","width":1024,"height":1024},{"@type":"BreadcrumbList","@id":"https:\/\/hubsch-interior.com\/de\/produkt\/fold-beistelltisch-petrol\/#breadcrumb","itemListElement":[{"@type":"ListItem","position":1,"name":"Startseite","item":"https:\/\/hubsch-interior.com\/de\/"},{"@type":"ListItem","position":2,"name":"Produkte","item":"https:\/\/hubsch-interior.com\/de\/shop-2\/"},{"@type":"ListItem","position":3,"name":"M\u00f6bel","item":"https:\/\/hubsch-interior.com\/de\/produkt-kategorie\/moebel\/"},{"@type":"ListItem","position":4,"name":"Tische","item":"https:\/\/hubsch-interior.com\/de\/produkt-kategorie\/moebel\/tische-de\/"},{"@type":"ListItem","position":5,"name":"Beistelltische","item":"https:\/\/hubsch-interior.com\/de\/produkt-kategorie\/moebel\/tische-de\/beistelltische-de\/"},{"@type":"ListItem","position":6,"name":"Fold Beistelltisch Petrol"}]},{"@type":"WebSite","@id":"https:\/\/hubsch-interior.com\/de\/#website","url":"https:\/\/hubsch-interior.com\/de\/","name":"H\u00fcbsch","description":"Danish Home Interior and Design","publisher":{"@id":"https:\/\/hubsch-interior.com\/de\/#organization"},"potentialAction":[{"@type":"SearchAction","target":{"@type":"EntryPoint","urlTemplate":"https:\/\/hubsch-interior.com\/de\/?s={search_term_string}"},"query-input":{"@type":"PropertyValueSpecification","valueRequired":true,"valueName":"search_term_string"}}],"inLanguage":"de"},{"@type":"Organization","@id":"https:\/\/hubsch-interior.com\/de\/#organization","name":"H\u00fcbsch","url":"https:\/\/hubsch-interior.com\/de\/","logo":{"@type":"ImageObject","inLanguage":"de","@id":"https:\/\/hubsch-interior.com\/de\/#\/schema\/logo\/image\/","url":"https:\/\/hubsch-interior.com\/wp-content\/uploads\/2022\/12\/Hubsch_logo_black_one_line.svg","contentUrl":"https:\/\/hubsch-interior.com\/wp-content\/uploads\/2022\/12\/Hubsch_logo_black_one_line.svg","caption":"H\u00fcbsch"},"image":{"@id":"https:\/\/hubsch-interior.com\/de\/#\/schema\/logo\/image\/"}}]}},"_links":{"self":[{"href":"https:\/\/hubsch-interior.com\/de\/wp-json\/wp\/v2\/product\/1006552","targetHints":{"allow":["GET"]}}],"collection":[{"href":"https:\/\/hubsch-interior.com\/de\/wp-json\/wp\/v2\/product"}],"about":[{"href":"https:\/\/hubsch-interior.com\/de\/wp-json\/wp\/v2\/types\/product"}],"wp:featuredmedia":[{"embeddable":true,"href":"https:\/\/hubsch-interior.com\/de\/wp-json\/wp\/v2\/media\/1113686"}],"wp:attachment":[{"href":"https:\/\/hubsch-interior.com\/de\/wp-json\/wp\/v2\/media?parent=1006552"}],"wp:term":[{"taxonomy":"product_brand","embeddable":true,"href":"https:\/\/hubsch-interior.com\/de\/wp-json\/wp\/v2\/product_brand?post=1006552"},{"taxonomy":"product_cat","embeddable":true,"href":"https:\/\/hubsch-interior.com\/de\/wp-json\/wp\/v2\/product_cat?post=1006552"},{"taxonomy":"product_tag","embeddable":true,"href":"https:\/\/hubsch-interior.com\/de\/wp-json\/wp\/v2\/product_tag?post=1006552"}],"curies":[{"name":"wp","href":"https:\/\/api.w.org\/{rel}","templated":true}]}}