{"id":1006604,"date":"2025-01-14T12:59:54","date_gmt":"2025-01-14T11:59:54","guid":{"rendered":"https:\/\/hubsch-interior.com\/product\/product\/"},"modified":"2026-04-09T05:19:47","modified_gmt":"2026-04-09T03:19:47","slug":"inbetween-magazinhalter-hellgrau","status":"publish","type":"product","link":"https:\/\/hubsch-interior.com\/de\/produkt\/inbetween-magazinhalter-hellgrau\/","title":{"rendered":"Inbetween Magazinhalter Hellgrau"},"content":{"rendered":"<p>Entdecken Sie die Eleganz der Organisation mit dem Inbetween Magazinhalter, einem wahren Zeugnis schicken Designs in hellgrauem Metall. Dieser grafische Zeitschriftenhalter ist nicht nur ein funktionales Element, sondern auch ein stilvolles Statement, bereit dazu, Ihre markanten B\u00fccher oder Zeitschriften zur Geltung zu bringen. Seine schlanken Linien und die dezente Farbgebung werten jeden Raum auf und verwandeln Unordnung in eine kuratierte Schaufl\u00e4che. Perfekt f\u00fcr den anspruchsvollen Leser, der sowohl Form als auch Funktion in seinem Wohnbereich zu sch\u00e4tzen wei\u00df.<\/p>\n","protected":false},"excerpt":{"rendered":"<p>Entdecken Sie die Eleganz der Organisation mit dem Inbetween Magazinhalter, einem wahren Zeugnis schicken Designs in hellgrauem Metall. Dieser grafische Zeitschriftenhalter ist nicht nur ein funktionales Element, sondern auch ein stilvolles Statement, bereit dazu, Ihre markanten B\u00fccher oder Zeitschriften zur Geltung zu bringen. Seine schlanken Linien und die dezente Farbgebung werten jeden Raum auf und [&hellip;]<\/p>\n","protected":false},"featured_media":1113770,"template":"","meta":{"_acf_changed":false,"inline_featured_image":false},"product_brand":[],"product_cat":[3111,5027,4020,6998],"product_tag":[],"class_list":{"0":"post-1006604","1":"product","2":"type-product","3":"status-publish","4":"has-post-thumbnail","6":"product_cat-aufbewahrung-de","7":"product_cat-bestsellers-de","8":"product_cat-magazinhalter-de","9":"product_cat-the-buzz-de","10":"product_shipping_class-pk","12":"pa_color-hellgrau-2","13":"pa_material-eisen-de","15":"first","16":"instock","17":"featured","18":"taxable","19":"shipping-taxable","20":"purchasable","21":"product-type-simple"},"exclude_global_add_ons":[],"addons":[],"acf":[],"yoast_head":"<!-- This site is optimized with the Yoast SEO plugin v26.4 - https:\/\/yoast.com\/wordpress\/plugins\/seo\/ -->\n<title>Inbetween Magazinhalter Hellgrau - H\u00fcbsch<\/title>\n<meta name=\"description\" content=\"Entdecken Sie die Eleganz der Organisation mit dem Inbetween Magazinhalter, einem wahren Zeugnis schicken Designs in hellgrauem Metall. Dieser grafische\" \/>\n<meta name=\"robots\" content=\"index, follow, max-snippet:-1, max-image-preview:large, max-video-preview:-1\" \/>\n<link rel=\"canonical\" href=\"https:\/\/hubsch-interior.com\/de\/wp-json\/wp\/v2\/product\/1006604\" \/>\n<meta property=\"og:locale\" content=\"de_DE\" \/>\n<meta property=\"og:type\" content=\"article\" \/>\n<meta property=\"og:title\" content=\"Inbetween Magazinhalter Hellgrau - H\u00fcbsch\" \/>\n<meta property=\"og:description\" content=\"Entdecken Sie die Eleganz der Organisation mit dem Inbetween Magazinhalter, einem wahren Zeugnis schicken Designs in hellgrauem Metall. Dieser grafische\" \/>\n<meta property=\"og:url\" content=\"https:\/\/hubsch-interior.com\/de\/produkt\/inbetween-magazinhalter-hellgrau\/\" \/>\n<meta property=\"og:site_name\" content=\"H\u00fcbsch\" \/>\n<meta property=\"article:modified_time\" content=\"2026-04-09T03:19:47+00:00\" \/>\n<meta property=\"og:image\" content=\"https:\/\/hubsch-interior.com\/wp-content\/uploads\/2025\/01\/inbetween-magazine-holder-light-grey-b592c19630b987117ceec08bad4e8a9a.jpg\" \/>\n\t<meta property=\"og:image:width\" content=\"1200\" \/>\n\t<meta property=\"og:image:height\" content=\"1200\" \/>\n\t<meta property=\"og:image:type\" content=\"image\/jpeg\" \/>\n<meta name=\"twitter:card\" content=\"summary_large_image\" \/>\n<script type=\"application\/ld+json\" class=\"yoast-schema-graph\">{\"@context\":\"https:\/\/schema.org\",\"@graph\":[{\"@type\":\"WebPage\",\"@id\":\"https:\/\/hubsch-interior.com\/de\/produkt\/inbetween-magazinhalter-hellgrau\/\",\"url\":\"https:\/\/hubsch-interior.com\/de\/produkt\/inbetween-magazinhalter-hellgrau\/\",\"name\":\"Inbetween Magazinhalter Hellgrau - H\u00fcbsch\",\"isPartOf\":{\"@id\":\"https:\/\/hubsch-interior.com\/de\/#website\"},\"primaryImageOfPage\":{\"@id\":\"https:\/\/hubsch-interior.com\/de\/produkt\/inbetween-magazinhalter-hellgrau\/#primaryimage\"},\"image\":{\"@id\":\"https:\/\/hubsch-interior.com\/de\/produkt\/inbetween-magazinhalter-hellgrau\/#primaryimage\"},\"thumbnailUrl\":\"https:\/\/hubsch-interior.com\/wp-content\/uploads\/2026\/02\/inbetween-magazine-holder-light-grey-0377d304f21dc0aec7f650860e51c2ca.jpg\",\"datePublished\":\"2025-01-14T11:59:54+00:00\",\"dateModified\":\"2026-04-09T03:19:47+00:00\",\"description\":\"Entdecken Sie die Eleganz der Organisation mit dem Inbetween Magazinhalter, einem wahren Zeugnis schicken Designs in hellgrauem Metall. Dieser grafische\",\"breadcrumb\":{\"@id\":\"https:\/\/hubsch-interior.com\/de\/produkt\/inbetween-magazinhalter-hellgrau\/#breadcrumb\"},\"inLanguage\":\"de\",\"potentialAction\":[{\"@type\":\"ReadAction\",\"target\":[\"https:\/\/hubsch-interior.com\/de\/produkt\/inbetween-magazinhalter-hellgrau\/\"]}]},{\"@type\":\"ImageObject\",\"inLanguage\":\"de\",\"@id\":\"https:\/\/hubsch-interior.com\/de\/produkt\/inbetween-magazinhalter-hellgrau\/#primaryimage\",\"url\":\"https:\/\/hubsch-interior.com\/wp-content\/uploads\/2026\/02\/inbetween-magazine-holder-light-grey-0377d304f21dc0aec7f650860e51c2ca.jpg\",\"contentUrl\":\"https:\/\/hubsch-interior.com\/wp-content\/uploads\/2026\/02\/inbetween-magazine-holder-light-grey-0377d304f21dc0aec7f650860e51c2ca.jpg\",\"width\":1024,\"height\":1024},{\"@type\":\"BreadcrumbList\",\"@id\":\"https:\/\/hubsch-interior.com\/de\/produkt\/inbetween-magazinhalter-hellgrau\/#breadcrumb\",\"itemListElement\":[{\"@type\":\"ListItem\",\"position\":1,\"name\":\"Startseite\",\"item\":\"https:\/\/hubsch-interior.com\/de\/\"},{\"@type\":\"ListItem\",\"position\":2,\"name\":\"Produkte\",\"item\":\"https:\/\/hubsch-interior.com\/de\/shop-2\/\"},{\"@type\":\"ListItem\",\"position\":3,\"name\":\"Wohnaccessoires\",\"item\":\"https:\/\/hubsch-interior.com\/de\/produkt-kategorie\/wohnaccessoires\/\"},{\"@type\":\"ListItem\",\"position\":4,\"name\":\"Aufbewahrung\",\"item\":\"https:\/\/hubsch-interior.com\/de\/produkt-kategorie\/wohnaccessoires\/aufbewahrung-de\/\"},{\"@type\":\"ListItem\",\"position\":5,\"name\":\"Magazinhalter\",\"item\":\"https:\/\/hubsch-interior.com\/de\/produkt-kategorie\/wohnaccessoires\/aufbewahrung-de\/magazinhalter-de\/\"},{\"@type\":\"ListItem\",\"position\":6,\"name\":\"Inbetween Magazinhalter Hellgrau\"}]},{\"@type\":\"WebSite\",\"@id\":\"https:\/\/hubsch-interior.com\/de\/#website\",\"url\":\"https:\/\/hubsch-interior.com\/de\/\",\"name\":\"H\u00fcbsch\",\"description\":\"Danish Home Interior and Design\",\"publisher\":{\"@id\":\"https:\/\/hubsch-interior.com\/de\/#organization\"},\"potentialAction\":[{\"@type\":\"SearchAction\",\"target\":{\"@type\":\"EntryPoint\",\"urlTemplate\":\"https:\/\/hubsch-interior.com\/de\/?s={search_term_string}\"},\"query-input\":{\"@type\":\"PropertyValueSpecification\",\"valueRequired\":true,\"valueName\":\"search_term_string\"}}],\"inLanguage\":\"de\"},{\"@type\":\"Organization\",\"@id\":\"https:\/\/hubsch-interior.com\/de\/#organization\",\"name\":\"H\u00fcbsch\",\"url\":\"https:\/\/hubsch-interior.com\/de\/\",\"logo\":{\"@type\":\"ImageObject\",\"inLanguage\":\"de\",\"@id\":\"https:\/\/hubsch-interior.com\/de\/#\/schema\/logo\/image\/\",\"url\":\"https:\/\/hubsch-interior.com\/wp-content\/uploads\/2022\/12\/Hubsch_logo_black_one_line.svg\",\"contentUrl\":\"https:\/\/hubsch-interior.com\/wp-content\/uploads\/2022\/12\/Hubsch_logo_black_one_line.svg\",\"caption\":\"H\u00fcbsch\"},\"image\":{\"@id\":\"https:\/\/hubsch-interior.com\/de\/#\/schema\/logo\/image\/\"}}]}<\/script>\n<!-- \/ Yoast SEO plugin. -->","yoast_head_json":{"title":"Inbetween Magazinhalter Hellgrau - H\u00fcbsch","description":"Entdecken Sie die Eleganz der Organisation mit dem Inbetween Magazinhalter, einem wahren Zeugnis schicken Designs in hellgrauem Metall. Dieser grafische","robots":{"index":"index","follow":"follow","max-snippet":"max-snippet:-1","max-image-preview":"max-image-preview:large","max-video-preview":"max-video-preview:-1"},"canonical":"https:\/\/hubsch-interior.com\/de\/wp-json\/wp\/v2\/product\/1006604","og_locale":"de_DE","og_type":"article","og_title":"Inbetween Magazinhalter Hellgrau - H\u00fcbsch","og_description":"Entdecken Sie die Eleganz der Organisation mit dem Inbetween Magazinhalter, einem wahren Zeugnis schicken Designs in hellgrauem Metall. Dieser grafische","og_url":"https:\/\/hubsch-interior.com\/de\/produkt\/inbetween-magazinhalter-hellgrau\/","og_site_name":"H\u00fcbsch","article_modified_time":"2026-04-09T03:19:47+00:00","og_image":[{"width":1200,"height":1200,"url":"https:\/\/hubsch-interior.com\/wp-content\/uploads\/2025\/01\/inbetween-magazine-holder-light-grey-b592c19630b987117ceec08bad4e8a9a.jpg","type":"image\/jpeg"}],"twitter_card":"summary_large_image","schema":{"@context":"https:\/\/schema.org","@graph":[{"@type":"WebPage","@id":"https:\/\/hubsch-interior.com\/de\/produkt\/inbetween-magazinhalter-hellgrau\/","url":"https:\/\/hubsch-interior.com\/de\/produkt\/inbetween-magazinhalter-hellgrau\/","name":"Inbetween Magazinhalter Hellgrau - H\u00fcbsch","isPartOf":{"@id":"https:\/\/hubsch-interior.com\/de\/#website"},"primaryImageOfPage":{"@id":"https:\/\/hubsch-interior.com\/de\/produkt\/inbetween-magazinhalter-hellgrau\/#primaryimage"},"image":{"@id":"https:\/\/hubsch-interior.com\/de\/produkt\/inbetween-magazinhalter-hellgrau\/#primaryimage"},"thumbnailUrl":"https:\/\/hubsch-interior.com\/wp-content\/uploads\/2026\/02\/inbetween-magazine-holder-light-grey-0377d304f21dc0aec7f650860e51c2ca.jpg","datePublished":"2025-01-14T11:59:54+00:00","dateModified":"2026-04-09T03:19:47+00:00","description":"Entdecken Sie die Eleganz der Organisation mit dem Inbetween Magazinhalter, einem wahren Zeugnis schicken Designs in hellgrauem Metall. Dieser grafische","breadcrumb":{"@id":"https:\/\/hubsch-interior.com\/de\/produkt\/inbetween-magazinhalter-hellgrau\/#breadcrumb"},"inLanguage":"de","potentialAction":[{"@type":"ReadAction","target":["https:\/\/hubsch-interior.com\/de\/produkt\/inbetween-magazinhalter-hellgrau\/"]}]},{"@type":"ImageObject","inLanguage":"de","@id":"https:\/\/hubsch-interior.com\/de\/produkt\/inbetween-magazinhalter-hellgrau\/#primaryimage","url":"https:\/\/hubsch-interior.com\/wp-content\/uploads\/2026\/02\/inbetween-magazine-holder-light-grey-0377d304f21dc0aec7f650860e51c2ca.jpg","contentUrl":"https:\/\/hubsch-interior.com\/wp-content\/uploads\/2026\/02\/inbetween-magazine-holder-light-grey-0377d304f21dc0aec7f650860e51c2ca.jpg","width":1024,"height":1024},{"@type":"BreadcrumbList","@id":"https:\/\/hubsch-interior.com\/de\/produkt\/inbetween-magazinhalter-hellgrau\/#breadcrumb","itemListElement":[{"@type":"ListItem","position":1,"name":"Startseite","item":"https:\/\/hubsch-interior.com\/de\/"},{"@type":"ListItem","position":2,"name":"Produkte","item":"https:\/\/hubsch-interior.com\/de\/shop-2\/"},{"@type":"ListItem","position":3,"name":"Wohnaccessoires","item":"https:\/\/hubsch-interior.com\/de\/produkt-kategorie\/wohnaccessoires\/"},{"@type":"ListItem","position":4,"name":"Aufbewahrung","item":"https:\/\/hubsch-interior.com\/de\/produkt-kategorie\/wohnaccessoires\/aufbewahrung-de\/"},{"@type":"ListItem","position":5,"name":"Magazinhalter","item":"https:\/\/hubsch-interior.com\/de\/produkt-kategorie\/wohnaccessoires\/aufbewahrung-de\/magazinhalter-de\/"},{"@type":"ListItem","position":6,"name":"Inbetween Magazinhalter Hellgrau"}]},{"@type":"WebSite","@id":"https:\/\/hubsch-interior.com\/de\/#website","url":"https:\/\/hubsch-interior.com\/de\/","name":"H\u00fcbsch","description":"Danish Home Interior and Design","publisher":{"@id":"https:\/\/hubsch-interior.com\/de\/#organization"},"potentialAction":[{"@type":"SearchAction","target":{"@type":"EntryPoint","urlTemplate":"https:\/\/hubsch-interior.com\/de\/?s={search_term_string}"},"query-input":{"@type":"PropertyValueSpecification","valueRequired":true,"valueName":"search_term_string"}}],"inLanguage":"de"},{"@type":"Organization","@id":"https:\/\/hubsch-interior.com\/de\/#organization","name":"H\u00fcbsch","url":"https:\/\/hubsch-interior.com\/de\/","logo":{"@type":"ImageObject","inLanguage":"de","@id":"https:\/\/hubsch-interior.com\/de\/#\/schema\/logo\/image\/","url":"https:\/\/hubsch-interior.com\/wp-content\/uploads\/2022\/12\/Hubsch_logo_black_one_line.svg","contentUrl":"https:\/\/hubsch-interior.com\/wp-content\/uploads\/2022\/12\/Hubsch_logo_black_one_line.svg","caption":"H\u00fcbsch"},"image":{"@id":"https:\/\/hubsch-interior.com\/de\/#\/schema\/logo\/image\/"}}]}},"_links":{"self":[{"href":"https:\/\/hubsch-interior.com\/de\/wp-json\/wp\/v2\/product\/1006604","targetHints":{"allow":["GET"]}}],"collection":[{"href":"https:\/\/hubsch-interior.com\/de\/wp-json\/wp\/v2\/product"}],"about":[{"href":"https:\/\/hubsch-interior.com\/de\/wp-json\/wp\/v2\/types\/product"}],"wp:featuredmedia":[{"embeddable":true,"href":"https:\/\/hubsch-interior.com\/de\/wp-json\/wp\/v2\/media\/1113770"}],"wp:attachment":[{"href":"https:\/\/hubsch-interior.com\/de\/wp-json\/wp\/v2\/media?parent=1006604"}],"wp:term":[{"taxonomy":"product_brand","embeddable":true,"href":"https:\/\/hubsch-interior.com\/de\/wp-json\/wp\/v2\/product_brand?post=1006604"},{"taxonomy":"product_cat","embeddable":true,"href":"https:\/\/hubsch-interior.com\/de\/wp-json\/wp\/v2\/product_cat?post=1006604"},{"taxonomy":"product_tag","embeddable":true,"href":"https:\/\/hubsch-interior.com\/de\/wp-json\/wp\/v2\/product_tag?post=1006604"}],"curies":[{"name":"wp","href":"https:\/\/api.w.org\/{rel}","templated":true}]}}