{"id":1006624,"date":"2025-01-14T13:00:26","date_gmt":"2025-01-14T12:00:26","guid":{"rendered":"https:\/\/hubsch-interior.com\/product\/product\/"},"modified":"2026-04-26T05:28:57","modified_gmt":"2026-04-26T03:28:57","slug":"play-kuchenrollenhalter-blau-grau-grun","status":"publish","type":"product","link":"https:\/\/hubsch-interior.com\/de\/produkt\/play-kuchenrollenhalter-blau-grau-grun\/","title":{"rendered":"Play K\u00fcchenrollenhalter Blau\/Grau\/Gr\u00fcn"},"content":{"rendered":"<p>Entdecken Sie den Charme unseres Play K\u00fcchenrollenhalters, eine reizvolle Kombination aus Blau-, Grau- und Gr\u00fcnt\u00f6nen, die Ihrer K\u00fcche einen farbenfrohen Akzent verleihen. Aus robustem Metall gefertigt, garantiert dieses unverzichtbare Zubeh\u00f6r Langlebigkeit mit einem Hauch von Stil. Das Greifen nach einer K\u00fcchenrolle ist nie langweilig; dieser Halter sorgt daf\u00fcr, dass Praktikabilit\u00e4t auf Eleganz trifft. Wer kann ohne diese lebendige und n\u00fctzliche Erg\u00e4nzung in seiner K\u00fcche leben? Machen Sie jeden Tag ein wenig heller mit dieser farbenfrohen Kombination!<\/p>\n","protected":false},"excerpt":{"rendered":"<p>Entdecken Sie den Charme unseres Play K\u00fcchenrollenhalters, eine reizvolle Kombination aus Blau-, Grau- und Gr\u00fcnt\u00f6nen, die Ihrer K\u00fcche einen farbenfrohen Akzent verleihen. Aus robustem Metall gefertigt, garantiert dieses unverzichtbare Zubeh\u00f6r Langlebigkeit mit einem Hauch von Stil. Das Greifen nach einer K\u00fcchenrolle ist nie langweilig; dieser Halter sorgt daf\u00fcr, dass Praktikabilit\u00e4t auf Eleganz trifft. Wer kann [&hellip;]<\/p>\n","protected":false},"featured_media":1113778,"template":"","meta":{"_acf_changed":false,"inline_featured_image":false},"product_brand":[],"product_cat":[7060,6998,7029,4055,4096,5027,5031],"product_tag":[],"class_list":{"0":"post-1006624","1":"product","2":"type-product","3":"status-publish","4":"has-post-thumbnail","6":"product_cat-kuechenrollenhalter-de","7":"product_cat-the-buzz-de","8":"product_cat-tischgeschirr-de-2","9":"product_cat-kuechenzubehoer-de","10":"product_cat-tischgeschirr-de","11":"product_cat-bestsellers-de","12":"product_cat-wieder-auf-lager-de","13":"product_shipping_class-pk","15":"pa_color-blau-2","16":"pa_color-grn-2","17":"pa_color-grau-2","18":"pa_material-eisen-de","20":"first","21":"instock","22":"featured","23":"taxable","24":"shipping-taxable","25":"purchasable","26":"product-type-simple"},"exclude_global_add_ons":[],"addons":[],"acf":[],"yoast_head":"<!-- This site is optimized with the Yoast SEO plugin v26.4 - https:\/\/yoast.com\/wordpress\/plugins\/seo\/ -->\n<title>Play K\u00fcchenrollenhalter Blau\/Grau\/Gr\u00fcn - H\u00fcbsch<\/title>\n<meta name=\"description\" content=\"Entdecken Sie den Charme unseres Play K\u00fcchenrollenhalters, eine reizvolle Kombination aus Blau-, Grau- und Gr\u00fcnt\u00f6nen, die Ihrer K\u00fcche einen farbenfrohen\" \/>\n<meta name=\"robots\" content=\"index, follow, max-snippet:-1, max-image-preview:large, max-video-preview:-1\" \/>\n<link rel=\"canonical\" href=\"https:\/\/hubsch-interior.com\/de\/wp-json\/wp\/v2\/product\/1006624\" \/>\n<meta property=\"og:locale\" content=\"de_DE\" \/>\n<meta property=\"og:type\" content=\"article\" \/>\n<meta property=\"og:title\" content=\"Play K\u00fcchenrollenhalter Blau\/Grau\/Gr\u00fcn - H\u00fcbsch\" \/>\n<meta property=\"og:description\" content=\"Entdecken Sie den Charme unseres Play K\u00fcchenrollenhalters, eine reizvolle Kombination aus Blau-, Grau- und Gr\u00fcnt\u00f6nen, die Ihrer K\u00fcche einen farbenfrohen\" \/>\n<meta property=\"og:url\" content=\"https:\/\/hubsch-interior.com\/de\/produkt\/play-kuchenrollenhalter-blau-grau-grun\/\" \/>\n<meta property=\"og:site_name\" content=\"H\u00fcbsch\" \/>\n<meta property=\"article:modified_time\" content=\"2026-04-26T03:28:57+00:00\" \/>\n<meta property=\"og:image\" content=\"https:\/\/hubsch-interior.com\/wp-content\/uploads\/2025\/01\/play-kitchen-roll-holder-bluegreygreen-99402c7c65192933f1381b37e6990f33.jpg\" \/>\n\t<meta property=\"og:image:width\" content=\"1200\" \/>\n\t<meta property=\"og:image:height\" content=\"1200\" \/>\n\t<meta property=\"og:image:type\" content=\"image\/jpeg\" \/>\n<meta name=\"twitter:card\" content=\"summary_large_image\" \/>\n<script type=\"application\/ld+json\" class=\"yoast-schema-graph\">{\"@context\":\"https:\/\/schema.org\",\"@graph\":[{\"@type\":\"WebPage\",\"@id\":\"https:\/\/hubsch-interior.com\/de\/produkt\/play-kuchenrollenhalter-blau-grau-grun\/\",\"url\":\"https:\/\/hubsch-interior.com\/de\/produkt\/play-kuchenrollenhalter-blau-grau-grun\/\",\"name\":\"Play K\u00fcchenrollenhalter Blau\/Grau\/Gr\u00fcn - H\u00fcbsch\",\"isPartOf\":{\"@id\":\"https:\/\/hubsch-interior.com\/de\/#website\"},\"primaryImageOfPage\":{\"@id\":\"https:\/\/hubsch-interior.com\/de\/produkt\/play-kuchenrollenhalter-blau-grau-grun\/#primaryimage\"},\"image\":{\"@id\":\"https:\/\/hubsch-interior.com\/de\/produkt\/play-kuchenrollenhalter-blau-grau-grun\/#primaryimage\"},\"thumbnailUrl\":\"https:\/\/hubsch-interior.com\/wp-content\/uploads\/2026\/02\/play-kitchen-roll-holder-bluegreygreen-cb6a2a8428f6b56d6e5fcd79ddf90819.jpg\",\"datePublished\":\"2025-01-14T12:00:26+00:00\",\"dateModified\":\"2026-04-26T03:28:57+00:00\",\"description\":\"Entdecken Sie den Charme unseres Play K\u00fcchenrollenhalters, eine reizvolle Kombination aus Blau-, Grau- und Gr\u00fcnt\u00f6nen, die Ihrer K\u00fcche einen farbenfrohen\",\"breadcrumb\":{\"@id\":\"https:\/\/hubsch-interior.com\/de\/produkt\/play-kuchenrollenhalter-blau-grau-grun\/#breadcrumb\"},\"inLanguage\":\"de\",\"potentialAction\":[{\"@type\":\"ReadAction\",\"target\":[\"https:\/\/hubsch-interior.com\/de\/produkt\/play-kuchenrollenhalter-blau-grau-grun\/\"]}]},{\"@type\":\"ImageObject\",\"inLanguage\":\"de\",\"@id\":\"https:\/\/hubsch-interior.com\/de\/produkt\/play-kuchenrollenhalter-blau-grau-grun\/#primaryimage\",\"url\":\"https:\/\/hubsch-interior.com\/wp-content\/uploads\/2026\/02\/play-kitchen-roll-holder-bluegreygreen-cb6a2a8428f6b56d6e5fcd79ddf90819.jpg\",\"contentUrl\":\"https:\/\/hubsch-interior.com\/wp-content\/uploads\/2026\/02\/play-kitchen-roll-holder-bluegreygreen-cb6a2a8428f6b56d6e5fcd79ddf90819.jpg\",\"width\":1024,\"height\":1024},{\"@type\":\"BreadcrumbList\",\"@id\":\"https:\/\/hubsch-interior.com\/de\/produkt\/play-kuchenrollenhalter-blau-grau-grun\/#breadcrumb\",\"itemListElement\":[{\"@type\":\"ListItem\",\"position\":1,\"name\":\"Startseite\",\"item\":\"https:\/\/hubsch-interior.com\/de\/\"},{\"@type\":\"ListItem\",\"position\":2,\"name\":\"Produkte\",\"item\":\"https:\/\/hubsch-interior.com\/de\/shop-2\/\"},{\"@type\":\"ListItem\",\"position\":3,\"name\":\"K\u00fcche\",\"item\":\"https:\/\/hubsch-interior.com\/de\/produkt-kategorie\/kuche\/\"},{\"@type\":\"ListItem\",\"position\":4,\"name\":\"Tischgeschirr\",\"item\":\"https:\/\/hubsch-interior.com\/de\/produkt-kategorie\/kuche\/tischgeschirr-de-2\/\"},{\"@type\":\"ListItem\",\"position\":5,\"name\":\"K&uuml;chenrollenhalter\",\"item\":\"https:\/\/hubsch-interior.com\/de\/produkt-kategorie\/kuche\/tischgeschirr-de-2\/kuechenrollenhalter-de\/\"},{\"@type\":\"ListItem\",\"position\":6,\"name\":\"Play K\u00fcchenrollenhalter Blau\/Grau\/Gr\u00fcn\"}]},{\"@type\":\"WebSite\",\"@id\":\"https:\/\/hubsch-interior.com\/de\/#website\",\"url\":\"https:\/\/hubsch-interior.com\/de\/\",\"name\":\"H\u00fcbsch\",\"description\":\"Danish Home Interior and Design\",\"publisher\":{\"@id\":\"https:\/\/hubsch-interior.com\/de\/#organization\"},\"potentialAction\":[{\"@type\":\"SearchAction\",\"target\":{\"@type\":\"EntryPoint\",\"urlTemplate\":\"https:\/\/hubsch-interior.com\/de\/?s={search_term_string}\"},\"query-input\":{\"@type\":\"PropertyValueSpecification\",\"valueRequired\":true,\"valueName\":\"search_term_string\"}}],\"inLanguage\":\"de\"},{\"@type\":\"Organization\",\"@id\":\"https:\/\/hubsch-interior.com\/de\/#organization\",\"name\":\"H\u00fcbsch\",\"url\":\"https:\/\/hubsch-interior.com\/de\/\",\"logo\":{\"@type\":\"ImageObject\",\"inLanguage\":\"de\",\"@id\":\"https:\/\/hubsch-interior.com\/de\/#\/schema\/logo\/image\/\",\"url\":\"https:\/\/hubsch-interior.com\/wp-content\/uploads\/2022\/12\/Hubsch_logo_black_one_line.svg\",\"contentUrl\":\"https:\/\/hubsch-interior.com\/wp-content\/uploads\/2022\/12\/Hubsch_logo_black_one_line.svg\",\"caption\":\"H\u00fcbsch\"},\"image\":{\"@id\":\"https:\/\/hubsch-interior.com\/de\/#\/schema\/logo\/image\/\"}}]}<\/script>\n<!-- \/ Yoast SEO plugin. -->","yoast_head_json":{"title":"Play K\u00fcchenrollenhalter Blau\/Grau\/Gr\u00fcn - H\u00fcbsch","description":"Entdecken Sie den Charme unseres Play K\u00fcchenrollenhalters, eine reizvolle Kombination aus Blau-, Grau- und Gr\u00fcnt\u00f6nen, die Ihrer K\u00fcche einen farbenfrohen","robots":{"index":"index","follow":"follow","max-snippet":"max-snippet:-1","max-image-preview":"max-image-preview:large","max-video-preview":"max-video-preview:-1"},"canonical":"https:\/\/hubsch-interior.com\/de\/wp-json\/wp\/v2\/product\/1006624","og_locale":"de_DE","og_type":"article","og_title":"Play K\u00fcchenrollenhalter Blau\/Grau\/Gr\u00fcn - H\u00fcbsch","og_description":"Entdecken Sie den Charme unseres Play K\u00fcchenrollenhalters, eine reizvolle Kombination aus Blau-, Grau- und Gr\u00fcnt\u00f6nen, die Ihrer K\u00fcche einen farbenfrohen","og_url":"https:\/\/hubsch-interior.com\/de\/produkt\/play-kuchenrollenhalter-blau-grau-grun\/","og_site_name":"H\u00fcbsch","article_modified_time":"2026-04-26T03:28:57+00:00","og_image":[{"width":1200,"height":1200,"url":"https:\/\/hubsch-interior.com\/wp-content\/uploads\/2025\/01\/play-kitchen-roll-holder-bluegreygreen-99402c7c65192933f1381b37e6990f33.jpg","type":"image\/jpeg"}],"twitter_card":"summary_large_image","schema":{"@context":"https:\/\/schema.org","@graph":[{"@type":"WebPage","@id":"https:\/\/hubsch-interior.com\/de\/produkt\/play-kuchenrollenhalter-blau-grau-grun\/","url":"https:\/\/hubsch-interior.com\/de\/produkt\/play-kuchenrollenhalter-blau-grau-grun\/","name":"Play K\u00fcchenrollenhalter Blau\/Grau\/Gr\u00fcn - H\u00fcbsch","isPartOf":{"@id":"https:\/\/hubsch-interior.com\/de\/#website"},"primaryImageOfPage":{"@id":"https:\/\/hubsch-interior.com\/de\/produkt\/play-kuchenrollenhalter-blau-grau-grun\/#primaryimage"},"image":{"@id":"https:\/\/hubsch-interior.com\/de\/produkt\/play-kuchenrollenhalter-blau-grau-grun\/#primaryimage"},"thumbnailUrl":"https:\/\/hubsch-interior.com\/wp-content\/uploads\/2026\/02\/play-kitchen-roll-holder-bluegreygreen-cb6a2a8428f6b56d6e5fcd79ddf90819.jpg","datePublished":"2025-01-14T12:00:26+00:00","dateModified":"2026-04-26T03:28:57+00:00","description":"Entdecken Sie den Charme unseres Play K\u00fcchenrollenhalters, eine reizvolle Kombination aus Blau-, Grau- und Gr\u00fcnt\u00f6nen, die Ihrer K\u00fcche einen farbenfrohen","breadcrumb":{"@id":"https:\/\/hubsch-interior.com\/de\/produkt\/play-kuchenrollenhalter-blau-grau-grun\/#breadcrumb"},"inLanguage":"de","potentialAction":[{"@type":"ReadAction","target":["https:\/\/hubsch-interior.com\/de\/produkt\/play-kuchenrollenhalter-blau-grau-grun\/"]}]},{"@type":"ImageObject","inLanguage":"de","@id":"https:\/\/hubsch-interior.com\/de\/produkt\/play-kuchenrollenhalter-blau-grau-grun\/#primaryimage","url":"https:\/\/hubsch-interior.com\/wp-content\/uploads\/2026\/02\/play-kitchen-roll-holder-bluegreygreen-cb6a2a8428f6b56d6e5fcd79ddf90819.jpg","contentUrl":"https:\/\/hubsch-interior.com\/wp-content\/uploads\/2026\/02\/play-kitchen-roll-holder-bluegreygreen-cb6a2a8428f6b56d6e5fcd79ddf90819.jpg","width":1024,"height":1024},{"@type":"BreadcrumbList","@id":"https:\/\/hubsch-interior.com\/de\/produkt\/play-kuchenrollenhalter-blau-grau-grun\/#breadcrumb","itemListElement":[{"@type":"ListItem","position":1,"name":"Startseite","item":"https:\/\/hubsch-interior.com\/de\/"},{"@type":"ListItem","position":2,"name":"Produkte","item":"https:\/\/hubsch-interior.com\/de\/shop-2\/"},{"@type":"ListItem","position":3,"name":"K\u00fcche","item":"https:\/\/hubsch-interior.com\/de\/produkt-kategorie\/kuche\/"},{"@type":"ListItem","position":4,"name":"Tischgeschirr","item":"https:\/\/hubsch-interior.com\/de\/produkt-kategorie\/kuche\/tischgeschirr-de-2\/"},{"@type":"ListItem","position":5,"name":"K&uuml;chenrollenhalter","item":"https:\/\/hubsch-interior.com\/de\/produkt-kategorie\/kuche\/tischgeschirr-de-2\/kuechenrollenhalter-de\/"},{"@type":"ListItem","position":6,"name":"Play K\u00fcchenrollenhalter Blau\/Grau\/Gr\u00fcn"}]},{"@type":"WebSite","@id":"https:\/\/hubsch-interior.com\/de\/#website","url":"https:\/\/hubsch-interior.com\/de\/","name":"H\u00fcbsch","description":"Danish Home Interior and Design","publisher":{"@id":"https:\/\/hubsch-interior.com\/de\/#organization"},"potentialAction":[{"@type":"SearchAction","target":{"@type":"EntryPoint","urlTemplate":"https:\/\/hubsch-interior.com\/de\/?s={search_term_string}"},"query-input":{"@type":"PropertyValueSpecification","valueRequired":true,"valueName":"search_term_string"}}],"inLanguage":"de"},{"@type":"Organization","@id":"https:\/\/hubsch-interior.com\/de\/#organization","name":"H\u00fcbsch","url":"https:\/\/hubsch-interior.com\/de\/","logo":{"@type":"ImageObject","inLanguage":"de","@id":"https:\/\/hubsch-interior.com\/de\/#\/schema\/logo\/image\/","url":"https:\/\/hubsch-interior.com\/wp-content\/uploads\/2022\/12\/Hubsch_logo_black_one_line.svg","contentUrl":"https:\/\/hubsch-interior.com\/wp-content\/uploads\/2022\/12\/Hubsch_logo_black_one_line.svg","caption":"H\u00fcbsch"},"image":{"@id":"https:\/\/hubsch-interior.com\/de\/#\/schema\/logo\/image\/"}}]}},"_links":{"self":[{"href":"https:\/\/hubsch-interior.com\/de\/wp-json\/wp\/v2\/product\/1006624","targetHints":{"allow":["GET"]}}],"collection":[{"href":"https:\/\/hubsch-interior.com\/de\/wp-json\/wp\/v2\/product"}],"about":[{"href":"https:\/\/hubsch-interior.com\/de\/wp-json\/wp\/v2\/types\/product"}],"wp:featuredmedia":[{"embeddable":true,"href":"https:\/\/hubsch-interior.com\/de\/wp-json\/wp\/v2\/media\/1113778"}],"wp:attachment":[{"href":"https:\/\/hubsch-interior.com\/de\/wp-json\/wp\/v2\/media?parent=1006624"}],"wp:term":[{"taxonomy":"product_brand","embeddable":true,"href":"https:\/\/hubsch-interior.com\/de\/wp-json\/wp\/v2\/product_brand?post=1006624"},{"taxonomy":"product_cat","embeddable":true,"href":"https:\/\/hubsch-interior.com\/de\/wp-json\/wp\/v2\/product_cat?post=1006624"},{"taxonomy":"product_tag","embeddable":true,"href":"https:\/\/hubsch-interior.com\/de\/wp-json\/wp\/v2\/product_tag?post=1006624"}],"curies":[{"name":"wp","href":"https:\/\/api.w.org\/{rel}","templated":true}]}}