{"id":1006632,"date":"2025-01-14T13:01:07","date_gmt":"2025-01-14T12:01:07","guid":{"rendered":"https:\/\/hubsch-interior.com\/product\/product\/"},"modified":"2026-04-11T05:16:37","modified_gmt":"2026-04-11T03:16:37","slug":"serendipity-wandleuchte-schwarz","status":"publish","type":"product","link":"https:\/\/hubsch-interior.com\/de\/produkt\/serendipity-wandleuchte-schwarz\/","title":{"rendered":"Serendipity Wandleuchte Schwarz"},"content":{"rendered":"<p>Beleuchten Sie Ihre Lieblingsecke mit der Serendipity Wandlampe, einer klassischen Wandlampe, die Funktion und Stil vereint. Aus robustem Metall mit einem schicken schwarzen Finish gefertigt, besticht sie durch ihr schlankes, minimalistisches Design, das sich nahtlos in jede Einrichtung einf\u00fcgt. Die gro\u00dfe Gl\u00fchbirne wirft ein warmes, einladendes Licht, ideal zum Einkuscheln mit einem guten Buch oder um Ihre Abendruhe zu unterstreichen. Verwandeln Sie Ihren Raum mit diesem stilvollen, zugleich praktischen Zugang zu Ihrem Zuhause.<\/p>\n","protected":false},"excerpt":{"rendered":"<p>Beleuchten Sie Ihre Lieblingsecke mit der Serendipity Wandlampe, einer klassischen Wandlampe, die Funktion und Stil vereint. Aus robustem Metall mit einem schicken schwarzen Finish gefertigt, besticht sie durch ihr schlankes, minimalistisches Design, das sich nahtlos in jede Einrichtung einf\u00fcgt. Die gro\u00dfe Gl\u00fchbirne wirft ein warmes, einladendes Licht, ideal zum Einkuscheln mit einem guten Buch oder [&hellip;]<\/p>\n","protected":false},"featured_media":1111293,"template":"","meta":{"_acf_changed":false,"inline_featured_image":false},"product_brand":[],"product_cat":[6998,3809,3409],"product_tag":[],"class_list":{"0":"post-1006632","1":"product","2":"type-product","3":"status-publish","4":"has-post-thumbnail","6":"product_cat-the-buzz-de","7":"product_cat-beleuchtung","8":"product_cat-wandlampen-de","9":"product_shipping_class-pk","11":"pa_color-schwarz","12":"pa_material-eisen-de","14":"first","15":"instock","16":"taxable","17":"shipping-taxable","18":"purchasable","19":"product-type-simple"},"exclude_global_add_ons":[],"addons":[],"acf":[],"yoast_head":"<!-- This site is optimized with the Yoast SEO plugin v26.4 - https:\/\/yoast.com\/wordpress\/plugins\/seo\/ -->\n<title>Serendipity Wandleuchte Schwarz - H\u00fcbsch<\/title>\n<meta name=\"description\" content=\"Beleuchten Sie Ihre Lieblingsecke mit der Serendipity Wandlampe, einer klassischen Wandlampe, die Funktion und Stil vereint. Aus robustem Metall mit einem\" \/>\n<meta name=\"robots\" content=\"index, follow, max-snippet:-1, max-image-preview:large, max-video-preview:-1\" \/>\n<link rel=\"canonical\" href=\"https:\/\/hubsch-interior.com\/de\/wp-json\/wp\/v2\/product\/1006632\" \/>\n<meta property=\"og:locale\" content=\"de_DE\" \/>\n<meta property=\"og:type\" content=\"article\" \/>\n<meta property=\"og:title\" content=\"Serendipity Wandleuchte Schwarz - H\u00fcbsch\" \/>\n<meta property=\"og:description\" content=\"Beleuchten Sie Ihre Lieblingsecke mit der Serendipity Wandlampe, einer klassischen Wandlampe, die Funktion und Stil vereint. Aus robustem Metall mit einem\" \/>\n<meta property=\"og:url\" content=\"https:\/\/hubsch-interior.com\/de\/produkt\/serendipity-wandleuchte-schwarz\/\" \/>\n<meta property=\"og:site_name\" content=\"H\u00fcbsch\" \/>\n<meta property=\"article:modified_time\" content=\"2026-04-11T03:16:37+00:00\" \/>\n<meta property=\"og:image\" content=\"https:\/\/hubsch-interior.com\/wp-content\/uploads\/2025\/01\/serendipity-wall-light-black-34e847af741feab3bf355e742f146987.jpg\" \/>\n\t<meta property=\"og:image:width\" content=\"1200\" \/>\n\t<meta property=\"og:image:height\" content=\"1200\" \/>\n\t<meta property=\"og:image:type\" content=\"image\/jpeg\" \/>\n<meta name=\"twitter:card\" content=\"summary_large_image\" \/>\n<script type=\"application\/ld+json\" class=\"yoast-schema-graph\">{\"@context\":\"https:\/\/schema.org\",\"@graph\":[{\"@type\":\"WebPage\",\"@id\":\"https:\/\/hubsch-interior.com\/de\/produkt\/serendipity-wandleuchte-schwarz\/\",\"url\":\"https:\/\/hubsch-interior.com\/de\/produkt\/serendipity-wandleuchte-schwarz\/\",\"name\":\"Serendipity Wandleuchte Schwarz - H\u00fcbsch\",\"isPartOf\":{\"@id\":\"https:\/\/hubsch-interior.com\/de\/#website\"},\"primaryImageOfPage\":{\"@id\":\"https:\/\/hubsch-interior.com\/de\/produkt\/serendipity-wandleuchte-schwarz\/#primaryimage\"},\"image\":{\"@id\":\"https:\/\/hubsch-interior.com\/de\/produkt\/serendipity-wandleuchte-schwarz\/#primaryimage\"},\"thumbnailUrl\":\"https:\/\/hubsch-interior.com\/wp-content\/uploads\/2026\/02\/serendipity-wall-light-black-eadaa4203fe95a08aa06ca4313296a6f.jpg\",\"datePublished\":\"2025-01-14T12:01:07+00:00\",\"dateModified\":\"2026-04-11T03:16:37+00:00\",\"description\":\"Beleuchten Sie Ihre Lieblingsecke mit der Serendipity Wandlampe, einer klassischen Wandlampe, die Funktion und Stil vereint. Aus robustem Metall mit einem\",\"breadcrumb\":{\"@id\":\"https:\/\/hubsch-interior.com\/de\/produkt\/serendipity-wandleuchte-schwarz\/#breadcrumb\"},\"inLanguage\":\"de\",\"potentialAction\":[{\"@type\":\"ReadAction\",\"target\":[\"https:\/\/hubsch-interior.com\/de\/produkt\/serendipity-wandleuchte-schwarz\/\"]}]},{\"@type\":\"ImageObject\",\"inLanguage\":\"de\",\"@id\":\"https:\/\/hubsch-interior.com\/de\/produkt\/serendipity-wandleuchte-schwarz\/#primaryimage\",\"url\":\"https:\/\/hubsch-interior.com\/wp-content\/uploads\/2026\/02\/serendipity-wall-light-black-eadaa4203fe95a08aa06ca4313296a6f.jpg\",\"contentUrl\":\"https:\/\/hubsch-interior.com\/wp-content\/uploads\/2026\/02\/serendipity-wall-light-black-eadaa4203fe95a08aa06ca4313296a6f.jpg\",\"width\":1024,\"height\":1024},{\"@type\":\"BreadcrumbList\",\"@id\":\"https:\/\/hubsch-interior.com\/de\/produkt\/serendipity-wandleuchte-schwarz\/#breadcrumb\",\"itemListElement\":[{\"@type\":\"ListItem\",\"position\":1,\"name\":\"Startseite\",\"item\":\"https:\/\/hubsch-interior.com\/de\/\"},{\"@type\":\"ListItem\",\"position\":2,\"name\":\"Produkte\",\"item\":\"https:\/\/hubsch-interior.com\/de\/shop-2\/\"},{\"@type\":\"ListItem\",\"position\":3,\"name\":\"Beleuchtung\",\"item\":\"https:\/\/hubsch-interior.com\/de\/produkt-kategorie\/beleuchtung\/\"},{\"@type\":\"ListItem\",\"position\":4,\"name\":\"Wandlampen\",\"item\":\"https:\/\/hubsch-interior.com\/de\/produkt-kategorie\/beleuchtung\/wandlampen-de\/\"},{\"@type\":\"ListItem\",\"position\":5,\"name\":\"Serendipity Wandleuchte Schwarz\"}]},{\"@type\":\"WebSite\",\"@id\":\"https:\/\/hubsch-interior.com\/de\/#website\",\"url\":\"https:\/\/hubsch-interior.com\/de\/\",\"name\":\"H\u00fcbsch\",\"description\":\"Danish Home Interior and Design\",\"publisher\":{\"@id\":\"https:\/\/hubsch-interior.com\/de\/#organization\"},\"potentialAction\":[{\"@type\":\"SearchAction\",\"target\":{\"@type\":\"EntryPoint\",\"urlTemplate\":\"https:\/\/hubsch-interior.com\/de\/?s={search_term_string}\"},\"query-input\":{\"@type\":\"PropertyValueSpecification\",\"valueRequired\":true,\"valueName\":\"search_term_string\"}}],\"inLanguage\":\"de\"},{\"@type\":\"Organization\",\"@id\":\"https:\/\/hubsch-interior.com\/de\/#organization\",\"name\":\"H\u00fcbsch\",\"url\":\"https:\/\/hubsch-interior.com\/de\/\",\"logo\":{\"@type\":\"ImageObject\",\"inLanguage\":\"de\",\"@id\":\"https:\/\/hubsch-interior.com\/de\/#\/schema\/logo\/image\/\",\"url\":\"https:\/\/hubsch-interior.com\/wp-content\/uploads\/2022\/12\/Hubsch_logo_black_one_line.svg\",\"contentUrl\":\"https:\/\/hubsch-interior.com\/wp-content\/uploads\/2022\/12\/Hubsch_logo_black_one_line.svg\",\"caption\":\"H\u00fcbsch\"},\"image\":{\"@id\":\"https:\/\/hubsch-interior.com\/de\/#\/schema\/logo\/image\/\"}}]}<\/script>\n<!-- \/ Yoast SEO plugin. -->","yoast_head_json":{"title":"Serendipity Wandleuchte Schwarz - H\u00fcbsch","description":"Beleuchten Sie Ihre Lieblingsecke mit der Serendipity Wandlampe, einer klassischen Wandlampe, die Funktion und Stil vereint. Aus robustem Metall mit einem","robots":{"index":"index","follow":"follow","max-snippet":"max-snippet:-1","max-image-preview":"max-image-preview:large","max-video-preview":"max-video-preview:-1"},"canonical":"https:\/\/hubsch-interior.com\/de\/wp-json\/wp\/v2\/product\/1006632","og_locale":"de_DE","og_type":"article","og_title":"Serendipity Wandleuchte Schwarz - H\u00fcbsch","og_description":"Beleuchten Sie Ihre Lieblingsecke mit der Serendipity Wandlampe, einer klassischen Wandlampe, die Funktion und Stil vereint. Aus robustem Metall mit einem","og_url":"https:\/\/hubsch-interior.com\/de\/produkt\/serendipity-wandleuchte-schwarz\/","og_site_name":"H\u00fcbsch","article_modified_time":"2026-04-11T03:16:37+00:00","og_image":[{"width":1200,"height":1200,"url":"https:\/\/hubsch-interior.com\/wp-content\/uploads\/2025\/01\/serendipity-wall-light-black-34e847af741feab3bf355e742f146987.jpg","type":"image\/jpeg"}],"twitter_card":"summary_large_image","schema":{"@context":"https:\/\/schema.org","@graph":[{"@type":"WebPage","@id":"https:\/\/hubsch-interior.com\/de\/produkt\/serendipity-wandleuchte-schwarz\/","url":"https:\/\/hubsch-interior.com\/de\/produkt\/serendipity-wandleuchte-schwarz\/","name":"Serendipity Wandleuchte Schwarz - H\u00fcbsch","isPartOf":{"@id":"https:\/\/hubsch-interior.com\/de\/#website"},"primaryImageOfPage":{"@id":"https:\/\/hubsch-interior.com\/de\/produkt\/serendipity-wandleuchte-schwarz\/#primaryimage"},"image":{"@id":"https:\/\/hubsch-interior.com\/de\/produkt\/serendipity-wandleuchte-schwarz\/#primaryimage"},"thumbnailUrl":"https:\/\/hubsch-interior.com\/wp-content\/uploads\/2026\/02\/serendipity-wall-light-black-eadaa4203fe95a08aa06ca4313296a6f.jpg","datePublished":"2025-01-14T12:01:07+00:00","dateModified":"2026-04-11T03:16:37+00:00","description":"Beleuchten Sie Ihre Lieblingsecke mit der Serendipity Wandlampe, einer klassischen Wandlampe, die Funktion und Stil vereint. Aus robustem Metall mit einem","breadcrumb":{"@id":"https:\/\/hubsch-interior.com\/de\/produkt\/serendipity-wandleuchte-schwarz\/#breadcrumb"},"inLanguage":"de","potentialAction":[{"@type":"ReadAction","target":["https:\/\/hubsch-interior.com\/de\/produkt\/serendipity-wandleuchte-schwarz\/"]}]},{"@type":"ImageObject","inLanguage":"de","@id":"https:\/\/hubsch-interior.com\/de\/produkt\/serendipity-wandleuchte-schwarz\/#primaryimage","url":"https:\/\/hubsch-interior.com\/wp-content\/uploads\/2026\/02\/serendipity-wall-light-black-eadaa4203fe95a08aa06ca4313296a6f.jpg","contentUrl":"https:\/\/hubsch-interior.com\/wp-content\/uploads\/2026\/02\/serendipity-wall-light-black-eadaa4203fe95a08aa06ca4313296a6f.jpg","width":1024,"height":1024},{"@type":"BreadcrumbList","@id":"https:\/\/hubsch-interior.com\/de\/produkt\/serendipity-wandleuchte-schwarz\/#breadcrumb","itemListElement":[{"@type":"ListItem","position":1,"name":"Startseite","item":"https:\/\/hubsch-interior.com\/de\/"},{"@type":"ListItem","position":2,"name":"Produkte","item":"https:\/\/hubsch-interior.com\/de\/shop-2\/"},{"@type":"ListItem","position":3,"name":"Beleuchtung","item":"https:\/\/hubsch-interior.com\/de\/produkt-kategorie\/beleuchtung\/"},{"@type":"ListItem","position":4,"name":"Wandlampen","item":"https:\/\/hubsch-interior.com\/de\/produkt-kategorie\/beleuchtung\/wandlampen-de\/"},{"@type":"ListItem","position":5,"name":"Serendipity Wandleuchte Schwarz"}]},{"@type":"WebSite","@id":"https:\/\/hubsch-interior.com\/de\/#website","url":"https:\/\/hubsch-interior.com\/de\/","name":"H\u00fcbsch","description":"Danish Home Interior and Design","publisher":{"@id":"https:\/\/hubsch-interior.com\/de\/#organization"},"potentialAction":[{"@type":"SearchAction","target":{"@type":"EntryPoint","urlTemplate":"https:\/\/hubsch-interior.com\/de\/?s={search_term_string}"},"query-input":{"@type":"PropertyValueSpecification","valueRequired":true,"valueName":"search_term_string"}}],"inLanguage":"de"},{"@type":"Organization","@id":"https:\/\/hubsch-interior.com\/de\/#organization","name":"H\u00fcbsch","url":"https:\/\/hubsch-interior.com\/de\/","logo":{"@type":"ImageObject","inLanguage":"de","@id":"https:\/\/hubsch-interior.com\/de\/#\/schema\/logo\/image\/","url":"https:\/\/hubsch-interior.com\/wp-content\/uploads\/2022\/12\/Hubsch_logo_black_one_line.svg","contentUrl":"https:\/\/hubsch-interior.com\/wp-content\/uploads\/2022\/12\/Hubsch_logo_black_one_line.svg","caption":"H\u00fcbsch"},"image":{"@id":"https:\/\/hubsch-interior.com\/de\/#\/schema\/logo\/image\/"}}]}},"_links":{"self":[{"href":"https:\/\/hubsch-interior.com\/de\/wp-json\/wp\/v2\/product\/1006632","targetHints":{"allow":["GET"]}}],"collection":[{"href":"https:\/\/hubsch-interior.com\/de\/wp-json\/wp\/v2\/product"}],"about":[{"href":"https:\/\/hubsch-interior.com\/de\/wp-json\/wp\/v2\/types\/product"}],"wp:featuredmedia":[{"embeddable":true,"href":"https:\/\/hubsch-interior.com\/de\/wp-json\/wp\/v2\/media\/1111293"}],"wp:attachment":[{"href":"https:\/\/hubsch-interior.com\/de\/wp-json\/wp\/v2\/media?parent=1006632"}],"wp:term":[{"taxonomy":"product_brand","embeddable":true,"href":"https:\/\/hubsch-interior.com\/de\/wp-json\/wp\/v2\/product_brand?post=1006632"},{"taxonomy":"product_cat","embeddable":true,"href":"https:\/\/hubsch-interior.com\/de\/wp-json\/wp\/v2\/product_cat?post=1006632"},{"taxonomy":"product_tag","embeddable":true,"href":"https:\/\/hubsch-interior.com\/de\/wp-json\/wp\/v2\/product_tag?post=1006632"}],"curies":[{"name":"wp","href":"https:\/\/api.w.org\/{rel}","templated":true}]}}