{"id":1006644,"date":"2025-01-14T13:01:43","date_gmt":"2025-01-14T12:01:43","guid":{"rendered":"https:\/\/hubsch-interior.com\/product\/product\/"},"modified":"2026-04-11T05:16:40","modified_gmt":"2026-04-11T03:16:40","slug":"serendipity-wandleuchte-sandfarben","status":"publish","type":"product","link":"https:\/\/hubsch-interior.com\/de\/produkt\/serendipity-wandleuchte-sandfarben\/","title":{"rendered":"Serendipity Wandleuchte Sandfarben"},"content":{"rendered":"<p>Entdecken Sie den Charme der Serendipity Wandlampe, eine klassische Erg\u00e4nzung f\u00fcr jeden Raum, der einen Hauch von Eleganz sucht. Aus Metall gefertigt, verleiht ihre sandfarbene Patina eine dezente, dennoch anspruchsvolle Ausstrahlung. Perfekt, um eine gem\u00fctliche Atmosph\u00e4re zu schaffen, wirft diese Lampe ein warmes Licht, das jeden Raum in eine ruhige Oase verwandelt. Ideal f\u00fcr Abende, an denen Sie sich mit einem guten Buch einkuscheln oder einen ruhigen Abend zu Hause genie\u00dfen m\u00f6chten, sorgt die Serendipity Wandlampe daf\u00fcr, dass Ihr Wohnbereich in Komfort und Stil getaucht wird.<\/p>\n","protected":false},"excerpt":{"rendered":"<p>Entdecken Sie den Charme der Serendipity Wandlampe, eine klassische Erg\u00e4nzung f\u00fcr jeden Raum, der einen Hauch von Eleganz sucht. Aus Metall gefertigt, verleiht ihre sandfarbene Patina eine dezente, dennoch anspruchsvolle Ausstrahlung. Perfekt, um eine gem\u00fctliche Atmosph\u00e4re zu schaffen, wirft diese Lampe ein warmes Licht, das jeden Raum in eine ruhige Oase verwandelt. Ideal f\u00fcr Abende, [&hellip;]<\/p>\n","protected":false},"featured_media":1111301,"template":"","meta":{"_acf_changed":false,"inline_featured_image":false},"product_brand":[],"product_cat":[6998,3809,3409],"product_tag":[],"class_list":{"0":"post-1006644","1":"product","2":"type-product","3":"status-publish","4":"has-post-thumbnail","6":"product_cat-the-buzz-de","7":"product_cat-beleuchtung","8":"product_cat-wandlampen-de","9":"product_shipping_class-pk","11":"pa_color-sandfarben","12":"pa_material-eisen-de","14":"first","15":"instock","16":"taxable","17":"shipping-taxable","18":"purchasable","19":"product-type-simple"},"exclude_global_add_ons":[],"addons":[],"acf":[],"yoast_head":"<!-- This site is optimized with the Yoast SEO plugin v26.4 - https:\/\/yoast.com\/wordpress\/plugins\/seo\/ -->\n<title>Serendipity Wandleuchte Sandfarben - H\u00fcbsch<\/title>\n<meta name=\"description\" content=\"Entdecken Sie den Charme der Serendipity Wandlampe, eine klassische Erg\u00e4nzung f\u00fcr jeden Raum, der einen Hauch von Eleganz sucht. Aus Metall gefertigt,\" \/>\n<meta name=\"robots\" content=\"index, follow, max-snippet:-1, max-image-preview:large, max-video-preview:-1\" \/>\n<link rel=\"canonical\" href=\"https:\/\/hubsch-interior.com\/de\/wp-json\/wp\/v2\/product\/1006644\" \/>\n<meta property=\"og:locale\" content=\"de_DE\" \/>\n<meta property=\"og:type\" content=\"article\" \/>\n<meta property=\"og:title\" content=\"Serendipity Wandleuchte Sandfarben - H\u00fcbsch\" \/>\n<meta property=\"og:description\" content=\"Entdecken Sie den Charme der Serendipity Wandlampe, eine klassische Erg\u00e4nzung f\u00fcr jeden Raum, der einen Hauch von Eleganz sucht. Aus Metall gefertigt,\" \/>\n<meta property=\"og:url\" content=\"https:\/\/hubsch-interior.com\/de\/produkt\/serendipity-wandleuchte-sandfarben\/\" \/>\n<meta property=\"og:site_name\" content=\"H\u00fcbsch\" \/>\n<meta property=\"article:modified_time\" content=\"2026-04-11T03:16:40+00:00\" \/>\n<meta property=\"og:image\" content=\"https:\/\/hubsch-interior.com\/wp-content\/uploads\/2025\/01\/serendipity-wall-light-sand-d9024c49125f690f841355667023772f.jpg\" \/>\n\t<meta property=\"og:image:width\" content=\"1200\" \/>\n\t<meta property=\"og:image:height\" content=\"1200\" \/>\n\t<meta property=\"og:image:type\" content=\"image\/jpeg\" \/>\n<meta name=\"twitter:card\" content=\"summary_large_image\" \/>\n<script type=\"application\/ld+json\" class=\"yoast-schema-graph\">{\"@context\":\"https:\/\/schema.org\",\"@graph\":[{\"@type\":\"WebPage\",\"@id\":\"https:\/\/hubsch-interior.com\/de\/produkt\/serendipity-wandleuchte-sandfarben\/\",\"url\":\"https:\/\/hubsch-interior.com\/de\/produkt\/serendipity-wandleuchte-sandfarben\/\",\"name\":\"Serendipity Wandleuchte Sandfarben - H\u00fcbsch\",\"isPartOf\":{\"@id\":\"https:\/\/hubsch-interior.com\/de\/#website\"},\"primaryImageOfPage\":{\"@id\":\"https:\/\/hubsch-interior.com\/de\/produkt\/serendipity-wandleuchte-sandfarben\/#primaryimage\"},\"image\":{\"@id\":\"https:\/\/hubsch-interior.com\/de\/produkt\/serendipity-wandleuchte-sandfarben\/#primaryimage\"},\"thumbnailUrl\":\"https:\/\/hubsch-interior.com\/wp-content\/uploads\/2026\/02\/serendipity-wall-light-sand-56a24706ced13bbb3db3ad4a8ba456be.jpg\",\"datePublished\":\"2025-01-14T12:01:43+00:00\",\"dateModified\":\"2026-04-11T03:16:40+00:00\",\"description\":\"Entdecken Sie den Charme der Serendipity Wandlampe, eine klassische Erg\u00e4nzung f\u00fcr jeden Raum, der einen Hauch von Eleganz sucht. Aus Metall gefertigt,\",\"breadcrumb\":{\"@id\":\"https:\/\/hubsch-interior.com\/de\/produkt\/serendipity-wandleuchte-sandfarben\/#breadcrumb\"},\"inLanguage\":\"de\",\"potentialAction\":[{\"@type\":\"ReadAction\",\"target\":[\"https:\/\/hubsch-interior.com\/de\/produkt\/serendipity-wandleuchte-sandfarben\/\"]}]},{\"@type\":\"ImageObject\",\"inLanguage\":\"de\",\"@id\":\"https:\/\/hubsch-interior.com\/de\/produkt\/serendipity-wandleuchte-sandfarben\/#primaryimage\",\"url\":\"https:\/\/hubsch-interior.com\/wp-content\/uploads\/2026\/02\/serendipity-wall-light-sand-56a24706ced13bbb3db3ad4a8ba456be.jpg\",\"contentUrl\":\"https:\/\/hubsch-interior.com\/wp-content\/uploads\/2026\/02\/serendipity-wall-light-sand-56a24706ced13bbb3db3ad4a8ba456be.jpg\",\"width\":1024,\"height\":1024},{\"@type\":\"BreadcrumbList\",\"@id\":\"https:\/\/hubsch-interior.com\/de\/produkt\/serendipity-wandleuchte-sandfarben\/#breadcrumb\",\"itemListElement\":[{\"@type\":\"ListItem\",\"position\":1,\"name\":\"Startseite\",\"item\":\"https:\/\/hubsch-interior.com\/de\/\"},{\"@type\":\"ListItem\",\"position\":2,\"name\":\"Produkte\",\"item\":\"https:\/\/hubsch-interior.com\/de\/shop-2\/\"},{\"@type\":\"ListItem\",\"position\":3,\"name\":\"Beleuchtung\",\"item\":\"https:\/\/hubsch-interior.com\/de\/produkt-kategorie\/beleuchtung\/\"},{\"@type\":\"ListItem\",\"position\":4,\"name\":\"Wandlampen\",\"item\":\"https:\/\/hubsch-interior.com\/de\/produkt-kategorie\/beleuchtung\/wandlampen-de\/\"},{\"@type\":\"ListItem\",\"position\":5,\"name\":\"Serendipity Wandleuchte Sandfarben\"}]},{\"@type\":\"WebSite\",\"@id\":\"https:\/\/hubsch-interior.com\/de\/#website\",\"url\":\"https:\/\/hubsch-interior.com\/de\/\",\"name\":\"H\u00fcbsch\",\"description\":\"Danish Home Interior and Design\",\"publisher\":{\"@id\":\"https:\/\/hubsch-interior.com\/de\/#organization\"},\"potentialAction\":[{\"@type\":\"SearchAction\",\"target\":{\"@type\":\"EntryPoint\",\"urlTemplate\":\"https:\/\/hubsch-interior.com\/de\/?s={search_term_string}\"},\"query-input\":{\"@type\":\"PropertyValueSpecification\",\"valueRequired\":true,\"valueName\":\"search_term_string\"}}],\"inLanguage\":\"de\"},{\"@type\":\"Organization\",\"@id\":\"https:\/\/hubsch-interior.com\/de\/#organization\",\"name\":\"H\u00fcbsch\",\"url\":\"https:\/\/hubsch-interior.com\/de\/\",\"logo\":{\"@type\":\"ImageObject\",\"inLanguage\":\"de\",\"@id\":\"https:\/\/hubsch-interior.com\/de\/#\/schema\/logo\/image\/\",\"url\":\"https:\/\/hubsch-interior.com\/wp-content\/uploads\/2022\/12\/Hubsch_logo_black_one_line.svg\",\"contentUrl\":\"https:\/\/hubsch-interior.com\/wp-content\/uploads\/2022\/12\/Hubsch_logo_black_one_line.svg\",\"caption\":\"H\u00fcbsch\"},\"image\":{\"@id\":\"https:\/\/hubsch-interior.com\/de\/#\/schema\/logo\/image\/\"}}]}<\/script>\n<!-- \/ Yoast SEO plugin. -->","yoast_head_json":{"title":"Serendipity Wandleuchte Sandfarben - H\u00fcbsch","description":"Entdecken Sie den Charme der Serendipity Wandlampe, eine klassische Erg\u00e4nzung f\u00fcr jeden Raum, der einen Hauch von Eleganz sucht. Aus Metall gefertigt,","robots":{"index":"index","follow":"follow","max-snippet":"max-snippet:-1","max-image-preview":"max-image-preview:large","max-video-preview":"max-video-preview:-1"},"canonical":"https:\/\/hubsch-interior.com\/de\/wp-json\/wp\/v2\/product\/1006644","og_locale":"de_DE","og_type":"article","og_title":"Serendipity Wandleuchte Sandfarben - H\u00fcbsch","og_description":"Entdecken Sie den Charme der Serendipity Wandlampe, eine klassische Erg\u00e4nzung f\u00fcr jeden Raum, der einen Hauch von Eleganz sucht. Aus Metall gefertigt,","og_url":"https:\/\/hubsch-interior.com\/de\/produkt\/serendipity-wandleuchte-sandfarben\/","og_site_name":"H\u00fcbsch","article_modified_time":"2026-04-11T03:16:40+00:00","og_image":[{"width":1200,"height":1200,"url":"https:\/\/hubsch-interior.com\/wp-content\/uploads\/2025\/01\/serendipity-wall-light-sand-d9024c49125f690f841355667023772f.jpg","type":"image\/jpeg"}],"twitter_card":"summary_large_image","schema":{"@context":"https:\/\/schema.org","@graph":[{"@type":"WebPage","@id":"https:\/\/hubsch-interior.com\/de\/produkt\/serendipity-wandleuchte-sandfarben\/","url":"https:\/\/hubsch-interior.com\/de\/produkt\/serendipity-wandleuchte-sandfarben\/","name":"Serendipity Wandleuchte Sandfarben - H\u00fcbsch","isPartOf":{"@id":"https:\/\/hubsch-interior.com\/de\/#website"},"primaryImageOfPage":{"@id":"https:\/\/hubsch-interior.com\/de\/produkt\/serendipity-wandleuchte-sandfarben\/#primaryimage"},"image":{"@id":"https:\/\/hubsch-interior.com\/de\/produkt\/serendipity-wandleuchte-sandfarben\/#primaryimage"},"thumbnailUrl":"https:\/\/hubsch-interior.com\/wp-content\/uploads\/2026\/02\/serendipity-wall-light-sand-56a24706ced13bbb3db3ad4a8ba456be.jpg","datePublished":"2025-01-14T12:01:43+00:00","dateModified":"2026-04-11T03:16:40+00:00","description":"Entdecken Sie den Charme der Serendipity Wandlampe, eine klassische Erg\u00e4nzung f\u00fcr jeden Raum, der einen Hauch von Eleganz sucht. Aus Metall gefertigt,","breadcrumb":{"@id":"https:\/\/hubsch-interior.com\/de\/produkt\/serendipity-wandleuchte-sandfarben\/#breadcrumb"},"inLanguage":"de","potentialAction":[{"@type":"ReadAction","target":["https:\/\/hubsch-interior.com\/de\/produkt\/serendipity-wandleuchte-sandfarben\/"]}]},{"@type":"ImageObject","inLanguage":"de","@id":"https:\/\/hubsch-interior.com\/de\/produkt\/serendipity-wandleuchte-sandfarben\/#primaryimage","url":"https:\/\/hubsch-interior.com\/wp-content\/uploads\/2026\/02\/serendipity-wall-light-sand-56a24706ced13bbb3db3ad4a8ba456be.jpg","contentUrl":"https:\/\/hubsch-interior.com\/wp-content\/uploads\/2026\/02\/serendipity-wall-light-sand-56a24706ced13bbb3db3ad4a8ba456be.jpg","width":1024,"height":1024},{"@type":"BreadcrumbList","@id":"https:\/\/hubsch-interior.com\/de\/produkt\/serendipity-wandleuchte-sandfarben\/#breadcrumb","itemListElement":[{"@type":"ListItem","position":1,"name":"Startseite","item":"https:\/\/hubsch-interior.com\/de\/"},{"@type":"ListItem","position":2,"name":"Produkte","item":"https:\/\/hubsch-interior.com\/de\/shop-2\/"},{"@type":"ListItem","position":3,"name":"Beleuchtung","item":"https:\/\/hubsch-interior.com\/de\/produkt-kategorie\/beleuchtung\/"},{"@type":"ListItem","position":4,"name":"Wandlampen","item":"https:\/\/hubsch-interior.com\/de\/produkt-kategorie\/beleuchtung\/wandlampen-de\/"},{"@type":"ListItem","position":5,"name":"Serendipity Wandleuchte Sandfarben"}]},{"@type":"WebSite","@id":"https:\/\/hubsch-interior.com\/de\/#website","url":"https:\/\/hubsch-interior.com\/de\/","name":"H\u00fcbsch","description":"Danish Home Interior and Design","publisher":{"@id":"https:\/\/hubsch-interior.com\/de\/#organization"},"potentialAction":[{"@type":"SearchAction","target":{"@type":"EntryPoint","urlTemplate":"https:\/\/hubsch-interior.com\/de\/?s={search_term_string}"},"query-input":{"@type":"PropertyValueSpecification","valueRequired":true,"valueName":"search_term_string"}}],"inLanguage":"de"},{"@type":"Organization","@id":"https:\/\/hubsch-interior.com\/de\/#organization","name":"H\u00fcbsch","url":"https:\/\/hubsch-interior.com\/de\/","logo":{"@type":"ImageObject","inLanguage":"de","@id":"https:\/\/hubsch-interior.com\/de\/#\/schema\/logo\/image\/","url":"https:\/\/hubsch-interior.com\/wp-content\/uploads\/2022\/12\/Hubsch_logo_black_one_line.svg","contentUrl":"https:\/\/hubsch-interior.com\/wp-content\/uploads\/2022\/12\/Hubsch_logo_black_one_line.svg","caption":"H\u00fcbsch"},"image":{"@id":"https:\/\/hubsch-interior.com\/de\/#\/schema\/logo\/image\/"}}]}},"_links":{"self":[{"href":"https:\/\/hubsch-interior.com\/de\/wp-json\/wp\/v2\/product\/1006644","targetHints":{"allow":["GET"]}}],"collection":[{"href":"https:\/\/hubsch-interior.com\/de\/wp-json\/wp\/v2\/product"}],"about":[{"href":"https:\/\/hubsch-interior.com\/de\/wp-json\/wp\/v2\/types\/product"}],"wp:featuredmedia":[{"embeddable":true,"href":"https:\/\/hubsch-interior.com\/de\/wp-json\/wp\/v2\/media\/1111301"}],"wp:attachment":[{"href":"https:\/\/hubsch-interior.com\/de\/wp-json\/wp\/v2\/media?parent=1006644"}],"wp:term":[{"taxonomy":"product_brand","embeddable":true,"href":"https:\/\/hubsch-interior.com\/de\/wp-json\/wp\/v2\/product_brand?post=1006644"},{"taxonomy":"product_cat","embeddable":true,"href":"https:\/\/hubsch-interior.com\/de\/wp-json\/wp\/v2\/product_cat?post=1006644"},{"taxonomy":"product_tag","embeddable":true,"href":"https:\/\/hubsch-interior.com\/de\/wp-json\/wp\/v2\/product_tag?post=1006644"}],"curies":[{"name":"wp","href":"https:\/\/api.w.org\/{rel}","templated":true}]}}