{"id":1006664,"date":"2025-01-14T13:02:15","date_gmt":"2025-01-14T12:02:15","guid":{"rendered":"https:\/\/hubsch-interior.com\/product\/product\/"},"modified":"2026-04-09T05:19:57","modified_gmt":"2026-04-09T03:19:57","slug":"redux-schreibtisch-organizer-cremeweis-hellgelb-petrol-3er-set","status":"publish","type":"product","link":"https:\/\/hubsch-interior.com\/de\/produkt\/redux-schreibtisch-organizer-cremeweis-hellgelb-petrol-3er-set\/","title":{"rendered":"Redux Schreibtisch Organizer Cremewei\u00df\/Hellgelb\/Petrol (3er Set)"},"content":{"rendered":"<p>Wir pr\u00e4sentieren den Redux Schreibtisch Organizer, eine unverzichtbare Erg\u00e4nzung f\u00fcr Ihren Arbeitsbereich. Gefertigt aus Gips mit einem schicken Keramik-Look, pr\u00e4sentiert sich dieser robuste Helfer in den harmonischen, sanften Farben Offwhite, Hellgelb und Petrol. Er ist nicht nur ein Ablagehalter; er ist eine Stilaussage. Halten Sie sich mit diesem reizvollen St\u00fcck organisiert und sorgen Sie daf\u00fcr, dass Ihr Schreibtisch ordentlich bleibt, w\u00e4hrend Sie ihm eine Note von Raffinesse hinzuf\u00fcgen. Perfekt f\u00fcr alle, die eine Kombination aus Funktionalit\u00e4t und \u00e4sthetischem Reiz sch\u00e4tzen.<\/p>\n","protected":false},"excerpt":{"rendered":"<p>Wir pr\u00e4sentieren den Redux Schreibtisch Organizer, eine unverzichtbare Erg\u00e4nzung f\u00fcr Ihren Arbeitsbereich. Gefertigt aus Gips mit einem schicken Keramik-Look, pr\u00e4sentiert sich dieser robuste Helfer in den harmonischen, sanften Farben Offwhite, Hellgelb und Petrol. Er ist nicht nur ein Ablagehalter; er ist eine Stilaussage. Halten Sie sich mit diesem reizvollen St\u00fcck organisiert und sorgen Sie daf\u00fcr, [&hellip;]<\/p>\n","protected":false},"featured_media":1113790,"template":"","meta":{"_acf_changed":false,"inline_featured_image":false},"product_brand":[],"product_cat":[6998,4155,4961],"product_tag":[],"class_list":{"0":"post-1006664","1":"product","2":"type-product","3":"status-publish","4":"has-post-thumbnail","6":"product_cat-the-buzz-de","7":"product_cat-buero-de","8":"product_cat-aufbewahrungsbox-de","9":"product_shipping_class-pk","11":"pa_color-petrol-3","12":"pa_color-cremewei","13":"pa_color-hellgelb","14":"pa_material-gips-de","16":"first","17":"instock","18":"taxable","19":"shipping-taxable","20":"purchasable","21":"product-type-simple"},"exclude_global_add_ons":[],"addons":[],"acf":[],"yoast_head":"<!-- This site is optimized with the Yoast SEO plugin v26.4 - https:\/\/yoast.com\/wordpress\/plugins\/seo\/ -->\n<title>Redux Schreibtisch Organizer Cremewei\u00df\/Hellgelb\/Petrol (3er Set) - H\u00fcbsch<\/title>\n<meta name=\"description\" content=\"Wir pr\u00e4sentieren den Redux Schreibtisch Organizer, eine unverzichtbare Erg\u00e4nzung f\u00fcr Ihren Arbeitsbereich. Gefertigt aus Gips mit einem schicken\" \/>\n<meta name=\"robots\" content=\"index, follow, max-snippet:-1, max-image-preview:large, max-video-preview:-1\" \/>\n<link rel=\"canonical\" href=\"https:\/\/hubsch-interior.com\/de\/wp-json\/wp\/v2\/product\/1006664\" \/>\n<meta property=\"og:locale\" content=\"de_DE\" \/>\n<meta property=\"og:type\" content=\"article\" \/>\n<meta property=\"og:title\" content=\"Redux Schreibtisch Organizer Cremewei\u00df\/Hellgelb\/Petrol (3er Set) - H\u00fcbsch\" \/>\n<meta property=\"og:description\" content=\"Wir pr\u00e4sentieren den Redux Schreibtisch Organizer, eine unverzichtbare Erg\u00e4nzung f\u00fcr Ihren Arbeitsbereich. Gefertigt aus Gips mit einem schicken\" \/>\n<meta property=\"og:url\" content=\"https:\/\/hubsch-interior.com\/de\/produkt\/redux-schreibtisch-organizer-cremeweis-hellgelb-petrol-3er-set\/\" \/>\n<meta property=\"og:site_name\" content=\"H\u00fcbsch\" \/>\n<meta property=\"article:modified_time\" content=\"2026-04-09T03:19:57+00:00\" \/>\n<meta property=\"og:image\" content=\"https:\/\/hubsch-interior.com\/wp-content\/uploads\/2025\/01\/redux-desk-organiser-offwhitelight-yellowpetrol-set-of-3-aa28fc637d6d9efe160a8e37978b1eb5.jpg\" \/>\n\t<meta property=\"og:image:width\" content=\"1200\" \/>\n\t<meta property=\"og:image:height\" content=\"1200\" \/>\n\t<meta property=\"og:image:type\" content=\"image\/jpeg\" \/>\n<meta name=\"twitter:card\" content=\"summary_large_image\" \/>\n<script type=\"application\/ld+json\" class=\"yoast-schema-graph\">{\"@context\":\"https:\/\/schema.org\",\"@graph\":[{\"@type\":\"WebPage\",\"@id\":\"https:\/\/hubsch-interior.com\/de\/produkt\/redux-schreibtisch-organizer-cremeweis-hellgelb-petrol-3er-set\/\",\"url\":\"https:\/\/hubsch-interior.com\/de\/produkt\/redux-schreibtisch-organizer-cremeweis-hellgelb-petrol-3er-set\/\",\"name\":\"Redux Schreibtisch Organizer Cremewei\u00df\/Hellgelb\/Petrol (3er Set) - H\u00fcbsch\",\"isPartOf\":{\"@id\":\"https:\/\/hubsch-interior.com\/de\/#website\"},\"primaryImageOfPage\":{\"@id\":\"https:\/\/hubsch-interior.com\/de\/produkt\/redux-schreibtisch-organizer-cremeweis-hellgelb-petrol-3er-set\/#primaryimage\"},\"image\":{\"@id\":\"https:\/\/hubsch-interior.com\/de\/produkt\/redux-schreibtisch-organizer-cremeweis-hellgelb-petrol-3er-set\/#primaryimage\"},\"thumbnailUrl\":\"https:\/\/hubsch-interior.com\/wp-content\/uploads\/2026\/02\/redux-desk-organiser-offwhitelight-yellowpetrol-set-of-3-c84fee68547c095d779d9f86997722d9.jpg\",\"datePublished\":\"2025-01-14T12:02:15+00:00\",\"dateModified\":\"2026-04-09T03:19:57+00:00\",\"description\":\"Wir pr\u00e4sentieren den Redux Schreibtisch Organizer, eine unverzichtbare Erg\u00e4nzung f\u00fcr Ihren Arbeitsbereich. Gefertigt aus Gips mit einem schicken\",\"breadcrumb\":{\"@id\":\"https:\/\/hubsch-interior.com\/de\/produkt\/redux-schreibtisch-organizer-cremeweis-hellgelb-petrol-3er-set\/#breadcrumb\"},\"inLanguage\":\"de\",\"potentialAction\":[{\"@type\":\"ReadAction\",\"target\":[\"https:\/\/hubsch-interior.com\/de\/produkt\/redux-schreibtisch-organizer-cremeweis-hellgelb-petrol-3er-set\/\"]}]},{\"@type\":\"ImageObject\",\"inLanguage\":\"de\",\"@id\":\"https:\/\/hubsch-interior.com\/de\/produkt\/redux-schreibtisch-organizer-cremeweis-hellgelb-petrol-3er-set\/#primaryimage\",\"url\":\"https:\/\/hubsch-interior.com\/wp-content\/uploads\/2026\/02\/redux-desk-organiser-offwhitelight-yellowpetrol-set-of-3-c84fee68547c095d779d9f86997722d9.jpg\",\"contentUrl\":\"https:\/\/hubsch-interior.com\/wp-content\/uploads\/2026\/02\/redux-desk-organiser-offwhitelight-yellowpetrol-set-of-3-c84fee68547c095d779d9f86997722d9.jpg\",\"width\":1024,\"height\":1024},{\"@type\":\"BreadcrumbList\",\"@id\":\"https:\/\/hubsch-interior.com\/de\/produkt\/redux-schreibtisch-organizer-cremeweis-hellgelb-petrol-3er-set\/#breadcrumb\",\"itemListElement\":[{\"@type\":\"ListItem\",\"position\":1,\"name\":\"Startseite\",\"item\":\"https:\/\/hubsch-interior.com\/de\/\"},{\"@type\":\"ListItem\",\"position\":2,\"name\":\"Produkte\",\"item\":\"https:\/\/hubsch-interior.com\/de\/shop-2\/\"},{\"@type\":\"ListItem\",\"position\":3,\"name\":\"Wohnaccessoires\",\"item\":\"https:\/\/hubsch-interior.com\/de\/produkt-kategorie\/wohnaccessoires\/\"},{\"@type\":\"ListItem\",\"position\":4,\"name\":\"B&uuml;ro\",\"item\":\"https:\/\/hubsch-interior.com\/de\/produkt-kategorie\/wohnaccessoires\/buero-de\/\"},{\"@type\":\"ListItem\",\"position\":5,\"name\":\"Aufbewahrungsbox\",\"item\":\"https:\/\/hubsch-interior.com\/de\/produkt-kategorie\/wohnaccessoires\/buero-de\/aufbewahrungsbox-de\/\"},{\"@type\":\"ListItem\",\"position\":6,\"name\":\"Redux Schreibtisch Organizer Cremewei\u00df\/Hellgelb\/Petrol (3er Set)\"}]},{\"@type\":\"WebSite\",\"@id\":\"https:\/\/hubsch-interior.com\/de\/#website\",\"url\":\"https:\/\/hubsch-interior.com\/de\/\",\"name\":\"H\u00fcbsch\",\"description\":\"Danish Home Interior and Design\",\"publisher\":{\"@id\":\"https:\/\/hubsch-interior.com\/de\/#organization\"},\"potentialAction\":[{\"@type\":\"SearchAction\",\"target\":{\"@type\":\"EntryPoint\",\"urlTemplate\":\"https:\/\/hubsch-interior.com\/de\/?s={search_term_string}\"},\"query-input\":{\"@type\":\"PropertyValueSpecification\",\"valueRequired\":true,\"valueName\":\"search_term_string\"}}],\"inLanguage\":\"de\"},{\"@type\":\"Organization\",\"@id\":\"https:\/\/hubsch-interior.com\/de\/#organization\",\"name\":\"H\u00fcbsch\",\"url\":\"https:\/\/hubsch-interior.com\/de\/\",\"logo\":{\"@type\":\"ImageObject\",\"inLanguage\":\"de\",\"@id\":\"https:\/\/hubsch-interior.com\/de\/#\/schema\/logo\/image\/\",\"url\":\"https:\/\/hubsch-interior.com\/wp-content\/uploads\/2022\/12\/Hubsch_logo_black_one_line.svg\",\"contentUrl\":\"https:\/\/hubsch-interior.com\/wp-content\/uploads\/2022\/12\/Hubsch_logo_black_one_line.svg\",\"caption\":\"H\u00fcbsch\"},\"image\":{\"@id\":\"https:\/\/hubsch-interior.com\/de\/#\/schema\/logo\/image\/\"}}]}<\/script>\n<!-- \/ Yoast SEO plugin. -->","yoast_head_json":{"title":"Redux Schreibtisch Organizer Cremewei\u00df\/Hellgelb\/Petrol (3er Set) - H\u00fcbsch","description":"Wir pr\u00e4sentieren den Redux Schreibtisch Organizer, eine unverzichtbare Erg\u00e4nzung f\u00fcr Ihren Arbeitsbereich. Gefertigt aus Gips mit einem schicken","robots":{"index":"index","follow":"follow","max-snippet":"max-snippet:-1","max-image-preview":"max-image-preview:large","max-video-preview":"max-video-preview:-1"},"canonical":"https:\/\/hubsch-interior.com\/de\/wp-json\/wp\/v2\/product\/1006664","og_locale":"de_DE","og_type":"article","og_title":"Redux Schreibtisch Organizer Cremewei\u00df\/Hellgelb\/Petrol (3er Set) - H\u00fcbsch","og_description":"Wir pr\u00e4sentieren den Redux Schreibtisch Organizer, eine unverzichtbare Erg\u00e4nzung f\u00fcr Ihren Arbeitsbereich. Gefertigt aus Gips mit einem schicken","og_url":"https:\/\/hubsch-interior.com\/de\/produkt\/redux-schreibtisch-organizer-cremeweis-hellgelb-petrol-3er-set\/","og_site_name":"H\u00fcbsch","article_modified_time":"2026-04-09T03:19:57+00:00","og_image":[{"width":1200,"height":1200,"url":"https:\/\/hubsch-interior.com\/wp-content\/uploads\/2025\/01\/redux-desk-organiser-offwhitelight-yellowpetrol-set-of-3-aa28fc637d6d9efe160a8e37978b1eb5.jpg","type":"image\/jpeg"}],"twitter_card":"summary_large_image","schema":{"@context":"https:\/\/schema.org","@graph":[{"@type":"WebPage","@id":"https:\/\/hubsch-interior.com\/de\/produkt\/redux-schreibtisch-organizer-cremeweis-hellgelb-petrol-3er-set\/","url":"https:\/\/hubsch-interior.com\/de\/produkt\/redux-schreibtisch-organizer-cremeweis-hellgelb-petrol-3er-set\/","name":"Redux Schreibtisch Organizer Cremewei\u00df\/Hellgelb\/Petrol (3er Set) - H\u00fcbsch","isPartOf":{"@id":"https:\/\/hubsch-interior.com\/de\/#website"},"primaryImageOfPage":{"@id":"https:\/\/hubsch-interior.com\/de\/produkt\/redux-schreibtisch-organizer-cremeweis-hellgelb-petrol-3er-set\/#primaryimage"},"image":{"@id":"https:\/\/hubsch-interior.com\/de\/produkt\/redux-schreibtisch-organizer-cremeweis-hellgelb-petrol-3er-set\/#primaryimage"},"thumbnailUrl":"https:\/\/hubsch-interior.com\/wp-content\/uploads\/2026\/02\/redux-desk-organiser-offwhitelight-yellowpetrol-set-of-3-c84fee68547c095d779d9f86997722d9.jpg","datePublished":"2025-01-14T12:02:15+00:00","dateModified":"2026-04-09T03:19:57+00:00","description":"Wir pr\u00e4sentieren den Redux Schreibtisch Organizer, eine unverzichtbare Erg\u00e4nzung f\u00fcr Ihren Arbeitsbereich. Gefertigt aus Gips mit einem schicken","breadcrumb":{"@id":"https:\/\/hubsch-interior.com\/de\/produkt\/redux-schreibtisch-organizer-cremeweis-hellgelb-petrol-3er-set\/#breadcrumb"},"inLanguage":"de","potentialAction":[{"@type":"ReadAction","target":["https:\/\/hubsch-interior.com\/de\/produkt\/redux-schreibtisch-organizer-cremeweis-hellgelb-petrol-3er-set\/"]}]},{"@type":"ImageObject","inLanguage":"de","@id":"https:\/\/hubsch-interior.com\/de\/produkt\/redux-schreibtisch-organizer-cremeweis-hellgelb-petrol-3er-set\/#primaryimage","url":"https:\/\/hubsch-interior.com\/wp-content\/uploads\/2026\/02\/redux-desk-organiser-offwhitelight-yellowpetrol-set-of-3-c84fee68547c095d779d9f86997722d9.jpg","contentUrl":"https:\/\/hubsch-interior.com\/wp-content\/uploads\/2026\/02\/redux-desk-organiser-offwhitelight-yellowpetrol-set-of-3-c84fee68547c095d779d9f86997722d9.jpg","width":1024,"height":1024},{"@type":"BreadcrumbList","@id":"https:\/\/hubsch-interior.com\/de\/produkt\/redux-schreibtisch-organizer-cremeweis-hellgelb-petrol-3er-set\/#breadcrumb","itemListElement":[{"@type":"ListItem","position":1,"name":"Startseite","item":"https:\/\/hubsch-interior.com\/de\/"},{"@type":"ListItem","position":2,"name":"Produkte","item":"https:\/\/hubsch-interior.com\/de\/shop-2\/"},{"@type":"ListItem","position":3,"name":"Wohnaccessoires","item":"https:\/\/hubsch-interior.com\/de\/produkt-kategorie\/wohnaccessoires\/"},{"@type":"ListItem","position":4,"name":"B&uuml;ro","item":"https:\/\/hubsch-interior.com\/de\/produkt-kategorie\/wohnaccessoires\/buero-de\/"},{"@type":"ListItem","position":5,"name":"Aufbewahrungsbox","item":"https:\/\/hubsch-interior.com\/de\/produkt-kategorie\/wohnaccessoires\/buero-de\/aufbewahrungsbox-de\/"},{"@type":"ListItem","position":6,"name":"Redux Schreibtisch Organizer Cremewei\u00df\/Hellgelb\/Petrol (3er Set)"}]},{"@type":"WebSite","@id":"https:\/\/hubsch-interior.com\/de\/#website","url":"https:\/\/hubsch-interior.com\/de\/","name":"H\u00fcbsch","description":"Danish Home Interior and Design","publisher":{"@id":"https:\/\/hubsch-interior.com\/de\/#organization"},"potentialAction":[{"@type":"SearchAction","target":{"@type":"EntryPoint","urlTemplate":"https:\/\/hubsch-interior.com\/de\/?s={search_term_string}"},"query-input":{"@type":"PropertyValueSpecification","valueRequired":true,"valueName":"search_term_string"}}],"inLanguage":"de"},{"@type":"Organization","@id":"https:\/\/hubsch-interior.com\/de\/#organization","name":"H\u00fcbsch","url":"https:\/\/hubsch-interior.com\/de\/","logo":{"@type":"ImageObject","inLanguage":"de","@id":"https:\/\/hubsch-interior.com\/de\/#\/schema\/logo\/image\/","url":"https:\/\/hubsch-interior.com\/wp-content\/uploads\/2022\/12\/Hubsch_logo_black_one_line.svg","contentUrl":"https:\/\/hubsch-interior.com\/wp-content\/uploads\/2022\/12\/Hubsch_logo_black_one_line.svg","caption":"H\u00fcbsch"},"image":{"@id":"https:\/\/hubsch-interior.com\/de\/#\/schema\/logo\/image\/"}}]}},"_links":{"self":[{"href":"https:\/\/hubsch-interior.com\/de\/wp-json\/wp\/v2\/product\/1006664","targetHints":{"allow":["GET"]}}],"collection":[{"href":"https:\/\/hubsch-interior.com\/de\/wp-json\/wp\/v2\/product"}],"about":[{"href":"https:\/\/hubsch-interior.com\/de\/wp-json\/wp\/v2\/types\/product"}],"wp:featuredmedia":[{"embeddable":true,"href":"https:\/\/hubsch-interior.com\/de\/wp-json\/wp\/v2\/media\/1113790"}],"wp:attachment":[{"href":"https:\/\/hubsch-interior.com\/de\/wp-json\/wp\/v2\/media?parent=1006664"}],"wp:term":[{"taxonomy":"product_brand","embeddable":true,"href":"https:\/\/hubsch-interior.com\/de\/wp-json\/wp\/v2\/product_brand?post=1006664"},{"taxonomy":"product_cat","embeddable":true,"href":"https:\/\/hubsch-interior.com\/de\/wp-json\/wp\/v2\/product_cat?post=1006664"},{"taxonomy":"product_tag","embeddable":true,"href":"https:\/\/hubsch-interior.com\/de\/wp-json\/wp\/v2\/product_tag?post=1006664"}],"curies":[{"name":"wp","href":"https:\/\/api.w.org\/{rel}","templated":true}]}}