{"id":1006953,"date":"2025-01-16T09:21:37","date_gmt":"2025-01-16T08:21:37","guid":{"rendered":"https:\/\/hubsch-interior.com\/product\/product\/"},"modified":"2026-04-09T04:24:02","modified_gmt":"2026-04-09T02:24:02","slug":"villa-outdoor-stuhl-schwarz","status":"publish","type":"product","link":"https:\/\/hubsch-interior.com\/de\/produkt\/villa-outdoor-stuhl-schwarz\/","title":{"rendered":"Villa Outdoor Stuhl Schwarz"},"content":{"rendered":"<p>Der Villa Outdoor Stuhl \u2013 wo Eleganz auf Langlebigkeit trifft.  Dieser Stuhl sticht durch seine sch\u00f6ne und grafische Form aus, ein Stuhl der jeden Aussenraum aufwertet. Mit einer starken und stabilen Beschichtung konzipiert, ist er bereit, ein dauerhafter Begleiter zu werden. Machen Sie Ihren Au\u00dfenbereich so gem\u00fctlich wie Ihr Innenbereich mit diesem exquisiten St\u00fcck. Denken Sie daran, um eine lange Lebensdauer zu gew\u00e4hrleisten, den Stuhl abzudecken und zu verstauen, wenn er nicht in Gebrauch ist. Laden Sie sich selbst nach drau\u00dfen ein mit dem Villa Outdoor Stuhl \u2013 ein Hauch von Charme, wo Sie es am wenigsten erwarten.<\/p>\n","protected":false},"excerpt":{"rendered":"<p>Der Villa Outdoor Stuhl \u2013 wo Eleganz auf Langlebigkeit trifft. Dieser Stuhl sticht durch seine sch\u00f6ne und grafische Form aus, ein Stuhl der jeden Aussenraum aufwertet. Mit einer starken und stabilen Beschichtung konzipiert, ist er bereit, ein dauerhafter Begleiter zu werden. Machen Sie Ihren Au\u00dfenbereich so gem\u00fctlich wie Ihr Innenbereich mit diesem exquisiten St\u00fcck. Denken [&hellip;]<\/p>\n","protected":false},"featured_media":1095428,"template":"","meta":{"_acf_changed":false,"inline_featured_image":false},"product_brand":[],"product_cat":[7099,2845,3042,5013,5027],"product_tag":[],"class_list":{"0":"post-1006953","1":"product","2":"type-product","3":"status-publish","4":"has-post-thumbnail","6":"product_cat-gartenstuehle-de","7":"product_cat-sitzmoebel-de","8":"product_cat-hocker-de","9":"product_cat-gartenmoebel-de","10":"product_cat-bestsellers-de","11":"product_shipping_class-p05","13":"pa_color-schwarz","14":"pa_material-eisen-de","16":"first","17":"instock","18":"featured","19":"taxable","20":"shipping-taxable","21":"purchasable","22":"product-type-simple"},"exclude_global_add_ons":[],"addons":[],"acf":[],"yoast_head":"<!-- This site is optimized with the Yoast SEO plugin v26.4 - https:\/\/yoast.com\/wordpress\/plugins\/seo\/ -->\n<title>Villa Outdoor Stuhl Schwarz - H\u00fcbsch<\/title>\n<meta name=\"description\" content=\"Der Villa Outdoor Stuhl \u2013 wo Eleganz auf Langlebigkeit trifft. Dieser Stuhl sticht durch seine sch\u00f6ne und grafische Form aus, ein Stuhl der jeden\" \/>\n<meta name=\"robots\" content=\"index, follow, max-snippet:-1, max-image-preview:large, max-video-preview:-1\" \/>\n<link rel=\"canonical\" href=\"https:\/\/hubsch-interior.com\/de\/wp-json\/wp\/v2\/product\/1006953\" \/>\n<meta property=\"og:locale\" content=\"de_DE\" \/>\n<meta property=\"og:type\" content=\"article\" \/>\n<meta property=\"og:title\" content=\"Villa Outdoor Stuhl Schwarz - H\u00fcbsch\" \/>\n<meta property=\"og:description\" content=\"Der Villa Outdoor Stuhl \u2013 wo Eleganz auf Langlebigkeit trifft. Dieser Stuhl sticht durch seine sch\u00f6ne und grafische Form aus, ein Stuhl der jeden\" \/>\n<meta property=\"og:url\" content=\"https:\/\/hubsch-interior.com\/de\/produkt\/villa-outdoor-stuhl-schwarz\/\" \/>\n<meta property=\"og:site_name\" content=\"H\u00fcbsch\" \/>\n<meta property=\"article:modified_time\" content=\"2026-04-09T02:24:02+00:00\" \/>\n<meta property=\"og:image\" content=\"https:\/\/hubsch-interior.com\/wp-content\/uploads\/2026\/02\/villa-outdoor-chair-black-63f59d129ea294adbefd50939e8098b9.jpg\" \/>\n\t<meta property=\"og:image:width\" content=\"1024\" \/>\n\t<meta property=\"og:image:height\" content=\"1024\" \/>\n\t<meta property=\"og:image:type\" content=\"image\/jpeg\" \/>\n<meta name=\"twitter:card\" content=\"summary_large_image\" \/>\n<meta name=\"twitter:label1\" content=\"Gesch\u00e4tzte Lesezeit\" \/>\n\t<meta name=\"twitter:data1\" content=\"1\u00a0Minute\" \/>\n<script type=\"application\/ld+json\" class=\"yoast-schema-graph\">{\"@context\":\"https:\/\/schema.org\",\"@graph\":[{\"@type\":\"WebPage\",\"@id\":\"https:\/\/hubsch-interior.com\/de\/produkt\/villa-outdoor-stuhl-schwarz\/\",\"url\":\"https:\/\/hubsch-interior.com\/de\/produkt\/villa-outdoor-stuhl-schwarz\/\",\"name\":\"Villa Outdoor Stuhl Schwarz - H\u00fcbsch\",\"isPartOf\":{\"@id\":\"https:\/\/hubsch-interior.com\/de\/#website\"},\"primaryImageOfPage\":{\"@id\":\"https:\/\/hubsch-interior.com\/de\/produkt\/villa-outdoor-stuhl-schwarz\/#primaryimage\"},\"image\":{\"@id\":\"https:\/\/hubsch-interior.com\/de\/produkt\/villa-outdoor-stuhl-schwarz\/#primaryimage\"},\"thumbnailUrl\":\"https:\/\/hubsch-interior.com\/wp-content\/uploads\/2026\/02\/villa-outdoor-chair-black-63f59d129ea294adbefd50939e8098b9.jpg\",\"datePublished\":\"2025-01-16T08:21:37+00:00\",\"dateModified\":\"2026-04-09T02:24:02+00:00\",\"description\":\"Der Villa Outdoor Stuhl \u2013 wo Eleganz auf Langlebigkeit trifft. Dieser Stuhl sticht durch seine sch\u00f6ne und grafische Form aus, ein Stuhl der jeden\",\"breadcrumb\":{\"@id\":\"https:\/\/hubsch-interior.com\/de\/produkt\/villa-outdoor-stuhl-schwarz\/#breadcrumb\"},\"inLanguage\":\"de\",\"potentialAction\":[{\"@type\":\"ReadAction\",\"target\":[\"https:\/\/hubsch-interior.com\/de\/produkt\/villa-outdoor-stuhl-schwarz\/\"]}]},{\"@type\":\"ImageObject\",\"inLanguage\":\"de\",\"@id\":\"https:\/\/hubsch-interior.com\/de\/produkt\/villa-outdoor-stuhl-schwarz\/#primaryimage\",\"url\":\"https:\/\/hubsch-interior.com\/wp-content\/uploads\/2026\/02\/villa-outdoor-chair-black-63f59d129ea294adbefd50939e8098b9.jpg\",\"contentUrl\":\"https:\/\/hubsch-interior.com\/wp-content\/uploads\/2026\/02\/villa-outdoor-chair-black-63f59d129ea294adbefd50939e8098b9.jpg\",\"width\":1024,\"height\":1024},{\"@type\":\"BreadcrumbList\",\"@id\":\"https:\/\/hubsch-interior.com\/de\/produkt\/villa-outdoor-stuhl-schwarz\/#breadcrumb\",\"itemListElement\":[{\"@type\":\"ListItem\",\"position\":1,\"name\":\"Startseite\",\"item\":\"https:\/\/hubsch-interior.com\/de\/\"},{\"@type\":\"ListItem\",\"position\":2,\"name\":\"Produkte\",\"item\":\"https:\/\/hubsch-interior.com\/de\/shop-2\/\"},{\"@type\":\"ListItem\",\"position\":3,\"name\":\"M\u00f6bel\",\"item\":\"https:\/\/hubsch-interior.com\/de\/produkt-kategorie\/moebel\/\"},{\"@type\":\"ListItem\",\"position\":4,\"name\":\"Gartenm&ouml;bel\",\"item\":\"https:\/\/hubsch-interior.com\/de\/produkt-kategorie\/moebel\/gartenmoebel-de\/\"},{\"@type\":\"ListItem\",\"position\":5,\"name\":\"Gartenst&uuml;hle\",\"item\":\"https:\/\/hubsch-interior.com\/de\/produkt-kategorie\/moebel\/gartenmoebel-de\/gartenstuehle-de\/\"},{\"@type\":\"ListItem\",\"position\":6,\"name\":\"Villa Outdoor Stuhl Schwarz\"}]},{\"@type\":\"WebSite\",\"@id\":\"https:\/\/hubsch-interior.com\/de\/#website\",\"url\":\"https:\/\/hubsch-interior.com\/de\/\",\"name\":\"H\u00fcbsch\",\"description\":\"Danish Home Interior and Design\",\"publisher\":{\"@id\":\"https:\/\/hubsch-interior.com\/de\/#organization\"},\"potentialAction\":[{\"@type\":\"SearchAction\",\"target\":{\"@type\":\"EntryPoint\",\"urlTemplate\":\"https:\/\/hubsch-interior.com\/de\/?s={search_term_string}\"},\"query-input\":{\"@type\":\"PropertyValueSpecification\",\"valueRequired\":true,\"valueName\":\"search_term_string\"}}],\"inLanguage\":\"de\"},{\"@type\":\"Organization\",\"@id\":\"https:\/\/hubsch-interior.com\/de\/#organization\",\"name\":\"H\u00fcbsch\",\"url\":\"https:\/\/hubsch-interior.com\/de\/\",\"logo\":{\"@type\":\"ImageObject\",\"inLanguage\":\"de\",\"@id\":\"https:\/\/hubsch-interior.com\/de\/#\/schema\/logo\/image\/\",\"url\":\"https:\/\/hubsch-interior.com\/wp-content\/uploads\/2022\/12\/Hubsch_logo_black_one_line.svg\",\"contentUrl\":\"https:\/\/hubsch-interior.com\/wp-content\/uploads\/2022\/12\/Hubsch_logo_black_one_line.svg\",\"caption\":\"H\u00fcbsch\"},\"image\":{\"@id\":\"https:\/\/hubsch-interior.com\/de\/#\/schema\/logo\/image\/\"}}]}<\/script>\n<!-- \/ Yoast SEO plugin. -->","yoast_head_json":{"title":"Villa Outdoor Stuhl Schwarz - H\u00fcbsch","description":"Der Villa Outdoor Stuhl \u2013 wo Eleganz auf Langlebigkeit trifft. Dieser Stuhl sticht durch seine sch\u00f6ne und grafische Form aus, ein Stuhl der jeden","robots":{"index":"index","follow":"follow","max-snippet":"max-snippet:-1","max-image-preview":"max-image-preview:large","max-video-preview":"max-video-preview:-1"},"canonical":"https:\/\/hubsch-interior.com\/de\/wp-json\/wp\/v2\/product\/1006953","og_locale":"de_DE","og_type":"article","og_title":"Villa Outdoor Stuhl Schwarz - H\u00fcbsch","og_description":"Der Villa Outdoor Stuhl \u2013 wo Eleganz auf Langlebigkeit trifft. Dieser Stuhl sticht durch seine sch\u00f6ne und grafische Form aus, ein Stuhl der jeden","og_url":"https:\/\/hubsch-interior.com\/de\/produkt\/villa-outdoor-stuhl-schwarz\/","og_site_name":"H\u00fcbsch","article_modified_time":"2026-04-09T02:24:02+00:00","og_image":[{"width":1024,"height":1024,"url":"https:\/\/hubsch-interior.com\/wp-content\/uploads\/2026\/02\/villa-outdoor-chair-black-63f59d129ea294adbefd50939e8098b9.jpg","type":"image\/jpeg"}],"twitter_card":"summary_large_image","twitter_misc":{"Gesch\u00e4tzte Lesezeit":"1\u00a0Minute"},"schema":{"@context":"https:\/\/schema.org","@graph":[{"@type":"WebPage","@id":"https:\/\/hubsch-interior.com\/de\/produkt\/villa-outdoor-stuhl-schwarz\/","url":"https:\/\/hubsch-interior.com\/de\/produkt\/villa-outdoor-stuhl-schwarz\/","name":"Villa Outdoor Stuhl Schwarz - H\u00fcbsch","isPartOf":{"@id":"https:\/\/hubsch-interior.com\/de\/#website"},"primaryImageOfPage":{"@id":"https:\/\/hubsch-interior.com\/de\/produkt\/villa-outdoor-stuhl-schwarz\/#primaryimage"},"image":{"@id":"https:\/\/hubsch-interior.com\/de\/produkt\/villa-outdoor-stuhl-schwarz\/#primaryimage"},"thumbnailUrl":"https:\/\/hubsch-interior.com\/wp-content\/uploads\/2026\/02\/villa-outdoor-chair-black-63f59d129ea294adbefd50939e8098b9.jpg","datePublished":"2025-01-16T08:21:37+00:00","dateModified":"2026-04-09T02:24:02+00:00","description":"Der Villa Outdoor Stuhl \u2013 wo Eleganz auf Langlebigkeit trifft. Dieser Stuhl sticht durch seine sch\u00f6ne und grafische Form aus, ein Stuhl der jeden","breadcrumb":{"@id":"https:\/\/hubsch-interior.com\/de\/produkt\/villa-outdoor-stuhl-schwarz\/#breadcrumb"},"inLanguage":"de","potentialAction":[{"@type":"ReadAction","target":["https:\/\/hubsch-interior.com\/de\/produkt\/villa-outdoor-stuhl-schwarz\/"]}]},{"@type":"ImageObject","inLanguage":"de","@id":"https:\/\/hubsch-interior.com\/de\/produkt\/villa-outdoor-stuhl-schwarz\/#primaryimage","url":"https:\/\/hubsch-interior.com\/wp-content\/uploads\/2026\/02\/villa-outdoor-chair-black-63f59d129ea294adbefd50939e8098b9.jpg","contentUrl":"https:\/\/hubsch-interior.com\/wp-content\/uploads\/2026\/02\/villa-outdoor-chair-black-63f59d129ea294adbefd50939e8098b9.jpg","width":1024,"height":1024},{"@type":"BreadcrumbList","@id":"https:\/\/hubsch-interior.com\/de\/produkt\/villa-outdoor-stuhl-schwarz\/#breadcrumb","itemListElement":[{"@type":"ListItem","position":1,"name":"Startseite","item":"https:\/\/hubsch-interior.com\/de\/"},{"@type":"ListItem","position":2,"name":"Produkte","item":"https:\/\/hubsch-interior.com\/de\/shop-2\/"},{"@type":"ListItem","position":3,"name":"M\u00f6bel","item":"https:\/\/hubsch-interior.com\/de\/produkt-kategorie\/moebel\/"},{"@type":"ListItem","position":4,"name":"Gartenm&ouml;bel","item":"https:\/\/hubsch-interior.com\/de\/produkt-kategorie\/moebel\/gartenmoebel-de\/"},{"@type":"ListItem","position":5,"name":"Gartenst&uuml;hle","item":"https:\/\/hubsch-interior.com\/de\/produkt-kategorie\/moebel\/gartenmoebel-de\/gartenstuehle-de\/"},{"@type":"ListItem","position":6,"name":"Villa Outdoor Stuhl Schwarz"}]},{"@type":"WebSite","@id":"https:\/\/hubsch-interior.com\/de\/#website","url":"https:\/\/hubsch-interior.com\/de\/","name":"H\u00fcbsch","description":"Danish Home Interior and Design","publisher":{"@id":"https:\/\/hubsch-interior.com\/de\/#organization"},"potentialAction":[{"@type":"SearchAction","target":{"@type":"EntryPoint","urlTemplate":"https:\/\/hubsch-interior.com\/de\/?s={search_term_string}"},"query-input":{"@type":"PropertyValueSpecification","valueRequired":true,"valueName":"search_term_string"}}],"inLanguage":"de"},{"@type":"Organization","@id":"https:\/\/hubsch-interior.com\/de\/#organization","name":"H\u00fcbsch","url":"https:\/\/hubsch-interior.com\/de\/","logo":{"@type":"ImageObject","inLanguage":"de","@id":"https:\/\/hubsch-interior.com\/de\/#\/schema\/logo\/image\/","url":"https:\/\/hubsch-interior.com\/wp-content\/uploads\/2022\/12\/Hubsch_logo_black_one_line.svg","contentUrl":"https:\/\/hubsch-interior.com\/wp-content\/uploads\/2022\/12\/Hubsch_logo_black_one_line.svg","caption":"H\u00fcbsch"},"image":{"@id":"https:\/\/hubsch-interior.com\/de\/#\/schema\/logo\/image\/"}}]}},"_links":{"self":[{"href":"https:\/\/hubsch-interior.com\/de\/wp-json\/wp\/v2\/product\/1006953","targetHints":{"allow":["GET"]}}],"collection":[{"href":"https:\/\/hubsch-interior.com\/de\/wp-json\/wp\/v2\/product"}],"about":[{"href":"https:\/\/hubsch-interior.com\/de\/wp-json\/wp\/v2\/types\/product"}],"wp:featuredmedia":[{"embeddable":true,"href":"https:\/\/hubsch-interior.com\/de\/wp-json\/wp\/v2\/media\/1095428"}],"wp:attachment":[{"href":"https:\/\/hubsch-interior.com\/de\/wp-json\/wp\/v2\/media?parent=1006953"}],"wp:term":[{"taxonomy":"product_brand","embeddable":true,"href":"https:\/\/hubsch-interior.com\/de\/wp-json\/wp\/v2\/product_brand?post=1006953"},{"taxonomy":"product_cat","embeddable":true,"href":"https:\/\/hubsch-interior.com\/de\/wp-json\/wp\/v2\/product_cat?post=1006953"},{"taxonomy":"product_tag","embeddable":true,"href":"https:\/\/hubsch-interior.com\/de\/wp-json\/wp\/v2\/product_tag?post=1006953"}],"curies":[{"name":"wp","href":"https:\/\/api.w.org\/{rel}","templated":true}]}}