{"id":1006969,"date":"2025-01-16T09:22:28","date_gmt":"2025-01-16T08:22:28","guid":{"rendered":"https:\/\/hubsch-interior.com\/product\/product\/"},"modified":"2026-04-09T04:24:05","modified_gmt":"2026-04-09T02:24:05","slug":"villa-outdoor-tisch-small-schwarz","status":"publish","type":"product","link":"https:\/\/hubsch-interior.com\/de\/produkt\/villa-outdoor-tisch-small-schwarz\/","title":{"rendered":"Villa Outdoor Tisch Small Schwarz"},"content":{"rendered":"<p>Villa Outdoor Tisch \u2013 ein Meisterwerk in Schwarz mit einer sch\u00f6nen und grafischen Form, die jeden Raum m\u00fchelos aufwertet. Aus Metall gefertigt mit einer starken und robusten Beschichtung, garantiert dieser Tisch sowohl Langlebigkeit als auch Stil. Machen Sie Ihren Au\u00dfenbereich so gem\u00fctlich wie Ihr Zuhause, w\u00e4hrend Sie lange, entspannte Mahlzeiten genie\u00dfen oder eine Tasse Tee unter freiem Himmel trinken. Um eine lange Lebensdauer zu gew\u00e4hrleisten, denken Sie daran, Ihre M\u00f6bel abzudecken, wenn sie nicht in Gebrauch sind, und sie \u00fcber den Winter wegzur\u00e4umen. Laden Sie sich selbst mit Eleganz nach drau\u00dfen ein!<\/p>\n","protected":false},"excerpt":{"rendered":"<p>Villa Outdoor Tisch \u2013 ein Meisterwerk in Schwarz mit einer sch\u00f6nen und grafischen Form, die jeden Raum m\u00fchelos aufwertet. Aus Metall gefertigt mit einer starken und robusten Beschichtung, garantiert dieser Tisch sowohl Langlebigkeit als auch Stil. Machen Sie Ihren Au\u00dfenbereich so gem\u00fctlich wie Ihr Zuhause, w\u00e4hrend Sie lange, entspannte Mahlzeiten genie\u00dfen oder eine Tasse Tee [&hellip;]<\/p>\n","protected":false},"featured_media":1114293,"template":"","meta":{"_acf_changed":false,"inline_featured_image":false},"product_brand":[],"product_cat":[5013,7103,2861],"product_tag":[],"class_list":{"0":"post-1006969","1":"product","2":"type-product","3":"status-publish","4":"has-post-thumbnail","6":"product_cat-gartenmoebel-de","7":"product_cat-gartentische-de","8":"product_cat-tische-de","9":"product_shipping_class-p10","11":"pa_color-schwarz","12":"pa_material-eisen-de","14":"first","15":"instock","16":"taxable","17":"shipping-taxable","18":"purchasable","19":"product-type-simple"},"exclude_global_add_ons":[],"addons":[],"acf":[],"yoast_head":"<!-- This site is optimized with the Yoast SEO plugin v26.4 - https:\/\/yoast.com\/wordpress\/plugins\/seo\/ -->\n<title>Villa Outdoor Tisch Small Schwarz - H\u00fcbsch<\/title>\n<meta name=\"description\" content=\"Villa Outdoor Tisch \u2013 ein Meisterwerk in Schwarz mit einer sch\u00f6nen und grafischen Form, die jeden Raum m\u00fchelos aufwertet. Aus Metall gefertigt mit einer\" \/>\n<meta name=\"robots\" content=\"index, follow, max-snippet:-1, max-image-preview:large, max-video-preview:-1\" \/>\n<link rel=\"canonical\" href=\"https:\/\/hubsch-interior.com\/de\/wp-json\/wp\/v2\/product\/1006969\" \/>\n<meta property=\"og:locale\" content=\"de_DE\" \/>\n<meta property=\"og:type\" content=\"article\" \/>\n<meta property=\"og:title\" content=\"Villa Outdoor Tisch Small Schwarz - H\u00fcbsch\" \/>\n<meta property=\"og:description\" content=\"Villa Outdoor Tisch \u2013 ein Meisterwerk in Schwarz mit einer sch\u00f6nen und grafischen Form, die jeden Raum m\u00fchelos aufwertet. Aus Metall gefertigt mit einer\" \/>\n<meta property=\"og:url\" content=\"https:\/\/hubsch-interior.com\/de\/produkt\/villa-outdoor-tisch-small-schwarz\/\" \/>\n<meta property=\"og:site_name\" content=\"H\u00fcbsch\" \/>\n<meta property=\"article:modified_time\" content=\"2026-04-09T02:24:05+00:00\" \/>\n<meta property=\"og:image\" content=\"https:\/\/hubsch-interior.com\/wp-content\/uploads\/2026\/02\/villa-outdoor-table-small-black-5e11e29aba808d909e685c2b304fa9f1.jpg\" \/>\n\t<meta property=\"og:image:width\" content=\"1024\" \/>\n\t<meta property=\"og:image:height\" content=\"1024\" \/>\n\t<meta property=\"og:image:type\" content=\"image\/jpeg\" \/>\n<meta name=\"twitter:card\" content=\"summary_large_image\" \/>\n<meta name=\"twitter:label1\" content=\"Gesch\u00e4tzte Lesezeit\" \/>\n\t<meta name=\"twitter:data1\" content=\"1\u00a0Minute\" \/>\n<script type=\"application\/ld+json\" class=\"yoast-schema-graph\">{\"@context\":\"https:\/\/schema.org\",\"@graph\":[{\"@type\":\"WebPage\",\"@id\":\"https:\/\/hubsch-interior.com\/de\/produkt\/villa-outdoor-tisch-small-schwarz\/\",\"url\":\"https:\/\/hubsch-interior.com\/de\/produkt\/villa-outdoor-tisch-small-schwarz\/\",\"name\":\"Villa Outdoor Tisch Small Schwarz - H\u00fcbsch\",\"isPartOf\":{\"@id\":\"https:\/\/hubsch-interior.com\/de\/#website\"},\"primaryImageOfPage\":{\"@id\":\"https:\/\/hubsch-interior.com\/de\/produkt\/villa-outdoor-tisch-small-schwarz\/#primaryimage\"},\"image\":{\"@id\":\"https:\/\/hubsch-interior.com\/de\/produkt\/villa-outdoor-tisch-small-schwarz\/#primaryimage\"},\"thumbnailUrl\":\"https:\/\/hubsch-interior.com\/wp-content\/uploads\/2026\/02\/villa-outdoor-table-small-black-5e11e29aba808d909e685c2b304fa9f1.jpg\",\"datePublished\":\"2025-01-16T08:22:28+00:00\",\"dateModified\":\"2026-04-09T02:24:05+00:00\",\"description\":\"Villa Outdoor Tisch \u2013 ein Meisterwerk in Schwarz mit einer sch\u00f6nen und grafischen Form, die jeden Raum m\u00fchelos aufwertet. Aus Metall gefertigt mit einer\",\"breadcrumb\":{\"@id\":\"https:\/\/hubsch-interior.com\/de\/produkt\/villa-outdoor-tisch-small-schwarz\/#breadcrumb\"},\"inLanguage\":\"de\",\"potentialAction\":[{\"@type\":\"ReadAction\",\"target\":[\"https:\/\/hubsch-interior.com\/de\/produkt\/villa-outdoor-tisch-small-schwarz\/\"]}]},{\"@type\":\"ImageObject\",\"inLanguage\":\"de\",\"@id\":\"https:\/\/hubsch-interior.com\/de\/produkt\/villa-outdoor-tisch-small-schwarz\/#primaryimage\",\"url\":\"https:\/\/hubsch-interior.com\/wp-content\/uploads\/2026\/02\/villa-outdoor-table-small-black-5e11e29aba808d909e685c2b304fa9f1.jpg\",\"contentUrl\":\"https:\/\/hubsch-interior.com\/wp-content\/uploads\/2026\/02\/villa-outdoor-table-small-black-5e11e29aba808d909e685c2b304fa9f1.jpg\",\"width\":1024,\"height\":1024},{\"@type\":\"BreadcrumbList\",\"@id\":\"https:\/\/hubsch-interior.com\/de\/produkt\/villa-outdoor-tisch-small-schwarz\/#breadcrumb\",\"itemListElement\":[{\"@type\":\"ListItem\",\"position\":1,\"name\":\"Startseite\",\"item\":\"https:\/\/hubsch-interior.com\/de\/\"},{\"@type\":\"ListItem\",\"position\":2,\"name\":\"Produkte\",\"item\":\"https:\/\/hubsch-interior.com\/de\/shop-2\/\"},{\"@type\":\"ListItem\",\"position\":3,\"name\":\"M\u00f6bel\",\"item\":\"https:\/\/hubsch-interior.com\/de\/produkt-kategorie\/moebel\/\"},{\"@type\":\"ListItem\",\"position\":4,\"name\":\"Gartenm&ouml;bel\",\"item\":\"https:\/\/hubsch-interior.com\/de\/produkt-kategorie\/moebel\/gartenmoebel-de\/\"},{\"@type\":\"ListItem\",\"position\":5,\"name\":\"Gartentische\",\"item\":\"https:\/\/hubsch-interior.com\/de\/produkt-kategorie\/moebel\/gartenmoebel-de\/gartentische-de\/\"},{\"@type\":\"ListItem\",\"position\":6,\"name\":\"Villa Outdoor Tisch Small Schwarz\"}]},{\"@type\":\"WebSite\",\"@id\":\"https:\/\/hubsch-interior.com\/de\/#website\",\"url\":\"https:\/\/hubsch-interior.com\/de\/\",\"name\":\"H\u00fcbsch\",\"description\":\"Danish Home Interior and Design\",\"publisher\":{\"@id\":\"https:\/\/hubsch-interior.com\/de\/#organization\"},\"potentialAction\":[{\"@type\":\"SearchAction\",\"target\":{\"@type\":\"EntryPoint\",\"urlTemplate\":\"https:\/\/hubsch-interior.com\/de\/?s={search_term_string}\"},\"query-input\":{\"@type\":\"PropertyValueSpecification\",\"valueRequired\":true,\"valueName\":\"search_term_string\"}}],\"inLanguage\":\"de\"},{\"@type\":\"Organization\",\"@id\":\"https:\/\/hubsch-interior.com\/de\/#organization\",\"name\":\"H\u00fcbsch\",\"url\":\"https:\/\/hubsch-interior.com\/de\/\",\"logo\":{\"@type\":\"ImageObject\",\"inLanguage\":\"de\",\"@id\":\"https:\/\/hubsch-interior.com\/de\/#\/schema\/logo\/image\/\",\"url\":\"https:\/\/hubsch-interior.com\/wp-content\/uploads\/2022\/12\/Hubsch_logo_black_one_line.svg\",\"contentUrl\":\"https:\/\/hubsch-interior.com\/wp-content\/uploads\/2022\/12\/Hubsch_logo_black_one_line.svg\",\"caption\":\"H\u00fcbsch\"},\"image\":{\"@id\":\"https:\/\/hubsch-interior.com\/de\/#\/schema\/logo\/image\/\"}}]}<\/script>\n<!-- \/ Yoast SEO plugin. -->","yoast_head_json":{"title":"Villa Outdoor Tisch Small Schwarz - H\u00fcbsch","description":"Villa Outdoor Tisch \u2013 ein Meisterwerk in Schwarz mit einer sch\u00f6nen und grafischen Form, die jeden Raum m\u00fchelos aufwertet. Aus Metall gefertigt mit einer","robots":{"index":"index","follow":"follow","max-snippet":"max-snippet:-1","max-image-preview":"max-image-preview:large","max-video-preview":"max-video-preview:-1"},"canonical":"https:\/\/hubsch-interior.com\/de\/wp-json\/wp\/v2\/product\/1006969","og_locale":"de_DE","og_type":"article","og_title":"Villa Outdoor Tisch Small Schwarz - H\u00fcbsch","og_description":"Villa Outdoor Tisch \u2013 ein Meisterwerk in Schwarz mit einer sch\u00f6nen und grafischen Form, die jeden Raum m\u00fchelos aufwertet. Aus Metall gefertigt mit einer","og_url":"https:\/\/hubsch-interior.com\/de\/produkt\/villa-outdoor-tisch-small-schwarz\/","og_site_name":"H\u00fcbsch","article_modified_time":"2026-04-09T02:24:05+00:00","og_image":[{"width":1024,"height":1024,"url":"https:\/\/hubsch-interior.com\/wp-content\/uploads\/2026\/02\/villa-outdoor-table-small-black-5e11e29aba808d909e685c2b304fa9f1.jpg","type":"image\/jpeg"}],"twitter_card":"summary_large_image","twitter_misc":{"Gesch\u00e4tzte Lesezeit":"1\u00a0Minute"},"schema":{"@context":"https:\/\/schema.org","@graph":[{"@type":"WebPage","@id":"https:\/\/hubsch-interior.com\/de\/produkt\/villa-outdoor-tisch-small-schwarz\/","url":"https:\/\/hubsch-interior.com\/de\/produkt\/villa-outdoor-tisch-small-schwarz\/","name":"Villa Outdoor Tisch Small Schwarz - H\u00fcbsch","isPartOf":{"@id":"https:\/\/hubsch-interior.com\/de\/#website"},"primaryImageOfPage":{"@id":"https:\/\/hubsch-interior.com\/de\/produkt\/villa-outdoor-tisch-small-schwarz\/#primaryimage"},"image":{"@id":"https:\/\/hubsch-interior.com\/de\/produkt\/villa-outdoor-tisch-small-schwarz\/#primaryimage"},"thumbnailUrl":"https:\/\/hubsch-interior.com\/wp-content\/uploads\/2026\/02\/villa-outdoor-table-small-black-5e11e29aba808d909e685c2b304fa9f1.jpg","datePublished":"2025-01-16T08:22:28+00:00","dateModified":"2026-04-09T02:24:05+00:00","description":"Villa Outdoor Tisch \u2013 ein Meisterwerk in Schwarz mit einer sch\u00f6nen und grafischen Form, die jeden Raum m\u00fchelos aufwertet. Aus Metall gefertigt mit einer","breadcrumb":{"@id":"https:\/\/hubsch-interior.com\/de\/produkt\/villa-outdoor-tisch-small-schwarz\/#breadcrumb"},"inLanguage":"de","potentialAction":[{"@type":"ReadAction","target":["https:\/\/hubsch-interior.com\/de\/produkt\/villa-outdoor-tisch-small-schwarz\/"]}]},{"@type":"ImageObject","inLanguage":"de","@id":"https:\/\/hubsch-interior.com\/de\/produkt\/villa-outdoor-tisch-small-schwarz\/#primaryimage","url":"https:\/\/hubsch-interior.com\/wp-content\/uploads\/2026\/02\/villa-outdoor-table-small-black-5e11e29aba808d909e685c2b304fa9f1.jpg","contentUrl":"https:\/\/hubsch-interior.com\/wp-content\/uploads\/2026\/02\/villa-outdoor-table-small-black-5e11e29aba808d909e685c2b304fa9f1.jpg","width":1024,"height":1024},{"@type":"BreadcrumbList","@id":"https:\/\/hubsch-interior.com\/de\/produkt\/villa-outdoor-tisch-small-schwarz\/#breadcrumb","itemListElement":[{"@type":"ListItem","position":1,"name":"Startseite","item":"https:\/\/hubsch-interior.com\/de\/"},{"@type":"ListItem","position":2,"name":"Produkte","item":"https:\/\/hubsch-interior.com\/de\/shop-2\/"},{"@type":"ListItem","position":3,"name":"M\u00f6bel","item":"https:\/\/hubsch-interior.com\/de\/produkt-kategorie\/moebel\/"},{"@type":"ListItem","position":4,"name":"Gartenm&ouml;bel","item":"https:\/\/hubsch-interior.com\/de\/produkt-kategorie\/moebel\/gartenmoebel-de\/"},{"@type":"ListItem","position":5,"name":"Gartentische","item":"https:\/\/hubsch-interior.com\/de\/produkt-kategorie\/moebel\/gartenmoebel-de\/gartentische-de\/"},{"@type":"ListItem","position":6,"name":"Villa Outdoor Tisch Small Schwarz"}]},{"@type":"WebSite","@id":"https:\/\/hubsch-interior.com\/de\/#website","url":"https:\/\/hubsch-interior.com\/de\/","name":"H\u00fcbsch","description":"Danish Home Interior and Design","publisher":{"@id":"https:\/\/hubsch-interior.com\/de\/#organization"},"potentialAction":[{"@type":"SearchAction","target":{"@type":"EntryPoint","urlTemplate":"https:\/\/hubsch-interior.com\/de\/?s={search_term_string}"},"query-input":{"@type":"PropertyValueSpecification","valueRequired":true,"valueName":"search_term_string"}}],"inLanguage":"de"},{"@type":"Organization","@id":"https:\/\/hubsch-interior.com\/de\/#organization","name":"H\u00fcbsch","url":"https:\/\/hubsch-interior.com\/de\/","logo":{"@type":"ImageObject","inLanguage":"de","@id":"https:\/\/hubsch-interior.com\/de\/#\/schema\/logo\/image\/","url":"https:\/\/hubsch-interior.com\/wp-content\/uploads\/2022\/12\/Hubsch_logo_black_one_line.svg","contentUrl":"https:\/\/hubsch-interior.com\/wp-content\/uploads\/2022\/12\/Hubsch_logo_black_one_line.svg","caption":"H\u00fcbsch"},"image":{"@id":"https:\/\/hubsch-interior.com\/de\/#\/schema\/logo\/image\/"}}]}},"_links":{"self":[{"href":"https:\/\/hubsch-interior.com\/de\/wp-json\/wp\/v2\/product\/1006969","targetHints":{"allow":["GET"]}}],"collection":[{"href":"https:\/\/hubsch-interior.com\/de\/wp-json\/wp\/v2\/product"}],"about":[{"href":"https:\/\/hubsch-interior.com\/de\/wp-json\/wp\/v2\/types\/product"}],"wp:featuredmedia":[{"embeddable":true,"href":"https:\/\/hubsch-interior.com\/de\/wp-json\/wp\/v2\/media\/1114293"}],"wp:attachment":[{"href":"https:\/\/hubsch-interior.com\/de\/wp-json\/wp\/v2\/media?parent=1006969"}],"wp:term":[{"taxonomy":"product_brand","embeddable":true,"href":"https:\/\/hubsch-interior.com\/de\/wp-json\/wp\/v2\/product_brand?post=1006969"},{"taxonomy":"product_cat","embeddable":true,"href":"https:\/\/hubsch-interior.com\/de\/wp-json\/wp\/v2\/product_cat?post=1006969"},{"taxonomy":"product_tag","embeddable":true,"href":"https:\/\/hubsch-interior.com\/de\/wp-json\/wp\/v2\/product_tag?post=1006969"}],"curies":[{"name":"wp","href":"https:\/\/api.w.org\/{rel}","templated":true}]}}