{"id":1007121,"date":"2025-01-17T12:21:10","date_gmt":"2025-01-17T11:21:10","guid":{"rendered":"https:\/\/hubsch-interior.com\/product\/product\/"},"modified":"2026-04-09T04:20:19","modified_gmt":"2026-04-09T02:20:19","slug":"noir-nachttisch-grun-cremeweis","status":"publish","type":"product","link":"https:\/\/hubsch-interior.com\/de\/produkt\/noir-nachttisch-grun-cremeweis\/","title":{"rendered":"Noir Nachttisch Gr\u00fcn\/Cremewei\u00df"},"content":{"rendered":"<p>Wir pr\u00e4sentieren den exquisiten Noir Nachttisch, eine harmonische Kombination aus anspruchsvollen gr\u00fcnen und off-white T\u00f6nen. Gefertigt aus feinstem Eschenfurnier mit eleganten Metallakzenten, verspricht dieses St\u00fcck, Ihre abendliche Routine zu verbessern. Stellen Sie sich vor, wie er neben Ihrem Bett steht, ein stilvoller W\u00e4chter, der Ihr Lieblingsbuch, eine beruhigende Lampe und all die kleinen Notwendigkeiten in greifbarer N\u00e4he h\u00e4lt. Mit seinem eleganten Design und seiner praktischen Funktionalit\u00e4t ist der Noir Nachttisch nicht nur ein M\u00f6belst\u00fcck; er ist ein n\u00e4chtlicher Begleiter, der sowohl Funktion als auch Sch\u00f6nheit in Ihr pers\u00f6nliches Heiligtum bringt.<\/p>\n","protected":false},"excerpt":{"rendered":"<p>Wir pr\u00e4sentieren den exquisiten Noir Nachttisch, eine harmonische Kombination aus anspruchsvollen gr\u00fcnen und off-white T\u00f6nen. Gefertigt aus feinstem Eschenfurnier mit eleganten Metallakzenten, verspricht dieses St\u00fcck, Ihre abendliche Routine zu verbessern. Stellen Sie sich vor, wie er neben Ihrem Bett steht, ein stilvoller W\u00e4chter, der Ihr Lieblingsbuch, eine beruhigende Lampe und all die kleinen Notwendigkeiten in [&hellip;]<\/p>\n","protected":false},"featured_media":1094052,"template":"","meta":{"_acf_changed":false,"inline_featured_image":false},"product_brand":[],"product_cat":[6998,6323,2861,4028,4803,5027],"product_tag":[],"class_list":{"0":"post-1007121","1":"product","2":"type-product","3":"status-publish","4":"has-post-thumbnail","6":"product_cat-the-buzz-de","7":"product_cat-fsc-de","8":"product_cat-tische-de","9":"product_cat-beistelltische-de","10":"product_cat-nachttische-de","11":"product_cat-bestsellers-de","12":"product_shipping_class-pk","14":"pa_color-cremewei-11","15":"pa_color-grn-2","16":"pa_material-eisen-de","17":"pa_material-eschefurnier","18":"pa_material-mdf-de","20":"first","21":"instock","22":"featured","23":"taxable","24":"shipping-taxable","25":"purchasable","26":"product-type-simple"},"exclude_global_add_ons":[],"addons":[],"acf":[],"yoast_head":"<!-- This site is optimized with the Yoast SEO plugin v26.4 - https:\/\/yoast.com\/wordpress\/plugins\/seo\/ -->\n<title>Noir Nachttisch Gr\u00fcn\/Cremewei\u00df - H\u00fcbsch<\/title>\n<meta name=\"description\" content=\"Wir pr\u00e4sentieren den exquisiten Noir Nachttisch, eine harmonische Kombination aus anspruchsvollen gr\u00fcnen und off-white T\u00f6nen. Gefertigt aus feinstem\" \/>\n<meta name=\"robots\" content=\"index, follow, max-snippet:-1, max-image-preview:large, max-video-preview:-1\" \/>\n<link rel=\"canonical\" href=\"https:\/\/hubsch-interior.com\/de\/wp-json\/wp\/v2\/product\/1007121\" \/>\n<meta property=\"og:locale\" content=\"de_DE\" \/>\n<meta property=\"og:type\" content=\"article\" \/>\n<meta property=\"og:title\" content=\"Noir Nachttisch Gr\u00fcn\/Cremewei\u00df - H\u00fcbsch\" \/>\n<meta property=\"og:description\" content=\"Wir pr\u00e4sentieren den exquisiten Noir Nachttisch, eine harmonische Kombination aus anspruchsvollen gr\u00fcnen und off-white T\u00f6nen. Gefertigt aus feinstem\" \/>\n<meta property=\"og:url\" content=\"https:\/\/hubsch-interior.com\/de\/produkt\/noir-nachttisch-grun-cremeweis\/\" \/>\n<meta property=\"og:site_name\" content=\"H\u00fcbsch\" \/>\n<meta property=\"article:modified_time\" content=\"2026-04-09T02:20:19+00:00\" \/>\n<meta property=\"og:image\" content=\"https:\/\/hubsch-interior.com\/wp-content\/uploads\/2025\/08\/noir-bedside-table-greenoff-white-9cdc6f4448de2a3147501e8b3d063f9d.jpg\" \/>\n\t<meta property=\"og:image:width\" content=\"1200\" \/>\n\t<meta property=\"og:image:height\" content=\"1200\" \/>\n\t<meta property=\"og:image:type\" content=\"image\/jpeg\" \/>\n<meta name=\"twitter:card\" content=\"summary_large_image\" \/>\n<meta name=\"twitter:label1\" content=\"Gesch\u00e4tzte Lesezeit\" \/>\n\t<meta name=\"twitter:data1\" content=\"1\u00a0Minute\" \/>\n<script type=\"application\/ld+json\" class=\"yoast-schema-graph\">{\"@context\":\"https:\/\/schema.org\",\"@graph\":[{\"@type\":\"WebPage\",\"@id\":\"https:\/\/hubsch-interior.com\/de\/produkt\/noir-nachttisch-grun-cremeweis\/\",\"url\":\"https:\/\/hubsch-interior.com\/de\/produkt\/noir-nachttisch-grun-cremeweis\/\",\"name\":\"Noir Nachttisch Gr\u00fcn\/Cremewei\u00df - H\u00fcbsch\",\"isPartOf\":{\"@id\":\"https:\/\/hubsch-interior.com\/de\/#website\"},\"primaryImageOfPage\":{\"@id\":\"https:\/\/hubsch-interior.com\/de\/produkt\/noir-nachttisch-grun-cremeweis\/#primaryimage\"},\"image\":{\"@id\":\"https:\/\/hubsch-interior.com\/de\/produkt\/noir-nachttisch-grun-cremeweis\/#primaryimage\"},\"thumbnailUrl\":\"https:\/\/hubsch-interior.com\/wp-content\/uploads\/2026\/02\/noir-bedside-table-greenoff-white-3061fd9f14210c427d5c5a45d6bc7a44.jpg\",\"datePublished\":\"2025-01-17T11:21:10+00:00\",\"dateModified\":\"2026-04-09T02:20:19+00:00\",\"description\":\"Wir pr\u00e4sentieren den exquisiten Noir Nachttisch, eine harmonische Kombination aus anspruchsvollen gr\u00fcnen und off-white T\u00f6nen. Gefertigt aus feinstem\",\"breadcrumb\":{\"@id\":\"https:\/\/hubsch-interior.com\/de\/produkt\/noir-nachttisch-grun-cremeweis\/#breadcrumb\"},\"inLanguage\":\"de\",\"potentialAction\":[{\"@type\":\"ReadAction\",\"target\":[\"https:\/\/hubsch-interior.com\/de\/produkt\/noir-nachttisch-grun-cremeweis\/\"]}]},{\"@type\":\"ImageObject\",\"inLanguage\":\"de\",\"@id\":\"https:\/\/hubsch-interior.com\/de\/produkt\/noir-nachttisch-grun-cremeweis\/#primaryimage\",\"url\":\"https:\/\/hubsch-interior.com\/wp-content\/uploads\/2026\/02\/noir-bedside-table-greenoff-white-3061fd9f14210c427d5c5a45d6bc7a44.jpg\",\"contentUrl\":\"https:\/\/hubsch-interior.com\/wp-content\/uploads\/2026\/02\/noir-bedside-table-greenoff-white-3061fd9f14210c427d5c5a45d6bc7a44.jpg\",\"width\":1024,\"height\":1024},{\"@type\":\"BreadcrumbList\",\"@id\":\"https:\/\/hubsch-interior.com\/de\/produkt\/noir-nachttisch-grun-cremeweis\/#breadcrumb\",\"itemListElement\":[{\"@type\":\"ListItem\",\"position\":1,\"name\":\"Startseite\",\"item\":\"https:\/\/hubsch-interior.com\/de\/\"},{\"@type\":\"ListItem\",\"position\":2,\"name\":\"Produkte\",\"item\":\"https:\/\/hubsch-interior.com\/de\/shop-2\/\"},{\"@type\":\"ListItem\",\"position\":3,\"name\":\"M\u00f6bel\",\"item\":\"https:\/\/hubsch-interior.com\/de\/produkt-kategorie\/moebel\/\"},{\"@type\":\"ListItem\",\"position\":4,\"name\":\"Tische\",\"item\":\"https:\/\/hubsch-interior.com\/de\/produkt-kategorie\/moebel\/tische-de\/\"},{\"@type\":\"ListItem\",\"position\":5,\"name\":\"Beistelltische\",\"item\":\"https:\/\/hubsch-interior.com\/de\/produkt-kategorie\/moebel\/tische-de\/beistelltische-de\/\"},{\"@type\":\"ListItem\",\"position\":6,\"name\":\"Noir Nachttisch Gr\u00fcn\/Cremewei\u00df\"}]},{\"@type\":\"WebSite\",\"@id\":\"https:\/\/hubsch-interior.com\/de\/#website\",\"url\":\"https:\/\/hubsch-interior.com\/de\/\",\"name\":\"H\u00fcbsch\",\"description\":\"Danish Home Interior and Design\",\"publisher\":{\"@id\":\"https:\/\/hubsch-interior.com\/de\/#organization\"},\"potentialAction\":[{\"@type\":\"SearchAction\",\"target\":{\"@type\":\"EntryPoint\",\"urlTemplate\":\"https:\/\/hubsch-interior.com\/de\/?s={search_term_string}\"},\"query-input\":{\"@type\":\"PropertyValueSpecification\",\"valueRequired\":true,\"valueName\":\"search_term_string\"}}],\"inLanguage\":\"de\"},{\"@type\":\"Organization\",\"@id\":\"https:\/\/hubsch-interior.com\/de\/#organization\",\"name\":\"H\u00fcbsch\",\"url\":\"https:\/\/hubsch-interior.com\/de\/\",\"logo\":{\"@type\":\"ImageObject\",\"inLanguage\":\"de\",\"@id\":\"https:\/\/hubsch-interior.com\/de\/#\/schema\/logo\/image\/\",\"url\":\"https:\/\/hubsch-interior.com\/wp-content\/uploads\/2022\/12\/Hubsch_logo_black_one_line.svg\",\"contentUrl\":\"https:\/\/hubsch-interior.com\/wp-content\/uploads\/2022\/12\/Hubsch_logo_black_one_line.svg\",\"caption\":\"H\u00fcbsch\"},\"image\":{\"@id\":\"https:\/\/hubsch-interior.com\/de\/#\/schema\/logo\/image\/\"}}]}<\/script>\n<!-- \/ Yoast SEO plugin. -->","yoast_head_json":{"title":"Noir Nachttisch Gr\u00fcn\/Cremewei\u00df - H\u00fcbsch","description":"Wir pr\u00e4sentieren den exquisiten Noir Nachttisch, eine harmonische Kombination aus anspruchsvollen gr\u00fcnen und off-white T\u00f6nen. Gefertigt aus feinstem","robots":{"index":"index","follow":"follow","max-snippet":"max-snippet:-1","max-image-preview":"max-image-preview:large","max-video-preview":"max-video-preview:-1"},"canonical":"https:\/\/hubsch-interior.com\/de\/wp-json\/wp\/v2\/product\/1007121","og_locale":"de_DE","og_type":"article","og_title":"Noir Nachttisch Gr\u00fcn\/Cremewei\u00df - H\u00fcbsch","og_description":"Wir pr\u00e4sentieren den exquisiten Noir Nachttisch, eine harmonische Kombination aus anspruchsvollen gr\u00fcnen und off-white T\u00f6nen. Gefertigt aus feinstem","og_url":"https:\/\/hubsch-interior.com\/de\/produkt\/noir-nachttisch-grun-cremeweis\/","og_site_name":"H\u00fcbsch","article_modified_time":"2026-04-09T02:20:19+00:00","og_image":[{"width":1200,"height":1200,"url":"https:\/\/hubsch-interior.com\/wp-content\/uploads\/2025\/08\/noir-bedside-table-greenoff-white-9cdc6f4448de2a3147501e8b3d063f9d.jpg","type":"image\/jpeg"}],"twitter_card":"summary_large_image","twitter_misc":{"Gesch\u00e4tzte Lesezeit":"1\u00a0Minute"},"schema":{"@context":"https:\/\/schema.org","@graph":[{"@type":"WebPage","@id":"https:\/\/hubsch-interior.com\/de\/produkt\/noir-nachttisch-grun-cremeweis\/","url":"https:\/\/hubsch-interior.com\/de\/produkt\/noir-nachttisch-grun-cremeweis\/","name":"Noir Nachttisch Gr\u00fcn\/Cremewei\u00df - H\u00fcbsch","isPartOf":{"@id":"https:\/\/hubsch-interior.com\/de\/#website"},"primaryImageOfPage":{"@id":"https:\/\/hubsch-interior.com\/de\/produkt\/noir-nachttisch-grun-cremeweis\/#primaryimage"},"image":{"@id":"https:\/\/hubsch-interior.com\/de\/produkt\/noir-nachttisch-grun-cremeweis\/#primaryimage"},"thumbnailUrl":"https:\/\/hubsch-interior.com\/wp-content\/uploads\/2026\/02\/noir-bedside-table-greenoff-white-3061fd9f14210c427d5c5a45d6bc7a44.jpg","datePublished":"2025-01-17T11:21:10+00:00","dateModified":"2026-04-09T02:20:19+00:00","description":"Wir pr\u00e4sentieren den exquisiten Noir Nachttisch, eine harmonische Kombination aus anspruchsvollen gr\u00fcnen und off-white T\u00f6nen. Gefertigt aus feinstem","breadcrumb":{"@id":"https:\/\/hubsch-interior.com\/de\/produkt\/noir-nachttisch-grun-cremeweis\/#breadcrumb"},"inLanguage":"de","potentialAction":[{"@type":"ReadAction","target":["https:\/\/hubsch-interior.com\/de\/produkt\/noir-nachttisch-grun-cremeweis\/"]}]},{"@type":"ImageObject","inLanguage":"de","@id":"https:\/\/hubsch-interior.com\/de\/produkt\/noir-nachttisch-grun-cremeweis\/#primaryimage","url":"https:\/\/hubsch-interior.com\/wp-content\/uploads\/2026\/02\/noir-bedside-table-greenoff-white-3061fd9f14210c427d5c5a45d6bc7a44.jpg","contentUrl":"https:\/\/hubsch-interior.com\/wp-content\/uploads\/2026\/02\/noir-bedside-table-greenoff-white-3061fd9f14210c427d5c5a45d6bc7a44.jpg","width":1024,"height":1024},{"@type":"BreadcrumbList","@id":"https:\/\/hubsch-interior.com\/de\/produkt\/noir-nachttisch-grun-cremeweis\/#breadcrumb","itemListElement":[{"@type":"ListItem","position":1,"name":"Startseite","item":"https:\/\/hubsch-interior.com\/de\/"},{"@type":"ListItem","position":2,"name":"Produkte","item":"https:\/\/hubsch-interior.com\/de\/shop-2\/"},{"@type":"ListItem","position":3,"name":"M\u00f6bel","item":"https:\/\/hubsch-interior.com\/de\/produkt-kategorie\/moebel\/"},{"@type":"ListItem","position":4,"name":"Tische","item":"https:\/\/hubsch-interior.com\/de\/produkt-kategorie\/moebel\/tische-de\/"},{"@type":"ListItem","position":5,"name":"Beistelltische","item":"https:\/\/hubsch-interior.com\/de\/produkt-kategorie\/moebel\/tische-de\/beistelltische-de\/"},{"@type":"ListItem","position":6,"name":"Noir Nachttisch Gr\u00fcn\/Cremewei\u00df"}]},{"@type":"WebSite","@id":"https:\/\/hubsch-interior.com\/de\/#website","url":"https:\/\/hubsch-interior.com\/de\/","name":"H\u00fcbsch","description":"Danish Home Interior and Design","publisher":{"@id":"https:\/\/hubsch-interior.com\/de\/#organization"},"potentialAction":[{"@type":"SearchAction","target":{"@type":"EntryPoint","urlTemplate":"https:\/\/hubsch-interior.com\/de\/?s={search_term_string}"},"query-input":{"@type":"PropertyValueSpecification","valueRequired":true,"valueName":"search_term_string"}}],"inLanguage":"de"},{"@type":"Organization","@id":"https:\/\/hubsch-interior.com\/de\/#organization","name":"H\u00fcbsch","url":"https:\/\/hubsch-interior.com\/de\/","logo":{"@type":"ImageObject","inLanguage":"de","@id":"https:\/\/hubsch-interior.com\/de\/#\/schema\/logo\/image\/","url":"https:\/\/hubsch-interior.com\/wp-content\/uploads\/2022\/12\/Hubsch_logo_black_one_line.svg","contentUrl":"https:\/\/hubsch-interior.com\/wp-content\/uploads\/2022\/12\/Hubsch_logo_black_one_line.svg","caption":"H\u00fcbsch"},"image":{"@id":"https:\/\/hubsch-interior.com\/de\/#\/schema\/logo\/image\/"}}]}},"_links":{"self":[{"href":"https:\/\/hubsch-interior.com\/de\/wp-json\/wp\/v2\/product\/1007121","targetHints":{"allow":["GET"]}}],"collection":[{"href":"https:\/\/hubsch-interior.com\/de\/wp-json\/wp\/v2\/product"}],"about":[{"href":"https:\/\/hubsch-interior.com\/de\/wp-json\/wp\/v2\/types\/product"}],"wp:featuredmedia":[{"embeddable":true,"href":"https:\/\/hubsch-interior.com\/de\/wp-json\/wp\/v2\/media\/1094052"}],"wp:attachment":[{"href":"https:\/\/hubsch-interior.com\/de\/wp-json\/wp\/v2\/media?parent=1007121"}],"wp:term":[{"taxonomy":"product_brand","embeddable":true,"href":"https:\/\/hubsch-interior.com\/de\/wp-json\/wp\/v2\/product_brand?post=1007121"},{"taxonomy":"product_cat","embeddable":true,"href":"https:\/\/hubsch-interior.com\/de\/wp-json\/wp\/v2\/product_cat?post=1007121"},{"taxonomy":"product_tag","embeddable":true,"href":"https:\/\/hubsch-interior.com\/de\/wp-json\/wp\/v2\/product_tag?post=1007121"}],"curies":[{"name":"wp","href":"https:\/\/api.w.org\/{rel}","templated":true}]}}