{"id":1007153,"date":"2025-01-17T12:22:53","date_gmt":"2025-01-17T11:22:53","guid":{"rendered":"https:\/\/hubsch-interior.com\/product\/product\/"},"modified":"2026-04-09T04:20:24","modified_gmt":"2026-04-09T02:20:24","slug":"galaxy-regal-turquiose-blau-grau","status":"publish","type":"product","link":"https:\/\/hubsch-interior.com\/de\/produkt\/galaxy-regal-turquiose-blau-grau\/","title":{"rendered":"Galaxy Regal Turquiose\/Blau\/Grau"},"content":{"rendered":"<p>Der fesselnde Galaxy Regal, ein Meisterwerk in lebhaftem T\u00fcrkis, Blau und Grau aus Eschenfurnier, verwandelt jeden Raum in ein Stil-Statement. Gefertigt aus FSC-zertifiziertem Holz, ist dieses Regal nicht nur optisch ansprechend; es ist ein Zeugnis durchdachten Designs. Mit Platz f\u00fcr 12 Tassen k\u00f6nnen Sie all Ihre sch\u00f6nen Kaffeetassen ausstellen oder Ihre Lieblingsdekoartikel oder K\u00fcchenelemente zur Schau stellen. Ideal f\u00fcr jeden Raum, der nach einem farbenfrohen Blickfang verlangt, verspricht das Galaxy Regal sowohl ein zentraler Anziehungspunkt als auch ein Gespr\u00e4chsausl\u00f6ser zu sein.<\/p>\n","protected":false},"excerpt":{"rendered":"<p>Der fesselnde Galaxy Regal, ein Meisterwerk in lebhaftem T\u00fcrkis, Blau und Grau aus Eschenfurnier, verwandelt jeden Raum in ein Stil-Statement. Gefertigt aus FSC-zertifiziertem Holz, ist dieses Regal nicht nur optisch ansprechend; es ist ein Zeugnis durchdachten Designs. Mit Platz f\u00fcr 12 Tassen k\u00f6nnen Sie all Ihre sch\u00f6nen Kaffeetassen ausstellen oder Ihre Lieblingsdekoartikel oder K\u00fcchenelemente zur [&hellip;]<\/p>\n","protected":false},"featured_media":1094092,"template":"","meta":{"_acf_changed":false,"inline_featured_image":false},"product_brand":[],"product_cat":[6998,6323,4003,4024,5027],"product_tag":[],"class_list":{"0":"post-1007153","1":"product","2":"type-product","3":"status-publish","4":"has-post-thumbnail","6":"product_cat-the-buzz-de","7":"product_cat-fsc-de","8":"product_cat-regale-aufbewahrung-de","9":"product_cat-ablagen-de","10":"product_cat-bestsellers-de","11":"product_shipping_class-pk","13":"pa_color-blau-2","14":"pa_color-grau-2","15":"pa_material-eschefurnier","16":"pa_material-mdf-de","18":"first","19":"instock","20":"featured","21":"taxable","22":"shipping-taxable","23":"purchasable","24":"product-type-simple"},"exclude_global_add_ons":[],"addons":[],"acf":[],"yoast_head":"<!-- This site is optimized with the Yoast SEO plugin v26.4 - https:\/\/yoast.com\/wordpress\/plugins\/seo\/ -->\n<title>Galaxy Regal Turquiose\/Blau\/Grau - H\u00fcbsch<\/title>\n<meta name=\"description\" content=\"Der fesselnde Galaxy Regal, ein Meisterwerk in lebhaftem T\u00fcrkis, Blau und Grau aus Eschenfurnier, verwandelt jeden Raum in ein Stil-Statement. Gefertigt\" \/>\n<meta name=\"robots\" content=\"index, follow, max-snippet:-1, max-image-preview:large, max-video-preview:-1\" \/>\n<link rel=\"canonical\" href=\"https:\/\/hubsch-interior.com\/de\/wp-json\/wp\/v2\/product\/1007153\" \/>\n<meta property=\"og:locale\" content=\"de_DE\" \/>\n<meta property=\"og:type\" content=\"article\" \/>\n<meta property=\"og:title\" content=\"Galaxy Regal Turquiose\/Blau\/Grau - H\u00fcbsch\" \/>\n<meta property=\"og:description\" content=\"Der fesselnde Galaxy Regal, ein Meisterwerk in lebhaftem T\u00fcrkis, Blau und Grau aus Eschenfurnier, verwandelt jeden Raum in ein Stil-Statement. Gefertigt\" \/>\n<meta property=\"og:url\" content=\"https:\/\/hubsch-interior.com\/de\/produkt\/galaxy-regal-turquiose-blau-grau\/\" \/>\n<meta property=\"og:site_name\" content=\"H\u00fcbsch\" \/>\n<meta property=\"article:modified_time\" content=\"2026-04-09T02:20:24+00:00\" \/>\n<meta property=\"og:image\" content=\"https:\/\/hubsch-interior.com\/wp-content\/uploads\/2025\/01\/galaxy-shelf-turquiosebluegrey-3f2ef06b704738bc0744622693780006.jpg\" \/>\n\t<meta property=\"og:image:width\" content=\"1200\" \/>\n\t<meta property=\"og:image:height\" content=\"1200\" \/>\n\t<meta property=\"og:image:type\" content=\"image\/jpeg\" \/>\n<meta name=\"twitter:card\" content=\"summary_large_image\" \/>\n<script type=\"application\/ld+json\" class=\"yoast-schema-graph\">{\"@context\":\"https:\/\/schema.org\",\"@graph\":[{\"@type\":\"WebPage\",\"@id\":\"https:\/\/hubsch-interior.com\/de\/produkt\/galaxy-regal-turquiose-blau-grau\/\",\"url\":\"https:\/\/hubsch-interior.com\/de\/produkt\/galaxy-regal-turquiose-blau-grau\/\",\"name\":\"Galaxy Regal Turquiose\/Blau\/Grau - H\u00fcbsch\",\"isPartOf\":{\"@id\":\"https:\/\/hubsch-interior.com\/de\/#website\"},\"primaryImageOfPage\":{\"@id\":\"https:\/\/hubsch-interior.com\/de\/produkt\/galaxy-regal-turquiose-blau-grau\/#primaryimage\"},\"image\":{\"@id\":\"https:\/\/hubsch-interior.com\/de\/produkt\/galaxy-regal-turquiose-blau-grau\/#primaryimage\"},\"thumbnailUrl\":\"https:\/\/hubsch-interior.com\/wp-content\/uploads\/2026\/02\/galaxy-shelf-turquiosebluegrey-101bf8a7d6c7e44670723a013519ff36.jpg\",\"datePublished\":\"2025-01-17T11:22:53+00:00\",\"dateModified\":\"2026-04-09T02:20:24+00:00\",\"description\":\"Der fesselnde Galaxy Regal, ein Meisterwerk in lebhaftem T\u00fcrkis, Blau und Grau aus Eschenfurnier, verwandelt jeden Raum in ein Stil-Statement. Gefertigt\",\"breadcrumb\":{\"@id\":\"https:\/\/hubsch-interior.com\/de\/produkt\/galaxy-regal-turquiose-blau-grau\/#breadcrumb\"},\"inLanguage\":\"de\",\"potentialAction\":[{\"@type\":\"ReadAction\",\"target\":[\"https:\/\/hubsch-interior.com\/de\/produkt\/galaxy-regal-turquiose-blau-grau\/\"]}]},{\"@type\":\"ImageObject\",\"inLanguage\":\"de\",\"@id\":\"https:\/\/hubsch-interior.com\/de\/produkt\/galaxy-regal-turquiose-blau-grau\/#primaryimage\",\"url\":\"https:\/\/hubsch-interior.com\/wp-content\/uploads\/2026\/02\/galaxy-shelf-turquiosebluegrey-101bf8a7d6c7e44670723a013519ff36.jpg\",\"contentUrl\":\"https:\/\/hubsch-interior.com\/wp-content\/uploads\/2026\/02\/galaxy-shelf-turquiosebluegrey-101bf8a7d6c7e44670723a013519ff36.jpg\",\"width\":1024,\"height\":1024},{\"@type\":\"BreadcrumbList\",\"@id\":\"https:\/\/hubsch-interior.com\/de\/produkt\/galaxy-regal-turquiose-blau-grau\/#breadcrumb\",\"itemListElement\":[{\"@type\":\"ListItem\",\"position\":1,\"name\":\"Startseite\",\"item\":\"https:\/\/hubsch-interior.com\/de\/\"},{\"@type\":\"ListItem\",\"position\":2,\"name\":\"Produkte\",\"item\":\"https:\/\/hubsch-interior.com\/de\/shop-2\/\"},{\"@type\":\"ListItem\",\"position\":3,\"name\":\"M\u00f6bel\",\"item\":\"https:\/\/hubsch-interior.com\/de\/produkt-kategorie\/moebel\/\"},{\"@type\":\"ListItem\",\"position\":4,\"name\":\"Regale &amp; Aufbewahrung\",\"item\":\"https:\/\/hubsch-interior.com\/de\/produkt-kategorie\/moebel\/regale-aufbewahrung-de\/\"},{\"@type\":\"ListItem\",\"position\":5,\"name\":\"Ablagen\",\"item\":\"https:\/\/hubsch-interior.com\/de\/produkt-kategorie\/moebel\/regale-aufbewahrung-de\/ablagen-de\/\"},{\"@type\":\"ListItem\",\"position\":6,\"name\":\"Galaxy Regal Turquiose\/Blau\/Grau\"}]},{\"@type\":\"WebSite\",\"@id\":\"https:\/\/hubsch-interior.com\/de\/#website\",\"url\":\"https:\/\/hubsch-interior.com\/de\/\",\"name\":\"H\u00fcbsch\",\"description\":\"Danish Home Interior and Design\",\"publisher\":{\"@id\":\"https:\/\/hubsch-interior.com\/de\/#organization\"},\"potentialAction\":[{\"@type\":\"SearchAction\",\"target\":{\"@type\":\"EntryPoint\",\"urlTemplate\":\"https:\/\/hubsch-interior.com\/de\/?s={search_term_string}\"},\"query-input\":{\"@type\":\"PropertyValueSpecification\",\"valueRequired\":true,\"valueName\":\"search_term_string\"}}],\"inLanguage\":\"de\"},{\"@type\":\"Organization\",\"@id\":\"https:\/\/hubsch-interior.com\/de\/#organization\",\"name\":\"H\u00fcbsch\",\"url\":\"https:\/\/hubsch-interior.com\/de\/\",\"logo\":{\"@type\":\"ImageObject\",\"inLanguage\":\"de\",\"@id\":\"https:\/\/hubsch-interior.com\/de\/#\/schema\/logo\/image\/\",\"url\":\"https:\/\/hubsch-interior.com\/wp-content\/uploads\/2022\/12\/Hubsch_logo_black_one_line.svg\",\"contentUrl\":\"https:\/\/hubsch-interior.com\/wp-content\/uploads\/2022\/12\/Hubsch_logo_black_one_line.svg\",\"caption\":\"H\u00fcbsch\"},\"image\":{\"@id\":\"https:\/\/hubsch-interior.com\/de\/#\/schema\/logo\/image\/\"}}]}<\/script>\n<!-- \/ Yoast SEO plugin. -->","yoast_head_json":{"title":"Galaxy Regal Turquiose\/Blau\/Grau - H\u00fcbsch","description":"Der fesselnde Galaxy Regal, ein Meisterwerk in lebhaftem T\u00fcrkis, Blau und Grau aus Eschenfurnier, verwandelt jeden Raum in ein Stil-Statement. Gefertigt","robots":{"index":"index","follow":"follow","max-snippet":"max-snippet:-1","max-image-preview":"max-image-preview:large","max-video-preview":"max-video-preview:-1"},"canonical":"https:\/\/hubsch-interior.com\/de\/wp-json\/wp\/v2\/product\/1007153","og_locale":"de_DE","og_type":"article","og_title":"Galaxy Regal Turquiose\/Blau\/Grau - H\u00fcbsch","og_description":"Der fesselnde Galaxy Regal, ein Meisterwerk in lebhaftem T\u00fcrkis, Blau und Grau aus Eschenfurnier, verwandelt jeden Raum in ein Stil-Statement. Gefertigt","og_url":"https:\/\/hubsch-interior.com\/de\/produkt\/galaxy-regal-turquiose-blau-grau\/","og_site_name":"H\u00fcbsch","article_modified_time":"2026-04-09T02:20:24+00:00","og_image":[{"width":1200,"height":1200,"url":"https:\/\/hubsch-interior.com\/wp-content\/uploads\/2025\/01\/galaxy-shelf-turquiosebluegrey-3f2ef06b704738bc0744622693780006.jpg","type":"image\/jpeg"}],"twitter_card":"summary_large_image","schema":{"@context":"https:\/\/schema.org","@graph":[{"@type":"WebPage","@id":"https:\/\/hubsch-interior.com\/de\/produkt\/galaxy-regal-turquiose-blau-grau\/","url":"https:\/\/hubsch-interior.com\/de\/produkt\/galaxy-regal-turquiose-blau-grau\/","name":"Galaxy Regal Turquiose\/Blau\/Grau - H\u00fcbsch","isPartOf":{"@id":"https:\/\/hubsch-interior.com\/de\/#website"},"primaryImageOfPage":{"@id":"https:\/\/hubsch-interior.com\/de\/produkt\/galaxy-regal-turquiose-blau-grau\/#primaryimage"},"image":{"@id":"https:\/\/hubsch-interior.com\/de\/produkt\/galaxy-regal-turquiose-blau-grau\/#primaryimage"},"thumbnailUrl":"https:\/\/hubsch-interior.com\/wp-content\/uploads\/2026\/02\/galaxy-shelf-turquiosebluegrey-101bf8a7d6c7e44670723a013519ff36.jpg","datePublished":"2025-01-17T11:22:53+00:00","dateModified":"2026-04-09T02:20:24+00:00","description":"Der fesselnde Galaxy Regal, ein Meisterwerk in lebhaftem T\u00fcrkis, Blau und Grau aus Eschenfurnier, verwandelt jeden Raum in ein Stil-Statement. Gefertigt","breadcrumb":{"@id":"https:\/\/hubsch-interior.com\/de\/produkt\/galaxy-regal-turquiose-blau-grau\/#breadcrumb"},"inLanguage":"de","potentialAction":[{"@type":"ReadAction","target":["https:\/\/hubsch-interior.com\/de\/produkt\/galaxy-regal-turquiose-blau-grau\/"]}]},{"@type":"ImageObject","inLanguage":"de","@id":"https:\/\/hubsch-interior.com\/de\/produkt\/galaxy-regal-turquiose-blau-grau\/#primaryimage","url":"https:\/\/hubsch-interior.com\/wp-content\/uploads\/2026\/02\/galaxy-shelf-turquiosebluegrey-101bf8a7d6c7e44670723a013519ff36.jpg","contentUrl":"https:\/\/hubsch-interior.com\/wp-content\/uploads\/2026\/02\/galaxy-shelf-turquiosebluegrey-101bf8a7d6c7e44670723a013519ff36.jpg","width":1024,"height":1024},{"@type":"BreadcrumbList","@id":"https:\/\/hubsch-interior.com\/de\/produkt\/galaxy-regal-turquiose-blau-grau\/#breadcrumb","itemListElement":[{"@type":"ListItem","position":1,"name":"Startseite","item":"https:\/\/hubsch-interior.com\/de\/"},{"@type":"ListItem","position":2,"name":"Produkte","item":"https:\/\/hubsch-interior.com\/de\/shop-2\/"},{"@type":"ListItem","position":3,"name":"M\u00f6bel","item":"https:\/\/hubsch-interior.com\/de\/produkt-kategorie\/moebel\/"},{"@type":"ListItem","position":4,"name":"Regale &amp; Aufbewahrung","item":"https:\/\/hubsch-interior.com\/de\/produkt-kategorie\/moebel\/regale-aufbewahrung-de\/"},{"@type":"ListItem","position":5,"name":"Ablagen","item":"https:\/\/hubsch-interior.com\/de\/produkt-kategorie\/moebel\/regale-aufbewahrung-de\/ablagen-de\/"},{"@type":"ListItem","position":6,"name":"Galaxy Regal Turquiose\/Blau\/Grau"}]},{"@type":"WebSite","@id":"https:\/\/hubsch-interior.com\/de\/#website","url":"https:\/\/hubsch-interior.com\/de\/","name":"H\u00fcbsch","description":"Danish Home Interior and Design","publisher":{"@id":"https:\/\/hubsch-interior.com\/de\/#organization"},"potentialAction":[{"@type":"SearchAction","target":{"@type":"EntryPoint","urlTemplate":"https:\/\/hubsch-interior.com\/de\/?s={search_term_string}"},"query-input":{"@type":"PropertyValueSpecification","valueRequired":true,"valueName":"search_term_string"}}],"inLanguage":"de"},{"@type":"Organization","@id":"https:\/\/hubsch-interior.com\/de\/#organization","name":"H\u00fcbsch","url":"https:\/\/hubsch-interior.com\/de\/","logo":{"@type":"ImageObject","inLanguage":"de","@id":"https:\/\/hubsch-interior.com\/de\/#\/schema\/logo\/image\/","url":"https:\/\/hubsch-interior.com\/wp-content\/uploads\/2022\/12\/Hubsch_logo_black_one_line.svg","contentUrl":"https:\/\/hubsch-interior.com\/wp-content\/uploads\/2022\/12\/Hubsch_logo_black_one_line.svg","caption":"H\u00fcbsch"},"image":{"@id":"https:\/\/hubsch-interior.com\/de\/#\/schema\/logo\/image\/"}}]}},"_links":{"self":[{"href":"https:\/\/hubsch-interior.com\/de\/wp-json\/wp\/v2\/product\/1007153","targetHints":{"allow":["GET"]}}],"collection":[{"href":"https:\/\/hubsch-interior.com\/de\/wp-json\/wp\/v2\/product"}],"about":[{"href":"https:\/\/hubsch-interior.com\/de\/wp-json\/wp\/v2\/types\/product"}],"wp:featuredmedia":[{"embeddable":true,"href":"https:\/\/hubsch-interior.com\/de\/wp-json\/wp\/v2\/media\/1094092"}],"wp:attachment":[{"href":"https:\/\/hubsch-interior.com\/de\/wp-json\/wp\/v2\/media?parent=1007153"}],"wp:term":[{"taxonomy":"product_brand","embeddable":true,"href":"https:\/\/hubsch-interior.com\/de\/wp-json\/wp\/v2\/product_brand?post=1007153"},{"taxonomy":"product_cat","embeddable":true,"href":"https:\/\/hubsch-interior.com\/de\/wp-json\/wp\/v2\/product_cat?post=1007153"},{"taxonomy":"product_tag","embeddable":true,"href":"https:\/\/hubsch-interior.com\/de\/wp-json\/wp\/v2\/product_tag?post=1007153"}],"curies":[{"name":"wp","href":"https:\/\/api.w.org\/{rel}","templated":true}]}}