{"id":1007169,"date":"2025-01-17T12:23:19","date_gmt":"2025-01-17T11:23:19","guid":{"rendered":"https:\/\/hubsch-interior.com\/product\/product\/"},"modified":"2026-04-09T04:20:29","modified_gmt":"2026-04-09T02:20:29","slug":"pep-regal-gelb-grau","status":"publish","type":"product","link":"https:\/\/hubsch-interior.com\/de\/produkt\/pep-regal-gelb-grau\/","title":{"rendered":"Pep Regal Gelb\/Grau"},"content":{"rendered":"<p>Beleben Sie jeden Raum mit dem charmanten Pep Regal, das in angenehmen Gelb- und Graut\u00f6nen gehalten ist. Dieses praktische Regal, gefertigt aus FSC-zertifiziertem Eschenfurnier, eignet sich perfekt f\u00fcr Ihre pers\u00f6nlichen R\u00e4ume. Nutzen Sie es im B\u00fcro, um Zubeh\u00f6r zu organisieren, oder in der K\u00fcche, um Ihre Kaffeeecke, Gew\u00fcrze und Tee aufzubewahren. Das Pep Regal ist nicht nur praktisch, sondern durch sein stilvolles Design auch ein ideales Pr\u00e4sentationsst\u00fcck, das Ihrem Zuhause eine Note von W\u00e4rme und Pers\u00f6nlichkeit verleiht.<\/p>\n","protected":false},"excerpt":{"rendered":"<p>Beleben Sie jeden Raum mit dem charmanten Pep Regal, das in angenehmen Gelb- und Graut\u00f6nen gehalten ist. Dieses praktische Regal, gefertigt aus FSC-zertifiziertem Eschenfurnier, eignet sich perfekt f\u00fcr Ihre pers\u00f6nlichen R\u00e4ume. Nutzen Sie es im B\u00fcro, um Zubeh\u00f6r zu organisieren, oder in der K\u00fcche, um Ihre Kaffeeecke, Gew\u00fcrze und Tee aufzubewahren. Das Pep Regal ist [&hellip;]<\/p>\n","protected":false},"featured_media":1094346,"template":"","meta":{"_acf_changed":false,"inline_featured_image":false},"product_brand":[],"product_cat":[7073,7074,6998,6323,4003,4024,5027],"product_tag":[],"class_list":{"0":"post-1007169","1":"product","2":"type-product","3":"status-publish","4":"has-post-thumbnail","6":"product_cat-haken-regale-de","7":"product_cat-kuchen-regale-de","8":"product_cat-the-buzz-de","9":"product_cat-fsc-de","10":"product_cat-regale-aufbewahrung-de","11":"product_cat-ablagen-de","12":"product_cat-bestsellers-de","13":"product_shipping_class-pk","15":"pa_color-gelb","16":"pa_color-grau-2","17":"pa_material-eschefurnier","18":"pa_material-mdf-de","20":"first","21":"instock","22":"featured","23":"taxable","24":"shipping-taxable","25":"purchasable","26":"product-type-simple"},"exclude_global_add_ons":[],"addons":[],"acf":[],"yoast_head":"<!-- This site is optimized with the Yoast SEO plugin v26.4 - https:\/\/yoast.com\/wordpress\/plugins\/seo\/ -->\n<title>Pep Regal Gelb\/Grau - H\u00fcbsch<\/title>\n<meta name=\"description\" content=\"Beleben Sie jeden Raum mit dem charmanten Pep Regal, das in angenehmen Gelb- und Graut\u00f6nen gehalten ist. Dieses praktische Regal, gefertigt aus\" \/>\n<meta name=\"robots\" content=\"index, follow, max-snippet:-1, max-image-preview:large, max-video-preview:-1\" \/>\n<link rel=\"canonical\" href=\"https:\/\/hubsch-interior.com\/de\/wp-json\/wp\/v2\/product\/1007169\" \/>\n<meta property=\"og:locale\" content=\"de_DE\" \/>\n<meta property=\"og:type\" content=\"article\" \/>\n<meta property=\"og:title\" content=\"Pep Regal Gelb\/Grau - H\u00fcbsch\" \/>\n<meta property=\"og:description\" content=\"Beleben Sie jeden Raum mit dem charmanten Pep Regal, das in angenehmen Gelb- und Graut\u00f6nen gehalten ist. Dieses praktische Regal, gefertigt aus\" \/>\n<meta property=\"og:url\" content=\"https:\/\/hubsch-interior.com\/de\/produkt\/pep-regal-gelb-grau\/\" \/>\n<meta property=\"og:site_name\" content=\"H\u00fcbsch\" \/>\n<meta property=\"article:modified_time\" content=\"2026-04-09T02:20:29+00:00\" \/>\n<meta property=\"og:image\" content=\"https:\/\/hubsch-interior.com\/wp-content\/uploads\/2025\/01\/pep-shelf-yellowgrey-dd721c9b900d2345c44d6c8ffb528531.jpg\" \/>\n\t<meta property=\"og:image:width\" content=\"1200\" \/>\n\t<meta property=\"og:image:height\" content=\"1200\" \/>\n\t<meta property=\"og:image:type\" content=\"image\/jpeg\" \/>\n<meta name=\"twitter:card\" content=\"summary_large_image\" \/>\n<script type=\"application\/ld+json\" class=\"yoast-schema-graph\">{\"@context\":\"https:\/\/schema.org\",\"@graph\":[{\"@type\":\"WebPage\",\"@id\":\"https:\/\/hubsch-interior.com\/de\/produkt\/pep-regal-gelb-grau\/\",\"url\":\"https:\/\/hubsch-interior.com\/de\/produkt\/pep-regal-gelb-grau\/\",\"name\":\"Pep Regal Gelb\/Grau - H\u00fcbsch\",\"isPartOf\":{\"@id\":\"https:\/\/hubsch-interior.com\/de\/#website\"},\"primaryImageOfPage\":{\"@id\":\"https:\/\/hubsch-interior.com\/de\/produkt\/pep-regal-gelb-grau\/#primaryimage\"},\"image\":{\"@id\":\"https:\/\/hubsch-interior.com\/de\/produkt\/pep-regal-gelb-grau\/#primaryimage\"},\"thumbnailUrl\":\"https:\/\/hubsch-interior.com\/wp-content\/uploads\/2026\/02\/pep-shelf-yellowgrey-ae2f03b7a26f7db009c6aaf90391f89f.jpg\",\"datePublished\":\"2025-01-17T11:23:19+00:00\",\"dateModified\":\"2026-04-09T02:20:29+00:00\",\"description\":\"Beleben Sie jeden Raum mit dem charmanten Pep Regal, das in angenehmen Gelb- und Graut\u00f6nen gehalten ist. Dieses praktische Regal, gefertigt aus\",\"breadcrumb\":{\"@id\":\"https:\/\/hubsch-interior.com\/de\/produkt\/pep-regal-gelb-grau\/#breadcrumb\"},\"inLanguage\":\"de\",\"potentialAction\":[{\"@type\":\"ReadAction\",\"target\":[\"https:\/\/hubsch-interior.com\/de\/produkt\/pep-regal-gelb-grau\/\"]}]},{\"@type\":\"ImageObject\",\"inLanguage\":\"de\",\"@id\":\"https:\/\/hubsch-interior.com\/de\/produkt\/pep-regal-gelb-grau\/#primaryimage\",\"url\":\"https:\/\/hubsch-interior.com\/wp-content\/uploads\/2026\/02\/pep-shelf-yellowgrey-ae2f03b7a26f7db009c6aaf90391f89f.jpg\",\"contentUrl\":\"https:\/\/hubsch-interior.com\/wp-content\/uploads\/2026\/02\/pep-shelf-yellowgrey-ae2f03b7a26f7db009c6aaf90391f89f.jpg\",\"width\":1024,\"height\":1024},{\"@type\":\"BreadcrumbList\",\"@id\":\"https:\/\/hubsch-interior.com\/de\/produkt\/pep-regal-gelb-grau\/#breadcrumb\",\"itemListElement\":[{\"@type\":\"ListItem\",\"position\":1,\"name\":\"Startseite\",\"item\":\"https:\/\/hubsch-interior.com\/de\/\"},{\"@type\":\"ListItem\",\"position\":2,\"name\":\"Produkte\",\"item\":\"https:\/\/hubsch-interior.com\/de\/shop-2\/\"},{\"@type\":\"ListItem\",\"position\":3,\"name\":\"M\u00f6bel\",\"item\":\"https:\/\/hubsch-interior.com\/de\/produkt-kategorie\/moebel\/\"},{\"@type\":\"ListItem\",\"position\":4,\"name\":\"Regale &amp; Aufbewahrung\",\"item\":\"https:\/\/hubsch-interior.com\/de\/produkt-kategorie\/moebel\/regale-aufbewahrung-de\/\"},{\"@type\":\"ListItem\",\"position\":5,\"name\":\"Ablagen\",\"item\":\"https:\/\/hubsch-interior.com\/de\/produkt-kategorie\/moebel\/regale-aufbewahrung-de\/ablagen-de\/\"},{\"@type\":\"ListItem\",\"position\":6,\"name\":\"Pep Regal Gelb\/Grau\"}]},{\"@type\":\"WebSite\",\"@id\":\"https:\/\/hubsch-interior.com\/de\/#website\",\"url\":\"https:\/\/hubsch-interior.com\/de\/\",\"name\":\"H\u00fcbsch\",\"description\":\"Danish Home Interior and Design\",\"publisher\":{\"@id\":\"https:\/\/hubsch-interior.com\/de\/#organization\"},\"potentialAction\":[{\"@type\":\"SearchAction\",\"target\":{\"@type\":\"EntryPoint\",\"urlTemplate\":\"https:\/\/hubsch-interior.com\/de\/?s={search_term_string}\"},\"query-input\":{\"@type\":\"PropertyValueSpecification\",\"valueRequired\":true,\"valueName\":\"search_term_string\"}}],\"inLanguage\":\"de\"},{\"@type\":\"Organization\",\"@id\":\"https:\/\/hubsch-interior.com\/de\/#organization\",\"name\":\"H\u00fcbsch\",\"url\":\"https:\/\/hubsch-interior.com\/de\/\",\"logo\":{\"@type\":\"ImageObject\",\"inLanguage\":\"de\",\"@id\":\"https:\/\/hubsch-interior.com\/de\/#\/schema\/logo\/image\/\",\"url\":\"https:\/\/hubsch-interior.com\/wp-content\/uploads\/2022\/12\/Hubsch_logo_black_one_line.svg\",\"contentUrl\":\"https:\/\/hubsch-interior.com\/wp-content\/uploads\/2022\/12\/Hubsch_logo_black_one_line.svg\",\"caption\":\"H\u00fcbsch\"},\"image\":{\"@id\":\"https:\/\/hubsch-interior.com\/de\/#\/schema\/logo\/image\/\"}}]}<\/script>\n<!-- \/ Yoast SEO plugin. -->","yoast_head_json":{"title":"Pep Regal Gelb\/Grau - H\u00fcbsch","description":"Beleben Sie jeden Raum mit dem charmanten Pep Regal, das in angenehmen Gelb- und Graut\u00f6nen gehalten ist. Dieses praktische Regal, gefertigt aus","robots":{"index":"index","follow":"follow","max-snippet":"max-snippet:-1","max-image-preview":"max-image-preview:large","max-video-preview":"max-video-preview:-1"},"canonical":"https:\/\/hubsch-interior.com\/de\/wp-json\/wp\/v2\/product\/1007169","og_locale":"de_DE","og_type":"article","og_title":"Pep Regal Gelb\/Grau - H\u00fcbsch","og_description":"Beleben Sie jeden Raum mit dem charmanten Pep Regal, das in angenehmen Gelb- und Graut\u00f6nen gehalten ist. Dieses praktische Regal, gefertigt aus","og_url":"https:\/\/hubsch-interior.com\/de\/produkt\/pep-regal-gelb-grau\/","og_site_name":"H\u00fcbsch","article_modified_time":"2026-04-09T02:20:29+00:00","og_image":[{"width":1200,"height":1200,"url":"https:\/\/hubsch-interior.com\/wp-content\/uploads\/2025\/01\/pep-shelf-yellowgrey-dd721c9b900d2345c44d6c8ffb528531.jpg","type":"image\/jpeg"}],"twitter_card":"summary_large_image","schema":{"@context":"https:\/\/schema.org","@graph":[{"@type":"WebPage","@id":"https:\/\/hubsch-interior.com\/de\/produkt\/pep-regal-gelb-grau\/","url":"https:\/\/hubsch-interior.com\/de\/produkt\/pep-regal-gelb-grau\/","name":"Pep Regal Gelb\/Grau - H\u00fcbsch","isPartOf":{"@id":"https:\/\/hubsch-interior.com\/de\/#website"},"primaryImageOfPage":{"@id":"https:\/\/hubsch-interior.com\/de\/produkt\/pep-regal-gelb-grau\/#primaryimage"},"image":{"@id":"https:\/\/hubsch-interior.com\/de\/produkt\/pep-regal-gelb-grau\/#primaryimage"},"thumbnailUrl":"https:\/\/hubsch-interior.com\/wp-content\/uploads\/2026\/02\/pep-shelf-yellowgrey-ae2f03b7a26f7db009c6aaf90391f89f.jpg","datePublished":"2025-01-17T11:23:19+00:00","dateModified":"2026-04-09T02:20:29+00:00","description":"Beleben Sie jeden Raum mit dem charmanten Pep Regal, das in angenehmen Gelb- und Graut\u00f6nen gehalten ist. Dieses praktische Regal, gefertigt aus","breadcrumb":{"@id":"https:\/\/hubsch-interior.com\/de\/produkt\/pep-regal-gelb-grau\/#breadcrumb"},"inLanguage":"de","potentialAction":[{"@type":"ReadAction","target":["https:\/\/hubsch-interior.com\/de\/produkt\/pep-regal-gelb-grau\/"]}]},{"@type":"ImageObject","inLanguage":"de","@id":"https:\/\/hubsch-interior.com\/de\/produkt\/pep-regal-gelb-grau\/#primaryimage","url":"https:\/\/hubsch-interior.com\/wp-content\/uploads\/2026\/02\/pep-shelf-yellowgrey-ae2f03b7a26f7db009c6aaf90391f89f.jpg","contentUrl":"https:\/\/hubsch-interior.com\/wp-content\/uploads\/2026\/02\/pep-shelf-yellowgrey-ae2f03b7a26f7db009c6aaf90391f89f.jpg","width":1024,"height":1024},{"@type":"BreadcrumbList","@id":"https:\/\/hubsch-interior.com\/de\/produkt\/pep-regal-gelb-grau\/#breadcrumb","itemListElement":[{"@type":"ListItem","position":1,"name":"Startseite","item":"https:\/\/hubsch-interior.com\/de\/"},{"@type":"ListItem","position":2,"name":"Produkte","item":"https:\/\/hubsch-interior.com\/de\/shop-2\/"},{"@type":"ListItem","position":3,"name":"M\u00f6bel","item":"https:\/\/hubsch-interior.com\/de\/produkt-kategorie\/moebel\/"},{"@type":"ListItem","position":4,"name":"Regale &amp; Aufbewahrung","item":"https:\/\/hubsch-interior.com\/de\/produkt-kategorie\/moebel\/regale-aufbewahrung-de\/"},{"@type":"ListItem","position":5,"name":"Ablagen","item":"https:\/\/hubsch-interior.com\/de\/produkt-kategorie\/moebel\/regale-aufbewahrung-de\/ablagen-de\/"},{"@type":"ListItem","position":6,"name":"Pep Regal Gelb\/Grau"}]},{"@type":"WebSite","@id":"https:\/\/hubsch-interior.com\/de\/#website","url":"https:\/\/hubsch-interior.com\/de\/","name":"H\u00fcbsch","description":"Danish Home Interior and Design","publisher":{"@id":"https:\/\/hubsch-interior.com\/de\/#organization"},"potentialAction":[{"@type":"SearchAction","target":{"@type":"EntryPoint","urlTemplate":"https:\/\/hubsch-interior.com\/de\/?s={search_term_string}"},"query-input":{"@type":"PropertyValueSpecification","valueRequired":true,"valueName":"search_term_string"}}],"inLanguage":"de"},{"@type":"Organization","@id":"https:\/\/hubsch-interior.com\/de\/#organization","name":"H\u00fcbsch","url":"https:\/\/hubsch-interior.com\/de\/","logo":{"@type":"ImageObject","inLanguage":"de","@id":"https:\/\/hubsch-interior.com\/de\/#\/schema\/logo\/image\/","url":"https:\/\/hubsch-interior.com\/wp-content\/uploads\/2022\/12\/Hubsch_logo_black_one_line.svg","contentUrl":"https:\/\/hubsch-interior.com\/wp-content\/uploads\/2022\/12\/Hubsch_logo_black_one_line.svg","caption":"H\u00fcbsch"},"image":{"@id":"https:\/\/hubsch-interior.com\/de\/#\/schema\/logo\/image\/"}}]}},"_links":{"self":[{"href":"https:\/\/hubsch-interior.com\/de\/wp-json\/wp\/v2\/product\/1007169","targetHints":{"allow":["GET"]}}],"collection":[{"href":"https:\/\/hubsch-interior.com\/de\/wp-json\/wp\/v2\/product"}],"about":[{"href":"https:\/\/hubsch-interior.com\/de\/wp-json\/wp\/v2\/types\/product"}],"wp:featuredmedia":[{"embeddable":true,"href":"https:\/\/hubsch-interior.com\/de\/wp-json\/wp\/v2\/media\/1094346"}],"wp:attachment":[{"href":"https:\/\/hubsch-interior.com\/de\/wp-json\/wp\/v2\/media?parent=1007169"}],"wp:term":[{"taxonomy":"product_brand","embeddable":true,"href":"https:\/\/hubsch-interior.com\/de\/wp-json\/wp\/v2\/product_brand?post=1007169"},{"taxonomy":"product_cat","embeddable":true,"href":"https:\/\/hubsch-interior.com\/de\/wp-json\/wp\/v2\/product_cat?post=1007169"},{"taxonomy":"product_tag","embeddable":true,"href":"https:\/\/hubsch-interior.com\/de\/wp-json\/wp\/v2\/product_tag?post=1007169"}],"curies":[{"name":"wp","href":"https:\/\/api.w.org\/{rel}","templated":true}]}}