{"id":1007522,"date":"2025-01-20T13:21:15","date_gmt":"2025-01-20T12:21:15","guid":{"rendered":"https:\/\/hubsch-interior.com\/product\/product\/"},"modified":"2026-04-09T04:20:12","modified_gmt":"2026-04-09T02:20:12","slug":"zephyr-servierwagen-grun","status":"publish","type":"product","link":"https:\/\/hubsch-interior.com\/de\/produkt\/zephyr-servierwagen-grun\/","title":{"rendered":"Zephyr Servierwagen Gr\u00fcn"},"content":{"rendered":"<p>Entdecken Sie den Zephyr Beistelltisch, eine wunderbare Kombination aus Nutzen und Charme. Mit seinem sanften Gr\u00fcnton bringt dieses St\u00fcck eine beruhigende Atmosph\u00e4re in jeden Raum. Gefertigt aus transparentem Glas und robustem Metall, ist es nicht nur ein Beistelltisch, sondern ein vielseitiger Begleiter. Beweglich und elegant, k\u00f6nnen Sie ihn nutzen, um Ihre Lieblingsb\u00fccher abzulegen oder als modernen Ablageplatz f\u00fcr Ihre Nachmittagstasse. Ob f\u00fcr B\u00fccher, Zeitschriften oder eine Vase, der Zephyr passt sich stilvoll Ihren Bed\u00fcrfnissen an.<\/p>\n","protected":false},"excerpt":{"rendered":"<p>Entdecken Sie den Zephyr Beistelltisch, eine wunderbare Kombination aus Nutzen und Charme. Mit seinem sanften Gr\u00fcnton bringt dieses St\u00fcck eine beruhigende Atmosph\u00e4re in jeden Raum. Gefertigt aus transparentem Glas und robustem Metall, ist es nicht nur ein Beistelltisch, sondern ein vielseitiger Begleiter. Beweglich und elegant, k\u00f6nnen Sie ihn nutzen, um Ihre Lieblingsb\u00fccher abzulegen oder als [&hellip;]<\/p>\n","protected":false},"featured_media":1094028,"template":"","meta":{"_acf_changed":false,"inline_featured_image":false},"product_brand":[],"product_cat":[6360,6998,2861],"product_tag":[],"class_list":{"0":"post-1007522","1":"product","2":"type-product","3":"status-publish","4":"has-post-thumbnail","6":"product_cat-servierwagen-de","7":"product_cat-the-buzz-de","8":"product_cat-tische-de","9":"product_shipping_class-pk","11":"pa_color-grn-2","12":"pa_material-eisen-de","13":"pa_material-glas-de","15":"first","16":"instock","17":"taxable","18":"shipping-taxable","19":"purchasable","20":"product-type-simple"},"exclude_global_add_ons":[],"addons":[],"acf":[],"yoast_head":"<!-- This site is optimized with the Yoast SEO plugin v26.4 - https:\/\/yoast.com\/wordpress\/plugins\/seo\/ -->\n<title>Zephyr Servierwagen Gr\u00fcn - H\u00fcbsch<\/title>\n<meta name=\"description\" content=\"Entdecken Sie den Zephyr Beistelltisch, eine wunderbare Kombination aus Nutzen und Charme. Mit seinem sanften Gr\u00fcnton bringt dieses St\u00fcck eine beruhigende\" \/>\n<meta name=\"robots\" content=\"index, follow, max-snippet:-1, max-image-preview:large, max-video-preview:-1\" \/>\n<link rel=\"canonical\" href=\"https:\/\/hubsch-interior.com\/de\/wp-json\/wp\/v2\/product\/1007522\" \/>\n<meta property=\"og:locale\" content=\"de_DE\" \/>\n<meta property=\"og:type\" content=\"article\" \/>\n<meta property=\"og:title\" content=\"Zephyr Servierwagen Gr\u00fcn - H\u00fcbsch\" \/>\n<meta property=\"og:description\" content=\"Entdecken Sie den Zephyr Beistelltisch, eine wunderbare Kombination aus Nutzen und Charme. Mit seinem sanften Gr\u00fcnton bringt dieses St\u00fcck eine beruhigende\" \/>\n<meta property=\"og:url\" content=\"https:\/\/hubsch-interior.com\/de\/produkt\/zephyr-servierwagen-grun\/\" \/>\n<meta property=\"og:site_name\" content=\"H\u00fcbsch\" \/>\n<meta property=\"article:modified_time\" content=\"2026-04-09T02:20:12+00:00\" \/>\n<meta property=\"og:image\" content=\"https:\/\/hubsch-interior.com\/wp-content\/uploads\/2025\/04\/zephyr-trolley-green-ba11b96886226dfc04dae847ebd28463.jpg\" \/>\n\t<meta property=\"og:image:width\" content=\"1200\" \/>\n\t<meta property=\"og:image:height\" content=\"1200\" \/>\n\t<meta property=\"og:image:type\" content=\"image\/jpeg\" \/>\n<meta name=\"twitter:card\" content=\"summary_large_image\" \/>\n<script type=\"application\/ld+json\" class=\"yoast-schema-graph\">{\"@context\":\"https:\/\/schema.org\",\"@graph\":[{\"@type\":\"WebPage\",\"@id\":\"https:\/\/hubsch-interior.com\/de\/produkt\/zephyr-servierwagen-grun\/\",\"url\":\"https:\/\/hubsch-interior.com\/de\/produkt\/zephyr-servierwagen-grun\/\",\"name\":\"Zephyr Servierwagen Gr\u00fcn - H\u00fcbsch\",\"isPartOf\":{\"@id\":\"https:\/\/hubsch-interior.com\/de\/#website\"},\"primaryImageOfPage\":{\"@id\":\"https:\/\/hubsch-interior.com\/de\/produkt\/zephyr-servierwagen-grun\/#primaryimage\"},\"image\":{\"@id\":\"https:\/\/hubsch-interior.com\/de\/produkt\/zephyr-servierwagen-grun\/#primaryimage\"},\"thumbnailUrl\":\"https:\/\/hubsch-interior.com\/wp-content\/uploads\/2026\/02\/zephyr-trolley-green-f24d11df27a311d979053d2f2c9cf970.jpg\",\"datePublished\":\"2025-01-20T12:21:15+00:00\",\"dateModified\":\"2026-04-09T02:20:12+00:00\",\"description\":\"Entdecken Sie den Zephyr Beistelltisch, eine wunderbare Kombination aus Nutzen und Charme. Mit seinem sanften Gr\u00fcnton bringt dieses St\u00fcck eine beruhigende\",\"breadcrumb\":{\"@id\":\"https:\/\/hubsch-interior.com\/de\/produkt\/zephyr-servierwagen-grun\/#breadcrumb\"},\"inLanguage\":\"de\",\"potentialAction\":[{\"@type\":\"ReadAction\",\"target\":[\"https:\/\/hubsch-interior.com\/de\/produkt\/zephyr-servierwagen-grun\/\"]}]},{\"@type\":\"ImageObject\",\"inLanguage\":\"de\",\"@id\":\"https:\/\/hubsch-interior.com\/de\/produkt\/zephyr-servierwagen-grun\/#primaryimage\",\"url\":\"https:\/\/hubsch-interior.com\/wp-content\/uploads\/2026\/02\/zephyr-trolley-green-f24d11df27a311d979053d2f2c9cf970.jpg\",\"contentUrl\":\"https:\/\/hubsch-interior.com\/wp-content\/uploads\/2026\/02\/zephyr-trolley-green-f24d11df27a311d979053d2f2c9cf970.jpg\",\"width\":1024,\"height\":1024},{\"@type\":\"BreadcrumbList\",\"@id\":\"https:\/\/hubsch-interior.com\/de\/produkt\/zephyr-servierwagen-grun\/#breadcrumb\",\"itemListElement\":[{\"@type\":\"ListItem\",\"position\":1,\"name\":\"Startseite\",\"item\":\"https:\/\/hubsch-interior.com\/de\/\"},{\"@type\":\"ListItem\",\"position\":2,\"name\":\"Produkte\",\"item\":\"https:\/\/hubsch-interior.com\/de\/shop-2\/\"},{\"@type\":\"ListItem\",\"position\":3,\"name\":\"M\u00f6bel\",\"item\":\"https:\/\/hubsch-interior.com\/de\/produkt-kategorie\/moebel\/\"},{\"@type\":\"ListItem\",\"position\":4,\"name\":\"Tische\",\"item\":\"https:\/\/hubsch-interior.com\/de\/produkt-kategorie\/moebel\/tische-de\/\"},{\"@type\":\"ListItem\",\"position\":5,\"name\":\"Servierwagen\",\"item\":\"https:\/\/hubsch-interior.com\/de\/produkt-kategorie\/moebel\/tische-de\/servierwagen-de\/\"},{\"@type\":\"ListItem\",\"position\":6,\"name\":\"Zephyr Servierwagen Gr\u00fcn\"}]},{\"@type\":\"WebSite\",\"@id\":\"https:\/\/hubsch-interior.com\/de\/#website\",\"url\":\"https:\/\/hubsch-interior.com\/de\/\",\"name\":\"H\u00fcbsch\",\"description\":\"Danish Home Interior and Design\",\"publisher\":{\"@id\":\"https:\/\/hubsch-interior.com\/de\/#organization\"},\"potentialAction\":[{\"@type\":\"SearchAction\",\"target\":{\"@type\":\"EntryPoint\",\"urlTemplate\":\"https:\/\/hubsch-interior.com\/de\/?s={search_term_string}\"},\"query-input\":{\"@type\":\"PropertyValueSpecification\",\"valueRequired\":true,\"valueName\":\"search_term_string\"}}],\"inLanguage\":\"de\"},{\"@type\":\"Organization\",\"@id\":\"https:\/\/hubsch-interior.com\/de\/#organization\",\"name\":\"H\u00fcbsch\",\"url\":\"https:\/\/hubsch-interior.com\/de\/\",\"logo\":{\"@type\":\"ImageObject\",\"inLanguage\":\"de\",\"@id\":\"https:\/\/hubsch-interior.com\/de\/#\/schema\/logo\/image\/\",\"url\":\"https:\/\/hubsch-interior.com\/wp-content\/uploads\/2022\/12\/Hubsch_logo_black_one_line.svg\",\"contentUrl\":\"https:\/\/hubsch-interior.com\/wp-content\/uploads\/2022\/12\/Hubsch_logo_black_one_line.svg\",\"caption\":\"H\u00fcbsch\"},\"image\":{\"@id\":\"https:\/\/hubsch-interior.com\/de\/#\/schema\/logo\/image\/\"}}]}<\/script>\n<!-- \/ Yoast SEO plugin. -->","yoast_head_json":{"title":"Zephyr Servierwagen Gr\u00fcn - H\u00fcbsch","description":"Entdecken Sie den Zephyr Beistelltisch, eine wunderbare Kombination aus Nutzen und Charme. Mit seinem sanften Gr\u00fcnton bringt dieses St\u00fcck eine beruhigende","robots":{"index":"index","follow":"follow","max-snippet":"max-snippet:-1","max-image-preview":"max-image-preview:large","max-video-preview":"max-video-preview:-1"},"canonical":"https:\/\/hubsch-interior.com\/de\/wp-json\/wp\/v2\/product\/1007522","og_locale":"de_DE","og_type":"article","og_title":"Zephyr Servierwagen Gr\u00fcn - H\u00fcbsch","og_description":"Entdecken Sie den Zephyr Beistelltisch, eine wunderbare Kombination aus Nutzen und Charme. Mit seinem sanften Gr\u00fcnton bringt dieses St\u00fcck eine beruhigende","og_url":"https:\/\/hubsch-interior.com\/de\/produkt\/zephyr-servierwagen-grun\/","og_site_name":"H\u00fcbsch","article_modified_time":"2026-04-09T02:20:12+00:00","og_image":[{"width":1200,"height":1200,"url":"https:\/\/hubsch-interior.com\/wp-content\/uploads\/2025\/04\/zephyr-trolley-green-ba11b96886226dfc04dae847ebd28463.jpg","type":"image\/jpeg"}],"twitter_card":"summary_large_image","schema":{"@context":"https:\/\/schema.org","@graph":[{"@type":"WebPage","@id":"https:\/\/hubsch-interior.com\/de\/produkt\/zephyr-servierwagen-grun\/","url":"https:\/\/hubsch-interior.com\/de\/produkt\/zephyr-servierwagen-grun\/","name":"Zephyr Servierwagen Gr\u00fcn - H\u00fcbsch","isPartOf":{"@id":"https:\/\/hubsch-interior.com\/de\/#website"},"primaryImageOfPage":{"@id":"https:\/\/hubsch-interior.com\/de\/produkt\/zephyr-servierwagen-grun\/#primaryimage"},"image":{"@id":"https:\/\/hubsch-interior.com\/de\/produkt\/zephyr-servierwagen-grun\/#primaryimage"},"thumbnailUrl":"https:\/\/hubsch-interior.com\/wp-content\/uploads\/2026\/02\/zephyr-trolley-green-f24d11df27a311d979053d2f2c9cf970.jpg","datePublished":"2025-01-20T12:21:15+00:00","dateModified":"2026-04-09T02:20:12+00:00","description":"Entdecken Sie den Zephyr Beistelltisch, eine wunderbare Kombination aus Nutzen und Charme. Mit seinem sanften Gr\u00fcnton bringt dieses St\u00fcck eine beruhigende","breadcrumb":{"@id":"https:\/\/hubsch-interior.com\/de\/produkt\/zephyr-servierwagen-grun\/#breadcrumb"},"inLanguage":"de","potentialAction":[{"@type":"ReadAction","target":["https:\/\/hubsch-interior.com\/de\/produkt\/zephyr-servierwagen-grun\/"]}]},{"@type":"ImageObject","inLanguage":"de","@id":"https:\/\/hubsch-interior.com\/de\/produkt\/zephyr-servierwagen-grun\/#primaryimage","url":"https:\/\/hubsch-interior.com\/wp-content\/uploads\/2026\/02\/zephyr-trolley-green-f24d11df27a311d979053d2f2c9cf970.jpg","contentUrl":"https:\/\/hubsch-interior.com\/wp-content\/uploads\/2026\/02\/zephyr-trolley-green-f24d11df27a311d979053d2f2c9cf970.jpg","width":1024,"height":1024},{"@type":"BreadcrumbList","@id":"https:\/\/hubsch-interior.com\/de\/produkt\/zephyr-servierwagen-grun\/#breadcrumb","itemListElement":[{"@type":"ListItem","position":1,"name":"Startseite","item":"https:\/\/hubsch-interior.com\/de\/"},{"@type":"ListItem","position":2,"name":"Produkte","item":"https:\/\/hubsch-interior.com\/de\/shop-2\/"},{"@type":"ListItem","position":3,"name":"M\u00f6bel","item":"https:\/\/hubsch-interior.com\/de\/produkt-kategorie\/moebel\/"},{"@type":"ListItem","position":4,"name":"Tische","item":"https:\/\/hubsch-interior.com\/de\/produkt-kategorie\/moebel\/tische-de\/"},{"@type":"ListItem","position":5,"name":"Servierwagen","item":"https:\/\/hubsch-interior.com\/de\/produkt-kategorie\/moebel\/tische-de\/servierwagen-de\/"},{"@type":"ListItem","position":6,"name":"Zephyr Servierwagen Gr\u00fcn"}]},{"@type":"WebSite","@id":"https:\/\/hubsch-interior.com\/de\/#website","url":"https:\/\/hubsch-interior.com\/de\/","name":"H\u00fcbsch","description":"Danish Home Interior and Design","publisher":{"@id":"https:\/\/hubsch-interior.com\/de\/#organization"},"potentialAction":[{"@type":"SearchAction","target":{"@type":"EntryPoint","urlTemplate":"https:\/\/hubsch-interior.com\/de\/?s={search_term_string}"},"query-input":{"@type":"PropertyValueSpecification","valueRequired":true,"valueName":"search_term_string"}}],"inLanguage":"de"},{"@type":"Organization","@id":"https:\/\/hubsch-interior.com\/de\/#organization","name":"H\u00fcbsch","url":"https:\/\/hubsch-interior.com\/de\/","logo":{"@type":"ImageObject","inLanguage":"de","@id":"https:\/\/hubsch-interior.com\/de\/#\/schema\/logo\/image\/","url":"https:\/\/hubsch-interior.com\/wp-content\/uploads\/2022\/12\/Hubsch_logo_black_one_line.svg","contentUrl":"https:\/\/hubsch-interior.com\/wp-content\/uploads\/2022\/12\/Hubsch_logo_black_one_line.svg","caption":"H\u00fcbsch"},"image":{"@id":"https:\/\/hubsch-interior.com\/de\/#\/schema\/logo\/image\/"}}]}},"_links":{"self":[{"href":"https:\/\/hubsch-interior.com\/de\/wp-json\/wp\/v2\/product\/1007522","targetHints":{"allow":["GET"]}}],"collection":[{"href":"https:\/\/hubsch-interior.com\/de\/wp-json\/wp\/v2\/product"}],"about":[{"href":"https:\/\/hubsch-interior.com\/de\/wp-json\/wp\/v2\/types\/product"}],"wp:featuredmedia":[{"embeddable":true,"href":"https:\/\/hubsch-interior.com\/de\/wp-json\/wp\/v2\/media\/1094028"}],"wp:attachment":[{"href":"https:\/\/hubsch-interior.com\/de\/wp-json\/wp\/v2\/media?parent=1007522"}],"wp:term":[{"taxonomy":"product_brand","embeddable":true,"href":"https:\/\/hubsch-interior.com\/de\/wp-json\/wp\/v2\/product_brand?post=1007522"},{"taxonomy":"product_cat","embeddable":true,"href":"https:\/\/hubsch-interior.com\/de\/wp-json\/wp\/v2\/product_cat?post=1007522"},{"taxonomy":"product_tag","embeddable":true,"href":"https:\/\/hubsch-interior.com\/de\/wp-json\/wp\/v2\/product_tag?post=1007522"}],"curies":[{"name":"wp","href":"https:\/\/api.w.org\/{rel}","templated":true}]}}