{"id":1007574,"date":"2025-01-20T13:23:01","date_gmt":"2025-01-20T12:23:01","guid":{"rendered":"https:\/\/hubsch-interior.com\/product\/product\/"},"modified":"2026-04-09T04:20:44","modified_gmt":"2026-04-09T02:20:44","slug":"koi-bank-grun-grau","status":"publish","type":"product","link":"https:\/\/hubsch-interior.com\/de\/produkt\/koi-bank-grun-grau\/","title":{"rendered":"Koi Bank Gr\u00fcn\/Grau"},"content":{"rendered":"<p>Entdecken Sie die Koi Bank, eine elegante Erg\u00e4nzung f\u00fcr Ihr Zuhause mit ihrer sanften Farbpalette aus Gr\u00fcn und Grau. Aus FSC-zertifiziertem Eschenfurnier und robustem Metall gefertigt, vereint diese Bank Langlebigkeit mit einem stilvollen Materialmix. Ideal als perfekter Sitzplatz f\u00fcr Ihren Eingangsbereich bietet sie ausreichend Platz darunter, um Schuhe ordentlich zu verstauen oder charmante Aufbewahrungsk\u00f6rbe zu platzieren, was f\u00fcr einen aufger\u00e4umten und einladenden Bereich sorgt. Eine reizvolle Fusion aus Funktionalit\u00e4t und Eleganz, die die Koi Bank jeden Raum in eine organisierte Oase verwandelt.<\/p>\n","protected":false},"excerpt":{"rendered":"<p>Entdecken Sie die Koi Bank, eine elegante Erg\u00e4nzung f\u00fcr Ihr Zuhause mit ihrer sanften Farbpalette aus Gr\u00fcn und Grau. Aus FSC-zertifiziertem Eschenfurnier und robustem Metall gefertigt, vereint diese Bank Langlebigkeit mit einem stilvollen Materialmix. Ideal als perfekter Sitzplatz f\u00fcr Ihren Eingangsbereich bietet sie ausreichend Platz darunter, um Schuhe ordentlich zu verstauen oder charmante Aufbewahrungsk\u00f6rbe zu [&hellip;]<\/p>\n","protected":false},"featured_media":1094390,"template":"","meta":{"_acf_changed":false,"inline_featured_image":false},"product_brand":[],"product_cat":[6998,6323,2845,2878,5027],"product_tag":[],"class_list":{"0":"post-1007574","1":"product","2":"type-product","3":"status-publish","4":"has-post-thumbnail","6":"product_cat-the-buzz-de","7":"product_cat-fsc-de","8":"product_cat-sitzmoebel-de","9":"product_cat-baenke-de","10":"product_cat-bestsellers-de","11":"product_shipping_class-pk","13":"pa_color-grn-2","14":"pa_color-grau-2","15":"pa_material-eisen-de","16":"pa_material-eschefurnier","17":"pa_material-mdf-de","19":"first","20":"instock","21":"featured","22":"taxable","23":"shipping-taxable","24":"purchasable","25":"product-type-simple"},"exclude_global_add_ons":[],"addons":[],"acf":[],"yoast_head":"<!-- This site is optimized with the Yoast SEO plugin v26.4 - https:\/\/yoast.com\/wordpress\/plugins\/seo\/ -->\n<title>Koi Bank Gr\u00fcn\/Grau - H\u00fcbsch<\/title>\n<meta name=\"description\" content=\"Entdecken Sie die Koi Bank, eine elegante Erg\u00e4nzung f\u00fcr Ihr Zuhause mit ihrer sanften Farbpalette aus Gr\u00fcn und Grau. Aus FSC-zertifiziertem Eschenfurnier\" \/>\n<meta name=\"robots\" content=\"index, follow, max-snippet:-1, max-image-preview:large, max-video-preview:-1\" \/>\n<link rel=\"canonical\" href=\"https:\/\/hubsch-interior.com\/de\/wp-json\/wp\/v2\/product\/1007574\" \/>\n<meta property=\"og:locale\" content=\"de_DE\" \/>\n<meta property=\"og:type\" content=\"article\" \/>\n<meta property=\"og:title\" content=\"Koi Bank Gr\u00fcn\/Grau - H\u00fcbsch\" \/>\n<meta property=\"og:description\" content=\"Entdecken Sie die Koi Bank, eine elegante Erg\u00e4nzung f\u00fcr Ihr Zuhause mit ihrer sanften Farbpalette aus Gr\u00fcn und Grau. Aus FSC-zertifiziertem Eschenfurnier\" \/>\n<meta property=\"og:url\" content=\"https:\/\/hubsch-interior.com\/de\/produkt\/koi-bank-grun-grau\/\" \/>\n<meta property=\"og:site_name\" content=\"H\u00fcbsch\" \/>\n<meta property=\"article:modified_time\" content=\"2026-04-09T02:20:44+00:00\" \/>\n<meta property=\"og:image\" content=\"https:\/\/hubsch-interior.com\/wp-content\/uploads\/2026\/02\/koi-bench-greengrey-661af9ca8e8dd128cedd8540c6a82256.jpg\" \/>\n\t<meta property=\"og:image:width\" content=\"1024\" \/>\n\t<meta property=\"og:image:height\" content=\"1024\" \/>\n\t<meta property=\"og:image:type\" content=\"image\/jpeg\" \/>\n<meta name=\"twitter:card\" content=\"summary_large_image\" \/>\n<script type=\"application\/ld+json\" class=\"yoast-schema-graph\">{\"@context\":\"https:\/\/schema.org\",\"@graph\":[{\"@type\":\"WebPage\",\"@id\":\"https:\/\/hubsch-interior.com\/de\/produkt\/koi-bank-grun-grau\/\",\"url\":\"https:\/\/hubsch-interior.com\/de\/produkt\/koi-bank-grun-grau\/\",\"name\":\"Koi Bank Gr\u00fcn\/Grau - H\u00fcbsch\",\"isPartOf\":{\"@id\":\"https:\/\/hubsch-interior.com\/de\/#website\"},\"primaryImageOfPage\":{\"@id\":\"https:\/\/hubsch-interior.com\/de\/produkt\/koi-bank-grun-grau\/#primaryimage\"},\"image\":{\"@id\":\"https:\/\/hubsch-interior.com\/de\/produkt\/koi-bank-grun-grau\/#primaryimage\"},\"thumbnailUrl\":\"https:\/\/hubsch-interior.com\/wp-content\/uploads\/2026\/02\/koi-bench-greengrey-661af9ca8e8dd128cedd8540c6a82256.jpg\",\"datePublished\":\"2025-01-20T12:23:01+00:00\",\"dateModified\":\"2026-04-09T02:20:44+00:00\",\"description\":\"Entdecken Sie die Koi Bank, eine elegante Erg\u00e4nzung f\u00fcr Ihr Zuhause mit ihrer sanften Farbpalette aus Gr\u00fcn und Grau. Aus FSC-zertifiziertem Eschenfurnier\",\"breadcrumb\":{\"@id\":\"https:\/\/hubsch-interior.com\/de\/produkt\/koi-bank-grun-grau\/#breadcrumb\"},\"inLanguage\":\"de\",\"potentialAction\":[{\"@type\":\"ReadAction\",\"target\":[\"https:\/\/hubsch-interior.com\/de\/produkt\/koi-bank-grun-grau\/\"]}]},{\"@type\":\"ImageObject\",\"inLanguage\":\"de\",\"@id\":\"https:\/\/hubsch-interior.com\/de\/produkt\/koi-bank-grun-grau\/#primaryimage\",\"url\":\"https:\/\/hubsch-interior.com\/wp-content\/uploads\/2026\/02\/koi-bench-greengrey-661af9ca8e8dd128cedd8540c6a82256.jpg\",\"contentUrl\":\"https:\/\/hubsch-interior.com\/wp-content\/uploads\/2026\/02\/koi-bench-greengrey-661af9ca8e8dd128cedd8540c6a82256.jpg\",\"width\":1024,\"height\":1024},{\"@type\":\"BreadcrumbList\",\"@id\":\"https:\/\/hubsch-interior.com\/de\/produkt\/koi-bank-grun-grau\/#breadcrumb\",\"itemListElement\":[{\"@type\":\"ListItem\",\"position\":1,\"name\":\"Startseite\",\"item\":\"https:\/\/hubsch-interior.com\/de\/\"},{\"@type\":\"ListItem\",\"position\":2,\"name\":\"Produkte\",\"item\":\"https:\/\/hubsch-interior.com\/de\/shop-2\/\"},{\"@type\":\"ListItem\",\"position\":3,\"name\":\"M\u00f6bel\",\"item\":\"https:\/\/hubsch-interior.com\/de\/produkt-kategorie\/moebel\/\"},{\"@type\":\"ListItem\",\"position\":4,\"name\":\"Sitzm&ouml;bel\",\"item\":\"https:\/\/hubsch-interior.com\/de\/produkt-kategorie\/moebel\/sitzmoebel-de\/\"},{\"@type\":\"ListItem\",\"position\":5,\"name\":\"B&auml;nke\",\"item\":\"https:\/\/hubsch-interior.com\/de\/produkt-kategorie\/moebel\/sitzmoebel-de\/baenke-de\/\"},{\"@type\":\"ListItem\",\"position\":6,\"name\":\"Koi Bank Gr\u00fcn\/Grau\"}]},{\"@type\":\"WebSite\",\"@id\":\"https:\/\/hubsch-interior.com\/de\/#website\",\"url\":\"https:\/\/hubsch-interior.com\/de\/\",\"name\":\"H\u00fcbsch\",\"description\":\"Danish Home Interior and Design\",\"publisher\":{\"@id\":\"https:\/\/hubsch-interior.com\/de\/#organization\"},\"potentialAction\":[{\"@type\":\"SearchAction\",\"target\":{\"@type\":\"EntryPoint\",\"urlTemplate\":\"https:\/\/hubsch-interior.com\/de\/?s={search_term_string}\"},\"query-input\":{\"@type\":\"PropertyValueSpecification\",\"valueRequired\":true,\"valueName\":\"search_term_string\"}}],\"inLanguage\":\"de\"},{\"@type\":\"Organization\",\"@id\":\"https:\/\/hubsch-interior.com\/de\/#organization\",\"name\":\"H\u00fcbsch\",\"url\":\"https:\/\/hubsch-interior.com\/de\/\",\"logo\":{\"@type\":\"ImageObject\",\"inLanguage\":\"de\",\"@id\":\"https:\/\/hubsch-interior.com\/de\/#\/schema\/logo\/image\/\",\"url\":\"https:\/\/hubsch-interior.com\/wp-content\/uploads\/2022\/12\/Hubsch_logo_black_one_line.svg\",\"contentUrl\":\"https:\/\/hubsch-interior.com\/wp-content\/uploads\/2022\/12\/Hubsch_logo_black_one_line.svg\",\"caption\":\"H\u00fcbsch\"},\"image\":{\"@id\":\"https:\/\/hubsch-interior.com\/de\/#\/schema\/logo\/image\/\"}}]}<\/script>\n<!-- \/ Yoast SEO plugin. -->","yoast_head_json":{"title":"Koi Bank Gr\u00fcn\/Grau - H\u00fcbsch","description":"Entdecken Sie die Koi Bank, eine elegante Erg\u00e4nzung f\u00fcr Ihr Zuhause mit ihrer sanften Farbpalette aus Gr\u00fcn und Grau. Aus FSC-zertifiziertem Eschenfurnier","robots":{"index":"index","follow":"follow","max-snippet":"max-snippet:-1","max-image-preview":"max-image-preview:large","max-video-preview":"max-video-preview:-1"},"canonical":"https:\/\/hubsch-interior.com\/de\/wp-json\/wp\/v2\/product\/1007574","og_locale":"de_DE","og_type":"article","og_title":"Koi Bank Gr\u00fcn\/Grau - H\u00fcbsch","og_description":"Entdecken Sie die Koi Bank, eine elegante Erg\u00e4nzung f\u00fcr Ihr Zuhause mit ihrer sanften Farbpalette aus Gr\u00fcn und Grau. Aus FSC-zertifiziertem Eschenfurnier","og_url":"https:\/\/hubsch-interior.com\/de\/produkt\/koi-bank-grun-grau\/","og_site_name":"H\u00fcbsch","article_modified_time":"2026-04-09T02:20:44+00:00","og_image":[{"width":1024,"height":1024,"url":"https:\/\/hubsch-interior.com\/wp-content\/uploads\/2026\/02\/koi-bench-greengrey-661af9ca8e8dd128cedd8540c6a82256.jpg","type":"image\/jpeg"}],"twitter_card":"summary_large_image","schema":{"@context":"https:\/\/schema.org","@graph":[{"@type":"WebPage","@id":"https:\/\/hubsch-interior.com\/de\/produkt\/koi-bank-grun-grau\/","url":"https:\/\/hubsch-interior.com\/de\/produkt\/koi-bank-grun-grau\/","name":"Koi Bank Gr\u00fcn\/Grau - H\u00fcbsch","isPartOf":{"@id":"https:\/\/hubsch-interior.com\/de\/#website"},"primaryImageOfPage":{"@id":"https:\/\/hubsch-interior.com\/de\/produkt\/koi-bank-grun-grau\/#primaryimage"},"image":{"@id":"https:\/\/hubsch-interior.com\/de\/produkt\/koi-bank-grun-grau\/#primaryimage"},"thumbnailUrl":"https:\/\/hubsch-interior.com\/wp-content\/uploads\/2026\/02\/koi-bench-greengrey-661af9ca8e8dd128cedd8540c6a82256.jpg","datePublished":"2025-01-20T12:23:01+00:00","dateModified":"2026-04-09T02:20:44+00:00","description":"Entdecken Sie die Koi Bank, eine elegante Erg\u00e4nzung f\u00fcr Ihr Zuhause mit ihrer sanften Farbpalette aus Gr\u00fcn und Grau. Aus FSC-zertifiziertem Eschenfurnier","breadcrumb":{"@id":"https:\/\/hubsch-interior.com\/de\/produkt\/koi-bank-grun-grau\/#breadcrumb"},"inLanguage":"de","potentialAction":[{"@type":"ReadAction","target":["https:\/\/hubsch-interior.com\/de\/produkt\/koi-bank-grun-grau\/"]}]},{"@type":"ImageObject","inLanguage":"de","@id":"https:\/\/hubsch-interior.com\/de\/produkt\/koi-bank-grun-grau\/#primaryimage","url":"https:\/\/hubsch-interior.com\/wp-content\/uploads\/2026\/02\/koi-bench-greengrey-661af9ca8e8dd128cedd8540c6a82256.jpg","contentUrl":"https:\/\/hubsch-interior.com\/wp-content\/uploads\/2026\/02\/koi-bench-greengrey-661af9ca8e8dd128cedd8540c6a82256.jpg","width":1024,"height":1024},{"@type":"BreadcrumbList","@id":"https:\/\/hubsch-interior.com\/de\/produkt\/koi-bank-grun-grau\/#breadcrumb","itemListElement":[{"@type":"ListItem","position":1,"name":"Startseite","item":"https:\/\/hubsch-interior.com\/de\/"},{"@type":"ListItem","position":2,"name":"Produkte","item":"https:\/\/hubsch-interior.com\/de\/shop-2\/"},{"@type":"ListItem","position":3,"name":"M\u00f6bel","item":"https:\/\/hubsch-interior.com\/de\/produkt-kategorie\/moebel\/"},{"@type":"ListItem","position":4,"name":"Sitzm&ouml;bel","item":"https:\/\/hubsch-interior.com\/de\/produkt-kategorie\/moebel\/sitzmoebel-de\/"},{"@type":"ListItem","position":5,"name":"B&auml;nke","item":"https:\/\/hubsch-interior.com\/de\/produkt-kategorie\/moebel\/sitzmoebel-de\/baenke-de\/"},{"@type":"ListItem","position":6,"name":"Koi Bank Gr\u00fcn\/Grau"}]},{"@type":"WebSite","@id":"https:\/\/hubsch-interior.com\/de\/#website","url":"https:\/\/hubsch-interior.com\/de\/","name":"H\u00fcbsch","description":"Danish Home Interior and Design","publisher":{"@id":"https:\/\/hubsch-interior.com\/de\/#organization"},"potentialAction":[{"@type":"SearchAction","target":{"@type":"EntryPoint","urlTemplate":"https:\/\/hubsch-interior.com\/de\/?s={search_term_string}"},"query-input":{"@type":"PropertyValueSpecification","valueRequired":true,"valueName":"search_term_string"}}],"inLanguage":"de"},{"@type":"Organization","@id":"https:\/\/hubsch-interior.com\/de\/#organization","name":"H\u00fcbsch","url":"https:\/\/hubsch-interior.com\/de\/","logo":{"@type":"ImageObject","inLanguage":"de","@id":"https:\/\/hubsch-interior.com\/de\/#\/schema\/logo\/image\/","url":"https:\/\/hubsch-interior.com\/wp-content\/uploads\/2022\/12\/Hubsch_logo_black_one_line.svg","contentUrl":"https:\/\/hubsch-interior.com\/wp-content\/uploads\/2022\/12\/Hubsch_logo_black_one_line.svg","caption":"H\u00fcbsch"},"image":{"@id":"https:\/\/hubsch-interior.com\/de\/#\/schema\/logo\/image\/"}}]}},"_links":{"self":[{"href":"https:\/\/hubsch-interior.com\/de\/wp-json\/wp\/v2\/product\/1007574","targetHints":{"allow":["GET"]}}],"collection":[{"href":"https:\/\/hubsch-interior.com\/de\/wp-json\/wp\/v2\/product"}],"about":[{"href":"https:\/\/hubsch-interior.com\/de\/wp-json\/wp\/v2\/types\/product"}],"wp:featuredmedia":[{"embeddable":true,"href":"https:\/\/hubsch-interior.com\/de\/wp-json\/wp\/v2\/media\/1094390"}],"wp:attachment":[{"href":"https:\/\/hubsch-interior.com\/de\/wp-json\/wp\/v2\/media?parent=1007574"}],"wp:term":[{"taxonomy":"product_brand","embeddable":true,"href":"https:\/\/hubsch-interior.com\/de\/wp-json\/wp\/v2\/product_brand?post=1007574"},{"taxonomy":"product_cat","embeddable":true,"href":"https:\/\/hubsch-interior.com\/de\/wp-json\/wp\/v2\/product_cat?post=1007574"},{"taxonomy":"product_tag","embeddable":true,"href":"https:\/\/hubsch-interior.com\/de\/wp-json\/wp\/v2\/product_tag?post=1007574"}],"curies":[{"name":"wp","href":"https:\/\/api.w.org\/{rel}","templated":true}]}}