{"id":1007901,"date":"2025-01-21T15:21:27","date_gmt":"2025-01-21T14:21:27","guid":{"rendered":"https:\/\/hubsch-interior.com\/product\/product\/"},"modified":"2026-04-09T04:39:31","modified_gmt":"2026-04-09T02:39:31","slug":"sui-trinkglas-bubbles-klar","status":"publish","type":"product","link":"https:\/\/hubsch-interior.com\/de\/produkt\/sui-trinkglas-bubbles-klar\/","title":{"rendered":"Sui Trinkglas Bubbles Klar"},"content":{"rendered":"<p>Lassen Sie sich vom unverwechselbaren Charme des Sui Trinkglases verzaubern, bei dem jeder Schluck zu einem Moment des Genusses wird. Aus Glas gefertigt, mit einer asymmetrischen und organischen Form, zeichnet sich dieses einzigartige St\u00fcck durch entz\u00fcckende Luftblasen aus, die eine Textur schaffen, die sowohl das Auge als auch den Tastsinn erfreut. Seine dezente Eleganz und angenehme Haptik k\u00f6nnten es schnell zu Ihrem neuen Lieblings-Trinkglas f\u00fcr allt\u00e4gliche Erfrischungen oder besondere Anl\u00e4sse im Innenbereich machen. Genie\u00dfen Sie Ihre Lieblingsgetr\u00e4nke mit Stil im Sui Trinkglas \u2013 ein Spiegelbild Ihres exquisiten Geschmacks.<\/p>\n","protected":false},"excerpt":{"rendered":"<p>Lassen Sie sich vom unverwechselbaren Charme des Sui Trinkglases verzaubern, bei dem jeder Schluck zu einem Moment des Genusses wird. Aus Glas gefertigt, mit einer asymmetrischen und organischen Form, zeichnet sich dieses einzigartige St\u00fcck durch entz\u00fcckende Luftblasen aus, die eine Textur schaffen, die sowohl das Auge als auch den Tastsinn erfreut. Seine dezente Eleganz und [&hellip;]<\/p>\n","protected":false},"featured_media":1099533,"template":"","meta":{"_acf_changed":false,"inline_featured_image":false},"product_brand":[],"product_cat":[5027,7034,4055,6972,6519,6998,7029,4096,5031],"product_tag":[],"class_list":{"0":"post-1007901","1":"product","2":"type-product","3":"status-publish","4":"has-post-thumbnail","6":"product_cat-bestsellers-de","7":"product_cat-glaeser-und-kannen-de","8":"product_cat-kuechenzubehoer-de","9":"product_cat-oster-sale","10":"product_cat-outlet-de","11":"product_cat-the-buzz-de","12":"product_cat-tischgeschirr-de-2","13":"product_cat-tischgeschirr-de","14":"product_cat-wieder-auf-lager-de","15":"product_shipping_class-pk","17":"pa_color-klar-de","18":"pa_material-glas-de","20":"first","21":"instock","22":"sale","23":"featured","24":"taxable","25":"shipping-taxable","26":"purchasable","27":"product-type-simple"},"exclude_global_add_ons":[],"addons":[],"acf":[],"yoast_head":"<!-- This site is optimized with the Yoast SEO plugin v26.4 - https:\/\/yoast.com\/wordpress\/plugins\/seo\/ -->\n<title>Sui Trinkglas Bubbles Klar - H\u00fcbsch<\/title>\n<meta name=\"description\" content=\"Lassen Sie sich vom unverwechselbaren Charme des Sui Trinkglases verzaubern, bei dem jeder Schluck zu einem Moment des Genusses wird. Aus Glas gefertigt,\" \/>\n<meta name=\"robots\" content=\"index, follow, max-snippet:-1, max-image-preview:large, max-video-preview:-1\" \/>\n<link rel=\"canonical\" href=\"https:\/\/hubsch-interior.com\/de\/wp-json\/wp\/v2\/product\/1007901\" \/>\n<meta property=\"og:locale\" content=\"de_DE\" \/>\n<meta property=\"og:type\" content=\"article\" \/>\n<meta property=\"og:title\" content=\"Sui Trinkglas Bubbles Klar - H\u00fcbsch\" \/>\n<meta property=\"og:description\" content=\"Lassen Sie sich vom unverwechselbaren Charme des Sui Trinkglases verzaubern, bei dem jeder Schluck zu einem Moment des Genusses wird. Aus Glas gefertigt,\" \/>\n<meta property=\"og:url\" content=\"https:\/\/hubsch-interior.com\/de\/produkt\/sui-trinkglas-bubbles-klar\/\" \/>\n<meta property=\"og:site_name\" content=\"H\u00fcbsch\" \/>\n<meta property=\"article:modified_time\" content=\"2026-04-09T02:39:31+00:00\" \/>\n<meta property=\"og:image\" content=\"https:\/\/hubsch-interior.com\/wp-content\/uploads\/2025\/04\/sui-drinking-glass-bubbles-clear-304e6295ce41038d25b8f4b9c34429d1.jpg\" \/>\n\t<meta property=\"og:image:width\" content=\"1179\" \/>\n\t<meta property=\"og:image:height\" content=\"1179\" \/>\n\t<meta property=\"og:image:type\" content=\"image\/jpeg\" \/>\n<meta name=\"twitter:card\" content=\"summary_large_image\" \/>\n<script type=\"application\/ld+json\" class=\"yoast-schema-graph\">{\"@context\":\"https:\/\/schema.org\",\"@graph\":[{\"@type\":\"WebPage\",\"@id\":\"https:\/\/hubsch-interior.com\/de\/produkt\/sui-trinkglas-bubbles-klar\/\",\"url\":\"https:\/\/hubsch-interior.com\/de\/produkt\/sui-trinkglas-bubbles-klar\/\",\"name\":\"Sui Trinkglas Bubbles Klar - H\u00fcbsch\",\"isPartOf\":{\"@id\":\"https:\/\/hubsch-interior.com\/de\/#website\"},\"primaryImageOfPage\":{\"@id\":\"https:\/\/hubsch-interior.com\/de\/produkt\/sui-trinkglas-bubbles-klar\/#primaryimage\"},\"image\":{\"@id\":\"https:\/\/hubsch-interior.com\/de\/produkt\/sui-trinkglas-bubbles-klar\/#primaryimage\"},\"thumbnailUrl\":\"https:\/\/hubsch-interior.com\/wp-content\/uploads\/2026\/02\/sui-drinking-glass-bubbles-clear-c5f835e8a76487502360ade42b6da4d2.jpg\",\"datePublished\":\"2025-01-21T14:21:27+00:00\",\"dateModified\":\"2026-04-09T02:39:31+00:00\",\"description\":\"Lassen Sie sich vom unverwechselbaren Charme des Sui Trinkglases verzaubern, bei dem jeder Schluck zu einem Moment des Genusses wird. Aus Glas gefertigt,\",\"breadcrumb\":{\"@id\":\"https:\/\/hubsch-interior.com\/de\/produkt\/sui-trinkglas-bubbles-klar\/#breadcrumb\"},\"inLanguage\":\"de\",\"potentialAction\":[{\"@type\":\"ReadAction\",\"target\":[\"https:\/\/hubsch-interior.com\/de\/produkt\/sui-trinkglas-bubbles-klar\/\"]}]},{\"@type\":\"ImageObject\",\"inLanguage\":\"de\",\"@id\":\"https:\/\/hubsch-interior.com\/de\/produkt\/sui-trinkglas-bubbles-klar\/#primaryimage\",\"url\":\"https:\/\/hubsch-interior.com\/wp-content\/uploads\/2026\/02\/sui-drinking-glass-bubbles-clear-c5f835e8a76487502360ade42b6da4d2.jpg\",\"contentUrl\":\"https:\/\/hubsch-interior.com\/wp-content\/uploads\/2026\/02\/sui-drinking-glass-bubbles-clear-c5f835e8a76487502360ade42b6da4d2.jpg\",\"width\":1024,\"height\":1024},{\"@type\":\"BreadcrumbList\",\"@id\":\"https:\/\/hubsch-interior.com\/de\/produkt\/sui-trinkglas-bubbles-klar\/#breadcrumb\",\"itemListElement\":[{\"@type\":\"ListItem\",\"position\":1,\"name\":\"Startseite\",\"item\":\"https:\/\/hubsch-interior.com\/de\/\"},{\"@type\":\"ListItem\",\"position\":2,\"name\":\"Produkte\",\"item\":\"https:\/\/hubsch-interior.com\/de\/shop-2\/\"},{\"@type\":\"ListItem\",\"position\":3,\"name\":\"K\u00fcche\",\"item\":\"https:\/\/hubsch-interior.com\/de\/produkt-kategorie\/kuche\/\"},{\"@type\":\"ListItem\",\"position\":4,\"name\":\"Tischgeschirr\",\"item\":\"https:\/\/hubsch-interior.com\/de\/produkt-kategorie\/kuche\/tischgeschirr-de-2\/\"},{\"@type\":\"ListItem\",\"position\":5,\"name\":\"Gl&auml;ser und Kannen\",\"item\":\"https:\/\/hubsch-interior.com\/de\/produkt-kategorie\/kuche\/tischgeschirr-de-2\/glaeser-und-kannen-de\/\"},{\"@type\":\"ListItem\",\"position\":6,\"name\":\"Sui Trinkglas Bubbles Klar\"}]},{\"@type\":\"WebSite\",\"@id\":\"https:\/\/hubsch-interior.com\/de\/#website\",\"url\":\"https:\/\/hubsch-interior.com\/de\/\",\"name\":\"H\u00fcbsch\",\"description\":\"Danish Home Interior and Design\",\"publisher\":{\"@id\":\"https:\/\/hubsch-interior.com\/de\/#organization\"},\"potentialAction\":[{\"@type\":\"SearchAction\",\"target\":{\"@type\":\"EntryPoint\",\"urlTemplate\":\"https:\/\/hubsch-interior.com\/de\/?s={search_term_string}\"},\"query-input\":{\"@type\":\"PropertyValueSpecification\",\"valueRequired\":true,\"valueName\":\"search_term_string\"}}],\"inLanguage\":\"de\"},{\"@type\":\"Organization\",\"@id\":\"https:\/\/hubsch-interior.com\/de\/#organization\",\"name\":\"H\u00fcbsch\",\"url\":\"https:\/\/hubsch-interior.com\/de\/\",\"logo\":{\"@type\":\"ImageObject\",\"inLanguage\":\"de\",\"@id\":\"https:\/\/hubsch-interior.com\/de\/#\/schema\/logo\/image\/\",\"url\":\"https:\/\/hubsch-interior.com\/wp-content\/uploads\/2022\/12\/Hubsch_logo_black_one_line.svg\",\"contentUrl\":\"https:\/\/hubsch-interior.com\/wp-content\/uploads\/2022\/12\/Hubsch_logo_black_one_line.svg\",\"caption\":\"H\u00fcbsch\"},\"image\":{\"@id\":\"https:\/\/hubsch-interior.com\/de\/#\/schema\/logo\/image\/\"}}]}<\/script>\n<!-- \/ Yoast SEO plugin. -->","yoast_head_json":{"title":"Sui Trinkglas Bubbles Klar - H\u00fcbsch","description":"Lassen Sie sich vom unverwechselbaren Charme des Sui Trinkglases verzaubern, bei dem jeder Schluck zu einem Moment des Genusses wird. Aus Glas gefertigt,","robots":{"index":"index","follow":"follow","max-snippet":"max-snippet:-1","max-image-preview":"max-image-preview:large","max-video-preview":"max-video-preview:-1"},"canonical":"https:\/\/hubsch-interior.com\/de\/wp-json\/wp\/v2\/product\/1007901","og_locale":"de_DE","og_type":"article","og_title":"Sui Trinkglas Bubbles Klar - H\u00fcbsch","og_description":"Lassen Sie sich vom unverwechselbaren Charme des Sui Trinkglases verzaubern, bei dem jeder Schluck zu einem Moment des Genusses wird. Aus Glas gefertigt,","og_url":"https:\/\/hubsch-interior.com\/de\/produkt\/sui-trinkglas-bubbles-klar\/","og_site_name":"H\u00fcbsch","article_modified_time":"2026-04-09T02:39:31+00:00","og_image":[{"width":1179,"height":1179,"url":"https:\/\/hubsch-interior.com\/wp-content\/uploads\/2025\/04\/sui-drinking-glass-bubbles-clear-304e6295ce41038d25b8f4b9c34429d1.jpg","type":"image\/jpeg"}],"twitter_card":"summary_large_image","schema":{"@context":"https:\/\/schema.org","@graph":[{"@type":"WebPage","@id":"https:\/\/hubsch-interior.com\/de\/produkt\/sui-trinkglas-bubbles-klar\/","url":"https:\/\/hubsch-interior.com\/de\/produkt\/sui-trinkglas-bubbles-klar\/","name":"Sui Trinkglas Bubbles Klar - H\u00fcbsch","isPartOf":{"@id":"https:\/\/hubsch-interior.com\/de\/#website"},"primaryImageOfPage":{"@id":"https:\/\/hubsch-interior.com\/de\/produkt\/sui-trinkglas-bubbles-klar\/#primaryimage"},"image":{"@id":"https:\/\/hubsch-interior.com\/de\/produkt\/sui-trinkglas-bubbles-klar\/#primaryimage"},"thumbnailUrl":"https:\/\/hubsch-interior.com\/wp-content\/uploads\/2026\/02\/sui-drinking-glass-bubbles-clear-c5f835e8a76487502360ade42b6da4d2.jpg","datePublished":"2025-01-21T14:21:27+00:00","dateModified":"2026-04-09T02:39:31+00:00","description":"Lassen Sie sich vom unverwechselbaren Charme des Sui Trinkglases verzaubern, bei dem jeder Schluck zu einem Moment des Genusses wird. Aus Glas gefertigt,","breadcrumb":{"@id":"https:\/\/hubsch-interior.com\/de\/produkt\/sui-trinkglas-bubbles-klar\/#breadcrumb"},"inLanguage":"de","potentialAction":[{"@type":"ReadAction","target":["https:\/\/hubsch-interior.com\/de\/produkt\/sui-trinkglas-bubbles-klar\/"]}]},{"@type":"ImageObject","inLanguage":"de","@id":"https:\/\/hubsch-interior.com\/de\/produkt\/sui-trinkglas-bubbles-klar\/#primaryimage","url":"https:\/\/hubsch-interior.com\/wp-content\/uploads\/2026\/02\/sui-drinking-glass-bubbles-clear-c5f835e8a76487502360ade42b6da4d2.jpg","contentUrl":"https:\/\/hubsch-interior.com\/wp-content\/uploads\/2026\/02\/sui-drinking-glass-bubbles-clear-c5f835e8a76487502360ade42b6da4d2.jpg","width":1024,"height":1024},{"@type":"BreadcrumbList","@id":"https:\/\/hubsch-interior.com\/de\/produkt\/sui-trinkglas-bubbles-klar\/#breadcrumb","itemListElement":[{"@type":"ListItem","position":1,"name":"Startseite","item":"https:\/\/hubsch-interior.com\/de\/"},{"@type":"ListItem","position":2,"name":"Produkte","item":"https:\/\/hubsch-interior.com\/de\/shop-2\/"},{"@type":"ListItem","position":3,"name":"K\u00fcche","item":"https:\/\/hubsch-interior.com\/de\/produkt-kategorie\/kuche\/"},{"@type":"ListItem","position":4,"name":"Tischgeschirr","item":"https:\/\/hubsch-interior.com\/de\/produkt-kategorie\/kuche\/tischgeschirr-de-2\/"},{"@type":"ListItem","position":5,"name":"Gl&auml;ser und Kannen","item":"https:\/\/hubsch-interior.com\/de\/produkt-kategorie\/kuche\/tischgeschirr-de-2\/glaeser-und-kannen-de\/"},{"@type":"ListItem","position":6,"name":"Sui Trinkglas Bubbles Klar"}]},{"@type":"WebSite","@id":"https:\/\/hubsch-interior.com\/de\/#website","url":"https:\/\/hubsch-interior.com\/de\/","name":"H\u00fcbsch","description":"Danish Home Interior and Design","publisher":{"@id":"https:\/\/hubsch-interior.com\/de\/#organization"},"potentialAction":[{"@type":"SearchAction","target":{"@type":"EntryPoint","urlTemplate":"https:\/\/hubsch-interior.com\/de\/?s={search_term_string}"},"query-input":{"@type":"PropertyValueSpecification","valueRequired":true,"valueName":"search_term_string"}}],"inLanguage":"de"},{"@type":"Organization","@id":"https:\/\/hubsch-interior.com\/de\/#organization","name":"H\u00fcbsch","url":"https:\/\/hubsch-interior.com\/de\/","logo":{"@type":"ImageObject","inLanguage":"de","@id":"https:\/\/hubsch-interior.com\/de\/#\/schema\/logo\/image\/","url":"https:\/\/hubsch-interior.com\/wp-content\/uploads\/2022\/12\/Hubsch_logo_black_one_line.svg","contentUrl":"https:\/\/hubsch-interior.com\/wp-content\/uploads\/2022\/12\/Hubsch_logo_black_one_line.svg","caption":"H\u00fcbsch"},"image":{"@id":"https:\/\/hubsch-interior.com\/de\/#\/schema\/logo\/image\/"}}]}},"_links":{"self":[{"href":"https:\/\/hubsch-interior.com\/de\/wp-json\/wp\/v2\/product\/1007901","targetHints":{"allow":["GET"]}}],"collection":[{"href":"https:\/\/hubsch-interior.com\/de\/wp-json\/wp\/v2\/product"}],"about":[{"href":"https:\/\/hubsch-interior.com\/de\/wp-json\/wp\/v2\/types\/product"}],"wp:featuredmedia":[{"embeddable":true,"href":"https:\/\/hubsch-interior.com\/de\/wp-json\/wp\/v2\/media\/1099533"}],"wp:attachment":[{"href":"https:\/\/hubsch-interior.com\/de\/wp-json\/wp\/v2\/media?parent=1007901"}],"wp:term":[{"taxonomy":"product_brand","embeddable":true,"href":"https:\/\/hubsch-interior.com\/de\/wp-json\/wp\/v2\/product_brand?post=1007901"},{"taxonomy":"product_cat","embeddable":true,"href":"https:\/\/hubsch-interior.com\/de\/wp-json\/wp\/v2\/product_cat?post=1007901"},{"taxonomy":"product_tag","embeddable":true,"href":"https:\/\/hubsch-interior.com\/de\/wp-json\/wp\/v2\/product_tag?post=1007901"}],"curies":[{"name":"wp","href":"https:\/\/api.w.org\/{rel}","templated":true}]}}