{"id":1007917,"date":"2025-01-21T15:21:54","date_gmt":"2025-01-21T14:21:54","guid":{"rendered":"https:\/\/hubsch-interior.com\/product\/product\/"},"modified":"2026-04-09T04:39:37","modified_gmt":"2026-04-09T02:39:37","slug":"sui-karaffe-bubbles-klar","status":"publish","type":"product","link":"https:\/\/hubsch-interior.com\/de\/produkt\/sui-karaffe-bubbles-klar\/","title":{"rendered":"Sui Karaffe Bubbles Klar"},"content":{"rendered":"<p>Entdecken Sie den bezaubernden Charme der Sui Karaffe, ein Meisterwerk aus Glas mit einer asymmetrischen und organischen Form, die das Herz erobert. Ihre zarten Luftblasen schaffen eine faszinierende Textur, w\u00e4hrend das Spiel des Lichts durch ihre Konturen wundersch\u00f6ne Schatten im Sonnenlicht wirft und einen Hauch von Magie in Ihre Innenr\u00e4ume bringt. Ob beim Servieren erfrischender Getr\u00e4nke oder einfach als Schmuckst\u00fcck auf Ihrem Regal, die Sui Karaffe verwandelt allt\u00e4gliche Momente in visuelle Poesie.<\/p>\n","protected":false},"excerpt":{"rendered":"<p>Entdecken Sie den bezaubernden Charme der Sui Karaffe, ein Meisterwerk aus Glas mit einer asymmetrischen und organischen Form, die das Herz erobert. Ihre zarten Luftblasen schaffen eine faszinierende Textur, w\u00e4hrend das Spiel des Lichts durch ihre Konturen wundersch\u00f6ne Schatten im Sonnenlicht wirft und einen Hauch von Magie in Ihre Innenr\u00e4ume bringt. Ob beim Servieren erfrischender [&hellip;]<\/p>\n","protected":false},"featured_media":1099557,"template":"","meta":{"_acf_changed":false,"inline_featured_image":false},"product_brand":[],"product_cat":[7034,6972,6998,7029,4055,4096,5027,6519],"product_tag":[],"class_list":{"0":"post-1007917","1":"product","2":"type-product","3":"status-publish","4":"has-post-thumbnail","6":"product_cat-glaeser-und-kannen-de","7":"product_cat-oster-sale","8":"product_cat-the-buzz-de","9":"product_cat-tischgeschirr-de-2","10":"product_cat-kuechenzubehoer-de","11":"product_cat-tischgeschirr-de","12":"product_cat-bestsellers-de","13":"product_cat-outlet-de","14":"product_shipping_class-pk","16":"pa_color-klar-de","17":"pa_material-glas-de","19":"first","20":"instock","21":"sale","22":"featured","23":"taxable","24":"shipping-taxable","25":"purchasable","26":"product-type-simple"},"exclude_global_add_ons":[],"addons":[],"acf":[],"yoast_head":"<!-- This site is optimized with the Yoast SEO plugin v26.4 - https:\/\/yoast.com\/wordpress\/plugins\/seo\/ -->\n<title>Sui Karaffe Bubbles Klar - H\u00fcbsch<\/title>\n<meta name=\"description\" content=\"Entdecken Sie den bezaubernden Charme der Sui Karaffe, ein Meisterwerk aus Glas mit einer asymmetrischen und organischen Form, die das Herz erobert. Ihre\" \/>\n<meta name=\"robots\" content=\"index, follow, max-snippet:-1, max-image-preview:large, max-video-preview:-1\" \/>\n<link rel=\"canonical\" href=\"https:\/\/hubsch-interior.com\/de\/wp-json\/wp\/v2\/product\/1007917\" \/>\n<meta property=\"og:locale\" content=\"de_DE\" \/>\n<meta property=\"og:type\" content=\"article\" \/>\n<meta property=\"og:title\" content=\"Sui Karaffe Bubbles Klar - H\u00fcbsch\" \/>\n<meta property=\"og:description\" content=\"Entdecken Sie den bezaubernden Charme der Sui Karaffe, ein Meisterwerk aus Glas mit einer asymmetrischen und organischen Form, die das Herz erobert. Ihre\" \/>\n<meta property=\"og:url\" content=\"https:\/\/hubsch-interior.com\/de\/produkt\/sui-karaffe-bubbles-klar\/\" \/>\n<meta property=\"og:site_name\" content=\"H\u00fcbsch\" \/>\n<meta property=\"article:modified_time\" content=\"2026-04-09T02:39:37+00:00\" \/>\n<meta property=\"og:image\" content=\"https:\/\/hubsch-interior.com\/wp-content\/uploads\/2025\/04\/sui-jug-bubbles-clear-f1078e6b5799b03948b568368866d9b9.jpg\" \/>\n\t<meta property=\"og:image:width\" content=\"1200\" \/>\n\t<meta property=\"og:image:height\" content=\"1200\" \/>\n\t<meta property=\"og:image:type\" content=\"image\/jpeg\" \/>\n<meta name=\"twitter:card\" content=\"summary_large_image\" \/>\n<script type=\"application\/ld+json\" class=\"yoast-schema-graph\">{\"@context\":\"https:\/\/schema.org\",\"@graph\":[{\"@type\":\"WebPage\",\"@id\":\"https:\/\/hubsch-interior.com\/de\/produkt\/sui-karaffe-bubbles-klar\/\",\"url\":\"https:\/\/hubsch-interior.com\/de\/produkt\/sui-karaffe-bubbles-klar\/\",\"name\":\"Sui Karaffe Bubbles Klar - H\u00fcbsch\",\"isPartOf\":{\"@id\":\"https:\/\/hubsch-interior.com\/de\/#website\"},\"primaryImageOfPage\":{\"@id\":\"https:\/\/hubsch-interior.com\/de\/produkt\/sui-karaffe-bubbles-klar\/#primaryimage\"},\"image\":{\"@id\":\"https:\/\/hubsch-interior.com\/de\/produkt\/sui-karaffe-bubbles-klar\/#primaryimage\"},\"thumbnailUrl\":\"https:\/\/hubsch-interior.com\/wp-content\/uploads\/2026\/02\/sui-jug-bubbles-clear-0f3674a88ac9e5fd670e45addc719a78.jpg\",\"datePublished\":\"2025-01-21T14:21:54+00:00\",\"dateModified\":\"2026-04-09T02:39:37+00:00\",\"description\":\"Entdecken Sie den bezaubernden Charme der Sui Karaffe, ein Meisterwerk aus Glas mit einer asymmetrischen und organischen Form, die das Herz erobert. Ihre\",\"breadcrumb\":{\"@id\":\"https:\/\/hubsch-interior.com\/de\/produkt\/sui-karaffe-bubbles-klar\/#breadcrumb\"},\"inLanguage\":\"de\",\"potentialAction\":[{\"@type\":\"ReadAction\",\"target\":[\"https:\/\/hubsch-interior.com\/de\/produkt\/sui-karaffe-bubbles-klar\/\"]}]},{\"@type\":\"ImageObject\",\"inLanguage\":\"de\",\"@id\":\"https:\/\/hubsch-interior.com\/de\/produkt\/sui-karaffe-bubbles-klar\/#primaryimage\",\"url\":\"https:\/\/hubsch-interior.com\/wp-content\/uploads\/2026\/02\/sui-jug-bubbles-clear-0f3674a88ac9e5fd670e45addc719a78.jpg\",\"contentUrl\":\"https:\/\/hubsch-interior.com\/wp-content\/uploads\/2026\/02\/sui-jug-bubbles-clear-0f3674a88ac9e5fd670e45addc719a78.jpg\",\"width\":1024,\"height\":1024},{\"@type\":\"BreadcrumbList\",\"@id\":\"https:\/\/hubsch-interior.com\/de\/produkt\/sui-karaffe-bubbles-klar\/#breadcrumb\",\"itemListElement\":[{\"@type\":\"ListItem\",\"position\":1,\"name\":\"Startseite\",\"item\":\"https:\/\/hubsch-interior.com\/de\/\"},{\"@type\":\"ListItem\",\"position\":2,\"name\":\"Produkte\",\"item\":\"https:\/\/hubsch-interior.com\/de\/shop-2\/\"},{\"@type\":\"ListItem\",\"position\":3,\"name\":\"K\u00fcche\",\"item\":\"https:\/\/hubsch-interior.com\/de\/produkt-kategorie\/kuche\/\"},{\"@type\":\"ListItem\",\"position\":4,\"name\":\"Tischgeschirr\",\"item\":\"https:\/\/hubsch-interior.com\/de\/produkt-kategorie\/kuche\/tischgeschirr-de-2\/\"},{\"@type\":\"ListItem\",\"position\":5,\"name\":\"Gl&auml;ser und Kannen\",\"item\":\"https:\/\/hubsch-interior.com\/de\/produkt-kategorie\/kuche\/tischgeschirr-de-2\/glaeser-und-kannen-de\/\"},{\"@type\":\"ListItem\",\"position\":6,\"name\":\"Sui Karaffe Bubbles Klar\"}]},{\"@type\":\"WebSite\",\"@id\":\"https:\/\/hubsch-interior.com\/de\/#website\",\"url\":\"https:\/\/hubsch-interior.com\/de\/\",\"name\":\"H\u00fcbsch\",\"description\":\"Danish Home Interior and Design\",\"publisher\":{\"@id\":\"https:\/\/hubsch-interior.com\/de\/#organization\"},\"potentialAction\":[{\"@type\":\"SearchAction\",\"target\":{\"@type\":\"EntryPoint\",\"urlTemplate\":\"https:\/\/hubsch-interior.com\/de\/?s={search_term_string}\"},\"query-input\":{\"@type\":\"PropertyValueSpecification\",\"valueRequired\":true,\"valueName\":\"search_term_string\"}}],\"inLanguage\":\"de\"},{\"@type\":\"Organization\",\"@id\":\"https:\/\/hubsch-interior.com\/de\/#organization\",\"name\":\"H\u00fcbsch\",\"url\":\"https:\/\/hubsch-interior.com\/de\/\",\"logo\":{\"@type\":\"ImageObject\",\"inLanguage\":\"de\",\"@id\":\"https:\/\/hubsch-interior.com\/de\/#\/schema\/logo\/image\/\",\"url\":\"https:\/\/hubsch-interior.com\/wp-content\/uploads\/2022\/12\/Hubsch_logo_black_one_line.svg\",\"contentUrl\":\"https:\/\/hubsch-interior.com\/wp-content\/uploads\/2022\/12\/Hubsch_logo_black_one_line.svg\",\"caption\":\"H\u00fcbsch\"},\"image\":{\"@id\":\"https:\/\/hubsch-interior.com\/de\/#\/schema\/logo\/image\/\"}}]}<\/script>\n<!-- \/ Yoast SEO plugin. -->","yoast_head_json":{"title":"Sui Karaffe Bubbles Klar - H\u00fcbsch","description":"Entdecken Sie den bezaubernden Charme der Sui Karaffe, ein Meisterwerk aus Glas mit einer asymmetrischen und organischen Form, die das Herz erobert. Ihre","robots":{"index":"index","follow":"follow","max-snippet":"max-snippet:-1","max-image-preview":"max-image-preview:large","max-video-preview":"max-video-preview:-1"},"canonical":"https:\/\/hubsch-interior.com\/de\/wp-json\/wp\/v2\/product\/1007917","og_locale":"de_DE","og_type":"article","og_title":"Sui Karaffe Bubbles Klar - H\u00fcbsch","og_description":"Entdecken Sie den bezaubernden Charme der Sui Karaffe, ein Meisterwerk aus Glas mit einer asymmetrischen und organischen Form, die das Herz erobert. Ihre","og_url":"https:\/\/hubsch-interior.com\/de\/produkt\/sui-karaffe-bubbles-klar\/","og_site_name":"H\u00fcbsch","article_modified_time":"2026-04-09T02:39:37+00:00","og_image":[{"width":1200,"height":1200,"url":"https:\/\/hubsch-interior.com\/wp-content\/uploads\/2025\/04\/sui-jug-bubbles-clear-f1078e6b5799b03948b568368866d9b9.jpg","type":"image\/jpeg"}],"twitter_card":"summary_large_image","schema":{"@context":"https:\/\/schema.org","@graph":[{"@type":"WebPage","@id":"https:\/\/hubsch-interior.com\/de\/produkt\/sui-karaffe-bubbles-klar\/","url":"https:\/\/hubsch-interior.com\/de\/produkt\/sui-karaffe-bubbles-klar\/","name":"Sui Karaffe Bubbles Klar - H\u00fcbsch","isPartOf":{"@id":"https:\/\/hubsch-interior.com\/de\/#website"},"primaryImageOfPage":{"@id":"https:\/\/hubsch-interior.com\/de\/produkt\/sui-karaffe-bubbles-klar\/#primaryimage"},"image":{"@id":"https:\/\/hubsch-interior.com\/de\/produkt\/sui-karaffe-bubbles-klar\/#primaryimage"},"thumbnailUrl":"https:\/\/hubsch-interior.com\/wp-content\/uploads\/2026\/02\/sui-jug-bubbles-clear-0f3674a88ac9e5fd670e45addc719a78.jpg","datePublished":"2025-01-21T14:21:54+00:00","dateModified":"2026-04-09T02:39:37+00:00","description":"Entdecken Sie den bezaubernden Charme der Sui Karaffe, ein Meisterwerk aus Glas mit einer asymmetrischen und organischen Form, die das Herz erobert. Ihre","breadcrumb":{"@id":"https:\/\/hubsch-interior.com\/de\/produkt\/sui-karaffe-bubbles-klar\/#breadcrumb"},"inLanguage":"de","potentialAction":[{"@type":"ReadAction","target":["https:\/\/hubsch-interior.com\/de\/produkt\/sui-karaffe-bubbles-klar\/"]}]},{"@type":"ImageObject","inLanguage":"de","@id":"https:\/\/hubsch-interior.com\/de\/produkt\/sui-karaffe-bubbles-klar\/#primaryimage","url":"https:\/\/hubsch-interior.com\/wp-content\/uploads\/2026\/02\/sui-jug-bubbles-clear-0f3674a88ac9e5fd670e45addc719a78.jpg","contentUrl":"https:\/\/hubsch-interior.com\/wp-content\/uploads\/2026\/02\/sui-jug-bubbles-clear-0f3674a88ac9e5fd670e45addc719a78.jpg","width":1024,"height":1024},{"@type":"BreadcrumbList","@id":"https:\/\/hubsch-interior.com\/de\/produkt\/sui-karaffe-bubbles-klar\/#breadcrumb","itemListElement":[{"@type":"ListItem","position":1,"name":"Startseite","item":"https:\/\/hubsch-interior.com\/de\/"},{"@type":"ListItem","position":2,"name":"Produkte","item":"https:\/\/hubsch-interior.com\/de\/shop-2\/"},{"@type":"ListItem","position":3,"name":"K\u00fcche","item":"https:\/\/hubsch-interior.com\/de\/produkt-kategorie\/kuche\/"},{"@type":"ListItem","position":4,"name":"Tischgeschirr","item":"https:\/\/hubsch-interior.com\/de\/produkt-kategorie\/kuche\/tischgeschirr-de-2\/"},{"@type":"ListItem","position":5,"name":"Gl&auml;ser und Kannen","item":"https:\/\/hubsch-interior.com\/de\/produkt-kategorie\/kuche\/tischgeschirr-de-2\/glaeser-und-kannen-de\/"},{"@type":"ListItem","position":6,"name":"Sui Karaffe Bubbles Klar"}]},{"@type":"WebSite","@id":"https:\/\/hubsch-interior.com\/de\/#website","url":"https:\/\/hubsch-interior.com\/de\/","name":"H\u00fcbsch","description":"Danish Home Interior and Design","publisher":{"@id":"https:\/\/hubsch-interior.com\/de\/#organization"},"potentialAction":[{"@type":"SearchAction","target":{"@type":"EntryPoint","urlTemplate":"https:\/\/hubsch-interior.com\/de\/?s={search_term_string}"},"query-input":{"@type":"PropertyValueSpecification","valueRequired":true,"valueName":"search_term_string"}}],"inLanguage":"de"},{"@type":"Organization","@id":"https:\/\/hubsch-interior.com\/de\/#organization","name":"H\u00fcbsch","url":"https:\/\/hubsch-interior.com\/de\/","logo":{"@type":"ImageObject","inLanguage":"de","@id":"https:\/\/hubsch-interior.com\/de\/#\/schema\/logo\/image\/","url":"https:\/\/hubsch-interior.com\/wp-content\/uploads\/2022\/12\/Hubsch_logo_black_one_line.svg","contentUrl":"https:\/\/hubsch-interior.com\/wp-content\/uploads\/2022\/12\/Hubsch_logo_black_one_line.svg","caption":"H\u00fcbsch"},"image":{"@id":"https:\/\/hubsch-interior.com\/de\/#\/schema\/logo\/image\/"}}]}},"_links":{"self":[{"href":"https:\/\/hubsch-interior.com\/de\/wp-json\/wp\/v2\/product\/1007917","targetHints":{"allow":["GET"]}}],"collection":[{"href":"https:\/\/hubsch-interior.com\/de\/wp-json\/wp\/v2\/product"}],"about":[{"href":"https:\/\/hubsch-interior.com\/de\/wp-json\/wp\/v2\/types\/product"}],"wp:featuredmedia":[{"embeddable":true,"href":"https:\/\/hubsch-interior.com\/de\/wp-json\/wp\/v2\/media\/1099557"}],"wp:attachment":[{"href":"https:\/\/hubsch-interior.com\/de\/wp-json\/wp\/v2\/media?parent=1007917"}],"wp:term":[{"taxonomy":"product_brand","embeddable":true,"href":"https:\/\/hubsch-interior.com\/de\/wp-json\/wp\/v2\/product_brand?post=1007917"},{"taxonomy":"product_cat","embeddable":true,"href":"https:\/\/hubsch-interior.com\/de\/wp-json\/wp\/v2\/product_cat?post=1007917"},{"taxonomy":"product_tag","embeddable":true,"href":"https:\/\/hubsch-interior.com\/de\/wp-json\/wp\/v2\/product_tag?post=1007917"}],"curies":[{"name":"wp","href":"https:\/\/api.w.org\/{rel}","templated":true}]}}