{"id":1008545,"date":"2025-01-24T09:21:57","date_gmt":"2025-01-24T08:21:57","guid":{"rendered":"https:\/\/hubsch-interior.com\/product\/product\/"},"modified":"2026-04-09T04:20:57","modified_gmt":"2026-04-09T02:20:57","slug":"push-servierwagen-schwarz","status":"publish","type":"product","link":"https:\/\/hubsch-interior.com\/de\/produkt\/push-servierwagen-schwarz\/","title":{"rendered":"Push Servierwagen Schwarz"},"content":{"rendered":"<p>Entdecken Sie den Charme des Push Servierwagens, Ihrem neuen Lieblingshelfer beim Aufr\u00e4umen und Versch\u00f6nern Ihres Raumes. Gefertigt aus robustem Metall in elegantem Schwarz, gleitet dieses vielseitige Wunder m\u00fchelos in jede Ecke Ihres Zuhauses. K\u00f6nnte es Ihre Mini-Bar oder Snack-Station sein? Oder dient es vielleicht als transportable Buchaufbewahrung? Nutzen Sie es als Aufbewahrungsm\u00f6glichkeit in K\u00fcche oder Wohnzimmer und genie\u00dfen Sie seine einfache Mobilit\u00e4t. Wahrhaftig ein Muss, um alles, was Sie lieben, griffbereit und leicht zu bewegen zu halten.<\/p>\n","protected":false},"excerpt":{"rendered":"<p>Entdecken Sie den Charme des Push Servierwagens, Ihrem neuen Lieblingshelfer beim Aufr\u00e4umen und Versch\u00f6nern Ihres Raumes. Gefertigt aus robustem Metall in elegantem Schwarz, gleitet dieses vielseitige Wunder m\u00fchelos in jede Ecke Ihres Zuhauses. K\u00f6nnte es Ihre Mini-Bar oder Snack-Station sein? Oder dient es vielleicht als transportable Buchaufbewahrung? Nutzen Sie es als Aufbewahrungsm\u00f6glichkeit in K\u00fcche oder [&hellip;]<\/p>\n","protected":false},"featured_media":1094446,"template":"","meta":{"_acf_changed":false,"inline_featured_image":false},"product_brand":[],"product_cat":[6998,2861,6360,5027],"product_tag":[],"class_list":{"0":"post-1008545","1":"product","2":"type-product","3":"status-publish","4":"has-post-thumbnail","6":"product_cat-the-buzz-de","7":"product_cat-tische-de","8":"product_cat-servierwagen-de","9":"product_cat-bestsellers-de","10":"product_shipping_class-pk","12":"pa_color-schwarz","13":"pa_material-eisen-de","15":"first","16":"instock","17":"featured","18":"taxable","19":"shipping-taxable","20":"purchasable","21":"product-type-simple"},"exclude_global_add_ons":[],"addons":[],"acf":[],"yoast_head":"<!-- This site is optimized with the Yoast SEO plugin v26.4 - https:\/\/yoast.com\/wordpress\/plugins\/seo\/ -->\n<title>Push Servierwagen Schwarz - H\u00fcbsch<\/title>\n<meta name=\"description\" content=\"Entdecken Sie den Charme des Push Servierwagens, Ihrem neuen Lieblingshelfer beim Aufr\u00e4umen und Versch\u00f6nern Ihres Raumes. Gefertigt aus robustem Metall in\" \/>\n<meta name=\"robots\" content=\"index, follow, max-snippet:-1, max-image-preview:large, max-video-preview:-1\" \/>\n<link rel=\"canonical\" href=\"https:\/\/hubsch-interior.com\/de\/wp-json\/wp\/v2\/product\/1008545\" \/>\n<meta property=\"og:locale\" content=\"de_DE\" \/>\n<meta property=\"og:type\" content=\"article\" \/>\n<meta property=\"og:title\" content=\"Push Servierwagen Schwarz - H\u00fcbsch\" \/>\n<meta property=\"og:description\" content=\"Entdecken Sie den Charme des Push Servierwagens, Ihrem neuen Lieblingshelfer beim Aufr\u00e4umen und Versch\u00f6nern Ihres Raumes. Gefertigt aus robustem Metall in\" \/>\n<meta property=\"og:url\" content=\"https:\/\/hubsch-interior.com\/de\/produkt\/push-servierwagen-schwarz\/\" \/>\n<meta property=\"og:site_name\" content=\"H\u00fcbsch\" \/>\n<meta property=\"article:modified_time\" content=\"2026-04-09T02:20:57+00:00\" \/>\n<meta property=\"og:image\" content=\"https:\/\/hubsch-interior.com\/wp-content\/uploads\/2025\/01\/push-trolley-black-5415c4626b9370ccd6087941e6195f84.jpg\" \/>\n\t<meta property=\"og:image:width\" content=\"1200\" \/>\n\t<meta property=\"og:image:height\" content=\"1200\" \/>\n\t<meta property=\"og:image:type\" content=\"image\/jpeg\" \/>\n<meta name=\"twitter:card\" content=\"summary_large_image\" \/>\n<script type=\"application\/ld+json\" class=\"yoast-schema-graph\">{\"@context\":\"https:\/\/schema.org\",\"@graph\":[{\"@type\":\"WebPage\",\"@id\":\"https:\/\/hubsch-interior.com\/de\/produkt\/push-servierwagen-schwarz\/\",\"url\":\"https:\/\/hubsch-interior.com\/de\/produkt\/push-servierwagen-schwarz\/\",\"name\":\"Push Servierwagen Schwarz - H\u00fcbsch\",\"isPartOf\":{\"@id\":\"https:\/\/hubsch-interior.com\/de\/#website\"},\"primaryImageOfPage\":{\"@id\":\"https:\/\/hubsch-interior.com\/de\/produkt\/push-servierwagen-schwarz\/#primaryimage\"},\"image\":{\"@id\":\"https:\/\/hubsch-interior.com\/de\/produkt\/push-servierwagen-schwarz\/#primaryimage\"},\"thumbnailUrl\":\"https:\/\/hubsch-interior.com\/wp-content\/uploads\/2026\/02\/push-trolley-black-5674ee18a8c780988edd5238ca063b0f.jpg\",\"datePublished\":\"2025-01-24T08:21:57+00:00\",\"dateModified\":\"2026-04-09T02:20:57+00:00\",\"description\":\"Entdecken Sie den Charme des Push Servierwagens, Ihrem neuen Lieblingshelfer beim Aufr\u00e4umen und Versch\u00f6nern Ihres Raumes. Gefertigt aus robustem Metall in\",\"breadcrumb\":{\"@id\":\"https:\/\/hubsch-interior.com\/de\/produkt\/push-servierwagen-schwarz\/#breadcrumb\"},\"inLanguage\":\"de\",\"potentialAction\":[{\"@type\":\"ReadAction\",\"target\":[\"https:\/\/hubsch-interior.com\/de\/produkt\/push-servierwagen-schwarz\/\"]}]},{\"@type\":\"ImageObject\",\"inLanguage\":\"de\",\"@id\":\"https:\/\/hubsch-interior.com\/de\/produkt\/push-servierwagen-schwarz\/#primaryimage\",\"url\":\"https:\/\/hubsch-interior.com\/wp-content\/uploads\/2026\/02\/push-trolley-black-5674ee18a8c780988edd5238ca063b0f.jpg\",\"contentUrl\":\"https:\/\/hubsch-interior.com\/wp-content\/uploads\/2026\/02\/push-trolley-black-5674ee18a8c780988edd5238ca063b0f.jpg\",\"width\":1024,\"height\":1024},{\"@type\":\"BreadcrumbList\",\"@id\":\"https:\/\/hubsch-interior.com\/de\/produkt\/push-servierwagen-schwarz\/#breadcrumb\",\"itemListElement\":[{\"@type\":\"ListItem\",\"position\":1,\"name\":\"Startseite\",\"item\":\"https:\/\/hubsch-interior.com\/de\/\"},{\"@type\":\"ListItem\",\"position\":2,\"name\":\"Produkte\",\"item\":\"https:\/\/hubsch-interior.com\/de\/shop-2\/\"},{\"@type\":\"ListItem\",\"position\":3,\"name\":\"M\u00f6bel\",\"item\":\"https:\/\/hubsch-interior.com\/de\/produkt-kategorie\/moebel\/\"},{\"@type\":\"ListItem\",\"position\":4,\"name\":\"Tische\",\"item\":\"https:\/\/hubsch-interior.com\/de\/produkt-kategorie\/moebel\/tische-de\/\"},{\"@type\":\"ListItem\",\"position\":5,\"name\":\"Servierwagen\",\"item\":\"https:\/\/hubsch-interior.com\/de\/produkt-kategorie\/moebel\/tische-de\/servierwagen-de\/\"},{\"@type\":\"ListItem\",\"position\":6,\"name\":\"Push Servierwagen Schwarz\"}]},{\"@type\":\"WebSite\",\"@id\":\"https:\/\/hubsch-interior.com\/de\/#website\",\"url\":\"https:\/\/hubsch-interior.com\/de\/\",\"name\":\"H\u00fcbsch\",\"description\":\"Danish Home Interior and Design\",\"publisher\":{\"@id\":\"https:\/\/hubsch-interior.com\/de\/#organization\"},\"potentialAction\":[{\"@type\":\"SearchAction\",\"target\":{\"@type\":\"EntryPoint\",\"urlTemplate\":\"https:\/\/hubsch-interior.com\/de\/?s={search_term_string}\"},\"query-input\":{\"@type\":\"PropertyValueSpecification\",\"valueRequired\":true,\"valueName\":\"search_term_string\"}}],\"inLanguage\":\"de\"},{\"@type\":\"Organization\",\"@id\":\"https:\/\/hubsch-interior.com\/de\/#organization\",\"name\":\"H\u00fcbsch\",\"url\":\"https:\/\/hubsch-interior.com\/de\/\",\"logo\":{\"@type\":\"ImageObject\",\"inLanguage\":\"de\",\"@id\":\"https:\/\/hubsch-interior.com\/de\/#\/schema\/logo\/image\/\",\"url\":\"https:\/\/hubsch-interior.com\/wp-content\/uploads\/2022\/12\/Hubsch_logo_black_one_line.svg\",\"contentUrl\":\"https:\/\/hubsch-interior.com\/wp-content\/uploads\/2022\/12\/Hubsch_logo_black_one_line.svg\",\"caption\":\"H\u00fcbsch\"},\"image\":{\"@id\":\"https:\/\/hubsch-interior.com\/de\/#\/schema\/logo\/image\/\"}}]}<\/script>\n<!-- \/ Yoast SEO plugin. -->","yoast_head_json":{"title":"Push Servierwagen Schwarz - H\u00fcbsch","description":"Entdecken Sie den Charme des Push Servierwagens, Ihrem neuen Lieblingshelfer beim Aufr\u00e4umen und Versch\u00f6nern Ihres Raumes. Gefertigt aus robustem Metall in","robots":{"index":"index","follow":"follow","max-snippet":"max-snippet:-1","max-image-preview":"max-image-preview:large","max-video-preview":"max-video-preview:-1"},"canonical":"https:\/\/hubsch-interior.com\/de\/wp-json\/wp\/v2\/product\/1008545","og_locale":"de_DE","og_type":"article","og_title":"Push Servierwagen Schwarz - H\u00fcbsch","og_description":"Entdecken Sie den Charme des Push Servierwagens, Ihrem neuen Lieblingshelfer beim Aufr\u00e4umen und Versch\u00f6nern Ihres Raumes. Gefertigt aus robustem Metall in","og_url":"https:\/\/hubsch-interior.com\/de\/produkt\/push-servierwagen-schwarz\/","og_site_name":"H\u00fcbsch","article_modified_time":"2026-04-09T02:20:57+00:00","og_image":[{"width":1200,"height":1200,"url":"https:\/\/hubsch-interior.com\/wp-content\/uploads\/2025\/01\/push-trolley-black-5415c4626b9370ccd6087941e6195f84.jpg","type":"image\/jpeg"}],"twitter_card":"summary_large_image","schema":{"@context":"https:\/\/schema.org","@graph":[{"@type":"WebPage","@id":"https:\/\/hubsch-interior.com\/de\/produkt\/push-servierwagen-schwarz\/","url":"https:\/\/hubsch-interior.com\/de\/produkt\/push-servierwagen-schwarz\/","name":"Push Servierwagen Schwarz - H\u00fcbsch","isPartOf":{"@id":"https:\/\/hubsch-interior.com\/de\/#website"},"primaryImageOfPage":{"@id":"https:\/\/hubsch-interior.com\/de\/produkt\/push-servierwagen-schwarz\/#primaryimage"},"image":{"@id":"https:\/\/hubsch-interior.com\/de\/produkt\/push-servierwagen-schwarz\/#primaryimage"},"thumbnailUrl":"https:\/\/hubsch-interior.com\/wp-content\/uploads\/2026\/02\/push-trolley-black-5674ee18a8c780988edd5238ca063b0f.jpg","datePublished":"2025-01-24T08:21:57+00:00","dateModified":"2026-04-09T02:20:57+00:00","description":"Entdecken Sie den Charme des Push Servierwagens, Ihrem neuen Lieblingshelfer beim Aufr\u00e4umen und Versch\u00f6nern Ihres Raumes. Gefertigt aus robustem Metall in","breadcrumb":{"@id":"https:\/\/hubsch-interior.com\/de\/produkt\/push-servierwagen-schwarz\/#breadcrumb"},"inLanguage":"de","potentialAction":[{"@type":"ReadAction","target":["https:\/\/hubsch-interior.com\/de\/produkt\/push-servierwagen-schwarz\/"]}]},{"@type":"ImageObject","inLanguage":"de","@id":"https:\/\/hubsch-interior.com\/de\/produkt\/push-servierwagen-schwarz\/#primaryimage","url":"https:\/\/hubsch-interior.com\/wp-content\/uploads\/2026\/02\/push-trolley-black-5674ee18a8c780988edd5238ca063b0f.jpg","contentUrl":"https:\/\/hubsch-interior.com\/wp-content\/uploads\/2026\/02\/push-trolley-black-5674ee18a8c780988edd5238ca063b0f.jpg","width":1024,"height":1024},{"@type":"BreadcrumbList","@id":"https:\/\/hubsch-interior.com\/de\/produkt\/push-servierwagen-schwarz\/#breadcrumb","itemListElement":[{"@type":"ListItem","position":1,"name":"Startseite","item":"https:\/\/hubsch-interior.com\/de\/"},{"@type":"ListItem","position":2,"name":"Produkte","item":"https:\/\/hubsch-interior.com\/de\/shop-2\/"},{"@type":"ListItem","position":3,"name":"M\u00f6bel","item":"https:\/\/hubsch-interior.com\/de\/produkt-kategorie\/moebel\/"},{"@type":"ListItem","position":4,"name":"Tische","item":"https:\/\/hubsch-interior.com\/de\/produkt-kategorie\/moebel\/tische-de\/"},{"@type":"ListItem","position":5,"name":"Servierwagen","item":"https:\/\/hubsch-interior.com\/de\/produkt-kategorie\/moebel\/tische-de\/servierwagen-de\/"},{"@type":"ListItem","position":6,"name":"Push Servierwagen Schwarz"}]},{"@type":"WebSite","@id":"https:\/\/hubsch-interior.com\/de\/#website","url":"https:\/\/hubsch-interior.com\/de\/","name":"H\u00fcbsch","description":"Danish Home Interior and Design","publisher":{"@id":"https:\/\/hubsch-interior.com\/de\/#organization"},"potentialAction":[{"@type":"SearchAction","target":{"@type":"EntryPoint","urlTemplate":"https:\/\/hubsch-interior.com\/de\/?s={search_term_string}"},"query-input":{"@type":"PropertyValueSpecification","valueRequired":true,"valueName":"search_term_string"}}],"inLanguage":"de"},{"@type":"Organization","@id":"https:\/\/hubsch-interior.com\/de\/#organization","name":"H\u00fcbsch","url":"https:\/\/hubsch-interior.com\/de\/","logo":{"@type":"ImageObject","inLanguage":"de","@id":"https:\/\/hubsch-interior.com\/de\/#\/schema\/logo\/image\/","url":"https:\/\/hubsch-interior.com\/wp-content\/uploads\/2022\/12\/Hubsch_logo_black_one_line.svg","contentUrl":"https:\/\/hubsch-interior.com\/wp-content\/uploads\/2022\/12\/Hubsch_logo_black_one_line.svg","caption":"H\u00fcbsch"},"image":{"@id":"https:\/\/hubsch-interior.com\/de\/#\/schema\/logo\/image\/"}}]}},"_links":{"self":[{"href":"https:\/\/hubsch-interior.com\/de\/wp-json\/wp\/v2\/product\/1008545","targetHints":{"allow":["GET"]}}],"collection":[{"href":"https:\/\/hubsch-interior.com\/de\/wp-json\/wp\/v2\/product"}],"about":[{"href":"https:\/\/hubsch-interior.com\/de\/wp-json\/wp\/v2\/types\/product"}],"wp:featuredmedia":[{"embeddable":true,"href":"https:\/\/hubsch-interior.com\/de\/wp-json\/wp\/v2\/media\/1094446"}],"wp:attachment":[{"href":"https:\/\/hubsch-interior.com\/de\/wp-json\/wp\/v2\/media?parent=1008545"}],"wp:term":[{"taxonomy":"product_brand","embeddable":true,"href":"https:\/\/hubsch-interior.com\/de\/wp-json\/wp\/v2\/product_brand?post=1008545"},{"taxonomy":"product_cat","embeddable":true,"href":"https:\/\/hubsch-interior.com\/de\/wp-json\/wp\/v2\/product_cat?post=1008545"},{"taxonomy":"product_tag","embeddable":true,"href":"https:\/\/hubsch-interior.com\/de\/wp-json\/wp\/v2\/product_tag?post=1008545"}],"curies":[{"name":"wp","href":"https:\/\/api.w.org\/{rel}","templated":true}]}}