{"id":1008597,"date":"2025-01-24T09:23:34","date_gmt":"2025-01-24T08:23:34","guid":{"rendered":"https:\/\/hubsch-interior.com\/product\/product\/"},"modified":"2026-04-09T04:21:08","modified_gmt":"2026-04-09T02:21:08","slug":"rocco-pouf-ocker","status":"publish","type":"product","link":"https:\/\/hubsch-interior.com\/de\/produkt\/rocco-pouf-ocker\/","title":{"rendered":"Rocco Pouf Ocker"},"content":{"rendered":"<p>Lernen Sie den Rocco Pouf in seiner bezaubernden Ocker-Variante kennen \u2013 eine wunderbare Kombination aus Funktionalit\u00e4t und Stil. Dieser aus Polyester gefertigte Liebling besticht durch seine sch\u00f6n strukturierte Optik mit Knopfdetail, was ihn in jedem Raum zum Hingucker macht. Ideal als zus\u00e4tzliche Sitzgelegenheit oder als Fu\u00dfst\u00fctze, l\u00e4dt seine komfortabel runde Form zum stilvollen Entspannen ein. Ob Sie G\u00e4ste empfangen oder einfach nur entspannen, der Rocco Pouf bereichert Ihren Raum mit seiner sch\u00f6nen Farbmischung und vielseitigem Flair. W\u00e4hlen Sie Ocker f\u00fcr ein warmes, einladendes Leuchten.<\/p>\n","protected":false},"excerpt":{"rendered":"<p>Lernen Sie den Rocco Pouf in seiner bezaubernden Ocker-Variante kennen \u2013 eine wunderbare Kombination aus Funktionalit\u00e4t und Stil. Dieser aus Polyester gefertigte Liebling besticht durch seine sch\u00f6n strukturierte Optik mit Knopfdetail, was ihn in jedem Raum zum Hingucker macht. Ideal als zus\u00e4tzliche Sitzgelegenheit oder als Fu\u00dfst\u00fctze, l\u00e4dt seine komfortabel runde Form zum stilvollen Entspannen ein. [&hellip;]<\/p>\n","protected":false},"featured_media":1094506,"template":"","meta":{"_acf_changed":false,"inline_featured_image":false},"product_brand":[],"product_cat":[5027,6323,3042,5458,2845,6998,5031],"product_tag":[],"class_list":{"0":"post-1008597","1":"product","2":"type-product","3":"status-publish","4":"has-post-thumbnail","6":"product_cat-bestsellers-de","7":"product_cat-fsc-de","8":"product_cat-hocker-de","9":"product_cat-poufs-de","10":"product_cat-sitzmoebel-de","11":"product_cat-the-buzz-de","12":"product_cat-wieder-auf-lager-de","13":"product_shipping_class-pk","15":"pa_color-ocker","16":"pa_material-polyester-100-de","18":"first","19":"instock","20":"featured","21":"taxable","22":"shipping-taxable","23":"purchasable","24":"product-type-simple"},"exclude_global_add_ons":[],"addons":[],"acf":[],"yoast_head":"<!-- This site is optimized with the Yoast SEO plugin v26.4 - https:\/\/yoast.com\/wordpress\/plugins\/seo\/ -->\n<title>Rocco Pouf Ocker - H\u00fcbsch<\/title>\n<meta name=\"description\" content=\"Lernen Sie den Rocco Pouf in seiner bezaubernden Ocker-Variante kennen \u2013 eine wunderbare Kombination aus Funktionalit\u00e4t und Stil. Dieser aus Polyester\" \/>\n<meta name=\"robots\" content=\"index, follow, max-snippet:-1, max-image-preview:large, max-video-preview:-1\" \/>\n<link rel=\"canonical\" href=\"https:\/\/hubsch-interior.com\/de\/wp-json\/wp\/v2\/product\/1008597\" \/>\n<meta property=\"og:locale\" content=\"de_DE\" \/>\n<meta property=\"og:type\" content=\"article\" \/>\n<meta property=\"og:title\" content=\"Rocco Pouf Ocker - H\u00fcbsch\" \/>\n<meta property=\"og:description\" content=\"Lernen Sie den Rocco Pouf in seiner bezaubernden Ocker-Variante kennen \u2013 eine wunderbare Kombination aus Funktionalit\u00e4t und Stil. Dieser aus Polyester\" \/>\n<meta property=\"og:url\" content=\"https:\/\/hubsch-interior.com\/de\/produkt\/rocco-pouf-ocker\/\" \/>\n<meta property=\"og:site_name\" content=\"H\u00fcbsch\" \/>\n<meta property=\"article:modified_time\" content=\"2026-04-09T02:21:08+00:00\" \/>\n<meta property=\"og:image\" content=\"https:\/\/hubsch-interior.com\/wp-content\/uploads\/2025\/01\/rocco-pouffe-ochre-8181ce594a9e22f721b9ae955423a01d.jpg\" \/>\n\t<meta property=\"og:image:width\" content=\"1200\" \/>\n\t<meta property=\"og:image:height\" content=\"1200\" \/>\n\t<meta property=\"og:image:type\" content=\"image\/jpeg\" \/>\n<meta name=\"twitter:card\" content=\"summary_large_image\" \/>\n<script type=\"application\/ld+json\" class=\"yoast-schema-graph\">{\"@context\":\"https:\/\/schema.org\",\"@graph\":[{\"@type\":\"WebPage\",\"@id\":\"https:\/\/hubsch-interior.com\/de\/produkt\/rocco-pouf-ocker\/\",\"url\":\"https:\/\/hubsch-interior.com\/de\/produkt\/rocco-pouf-ocker\/\",\"name\":\"Rocco Pouf Ocker - H\u00fcbsch\",\"isPartOf\":{\"@id\":\"https:\/\/hubsch-interior.com\/de\/#website\"},\"primaryImageOfPage\":{\"@id\":\"https:\/\/hubsch-interior.com\/de\/produkt\/rocco-pouf-ocker\/#primaryimage\"},\"image\":{\"@id\":\"https:\/\/hubsch-interior.com\/de\/produkt\/rocco-pouf-ocker\/#primaryimage\"},\"thumbnailUrl\":\"https:\/\/hubsch-interior.com\/wp-content\/uploads\/2026\/02\/rocco-pouffe-ochre-9fedadc1e02137f5bcf0fb4dfe0cccce.jpg\",\"datePublished\":\"2025-01-24T08:23:34+00:00\",\"dateModified\":\"2026-04-09T02:21:08+00:00\",\"description\":\"Lernen Sie den Rocco Pouf in seiner bezaubernden Ocker-Variante kennen \u2013 eine wunderbare Kombination aus Funktionalit\u00e4t und Stil. Dieser aus Polyester\",\"breadcrumb\":{\"@id\":\"https:\/\/hubsch-interior.com\/de\/produkt\/rocco-pouf-ocker\/#breadcrumb\"},\"inLanguage\":\"de\",\"potentialAction\":[{\"@type\":\"ReadAction\",\"target\":[\"https:\/\/hubsch-interior.com\/de\/produkt\/rocco-pouf-ocker\/\"]}]},{\"@type\":\"ImageObject\",\"inLanguage\":\"de\",\"@id\":\"https:\/\/hubsch-interior.com\/de\/produkt\/rocco-pouf-ocker\/#primaryimage\",\"url\":\"https:\/\/hubsch-interior.com\/wp-content\/uploads\/2026\/02\/rocco-pouffe-ochre-9fedadc1e02137f5bcf0fb4dfe0cccce.jpg\",\"contentUrl\":\"https:\/\/hubsch-interior.com\/wp-content\/uploads\/2026\/02\/rocco-pouffe-ochre-9fedadc1e02137f5bcf0fb4dfe0cccce.jpg\",\"width\":1024,\"height\":1024},{\"@type\":\"BreadcrumbList\",\"@id\":\"https:\/\/hubsch-interior.com\/de\/produkt\/rocco-pouf-ocker\/#breadcrumb\",\"itemListElement\":[{\"@type\":\"ListItem\",\"position\":1,\"name\":\"Startseite\",\"item\":\"https:\/\/hubsch-interior.com\/de\/\"},{\"@type\":\"ListItem\",\"position\":2,\"name\":\"Produkte\",\"item\":\"https:\/\/hubsch-interior.com\/de\/shop-2\/\"},{\"@type\":\"ListItem\",\"position\":3,\"name\":\"M\u00f6bel\",\"item\":\"https:\/\/hubsch-interior.com\/de\/produkt-kategorie\/moebel\/\"},{\"@type\":\"ListItem\",\"position\":4,\"name\":\"Sitzm&ouml;bel\",\"item\":\"https:\/\/hubsch-interior.com\/de\/produkt-kategorie\/moebel\/sitzmoebel-de\/\"},{\"@type\":\"ListItem\",\"position\":5,\"name\":\"Poufs\",\"item\":\"https:\/\/hubsch-interior.com\/de\/produkt-kategorie\/moebel\/sitzmoebel-de\/poufs-de\/\"},{\"@type\":\"ListItem\",\"position\":6,\"name\":\"Rocco Pouf Ocker\"}]},{\"@type\":\"WebSite\",\"@id\":\"https:\/\/hubsch-interior.com\/de\/#website\",\"url\":\"https:\/\/hubsch-interior.com\/de\/\",\"name\":\"H\u00fcbsch\",\"description\":\"Danish Home Interior and Design\",\"publisher\":{\"@id\":\"https:\/\/hubsch-interior.com\/de\/#organization\"},\"potentialAction\":[{\"@type\":\"SearchAction\",\"target\":{\"@type\":\"EntryPoint\",\"urlTemplate\":\"https:\/\/hubsch-interior.com\/de\/?s={search_term_string}\"},\"query-input\":{\"@type\":\"PropertyValueSpecification\",\"valueRequired\":true,\"valueName\":\"search_term_string\"}}],\"inLanguage\":\"de\"},{\"@type\":\"Organization\",\"@id\":\"https:\/\/hubsch-interior.com\/de\/#organization\",\"name\":\"H\u00fcbsch\",\"url\":\"https:\/\/hubsch-interior.com\/de\/\",\"logo\":{\"@type\":\"ImageObject\",\"inLanguage\":\"de\",\"@id\":\"https:\/\/hubsch-interior.com\/de\/#\/schema\/logo\/image\/\",\"url\":\"https:\/\/hubsch-interior.com\/wp-content\/uploads\/2022\/12\/Hubsch_logo_black_one_line.svg\",\"contentUrl\":\"https:\/\/hubsch-interior.com\/wp-content\/uploads\/2022\/12\/Hubsch_logo_black_one_line.svg\",\"caption\":\"H\u00fcbsch\"},\"image\":{\"@id\":\"https:\/\/hubsch-interior.com\/de\/#\/schema\/logo\/image\/\"}}]}<\/script>\n<!-- \/ Yoast SEO plugin. -->","yoast_head_json":{"title":"Rocco Pouf Ocker - H\u00fcbsch","description":"Lernen Sie den Rocco Pouf in seiner bezaubernden Ocker-Variante kennen \u2013 eine wunderbare Kombination aus Funktionalit\u00e4t und Stil. Dieser aus Polyester","robots":{"index":"index","follow":"follow","max-snippet":"max-snippet:-1","max-image-preview":"max-image-preview:large","max-video-preview":"max-video-preview:-1"},"canonical":"https:\/\/hubsch-interior.com\/de\/wp-json\/wp\/v2\/product\/1008597","og_locale":"de_DE","og_type":"article","og_title":"Rocco Pouf Ocker - H\u00fcbsch","og_description":"Lernen Sie den Rocco Pouf in seiner bezaubernden Ocker-Variante kennen \u2013 eine wunderbare Kombination aus Funktionalit\u00e4t und Stil. Dieser aus Polyester","og_url":"https:\/\/hubsch-interior.com\/de\/produkt\/rocco-pouf-ocker\/","og_site_name":"H\u00fcbsch","article_modified_time":"2026-04-09T02:21:08+00:00","og_image":[{"width":1200,"height":1200,"url":"https:\/\/hubsch-interior.com\/wp-content\/uploads\/2025\/01\/rocco-pouffe-ochre-8181ce594a9e22f721b9ae955423a01d.jpg","type":"image\/jpeg"}],"twitter_card":"summary_large_image","schema":{"@context":"https:\/\/schema.org","@graph":[{"@type":"WebPage","@id":"https:\/\/hubsch-interior.com\/de\/produkt\/rocco-pouf-ocker\/","url":"https:\/\/hubsch-interior.com\/de\/produkt\/rocco-pouf-ocker\/","name":"Rocco Pouf Ocker - H\u00fcbsch","isPartOf":{"@id":"https:\/\/hubsch-interior.com\/de\/#website"},"primaryImageOfPage":{"@id":"https:\/\/hubsch-interior.com\/de\/produkt\/rocco-pouf-ocker\/#primaryimage"},"image":{"@id":"https:\/\/hubsch-interior.com\/de\/produkt\/rocco-pouf-ocker\/#primaryimage"},"thumbnailUrl":"https:\/\/hubsch-interior.com\/wp-content\/uploads\/2026\/02\/rocco-pouffe-ochre-9fedadc1e02137f5bcf0fb4dfe0cccce.jpg","datePublished":"2025-01-24T08:23:34+00:00","dateModified":"2026-04-09T02:21:08+00:00","description":"Lernen Sie den Rocco Pouf in seiner bezaubernden Ocker-Variante kennen \u2013 eine wunderbare Kombination aus Funktionalit\u00e4t und Stil. Dieser aus Polyester","breadcrumb":{"@id":"https:\/\/hubsch-interior.com\/de\/produkt\/rocco-pouf-ocker\/#breadcrumb"},"inLanguage":"de","potentialAction":[{"@type":"ReadAction","target":["https:\/\/hubsch-interior.com\/de\/produkt\/rocco-pouf-ocker\/"]}]},{"@type":"ImageObject","inLanguage":"de","@id":"https:\/\/hubsch-interior.com\/de\/produkt\/rocco-pouf-ocker\/#primaryimage","url":"https:\/\/hubsch-interior.com\/wp-content\/uploads\/2026\/02\/rocco-pouffe-ochre-9fedadc1e02137f5bcf0fb4dfe0cccce.jpg","contentUrl":"https:\/\/hubsch-interior.com\/wp-content\/uploads\/2026\/02\/rocco-pouffe-ochre-9fedadc1e02137f5bcf0fb4dfe0cccce.jpg","width":1024,"height":1024},{"@type":"BreadcrumbList","@id":"https:\/\/hubsch-interior.com\/de\/produkt\/rocco-pouf-ocker\/#breadcrumb","itemListElement":[{"@type":"ListItem","position":1,"name":"Startseite","item":"https:\/\/hubsch-interior.com\/de\/"},{"@type":"ListItem","position":2,"name":"Produkte","item":"https:\/\/hubsch-interior.com\/de\/shop-2\/"},{"@type":"ListItem","position":3,"name":"M\u00f6bel","item":"https:\/\/hubsch-interior.com\/de\/produkt-kategorie\/moebel\/"},{"@type":"ListItem","position":4,"name":"Sitzm&ouml;bel","item":"https:\/\/hubsch-interior.com\/de\/produkt-kategorie\/moebel\/sitzmoebel-de\/"},{"@type":"ListItem","position":5,"name":"Poufs","item":"https:\/\/hubsch-interior.com\/de\/produkt-kategorie\/moebel\/sitzmoebel-de\/poufs-de\/"},{"@type":"ListItem","position":6,"name":"Rocco Pouf Ocker"}]},{"@type":"WebSite","@id":"https:\/\/hubsch-interior.com\/de\/#website","url":"https:\/\/hubsch-interior.com\/de\/","name":"H\u00fcbsch","description":"Danish Home Interior and Design","publisher":{"@id":"https:\/\/hubsch-interior.com\/de\/#organization"},"potentialAction":[{"@type":"SearchAction","target":{"@type":"EntryPoint","urlTemplate":"https:\/\/hubsch-interior.com\/de\/?s={search_term_string}"},"query-input":{"@type":"PropertyValueSpecification","valueRequired":true,"valueName":"search_term_string"}}],"inLanguage":"de"},{"@type":"Organization","@id":"https:\/\/hubsch-interior.com\/de\/#organization","name":"H\u00fcbsch","url":"https:\/\/hubsch-interior.com\/de\/","logo":{"@type":"ImageObject","inLanguage":"de","@id":"https:\/\/hubsch-interior.com\/de\/#\/schema\/logo\/image\/","url":"https:\/\/hubsch-interior.com\/wp-content\/uploads\/2022\/12\/Hubsch_logo_black_one_line.svg","contentUrl":"https:\/\/hubsch-interior.com\/wp-content\/uploads\/2022\/12\/Hubsch_logo_black_one_line.svg","caption":"H\u00fcbsch"},"image":{"@id":"https:\/\/hubsch-interior.com\/de\/#\/schema\/logo\/image\/"}}]}},"_links":{"self":[{"href":"https:\/\/hubsch-interior.com\/de\/wp-json\/wp\/v2\/product\/1008597","targetHints":{"allow":["GET"]}}],"collection":[{"href":"https:\/\/hubsch-interior.com\/de\/wp-json\/wp\/v2\/product"}],"about":[{"href":"https:\/\/hubsch-interior.com\/de\/wp-json\/wp\/v2\/types\/product"}],"wp:featuredmedia":[{"embeddable":true,"href":"https:\/\/hubsch-interior.com\/de\/wp-json\/wp\/v2\/media\/1094506"}],"wp:attachment":[{"href":"https:\/\/hubsch-interior.com\/de\/wp-json\/wp\/v2\/media?parent=1008597"}],"wp:term":[{"taxonomy":"product_brand","embeddable":true,"href":"https:\/\/hubsch-interior.com\/de\/wp-json\/wp\/v2\/product_brand?post=1008597"},{"taxonomy":"product_cat","embeddable":true,"href":"https:\/\/hubsch-interior.com\/de\/wp-json\/wp\/v2\/product_cat?post=1008597"},{"taxonomy":"product_tag","embeddable":true,"href":"https:\/\/hubsch-interior.com\/de\/wp-json\/wp\/v2\/product_tag?post=1008597"}],"curies":[{"name":"wp","href":"https:\/\/api.w.org\/{rel}","templated":true}]}}