{"id":1008637,"date":"2025-01-24T09:25:30","date_gmt":"2025-01-24T08:25:30","guid":{"rendered":"https:\/\/hubsch-interior.com\/product\/product\/"},"modified":"2026-04-11T04:20:38","modified_gmt":"2026-04-11T02:20:38","slug":"muted-sitzauflage-hellgrun","status":"publish","type":"product","link":"https:\/\/hubsch-interior.com\/de\/produkt\/muted-sitzauflage-hellgrun\/","title":{"rendered":"Muted  Sitzauflage Hellgr\u00fcn"},"content":{"rendered":"<p>Eine perfekte Wahl, um Ihrem Esszimmerstuhl oder Ihrer Bank ein wenig zus\u00e4tzlichen Komfort zu verleihen \u2013 die Muted Sitzauflage. Gefertigt aus strapazierf\u00e4higem Polyester, bietet diese bezaubernde Auflage nicht nur Komfort, sondern auch Bequemlichkeit, da sie sich m\u00fchelos platzieren und entfernen l\u00e4sst, ganz nach Ihrem Bedarf. Erh\u00e4ltlich in drei charmanten Varianten, stellt sie sicher, dass wir alle ein wenig zus\u00e4tzlichen Komfort beim Essen sch\u00e4tzen. W\u00e4hlen Sie diese elegante Erg\u00e4nzung noch heute und verwandeln Sie Ihre Innenraumsitze in eine Oase der Weichheit und des Stils.<\/p>\n","protected":false},"excerpt":{"rendered":"<p>Eine perfekte Wahl, um Ihrem Esszimmerstuhl oder Ihrer Bank ein wenig zus\u00e4tzlichen Komfort zu verleihen \u2013 die Muted Sitzauflage. Gefertigt aus strapazierf\u00e4higem Polyester, bietet diese bezaubernde Auflage nicht nur Komfort, sondern auch Bequemlichkeit, da sie sich m\u00fchelos platzieren und entfernen l\u00e4sst, ganz nach Ihrem Bedarf. Erh\u00e4ltlich in drei charmanten Varianten, stellt sie sicher, dass wir [&hellip;]<\/p>\n","protected":false},"featured_media":1094546,"template":"","meta":{"_acf_changed":false,"inline_featured_image":false},"product_brand":[],"product_cat":[6998,6323,3004,3005,5027],"product_tag":[],"class_list":{"0":"post-1008637","1":"product","2":"type-product","3":"status-publish","4":"has-post-thumbnail","6":"product_cat-the-buzz-de","7":"product_cat-fsc-de","8":"product_cat-textilien","9":"product_cat-kissen-de","10":"product_cat-bestsellers-de","11":"product_shipping_class-pk","13":"pa_color-hellgrn-2","14":"pa_material-polyester-100-de","16":"first","17":"instock","18":"featured","19":"taxable","20":"shipping-taxable","21":"purchasable","22":"product-type-simple"},"exclude_global_add_ons":[],"addons":[],"acf":[],"yoast_head":"<!-- This site is optimized with the Yoast SEO plugin v26.4 - https:\/\/yoast.com\/wordpress\/plugins\/seo\/ -->\n<title>Muted Sitzauflage Hellgr\u00fcn - H\u00fcbsch<\/title>\n<meta name=\"description\" content=\"Eine perfekte Wahl, um Ihrem Esszimmerstuhl oder Ihrer Bank ein wenig zus\u00e4tzlichen Komfort zu verleihen \u2013 die Muted Sitzauflage. Gefertigt aus\" \/>\n<meta name=\"robots\" content=\"index, follow, max-snippet:-1, max-image-preview:large, max-video-preview:-1\" \/>\n<link rel=\"canonical\" href=\"https:\/\/hubsch-interior.com\/de\/wp-json\/wp\/v2\/product\/1008637\" \/>\n<meta property=\"og:locale\" content=\"de_DE\" \/>\n<meta property=\"og:type\" content=\"article\" \/>\n<meta property=\"og:title\" content=\"Muted Sitzauflage Hellgr\u00fcn - H\u00fcbsch\" \/>\n<meta property=\"og:description\" content=\"Eine perfekte Wahl, um Ihrem Esszimmerstuhl oder Ihrer Bank ein wenig zus\u00e4tzlichen Komfort zu verleihen \u2013 die Muted Sitzauflage. Gefertigt aus\" \/>\n<meta property=\"og:url\" content=\"https:\/\/hubsch-interior.com\/de\/produkt\/muted-sitzauflage-hellgrun\/\" \/>\n<meta property=\"og:site_name\" content=\"H\u00fcbsch\" \/>\n<meta property=\"article:modified_time\" content=\"2026-04-11T02:20:38+00:00\" \/>\n<meta property=\"og:image\" content=\"https:\/\/hubsch-interior.com\/wp-content\/uploads\/2025\/04\/muted-seat-cushion-light-green-0bfd461b36340c8a5d0664a92f851746.jpg\" \/>\n\t<meta property=\"og:image:width\" content=\"1200\" \/>\n\t<meta property=\"og:image:height\" content=\"1200\" \/>\n\t<meta property=\"og:image:type\" content=\"image\/jpeg\" \/>\n<meta name=\"twitter:card\" content=\"summary_large_image\" \/>\n<script type=\"application\/ld+json\" class=\"yoast-schema-graph\">{\"@context\":\"https:\/\/schema.org\",\"@graph\":[{\"@type\":\"WebPage\",\"@id\":\"https:\/\/hubsch-interior.com\/de\/produkt\/muted-sitzauflage-hellgrun\/\",\"url\":\"https:\/\/hubsch-interior.com\/de\/produkt\/muted-sitzauflage-hellgrun\/\",\"name\":\"Muted Sitzauflage Hellgr\u00fcn - H\u00fcbsch\",\"isPartOf\":{\"@id\":\"https:\/\/hubsch-interior.com\/de\/#website\"},\"primaryImageOfPage\":{\"@id\":\"https:\/\/hubsch-interior.com\/de\/produkt\/muted-sitzauflage-hellgrun\/#primaryimage\"},\"image\":{\"@id\":\"https:\/\/hubsch-interior.com\/de\/produkt\/muted-sitzauflage-hellgrun\/#primaryimage\"},\"thumbnailUrl\":\"https:\/\/hubsch-interior.com\/wp-content\/uploads\/2026\/02\/muted-seat-cushion-light-green-87506033aeba1cc951460958254ae0b4.jpg\",\"datePublished\":\"2025-01-24T08:25:30+00:00\",\"dateModified\":\"2026-04-11T02:20:38+00:00\",\"description\":\"Eine perfekte Wahl, um Ihrem Esszimmerstuhl oder Ihrer Bank ein wenig zus\u00e4tzlichen Komfort zu verleihen \u2013 die Muted Sitzauflage. Gefertigt aus\",\"breadcrumb\":{\"@id\":\"https:\/\/hubsch-interior.com\/de\/produkt\/muted-sitzauflage-hellgrun\/#breadcrumb\"},\"inLanguage\":\"de\",\"potentialAction\":[{\"@type\":\"ReadAction\",\"target\":[\"https:\/\/hubsch-interior.com\/de\/produkt\/muted-sitzauflage-hellgrun\/\"]}]},{\"@type\":\"ImageObject\",\"inLanguage\":\"de\",\"@id\":\"https:\/\/hubsch-interior.com\/de\/produkt\/muted-sitzauflage-hellgrun\/#primaryimage\",\"url\":\"https:\/\/hubsch-interior.com\/wp-content\/uploads\/2026\/02\/muted-seat-cushion-light-green-87506033aeba1cc951460958254ae0b4.jpg\",\"contentUrl\":\"https:\/\/hubsch-interior.com\/wp-content\/uploads\/2026\/02\/muted-seat-cushion-light-green-87506033aeba1cc951460958254ae0b4.jpg\",\"width\":1024,\"height\":1024},{\"@type\":\"BreadcrumbList\",\"@id\":\"https:\/\/hubsch-interior.com\/de\/produkt\/muted-sitzauflage-hellgrun\/#breadcrumb\",\"itemListElement\":[{\"@type\":\"ListItem\",\"position\":1,\"name\":\"Startseite\",\"item\":\"https:\/\/hubsch-interior.com\/de\/\"},{\"@type\":\"ListItem\",\"position\":2,\"name\":\"Produkte\",\"item\":\"https:\/\/hubsch-interior.com\/de\/shop-2\/\"},{\"@type\":\"ListItem\",\"position\":3,\"name\":\"Textilien\",\"item\":\"https:\/\/hubsch-interior.com\/de\/produkt-kategorie\/textilien\/\"},{\"@type\":\"ListItem\",\"position\":4,\"name\":\"Kissen\",\"item\":\"https:\/\/hubsch-interior.com\/de\/produkt-kategorie\/textilien\/kissen-de\/\"},{\"@type\":\"ListItem\",\"position\":5,\"name\":\"Muted Sitzauflage Hellgr\u00fcn\"}]},{\"@type\":\"WebSite\",\"@id\":\"https:\/\/hubsch-interior.com\/de\/#website\",\"url\":\"https:\/\/hubsch-interior.com\/de\/\",\"name\":\"H\u00fcbsch\",\"description\":\"Danish Home Interior and Design\",\"publisher\":{\"@id\":\"https:\/\/hubsch-interior.com\/de\/#organization\"},\"potentialAction\":[{\"@type\":\"SearchAction\",\"target\":{\"@type\":\"EntryPoint\",\"urlTemplate\":\"https:\/\/hubsch-interior.com\/de\/?s={search_term_string}\"},\"query-input\":{\"@type\":\"PropertyValueSpecification\",\"valueRequired\":true,\"valueName\":\"search_term_string\"}}],\"inLanguage\":\"de\"},{\"@type\":\"Organization\",\"@id\":\"https:\/\/hubsch-interior.com\/de\/#organization\",\"name\":\"H\u00fcbsch\",\"url\":\"https:\/\/hubsch-interior.com\/de\/\",\"logo\":{\"@type\":\"ImageObject\",\"inLanguage\":\"de\",\"@id\":\"https:\/\/hubsch-interior.com\/de\/#\/schema\/logo\/image\/\",\"url\":\"https:\/\/hubsch-interior.com\/wp-content\/uploads\/2022\/12\/Hubsch_logo_black_one_line.svg\",\"contentUrl\":\"https:\/\/hubsch-interior.com\/wp-content\/uploads\/2022\/12\/Hubsch_logo_black_one_line.svg\",\"caption\":\"H\u00fcbsch\"},\"image\":{\"@id\":\"https:\/\/hubsch-interior.com\/de\/#\/schema\/logo\/image\/\"}}]}<\/script>\n<!-- \/ Yoast SEO plugin. -->","yoast_head_json":{"title":"Muted Sitzauflage Hellgr\u00fcn - H\u00fcbsch","description":"Eine perfekte Wahl, um Ihrem Esszimmerstuhl oder Ihrer Bank ein wenig zus\u00e4tzlichen Komfort zu verleihen \u2013 die Muted Sitzauflage. Gefertigt aus","robots":{"index":"index","follow":"follow","max-snippet":"max-snippet:-1","max-image-preview":"max-image-preview:large","max-video-preview":"max-video-preview:-1"},"canonical":"https:\/\/hubsch-interior.com\/de\/wp-json\/wp\/v2\/product\/1008637","og_locale":"de_DE","og_type":"article","og_title":"Muted Sitzauflage Hellgr\u00fcn - H\u00fcbsch","og_description":"Eine perfekte Wahl, um Ihrem Esszimmerstuhl oder Ihrer Bank ein wenig zus\u00e4tzlichen Komfort zu verleihen \u2013 die Muted Sitzauflage. Gefertigt aus","og_url":"https:\/\/hubsch-interior.com\/de\/produkt\/muted-sitzauflage-hellgrun\/","og_site_name":"H\u00fcbsch","article_modified_time":"2026-04-11T02:20:38+00:00","og_image":[{"width":1200,"height":1200,"url":"https:\/\/hubsch-interior.com\/wp-content\/uploads\/2025\/04\/muted-seat-cushion-light-green-0bfd461b36340c8a5d0664a92f851746.jpg","type":"image\/jpeg"}],"twitter_card":"summary_large_image","schema":{"@context":"https:\/\/schema.org","@graph":[{"@type":"WebPage","@id":"https:\/\/hubsch-interior.com\/de\/produkt\/muted-sitzauflage-hellgrun\/","url":"https:\/\/hubsch-interior.com\/de\/produkt\/muted-sitzauflage-hellgrun\/","name":"Muted Sitzauflage Hellgr\u00fcn - H\u00fcbsch","isPartOf":{"@id":"https:\/\/hubsch-interior.com\/de\/#website"},"primaryImageOfPage":{"@id":"https:\/\/hubsch-interior.com\/de\/produkt\/muted-sitzauflage-hellgrun\/#primaryimage"},"image":{"@id":"https:\/\/hubsch-interior.com\/de\/produkt\/muted-sitzauflage-hellgrun\/#primaryimage"},"thumbnailUrl":"https:\/\/hubsch-interior.com\/wp-content\/uploads\/2026\/02\/muted-seat-cushion-light-green-87506033aeba1cc951460958254ae0b4.jpg","datePublished":"2025-01-24T08:25:30+00:00","dateModified":"2026-04-11T02:20:38+00:00","description":"Eine perfekte Wahl, um Ihrem Esszimmerstuhl oder Ihrer Bank ein wenig zus\u00e4tzlichen Komfort zu verleihen \u2013 die Muted Sitzauflage. Gefertigt aus","breadcrumb":{"@id":"https:\/\/hubsch-interior.com\/de\/produkt\/muted-sitzauflage-hellgrun\/#breadcrumb"},"inLanguage":"de","potentialAction":[{"@type":"ReadAction","target":["https:\/\/hubsch-interior.com\/de\/produkt\/muted-sitzauflage-hellgrun\/"]}]},{"@type":"ImageObject","inLanguage":"de","@id":"https:\/\/hubsch-interior.com\/de\/produkt\/muted-sitzauflage-hellgrun\/#primaryimage","url":"https:\/\/hubsch-interior.com\/wp-content\/uploads\/2026\/02\/muted-seat-cushion-light-green-87506033aeba1cc951460958254ae0b4.jpg","contentUrl":"https:\/\/hubsch-interior.com\/wp-content\/uploads\/2026\/02\/muted-seat-cushion-light-green-87506033aeba1cc951460958254ae0b4.jpg","width":1024,"height":1024},{"@type":"BreadcrumbList","@id":"https:\/\/hubsch-interior.com\/de\/produkt\/muted-sitzauflage-hellgrun\/#breadcrumb","itemListElement":[{"@type":"ListItem","position":1,"name":"Startseite","item":"https:\/\/hubsch-interior.com\/de\/"},{"@type":"ListItem","position":2,"name":"Produkte","item":"https:\/\/hubsch-interior.com\/de\/shop-2\/"},{"@type":"ListItem","position":3,"name":"Textilien","item":"https:\/\/hubsch-interior.com\/de\/produkt-kategorie\/textilien\/"},{"@type":"ListItem","position":4,"name":"Kissen","item":"https:\/\/hubsch-interior.com\/de\/produkt-kategorie\/textilien\/kissen-de\/"},{"@type":"ListItem","position":5,"name":"Muted Sitzauflage Hellgr\u00fcn"}]},{"@type":"WebSite","@id":"https:\/\/hubsch-interior.com\/de\/#website","url":"https:\/\/hubsch-interior.com\/de\/","name":"H\u00fcbsch","description":"Danish Home Interior and Design","publisher":{"@id":"https:\/\/hubsch-interior.com\/de\/#organization"},"potentialAction":[{"@type":"SearchAction","target":{"@type":"EntryPoint","urlTemplate":"https:\/\/hubsch-interior.com\/de\/?s={search_term_string}"},"query-input":{"@type":"PropertyValueSpecification","valueRequired":true,"valueName":"search_term_string"}}],"inLanguage":"de"},{"@type":"Organization","@id":"https:\/\/hubsch-interior.com\/de\/#organization","name":"H\u00fcbsch","url":"https:\/\/hubsch-interior.com\/de\/","logo":{"@type":"ImageObject","inLanguage":"de","@id":"https:\/\/hubsch-interior.com\/de\/#\/schema\/logo\/image\/","url":"https:\/\/hubsch-interior.com\/wp-content\/uploads\/2022\/12\/Hubsch_logo_black_one_line.svg","contentUrl":"https:\/\/hubsch-interior.com\/wp-content\/uploads\/2022\/12\/Hubsch_logo_black_one_line.svg","caption":"H\u00fcbsch"},"image":{"@id":"https:\/\/hubsch-interior.com\/de\/#\/schema\/logo\/image\/"}}]}},"_links":{"self":[{"href":"https:\/\/hubsch-interior.com\/de\/wp-json\/wp\/v2\/product\/1008637","targetHints":{"allow":["GET"]}}],"collection":[{"href":"https:\/\/hubsch-interior.com\/de\/wp-json\/wp\/v2\/product"}],"about":[{"href":"https:\/\/hubsch-interior.com\/de\/wp-json\/wp\/v2\/types\/product"}],"wp:featuredmedia":[{"embeddable":true,"href":"https:\/\/hubsch-interior.com\/de\/wp-json\/wp\/v2\/media\/1094546"}],"wp:attachment":[{"href":"https:\/\/hubsch-interior.com\/de\/wp-json\/wp\/v2\/media?parent=1008637"}],"wp:term":[{"taxonomy":"product_brand","embeddable":true,"href":"https:\/\/hubsch-interior.com\/de\/wp-json\/wp\/v2\/product_brand?post=1008637"},{"taxonomy":"product_cat","embeddable":true,"href":"https:\/\/hubsch-interior.com\/de\/wp-json\/wp\/v2\/product_cat?post=1008637"},{"taxonomy":"product_tag","embeddable":true,"href":"https:\/\/hubsch-interior.com\/de\/wp-json\/wp\/v2\/product_tag?post=1008637"}],"curies":[{"name":"wp","href":"https:\/\/api.w.org\/{rel}","templated":true}]}}