{"id":1008651,"date":"2025-01-24T09:25:55","date_gmt":"2025-01-24T08:25:55","guid":{"rendered":"https:\/\/hubsch-interior.com\/product\/product\/"},"modified":"2026-04-11T04:20:42","modified_gmt":"2026-04-11T02:20:42","slug":"muted-sitzauflage-dunkelgrau","status":"publish","type":"product","link":"https:\/\/hubsch-interior.com\/de\/produkt\/muted-sitzauflage-dunkelgrau\/","title":{"rendered":"Muted Sitzauflage Dunkelgrau"},"content":{"rendered":"<p>Eine ideale Wahl, um Ihrem Esszimmerstuhl oder Ihrer Bank zus\u00e4tzlichen Komfort zu verleihen \u2013 die Muted Sitzauflage. Hergestellt aus strapazierf\u00e4higem Polyester, bietet dieses entz\u00fcckende Kissen nicht nur Komfort, sondern auch Bequemlichkeit, da Sie es m\u00fchelos platzieren und entfernen k\u00f6nnen, ganz nach Bedarf. Verf\u00fcgbar in drei charmanten Varianten, sorgt es daf\u00fcr, dass wir alle etwas zus\u00e4tzlichen Komfort beim Essen sch\u00e4tzen. W\u00e4hlen Sie heute diese elegante Erg\u00e4nzung und verwandeln Sie Ihre Innenraumsitze in eine Oase der Weichheit und des Stils.<\/p>\n","protected":false},"excerpt":{"rendered":"<p>Eine ideale Wahl, um Ihrem Esszimmerstuhl oder Ihrer Bank zus\u00e4tzlichen Komfort zu verleihen \u2013 die Muted Sitzauflage. Hergestellt aus strapazierf\u00e4higem Polyester, bietet dieses entz\u00fcckende Kissen nicht nur Komfort, sondern auch Bequemlichkeit, da Sie es m\u00fchelos platzieren und entfernen k\u00f6nnen, ganz nach Bedarf. Verf\u00fcgbar in drei charmanten Varianten, sorgt es daf\u00fcr, dass wir alle etwas zus\u00e4tzlichen [&hellip;]<\/p>\n","protected":false},"featured_media":1094554,"template":"","meta":{"_acf_changed":false,"inline_featured_image":false},"product_brand":[],"product_cat":[6998,6323,3004,3005,5027],"product_tag":[],"class_list":{"0":"post-1008651","1":"product","2":"type-product","3":"status-publish","4":"has-post-thumbnail","6":"product_cat-the-buzz-de","7":"product_cat-fsc-de","8":"product_cat-textilien","9":"product_cat-kissen-de","10":"product_cat-bestsellers-de","11":"product_shipping_class-pk","13":"pa_color-dunkelgrau-2","14":"pa_material-polyester-100-de","16":"first","17":"instock","18":"featured","19":"taxable","20":"shipping-taxable","21":"purchasable","22":"product-type-simple"},"exclude_global_add_ons":[],"addons":[],"acf":[],"yoast_head":"<!-- This site is optimized with the Yoast SEO plugin v26.4 - https:\/\/yoast.com\/wordpress\/plugins\/seo\/ -->\n<title>Muted Sitzauflage Dunkelgrau - H\u00fcbsch<\/title>\n<meta name=\"description\" content=\"Eine ideale Wahl, um Ihrem Esszimmerstuhl oder Ihrer Bank zus\u00e4tzlichen Komfort zu verleihen \u2013 die Muted Sitzauflage. Hergestellt aus strapazierf\u00e4higem\" \/>\n<meta name=\"robots\" content=\"index, follow, max-snippet:-1, max-image-preview:large, max-video-preview:-1\" \/>\n<link rel=\"canonical\" href=\"https:\/\/hubsch-interior.com\/de\/wp-json\/wp\/v2\/product\/1008651\" \/>\n<meta property=\"og:locale\" content=\"de_DE\" \/>\n<meta property=\"og:type\" content=\"article\" \/>\n<meta property=\"og:title\" content=\"Muted Sitzauflage Dunkelgrau - H\u00fcbsch\" \/>\n<meta property=\"og:description\" content=\"Eine ideale Wahl, um Ihrem Esszimmerstuhl oder Ihrer Bank zus\u00e4tzlichen Komfort zu verleihen \u2013 die Muted Sitzauflage. Hergestellt aus strapazierf\u00e4higem\" \/>\n<meta property=\"og:url\" content=\"https:\/\/hubsch-interior.com\/de\/produkt\/muted-sitzauflage-dunkelgrau\/\" \/>\n<meta property=\"og:site_name\" content=\"H\u00fcbsch\" \/>\n<meta property=\"article:modified_time\" content=\"2026-04-11T02:20:42+00:00\" \/>\n<meta property=\"og:image\" content=\"https:\/\/hubsch-interior.com\/wp-content\/uploads\/2025\/01\/muted-seat-cushion-dark-grey-0300f085aeed245069da53a555fe85ad.jpg\" \/>\n\t<meta property=\"og:image:width\" content=\"1200\" \/>\n\t<meta property=\"og:image:height\" content=\"1200\" \/>\n\t<meta property=\"og:image:type\" content=\"image\/jpeg\" \/>\n<meta name=\"twitter:card\" content=\"summary_large_image\" \/>\n<script type=\"application\/ld+json\" class=\"yoast-schema-graph\">{\"@context\":\"https:\/\/schema.org\",\"@graph\":[{\"@type\":\"WebPage\",\"@id\":\"https:\/\/hubsch-interior.com\/de\/produkt\/muted-sitzauflage-dunkelgrau\/\",\"url\":\"https:\/\/hubsch-interior.com\/de\/produkt\/muted-sitzauflage-dunkelgrau\/\",\"name\":\"Muted Sitzauflage Dunkelgrau - H\u00fcbsch\",\"isPartOf\":{\"@id\":\"https:\/\/hubsch-interior.com\/de\/#website\"},\"primaryImageOfPage\":{\"@id\":\"https:\/\/hubsch-interior.com\/de\/produkt\/muted-sitzauflage-dunkelgrau\/#primaryimage\"},\"image\":{\"@id\":\"https:\/\/hubsch-interior.com\/de\/produkt\/muted-sitzauflage-dunkelgrau\/#primaryimage\"},\"thumbnailUrl\":\"https:\/\/hubsch-interior.com\/wp-content\/uploads\/2026\/02\/muted-seat-cushion-dark-grey-a510bf7306d261375f3dfa19d9a71ebd.jpg\",\"datePublished\":\"2025-01-24T08:25:55+00:00\",\"dateModified\":\"2026-04-11T02:20:42+00:00\",\"description\":\"Eine ideale Wahl, um Ihrem Esszimmerstuhl oder Ihrer Bank zus\u00e4tzlichen Komfort zu verleihen \u2013 die Muted Sitzauflage. Hergestellt aus strapazierf\u00e4higem\",\"breadcrumb\":{\"@id\":\"https:\/\/hubsch-interior.com\/de\/produkt\/muted-sitzauflage-dunkelgrau\/#breadcrumb\"},\"inLanguage\":\"de\",\"potentialAction\":[{\"@type\":\"ReadAction\",\"target\":[\"https:\/\/hubsch-interior.com\/de\/produkt\/muted-sitzauflage-dunkelgrau\/\"]}]},{\"@type\":\"ImageObject\",\"inLanguage\":\"de\",\"@id\":\"https:\/\/hubsch-interior.com\/de\/produkt\/muted-sitzauflage-dunkelgrau\/#primaryimage\",\"url\":\"https:\/\/hubsch-interior.com\/wp-content\/uploads\/2026\/02\/muted-seat-cushion-dark-grey-a510bf7306d261375f3dfa19d9a71ebd.jpg\",\"contentUrl\":\"https:\/\/hubsch-interior.com\/wp-content\/uploads\/2026\/02\/muted-seat-cushion-dark-grey-a510bf7306d261375f3dfa19d9a71ebd.jpg\",\"width\":1024,\"height\":1024},{\"@type\":\"BreadcrumbList\",\"@id\":\"https:\/\/hubsch-interior.com\/de\/produkt\/muted-sitzauflage-dunkelgrau\/#breadcrumb\",\"itemListElement\":[{\"@type\":\"ListItem\",\"position\":1,\"name\":\"Startseite\",\"item\":\"https:\/\/hubsch-interior.com\/de\/\"},{\"@type\":\"ListItem\",\"position\":2,\"name\":\"Produkte\",\"item\":\"https:\/\/hubsch-interior.com\/de\/shop-2\/\"},{\"@type\":\"ListItem\",\"position\":3,\"name\":\"Textilien\",\"item\":\"https:\/\/hubsch-interior.com\/de\/produkt-kategorie\/textilien\/\"},{\"@type\":\"ListItem\",\"position\":4,\"name\":\"Kissen\",\"item\":\"https:\/\/hubsch-interior.com\/de\/produkt-kategorie\/textilien\/kissen-de\/\"},{\"@type\":\"ListItem\",\"position\":5,\"name\":\"Muted Sitzauflage Dunkelgrau\"}]},{\"@type\":\"WebSite\",\"@id\":\"https:\/\/hubsch-interior.com\/de\/#website\",\"url\":\"https:\/\/hubsch-interior.com\/de\/\",\"name\":\"H\u00fcbsch\",\"description\":\"Danish Home Interior and Design\",\"publisher\":{\"@id\":\"https:\/\/hubsch-interior.com\/de\/#organization\"},\"potentialAction\":[{\"@type\":\"SearchAction\",\"target\":{\"@type\":\"EntryPoint\",\"urlTemplate\":\"https:\/\/hubsch-interior.com\/de\/?s={search_term_string}\"},\"query-input\":{\"@type\":\"PropertyValueSpecification\",\"valueRequired\":true,\"valueName\":\"search_term_string\"}}],\"inLanguage\":\"de\"},{\"@type\":\"Organization\",\"@id\":\"https:\/\/hubsch-interior.com\/de\/#organization\",\"name\":\"H\u00fcbsch\",\"url\":\"https:\/\/hubsch-interior.com\/de\/\",\"logo\":{\"@type\":\"ImageObject\",\"inLanguage\":\"de\",\"@id\":\"https:\/\/hubsch-interior.com\/de\/#\/schema\/logo\/image\/\",\"url\":\"https:\/\/hubsch-interior.com\/wp-content\/uploads\/2022\/12\/Hubsch_logo_black_one_line.svg\",\"contentUrl\":\"https:\/\/hubsch-interior.com\/wp-content\/uploads\/2022\/12\/Hubsch_logo_black_one_line.svg\",\"caption\":\"H\u00fcbsch\"},\"image\":{\"@id\":\"https:\/\/hubsch-interior.com\/de\/#\/schema\/logo\/image\/\"}}]}<\/script>\n<!-- \/ Yoast SEO plugin. -->","yoast_head_json":{"title":"Muted Sitzauflage Dunkelgrau - H\u00fcbsch","description":"Eine ideale Wahl, um Ihrem Esszimmerstuhl oder Ihrer Bank zus\u00e4tzlichen Komfort zu verleihen \u2013 die Muted Sitzauflage. Hergestellt aus strapazierf\u00e4higem","robots":{"index":"index","follow":"follow","max-snippet":"max-snippet:-1","max-image-preview":"max-image-preview:large","max-video-preview":"max-video-preview:-1"},"canonical":"https:\/\/hubsch-interior.com\/de\/wp-json\/wp\/v2\/product\/1008651","og_locale":"de_DE","og_type":"article","og_title":"Muted Sitzauflage Dunkelgrau - H\u00fcbsch","og_description":"Eine ideale Wahl, um Ihrem Esszimmerstuhl oder Ihrer Bank zus\u00e4tzlichen Komfort zu verleihen \u2013 die Muted Sitzauflage. Hergestellt aus strapazierf\u00e4higem","og_url":"https:\/\/hubsch-interior.com\/de\/produkt\/muted-sitzauflage-dunkelgrau\/","og_site_name":"H\u00fcbsch","article_modified_time":"2026-04-11T02:20:42+00:00","og_image":[{"width":1200,"height":1200,"url":"https:\/\/hubsch-interior.com\/wp-content\/uploads\/2025\/01\/muted-seat-cushion-dark-grey-0300f085aeed245069da53a555fe85ad.jpg","type":"image\/jpeg"}],"twitter_card":"summary_large_image","schema":{"@context":"https:\/\/schema.org","@graph":[{"@type":"WebPage","@id":"https:\/\/hubsch-interior.com\/de\/produkt\/muted-sitzauflage-dunkelgrau\/","url":"https:\/\/hubsch-interior.com\/de\/produkt\/muted-sitzauflage-dunkelgrau\/","name":"Muted Sitzauflage Dunkelgrau - H\u00fcbsch","isPartOf":{"@id":"https:\/\/hubsch-interior.com\/de\/#website"},"primaryImageOfPage":{"@id":"https:\/\/hubsch-interior.com\/de\/produkt\/muted-sitzauflage-dunkelgrau\/#primaryimage"},"image":{"@id":"https:\/\/hubsch-interior.com\/de\/produkt\/muted-sitzauflage-dunkelgrau\/#primaryimage"},"thumbnailUrl":"https:\/\/hubsch-interior.com\/wp-content\/uploads\/2026\/02\/muted-seat-cushion-dark-grey-a510bf7306d261375f3dfa19d9a71ebd.jpg","datePublished":"2025-01-24T08:25:55+00:00","dateModified":"2026-04-11T02:20:42+00:00","description":"Eine ideale Wahl, um Ihrem Esszimmerstuhl oder Ihrer Bank zus\u00e4tzlichen Komfort zu verleihen \u2013 die Muted Sitzauflage. Hergestellt aus strapazierf\u00e4higem","breadcrumb":{"@id":"https:\/\/hubsch-interior.com\/de\/produkt\/muted-sitzauflage-dunkelgrau\/#breadcrumb"},"inLanguage":"de","potentialAction":[{"@type":"ReadAction","target":["https:\/\/hubsch-interior.com\/de\/produkt\/muted-sitzauflage-dunkelgrau\/"]}]},{"@type":"ImageObject","inLanguage":"de","@id":"https:\/\/hubsch-interior.com\/de\/produkt\/muted-sitzauflage-dunkelgrau\/#primaryimage","url":"https:\/\/hubsch-interior.com\/wp-content\/uploads\/2026\/02\/muted-seat-cushion-dark-grey-a510bf7306d261375f3dfa19d9a71ebd.jpg","contentUrl":"https:\/\/hubsch-interior.com\/wp-content\/uploads\/2026\/02\/muted-seat-cushion-dark-grey-a510bf7306d261375f3dfa19d9a71ebd.jpg","width":1024,"height":1024},{"@type":"BreadcrumbList","@id":"https:\/\/hubsch-interior.com\/de\/produkt\/muted-sitzauflage-dunkelgrau\/#breadcrumb","itemListElement":[{"@type":"ListItem","position":1,"name":"Startseite","item":"https:\/\/hubsch-interior.com\/de\/"},{"@type":"ListItem","position":2,"name":"Produkte","item":"https:\/\/hubsch-interior.com\/de\/shop-2\/"},{"@type":"ListItem","position":3,"name":"Textilien","item":"https:\/\/hubsch-interior.com\/de\/produkt-kategorie\/textilien\/"},{"@type":"ListItem","position":4,"name":"Kissen","item":"https:\/\/hubsch-interior.com\/de\/produkt-kategorie\/textilien\/kissen-de\/"},{"@type":"ListItem","position":5,"name":"Muted Sitzauflage Dunkelgrau"}]},{"@type":"WebSite","@id":"https:\/\/hubsch-interior.com\/de\/#website","url":"https:\/\/hubsch-interior.com\/de\/","name":"H\u00fcbsch","description":"Danish Home Interior and Design","publisher":{"@id":"https:\/\/hubsch-interior.com\/de\/#organization"},"potentialAction":[{"@type":"SearchAction","target":{"@type":"EntryPoint","urlTemplate":"https:\/\/hubsch-interior.com\/de\/?s={search_term_string}"},"query-input":{"@type":"PropertyValueSpecification","valueRequired":true,"valueName":"search_term_string"}}],"inLanguage":"de"},{"@type":"Organization","@id":"https:\/\/hubsch-interior.com\/de\/#organization","name":"H\u00fcbsch","url":"https:\/\/hubsch-interior.com\/de\/","logo":{"@type":"ImageObject","inLanguage":"de","@id":"https:\/\/hubsch-interior.com\/de\/#\/schema\/logo\/image\/","url":"https:\/\/hubsch-interior.com\/wp-content\/uploads\/2022\/12\/Hubsch_logo_black_one_line.svg","contentUrl":"https:\/\/hubsch-interior.com\/wp-content\/uploads\/2022\/12\/Hubsch_logo_black_one_line.svg","caption":"H\u00fcbsch"},"image":{"@id":"https:\/\/hubsch-interior.com\/de\/#\/schema\/logo\/image\/"}}]}},"_links":{"self":[{"href":"https:\/\/hubsch-interior.com\/de\/wp-json\/wp\/v2\/product\/1008651","targetHints":{"allow":["GET"]}}],"collection":[{"href":"https:\/\/hubsch-interior.com\/de\/wp-json\/wp\/v2\/product"}],"about":[{"href":"https:\/\/hubsch-interior.com\/de\/wp-json\/wp\/v2\/types\/product"}],"wp:featuredmedia":[{"embeddable":true,"href":"https:\/\/hubsch-interior.com\/de\/wp-json\/wp\/v2\/media\/1094554"}],"wp:attachment":[{"href":"https:\/\/hubsch-interior.com\/de\/wp-json\/wp\/v2\/media?parent=1008651"}],"wp:term":[{"taxonomy":"product_brand","embeddable":true,"href":"https:\/\/hubsch-interior.com\/de\/wp-json\/wp\/v2\/product_brand?post=1008651"},{"taxonomy":"product_cat","embeddable":true,"href":"https:\/\/hubsch-interior.com\/de\/wp-json\/wp\/v2\/product_cat?post=1008651"},{"taxonomy":"product_tag","embeddable":true,"href":"https:\/\/hubsch-interior.com\/de\/wp-json\/wp\/v2\/product_tag?post=1008651"}],"curies":[{"name":"wp","href":"https:\/\/api.w.org\/{rel}","templated":true}]}}