{"id":1008675,"date":"2025-01-24T09:26:42","date_gmt":"2025-01-24T08:26:42","guid":{"rendered":"https:\/\/hubsch-interior.com\/product\/product\/"},"modified":"2026-04-05T04:21:25","modified_gmt":"2026-04-05T02:21:25","slug":"marshmellow-pouf-large-hellgrun","status":"publish","type":"product","link":"https:\/\/hubsch-interior.com\/de\/produkt\/marshmellow-pouf-large-hellgrun\/","title":{"rendered":"Marshmellow Pouf Large Hellgr\u00fcn"},"content":{"rendered":"<p>Stellen Sie den Marshmellow Pouf vor \u2013 einen klassischen Pouf, der Stil und Funktionalit\u00e4t m\u00fchelos vereint. Erh\u00e4ltlich in drei bezaubernden Varianten, ist dieses M\u00f6belst\u00fcck aus hochwertigem Polyester gefertigt, was Langlebigkeit und Pflegeleichtigkeit garantiert. Ob Sie einen bequemen Zusatzsitz oder eine stabile Fu\u00dfst\u00fctze suchen, dieser Pouf bietet beides und ist somit eine perfekte Erg\u00e4nzung f\u00fcr Ihren Wohnbereich. Ideal f\u00fcr gem\u00fctliche Abende oder als reizender Akzent in jedem Raum.<\/p>\n","protected":false},"excerpt":{"rendered":"<p>Stellen Sie den Marshmellow Pouf vor \u2013 einen klassischen Pouf, der Stil und Funktionalit\u00e4t m\u00fchelos vereint. Erh\u00e4ltlich in drei bezaubernden Varianten, ist dieses M\u00f6belst\u00fcck aus hochwertigem Polyester gefertigt, was Langlebigkeit und Pflegeleichtigkeit garantiert. Ob Sie einen bequemen Zusatzsitz oder eine stabile Fu\u00dfst\u00fctze suchen, dieser Pouf bietet beides und ist somit eine perfekte Erg\u00e4nzung f\u00fcr Ihren [&hellip;]<\/p>\n","protected":false},"featured_media":1094578,"template":"","meta":{"_acf_changed":false,"inline_featured_image":false},"product_brand":[],"product_cat":[6998,2845,5458,5027],"product_tag":[],"class_list":{"0":"post-1008675","1":"product","2":"type-product","3":"status-publish","4":"has-post-thumbnail","6":"product_cat-the-buzz-de","7":"product_cat-sitzmoebel-de","8":"product_cat-poufs-de","9":"product_cat-bestsellers-de","10":"product_shipping_class-pk","11":"pa_color-hellgrn-2","12":"pa_material-polyester-100-de","14":"first","15":"outofstock","16":"featured","17":"taxable","18":"shipping-taxable","19":"purchasable","20":"product-type-simple"},"exclude_global_add_ons":[],"addons":[],"acf":[],"yoast_head":"<!-- This site is optimized with the Yoast SEO plugin v26.4 - https:\/\/yoast.com\/wordpress\/plugins\/seo\/ -->\n<title>Marshmellow Pouf Large Hellgr\u00fcn - H\u00fcbsch<\/title>\n<meta name=\"description\" content=\"Stellen Sie den Marshmellow Pouf vor \u2013 einen klassischen Pouf, der Stil und Funktionalit\u00e4t m\u00fchelos vereint. Erh\u00e4ltlich in drei bezaubernden Varianten, ist\" \/>\n<meta name=\"robots\" content=\"index, follow, max-snippet:-1, max-image-preview:large, max-video-preview:-1\" \/>\n<link rel=\"canonical\" href=\"https:\/\/hubsch-interior.com\/de\/wp-json\/wp\/v2\/product\/1008675\" \/>\n<meta property=\"og:locale\" content=\"de_DE\" \/>\n<meta property=\"og:type\" content=\"article\" \/>\n<meta property=\"og:title\" content=\"Marshmellow Pouf Large Hellgr\u00fcn - H\u00fcbsch\" \/>\n<meta property=\"og:description\" content=\"Stellen Sie den Marshmellow Pouf vor \u2013 einen klassischen Pouf, der Stil und Funktionalit\u00e4t m\u00fchelos vereint. Erh\u00e4ltlich in drei bezaubernden Varianten, ist\" \/>\n<meta property=\"og:url\" content=\"https:\/\/hubsch-interior.com\/de\/produkt\/marshmellow-pouf-large-hellgrun\/\" \/>\n<meta property=\"og:site_name\" content=\"H\u00fcbsch\" \/>\n<meta property=\"article:modified_time\" content=\"2026-04-05T02:21:25+00:00\" \/>\n<meta property=\"og:image\" content=\"https:\/\/hubsch-interior.com\/wp-content\/uploads\/2025\/04\/marshmellow-pouffe-large-light-green-6cfd20776a4c7757cd1a8e38d819a5ae.jpg\" \/>\n\t<meta property=\"og:image:width\" content=\"1200\" \/>\n\t<meta property=\"og:image:height\" content=\"1200\" \/>\n\t<meta property=\"og:image:type\" content=\"image\/jpeg\" \/>\n<meta name=\"twitter:card\" content=\"summary_large_image\" \/>\n<script type=\"application\/ld+json\" class=\"yoast-schema-graph\">{\"@context\":\"https:\/\/schema.org\",\"@graph\":[{\"@type\":\"WebPage\",\"@id\":\"https:\/\/hubsch-interior.com\/de\/produkt\/marshmellow-pouf-large-hellgrun\/\",\"url\":\"https:\/\/hubsch-interior.com\/de\/produkt\/marshmellow-pouf-large-hellgrun\/\",\"name\":\"Marshmellow Pouf Large Hellgr\u00fcn - H\u00fcbsch\",\"isPartOf\":{\"@id\":\"https:\/\/hubsch-interior.com\/de\/#website\"},\"primaryImageOfPage\":{\"@id\":\"https:\/\/hubsch-interior.com\/de\/produkt\/marshmellow-pouf-large-hellgrun\/#primaryimage\"},\"image\":{\"@id\":\"https:\/\/hubsch-interior.com\/de\/produkt\/marshmellow-pouf-large-hellgrun\/#primaryimage\"},\"thumbnailUrl\":\"https:\/\/hubsch-interior.com\/wp-content\/uploads\/2026\/02\/marshmellow-pouffe-large-light-green-ea30177b8ef03706103818bc5ecc6734.jpg\",\"datePublished\":\"2025-01-24T08:26:42+00:00\",\"dateModified\":\"2026-04-05T02:21:25+00:00\",\"description\":\"Stellen Sie den Marshmellow Pouf vor \u2013 einen klassischen Pouf, der Stil und Funktionalit\u00e4t m\u00fchelos vereint. Erh\u00e4ltlich in drei bezaubernden Varianten, ist\",\"breadcrumb\":{\"@id\":\"https:\/\/hubsch-interior.com\/de\/produkt\/marshmellow-pouf-large-hellgrun\/#breadcrumb\"},\"inLanguage\":\"de\",\"potentialAction\":[{\"@type\":\"ReadAction\",\"target\":[\"https:\/\/hubsch-interior.com\/de\/produkt\/marshmellow-pouf-large-hellgrun\/\"]}]},{\"@type\":\"ImageObject\",\"inLanguage\":\"de\",\"@id\":\"https:\/\/hubsch-interior.com\/de\/produkt\/marshmellow-pouf-large-hellgrun\/#primaryimage\",\"url\":\"https:\/\/hubsch-interior.com\/wp-content\/uploads\/2026\/02\/marshmellow-pouffe-large-light-green-ea30177b8ef03706103818bc5ecc6734.jpg\",\"contentUrl\":\"https:\/\/hubsch-interior.com\/wp-content\/uploads\/2026\/02\/marshmellow-pouffe-large-light-green-ea30177b8ef03706103818bc5ecc6734.jpg\",\"width\":1024,\"height\":1024},{\"@type\":\"BreadcrumbList\",\"@id\":\"https:\/\/hubsch-interior.com\/de\/produkt\/marshmellow-pouf-large-hellgrun\/#breadcrumb\",\"itemListElement\":[{\"@type\":\"ListItem\",\"position\":1,\"name\":\"Startseite\",\"item\":\"https:\/\/hubsch-interior.com\/de\/\"},{\"@type\":\"ListItem\",\"position\":2,\"name\":\"Produkte\",\"item\":\"https:\/\/hubsch-interior.com\/de\/shop-2\/\"},{\"@type\":\"ListItem\",\"position\":3,\"name\":\"M\u00f6bel\",\"item\":\"https:\/\/hubsch-interior.com\/de\/produkt-kategorie\/moebel\/\"},{\"@type\":\"ListItem\",\"position\":4,\"name\":\"Sitzm&ouml;bel\",\"item\":\"https:\/\/hubsch-interior.com\/de\/produkt-kategorie\/moebel\/sitzmoebel-de\/\"},{\"@type\":\"ListItem\",\"position\":5,\"name\":\"Poufs\",\"item\":\"https:\/\/hubsch-interior.com\/de\/produkt-kategorie\/moebel\/sitzmoebel-de\/poufs-de\/\"},{\"@type\":\"ListItem\",\"position\":6,\"name\":\"Marshmellow Pouf Large Hellgr\u00fcn\"}]},{\"@type\":\"WebSite\",\"@id\":\"https:\/\/hubsch-interior.com\/de\/#website\",\"url\":\"https:\/\/hubsch-interior.com\/de\/\",\"name\":\"H\u00fcbsch\",\"description\":\"Danish Home Interior and Design\",\"publisher\":{\"@id\":\"https:\/\/hubsch-interior.com\/de\/#organization\"},\"potentialAction\":[{\"@type\":\"SearchAction\",\"target\":{\"@type\":\"EntryPoint\",\"urlTemplate\":\"https:\/\/hubsch-interior.com\/de\/?s={search_term_string}\"},\"query-input\":{\"@type\":\"PropertyValueSpecification\",\"valueRequired\":true,\"valueName\":\"search_term_string\"}}],\"inLanguage\":\"de\"},{\"@type\":\"Organization\",\"@id\":\"https:\/\/hubsch-interior.com\/de\/#organization\",\"name\":\"H\u00fcbsch\",\"url\":\"https:\/\/hubsch-interior.com\/de\/\",\"logo\":{\"@type\":\"ImageObject\",\"inLanguage\":\"de\",\"@id\":\"https:\/\/hubsch-interior.com\/de\/#\/schema\/logo\/image\/\",\"url\":\"https:\/\/hubsch-interior.com\/wp-content\/uploads\/2022\/12\/Hubsch_logo_black_one_line.svg\",\"contentUrl\":\"https:\/\/hubsch-interior.com\/wp-content\/uploads\/2022\/12\/Hubsch_logo_black_one_line.svg\",\"caption\":\"H\u00fcbsch\"},\"image\":{\"@id\":\"https:\/\/hubsch-interior.com\/de\/#\/schema\/logo\/image\/\"}}]}<\/script>\n<!-- \/ Yoast SEO plugin. -->","yoast_head_json":{"title":"Marshmellow Pouf Large Hellgr\u00fcn - H\u00fcbsch","description":"Stellen Sie den Marshmellow Pouf vor \u2013 einen klassischen Pouf, der Stil und Funktionalit\u00e4t m\u00fchelos vereint. Erh\u00e4ltlich in drei bezaubernden Varianten, ist","robots":{"index":"index","follow":"follow","max-snippet":"max-snippet:-1","max-image-preview":"max-image-preview:large","max-video-preview":"max-video-preview:-1"},"canonical":"https:\/\/hubsch-interior.com\/de\/wp-json\/wp\/v2\/product\/1008675","og_locale":"de_DE","og_type":"article","og_title":"Marshmellow Pouf Large Hellgr\u00fcn - H\u00fcbsch","og_description":"Stellen Sie den Marshmellow Pouf vor \u2013 einen klassischen Pouf, der Stil und Funktionalit\u00e4t m\u00fchelos vereint. Erh\u00e4ltlich in drei bezaubernden Varianten, ist","og_url":"https:\/\/hubsch-interior.com\/de\/produkt\/marshmellow-pouf-large-hellgrun\/","og_site_name":"H\u00fcbsch","article_modified_time":"2026-04-05T02:21:25+00:00","og_image":[{"width":1200,"height":1200,"url":"https:\/\/hubsch-interior.com\/wp-content\/uploads\/2025\/04\/marshmellow-pouffe-large-light-green-6cfd20776a4c7757cd1a8e38d819a5ae.jpg","type":"image\/jpeg"}],"twitter_card":"summary_large_image","schema":{"@context":"https:\/\/schema.org","@graph":[{"@type":"WebPage","@id":"https:\/\/hubsch-interior.com\/de\/produkt\/marshmellow-pouf-large-hellgrun\/","url":"https:\/\/hubsch-interior.com\/de\/produkt\/marshmellow-pouf-large-hellgrun\/","name":"Marshmellow Pouf Large Hellgr\u00fcn - H\u00fcbsch","isPartOf":{"@id":"https:\/\/hubsch-interior.com\/de\/#website"},"primaryImageOfPage":{"@id":"https:\/\/hubsch-interior.com\/de\/produkt\/marshmellow-pouf-large-hellgrun\/#primaryimage"},"image":{"@id":"https:\/\/hubsch-interior.com\/de\/produkt\/marshmellow-pouf-large-hellgrun\/#primaryimage"},"thumbnailUrl":"https:\/\/hubsch-interior.com\/wp-content\/uploads\/2026\/02\/marshmellow-pouffe-large-light-green-ea30177b8ef03706103818bc5ecc6734.jpg","datePublished":"2025-01-24T08:26:42+00:00","dateModified":"2026-04-05T02:21:25+00:00","description":"Stellen Sie den Marshmellow Pouf vor \u2013 einen klassischen Pouf, der Stil und Funktionalit\u00e4t m\u00fchelos vereint. Erh\u00e4ltlich in drei bezaubernden Varianten, ist","breadcrumb":{"@id":"https:\/\/hubsch-interior.com\/de\/produkt\/marshmellow-pouf-large-hellgrun\/#breadcrumb"},"inLanguage":"de","potentialAction":[{"@type":"ReadAction","target":["https:\/\/hubsch-interior.com\/de\/produkt\/marshmellow-pouf-large-hellgrun\/"]}]},{"@type":"ImageObject","inLanguage":"de","@id":"https:\/\/hubsch-interior.com\/de\/produkt\/marshmellow-pouf-large-hellgrun\/#primaryimage","url":"https:\/\/hubsch-interior.com\/wp-content\/uploads\/2026\/02\/marshmellow-pouffe-large-light-green-ea30177b8ef03706103818bc5ecc6734.jpg","contentUrl":"https:\/\/hubsch-interior.com\/wp-content\/uploads\/2026\/02\/marshmellow-pouffe-large-light-green-ea30177b8ef03706103818bc5ecc6734.jpg","width":1024,"height":1024},{"@type":"BreadcrumbList","@id":"https:\/\/hubsch-interior.com\/de\/produkt\/marshmellow-pouf-large-hellgrun\/#breadcrumb","itemListElement":[{"@type":"ListItem","position":1,"name":"Startseite","item":"https:\/\/hubsch-interior.com\/de\/"},{"@type":"ListItem","position":2,"name":"Produkte","item":"https:\/\/hubsch-interior.com\/de\/shop-2\/"},{"@type":"ListItem","position":3,"name":"M\u00f6bel","item":"https:\/\/hubsch-interior.com\/de\/produkt-kategorie\/moebel\/"},{"@type":"ListItem","position":4,"name":"Sitzm&ouml;bel","item":"https:\/\/hubsch-interior.com\/de\/produkt-kategorie\/moebel\/sitzmoebel-de\/"},{"@type":"ListItem","position":5,"name":"Poufs","item":"https:\/\/hubsch-interior.com\/de\/produkt-kategorie\/moebel\/sitzmoebel-de\/poufs-de\/"},{"@type":"ListItem","position":6,"name":"Marshmellow Pouf Large Hellgr\u00fcn"}]},{"@type":"WebSite","@id":"https:\/\/hubsch-interior.com\/de\/#website","url":"https:\/\/hubsch-interior.com\/de\/","name":"H\u00fcbsch","description":"Danish Home Interior and Design","publisher":{"@id":"https:\/\/hubsch-interior.com\/de\/#organization"},"potentialAction":[{"@type":"SearchAction","target":{"@type":"EntryPoint","urlTemplate":"https:\/\/hubsch-interior.com\/de\/?s={search_term_string}"},"query-input":{"@type":"PropertyValueSpecification","valueRequired":true,"valueName":"search_term_string"}}],"inLanguage":"de"},{"@type":"Organization","@id":"https:\/\/hubsch-interior.com\/de\/#organization","name":"H\u00fcbsch","url":"https:\/\/hubsch-interior.com\/de\/","logo":{"@type":"ImageObject","inLanguage":"de","@id":"https:\/\/hubsch-interior.com\/de\/#\/schema\/logo\/image\/","url":"https:\/\/hubsch-interior.com\/wp-content\/uploads\/2022\/12\/Hubsch_logo_black_one_line.svg","contentUrl":"https:\/\/hubsch-interior.com\/wp-content\/uploads\/2022\/12\/Hubsch_logo_black_one_line.svg","caption":"H\u00fcbsch"},"image":{"@id":"https:\/\/hubsch-interior.com\/de\/#\/schema\/logo\/image\/"}}]}},"_links":{"self":[{"href":"https:\/\/hubsch-interior.com\/de\/wp-json\/wp\/v2\/product\/1008675","targetHints":{"allow":["GET"]}}],"collection":[{"href":"https:\/\/hubsch-interior.com\/de\/wp-json\/wp\/v2\/product"}],"about":[{"href":"https:\/\/hubsch-interior.com\/de\/wp-json\/wp\/v2\/types\/product"}],"wp:featuredmedia":[{"embeddable":true,"href":"https:\/\/hubsch-interior.com\/de\/wp-json\/wp\/v2\/media\/1094578"}],"wp:attachment":[{"href":"https:\/\/hubsch-interior.com\/de\/wp-json\/wp\/v2\/media?parent=1008675"}],"wp:term":[{"taxonomy":"product_brand","embeddable":true,"href":"https:\/\/hubsch-interior.com\/de\/wp-json\/wp\/v2\/product_brand?post=1008675"},{"taxonomy":"product_cat","embeddable":true,"href":"https:\/\/hubsch-interior.com\/de\/wp-json\/wp\/v2\/product_cat?post=1008675"},{"taxonomy":"product_tag","embeddable":true,"href":"https:\/\/hubsch-interior.com\/de\/wp-json\/wp\/v2\/product_tag?post=1008675"}],"curies":[{"name":"wp","href":"https:\/\/api.w.org\/{rel}","templated":true}]}}